{"id":46300,"date":"2023-06-26T11:34:16","date_gmt":"2023-06-26T09:34:16","guid":{"rendered":"https:\/\/clarijs-fietstassen.nl\/ueber-uns\/"},"modified":"2025-10-15T13:28:36","modified_gmt":"2025-10-15T11:28:36","slug":"ueber-uns","status":"publish","type":"page","link":"https:\/\/clarijs-fietstassen.nl\/de\/ueber-uns\/","title":{"rendered":"\u00dcber uns"},"content":{"rendered":"<p>[et_pb_section fb_built=&#8221;1&#8243; _builder_version=&#8221;4.27.4&#8243; _module_preset=&#8221;default&#8221; background_color=&#8221;gcid-8bf9dfb9-5f3c-44e9-bd10-9e94aab0729c&#8221; hover_enabled=&#8221;0&#8243; border_width_bottom=&#8221;1px&#8221; global_colors_info=&#8221;{%22gcid-8bf9dfb9-5f3c-44e9-bd10-9e94aab0729c%22:%91%22background_color%22%93}&#8221; sticky_enabled=&#8221;0&#8243;][et_pb_row _builder_version=&#8221;4.21.0&#8243; _module_preset=&#8221;default&#8221; global_colors_info=&#8221;{}&#8221;][et_pb_column type=&#8221;4_4&#8243; _builder_version=&#8221;4.21.0&#8243; _module_preset=&#8221;default&#8221; global_colors_info=&#8221;{}&#8221;][et_pb_text _builder_version=&#8221;4.21.0&#8243; _module_preset=&#8221;default&#8221; global_colors_info=&#8221;{}&#8221;]<\/p>\n<div class=\"wpb_text_column wpb_content_element \">\n<div class=\"wpb_wrapper\">\n<div class=\"wpb_text_column wpb_content_element \">\n<div class=\"wpb_wrapper\">\n<h1><strong>\u00dcber Clarijs<\/strong><\/h1>\n<\/div>\n<\/div>\n<div class=\"wpb_text_column wpb_content_element \">\n<div class=\"wpb_wrapper\">\n<p>Handwerkskunst und Qualit\u00e4t seit 1948. Erfahren Sie mehr \u00fcber Clarijs, was ist unsere Geschichte? Wie wir Nachhaltigkeit, Handwerk und Qualit\u00e4t zusammenbringen, um ein Endergebnis zu erzielen.  <\/p>\n<\/div>\n<\/div>\n<\/div>\n<\/div>\n<p>[\/et_pb_text][\/et_pb_column][\/et_pb_row][\/et_pb_section][et_pb_section fb_built=&#8221;1&#8243; _builder_version=&#8221;4.27.0&#8243; _module_preset=&#8221;default&#8221; global_colors_info=&#8221;{}&#8221;][et_pb_row column_structure=&#8221;3_5,2_5&#8243; _builder_version=&#8221;4.21.0&#8243; _module_preset=&#8221;default&#8221; global_colors_info=&#8221;{}&#8221;][et_pb_column type=&#8221;3_5&#8243; _builder_version=&#8221;4.21.0&#8243; _module_preset=&#8221;default&#8221; global_colors_info=&#8221;{}&#8221;][et_pb_text _builder_version=&#8221;4.27.0&#8243; _module_preset=&#8221;default&#8221; header_2_font_size=&#8221;28px&#8221; global_colors_info=&#8221;{}&#8221;]<\/p>\n<h2><strong>Die Geschichte von Clarijs<\/strong><\/h2>\n<p>Clarijs ist ein traditionelles Familienunternehmen, das 1948 in Zeeland, Niederlande, von den Br\u00fcdern Clarijs gegr\u00fcndet wurde. Urspr\u00fcnglich als Sattlerei gestartet, entwickelte sich das Unternehmen schnell zu einem Spezialisten f\u00fcr die Verarbeitung von Segeltuch und verwandten Produkten. Als die Nachfrage nach Lederwaren zur\u00fcckging, verlegten wir unseren Fokus auf Fahrradtaschen und Schutzabdeckungen f\u00fcr Lastenr\u00e4der.  <\/p>\n<p>Heute wird Clarijs von der n\u00e4chsten Generation gef\u00fchrt und ist zu einer internationalen Marke gewachsen. Unsere handgefertigten Fahrradtaschen und Abdeckungen werden in mehr als 12 L\u00e4ndern verkauft, darunter Kanada und die Vereinigten Staaten. Trotz unseres Wachstums bleiben unsere Grundwerte unver\u00e4ndert: Handwerkskunst, Qualit\u00e4t und Leidenschaft f\u00fcr zeitloses, handgefertigtes Design.  <\/p>\n<p>[\/et_pb_text][\/et_pb_column][et_pb_column type=&#8221;2_5&#8243; _builder_version=&#8221;4.21.0&#8243; _module_preset=&#8221;default&#8221; global_colors_info=&#8221;{}&#8221;][et_pb_image src=&#8221;https:\/\/clarijs-fietstassen.nl\/wp-content\/uploads\/2025\/06\/Clarijs_1925.jpg&#8221; alt=&#8221;Clarijs Covers: handgefertigte Fahrradtaschen, made in Holland&#8221; title_text=&#8221;Clarijs_1925&#8243; admin_label=&#8221;Afbeelding&#8221; _builder_version=&#8221;4.27.0&#8243; _module_preset=&#8221;default&#8221; border_color_all=&#8221;#c1c1c1&#8243; global_colors_info=&#8221;{}&#8221;][\/et_pb_image][\/et_pb_column][\/et_pb_row][et_pb_row column_structure=&#8221;1_2,1_2&#8243; _builder_version=&#8221;4.27.0&#8243; _module_preset=&#8221;default&#8221; custom_margin=&#8221;6px||||false|false&#8221; global_colors_info=&#8221;{}&#8221;][et_pb_column type=&#8221;1_2&#8243; _builder_version=&#8221;4.21.0&#8243; _module_preset=&#8221;default&#8221; global_colors_info=&#8221;{}&#8221;][et_pb_image src=&#8221;http:\/\/clarijs-fietstassen.nl\/wp-content\/uploads\/2023\/07\/Label-Tas-Clarijs-600&#215;450-1.png&#8221; alt=&#8221;Etikett Tasche Clarijs&#8221; title_text=&#8221;Label-Tas-Clarijs-600&#215;450&#8243; _builder_version=&#8221;4.21.0&#8243; _module_preset=&#8221;default&#8221; global_colors_info=&#8221;{}&#8221;][\/et_pb_image][\/et_pb_column][et_pb_column type=&#8221;1_2&#8243; _builder_version=&#8221;4.21.0&#8243; _module_preset=&#8221;default&#8221; global_colors_info=&#8221;{}&#8221;][et_pb_text _builder_version=&#8221;4.27.0&#8243; _module_preset=&#8221;default&#8221; header_2_font_size=&#8221;28px&#8221; custom_margin=&#8221;34px||||false|false&#8221; global_colors_info=&#8221;{}&#8221;]<\/p>\n<h2><strong><\/strong><\/h2>\n<h2><strong><\/strong><\/h2>\n<h2><strong>Nachhaltigkeit &amp; lokal hergestellt<\/strong><\/h2>\n<p data-start=\"997\" data-end=\"1271\">Bei Clarijs ist Nachhaltigkeit kein Trend, sondern Standard. Alle Materialien stammen aus der EU, und jedes Produkt wird von Hand in den Niederlanden gefertigt. Wir arbeiten bewusst mit sozialen Werkst\u00e4tten zusammen und tragen so zu einer besseren Umwelt und einer st\u00e4rkeren Gesellschaft bei.  <\/p>\n<p data-start=\"1273\" data-end=\"1545\">Immer \u00f6fter verwenden wir <a href=\"https:\/\/clarijs-fietstassen.nl\/de\/recycled-de\/\"><strong>reCYCLEd<\/strong> <\/a>Materialien wie LKW-Plane, Stretchzelte und Zuschnittreste aus unserer eigenen Produktion von Lastenrad-Abdeckungen. Das macht unsere Fahrradtaschen und Accessoires nicht nur einzigartig, sondern auch zu einer verantwortungsvollen Wahl. Funktional, stilvoll und zirkul\u00e4r.  <\/p>\n<p>[\/et_pb_text][\/et_pb_column][\/et_pb_row][et_pb_row column_structure=&#8221;3_5,2_5&#8243; _builder_version=&#8221;4.21.0&#8243; _module_preset=&#8221;default&#8221; global_colors_info=&#8221;{}&#8221;][et_pb_column type=&#8221;3_5&#8243; _builder_version=&#8221;4.21.0&#8243; _module_preset=&#8221;default&#8221; global_colors_info=&#8221;{}&#8221;][et_pb_text _builder_version=&#8221;4.27.0&#8243; _module_preset=&#8221;default&#8221; header_2_font_size=&#8221;28px&#8221; global_colors_info=&#8221;{}&#8221;]<\/p>\n<h2><strong>Produktion in Europa<\/strong><\/h2>\n<p data-start=\"216\" data-end=\"588\">F\u00fcr die Produktion in gr\u00f6\u00dferen St\u00fcckzahlen arbeiten wir mit vier spezialisierten Partnerbetrieben in Rum\u00e4nien zusammen. Diese Kooperationen erm\u00f6glichen es uns, hochwertige Fahrradtaschen und Accessoires f\u00fcr mehrere bekannte Marken herzustellen. Dabei k\u00f6nnen wir nicht nur preislich, sondern vor allem in Qualit\u00e4t und Zuverl\u00e4ssigkeit mit Herstellern aus Fernost mithalten.  <\/p>\n<p data-start=\"590\" data-end=\"833\">Unser Prozess ist flexibel und auf die Bed\u00fcrfnisse jedes Kunden zugeschnitten. <strong data-start=\"672\" data-end=\"751\">Auf Wunsch bieten wir auch individuelle Verpackungen mit Logos und Druckmaterialien an.<\/strong> Von der Produktion bis zum Endprodukt liefern wir komplette L\u00f6sungen \u201eMade in Europe\u201c.<\/p>\n<p>[\/et_pb_text][\/et_pb_column][et_pb_column type=&#8221;2_5&#8243; _builder_version=&#8221;4.21.0&#8243; _module_preset=&#8221;default&#8221; global_colors_info=&#8221;{}&#8221;][et_pb_image src=&#8221;https:\/\/clarijs-fietstassen.nl\/wp-content\/uploads\/2024\/06\/IMG_0625-1-scaled.jpg&#8221; alt=&#8221;Produktion in Europa&#8221; title_text=&#8221;Produktion in Europa&#8221; _builder_version=&#8221;4.27.0&#8243; _module_preset=&#8221;default&#8221; border_radii=&#8221;on|5px|5px|5px|5px&#8221; global_colors_info=&#8221;{}&#8221;][\/et_pb_image][\/et_pb_column][\/et_pb_row][et_pb_row _builder_version=&#8221;4.27.0&#8243; _module_preset=&#8221;default&#8221; global_colors_info=&#8221;{}&#8221;][et_pb_column type=&#8221;4_4&#8243; _builder_version=&#8221;4.27.0&#8243; _module_preset=&#8221;default&#8221; global_colors_info=&#8221;{}&#8221;][et_pb_text content_tablet=&#8221;<\/p>\n<h2><strong>Folgen Sie uns auf den sozialen Medien f\u00fcr nachhaltige Inspiration und neue Produkte!<\/strong><\/h2>\n<p data-start=%22216%22 data-end=%22588%22>Von neuen Designs und reCYCLEd-Materialien bis hin zu intelligenten Anwendungen f\u00fcr Ihr Fahrrad oder Lastenrad &#8211; Sie werden es als Erster auf unseren sozialen Netzwerken sehen.<\/p>\n<p>&#8221; content_phone=&#8221;<\/p>\n<h2><strong>Folgen Sie uns f\u00fcr nachhaltige Inspiration und neue Produkte!<\/strong><\/h2>\n<p data-start=%22216%22 data-end=%22588%22>Von neuen Designs und reCYCLEd-Materialien bis hin zu intelligenten Anwendungen f\u00fcr Ihr Fahrrad oder Lastenrad &#8211; Sie werden es als Erster auf unseren sozialen Netzwerken sehen.<\/p>\n<p>&#8221; content_last_edited=&#8221;on|phone&#8221; _builder_version=&#8221;4.27.0&#8243; _module_preset=&#8221;default&#8221; header_2_font_size=&#8221;28px&#8221; global_colors_info=&#8221;{}&#8221;]<\/p>\n<h2><strong>Folgen Sie uns auf den sozialen Medien f\u00fcr nachhaltige Inspiration und neue Produkte!<\/strong><\/h2>\n<p data-start=\"216\" data-end=\"588\">Von neuen Designs und reCYCLEd-Materialien bis hin zu intelligenten Anwendungen f\u00fcr Ihr Fahrrad oder Lastenrad &#8211; Sie werden es als Erster auf unseren sozialen Netzwerken sehen.<\/p>\n<p>[\/et_pb_text][\/et_pb_column][\/et_pb_row][et_pb_row _builder_version=&#8221;4.27.0&#8243; _module_preset=&#8221;default&#8221; global_colors_info=&#8221;{}&#8221;][et_pb_column type=&#8221;4_4&#8243; _builder_version=&#8221;4.27.0&#8243; _module_preset=&#8221;default&#8221; global_colors_info=&#8221;{}&#8221;][et_pb_social_media_follow admin_label=&#8221;Social Media volgen&#8221; _builder_version=&#8221;4.27.0&#8243; _module_preset=&#8221;default&#8221; text_orientation=&#8221;center&#8221; custom_margin=&#8221;||-3px||false|false&#8221; global_colors_info=&#8221;{}&#8221;][et_pb_social_media_follow_network social_network=&#8221;facebook&#8221; url=&#8221;https:\/\/www.facebook.com\/clarijs1948&#8243; _builder_version=&#8221;4.27.0&#8243; _module_preset=&#8221;default&#8221; background_color=&#8221;#3b5998&#8243; global_colors_info=&#8221;{}&#8221; follow_button=&#8221;off&#8221; url_new_window=&#8221;on&#8221;]facebook[\/et_pb_social_media_follow_network][et_pb_social_media_follow_network social_network=&#8221;instagram&#8221; url=&#8221;https:\/\/www.instagram.com\/clarijscovers\/&#8221; _builder_version=&#8221;4.27.0&#8243; _module_preset=&#8221;default&#8221; background_color=&#8221;#ea2c59&#8243; global_colors_info=&#8221;{}&#8221; follow_button=&#8221;off&#8221; url_new_window=&#8221;on&#8221;]instagram[\/et_pb_social_media_follow_network][\/et_pb_social_media_follow][\/et_pb_column][\/et_pb_row][et_pb_row _builder_version=&#8221;4.21.0&#8243; _module_preset=&#8221;default&#8221; global_colors_info=&#8221;{}&#8221;][et_pb_column type=&#8221;4_4&#8243; _builder_version=&#8221;4.21.0&#8243; _module_preset=&#8221;default&#8221; global_colors_info=&#8221;{}&#8221;][et_pb_text _builder_version=&#8221;4.21.0&#8243; _module_preset=&#8221;default&#8221; header_2_font_size=&#8221;28px&#8221; global_colors_info=&#8221;{}&#8221;]<\/p>\n<h2><strong>Unternehmensvideo<\/strong><\/h2>\n<p>[\/et_pb_text][et_pb_video src=&#8221;https:\/\/www.youtube.com\/watch?v=76ZjyYcpibs&#8221; _builder_version=&#8221;4.21.0&#8243; _module_preset=&#8221;default&#8221; global_colors_info=&#8221;{}&#8221;][\/et_pb_video][\/et_pb_column][\/et_pb_row][\/et_pb_section]<\/p>\n","protected":false},"excerpt":{"rendered":"<p>\u00dcber Clarijs Handwerkskunst und Qualit\u00e4t seit 1948. Erfahren Sie mehr \u00fcber Clarijs, was ist unsere Geschichte? Wie wir Nachhaltigkeit, Handwerk und Qualit\u00e4t zusammenbringen, um ein Endergebnis zu erzielen. Die Geschichte von Clarijs Clarijs ist ein traditionelles Familienunternehmen, das 1948 in Zeeland, Niederlande, von den Br\u00fcdern Clarijs gegr\u00fcndet wurde. Urspr\u00fcnglich als Sattlerei gestartet, entwickelte sich das [&hellip;]<\/p>\n","protected":false},"author":1,"featured_media":46301,"parent":0,"menu_order":0,"comment_status":"closed","ping_status":"closed","template":"","meta":{"_acf_changed":false,"_et_pb_use_builder":"on","_et_pb_old_content":"","_et_gb_content_width":"","footnotes":""},"class_list":["post-46300","page","type-page","status-publish","has-post-thumbnail","hentry"],"acf":[],"yoast_head":"<!-- This site is optimized with the Yoast SEO Premium plugin v27.2 (Yoast SEO v27.3) - https:\/\/yoast.com\/product\/yoast-seo-premium-wordpress\/ -->\n<title>\u00dcber uns | Clarijs Handgefertigt seit 1948<\/title>\n<meta name=\"description\" content=\"\u00dcber uns. Erfahren Sie mehr \u00fcber Clarijs, was ist unsere Geschichte? Wie bringen wir Nachhaltigkeit, Handwerk und Qualit\u00e4t zusammen?\" \/>\n<meta name=\"robots\" content=\"index, follow, max-snippet:-1, max-image-preview:large, max-video-preview:-1\" \/>\n<link rel=\"canonical\" href=\"http:\/\/clarijs-fietstassen.nl\/over-ons\/\" \/>\n<meta property=\"og:locale\" content=\"de_DE\" \/>\n<meta property=\"og:type\" content=\"article\" \/>\n<meta property=\"og:title\" content=\"\u00dcber uns\" \/>\n<meta property=\"og:description\" content=\"\u00dcber uns. Erfahren Sie mehr \u00fcber Clarijs, was ist unsere Geschichte? Wie bringen wir Nachhaltigkeit, Handwerk und Qualit\u00e4t zusammen?\" \/>\n<meta property=\"og:url\" content=\"http:\/\/clarijs-fietstassen.nl\/over-ons\/\" \/>\n<meta property=\"og:site_name\" content=\"Clarijs Fietstassen\" \/>\n<meta property=\"article:publisher\" content=\"https:\/\/www.facebook.com\/clarijs1948\/\" \/>\n<meta property=\"article:modified_time\" content=\"2025-10-15T11:28:36+00:00\" \/>\n<meta property=\"og:image\" content=\"https:\/\/clarijs-fietstassen.nl\/wp-content\/uploads\/2023\/07\/Fietstas-met-logo.jpeg\" \/>\n\t<meta property=\"og:image:width\" content=\"600\" \/>\n\t<meta property=\"og:image:height\" content=\"450\" \/>\n\t<meta property=\"og:image:type\" content=\"image\/jpeg\" \/>\n<meta name=\"twitter:card\" content=\"summary_large_image\" \/>\n<meta name=\"twitter:label1\" content=\"Gesch\u00e4tzte Lesezeit\" \/>\n\t<meta name=\"twitter:data1\" content=\"6\u00a0Minuten\" \/>\n<script type=\"application\/ld+json\" class=\"yoast-schema-graph\">{\"@context\":\"https:\\\/\\\/schema.org\",\"@graph\":[{\"@type\":\"WebPage\",\"@id\":\"http:\\\/\\\/clarijs-fietstassen.nl\\\/over-ons\\\/\",\"url\":\"http:\\\/\\\/clarijs-fietstassen.nl\\\/over-ons\\\/\",\"name\":\"\u00dcber uns | Clarijs Handgefertigt seit 1948\",\"isPartOf\":{\"@id\":\"https:\\\/\\\/clarijs-fietstassen.nl\\\/de\\\/#website\"},\"primaryImageOfPage\":{\"@id\":\"http:\\\/\\\/clarijs-fietstassen.nl\\\/over-ons\\\/#primaryimage\"},\"image\":{\"@id\":\"http:\\\/\\\/clarijs-fietstassen.nl\\\/over-ons\\\/#primaryimage\"},\"thumbnailUrl\":\"https:\\\/\\\/clarijs-fietstassen.nl\\\/wp-content\\\/uploads\\\/2023\\\/07\\\/Fietstas-met-logo.jpeg\",\"datePublished\":\"2023-06-26T09:34:16+00:00\",\"dateModified\":\"2025-10-15T11:28:36+00:00\",\"description\":\"\u00dcber uns. Erfahren Sie mehr \u00fcber Clarijs, was ist unsere Geschichte? Wie bringen wir Nachhaltigkeit, Handwerk und Qualit\u00e4t zusammen?\",\"breadcrumb\":{\"@id\":\"http:\\\/\\\/clarijs-fietstassen.nl\\\/over-ons\\\/#breadcrumb\"},\"inLanguage\":\"de\",\"potentialAction\":[{\"@type\":\"ReadAction\",\"target\":[\"http:\\\/\\\/clarijs-fietstassen.nl\\\/over-ons\\\/\"]}]},{\"@type\":\"ImageObject\",\"inLanguage\":\"de\",\"@id\":\"http:\\\/\\\/clarijs-fietstassen.nl\\\/over-ons\\\/#primaryimage\",\"url\":\"https:\\\/\\\/clarijs-fietstassen.nl\\\/wp-content\\\/uploads\\\/2023\\\/07\\\/Fietstas-met-logo.jpeg\",\"contentUrl\":\"https:\\\/\\\/clarijs-fietstassen.nl\\\/wp-content\\\/uploads\\\/2023\\\/07\\\/Fietstas-met-logo.jpeg\",\"width\":600,\"height\":450,\"caption\":\"Fahrradtasche mit Logo\"},{\"@type\":\"BreadcrumbList\",\"@id\":\"http:\\\/\\\/clarijs-fietstassen.nl\\\/over-ons\\\/#breadcrumb\",\"itemListElement\":[{\"@type\":\"ListItem\",\"position\":1,\"name\":\"Home\",\"item\":\"https:\\\/\\\/clarijs-fietstassen.nl\\\/de\\\/\"},{\"@type\":\"ListItem\",\"position\":2,\"name\":\"\u00dcber uns\"}]},{\"@type\":\"WebSite\",\"@id\":\"https:\\\/\\\/clarijs-fietstassen.nl\\\/de\\\/#website\",\"url\":\"https:\\\/\\\/clarijs-fietstassen.nl\\\/de\\\/\",\"name\":\"Clarijs Fietstassen\",\"description\":\"Kwaliteit &amp; ambacht sinds 1948\",\"publisher\":{\"@id\":\"https:\\\/\\\/clarijs-fietstassen.nl\\\/de\\\/#organization\"},\"potentialAction\":[{\"@type\":\"SearchAction\",\"target\":{\"@type\":\"EntryPoint\",\"urlTemplate\":\"https:\\\/\\\/clarijs-fietstassen.nl\\\/de\\\/?s={search_term_string}\"},\"query-input\":{\"@type\":\"PropertyValueSpecification\",\"valueRequired\":true,\"valueName\":\"search_term_string\"}}],\"inLanguage\":\"de\"},{\"@type\":\"Organization\",\"@id\":\"https:\\\/\\\/clarijs-fietstassen.nl\\\/de\\\/#organization\",\"name\":\"Clarijs Fietstassen\",\"url\":\"https:\\\/\\\/clarijs-fietstassen.nl\\\/de\\\/\",\"logo\":{\"@type\":\"ImageObject\",\"inLanguage\":\"de\",\"@id\":\"https:\\\/\\\/clarijs-fietstassen.nl\\\/de\\\/#\\\/schema\\\/logo\\\/image\\\/\",\"url\":\"https:\\\/\\\/clarijs-fietstassen.nl\\\/wp-content\\\/uploads\\\/2024\\\/01\\\/clarijs-logo-met-rand.jpg\",\"contentUrl\":\"https:\\\/\\\/clarijs-fietstassen.nl\\\/wp-content\\\/uploads\\\/2024\\\/01\\\/clarijs-logo-met-rand.jpg\",\"width\":560,\"height\":266,\"caption\":\"Clarijs Fietstassen\"},\"image\":{\"@id\":\"https:\\\/\\\/clarijs-fietstassen.nl\\\/de\\\/#\\\/schema\\\/logo\\\/image\\\/\"},\"sameAs\":[\"https:\\\/\\\/www.facebook.com\\\/clarijs1948\\\/\",\"https:\\\/\\\/www.instagram.com\\\/clarijscovers\\\/\"]}]}<\/script>\n<!-- \/ Yoast SEO Premium plugin. -->","yoast_head_json":{"title":"\u00dcber uns | Clarijs Handgefertigt seit 1948","description":"\u00dcber uns. Erfahren Sie mehr \u00fcber Clarijs, was ist unsere Geschichte? Wie bringen wir Nachhaltigkeit, Handwerk und Qualit\u00e4t zusammen?","robots":{"index":"index","follow":"follow","max-snippet":"max-snippet:-1","max-image-preview":"max-image-preview:large","max-video-preview":"max-video-preview:-1"},"canonical":"http:\/\/clarijs-fietstassen.nl\/over-ons\/","og_locale":"de_DE","og_type":"article","og_title":"\u00dcber uns","og_description":"\u00dcber uns. Erfahren Sie mehr \u00fcber Clarijs, was ist unsere Geschichte? Wie bringen wir Nachhaltigkeit, Handwerk und Qualit\u00e4t zusammen?","og_url":"http:\/\/clarijs-fietstassen.nl\/over-ons\/","og_site_name":"Clarijs Fietstassen","article_publisher":"https:\/\/www.facebook.com\/clarijs1948\/","article_modified_time":"2025-10-15T11:28:36+00:00","og_image":[{"width":600,"height":450,"url":"https:\/\/clarijs-fietstassen.nl\/wp-content\/uploads\/2023\/07\/Fietstas-met-logo.jpeg","type":"image\/jpeg"}],"twitter_card":"summary_large_image","twitter_misc":{"Gesch\u00e4tzte Lesezeit":"6\u00a0Minuten"},"schema":{"@context":"https:\/\/schema.org","@graph":[{"@type":"WebPage","@id":"http:\/\/clarijs-fietstassen.nl\/over-ons\/","url":"http:\/\/clarijs-fietstassen.nl\/over-ons\/","name":"\u00dcber uns | Clarijs Handgefertigt seit 1948","isPartOf":{"@id":"https:\/\/clarijs-fietstassen.nl\/de\/#website"},"primaryImageOfPage":{"@id":"http:\/\/clarijs-fietstassen.nl\/over-ons\/#primaryimage"},"image":{"@id":"http:\/\/clarijs-fietstassen.nl\/over-ons\/#primaryimage"},"thumbnailUrl":"https:\/\/clarijs-fietstassen.nl\/wp-content\/uploads\/2023\/07\/Fietstas-met-logo.jpeg","datePublished":"2023-06-26T09:34:16+00:00","dateModified":"2025-10-15T11:28:36+00:00","description":"\u00dcber uns. Erfahren Sie mehr \u00fcber Clarijs, was ist unsere Geschichte? Wie bringen wir Nachhaltigkeit, Handwerk und Qualit\u00e4t zusammen?","breadcrumb":{"@id":"http:\/\/clarijs-fietstassen.nl\/over-ons\/#breadcrumb"},"inLanguage":"de","potentialAction":[{"@type":"ReadAction","target":["http:\/\/clarijs-fietstassen.nl\/over-ons\/"]}]},{"@type":"ImageObject","inLanguage":"de","@id":"http:\/\/clarijs-fietstassen.nl\/over-ons\/#primaryimage","url":"https:\/\/clarijs-fietstassen.nl\/wp-content\/uploads\/2023\/07\/Fietstas-met-logo.jpeg","contentUrl":"https:\/\/clarijs-fietstassen.nl\/wp-content\/uploads\/2023\/07\/Fietstas-met-logo.jpeg","width":600,"height":450,"caption":"Fahrradtasche mit Logo"},{"@type":"BreadcrumbList","@id":"http:\/\/clarijs-fietstassen.nl\/over-ons\/#breadcrumb","itemListElement":[{"@type":"ListItem","position":1,"name":"Home","item":"https:\/\/clarijs-fietstassen.nl\/de\/"},{"@type":"ListItem","position":2,"name":"\u00dcber uns"}]},{"@type":"WebSite","@id":"https:\/\/clarijs-fietstassen.nl\/de\/#website","url":"https:\/\/clarijs-fietstassen.nl\/de\/","name":"Clarijs Fietstassen","description":"Kwaliteit &amp; ambacht sinds 1948","publisher":{"@id":"https:\/\/clarijs-fietstassen.nl\/de\/#organization"},"potentialAction":[{"@type":"SearchAction","target":{"@type":"EntryPoint","urlTemplate":"https:\/\/clarijs-fietstassen.nl\/de\/?s={search_term_string}"},"query-input":{"@type":"PropertyValueSpecification","valueRequired":true,"valueName":"search_term_string"}}],"inLanguage":"de"},{"@type":"Organization","@id":"https:\/\/clarijs-fietstassen.nl\/de\/#organization","name":"Clarijs Fietstassen","url":"https:\/\/clarijs-fietstassen.nl\/de\/","logo":{"@type":"ImageObject","inLanguage":"de","@id":"https:\/\/clarijs-fietstassen.nl\/de\/#\/schema\/logo\/image\/","url":"https:\/\/clarijs-fietstassen.nl\/wp-content\/uploads\/2024\/01\/clarijs-logo-met-rand.jpg","contentUrl":"https:\/\/clarijs-fietstassen.nl\/wp-content\/uploads\/2024\/01\/clarijs-logo-met-rand.jpg","width":560,"height":266,"caption":"Clarijs Fietstassen"},"image":{"@id":"https:\/\/clarijs-fietstassen.nl\/de\/#\/schema\/logo\/image\/"},"sameAs":["https:\/\/www.facebook.com\/clarijs1948\/","https:\/\/www.instagram.com\/clarijscovers\/"]}]}},"_links":{"self":[{"href":"https:\/\/clarijs-fietstassen.nl\/de\/wp-json\/wp\/v2\/pages\/46300","targetHints":{"allow":["GET"]}}],"collection":[{"href":"https:\/\/clarijs-fietstassen.nl\/de\/wp-json\/wp\/v2\/pages"}],"about":[{"href":"https:\/\/clarijs-fietstassen.nl\/de\/wp-json\/wp\/v2\/types\/page"}],"author":[{"embeddable":true,"href":"https:\/\/clarijs-fietstassen.nl\/de\/wp-json\/wp\/v2\/users\/1"}],"replies":[{"embeddable":true,"href":"https:\/\/clarijs-fietstassen.nl\/de\/wp-json\/wp\/v2\/comments?post=46300"}],"version-history":[{"count":10,"href":"https:\/\/clarijs-fietstassen.nl\/de\/wp-json\/wp\/v2\/pages\/46300\/revisions"}],"predecessor-version":[{"id":58084,"href":"https:\/\/clarijs-fietstassen.nl\/de\/wp-json\/wp\/v2\/pages\/46300\/revisions\/58084"}],"wp:featuredmedia":[{"embeddable":true,"href":"https:\/\/clarijs-fietstassen.nl\/de\/wp-json\/wp\/v2\/media\/46301"}],"wp:attachment":[{"href":"https:\/\/clarijs-fietstassen.nl\/de\/wp-json\/wp\/v2\/media?parent=46300"}],"curies":[{"name":"wp","href":"https:\/\/api.w.org\/{rel}","templated":true}]}}