{"id":58123,"date":"2025-10-15T15:32:59","date_gmt":"2025-10-15T13:32:59","guid":{"rendered":"https:\/\/clarijs-fietstassen.nl\/montageanleitunge\/"},"modified":"2025-10-15T17:00:59","modified_gmt":"2025-10-15T15:00:59","slug":"montageanleitunge","status":"publish","type":"page","link":"https:\/\/clarijs-fietstassen.nl\/de\/montageanleitunge\/","title":{"rendered":"Montageanleitunge"},"content":{"rendered":"<p>[et_pb_section fb_built=&#8221;1&#8243; _builder_version=&#8221;4.27.4&#8243; _module_preset=&#8221;default&#8221; background_color=&#8221;gcid-8bf9dfb9-5f3c-44e9-bd10-9e94aab0729c&#8221; border_width_bottom=&#8221;1px&#8221; locked=&#8221;off&#8221; global_colors_info=&#8221;{%22gcid-8bf9dfb9-5f3c-44e9-bd10-9e94aab0729c%22:%91%22background_color%22%93}&#8221;][et_pb_row _builder_version=&#8221;4.21.0&#8243; _module_preset=&#8221;default&#8221; global_colors_info=&#8221;{}&#8221;][et_pb_column type=&#8221;4_4&#8243; _builder_version=&#8221;4.21.0&#8243; _module_preset=&#8221;default&#8221; global_colors_info=&#8221;{}&#8221;][et_pb_text _builder_version=&#8221;4.27.4&#8243; _module_preset=&#8221;default&#8221; global_colors_info=&#8221;{}&#8221;]<\/p>\n<div class=\"wpb_text_column wpb_content_element \">\n<div class=\"wpb_wrapper\">\n<div class=\"wpb_text_column wpb_content_element \">\n<div class=\"wpb_wrapper\">\n<h1><strong>Montageanleitunge<\/strong><\/h1>\n<\/div>\n<\/div>\n<div class=\"wpb_text_column wpb_content_element \">\n<div class=\"wpb_wrapper\">\n<article class=\"text-token-text-primary w-full focus:outline-none [--shadow-height:45px] has-data-writing-block:pointer-events-none has-data-writing-block:-mt-(--shadow-height) has-data-writing-block:pt-(--shadow-height) [&amp;:has([data-writing-block])&gt;*]:pointer-events-auto scroll-mt-[calc(var(--header-height)+min(200px,max(70px,20svh)))]\" dir=\"auto\" data-turn-id=\"760bd141-6792-4697-996c-f49e38186224\" data-testid=\"conversation-turn-4\" data-scroll-anchor=\"true\" data-turn=\"assistant\" tabindex=\"-1\">\n<div class=\"text-base my-auto mx-auto pb-10 [--thread-content-margin:--spacing(4)] thread-sm:[--thread-content-margin:--spacing(6)] thread-lg:[--thread-content-margin:--spacing(16)] px-(--thread-content-margin)\">\n<div class=\"[--thread-content-max-width:40rem] thread-lg:[--thread-content-max-width:48rem] mx-auto max-w-(--thread-content-max-width) flex-1 group\/turn-messages focus-visible:outline-hidden relative flex w-full min-w-0 flex-col agent-turn\" tabindex=\"-1\">\n<div class=\"flex max-w-full flex-col grow\">\n<div data-message-author-role=\"assistant\" data-message-id=\"349fddf0-eb7d-4a82-8753-7f7c667fe331\" dir=\"auto\" class=\"min-h-8 text-message relative flex w-full flex-col items-end gap-2 text-start break-words whitespace-normal [.text-message+&amp;]:mt-1\" data-message-model-slug=\"gpt-5\">\n<div class=\"flex w-full flex-col gap-1 empty:hidden first:pt-[1px]\">\n<div class=\"markdown prose dark:prose-invert w-full break-words light markdown-new-styling\">\n<p data-start=\"0\" data-end=\"189\" data-is-last-node=\"\" data-is-only-node=\"\">Sehen Sie sich das Video an oder laden Sie die Montageanleitungen f\u00fcr unsere Clarijs Regenverdecke herunter, \u00fcbersichtlich nach Lastenradmarke sortiert. So montieren und verwenden Sie Ihr Regenverdeck einfach und sicher \u2013 Schritt f\u00fcr Schritt erkl\u00e4rt. <\/p>\n<\/div>\n<\/div>\n<\/div>\n<\/div>\n<div class=\"z-0 flex min-h-[46px] justify-start\"><\/div>\n<div class=\"mt-3 w-full empty:hidden\">\n<div class=\"text-center\"><\/div>\n<\/div>\n<\/div>\n<\/div>\n<\/article>\n<div aria-hidden=\"true\" data-edge=\"true\" class=\"pointer-events-none h-px w-px\"><\/div>\n<\/div>\n<\/div>\n<\/div>\n<\/div>\n<p>[\/et_pb_text][\/et_pb_column][\/et_pb_row][\/et_pb_section][et_pb_section fb_built=&#8221;1&#8243; _builder_version=&#8221;4.27.4&#8243; _module_preset=&#8221;default&#8221; global_colors_info=&#8221;{}&#8221;][et_pb_row _builder_version=&#8221;4.27.4&#8243; _module_preset=&#8221;default&#8221; global_colors_info=&#8221;{}&#8221;][et_pb_column type=&#8221;4_4&#8243; _builder_version=&#8221;4.27.4&#8243; _module_preset=&#8221;default&#8221; global_colors_info=&#8221;{}&#8221;][et_pb_text _builder_version=&#8221;4.27.4&#8243; _module_preset=&#8221;default&#8221; hover_enabled=&#8221;0&#8243; global_colors_info=&#8221;{}&#8221; sticky_enabled=&#8221;0&#8243;]<\/p>\n<ul class=\"faq-links\">\n<li><strong><a href=\"#urbanarrow-shorty\">Urban Arrow Shorty<\/a><\/strong><\/li>\n<li><strong><a href=\"#dolly\">Dolly<\/a><\/strong><\/li>\n<li><strong><a href=\"#bullit-sidepanel\">Bullitt BBX Sidepanel<\/a><\/strong><\/li>\n<li><strong><a href=\"#bakfiets\">Bakfiets.nl<\/a><\/strong><\/li>\n<li><strong><a href=\"#vogue-superior3\">Vogue Superior 3<\/a><\/strong><\/li>\n<li><strong><a href=\"#longtail\">Longtail Clarijs<\/a><\/strong><\/li>\n<\/ul>\n<p>[\/et_pb_text][\/et_pb_column][\/et_pb_row][et_pb_row column_structure=&#8221;1_2,1_2&#8243; _builder_version=&#8221;4.27.4&#8243; _module_preset=&#8221;default&#8221; global_colors_info=&#8221;{}&#8221;][et_pb_column type=&#8221;1_2&#8243; _builder_version=&#8221;4.27.4&#8243; _module_preset=&#8221;default&#8221; global_colors_info=&#8221;{}&#8221;][et_pb_image src=&#8221;https:\/\/clarijs-fietstassen.nl\/wp-content\/uploads\/2024\/07\/Urban-arrow-shorty-rain-cover.png&#8221; alt=&#8221;Regenzelt f\u00fcr Urban Arrow Shorty&#8221; title_text=&#8221;Regenzelt f\u00fcr Urban Arrow Shorty&#8221; align=&#8221;center&#8221; module_id=&#8221;urbanarrow-shorty&#8221; _builder_version=&#8221;4.27.4&#8243; _module_preset=&#8221;default&#8221; width=&#8221;50%&#8221; max_width=&#8221;50%&#8221; global_colors_info=&#8221;{}&#8221;][\/et_pb_image][\/et_pb_column][et_pb_column type=&#8221;1_2&#8243; _builder_version=&#8221;4.27.4&#8243; _module_preset=&#8221;default&#8221; global_colors_info=&#8221;{}&#8221;][et_pb_text _builder_version=&#8221;4.27.4&#8243; _module_preset=&#8221;default&#8221; global_colors_info=&#8221;{}&#8221;]<\/p>\n<h4>Regenzelt reCYCLEd f\u00fcr Urban Arrow Shorty<\/h4>\n<p>Sehen Sie sich die Montageanleitung f\u00fcr das reCYCLEd Regenverdeck f\u00fcr Urban Arrow Shorty an oder laden Sie sie herunter. In dieser PDF finden Sie klare Anweisungen f\u00fcr eine schnelle und einfache Montage, damit Ihr Regenverdeck perfekt passt und optimal vor Regen und Wind sch\u00fctzt. <\/p>\n<p>[\/et_pb_text][et_pb_button button_url=&#8221;https:\/\/clarijs-fietstassen.nl\/wp-content\/uploads\/2024\/07\/Shorty-Raincover_Urban-Arrow_3.pdf&#8221; url_new_window=&#8221;on&#8221; button_text=&#8221;Anleitung ansehen&#8221; _builder_version=&#8221;4.27.4&#8243; _module_preset=&#8221;default&#8221; global_colors_info=&#8221;{}&#8221;][\/et_pb_button][\/et_pb_column][\/et_pb_row][et_pb_row column_structure=&#8221;1_2,1_2&#8243; _builder_version=&#8221;4.27.4&#8243; _module_preset=&#8221;default&#8221; global_colors_info=&#8221;{}&#8221;][et_pb_column type=&#8221;1_2&#8243; _builder_version=&#8221;4.27.4&#8243; _module_preset=&#8221;default&#8221; global_colors_info=&#8221;{}&#8221;][et_pb_image src=&#8221;https:\/\/clarijs-fietstassen.nl\/wp-content\/uploads\/2024\/03\/Dolly-met-afneembaar-zonnescherm.png&#8221; alt=&#8221;Regenzelt f\u00fcr Dolly Lastenfahrrad &#8211; Mit abnehmbarem Sonnenschirm&#8221; title_text=&#8221;Regenzelt f\u00fcr Dolly Lastenfahrrad &#8211; Mit abnehmbarem Sonnenschirm&#8221; align=&#8221;center&#8221; module_id=&#8221;dolly&#8221; _builder_version=&#8221;4.27.4&#8243; _module_preset=&#8221;default&#8221; width=&#8221;50%&#8221; max_width=&#8221;50%&#8221; global_colors_info=&#8221;{}&#8221;][\/et_pb_image][\/et_pb_column][et_pb_column type=&#8221;1_2&#8243; _builder_version=&#8221;4.27.4&#8243; _module_preset=&#8221;default&#8221; global_colors_info=&#8221;{}&#8221;][et_pb_text _builder_version=&#8221;4.27.4&#8243; _module_preset=&#8221;default&#8221; global_colors_info=&#8221;{}&#8221;]<\/p>\n<h5>Regenzelt f\u00fcr Dolly Lastenfahrrad \u2013 Mit abnehmbarem Sonnenschirm<\/h5>\n<p>Sehen Sie sich unser Schritt-f\u00fcr-Schritt-Video zur einfachen Montage und Verwendung des reCYCLEd Regenverdecks f\u00fcr Urban Arrow Shorty an. So wissen Sie genau, wie Sie Ihr Regenverdeck sicher befestigen, um maximalen Schutz bei jedem Wetter zu gew\u00e4hrleisten <\/p>\n<p>[\/et_pb_text][et_pb_button button_url=&#8221;https:\/\/clarijs-fietstassen.nl\/gebruiksaanwijzing-dolly-regentent\/&#8221; url_new_window=&#8221;on&#8221; button_text=&#8221;Video ansehen&#8221; _builder_version=&#8221;4.27.4&#8243; _module_preset=&#8221;default&#8221; global_colors_info=&#8221;{}&#8221;][\/et_pb_button][\/et_pb_column][\/et_pb_row][et_pb_row column_structure=&#8221;1_2,1_2&#8243; _builder_version=&#8221;4.27.4&#8243; _module_preset=&#8221;default&#8221; global_colors_info=&#8221;{}&#8221;][et_pb_column type=&#8221;1_2&#8243; _builder_version=&#8221;4.27.4&#8243; _module_preset=&#8221;default&#8221; global_colors_info=&#8221;{}&#8221;][et_pb_image src=&#8221;https:\/\/clarijs-fietstassen.nl\/wp-content\/uploads\/2024\/02\/Bullit-side-panel-rain-cover-side.png&#8221; alt=&#8221;Regenzelt f\u00fcr Bullitt BBX Sidepanel &#8211; 2&#8243; title_text=&#8221;Regenzelt f\u00fcr Bullitt BBX Sidepanel &#8211; 2&#8243; align=&#8221;center&#8221; module_id=&#8221;bullit-sidepanel&#8221; _builder_version=&#8221;4.27.4&#8243; _module_preset=&#8221;default&#8221; width=&#8221;50%&#8221; max_width=&#8221;50%&#8221; global_colors_info=&#8221;{}&#8221;][\/et_pb_image][\/et_pb_column][et_pb_column type=&#8221;1_2&#8243; _builder_version=&#8221;4.27.4&#8243; _module_preset=&#8221;default&#8221; global_colors_info=&#8221;{}&#8221;][et_pb_text _builder_version=&#8221;4.27.4&#8243; _module_preset=&#8221;default&#8221; global_colors_info=&#8221;{}&#8221;]<\/p>\n<h5>Plane f\u00fcr Bullitt BBX Sidepanel<\/h5>\n<p>Sehen Sie sich unser Video zur einfachen Montage und Verwendung des Regenverdecks f\u00fcr Bullitt mit BBX-Seitenpaneelen an. Darin wird gezeigt, wie Sie das Regenverdeck schnell und fest an Ihrem Bullitt-Lastenrad befestigen, damit Ihre Ladung stets optimal vor Regen und Wind gesch\u00fctzt bleibt. <\/p>\n<p>[\/et_pb_text][et_pb_button button_url=&#8221;https:\/\/clarijs-fietstassen.nl\/gebruikaanwijzing-bullit-regentent\/&#8221; url_new_window=&#8221;on&#8221; button_text=&#8221;Video ansehen&#8221; _builder_version=&#8221;4.27.4&#8243; _module_preset=&#8221;default&#8221; global_colors_info=&#8221;{}&#8221;][\/et_pb_button][\/et_pb_column][\/et_pb_row][et_pb_row column_structure=&#8221;1_2,1_2&#8243; _builder_version=&#8221;4.27.4&#8243; _module_preset=&#8221;default&#8221; global_colors_info=&#8221;{}&#8221;][et_pb_column type=&#8221;1_2&#8243; _builder_version=&#8221;4.27.4&#8243; _module_preset=&#8221;default&#8221; global_colors_info=&#8221;{}&#8221;][et_pb_image src=&#8221;https:\/\/clarijs-fietstassen.nl\/wp-content\/uploads\/2023\/07\/Clarijs_03-19.png&#8221; alt=&#8221;Regenzelt Cabrio Excellent f\u00fcr Bakfiets.nl &#8211; Rot&#8221; title_text=&#8221;Regenzelt Cabrio Excellent f\u00fcr Bakfiets.nl &#8211; Rot&#8221; align=&#8221;center&#8221; module_id=&#8221;bakfiets&#8221; _builder_version=&#8221;4.27.4&#8243; _module_preset=&#8221;default&#8221; width=&#8221;50%&#8221; max_width=&#8221;50%&#8221; global_colors_info=&#8221;{}&#8221;][\/et_pb_image][\/et_pb_column][et_pb_column type=&#8221;1_2&#8243; _builder_version=&#8221;4.27.4&#8243; _module_preset=&#8221;default&#8221; global_colors_info=&#8221;{}&#8221;][et_pb_text _builder_version=&#8221;4.27.4&#8243; _module_preset=&#8221;default&#8221; global_colors_info=&#8221;{}&#8221;]<\/p>\n<h5>Regenzelt f\u00fcr Bakfiets.nl<\/h5>\n<p>Sehen Sie sich unser Video zur einfachen Montage und Verwendung der Regenverdecke f\u00fcr Bakfiets.nl-Modelle an. Bakfiets.nl ist eine der beliebtesten Lastenradmarken in den Niederlanden \u2013 ideal f\u00fcr Stadt und lange Strecken.<br \/>Das Video finden Sie auf dem Clarijs YouTube-Kanal und es zeigt Schritt f\u00fcr Schritt, wie Sie das Regenverdeck korrekt montieren.  <\/p>\n<p>[\/et_pb_text][et_pb_button button_url=&#8221;https:\/\/www.youtube.com\/watch?v=uGlT19rkr0k&#8221; url_new_window=&#8221;on&#8221; button_text=&#8221;Video ansehen YouTube&#8221; _builder_version=&#8221;4.27.4&#8243; _module_preset=&#8221;default&#8221; global_colors_info=&#8221;{}&#8221;][\/et_pb_button][\/et_pb_column][\/et_pb_row][et_pb_row column_structure=&#8221;1_2,1_2&#8243; _builder_version=&#8221;4.27.4&#8243; _module_preset=&#8221;default&#8221; global_colors_info=&#8221;{}&#8221;][et_pb_column type=&#8221;1_2&#8243; _builder_version=&#8221;4.27.4&#8243; _module_preset=&#8221;default&#8221; global_colors_info=&#8221;{}&#8221;][et_pb_image src=&#8221;https:\/\/clarijs-fietstassen.nl\/wp-content\/uploads\/2023\/07\/Carry-3-dicht.jpg&#8221; alt=&#8221;Regenzelt f\u00fcr Vogue Carry 3 \/ Superior 3&#8243; title_text=&#8221;Regenzelt f\u00fcr Vogue Carry 3 \/ Superior 3&#8243; align=&#8221;center&#8221; module_id=&#8221;vogue-superior3&#8243; _builder_version=&#8221;4.27.4&#8243; _module_preset=&#8221;default&#8221; width=&#8221;50%&#8221; max_width=&#8221;50%&#8221; global_colors_info=&#8221;{}&#8221;][\/et_pb_image][\/et_pb_column][et_pb_column type=&#8221;1_2&#8243; _builder_version=&#8221;4.27.4&#8243; _module_preset=&#8221;default&#8221; global_colors_info=&#8221;{}&#8221;][et_pb_text _builder_version=&#8221;4.27.4&#8243; _module_preset=&#8221;default&#8221; global_colors_info=&#8221;{}&#8221;]<\/p>\n<h5>Regenverdeck f\u00fcr Vogue Superior 3<\/h5>\n<p>Sehen Sie sich die Montageanleitung f\u00fcr das Regenverdeck des Vogue Superior 3 an. Dieses Modell ist nicht mehr in unserem Webshop erh\u00e4ltlich, aber die Anleitung bleibt verf\u00fcgbar, damit Sie Ihr vorhandenes Regenverdeck weiterhin einfach montieren und verwenden k\u00f6nnen. <\/p>\n<p>[\/et_pb_text][et_pb_button button_url=&#8221;https:\/\/clarijs-fietstassen.nl\/gebruiksaanwijzing-vogue-superior-3-regentent\/&#8221; url_new_window=&#8221;on&#8221; button_text=&#8221;Anleitung ansehen&#8221; _builder_version=&#8221;4.27.4&#8243; _module_preset=&#8221;default&#8221; global_colors_info=&#8221;{}&#8221;][\/et_pb_button][\/et_pb_column][\/et_pb_row][et_pb_row column_structure=&#8221;1_2,1_2&#8243; _builder_version=&#8221;4.27.4&#8243; _module_preset=&#8221;default&#8221; global_colors_info=&#8221;{}&#8221;][et_pb_column type=&#8221;1_2&#8243; _builder_version=&#8221;4.27.4&#8243; _module_preset=&#8221;default&#8221; global_colors_info=&#8221;{}&#8221;][et_pb_image src=&#8221;https:\/\/clarijs-fietstassen.nl\/wp-content\/uploads\/2023\/07\/Long-tail-bike-bag-clarijs-rear-2.jpg&#8221; alt=&#8221;Longtail Universal Gep\u00e4cktr\u00e4gertasche 6&#8243; title_text=&#8221;Longtail Universal Gep\u00e4cktr\u00e4gertasche 6&#8243; align=&#8221;center&#8221; module_id=&#8221;longtail&#8221; _builder_version=&#8221;4.27.4&#8243; _module_preset=&#8221;default&#8221; width=&#8221;50%&#8221; max_width=&#8221;50%&#8221; global_colors_info=&#8221;{}&#8221;][\/et_pb_image][\/et_pb_column][et_pb_column type=&#8221;1_2&#8243; _builder_version=&#8221;4.27.4&#8243; _module_preset=&#8221;default&#8221; global_colors_info=&#8221;{}&#8221;][et_pb_text _builder_version=&#8221;4.27.4&#8243; _module_preset=&#8221;default&#8221; global_colors_info=&#8221;{}&#8221;]<\/p>\n<h5>Longtail Fahrradtaschen<\/h5>\n<p>Sehen Sie, wie Sie die Longtail Universal Fahrradtasche von Clarijs einfach befestigen.<br \/>Im Video auf unserem Clarijs YouTube-Kanal wird Schritt f\u00fcr Schritt erkl\u00e4rt, wie Sie die Tasche montieren und bei Ihren t\u00e4glichen Fahrten optimal nutzen. <\/p>\n<p>[\/et_pb_text][et_pb_button button_url=&#8221;https:\/\/www.youtube.com\/shorts\/Kua3LoCkF1k&#8221; url_new_window=&#8221;on&#8221; button_text=&#8221;Video ansehen YouTube&#8221; _builder_version=&#8221;4.27.4&#8243; _module_preset=&#8221;default&#8221; global_colors_info=&#8221;{}&#8221;][\/et_pb_button][\/et_pb_column][\/et_pb_row][\/et_pb_section]<\/p>\n","protected":false},"excerpt":{"rendered":"<p>Montageanleitunge Sehen Sie sich das Video an oder laden Sie die Montageanleitungen f\u00fcr unsere Clarijs Regenverdecke herunter, \u00fcbersichtlich nach Lastenradmarke sortiert. So montieren und verwenden Sie Ihr Regenverdeck einfach und sicher \u2013 Schritt f\u00fcr Schritt erkl\u00e4rt. Urban Arrow Shorty Dolly Bullitt BBX Sidepanel Bakfiets.nl Vogue Superior 3 Longtail Clarijs Regenzelt reCYCLEd f\u00fcr Urban Arrow Shorty [&hellip;]<\/p>\n","protected":false},"author":1,"featured_media":58113,"parent":0,"menu_order":0,"comment_status":"closed","ping_status":"closed","template":"","meta":{"_acf_changed":false,"_et_pb_use_builder":"on","_et_pb_old_content":"","_et_gb_content_width":"","footnotes":""},"class_list":["post-58123","page","type-page","status-publish","has-post-thumbnail","hentry"],"acf":[],"yoast_head":"<!-- This site is optimized with the Yoast SEO Premium plugin v27.2 (Yoast SEO v27.3) - https:\/\/yoast.com\/product\/yoast-seo-premium-wordpress\/ -->\n<title>Montageanleitunge - Clarijs Fietstassen<\/title>\n<meta name=\"description\" content=\"Sehen Sie sich Videos und Anleitungen f\u00fcr Clarijs Regenverdecke an. Schritt-f\u00fcr-Schritt erkl\u00e4rt, passend zu Ihrer Lastenradmarke.\" \/>\n<meta name=\"robots\" content=\"index, follow, max-snippet:-1, max-image-preview:large, max-video-preview:-1\" \/>\n<link rel=\"canonical\" href=\"http:\/\/clarijs-fietstassen.nl\/handleidingen\/\" \/>\n<meta property=\"og:locale\" content=\"de_DE\" \/>\n<meta property=\"og:type\" content=\"article\" \/>\n<meta property=\"og:title\" content=\"Montageanleitunge\" \/>\n<meta property=\"og:description\" content=\"Sehen Sie sich Videos und Anleitungen f\u00fcr Clarijs Regenverdecke an. Schritt-f\u00fcr-Schritt erkl\u00e4rt, passend zu Ihrer Lastenradmarke.\" \/>\n<meta property=\"og:url\" content=\"http:\/\/clarijs-fietstassen.nl\/handleidingen\/\" \/>\n<meta property=\"og:site_name\" content=\"Clarijs Fietstassen\" \/>\n<meta property=\"article:publisher\" content=\"https:\/\/www.facebook.com\/clarijs1948\/\" \/>\n<meta property=\"article:modified_time\" content=\"2025-10-15T15:00:59+00:00\" \/>\n<meta property=\"og:image\" content=\"https:\/\/clarijs-fietstassen.nl\/wp-content\/uploads\/2025\/10\/Clarijs-Regententen-handleidingen.png\" \/>\n\t<meta property=\"og:image:width\" content=\"1000\" \/>\n\t<meta property=\"og:image:height\" content=\"1000\" \/>\n\t<meta property=\"og:image:type\" content=\"image\/png\" \/>\n<meta name=\"twitter:card\" content=\"summary_large_image\" \/>\n<meta name=\"twitter:label1\" content=\"Gesch\u00e4tzte Lesezeit\" \/>\n\t<meta name=\"twitter:data1\" content=\"7\u00a0Minuten\" \/>\n<script type=\"application\/ld+json\" class=\"yoast-schema-graph\">{\"@context\":\"https:\\\/\\\/schema.org\",\"@graph\":[{\"@type\":\"WebPage\",\"@id\":\"http:\\\/\\\/clarijs-fietstassen.nl\\\/handleidingen\\\/\",\"url\":\"http:\\\/\\\/clarijs-fietstassen.nl\\\/handleidingen\\\/\",\"name\":\"Montageanleitunge - Clarijs Fietstassen\",\"isPartOf\":{\"@id\":\"https:\\\/\\\/clarijs-fietstassen.nl\\\/de\\\/#website\"},\"primaryImageOfPage\":{\"@id\":\"http:\\\/\\\/clarijs-fietstassen.nl\\\/handleidingen\\\/#primaryimage\"},\"image\":{\"@id\":\"http:\\\/\\\/clarijs-fietstassen.nl\\\/handleidingen\\\/#primaryimage\"},\"thumbnailUrl\":\"https:\\\/\\\/clarijs-fietstassen.nl\\\/wp-content\\\/uploads\\\/2025\\\/10\\\/Clarijs-Regententen-handleidingen.png\",\"datePublished\":\"2025-10-15T13:32:59+00:00\",\"dateModified\":\"2025-10-15T15:00:59+00:00\",\"description\":\"Sehen Sie sich Videos und Anleitungen f\u00fcr Clarijs Regenverdecke an. Schritt-f\u00fcr-Schritt erkl\u00e4rt, passend zu Ihrer Lastenradmarke.\",\"breadcrumb\":{\"@id\":\"http:\\\/\\\/clarijs-fietstassen.nl\\\/handleidingen\\\/#breadcrumb\"},\"inLanguage\":\"de\",\"potentialAction\":[{\"@type\":\"ReadAction\",\"target\":[\"http:\\\/\\\/clarijs-fietstassen.nl\\\/handleidingen\\\/\"]}]},{\"@type\":\"ImageObject\",\"inLanguage\":\"de\",\"@id\":\"http:\\\/\\\/clarijs-fietstassen.nl\\\/handleidingen\\\/#primaryimage\",\"url\":\"https:\\\/\\\/clarijs-fietstassen.nl\\\/wp-content\\\/uploads\\\/2025\\\/10\\\/Clarijs-Regententen-handleidingen.png\",\"contentUrl\":\"https:\\\/\\\/clarijs-fietstassen.nl\\\/wp-content\\\/uploads\\\/2025\\\/10\\\/Clarijs-Regententen-handleidingen.png\",\"width\":1000,\"height\":1000,\"caption\":\"Clarijs Regenverdeck Montageanleitungen\"},{\"@type\":\"BreadcrumbList\",\"@id\":\"http:\\\/\\\/clarijs-fietstassen.nl\\\/handleidingen\\\/#breadcrumb\",\"itemListElement\":[{\"@type\":\"ListItem\",\"position\":1,\"name\":\"Home\",\"item\":\"https:\\\/\\\/clarijs-fietstassen.nl\\\/de\\\/\"},{\"@type\":\"ListItem\",\"position\":2,\"name\":\"Montageanleitunge\"}]},{\"@type\":\"WebSite\",\"@id\":\"https:\\\/\\\/clarijs-fietstassen.nl\\\/de\\\/#website\",\"url\":\"https:\\\/\\\/clarijs-fietstassen.nl\\\/de\\\/\",\"name\":\"Clarijs Fietstassen\",\"description\":\"Kwaliteit &amp; ambacht sinds 1948\",\"publisher\":{\"@id\":\"https:\\\/\\\/clarijs-fietstassen.nl\\\/de\\\/#organization\"},\"potentialAction\":[{\"@type\":\"SearchAction\",\"target\":{\"@type\":\"EntryPoint\",\"urlTemplate\":\"https:\\\/\\\/clarijs-fietstassen.nl\\\/de\\\/?s={search_term_string}\"},\"query-input\":{\"@type\":\"PropertyValueSpecification\",\"valueRequired\":true,\"valueName\":\"search_term_string\"}}],\"inLanguage\":\"de\"},{\"@type\":\"Organization\",\"@id\":\"https:\\\/\\\/clarijs-fietstassen.nl\\\/de\\\/#organization\",\"name\":\"Clarijs Fietstassen\",\"url\":\"https:\\\/\\\/clarijs-fietstassen.nl\\\/de\\\/\",\"logo\":{\"@type\":\"ImageObject\",\"inLanguage\":\"de\",\"@id\":\"https:\\\/\\\/clarijs-fietstassen.nl\\\/de\\\/#\\\/schema\\\/logo\\\/image\\\/\",\"url\":\"https:\\\/\\\/clarijs-fietstassen.nl\\\/wp-content\\\/uploads\\\/2024\\\/01\\\/clarijs-logo-met-rand.jpg\",\"contentUrl\":\"https:\\\/\\\/clarijs-fietstassen.nl\\\/wp-content\\\/uploads\\\/2024\\\/01\\\/clarijs-logo-met-rand.jpg\",\"width\":560,\"height\":266,\"caption\":\"Clarijs Fietstassen\"},\"image\":{\"@id\":\"https:\\\/\\\/clarijs-fietstassen.nl\\\/de\\\/#\\\/schema\\\/logo\\\/image\\\/\"},\"sameAs\":[\"https:\\\/\\\/www.facebook.com\\\/clarijs1948\\\/\",\"https:\\\/\\\/www.instagram.com\\\/clarijscovers\\\/\"]}]}<\/script>\n<!-- \/ Yoast SEO Premium plugin. -->","yoast_head_json":{"title":"Montageanleitunge - Clarijs Fietstassen","description":"Sehen Sie sich Videos und Anleitungen f\u00fcr Clarijs Regenverdecke an. Schritt-f\u00fcr-Schritt erkl\u00e4rt, passend zu Ihrer Lastenradmarke.","robots":{"index":"index","follow":"follow","max-snippet":"max-snippet:-1","max-image-preview":"max-image-preview:large","max-video-preview":"max-video-preview:-1"},"canonical":"http:\/\/clarijs-fietstassen.nl\/handleidingen\/","og_locale":"de_DE","og_type":"article","og_title":"Montageanleitunge","og_description":"Sehen Sie sich Videos und Anleitungen f\u00fcr Clarijs Regenverdecke an. Schritt-f\u00fcr-Schritt erkl\u00e4rt, passend zu Ihrer Lastenradmarke.","og_url":"http:\/\/clarijs-fietstassen.nl\/handleidingen\/","og_site_name":"Clarijs Fietstassen","article_publisher":"https:\/\/www.facebook.com\/clarijs1948\/","article_modified_time":"2025-10-15T15:00:59+00:00","og_image":[{"width":1000,"height":1000,"url":"https:\/\/clarijs-fietstassen.nl\/wp-content\/uploads\/2025\/10\/Clarijs-Regententen-handleidingen.png","type":"image\/png"}],"twitter_card":"summary_large_image","twitter_misc":{"Gesch\u00e4tzte Lesezeit":"7\u00a0Minuten"},"schema":{"@context":"https:\/\/schema.org","@graph":[{"@type":"WebPage","@id":"http:\/\/clarijs-fietstassen.nl\/handleidingen\/","url":"http:\/\/clarijs-fietstassen.nl\/handleidingen\/","name":"Montageanleitunge - Clarijs Fietstassen","isPartOf":{"@id":"https:\/\/clarijs-fietstassen.nl\/de\/#website"},"primaryImageOfPage":{"@id":"http:\/\/clarijs-fietstassen.nl\/handleidingen\/#primaryimage"},"image":{"@id":"http:\/\/clarijs-fietstassen.nl\/handleidingen\/#primaryimage"},"thumbnailUrl":"https:\/\/clarijs-fietstassen.nl\/wp-content\/uploads\/2025\/10\/Clarijs-Regententen-handleidingen.png","datePublished":"2025-10-15T13:32:59+00:00","dateModified":"2025-10-15T15:00:59+00:00","description":"Sehen Sie sich Videos und Anleitungen f\u00fcr Clarijs Regenverdecke an. Schritt-f\u00fcr-Schritt erkl\u00e4rt, passend zu Ihrer Lastenradmarke.","breadcrumb":{"@id":"http:\/\/clarijs-fietstassen.nl\/handleidingen\/#breadcrumb"},"inLanguage":"de","potentialAction":[{"@type":"ReadAction","target":["http:\/\/clarijs-fietstassen.nl\/handleidingen\/"]}]},{"@type":"ImageObject","inLanguage":"de","@id":"http:\/\/clarijs-fietstassen.nl\/handleidingen\/#primaryimage","url":"https:\/\/clarijs-fietstassen.nl\/wp-content\/uploads\/2025\/10\/Clarijs-Regententen-handleidingen.png","contentUrl":"https:\/\/clarijs-fietstassen.nl\/wp-content\/uploads\/2025\/10\/Clarijs-Regententen-handleidingen.png","width":1000,"height":1000,"caption":"Clarijs Regenverdeck Montageanleitungen"},{"@type":"BreadcrumbList","@id":"http:\/\/clarijs-fietstassen.nl\/handleidingen\/#breadcrumb","itemListElement":[{"@type":"ListItem","position":1,"name":"Home","item":"https:\/\/clarijs-fietstassen.nl\/de\/"},{"@type":"ListItem","position":2,"name":"Montageanleitunge"}]},{"@type":"WebSite","@id":"https:\/\/clarijs-fietstassen.nl\/de\/#website","url":"https:\/\/clarijs-fietstassen.nl\/de\/","name":"Clarijs Fietstassen","description":"Kwaliteit &amp; ambacht sinds 1948","publisher":{"@id":"https:\/\/clarijs-fietstassen.nl\/de\/#organization"},"potentialAction":[{"@type":"SearchAction","target":{"@type":"EntryPoint","urlTemplate":"https:\/\/clarijs-fietstassen.nl\/de\/?s={search_term_string}"},"query-input":{"@type":"PropertyValueSpecification","valueRequired":true,"valueName":"search_term_string"}}],"inLanguage":"de"},{"@type":"Organization","@id":"https:\/\/clarijs-fietstassen.nl\/de\/#organization","name":"Clarijs Fietstassen","url":"https:\/\/clarijs-fietstassen.nl\/de\/","logo":{"@type":"ImageObject","inLanguage":"de","@id":"https:\/\/clarijs-fietstassen.nl\/de\/#\/schema\/logo\/image\/","url":"https:\/\/clarijs-fietstassen.nl\/wp-content\/uploads\/2024\/01\/clarijs-logo-met-rand.jpg","contentUrl":"https:\/\/clarijs-fietstassen.nl\/wp-content\/uploads\/2024\/01\/clarijs-logo-met-rand.jpg","width":560,"height":266,"caption":"Clarijs Fietstassen"},"image":{"@id":"https:\/\/clarijs-fietstassen.nl\/de\/#\/schema\/logo\/image\/"},"sameAs":["https:\/\/www.facebook.com\/clarijs1948\/","https:\/\/www.instagram.com\/clarijscovers\/"]}]}},"_links":{"self":[{"href":"https:\/\/clarijs-fietstassen.nl\/de\/wp-json\/wp\/v2\/pages\/58123","targetHints":{"allow":["GET"]}}],"collection":[{"href":"https:\/\/clarijs-fietstassen.nl\/de\/wp-json\/wp\/v2\/pages"}],"about":[{"href":"https:\/\/clarijs-fietstassen.nl\/de\/wp-json\/wp\/v2\/types\/page"}],"author":[{"embeddable":true,"href":"https:\/\/clarijs-fietstassen.nl\/de\/wp-json\/wp\/v2\/users\/1"}],"replies":[{"embeddable":true,"href":"https:\/\/clarijs-fietstassen.nl\/de\/wp-json\/wp\/v2\/comments?post=58123"}],"version-history":[{"count":18,"href":"https:\/\/clarijs-fietstassen.nl\/de\/wp-json\/wp\/v2\/pages\/58123\/revisions"}],"predecessor-version":[{"id":58149,"href":"https:\/\/clarijs-fietstassen.nl\/de\/wp-json\/wp\/v2\/pages\/58123\/revisions\/58149"}],"wp:featuredmedia":[{"embeddable":true,"href":"https:\/\/clarijs-fietstassen.nl\/de\/wp-json\/wp\/v2\/media\/58113"}],"wp:attachment":[{"href":"https:\/\/clarijs-fietstassen.nl\/de\/wp-json\/wp\/v2\/media?parent=58123"}],"curies":[{"name":"wp","href":"https:\/\/api.w.org\/{rel}","templated":true}]}}