{"id":59237,"date":"2025-11-19T10:27:34","date_gmt":"2025-11-19T09:27:34","guid":{"rendered":"https:\/\/clarijs-fietstassen.nl\/babboe\/"},"modified":"2025-12-01T16:26:17","modified_gmt":"2025-12-01T15:26:17","slug":"babboe-de","status":"publish","type":"page","link":"https:\/\/clarijs-fietstassen.nl\/de\/babboe-de\/","title":{"rendered":"Babboe"},"content":{"rendered":"<p>[et_pb_section fb_built=&#8221;1&#8243; _builder_version=&#8221;4.27.4&#8243; _module_preset=&#8221;default&#8221; background_color=&#8221;gcid-8bf9dfb9-5f3c-44e9-bd10-9e94aab0729c&#8221; border_width_bottom=&#8221;1px&#8221; global_colors_info=&#8221;{%22gcid-8bf9dfb9-5f3c-44e9-bd10-9e94aab0729c%22:%91%22background_color%22%93}&#8221;][et_pb_row _builder_version=&#8221;4.27.4&#8243; _module_preset=&#8221;default&#8221; hover_enabled=&#8221;0&#8243; global_colors_info=&#8221;{}&#8221; sticky_enabled=&#8221;0&#8243;][et_pb_column type=&#8221;4_4&#8243; _builder_version=&#8221;4.21.0&#8243; _module_preset=&#8221;default&#8221; hover_enabled=&#8221;0&#8243; global_colors_info=&#8221;{}&#8221; sticky_enabled=&#8221;0&#8243;][et_pb_text _builder_version=&#8221;4.27.4&#8243; _module_preset=&#8221;default&#8221; hover_enabled=&#8221;0&#8243; global_colors_info=&#8221;{}&#8221; sticky_enabled=&#8221;0&#8243;]<\/p>\n<h1><strong>Babboe<\/strong><\/h1>\n<p>Alle Babboe Lastenrad-Regenverdecke und Abdeckplanen werden von uns hergestellt, sind jedoch ausschlie\u00dflich \u00fcber <a href=\"https:\/\/www.babboe.de\/\" target=\"_blank\" rel=\"noopener\"><strong>Babboe<\/strong><\/a> und einen ihrer <a href=\"https:\/\/www.babboe.de\/storelocator\/\" target=\"_blank\" rel=\"noopener\"><strong>Handelspartner <\/strong><\/a>erh\u00e4ltlich. Auf unserer eigenen Website findest du eine Auswahl hochwertiger, praktischer und stilvoller <a href=\"https:\/\/clarijs-fietstassen.nl\/de\/bakfiets-zubehor\/\" target=\"_blank\" rel=\"noopener\"><strong>Zubeh\u00f6rprodukte<\/strong><\/a> die perfekt zu Babboe-Lastenr\u00e4dern passen \u2013 zum Beispiel unsere bequemen <a href=\"https:\/\/clarijs-fietstassen.nl\/de\/bakfiets-kissen\/\" target=\"_blank\" rel=\"noopener\"><strong>Lastenrad-Kissen<\/strong><\/a>. <\/p>\n<p>[\/et_pb_text][\/et_pb_column][\/et_pb_row][\/et_pb_section][et_pb_section fb_built=&#8221;1&#8243; _builder_version=&#8221;4.27.0&#8243; _module_preset=&#8221;default&#8221; global_colors_info=&#8221;{}&#8221;][et_pb_row column_structure=&#8221;1_2,1_2&#8243; _builder_version=&#8221;4.27.4&#8243; _module_preset=&#8221;default&#8221; global_colors_info=&#8221;{}&#8221;][et_pb_column type=&#8221;1_2&#8243; admin_label=&#8221;Tekst&#8221; _builder_version=&#8221;4.27.4&#8243; _module_preset=&#8221;default&#8221; hover_enabled=&#8221;0&#8243; global_colors_info=&#8221;{}&#8221; sticky_enabled=&#8221;0&#8243;][et_pb_text _builder_version=&#8221;4.27.4&#8243; _module_preset=&#8221;default&#8221; header_2_font_size=&#8221;28px&#8221; hover_enabled=&#8221;0&#8243; global_colors_info=&#8221;{}&#8221; sticky_enabled=&#8221;0&#8243; custom_margin=&#8221;||-15px|||&#8221;]<\/p>\n<h2>Warum ein Babboe Lastenrad-Regenverdeck?<\/h2>\n<p>Ein Regenverdeck von Babboe bietet dir mehrere Vorteile:<\/p>\n<ul>\n<li data-start=\"524\" data-end=\"735\">\n<p data-start=\"527\" data-end=\"735\"><strong>Schutz vor Wind und Wetter<\/strong><br data-start=\"557\" data-end=\"560\">Gefertigt aus starkem, wetterbest\u00e4ndigem Material, das Kinder und Gep\u00e4ck zuverl\u00e4ssig vor Regen, Sonne und Wind sch\u00fctzt. Ideal f\u00fcr den t\u00e4glichen Einsatz. <\/p>\n<\/li>\n<li data-start=\"737\" data-end=\"916\">\n<p data-start=\"740\" data-end=\"916\"><strong>Zus\u00e4tzlicher Stauraum<\/strong><br data-start=\"759\" data-end=\"762\">Die Verdecke bieten extra Platz f\u00fcr Eink\u00e4ufe, Schultaschen oder Ausflugsgep\u00e4ck. Alles bleibt trocken und ordentlich verstaut. <\/p>\n<\/li>\n<li data-start=\"918\" data-end=\"1085\">\n<p data-start=\"921\" data-end=\"1085\"><strong>Funktional und stilvoll<\/strong><br data-start=\"944\" data-end=\"947\">Babboe Regenverdecke verbinden praktische Sicherheit mit einem modernen, ansprechenden Design und geben deinem Lastenrad eine pers\u00f6nliche Note. <\/p>\n<\/li>\n<\/ul>\n<p>M\u00f6chtest du ein Babboe Regenverdeck bestellen?<\/p>\n<p>&nbsp;<\/p>\n<p>[\/et_pb_text][et_pb_button button_text=&#8221;Besuche die offizielle Website von Babboe.&#8221; _builder_version=&#8221;4.27.4&#8243; _module_preset=&#8221;default&#8221; hover_enabled=&#8221;0&#8243; sticky_enabled=&#8221;0&#8243; button_url=&#8221;https:\/\/www.babboe.nl\/&#8221; url_new_window=&#8221;on&#8221;][\/et_pb_button][\/et_pb_column][et_pb_column type=&#8221;1_2&#8243; admin_label=&#8221;Afbeelding&#8221; _builder_version=&#8221;4.27.4&#8243; _module_preset=&#8221;default&#8221; global_colors_info=&#8221;{}&#8221;][et_pb_image src=&#8221;https:\/\/clarijs-fietstassen.nl\/wp-content\/uploads\/2023\/08\/babboe-bakfiets-curve-regentent-1_1903x-300&#215;300-1.jpg&#8221; alt=&#8221;Babboe Regenzelt&#8221; title_text=&#8221;Babboe Regenzelt&#8221; _builder_version=&#8221;4.27.4&#8243; _module_preset=&#8221;default&#8221; global_colors_info=&#8221;{}&#8221;][\/et_pb_image][\/et_pb_column][\/et_pb_row][\/et_pb_section]<\/p>\n","protected":false},"excerpt":{"rendered":"<p>Babboe Alle Babboe Lastenrad-Regenverdecke und Abdeckplanen werden von uns hergestellt, sind jedoch ausschlie\u00dflich \u00fcber Babboe und einen ihrer Handelspartner erh\u00e4ltlich. Auf unserer eigenen Website findest du eine Auswahl hochwertiger, praktischer und stilvoller Zubeh\u00f6rprodukte die perfekt zu Babboe-Lastenr\u00e4dern passen \u2013 zum Beispiel unsere bequemen Lastenrad-Kissen. Warum ein Babboe Lastenrad-Regenverdeck? Ein Regenverdeck von Babboe bietet dir mehrere [&hellip;]<\/p>\n","protected":false},"author":1,"featured_media":0,"parent":0,"menu_order":0,"comment_status":"closed","ping_status":"closed","template":"","meta":{"_acf_changed":false,"_et_pb_use_builder":"on","_et_pb_old_content":"","_et_gb_content_width":"","footnotes":""},"class_list":["post-59237","page","type-page","status-publish","hentry"],"acf":[],"yoast_head":"<!-- This site is optimized with the Yoast SEO Premium plugin v27.2 (Yoast SEO v27.3) - https:\/\/yoast.com\/product\/yoast-seo-premium-wordpress\/ -->\n<title>Babboe - Clarijs Fietstassen<\/title>\n<meta name=\"robots\" content=\"index, follow, max-snippet:-1, max-image-preview:large, max-video-preview:-1\" \/>\n<link rel=\"canonical\" href=\"http:\/\/clarijs-fietstassen.nl\/babboe\/\" \/>\n<meta property=\"og:locale\" content=\"de_DE\" \/>\n<meta property=\"og:type\" content=\"article\" \/>\n<meta property=\"og:title\" content=\"Babboe\" \/>\n<meta property=\"og:description\" content=\"Babboe Alle Babboe Lastenrad-Regenverdecke und Abdeckplanen werden von uns hergestellt, sind jedoch ausschlie\u00dflich \u00fcber Babboe und einen ihrer Handelspartner erh\u00e4ltlich. Auf unserer eigenen Website findest du eine Auswahl hochwertiger, praktischer und stilvoller Zubeh\u00f6rprodukte die perfekt zu Babboe-Lastenr\u00e4dern passen \u2013 zum Beispiel unsere bequemen Lastenrad-Kissen. Warum ein Babboe Lastenrad-Regenverdeck? Ein Regenverdeck von Babboe bietet dir mehrere [&hellip;]\" \/>\n<meta property=\"og:url\" content=\"http:\/\/clarijs-fietstassen.nl\/babboe\/\" \/>\n<meta property=\"og:site_name\" content=\"Clarijs Fietstassen\" \/>\n<meta property=\"article:publisher\" content=\"https:\/\/www.facebook.com\/clarijs1948\/\" \/>\n<meta property=\"article:modified_time\" content=\"2025-12-01T15:26:17+00:00\" \/>\n<meta name=\"twitter:card\" content=\"summary_large_image\" \/>\n<meta name=\"twitter:label1\" content=\"Gesch\u00e4tzte Lesezeit\" \/>\n\t<meta name=\"twitter:data1\" content=\"2\u00a0Minuten\" \/>\n<script type=\"application\/ld+json\" class=\"yoast-schema-graph\">{\"@context\":\"https:\\\/\\\/schema.org\",\"@graph\":[{\"@type\":\"WebPage\",\"@id\":\"http:\\\/\\\/clarijs-fietstassen.nl\\\/babboe\\\/\",\"url\":\"http:\\\/\\\/clarijs-fietstassen.nl\\\/babboe\\\/\",\"name\":\"Babboe - Clarijs Fietstassen\",\"isPartOf\":{\"@id\":\"https:\\\/\\\/clarijs-fietstassen.nl\\\/de\\\/#website\"},\"datePublished\":\"2025-11-19T09:27:34+00:00\",\"dateModified\":\"2025-12-01T15:26:17+00:00\",\"breadcrumb\":{\"@id\":\"http:\\\/\\\/clarijs-fietstassen.nl\\\/babboe\\\/#breadcrumb\"},\"inLanguage\":\"de\",\"potentialAction\":[{\"@type\":\"ReadAction\",\"target\":[\"http:\\\/\\\/clarijs-fietstassen.nl\\\/babboe\\\/\"]}]},{\"@type\":\"BreadcrumbList\",\"@id\":\"http:\\\/\\\/clarijs-fietstassen.nl\\\/babboe\\\/#breadcrumb\",\"itemListElement\":[{\"@type\":\"ListItem\",\"position\":1,\"name\":\"Home\",\"item\":\"https:\\\/\\\/clarijs-fietstassen.nl\\\/de\\\/\"},{\"@type\":\"ListItem\",\"position\":2,\"name\":\"Babboe\"}]},{\"@type\":\"WebSite\",\"@id\":\"https:\\\/\\\/clarijs-fietstassen.nl\\\/de\\\/#website\",\"url\":\"https:\\\/\\\/clarijs-fietstassen.nl\\\/de\\\/\",\"name\":\"Clarijs Fietstassen\",\"description\":\"Kwaliteit &amp; ambacht sinds 1948\",\"publisher\":{\"@id\":\"https:\\\/\\\/clarijs-fietstassen.nl\\\/de\\\/#organization\"},\"potentialAction\":[{\"@type\":\"SearchAction\",\"target\":{\"@type\":\"EntryPoint\",\"urlTemplate\":\"https:\\\/\\\/clarijs-fietstassen.nl\\\/de\\\/?s={search_term_string}\"},\"query-input\":{\"@type\":\"PropertyValueSpecification\",\"valueRequired\":true,\"valueName\":\"search_term_string\"}}],\"inLanguage\":\"de\"},{\"@type\":\"Organization\",\"@id\":\"https:\\\/\\\/clarijs-fietstassen.nl\\\/de\\\/#organization\",\"name\":\"Clarijs Fietstassen\",\"url\":\"https:\\\/\\\/clarijs-fietstassen.nl\\\/de\\\/\",\"logo\":{\"@type\":\"ImageObject\",\"inLanguage\":\"de\",\"@id\":\"https:\\\/\\\/clarijs-fietstassen.nl\\\/de\\\/#\\\/schema\\\/logo\\\/image\\\/\",\"url\":\"https:\\\/\\\/clarijs-fietstassen.nl\\\/wp-content\\\/uploads\\\/2024\\\/01\\\/clarijs-logo-met-rand.jpg\",\"contentUrl\":\"https:\\\/\\\/clarijs-fietstassen.nl\\\/wp-content\\\/uploads\\\/2024\\\/01\\\/clarijs-logo-met-rand.jpg\",\"width\":560,\"height\":266,\"caption\":\"Clarijs Fietstassen\"},\"image\":{\"@id\":\"https:\\\/\\\/clarijs-fietstassen.nl\\\/de\\\/#\\\/schema\\\/logo\\\/image\\\/\"},\"sameAs\":[\"https:\\\/\\\/www.facebook.com\\\/clarijs1948\\\/\",\"https:\\\/\\\/www.instagram.com\\\/clarijscovers\\\/\"]}]}<\/script>\n<!-- \/ Yoast SEO Premium plugin. -->","yoast_head_json":{"title":"Babboe - Clarijs Fietstassen","robots":{"index":"index","follow":"follow","max-snippet":"max-snippet:-1","max-image-preview":"max-image-preview:large","max-video-preview":"max-video-preview:-1"},"canonical":"http:\/\/clarijs-fietstassen.nl\/babboe\/","og_locale":"de_DE","og_type":"article","og_title":"Babboe","og_description":"Babboe Alle Babboe Lastenrad-Regenverdecke und Abdeckplanen werden von uns hergestellt, sind jedoch ausschlie\u00dflich \u00fcber Babboe und einen ihrer Handelspartner erh\u00e4ltlich. Auf unserer eigenen Website findest du eine Auswahl hochwertiger, praktischer und stilvoller Zubeh\u00f6rprodukte die perfekt zu Babboe-Lastenr\u00e4dern passen \u2013 zum Beispiel unsere bequemen Lastenrad-Kissen. Warum ein Babboe Lastenrad-Regenverdeck? Ein Regenverdeck von Babboe bietet dir mehrere [&hellip;]","og_url":"http:\/\/clarijs-fietstassen.nl\/babboe\/","og_site_name":"Clarijs Fietstassen","article_publisher":"https:\/\/www.facebook.com\/clarijs1948\/","article_modified_time":"2025-12-01T15:26:17+00:00","twitter_card":"summary_large_image","twitter_misc":{"Gesch\u00e4tzte Lesezeit":"2\u00a0Minuten"},"schema":{"@context":"https:\/\/schema.org","@graph":[{"@type":"WebPage","@id":"http:\/\/clarijs-fietstassen.nl\/babboe\/","url":"http:\/\/clarijs-fietstassen.nl\/babboe\/","name":"Babboe - Clarijs Fietstassen","isPartOf":{"@id":"https:\/\/clarijs-fietstassen.nl\/de\/#website"},"datePublished":"2025-11-19T09:27:34+00:00","dateModified":"2025-12-01T15:26:17+00:00","breadcrumb":{"@id":"http:\/\/clarijs-fietstassen.nl\/babboe\/#breadcrumb"},"inLanguage":"de","potentialAction":[{"@type":"ReadAction","target":["http:\/\/clarijs-fietstassen.nl\/babboe\/"]}]},{"@type":"BreadcrumbList","@id":"http:\/\/clarijs-fietstassen.nl\/babboe\/#breadcrumb","itemListElement":[{"@type":"ListItem","position":1,"name":"Home","item":"https:\/\/clarijs-fietstassen.nl\/de\/"},{"@type":"ListItem","position":2,"name":"Babboe"}]},{"@type":"WebSite","@id":"https:\/\/clarijs-fietstassen.nl\/de\/#website","url":"https:\/\/clarijs-fietstassen.nl\/de\/","name":"Clarijs Fietstassen","description":"Kwaliteit &amp; ambacht sinds 1948","publisher":{"@id":"https:\/\/clarijs-fietstassen.nl\/de\/#organization"},"potentialAction":[{"@type":"SearchAction","target":{"@type":"EntryPoint","urlTemplate":"https:\/\/clarijs-fietstassen.nl\/de\/?s={search_term_string}"},"query-input":{"@type":"PropertyValueSpecification","valueRequired":true,"valueName":"search_term_string"}}],"inLanguage":"de"},{"@type":"Organization","@id":"https:\/\/clarijs-fietstassen.nl\/de\/#organization","name":"Clarijs Fietstassen","url":"https:\/\/clarijs-fietstassen.nl\/de\/","logo":{"@type":"ImageObject","inLanguage":"de","@id":"https:\/\/clarijs-fietstassen.nl\/de\/#\/schema\/logo\/image\/","url":"https:\/\/clarijs-fietstassen.nl\/wp-content\/uploads\/2024\/01\/clarijs-logo-met-rand.jpg","contentUrl":"https:\/\/clarijs-fietstassen.nl\/wp-content\/uploads\/2024\/01\/clarijs-logo-met-rand.jpg","width":560,"height":266,"caption":"Clarijs Fietstassen"},"image":{"@id":"https:\/\/clarijs-fietstassen.nl\/de\/#\/schema\/logo\/image\/"},"sameAs":["https:\/\/www.facebook.com\/clarijs1948\/","https:\/\/www.instagram.com\/clarijscovers\/"]}]}},"_links":{"self":[{"href":"https:\/\/clarijs-fietstassen.nl\/de\/wp-json\/wp\/v2\/pages\/59237","targetHints":{"allow":["GET"]}}],"collection":[{"href":"https:\/\/clarijs-fietstassen.nl\/de\/wp-json\/wp\/v2\/pages"}],"about":[{"href":"https:\/\/clarijs-fietstassen.nl\/de\/wp-json\/wp\/v2\/types\/page"}],"author":[{"embeddable":true,"href":"https:\/\/clarijs-fietstassen.nl\/de\/wp-json\/wp\/v2\/users\/1"}],"replies":[{"embeddable":true,"href":"https:\/\/clarijs-fietstassen.nl\/de\/wp-json\/wp\/v2\/comments?post=59237"}],"version-history":[{"count":7,"href":"https:\/\/clarijs-fietstassen.nl\/de\/wp-json\/wp\/v2\/pages\/59237\/revisions"}],"predecessor-version":[{"id":59593,"href":"https:\/\/clarijs-fietstassen.nl\/de\/wp-json\/wp\/v2\/pages\/59237\/revisions\/59593"}],"wp:attachment":[{"href":"https:\/\/clarijs-fietstassen.nl\/de\/wp-json\/wp\/v2\/media?parent=59237"}],"curies":[{"name":"wp","href":"https:\/\/api.w.org\/{rel}","templated":true}]}}