{"id":63316,"date":"2026-02-11T16:37:47","date_gmt":"2026-02-11T15:37:47","guid":{"rendered":"https:\/\/clarijs-fietstassen.nl\/?page_id=63316"},"modified":"2026-02-12T11:21:21","modified_gmt":"2026-02-12T10:21:21","slug":"vorteil-sets-von-clarijs","status":"publish","type":"page","link":"https:\/\/clarijs-fietstassen.nl\/de\/vorteil-sets-von-clarijs\/","title":{"rendered":"Vorteil-Sets von Clarijs"},"content":{"rendered":"<p>[et_pb_section fb_built=&#8221;1&#8243; _builder_version=&#8221;4.27.4&#8243; _module_preset=&#8221;default&#8221; background_color=&#8221;gcid-8bf9dfb9-5f3c-44e9-bd10-9e94aab0729c&#8221; custom_padding=&#8221;88px|||||&#8221; border_width_bottom=&#8221;1px&#8221; locked=&#8221;off&#8221; global_colors_info=&#8221;{%22gcid-8bf9dfb9-5f3c-44e9-bd10-9e94aab0729c%22:%91%22background_color%22%93}&#8221;][et_pb_row _builder_version=&#8221;4.21.0&#8243; _module_preset=&#8221;default&#8221; custom_padding=&#8221;||27px|||&#8221; global_colors_info=&#8221;{}&#8221;][et_pb_column type=&#8221;4_4&#8243; _builder_version=&#8221;4.21.0&#8243; _module_preset=&#8221;default&#8221; global_colors_info=&#8221;{}&#8221;][et_pb_text _builder_version=&#8221;4.27.4&#8243; _module_preset=&#8221;default&#8221; global_colors_info=&#8221;{}&#8221;]<\/p>\n<div class=\"wpb_text_column wpb_content_element \">\n<div class=\"wpb_wrapper\">\n<div class=\"wpb_text_column wpb_content_element \">\n<div class=\"wpb_wrapper\">\n<h1><strong>Vorteilsets<\/strong><\/h1>\n<\/div>\n<\/div>\n<div class=\"wpb_text_column wpb_content_element \">\n<div class=\"wpb_wrapper\">\n<article class=\"text-token-text-primary w-full focus:outline-none [--shadow-height:45px] has-data-writing-block:pointer-events-none has-data-writing-block:-mt-(--shadow-height) has-data-writing-block:pt-(--shadow-height) [&amp;:has([data-writing-block])&gt;*]:pointer-events-auto scroll-mt-[calc(var(--header-height)+min(200px,max(70px,20svh)))]\" dir=\"auto\" data-turn-id=\"760bd141-6792-4697-996c-f49e38186224\" data-testid=\"conversation-turn-4\" data-scroll-anchor=\"true\" data-turn=\"assistant\" tabindex=\"-1\">\n<div class=\"text-base my-auto mx-auto pb-10 [--thread-content-margin:--spacing(4)] thread-sm:[--thread-content-margin:--spacing(6)] thread-lg:[--thread-content-margin:--spacing(16)] px-(--thread-content-margin)\">\n<div class=\"[--thread-content-max-width:40rem] thread-lg:[--thread-content-max-width:48rem] mx-auto max-w-(--thread-content-max-width) flex-1 group\/turn-messages focus-visible:outline-hidden relative flex w-full min-w-0 flex-col agent-turn\" tabindex=\"-1\">\n<div class=\"flex max-w-full flex-col grow\">\n<div data-message-author-role=\"assistant\" data-message-id=\"349fddf0-eb7d-4a82-8753-7f7c667fe331\" dir=\"auto\" class=\"min-h-8 text-message relative flex w-full flex-col items-end gap-2 text-start break-words whitespace-normal [.text-message+&amp;]:mt-1\" data-message-model-slug=\"gpt-5\">\n<div class=\"flex w-full flex-col gap-1 empty:hidden first:pt-[1px]\">\n<div class=\"markdown prose dark:prose-invert w-full break-words light markdown-new-styling\">\n<p data-start=\"0\" data-end=\"189\" data-is-last-node=\"\" data-is-only-node=\"\">Mit den Vorteilsets von Clarijs stellen Sie ganz einfach eine clevere Kombination aus Produkten zusammen, die perfekt zueinander passen. Durch das Kombinieren von Produkten profitieren Sie von einem attraktiven Setrabatt. So machen Sie Ihre Fahrradausstattung komplett und zugleich preiswerter.  <\/p>\n<\/div>\n<\/div>\n<\/div>\n<\/div>\n<div class=\"z-0 flex min-h-[46px] justify-start\"><\/div>\n<div class=\"mt-3 w-full empty:hidden\">\n<div class=\"text-center\"><\/div>\n<\/div>\n<\/div>\n<\/div>\n<\/article>\n<div aria-hidden=\"true\" data-edge=\"true\" class=\"pointer-events-none h-px w-px\"><\/div>\n<\/div>\n<\/div>\n<\/div>\n<\/div>\n<p>[\/et_pb_text][\/et_pb_column][\/et_pb_row][\/et_pb_section][et_pb_section fb_built=&#8221;1&#8243; _builder_version=&#8221;4.27.4&#8243; _module_preset=&#8221;default&#8221; global_colors_info=&#8221;{}&#8221;][et_pb_row column_structure=&#8221;1_2,1_2&#8243; _builder_version=&#8221;4.27.4&#8243; _module_preset=&#8221;default&#8221; global_colors_info=&#8221;{}&#8221;][et_pb_column type=&#8221;1_2&#8243; _builder_version=&#8221;4.27.4&#8243; _module_preset=&#8221;default&#8221; global_colors_info=&#8221;{}&#8221;][et_pb_image src=&#8221;https:\/\/clarijs-fietstassen.nl\/wp-content\/uploads\/2025\/02\/Dubbele-Fietstas-Inhoud.png&#8221; alt=&#8221;Doppelte Fahrradtasche Inhalt&#8221; title_text=&#8221;Doppelte Fahrradtasche Inhalt&#8221; align=&#8221;center&#8221; module_id=&#8221;urbanarrow-shorty&#8221; _builder_version=&#8221;4.27.4&#8243; _module_preset=&#8221;default&#8221; width=&#8221;50%&#8221; max_width=&#8221;50%&#8221; global_colors_info=&#8221;{}&#8221;][\/et_pb_image][\/et_pb_column][et_pb_column type=&#8221;1_2&#8243; _builder_version=&#8221;4.27.4&#8243; _module_preset=&#8221;default&#8221; global_colors_info=&#8221;{}&#8221;][et_pb_text _builder_version=&#8221;4.27.4&#8243; _module_preset=&#8221;default&#8221; global_colors_info=&#8221;{}&#8221;]<\/p>\n<h4>\u2611\ufe0e Einfach und schnell kombinieren<\/h4>\n<p data-start=\"783\" data-end=\"895\">Bei ausgew\u00e4hlten Produkten k\u00f6nnen Sie direkt einen passenden Artikel ausw\u00e4hlen.<\/p>\n<p data-start=\"897\" data-end=\"1137\">W\u00e4hlen Sie zum Beispiel eine Doppeltasche und kreuzen Sie die Option \u2611\ufe0e &#8216;Passender Shopper&#8217; an. Sie erhalten dann einen perfekt passenden Shopper in der gleichen Farbe wie die gew\u00e4hlte Doppeltasche und profitieren von einem Rabatt von 20% auf den Shopper. Der Rabatt wird automatisch in Ihrem Einkaufskorb berechnet.  <\/p>\n<p data-start=\"1139\" data-end=\"1182\">Schnell geregelt und perfekt aufeinander abgestimmt.<\/p>\n<p>[\/et_pb_text][et_pb_button button_url=&#8221;https:\/\/clarijs-fietstassen.nl\/de\/fahrradtaschen\/&#8221; url_new_window=&#8221;on&#8221; button_text=&#8221;Doppelfahrradtaschen ansehen&#8221; _builder_version=&#8221;4.27.4&#8243; _module_preset=&#8221;default&#8221; global_colors_info=&#8221;{}&#8221;][\/et_pb_button][\/et_pb_column][\/et_pb_row][et_pb_row column_structure=&#8221;1_2,1_2&#8243; _builder_version=&#8221;4.27.4&#8243; _module_preset=&#8221;default&#8221; global_colors_info=&#8221;{}&#8221;][et_pb_column type=&#8221;1_2&#8243; _builder_version=&#8221;4.27.4&#8243; _module_preset=&#8221;default&#8221; global_colors_info=&#8221;{}&#8221;][et_pb_image src=&#8221;https:\/\/clarijs-fietstassen.nl\/wp-content\/uploads\/2026\/02\/voordeelset-combi.png&#8221; alt=&#8221;Doppelte Fahrradtasche Inhalt&#8221; title_text=&#8221;Vorteilsets&#8221; align=&#8221;center&#8221; module_id=&#8221;urbanarrow-shorty&#8221; _builder_version=&#8221;4.27.4&#8243; _module_preset=&#8221;default&#8221; width=&#8221;50%&#8221; max_width=&#8221;50%&#8221; global_colors_info=&#8221;{}&#8221;][\/et_pb_image][\/et_pb_column][et_pb_column type=&#8221;1_2&#8243; _builder_version=&#8221;4.27.4&#8243; _module_preset=&#8221;default&#8221; global_colors_info=&#8221;{}&#8221;][et_pb_text _builder_version=&#8221;4.27.4&#8243; _module_preset=&#8221;default&#8221; global_colors_info=&#8221;{}&#8221;]<\/p>\n<h4>Selbst kombinieren<\/h4>\n<p data-start=\"783\" data-end=\"895\">M\u00f6chten Sie mehr Freiheit bei Farbe oder Modell? Dann w\u00e4hlen Sie zuerst Ihre Doppelpacktasche und f\u00fcgen Sie dann selbst \u00fcber die entsprechende Kategorie einen passenden Shopper hinzu. Auch bei dieser Kombination erhalten Sie einen Rabatt von 20% auf den Shopper.  <\/p>\n<p data-start=\"1393\" data-end=\"1648\">Sie k\u00f6nnen verschiedene Farben und Drucke kombinieren. Denken Sie an einen Shopper mit langen Henkeln, eine Version mit Rei\u00dfverschluss oder mit Druck. Sobald Sie eine g\u00fcltige Kombination ausgew\u00e4hlt haben, wird der Rabatt automatisch in Ihrem Einkaufskorb angewendet.  <\/p>\n<p data-start=\"1650\" data-end=\"1690\">Mehr Auswahl, Ihr Stil, Ihre Kombination.<\/p>\n<p>[\/et_pb_text][et_pb_button button_url=&#8221;https:\/\/clarijs-fietstassen.nl\/de\/fahrradtaschen\/&#8221; url_new_window=&#8221;on&#8221; button_text=&#8221;Doppelfahrradtaschen ansehen&#8221; _builder_version=&#8221;4.27.4&#8243; _module_preset=&#8221;default&#8221; global_colors_info=&#8221;{}&#8221;][\/et_pb_button][et_pb_button button_url=&#8221;https:\/\/clarijs-fietstassen.nl\/de\/shoppers-de\/&#8221; url_new_window=&#8221;on&#8221; button_text=&#8221;Shoppers ansehen&#8221; _builder_version=&#8221;4.27.4&#8243; _module_preset=&#8221;default&#8221; global_colors_info=&#8221;{}&#8221;][\/et_pb_button][\/et_pb_column][\/et_pb_row][et_pb_row _builder_version=&#8221;4.27.4&#8243; _module_preset=&#8221;default&#8221; global_colors_info=&#8221;{}&#8221;][et_pb_column type=&#8221;4_4&#8243; _builder_version=&#8221;4.27.4&#8243; _module_preset=&#8221;default&#8221; global_colors_info=&#8221;{}&#8221;][et_pb_code _builder_version=&#8221;4.27.4&#8243; _module_preset=&#8221;default&#8221; global_colors_info=&#8221;{}&#8221;]<\/p>\n<div class=\"clarijs-voordeelset-blok\"><!-- [et_pb_line_break_holder] -->  <\/p>\n<h2>Warum ein Vorteilset w\u00e4hlen?<\/h2>\n<p><!-- [et_pb_line_break_holder] -->  <!-- [et_pb_line_break_holder] -->  <\/p>\n<ul class=\"clarijs-voordeelset-lijst\"><!-- [et_pb_line_break_holder] -->    <\/p>\n<li>Produkte, die in Gr\u00f6\u00dfe und Nutzung perfekt aufeinander abgestimmt sind<\/li>\n<p><!-- [et_pb_line_break_holder] -->    <\/p>\n<li>Einfache Kombination \u00fcber Produktseite oder Kategorie<\/li>\n<p><!-- [et_pb_line_break_holder] -->    <\/p>\n<li>Automatische Verrechnung des Setrabatts<\/li>\n<p><!-- [et_pb_line_break_holder] -->    <\/p>\n<li>Ideal, um Ihre Fahrradausstattung auf einmal zu vervollst\u00e4ndigen<\/li>\n<p><!-- [et_pb_line_break_holder] -->  <\/ul>\n<p><!-- [et_pb_line_break_holder] --><!-- [et_pb_line_break_holder] -->  <pee class=\"clarijs-voordeelset-cta\"><!-- [et_pb_line_break_holder] --> Stellen Sie noch heute Ihr Vorteilset zusammen und profitieren Sie von einer cleveren Kombination!<!-- [et_pb_line_break_holder] -->  <\/pee><!-- [et_pb_line_break_holder] --><\/div>\n<p><!-- [et_pb_line_break_holder] --><!-- [et_pb_line_break_holder] --><\/p>\n<style><!-- [et_pb_line_break_holder] -->.clarijs-voordeelset-blok {<!-- [et_pb_line_break_holder] -->  max-width: 800px;<!-- [et_pb_line_break_holder] -->  margin: 0 auto;<!-- [et_pb_line_break_holder] -->}<!-- [et_pb_line_break_holder] --><!-- [et_pb_line_break_holder] -->.clarijs-voordeelset-blok h2 {<!-- [et_pb_line_break_holder] -->  margin-bottom: 20px;<!-- [et_pb_line_break_holder] -->}<!-- [et_pb_line_break_holder] --><!-- [et_pb_line_break_holder] -->.clarijs-voordeelset-lijst {<!-- [et_pb_line_break_holder] -->  list-style-type: disc;<!-- [et_pb_line_break_holder] -->  padding-left: 20px;<!-- [et_pb_line_break_holder] -->  margin-bottom: 25px;<!-- [et_pb_line_break_holder] -->}<!-- [et_pb_line_break_holder] --><!-- [et_pb_line_break_holder] -->.clarijs-voordeelset-lijst li {<!-- [et_pb_line_break_holder] -->  margin-bottom: 12px;<!-- [et_pb_line_break_holder] -->}<!-- [et_pb_line_break_holder] --><!-- [et_pb_line_break_holder] -->.clarijs-voordeelset-cta {<!-- [et_pb_line_break_holder] -->  font-size: 18px;<!-- [et_pb_line_break_holder] -->  margin-top: 20px;<!-- [et_pb_line_break_holder] -->}<!-- [et_pb_line_break_holder] --><\/style>\n<p><!-- [et_pb_line_break_holder] -->[\/et_pb_code][\/et_pb_column][\/et_pb_row][et_pb_row _builder_version=&#8221;4.27.4&#8243; _module_preset=&#8221;default&#8221; global_colors_info=&#8221;{}&#8221;][et_pb_column type=&#8221;4_4&#8243; _builder_version=&#8221;4.27.4&#8243; _module_preset=&#8221;default&#8221; global_colors_info=&#8221;{}&#8221;][et_pb_divider _builder_version=&#8221;4.27.4&#8243; _module_preset=&#8221;default&#8221; global_colors_info=&#8221;{}&#8221;][\/et_pb_divider][\/et_pb_column][\/et_pb_row][et_pb_row column_structure=&#8221;1_2,1_2&#8243; _builder_version=&#8221;4.27.4&#8243; _module_preset=&#8221;default&#8221; global_colors_info=&#8221;{}&#8221;][et_pb_column type=&#8221;1_2&#8243; _builder_version=&#8221;4.27.4&#8243; _module_preset=&#8221;default&#8221; global_colors_info=&#8221;{}&#8221;][et_pb_image src=&#8221;https:\/\/clarijs-fietstassen.nl\/wp-content\/uploads\/2023\/07\/Clarijs_03-9-1.png&#8221; alt=&#8221;Longtail Universal Fahrradtasche&#8221; title_text=&#8221;Longtail Universal Fahrradtasche&#8221; align=&#8221;center&#8221; module_id=&#8221;urbanarrow-shorty&#8221; _builder_version=&#8221;4.27.4&#8243; _module_preset=&#8221;default&#8221; width=&#8221;50%&#8221; max_width=&#8221;50%&#8221; global_colors_info=&#8221;{}&#8221;][\/et_pb_image][\/et_pb_column][et_pb_column type=&#8221;1_2&#8243; _builder_version=&#8221;4.27.4&#8243; _module_preset=&#8221;default&#8221; global_colors_info=&#8221;{}&#8221;][et_pb_text _builder_version=&#8221;4.27.4&#8243; _module_preset=&#8221;default&#8221; global_colors_info=&#8221;{}&#8221;]<\/p>\n<h4>Long Tail Fahrradtasche Universal \u2013 Vorteil beim Kauf von 2 St\u00fcck<\/h4>\n<p data-start=\"180\" data-end=\"295\">Perfekt f\u00fcr alle, die links und rechts eine Tasche montieren m\u00f6chten \u2013 f\u00fcr maximale Stauraum und ein stimmiges Gesamtbild am Fahrrad.<\/p>\n<p data-start=\"297\" data-end=\"477\">Bestellen Sie eine Tasche f\u00fcr \u20ac159.<br data-start=\"335\" data-end=\"338\">W\u00e4hlen Sie zwei identische Taschen und profitieren Sie vom Setpreis von \u20ac259.<\/p>\n<p>[\/et_pb_text][et_pb_button button_url=&#8221;https:\/\/clarijs-fietstassen.nl\/de\/produkt\/longtail-universal-gepaecktraegertaschen-set-2-stueck\/&#8221; url_new_window=&#8221;on&#8221; button_text=&#8221;Profitieren Sie vom Vorteil der Long Tail Fahrradtasche Universal&#8221; _builder_version=&#8221;4.27.4&#8243; _module_preset=&#8221;default&#8221; global_colors_info=&#8221;{}&#8221;][\/et_pb_button][\/et_pb_column][\/et_pb_row][\/et_pb_section]<\/p>\n","protected":false},"excerpt":{"rendered":"<p>Vorteilsets Mit den Vorteilsets von Clarijs stellen Sie ganz einfach eine clevere Kombination aus Produkten zusammen, die perfekt zueinander passen. Durch das Kombinieren von Produkten profitieren Sie von einem attraktiven Setrabatt. So machen Sie Ihre Fahrradausstattung komplett und zugleich preiswerter. \u2611\ufe0e Einfach und schnell kombinieren Bei ausgew\u00e4hlten Produkten k\u00f6nnen Sie direkt einen passenden Artikel ausw\u00e4hlen. [&hellip;]<\/p>\n","protected":false},"author":1,"featured_media":0,"parent":0,"menu_order":0,"comment_status":"closed","ping_status":"closed","template":"","meta":{"_acf_changed":false,"_et_pb_use_builder":"on","_et_pb_old_content":"","_et_gb_content_width":"","footnotes":""},"class_list":["post-63316","page","type-page","status-publish","hentry"],"acf":[],"yoast_head":"<!-- This site is optimized with the Yoast SEO Premium plugin v27.2 (Yoast SEO v27.3) - https:\/\/yoast.com\/product\/yoast-seo-premium-wordpress\/ -->\n<title>Vorteil-Sets von Clarijs - Clarijs Fietstassen<\/title>\n<meta name=\"description\" content=\"Entdecken Sie die Vorteilsets von Clarijs. Kombinieren Sie eine Doppelfahrradtasche mit einer Shopper und profitieren Sie von Setrabatt. Auch Longtail-Fahrradtaschen mit Rabatt.\" \/>\n<meta name=\"robots\" content=\"index, follow, max-snippet:-1, max-image-preview:large, max-video-preview:-1\" \/>\n<link rel=\"canonical\" href=\"https:\/\/clarijs-fietstassen.nl\/de\/vorteil-sets-von-clarijs\/\" \/>\n<meta property=\"og:locale\" content=\"de_DE\" \/>\n<meta property=\"og:type\" content=\"article\" \/>\n<meta property=\"og:title\" content=\"Vorteil-Sets von Clarijs\" \/>\n<meta property=\"og:description\" content=\"Entdecken Sie die Vorteilsets von Clarijs. Kombinieren Sie eine Doppelfahrradtasche mit einer Shopper und profitieren Sie von Setrabatt. Auch Longtail-Fahrradtaschen mit Rabatt.\" \/>\n<meta property=\"og:url\" content=\"https:\/\/clarijs-fietstassen.nl\/de\/vorteil-sets-von-clarijs\/\" \/>\n<meta property=\"og:site_name\" content=\"Clarijs Fietstassen\" \/>\n<meta property=\"article:publisher\" content=\"https:\/\/www.facebook.com\/clarijs1948\/\" \/>\n<meta property=\"article:modified_time\" content=\"2026-02-12T10:21:21+00:00\" \/>\n<meta name=\"twitter:card\" content=\"summary_large_image\" \/>\n<meta name=\"twitter:label1\" content=\"Gesch\u00e4tzte Lesezeit\" \/>\n\t<meta name=\"twitter:data1\" content=\"5\u00a0Minuten\" \/>\n<script type=\"application\/ld+json\" class=\"yoast-schema-graph\">{\"@context\":\"https:\\\/\\\/schema.org\",\"@graph\":[{\"@type\":\"WebPage\",\"@id\":\"https:\\\/\\\/clarijs-fietstassen.nl\\\/de\\\/vorteil-sets-von-clarijs\\\/\",\"url\":\"https:\\\/\\\/clarijs-fietstassen.nl\\\/de\\\/vorteil-sets-von-clarijs\\\/\",\"name\":\"Vorteil-Sets von Clarijs - Clarijs Fietstassen\",\"isPartOf\":{\"@id\":\"https:\\\/\\\/clarijs-fietstassen.nl\\\/de\\\/#website\"},\"datePublished\":\"2026-02-11T15:37:47+00:00\",\"dateModified\":\"2026-02-12T10:21:21+00:00\",\"description\":\"Entdecken Sie die Vorteilsets von Clarijs. Kombinieren Sie eine Doppelfahrradtasche mit einer Shopper und profitieren Sie von Setrabatt. Auch Longtail-Fahrradtaschen mit Rabatt.\",\"breadcrumb\":{\"@id\":\"https:\\\/\\\/clarijs-fietstassen.nl\\\/de\\\/vorteil-sets-von-clarijs\\\/#breadcrumb\"},\"inLanguage\":\"de\",\"potentialAction\":[{\"@type\":\"ReadAction\",\"target\":[\"https:\\\/\\\/clarijs-fietstassen.nl\\\/de\\\/vorteil-sets-von-clarijs\\\/\"]}]},{\"@type\":\"BreadcrumbList\",\"@id\":\"https:\\\/\\\/clarijs-fietstassen.nl\\\/de\\\/vorteil-sets-von-clarijs\\\/#breadcrumb\",\"itemListElement\":[{\"@type\":\"ListItem\",\"position\":1,\"name\":\"Home\",\"item\":\"https:\\\/\\\/clarijs-fietstassen.nl\\\/de\\\/\"},{\"@type\":\"ListItem\",\"position\":2,\"name\":\"Vorteil-Sets von Clarijs\"}]},{\"@type\":\"WebSite\",\"@id\":\"https:\\\/\\\/clarijs-fietstassen.nl\\\/de\\\/#website\",\"url\":\"https:\\\/\\\/clarijs-fietstassen.nl\\\/de\\\/\",\"name\":\"Clarijs Fietstassen\",\"description\":\"Kwaliteit &amp; ambacht sinds 1948\",\"publisher\":{\"@id\":\"https:\\\/\\\/clarijs-fietstassen.nl\\\/de\\\/#organization\"},\"potentialAction\":[{\"@type\":\"SearchAction\",\"target\":{\"@type\":\"EntryPoint\",\"urlTemplate\":\"https:\\\/\\\/clarijs-fietstassen.nl\\\/de\\\/?s={search_term_string}\"},\"query-input\":{\"@type\":\"PropertyValueSpecification\",\"valueRequired\":true,\"valueName\":\"search_term_string\"}}],\"inLanguage\":\"de\"},{\"@type\":\"Organization\",\"@id\":\"https:\\\/\\\/clarijs-fietstassen.nl\\\/de\\\/#organization\",\"name\":\"Clarijs Fietstassen\",\"url\":\"https:\\\/\\\/clarijs-fietstassen.nl\\\/de\\\/\",\"logo\":{\"@type\":\"ImageObject\",\"inLanguage\":\"de\",\"@id\":\"https:\\\/\\\/clarijs-fietstassen.nl\\\/de\\\/#\\\/schema\\\/logo\\\/image\\\/\",\"url\":\"https:\\\/\\\/clarijs-fietstassen.nl\\\/wp-content\\\/uploads\\\/2024\\\/01\\\/clarijs-logo-met-rand.jpg\",\"contentUrl\":\"https:\\\/\\\/clarijs-fietstassen.nl\\\/wp-content\\\/uploads\\\/2024\\\/01\\\/clarijs-logo-met-rand.jpg\",\"width\":560,\"height\":266,\"caption\":\"Clarijs Fietstassen\"},\"image\":{\"@id\":\"https:\\\/\\\/clarijs-fietstassen.nl\\\/de\\\/#\\\/schema\\\/logo\\\/image\\\/\"},\"sameAs\":[\"https:\\\/\\\/www.facebook.com\\\/clarijs1948\\\/\",\"https:\\\/\\\/www.instagram.com\\\/clarijscovers\\\/\"]}]}<\/script>\n<!-- \/ Yoast SEO Premium plugin. -->","yoast_head_json":{"title":"Vorteil-Sets von Clarijs - Clarijs Fietstassen","description":"Entdecken Sie die Vorteilsets von Clarijs. Kombinieren Sie eine Doppelfahrradtasche mit einer Shopper und profitieren Sie von Setrabatt. Auch Longtail-Fahrradtaschen mit Rabatt.","robots":{"index":"index","follow":"follow","max-snippet":"max-snippet:-1","max-image-preview":"max-image-preview:large","max-video-preview":"max-video-preview:-1"},"canonical":"https:\/\/clarijs-fietstassen.nl\/de\/vorteil-sets-von-clarijs\/","og_locale":"de_DE","og_type":"article","og_title":"Vorteil-Sets von Clarijs","og_description":"Entdecken Sie die Vorteilsets von Clarijs. Kombinieren Sie eine Doppelfahrradtasche mit einer Shopper und profitieren Sie von Setrabatt. Auch Longtail-Fahrradtaschen mit Rabatt.","og_url":"https:\/\/clarijs-fietstassen.nl\/de\/vorteil-sets-von-clarijs\/","og_site_name":"Clarijs Fietstassen","article_publisher":"https:\/\/www.facebook.com\/clarijs1948\/","article_modified_time":"2026-02-12T10:21:21+00:00","twitter_card":"summary_large_image","twitter_misc":{"Gesch\u00e4tzte Lesezeit":"5\u00a0Minuten"},"schema":{"@context":"https:\/\/schema.org","@graph":[{"@type":"WebPage","@id":"https:\/\/clarijs-fietstassen.nl\/de\/vorteil-sets-von-clarijs\/","url":"https:\/\/clarijs-fietstassen.nl\/de\/vorteil-sets-von-clarijs\/","name":"Vorteil-Sets von Clarijs - Clarijs Fietstassen","isPartOf":{"@id":"https:\/\/clarijs-fietstassen.nl\/de\/#website"},"datePublished":"2026-02-11T15:37:47+00:00","dateModified":"2026-02-12T10:21:21+00:00","description":"Entdecken Sie die Vorteilsets von Clarijs. Kombinieren Sie eine Doppelfahrradtasche mit einer Shopper und profitieren Sie von Setrabatt. Auch Longtail-Fahrradtaschen mit Rabatt.","breadcrumb":{"@id":"https:\/\/clarijs-fietstassen.nl\/de\/vorteil-sets-von-clarijs\/#breadcrumb"},"inLanguage":"de","potentialAction":[{"@type":"ReadAction","target":["https:\/\/clarijs-fietstassen.nl\/de\/vorteil-sets-von-clarijs\/"]}]},{"@type":"BreadcrumbList","@id":"https:\/\/clarijs-fietstassen.nl\/de\/vorteil-sets-von-clarijs\/#breadcrumb","itemListElement":[{"@type":"ListItem","position":1,"name":"Home","item":"https:\/\/clarijs-fietstassen.nl\/de\/"},{"@type":"ListItem","position":2,"name":"Vorteil-Sets von Clarijs"}]},{"@type":"WebSite","@id":"https:\/\/clarijs-fietstassen.nl\/de\/#website","url":"https:\/\/clarijs-fietstassen.nl\/de\/","name":"Clarijs Fietstassen","description":"Kwaliteit &amp; ambacht sinds 1948","publisher":{"@id":"https:\/\/clarijs-fietstassen.nl\/de\/#organization"},"potentialAction":[{"@type":"SearchAction","target":{"@type":"EntryPoint","urlTemplate":"https:\/\/clarijs-fietstassen.nl\/de\/?s={search_term_string}"},"query-input":{"@type":"PropertyValueSpecification","valueRequired":true,"valueName":"search_term_string"}}],"inLanguage":"de"},{"@type":"Organization","@id":"https:\/\/clarijs-fietstassen.nl\/de\/#organization","name":"Clarijs Fietstassen","url":"https:\/\/clarijs-fietstassen.nl\/de\/","logo":{"@type":"ImageObject","inLanguage":"de","@id":"https:\/\/clarijs-fietstassen.nl\/de\/#\/schema\/logo\/image\/","url":"https:\/\/clarijs-fietstassen.nl\/wp-content\/uploads\/2024\/01\/clarijs-logo-met-rand.jpg","contentUrl":"https:\/\/clarijs-fietstassen.nl\/wp-content\/uploads\/2024\/01\/clarijs-logo-met-rand.jpg","width":560,"height":266,"caption":"Clarijs Fietstassen"},"image":{"@id":"https:\/\/clarijs-fietstassen.nl\/de\/#\/schema\/logo\/image\/"},"sameAs":["https:\/\/www.facebook.com\/clarijs1948\/","https:\/\/www.instagram.com\/clarijscovers\/"]}]}},"_links":{"self":[{"href":"https:\/\/clarijs-fietstassen.nl\/de\/wp-json\/wp\/v2\/pages\/63316","targetHints":{"allow":["GET"]}}],"collection":[{"href":"https:\/\/clarijs-fietstassen.nl\/de\/wp-json\/wp\/v2\/pages"}],"about":[{"href":"https:\/\/clarijs-fietstassen.nl\/de\/wp-json\/wp\/v2\/types\/page"}],"author":[{"embeddable":true,"href":"https:\/\/clarijs-fietstassen.nl\/de\/wp-json\/wp\/v2\/users\/1"}],"replies":[{"embeddable":true,"href":"https:\/\/clarijs-fietstassen.nl\/de\/wp-json\/wp\/v2\/comments?post=63316"}],"version-history":[{"count":4,"href":"https:\/\/clarijs-fietstassen.nl\/de\/wp-json\/wp\/v2\/pages\/63316\/revisions"}],"predecessor-version":[{"id":63336,"href":"https:\/\/clarijs-fietstassen.nl\/de\/wp-json\/wp\/v2\/pages\/63316\/revisions\/63336"}],"wp:attachment":[{"href":"https:\/\/clarijs-fietstassen.nl\/de\/wp-json\/wp\/v2\/media?parent=63316"}],"curies":[{"name":"wp","href":"https:\/\/api.w.org\/{rel}","templated":true}]}}