{"id":46599,"date":"2023-07-04T13:04:22","date_gmt":"2023-07-04T12:04:22","guid":{"rendered":"https:\/\/clarijs-fietstassen.nl\/brompton-frontgepaecktraeger\/"},"modified":"2025-02-17T13:17:31","modified_gmt":"2025-02-17T12:17:31","slug":"brompton-frontgepaecktraeger","status":"publish","type":"product","link":"https:\/\/clarijs-fietstassen.nl\/de\/produkt\/brompton-frontgepaecktraeger\/","title":{"rendered":"Brompton Frontgep\u00e4cktr\u00e4ger"},"content":{"rendered":"<h2>LOSE FRONTTASCHE OHNE GRIFF ZUR BEFESTIGUNG IN EINER UMH\u00c4NGETASCHE ODER ROLLTASCHE<\/h2>\n<ul>\n<li>Der Front Carrier wird in eine Brompton-Fronttasche integriert, um die Tasche am Luggage Clip zu befestigen.<\/li>\n<li>Lose Fronttr\u00e4ger ohne Griff, niedriges Modell f\u00fcr die Montage in einer Umh\u00e4ngetasche oder Roll Top Bag<\/li>\n<li>Abmessungen: Breite 350mm und H\u00f6he 220mm<\/li>\n<\/ul>\n<p>Modellnummer: QFCFA-350&#215;220<\/p>\n","protected":false},"excerpt":{"rendered":"<p>LOSE FRONTTASCHE OHNE GRIFF ZUR BEFESTIGUNG IN EINER UMH\u00c4NGETASCHE ODER ROLLTASCHE Der Front Carrier wird in eine Brompton-Fronttasche integriert, um die Tasche am Luggage Clip zu befestigen. Lose Fronttr\u00e4ger ohne Griff, niedriges Modell f\u00fcr die Montage in einer Umh\u00e4ngetasche oder Roll Top Bag Abmessungen: Breite 350mm und H\u00f6he 220mm Modellnummer: QFCFA-350&#215;220<\/p>\n","protected":false},"featured_media":46600,"comment_status":"closed","ping_status":"closed","template":"","meta":{"_acf_changed":false,"_et_pb_use_builder":"","_et_pb_old_content":"","_et_gb_content_width":""},"product_brand":[],"product_cat":[723,684],"product_tag":[],"class_list":{"0":"post-46599","1":"product","2":"type-product","3":"status-publish","4":"has-post-thumbnail","6":"product_cat-fahrradzubehor","7":"product_cat-zubehor","8":"pa_geschikt-voor-e-bike-ja-de","9":"pa_kleur-silber-metallic","11":"first","12":"outofstock","13":"taxable","14":"shipping-taxable","15":"purchasable","16":"product-type-simple"},"acf":[],"yoast_head":"<!-- This site is optimized with the Yoast SEO Premium plugin v27.2 (Yoast SEO v27.3) - https:\/\/yoast.com\/product\/yoast-seo-premium-wordpress\/ -->\n<title>Brompton Frontgep\u00e4cktr\u00e4ger - Clarijs Fietstassen<\/title>\n<meta name=\"description\" content=\"Der Brompton Front Carrier ist ein praktisches Hilfsmittel. Der Front Carrier wird in eine Brompton-Fronttasche integriert, um die Tasche am Luggage Clip zu befestigen.\" \/>\n<meta name=\"robots\" content=\"index, follow, max-snippet:-1, max-image-preview:large, max-video-preview:-1\" \/>\n<link rel=\"canonical\" href=\"https:\/\/clarijs-fietstassen.nl\/?post_type=product&p=20172\" \/>\n<meta property=\"og:locale\" content=\"de_DE\" \/>\n<meta property=\"og:type\" content=\"article\" \/>\n<meta property=\"og:title\" content=\"Brompton Frontgep\u00e4cktr\u00e4ger\" \/>\n<meta property=\"og:description\" content=\"Der Brompton Front Carrier ist ein praktisches Hilfsmittel. Der Front Carrier wird in eine Brompton-Fronttasche integriert, um die Tasche am Luggage Clip zu befestigen.\" \/>\n<meta property=\"og:url\" content=\"https:\/\/clarijs-fietstassen.nl\/?post_type=product&amp;p=20172\" \/>\n<meta property=\"og:site_name\" content=\"Clarijs Fietstassen\" \/>\n<meta property=\"article:publisher\" content=\"https:\/\/www.facebook.com\/clarijs1948\/\" \/>\n<meta property=\"article:modified_time\" content=\"2025-02-17T12:17:31+00:00\" \/>\n<meta property=\"og:image\" content=\"https:\/\/clarijs-fietstassen.nl\/wp-content\/uploads\/2023\/07\/brompton-roll-top-shoulder-bag-frame-only350x220_1903x.jpg\" \/>\n\t<meta property=\"og:image:width\" content=\"800\" \/>\n\t<meta property=\"og:image:height\" content=\"800\" \/>\n\t<meta property=\"og:image:type\" content=\"image\/jpeg\" \/>\n<meta name=\"twitter:card\" content=\"summary_large_image\" \/>\n<meta name=\"twitter:label1\" content=\"Preis\" \/>\n\t<meta name=\"twitter:data1\" content=\"&euro;49.99\" \/>\n\t<meta name=\"twitter:label2\" content=\"Verf\u00fcgbarkeit\" \/>\n\t<meta name=\"twitter:data2\" content=\"ausverkauft\" \/>\n<script type=\"application\/ld+json\" class=\"yoast-schema-graph\">{\"@context\":\"https:\\\/\\\/schema.org\",\"@graph\":[{\"@type\":\"WebPage\",\"@id\":\"https:\\\/\\\/clarijs-fietstassen.nl\\\/?post_type=product&p=20172\",\"url\":\"https:\\\/\\\/clarijs-fietstassen.nl\\\/?post_type=product&p=20172\",\"name\":\"Brompton Frontgep\u00e4cktr\u00e4ger - Clarijs Fietstassen\",\"isPartOf\":{\"@id\":\"https:\\\/\\\/clarijs-fietstassen.nl\\\/de\\\/#website\"},\"primaryImageOfPage\":{\"@id\":\"https:\\\/\\\/clarijs-fietstassen.nl\\\/?post_type=product&p=20172#primaryimage\"},\"image\":{\"@id\":\"https:\\\/\\\/clarijs-fietstassen.nl\\\/?post_type=product&p=20172#primaryimage\"},\"thumbnailUrl\":\"https:\\\/\\\/clarijs-fietstassen.nl\\\/wp-content\\\/uploads\\\/2023\\\/07\\\/brompton-roll-top-shoulder-bag-frame-only350x220_1903x.jpg\",\"datePublished\":\"2023-07-04T12:04:22+00:00\",\"dateModified\":\"2025-02-17T12:17:31+00:00\",\"description\":\"Der Brompton Front Carrier ist ein praktisches Hilfsmittel. Der Front Carrier wird in eine Brompton-Fronttasche integriert, um die Tasche am Luggage Clip zu befestigen.\",\"breadcrumb\":{\"@id\":\"https:\\\/\\\/clarijs-fietstassen.nl\\\/?post_type=product&p=20172#breadcrumb\"},\"inLanguage\":\"de\",\"potentialAction\":[{\"@type\":\"ReadAction\",\"target\":[\"https:\\\/\\\/clarijs-fietstassen.nl\\\/?post_type=product&p=20172\"]}]},{\"@type\":\"ImageObject\",\"inLanguage\":\"de\",\"@id\":\"https:\\\/\\\/clarijs-fietstassen.nl\\\/?post_type=product&p=20172#primaryimage\",\"url\":\"https:\\\/\\\/clarijs-fietstassen.nl\\\/wp-content\\\/uploads\\\/2023\\\/07\\\/brompton-roll-top-shoulder-bag-frame-only350x220_1903x.jpg\",\"contentUrl\":\"https:\\\/\\\/clarijs-fietstassen.nl\\\/wp-content\\\/uploads\\\/2023\\\/07\\\/brompton-roll-top-shoulder-bag-frame-only350x220_1903x.jpg\",\"width\":800,\"height\":800},{\"@type\":\"BreadcrumbList\",\"@id\":\"https:\\\/\\\/clarijs-fietstassen.nl\\\/?post_type=product&p=20172#breadcrumb\",\"itemListElement\":[{\"@type\":\"ListItem\",\"position\":1,\"name\":\"Home\",\"item\":\"https:\\\/\\\/clarijs-fietstassen.nl\\\/de\\\/\"},{\"@type\":\"ListItem\",\"position\":2,\"name\":\"Shop\",\"item\":\"https:\\\/\\\/clarijs-fietstassen.nl\\\/de\\\/shop\\\/\"},{\"@type\":\"ListItem\",\"position\":3,\"name\":\"Fahrradzubeh\u00f6r\",\"item\":\"https:\\\/\\\/clarijs-fietstassen.nl\\\/de\\\/fahrradzubehor\\\/\"},{\"@type\":\"ListItem\",\"position\":4,\"name\":\"Brompton Frontgep\u00e4cktr\u00e4ger\"}]},{\"@type\":\"WebSite\",\"@id\":\"https:\\\/\\\/clarijs-fietstassen.nl\\\/de\\\/#website\",\"url\":\"https:\\\/\\\/clarijs-fietstassen.nl\\\/de\\\/\",\"name\":\"Clarijs Fietstassen\",\"description\":\"Kwaliteit &amp; ambacht sinds 1948\",\"publisher\":{\"@id\":\"https:\\\/\\\/clarijs-fietstassen.nl\\\/de\\\/#organization\"},\"potentialAction\":[{\"@type\":\"SearchAction\",\"target\":{\"@type\":\"EntryPoint\",\"urlTemplate\":\"https:\\\/\\\/clarijs-fietstassen.nl\\\/de\\\/?s={search_term_string}\"},\"query-input\":{\"@type\":\"PropertyValueSpecification\",\"valueRequired\":true,\"valueName\":\"search_term_string\"}}],\"inLanguage\":\"de\"},{\"@type\":\"Organization\",\"@id\":\"https:\\\/\\\/clarijs-fietstassen.nl\\\/de\\\/#organization\",\"name\":\"Clarijs Fietstassen\",\"url\":\"https:\\\/\\\/clarijs-fietstassen.nl\\\/de\\\/\",\"logo\":{\"@type\":\"ImageObject\",\"inLanguage\":\"de\",\"@id\":\"https:\\\/\\\/clarijs-fietstassen.nl\\\/de\\\/#\\\/schema\\\/logo\\\/image\\\/\",\"url\":\"https:\\\/\\\/clarijs-fietstassen.nl\\\/wp-content\\\/uploads\\\/2024\\\/01\\\/clarijs-logo-met-rand.jpg\",\"contentUrl\":\"https:\\\/\\\/clarijs-fietstassen.nl\\\/wp-content\\\/uploads\\\/2024\\\/01\\\/clarijs-logo-met-rand.jpg\",\"width\":560,\"height\":266,\"caption\":\"Clarijs Fietstassen\"},\"image\":{\"@id\":\"https:\\\/\\\/clarijs-fietstassen.nl\\\/de\\\/#\\\/schema\\\/logo\\\/image\\\/\"},\"sameAs\":[\"https:\\\/\\\/www.facebook.com\\\/clarijs1948\\\/\",\"https:\\\/\\\/www.instagram.com\\\/clarijscovers\\\/\"]}]}<\/script>\n<meta property=\"product:price:amount\" content=\"49.99\" \/>\n<meta property=\"product:price:currency\" content=\"EUR\" \/>\n<meta property=\"og:availability\" content=\"out of stock\" \/>\n<meta property=\"product:availability\" content=\"out of stock\" \/>\n<meta property=\"product:retailer_item_id\" content=\"3021\" \/>\n<meta property=\"product:condition\" content=\"new\" \/>\n<!-- \/ Yoast SEO Premium plugin. -->","yoast_head_json":{"title":"Brompton Frontgep\u00e4cktr\u00e4ger - Clarijs Fietstassen","description":"Der Brompton Front Carrier ist ein praktisches Hilfsmittel. Der Front Carrier wird in eine Brompton-Fronttasche integriert, um die Tasche am Luggage Clip zu befestigen.","robots":{"index":"index","follow":"follow","max-snippet":"max-snippet:-1","max-image-preview":"max-image-preview:large","max-video-preview":"max-video-preview:-1"},"canonical":"https:\/\/clarijs-fietstassen.nl\/?post_type=product&p=20172","og_locale":"de_DE","og_type":"article","og_title":"Brompton Frontgep\u00e4cktr\u00e4ger","og_description":"Der Brompton Front Carrier ist ein praktisches Hilfsmittel. Der Front Carrier wird in eine Brompton-Fronttasche integriert, um die Tasche am Luggage Clip zu befestigen.","og_url":"https:\/\/clarijs-fietstassen.nl\/?post_type=product&p=20172","og_site_name":"Clarijs Fietstassen","article_publisher":"https:\/\/www.facebook.com\/clarijs1948\/","article_modified_time":"2025-02-17T12:17:31+00:00","og_image":[{"width":800,"height":800,"url":"https:\/\/clarijs-fietstassen.nl\/wp-content\/uploads\/2023\/07\/brompton-roll-top-shoulder-bag-frame-only350x220_1903x.jpg","type":"image\/jpeg"}],"twitter_card":"summary_large_image","twitter_misc":{"Preis":"&euro;49.99","Verf\u00fcgbarkeit":"ausverkauft"},"schema":{"@context":"https:\/\/schema.org","@graph":[{"@type":"WebPage","@id":"https:\/\/clarijs-fietstassen.nl\/?post_type=product&p=20172","url":"https:\/\/clarijs-fietstassen.nl\/?post_type=product&p=20172","name":"Brompton Frontgep\u00e4cktr\u00e4ger - Clarijs Fietstassen","isPartOf":{"@id":"https:\/\/clarijs-fietstassen.nl\/de\/#website"},"primaryImageOfPage":{"@id":"https:\/\/clarijs-fietstassen.nl\/?post_type=product&p=20172#primaryimage"},"image":{"@id":"https:\/\/clarijs-fietstassen.nl\/?post_type=product&p=20172#primaryimage"},"thumbnailUrl":"https:\/\/clarijs-fietstassen.nl\/wp-content\/uploads\/2023\/07\/brompton-roll-top-shoulder-bag-frame-only350x220_1903x.jpg","datePublished":"2023-07-04T12:04:22+00:00","dateModified":"2025-02-17T12:17:31+00:00","description":"Der Brompton Front Carrier ist ein praktisches Hilfsmittel. Der Front Carrier wird in eine Brompton-Fronttasche integriert, um die Tasche am Luggage Clip zu befestigen.","breadcrumb":{"@id":"https:\/\/clarijs-fietstassen.nl\/?post_type=product&p=20172#breadcrumb"},"inLanguage":"de","potentialAction":[{"@type":"ReadAction","target":["https:\/\/clarijs-fietstassen.nl\/?post_type=product&p=20172"]}]},{"@type":"ImageObject","inLanguage":"de","@id":"https:\/\/clarijs-fietstassen.nl\/?post_type=product&p=20172#primaryimage","url":"https:\/\/clarijs-fietstassen.nl\/wp-content\/uploads\/2023\/07\/brompton-roll-top-shoulder-bag-frame-only350x220_1903x.jpg","contentUrl":"https:\/\/clarijs-fietstassen.nl\/wp-content\/uploads\/2023\/07\/brompton-roll-top-shoulder-bag-frame-only350x220_1903x.jpg","width":800,"height":800},{"@type":"BreadcrumbList","@id":"https:\/\/clarijs-fietstassen.nl\/?post_type=product&p=20172#breadcrumb","itemListElement":[{"@type":"ListItem","position":1,"name":"Home","item":"https:\/\/clarijs-fietstassen.nl\/de\/"},{"@type":"ListItem","position":2,"name":"Shop","item":"https:\/\/clarijs-fietstassen.nl\/de\/shop\/"},{"@type":"ListItem","position":3,"name":"Fahrradzubeh\u00f6r","item":"https:\/\/clarijs-fietstassen.nl\/de\/fahrradzubehor\/"},{"@type":"ListItem","position":4,"name":"Brompton Frontgep\u00e4cktr\u00e4ger"}]},{"@type":"WebSite","@id":"https:\/\/clarijs-fietstassen.nl\/de\/#website","url":"https:\/\/clarijs-fietstassen.nl\/de\/","name":"Clarijs Fietstassen","description":"Kwaliteit &amp; ambacht sinds 1948","publisher":{"@id":"https:\/\/clarijs-fietstassen.nl\/de\/#organization"},"potentialAction":[{"@type":"SearchAction","target":{"@type":"EntryPoint","urlTemplate":"https:\/\/clarijs-fietstassen.nl\/de\/?s={search_term_string}"},"query-input":{"@type":"PropertyValueSpecification","valueRequired":true,"valueName":"search_term_string"}}],"inLanguage":"de"},{"@type":"Organization","@id":"https:\/\/clarijs-fietstassen.nl\/de\/#organization","name":"Clarijs Fietstassen","url":"https:\/\/clarijs-fietstassen.nl\/de\/","logo":{"@type":"ImageObject","inLanguage":"de","@id":"https:\/\/clarijs-fietstassen.nl\/de\/#\/schema\/logo\/image\/","url":"https:\/\/clarijs-fietstassen.nl\/wp-content\/uploads\/2024\/01\/clarijs-logo-met-rand.jpg","contentUrl":"https:\/\/clarijs-fietstassen.nl\/wp-content\/uploads\/2024\/01\/clarijs-logo-met-rand.jpg","width":560,"height":266,"caption":"Clarijs Fietstassen"},"image":{"@id":"https:\/\/clarijs-fietstassen.nl\/de\/#\/schema\/logo\/image\/"},"sameAs":["https:\/\/www.facebook.com\/clarijs1948\/","https:\/\/www.instagram.com\/clarijscovers\/"]}]},"product_price_amount":"49.99","product_price_currency":"EUR","og_availability":"out of stock","product_availability":"out of stock","product_retailer_item_id":"3021","product_condition":"new"},"_links":{"self":[{"href":"https:\/\/clarijs-fietstassen.nl\/de\/wp-json\/wp\/v2\/product\/46599","targetHints":{"allow":["GET"]}}],"collection":[{"href":"https:\/\/clarijs-fietstassen.nl\/de\/wp-json\/wp\/v2\/product"}],"about":[{"href":"https:\/\/clarijs-fietstassen.nl\/de\/wp-json\/wp\/v2\/types\/product"}],"replies":[{"embeddable":true,"href":"https:\/\/clarijs-fietstassen.nl\/de\/wp-json\/wp\/v2\/comments?post=46599"}],"wp:featuredmedia":[{"embeddable":true,"href":"https:\/\/clarijs-fietstassen.nl\/de\/wp-json\/wp\/v2\/media\/46600"}],"wp:attachment":[{"href":"https:\/\/clarijs-fietstassen.nl\/de\/wp-json\/wp\/v2\/media?parent=46599"}],"wp:term":[{"taxonomy":"product_brand","embeddable":true,"href":"https:\/\/clarijs-fietstassen.nl\/de\/wp-json\/wp\/v2\/product_brand?post=46599"},{"taxonomy":"product_cat","embeddable":true,"href":"https:\/\/clarijs-fietstassen.nl\/de\/wp-json\/wp\/v2\/product_cat?post=46599"},{"taxonomy":"product_tag","embeddable":true,"href":"https:\/\/clarijs-fietstassen.nl\/de\/wp-json\/wp\/v2\/product_tag?post=46599"}],"curies":[{"name":"wp","href":"https:\/\/api.w.org\/{rel}","templated":true}]}}