{"id":46601,"date":"2023-07-04T12:50:16","date_gmt":"2023-07-04T11:50:16","guid":{"rendered":"https:\/\/clarijs-fietstassen.nl\/wochenendtasche-sporttasche\/"},"modified":"2025-07-21T14:56:45","modified_gmt":"2025-07-21T12:56:45","slug":"wochenendtasche-sporttasche","status":"publish","type":"product","link":"https:\/\/clarijs-fietstassen.nl\/de\/produkt\/wochenendtasche-sporttasche\/","title":{"rendered":"Wochenendtasche &#8211; Sporttasche"},"content":{"rendered":"<p><span style=\"font-weight: 400;\">Mit ihrer kompakten Gr\u00f6\u00dfe und ihrem praktischen Design bietet die Weekend Bag gen\u00fcgend Platz, um Ihre pers\u00f6nlichen Gegenst\u00e4nde wie Kleidung, Toilettenartikel, Elektronik und andere Notwendigkeiten sicher zu verstauen.<\/span><\/p>\n<p><b>Vorteile:<\/b><\/p>\n<ul>\n<li>Die Tasche hat einen Schulterriemen.<\/li>\n<li><span style=\"font-weight: 400;\">Die Tasche ist wasserabweisend. <\/span><\/li>\n<li><span style=\"font-weight: 400;\">Diese Tasche ist aus den besten Materialien gefertigt. <\/span><\/li>\n<\/ul>\n<p>M<strong>a\u00dfe (H\u00f6he x Breite x L\u00e4nge):<\/strong> Sporttasche: 25 cm x 25 cm x 51 cm Wochenendtasche: 30 cm x 25 cm x 45 cm Mini-Aufbewahrungstasche: 22 cm x 22 cm x 35 cm Sollten Sie eine andere Gr\u00f6\u00dfe ben\u00f6tigen, geben Sie bitte die Ma\u00dfe (H x B x L) in den Kommentaren an. Dies gilt auch f\u00fcr die Farben. Sehen Sie sich die Zeichnung an, um die Seiten zu benennen (A-B-C). F\u00fcr eine Sonderanfertigung ist der Preis h\u00f6her. Wir werden Ihnen einen Link zur Zahlung des Unterschieds schicken.<\/p>\n<p><b>Wasserdicht<\/b><b><br \/>\n<\/b><span style=\"font-weight: 400;\">Bisonyl PVC-Gewebe ist f\u00fcr seine hervorragende Wasserdichtigkeit bekannt und ein beliebtes Material f\u00fcr die Herstellung wasserfester Produkte. Das Material besteht aus einem hochwertigen, mit Polyvinylchlorid (PVC) beschichteten Polyestergewebe, das langlebig und wetterbest\u00e4ndig ist. <\/span><\/p>\n<p><span style=\"font-weight: 400;\">Die Wasserdichtigkeit von Bisonyl PVC-Gewebe wird durch die spezielle PVC-Beschichtung des Polyestergewebes erreicht. Diese Beschichtung bildet eine wasserdichte Barriere, die das Eindringen von Wasser in den Stoff verhindert. <\/span><\/p>\n<p><b>Hochwertiges Material<\/b><\/p>\n<ul>\n<li style=\"font-weight: 400;\" aria-level=\"1\"><span style=\"font-weight: 400;\">Die hochwertigen Materialien der Tasche sorgen daf\u00fcr, dass sie dem t\u00e4glichen Gebrauch standh\u00e4lt. <\/span><\/li>\n<li style=\"font-weight: 400;\" aria-level=\"1\"><span style=\"font-weight: 400;\">Das PVC-Gewebe ist wasserdicht und bietet hervorragenden Schutz vor Regen und Feuchtigkeit. So bleiben Ihre Habseligkeiten auch bei schlechtem Wetter trocken. <\/span><\/li>\n<li style=\"font-weight: 400;\" aria-level=\"1\"><span style=\"font-weight: 400;\">Das PVC-Gewebe ist stark und h\u00e4lt gro\u00dfen Belastungen stand. Dadurch eignet es sich zum Tragen schwerer Gegenst\u00e4nde oder zum Aufbau stabiler Strukturen. <\/span><\/li>\n<\/ul>\n","protected":false},"excerpt":{"rendered":"<p>Mit ihrer kompakten Gr\u00f6\u00dfe und ihrem praktischen Design bietet die Weekend Bag gen\u00fcgend Platz, um Ihre pers\u00f6nlichen Gegenst\u00e4nde wie Kleidung, Toilettenartikel, Elektronik und andere Notwendigkeiten sicher zu verstauen. Vorteile: Die Tasche hat einen Schulterriemen. Die Tasche ist wasserabweisend. Diese Tasche ist aus den besten Materialien gefertigt. Ma\u00dfe (H\u00f6he x Breite x L\u00e4nge): Sporttasche: 25 cm [&hellip;]<\/p>\n","protected":false},"featured_media":46603,"comment_status":"closed","ping_status":"closed","template":"","meta":{"_acf_changed":false,"_et_pb_use_builder":"","_et_pb_old_content":"","_et_gb_content_width":""},"product_brand":[],"product_cat":[750,695,769],"product_tag":[],"class_list":{"0":"post-46601","1":"product","2":"type-product","3":"status-publish","4":"has-post-thumbnail","6":"product_cat-aufbewahrungstaschen","7":"product_cat-bisonyl-packtaschen","8":"product_cat-taschen","9":"pa_afmetingen-mini-aufbewahrungstasche","10":"pa_afmetingen-sporttasche","11":"pa_afmetingen-wochenendtasche","12":"pa_kleur-apfelgrun","13":"pa_kleur-azurblau","14":"pa_kleur-bordeaux-rot","15":"pa_kleur-creme-de","16":"pa_kleur-dunkelblau","17":"pa_kleur-feuerwehr-rot","18":"pa_kleur-gelb","19":"pa_kleur-holland-orange-de","20":"pa_kleur-lila","21":"pa_kleur-matt-schwarz-de","22":"pa_kleur-rosa","23":"pa_kleur-schokoladen-braun","24":"pa_kleur-schwarz","25":"pa_kleur-silber-metallic","26":"pa_kleur-weis","27":"pa_materiaal-bisonyl-pvc-leinwand","28":"pa_merk-clarijs-covers-b-v-de","30":"first","31":"instock","32":"taxable","33":"shipping-taxable","34":"purchasable","35":"product-type-variable"},"acf":[],"yoast_head":"<!-- This site is optimized with the Yoast SEO Premium plugin v27.2 (Yoast SEO v27.3) - https:\/\/yoast.com\/product\/yoast-seo-premium-wordpress\/ -->\n<title>Wochenendtasche - Sporttasche - Clarijs Fietstassen<\/title>\n<meta name=\"description\" content=\"Mit ihrer kompakten Gr\u00f6\u00dfe und ihrem praktischen Design bietet die kleine Aufbewahrungstasche gen\u00fcgend Platz, um Ihre pers\u00f6nlichen Gegenst\u00e4nde zu verstauen und sicher zu transportieren.\" \/>\n<meta name=\"robots\" content=\"index, follow, max-snippet:-1, max-image-preview:large, max-video-preview:-1\" \/>\n<link rel=\"canonical\" href=\"https:\/\/clarijs-fietstassen.nl\/de\/produkt\/wochenendtasche-sporttasche\/\" \/>\n<meta property=\"og:locale\" content=\"de_DE\" \/>\n<meta property=\"og:type\" content=\"article\" \/>\n<meta property=\"og:title\" content=\"Wochenendtasche - Sporttasche\" \/>\n<meta property=\"og:description\" content=\"Mit ihrer kompakten Gr\u00f6\u00dfe und ihrem praktischen Design bietet die kleine Aufbewahrungstasche gen\u00fcgend Platz, um Ihre pers\u00f6nlichen Gegenst\u00e4nde zu verstauen und sicher zu transportieren.\" \/>\n<meta property=\"og:url\" content=\"https:\/\/clarijs-fietstassen.nl\/de\/produkt\/wochenendtasche-sporttasche\/\" \/>\n<meta property=\"og:site_name\" content=\"Clarijs Fietstassen\" \/>\n<meta property=\"article:publisher\" content=\"https:\/\/www.facebook.com\/clarijs1948\/\" \/>\n<meta property=\"article:modified_time\" content=\"2025-07-21T12:56:45+00:00\" \/>\n<meta property=\"og:image\" content=\"https:\/\/clarijs-fietstassen.nl\/wp-content\/uploads\/2023\/07\/TASSEN-opbergtas-1.png\" \/>\n\t<meta property=\"og:image:width\" content=\"700\" \/>\n\t<meta property=\"og:image:height\" content=\"525\" \/>\n\t<meta property=\"og:image:type\" content=\"image\/png\" \/>\n<meta name=\"twitter:card\" content=\"summary_large_image\" \/>\n<meta name=\"twitter:label1\" content=\"Verf\u00fcgbarkeit\" \/>\n\t<meta name=\"twitter:data1\" content=\"Auf Lager\" \/>\n<script type=\"application\/ld+json\" class=\"yoast-schema-graph\">{\"@context\":\"https:\\\/\\\/schema.org\",\"@graph\":[{\"@type\":\"WebPage\",\"@id\":\"https:\\\/\\\/clarijs-fietstassen.nl\\\/de\\\/produkt\\\/wochenendtasche-sporttasche\\\/\",\"url\":\"https:\\\/\\\/clarijs-fietstassen.nl\\\/de\\\/produkt\\\/wochenendtasche-sporttasche\\\/\",\"name\":\"Wochenendtasche - Sporttasche - Clarijs Fietstassen\",\"isPartOf\":{\"@id\":\"https:\\\/\\\/clarijs-fietstassen.nl\\\/de\\\/#website\"},\"primaryImageOfPage\":{\"@id\":\"https:\\\/\\\/clarijs-fietstassen.nl\\\/de\\\/produkt\\\/wochenendtasche-sporttasche\\\/#primaryimage\"},\"image\":{\"@id\":\"https:\\\/\\\/clarijs-fietstassen.nl\\\/de\\\/produkt\\\/wochenendtasche-sporttasche\\\/#primaryimage\"},\"thumbnailUrl\":\"https:\\\/\\\/clarijs-fietstassen.nl\\\/wp-content\\\/uploads\\\/2023\\\/07\\\/TASSEN-opbergtas-1.png\",\"datePublished\":\"2023-07-04T11:50:16+00:00\",\"dateModified\":\"2025-07-21T12:56:45+00:00\",\"description\":\"Mit ihrer kompakten Gr\u00f6\u00dfe und ihrem praktischen Design bietet die kleine Aufbewahrungstasche gen\u00fcgend Platz, um Ihre pers\u00f6nlichen Gegenst\u00e4nde zu verstauen und sicher zu transportieren.\",\"breadcrumb\":{\"@id\":\"https:\\\/\\\/clarijs-fietstassen.nl\\\/de\\\/produkt\\\/wochenendtasche-sporttasche\\\/#breadcrumb\"},\"inLanguage\":\"de\",\"potentialAction\":[{\"@type\":\"ReadAction\",\"target\":[\"https:\\\/\\\/clarijs-fietstassen.nl\\\/de\\\/produkt\\\/wochenendtasche-sporttasche\\\/\"]}]},{\"@type\":\"ImageObject\",\"inLanguage\":\"de\",\"@id\":\"https:\\\/\\\/clarijs-fietstassen.nl\\\/de\\\/produkt\\\/wochenendtasche-sporttasche\\\/#primaryimage\",\"url\":\"https:\\\/\\\/clarijs-fietstassen.nl\\\/wp-content\\\/uploads\\\/2023\\\/07\\\/TASSEN-opbergtas-1.png\",\"contentUrl\":\"https:\\\/\\\/clarijs-fietstassen.nl\\\/wp-content\\\/uploads\\\/2023\\\/07\\\/TASSEN-opbergtas-1.png\",\"width\":700,\"height\":525},{\"@type\":\"BreadcrumbList\",\"@id\":\"https:\\\/\\\/clarijs-fietstassen.nl\\\/de\\\/produkt\\\/wochenendtasche-sporttasche\\\/#breadcrumb\",\"itemListElement\":[{\"@type\":\"ListItem\",\"position\":1,\"name\":\"Home\",\"item\":\"https:\\\/\\\/clarijs-fietstassen.nl\\\/de\\\/\"},{\"@type\":\"ListItem\",\"position\":2,\"name\":\"Shop\",\"item\":\"https:\\\/\\\/clarijs-fietstassen.nl\\\/de\\\/shop\\\/\"},{\"@type\":\"ListItem\",\"position\":3,\"name\":\"Bisonyl Fietstassen\",\"item\":\"https:\\\/\\\/clarijs-fietstassen.nl\\\/bisonyl-fietstassen\\\/\"},{\"@type\":\"ListItem\",\"position\":4,\"name\":\"Wochenendtasche &#8211; Sporttasche\"}]},{\"@type\":\"WebSite\",\"@id\":\"https:\\\/\\\/clarijs-fietstassen.nl\\\/de\\\/#website\",\"url\":\"https:\\\/\\\/clarijs-fietstassen.nl\\\/de\\\/\",\"name\":\"Clarijs Fietstassen\",\"description\":\"Kwaliteit &amp; ambacht sinds 1948\",\"publisher\":{\"@id\":\"https:\\\/\\\/clarijs-fietstassen.nl\\\/de\\\/#organization\"},\"potentialAction\":[{\"@type\":\"SearchAction\",\"target\":{\"@type\":\"EntryPoint\",\"urlTemplate\":\"https:\\\/\\\/clarijs-fietstassen.nl\\\/de\\\/?s={search_term_string}\"},\"query-input\":{\"@type\":\"PropertyValueSpecification\",\"valueRequired\":true,\"valueName\":\"search_term_string\"}}],\"inLanguage\":\"de\"},{\"@type\":\"Organization\",\"@id\":\"https:\\\/\\\/clarijs-fietstassen.nl\\\/de\\\/#organization\",\"name\":\"Clarijs Fietstassen\",\"url\":\"https:\\\/\\\/clarijs-fietstassen.nl\\\/de\\\/\",\"logo\":{\"@type\":\"ImageObject\",\"inLanguage\":\"de\",\"@id\":\"https:\\\/\\\/clarijs-fietstassen.nl\\\/de\\\/#\\\/schema\\\/logo\\\/image\\\/\",\"url\":\"https:\\\/\\\/clarijs-fietstassen.nl\\\/wp-content\\\/uploads\\\/2024\\\/01\\\/clarijs-logo-met-rand.jpg\",\"contentUrl\":\"https:\\\/\\\/clarijs-fietstassen.nl\\\/wp-content\\\/uploads\\\/2024\\\/01\\\/clarijs-logo-met-rand.jpg\",\"width\":560,\"height\":266,\"caption\":\"Clarijs Fietstassen\"},\"image\":{\"@id\":\"https:\\\/\\\/clarijs-fietstassen.nl\\\/de\\\/#\\\/schema\\\/logo\\\/image\\\/\"},\"sameAs\":[\"https:\\\/\\\/www.facebook.com\\\/clarijs1948\\\/\",\"https:\\\/\\\/www.instagram.com\\\/clarijscovers\\\/\"]}]}<\/script>\n<meta property=\"og:availability\" content=\"instock\" \/>\n<meta property=\"product:availability\" content=\"instock\" \/>\n<meta property=\"product:retailer_item_id\" content=\"2048\" \/>\n<meta property=\"product:condition\" content=\"new\" \/>\n<!-- \/ Yoast SEO Premium plugin. -->","yoast_head_json":{"title":"Wochenendtasche - Sporttasche - Clarijs Fietstassen","description":"Mit ihrer kompakten Gr\u00f6\u00dfe und ihrem praktischen Design bietet die kleine Aufbewahrungstasche gen\u00fcgend Platz, um Ihre pers\u00f6nlichen Gegenst\u00e4nde zu verstauen und sicher zu transportieren.","robots":{"index":"index","follow":"follow","max-snippet":"max-snippet:-1","max-image-preview":"max-image-preview:large","max-video-preview":"max-video-preview:-1"},"canonical":"https:\/\/clarijs-fietstassen.nl\/de\/produkt\/wochenendtasche-sporttasche\/","og_locale":"de_DE","og_type":"article","og_title":"Wochenendtasche - Sporttasche","og_description":"Mit ihrer kompakten Gr\u00f6\u00dfe und ihrem praktischen Design bietet die kleine Aufbewahrungstasche gen\u00fcgend Platz, um Ihre pers\u00f6nlichen Gegenst\u00e4nde zu verstauen und sicher zu transportieren.","og_url":"https:\/\/clarijs-fietstassen.nl\/de\/produkt\/wochenendtasche-sporttasche\/","og_site_name":"Clarijs Fietstassen","article_publisher":"https:\/\/www.facebook.com\/clarijs1948\/","article_modified_time":"2025-07-21T12:56:45+00:00","og_image":[{"width":700,"height":525,"url":"https:\/\/clarijs-fietstassen.nl\/wp-content\/uploads\/2023\/07\/TASSEN-opbergtas-1.png","type":"image\/png"}],"twitter_card":"summary_large_image","twitter_misc":{"Verf\u00fcgbarkeit":"Auf Lager"},"schema":{"@context":"https:\/\/schema.org","@graph":[{"@type":"WebPage","@id":"https:\/\/clarijs-fietstassen.nl\/de\/produkt\/wochenendtasche-sporttasche\/","url":"https:\/\/clarijs-fietstassen.nl\/de\/produkt\/wochenendtasche-sporttasche\/","name":"Wochenendtasche - Sporttasche - Clarijs Fietstassen","isPartOf":{"@id":"https:\/\/clarijs-fietstassen.nl\/de\/#website"},"primaryImageOfPage":{"@id":"https:\/\/clarijs-fietstassen.nl\/de\/produkt\/wochenendtasche-sporttasche\/#primaryimage"},"image":{"@id":"https:\/\/clarijs-fietstassen.nl\/de\/produkt\/wochenendtasche-sporttasche\/#primaryimage"},"thumbnailUrl":"https:\/\/clarijs-fietstassen.nl\/wp-content\/uploads\/2023\/07\/TASSEN-opbergtas-1.png","datePublished":"2023-07-04T11:50:16+00:00","dateModified":"2025-07-21T12:56:45+00:00","description":"Mit ihrer kompakten Gr\u00f6\u00dfe und ihrem praktischen Design bietet die kleine Aufbewahrungstasche gen\u00fcgend Platz, um Ihre pers\u00f6nlichen Gegenst\u00e4nde zu verstauen und sicher zu transportieren.","breadcrumb":{"@id":"https:\/\/clarijs-fietstassen.nl\/de\/produkt\/wochenendtasche-sporttasche\/#breadcrumb"},"inLanguage":"de","potentialAction":[{"@type":"ReadAction","target":["https:\/\/clarijs-fietstassen.nl\/de\/produkt\/wochenendtasche-sporttasche\/"]}]},{"@type":"ImageObject","inLanguage":"de","@id":"https:\/\/clarijs-fietstassen.nl\/de\/produkt\/wochenendtasche-sporttasche\/#primaryimage","url":"https:\/\/clarijs-fietstassen.nl\/wp-content\/uploads\/2023\/07\/TASSEN-opbergtas-1.png","contentUrl":"https:\/\/clarijs-fietstassen.nl\/wp-content\/uploads\/2023\/07\/TASSEN-opbergtas-1.png","width":700,"height":525},{"@type":"BreadcrumbList","@id":"https:\/\/clarijs-fietstassen.nl\/de\/produkt\/wochenendtasche-sporttasche\/#breadcrumb","itemListElement":[{"@type":"ListItem","position":1,"name":"Home","item":"https:\/\/clarijs-fietstassen.nl\/de\/"},{"@type":"ListItem","position":2,"name":"Shop","item":"https:\/\/clarijs-fietstassen.nl\/de\/shop\/"},{"@type":"ListItem","position":3,"name":"Bisonyl Fietstassen","item":"https:\/\/clarijs-fietstassen.nl\/bisonyl-fietstassen\/"},{"@type":"ListItem","position":4,"name":"Wochenendtasche &#8211; Sporttasche"}]},{"@type":"WebSite","@id":"https:\/\/clarijs-fietstassen.nl\/de\/#website","url":"https:\/\/clarijs-fietstassen.nl\/de\/","name":"Clarijs Fietstassen","description":"Kwaliteit &amp; ambacht sinds 1948","publisher":{"@id":"https:\/\/clarijs-fietstassen.nl\/de\/#organization"},"potentialAction":[{"@type":"SearchAction","target":{"@type":"EntryPoint","urlTemplate":"https:\/\/clarijs-fietstassen.nl\/de\/?s={search_term_string}"},"query-input":{"@type":"PropertyValueSpecification","valueRequired":true,"valueName":"search_term_string"}}],"inLanguage":"de"},{"@type":"Organization","@id":"https:\/\/clarijs-fietstassen.nl\/de\/#organization","name":"Clarijs Fietstassen","url":"https:\/\/clarijs-fietstassen.nl\/de\/","logo":{"@type":"ImageObject","inLanguage":"de","@id":"https:\/\/clarijs-fietstassen.nl\/de\/#\/schema\/logo\/image\/","url":"https:\/\/clarijs-fietstassen.nl\/wp-content\/uploads\/2024\/01\/clarijs-logo-met-rand.jpg","contentUrl":"https:\/\/clarijs-fietstassen.nl\/wp-content\/uploads\/2024\/01\/clarijs-logo-met-rand.jpg","width":560,"height":266,"caption":"Clarijs Fietstassen"},"image":{"@id":"https:\/\/clarijs-fietstassen.nl\/de\/#\/schema\/logo\/image\/"},"sameAs":["https:\/\/www.facebook.com\/clarijs1948\/","https:\/\/www.instagram.com\/clarijscovers\/"]}]},"og_availability":"instock","product_availability":"instock","product_retailer_item_id":"2048","product_condition":"new"},"_links":{"self":[{"href":"https:\/\/clarijs-fietstassen.nl\/de\/wp-json\/wp\/v2\/product\/46601","targetHints":{"allow":["GET"]}}],"collection":[{"href":"https:\/\/clarijs-fietstassen.nl\/de\/wp-json\/wp\/v2\/product"}],"about":[{"href":"https:\/\/clarijs-fietstassen.nl\/de\/wp-json\/wp\/v2\/types\/product"}],"replies":[{"embeddable":true,"href":"https:\/\/clarijs-fietstassen.nl\/de\/wp-json\/wp\/v2\/comments?post=46601"}],"wp:featuredmedia":[{"embeddable":true,"href":"https:\/\/clarijs-fietstassen.nl\/de\/wp-json\/wp\/v2\/media\/46603"}],"wp:attachment":[{"href":"https:\/\/clarijs-fietstassen.nl\/de\/wp-json\/wp\/v2\/media?parent=46601"}],"wp:term":[{"taxonomy":"product_brand","embeddable":true,"href":"https:\/\/clarijs-fietstassen.nl\/de\/wp-json\/wp\/v2\/product_brand?post=46601"},{"taxonomy":"product_cat","embeddable":true,"href":"https:\/\/clarijs-fietstassen.nl\/de\/wp-json\/wp\/v2\/product_cat?post=46601"},{"taxonomy":"product_tag","embeddable":true,"href":"https:\/\/clarijs-fietstassen.nl\/de\/wp-json\/wp\/v2\/product_tag?post=46601"}],"curies":[{"name":"wp","href":"https:\/\/api.w.org\/{rel}","templated":true}]}}