{"id":46670,"date":"2023-07-04T13:23:31","date_gmt":"2023-07-04T11:23:31","guid":{"rendered":"https:\/\/clarijs-fietstassen.nl\/sidewalker-einzelfahrradtasche-excellent-red\/"},"modified":"2025-02-17T13:17:31","modified_gmt":"2025-02-17T12:17:31","slug":"sidewalker-einzelfahrradtasche-excellent-red","status":"publish","type":"product","link":"https:\/\/clarijs-fietstassen.nl\/de\/produkt\/sidewalker-einzelfahrradtasche-excellent-red\/","title":{"rendered":"Sidewalker Einzelfahrradtasche &#8211; Excellent Red"},"content":{"rendered":"<p><span style=\"font-weight: 400;\">Entdecken Sie die Sidewalker Single Pannier &#8211; Excellent Red von Clarijs Panniers, eine vielseitige und trendige Fahrradtasche, die Ihr Raderlebnis auf die n\u00e4chste Stufe hebt. Egal, ob Sie t\u00e4glich mit dem Fahrrad zur Arbeit fahren, Besorgungen machen oder eine gem\u00fctliche Wochenendtour unternehmen, diese Einzeltasche ist der ideale Begleiter f\u00fcr Jung und Alt. <\/span><\/p>\n<p><span style=\"font-weight: 400;\">Mit ihrem modernen Design bietet die Sidewalker nicht nur einen modischen Look, sondern auch Haltbarkeit und Funktionalit\u00e4t, auf die Sie sich verlassen k\u00f6nnen. Aus hochwertigem und wasserabweisendem Polyester gefertigt, bleiben Ihre wertvollen Besitzt\u00fcmer vor leichten Regenschauern und unerwarteten Wetterbedingungen gesch\u00fctzt. <\/span><\/p>\n<p><b>Vorteile<\/b> der Sidewalker Single Bicycle Bag &#8211; Excellent Red:<\/p>\n<ul>\n<li style=\"font-weight: 400;\" aria-level=\"1\"><span style=\"font-weight: 400;\">Verbesserte Sicherheit: Diese Tasche ist sowohl auf der Vorder- als auch auf der R\u00fcckseite mit reflektierenden Akzenten ausgestattet, die Sie bei schlechten Lichtverh\u00e4ltnissen besser sichtbar machen und Ihre Sicherheit im Stra\u00dfenverkehr erh\u00f6hen.<\/span><\/li>\n<li style=\"font-weight: 400;\" aria-level=\"1\"><span style=\"font-weight: 400;\">Ger\u00e4umiger Stauraum: Der Sidewalker verf\u00fcgt \u00fcber ein gro\u00dfes Innenfach, das Ihnen viel Platz f\u00fcr alle Ihre wichtigen Dinge bietet. Kein l\u00e4stiges Hantieren mit losen Gegenst\u00e4nden mehr, denn alles passt organisiert in diese ger\u00e4umige Tasche. <\/span><\/li>\n<li style=\"font-weight: 400;\" aria-level=\"1\"><span style=\"font-weight: 400;\">Langlebig und robust: Die Tasche verf\u00fcgt \u00fcber eine verst\u00e4rkte R\u00fcckseite und einen verst\u00e4rkten Boden, so dass sie dem t\u00e4glichen Gebrauch standh\u00e4lt und gro\u00dfe Lasten m\u00fchelos tragen kann.<\/span><\/li>\n<li style=\"font-weight: 400;\" aria-level=\"1\"><span style=\"font-weight: 400;\">Praktisches Design: Der faltbare Boden der Tasche bietet zus\u00e4tzlichen Komfort und erm\u00f6glicht es Ihnen, die Tasche kompakt zu verstauen, wenn sie nicht in Gebrauch ist.<\/span><\/li>\n<\/ul>\n<p><b>Abmessungen<\/b><span style=\"font-weight: 400;\">:<\/span> Innenma\u00dfe:<\/p>\n<ul>\n<li><span style=\"font-weight: 400;\">L\u00e4nge<\/span><span style=\"font-weight: 400;\">: 33 cm<\/span><\/li>\n<li>Breite: 13 cm<\/li>\n<li><span style=\"font-weight: 400;\">H\u00f6he<\/span><span style=\"font-weight: 400;\">: 31 cm<\/span><\/li>\n<\/ul>\n<p>\u00c4u\u00dfere Abmessungen:<\/p>\n<ul>\n<li><span style=\"font-weight: 400;\">L\u00e4nge<\/span><span style=\"font-weight: 400;\">: 35 cm<\/span><\/li>\n<li>Breite: 15 cm<\/li>\n<li><span style=\"font-weight: 400;\">H\u00f6he<\/span><span style=\"font-weight: 400;\">: 33 cm<\/span><\/li>\n<\/ul>\n<p><b>Hochwertige Materialien:<\/b><\/p>\n<p>Der Sidewalker ist aus Bisonyl PVC-Gewebe gefertigt, einem Material, das f\u00fcr seine hervorragende Wasserdichtigkeit bekannt ist. Dieses hochwertige PVC-beschichtete Polyestergewebe bietet eine wasserabweisende Barriere, die Ihre Sachen auch bei Regen trocken h\u00e4lt. <\/p>\n<p><span style=\"font-weight: 400;\">Diese Fahrradtasche wurde mit viel Liebe zum Detail entworfen und aus hochwertigen Materialien hergestellt. Das robuste PVC-Gewebe bietet nicht nur Schutz vor Feuchtigkeit, sondern sorgt auch daf\u00fcr, dass die Tasche dem t\u00e4glichen Gebrauch standh\u00e4lt und gro\u00dfe Lasten tragen kann. Machen Sie sich keine Sorgen um die Haltbarkeit, denn diese Fahrradtasche ist f\u00fcr die Ewigkeit gemacht.  <\/span><\/p>\n<p><span style=\"font-weight: 400;\">Entscheiden Sie sich f\u00fcr die Sidewalker Single Pannier &#8211; Excellent Red und erleben Sie den Komfort, den Stil und die Zuverl\u00e4ssigkeit dieser gro\u00dfartigen Tasche. Mit dieser Tasche an Ihrer Seite wird jede Fahrradtour zu einem angenehmen und sorgenfreien Erlebnis. Bestellen Sie Ihren Sidewalker noch heute und genie\u00dfen Sie komfortables und stilvolles Radfahren!  <\/span><\/p>\n","protected":false},"excerpt":{"rendered":"<p>Entdecken Sie die Sidewalker Single Pannier &#8211; Excellent Red von Clarijs Panniers, eine vielseitige und trendige Fahrradtasche, die Ihr Raderlebnis auf die n\u00e4chste Stufe hebt. Egal, ob Sie t\u00e4glich mit dem Fahrrad zur Arbeit fahren, Besorgungen machen oder eine gem\u00fctliche Wochenendtour unternehmen, diese Einzeltasche ist der ideale Begleiter f\u00fcr Jung und Alt. Mit ihrem modernen [&hellip;]<\/p>\n","protected":false},"featured_media":46672,"comment_status":"closed","ping_status":"closed","template":"","meta":{"_acf_changed":false,"_et_pb_use_builder":"","_et_pb_old_content":"","_et_gb_content_width":""},"product_brand":[],"product_cat":[695,705,721,728,732,734,740,741,745,747,722,768,767,777],"product_tag":[],"class_list":{"0":"post-46670","1":"product","2":"type-product","3":"status-publish","4":"has-post-thumbnail","6":"product_cat-bisonyl-packtaschen","7":"product_cat-cortina-fahrradtaschen","8":"product_cat-einzelne-fahrradtaschen","9":"product_cat-fahrradtaschen","10":"product_cat-gazelle-fahrradtaschen","11":"product_cat-giant-fahrradtaschen","12":"product_cat-kleine-fahrradtaschen","13":"product_cat-koga-fahrradtaschen","14":"product_cat-leichte-fahrradtaschen","15":"product_cat-luxurioese-fahrradtaschen","16":"product_cat-sidewalkers-de","17":"product_cat-stabile-fahrradtaschen","18":"product_cat-stella-fahrradtaschen","19":"product_cat-wasserdichte-fahrradtaschen","20":"pa_kleur-rot","21":"pa_materiaal-bisonyl-pvc-leinwand","22":"pa_reflectie-ja-de","24":"first","25":"instock","26":"featured","27":"taxable","28":"shipping-taxable","29":"purchasable","30":"product-type-simple"},"acf":[],"yoast_head":"<!-- This site is optimized with the Yoast SEO Premium plugin v27.2 (Yoast SEO v27.3) - https:\/\/yoast.com\/product\/yoast-seo-premium-wordpress\/ -->\n<title>Sidewalker Einzelfahrradtasche - Excellent Red - Clarijs Fietstassen<\/title>\n<meta name=\"description\" content=\"Sidewalker Einzelfahrradtasche - Excellent Red Auf der Innenseite befindet sich eine Rei\u00dfverschlusstasche. Mit einem Fassungsverm\u00f6gen von 18 Litern ist diese Tasche kompakt und stabil zu tragen.\" \/>\n<meta name=\"robots\" content=\"index, follow, max-snippet:-1, max-image-preview:large, max-video-preview:-1\" \/>\n<link rel=\"canonical\" href=\"https:\/\/clarijs-fietstassen.nl\/de\/produkt\/sidewalker-einzelfahrradtasche-excellent-red\/\" \/>\n<meta property=\"og:locale\" content=\"de_DE\" \/>\n<meta property=\"og:type\" content=\"article\" \/>\n<meta property=\"og:title\" content=\"Sidewalker Einzelfahrradtasche - Excellent Red\" \/>\n<meta property=\"og:description\" content=\"Sidewalker Einzelfahrradtasche - Excellent Red Auf der Innenseite befindet sich eine Rei\u00dfverschlusstasche. Mit einem Fassungsverm\u00f6gen von 18 Litern ist diese Tasche kompakt und stabil zu tragen.\" \/>\n<meta property=\"og:url\" content=\"https:\/\/clarijs-fietstassen.nl\/de\/produkt\/sidewalker-einzelfahrradtasche-excellent-red\/\" \/>\n<meta property=\"og:site_name\" content=\"Clarijs Fietstassen\" \/>\n<meta property=\"article:publisher\" content=\"https:\/\/www.facebook.com\/clarijs1948\/\" \/>\n<meta property=\"article:modified_time\" content=\"2025-02-17T12:17:31+00:00\" \/>\n<meta property=\"og:image\" content=\"https:\/\/clarijs-fietstassen.nl\/wp-content\/uploads\/2023\/07\/sidewalker-excellent-rood.png\" \/>\n\t<meta property=\"og:image:width\" content=\"1000\" \/>\n\t<meta property=\"og:image:height\" content=\"1000\" \/>\n\t<meta property=\"og:image:type\" content=\"image\/png\" \/>\n<meta name=\"twitter:card\" content=\"summary_large_image\" \/>\n<meta name=\"twitter:label1\" content=\"Preis\" \/>\n\t<meta name=\"twitter:data1\" content=\"&euro;64.00\" \/>\n\t<meta name=\"twitter:label2\" content=\"Verf\u00fcgbarkeit\" \/>\n\t<meta name=\"twitter:data2\" content=\"Auf Lager\" \/>\n<script type=\"application\/ld+json\" class=\"yoast-schema-graph\">{\"@context\":\"https:\\\/\\\/schema.org\",\"@graph\":[{\"@type\":\"WebPage\",\"@id\":\"https:\\\/\\\/clarijs-fietstassen.nl\\\/de\\\/produkt\\\/sidewalker-einzelfahrradtasche-excellent-red\\\/\",\"url\":\"https:\\\/\\\/clarijs-fietstassen.nl\\\/de\\\/produkt\\\/sidewalker-einzelfahrradtasche-excellent-red\\\/\",\"name\":\"Sidewalker Einzelfahrradtasche - Excellent Red - Clarijs Fietstassen\",\"isPartOf\":{\"@id\":\"https:\\\/\\\/clarijs-fietstassen.nl\\\/de\\\/#website\"},\"primaryImageOfPage\":{\"@id\":\"https:\\\/\\\/clarijs-fietstassen.nl\\\/de\\\/produkt\\\/sidewalker-einzelfahrradtasche-excellent-red\\\/#primaryimage\"},\"image\":{\"@id\":\"https:\\\/\\\/clarijs-fietstassen.nl\\\/de\\\/produkt\\\/sidewalker-einzelfahrradtasche-excellent-red\\\/#primaryimage\"},\"thumbnailUrl\":\"https:\\\/\\\/clarijs-fietstassen.nl\\\/wp-content\\\/uploads\\\/2023\\\/07\\\/sidewalker-excellent-rood.png\",\"datePublished\":\"2023-07-04T11:23:31+00:00\",\"dateModified\":\"2025-02-17T12:17:31+00:00\",\"description\":\"Sidewalker Einzelfahrradtasche - Excellent Red Auf der Innenseite befindet sich eine Rei\u00dfverschlusstasche. Mit einem Fassungsverm\u00f6gen von 18 Litern ist diese Tasche kompakt und stabil zu tragen.\",\"breadcrumb\":{\"@id\":\"https:\\\/\\\/clarijs-fietstassen.nl\\\/de\\\/produkt\\\/sidewalker-einzelfahrradtasche-excellent-red\\\/#breadcrumb\"},\"inLanguage\":\"de\",\"potentialAction\":[{\"@type\":\"ReadAction\",\"target\":[\"https:\\\/\\\/clarijs-fietstassen.nl\\\/de\\\/produkt\\\/sidewalker-einzelfahrradtasche-excellent-red\\\/\"]}]},{\"@type\":\"ImageObject\",\"inLanguage\":\"de\",\"@id\":\"https:\\\/\\\/clarijs-fietstassen.nl\\\/de\\\/produkt\\\/sidewalker-einzelfahrradtasche-excellent-red\\\/#primaryimage\",\"url\":\"https:\\\/\\\/clarijs-fietstassen.nl\\\/wp-content\\\/uploads\\\/2023\\\/07\\\/sidewalker-excellent-rood.png\",\"contentUrl\":\"https:\\\/\\\/clarijs-fietstassen.nl\\\/wp-content\\\/uploads\\\/2023\\\/07\\\/sidewalker-excellent-rood.png\",\"width\":1000,\"height\":1000,\"caption\":\"Sidewalker Einzelfahrradtasche - Excellent Red\"},{\"@type\":\"BreadcrumbList\",\"@id\":\"https:\\\/\\\/clarijs-fietstassen.nl\\\/de\\\/produkt\\\/sidewalker-einzelfahrradtasche-excellent-red\\\/#breadcrumb\",\"itemListElement\":[{\"@type\":\"ListItem\",\"position\":1,\"name\":\"Home\",\"item\":\"https:\\\/\\\/clarijs-fietstassen.nl\\\/de\\\/\"},{\"@type\":\"ListItem\",\"position\":2,\"name\":\"Shop\",\"item\":\"https:\\\/\\\/clarijs-fietstassen.nl\\\/de\\\/shop\\\/\"},{\"@type\":\"ListItem\",\"position\":3,\"name\":\"Sidewalkers\",\"item\":\"https:\\\/\\\/clarijs-fietstassen.nl\\\/sidewalkers\\\/\"},{\"@type\":\"ListItem\",\"position\":4,\"name\":\"Sidewalker Einzelfahrradtasche &#8211; Excellent Red\"}]},{\"@type\":\"WebSite\",\"@id\":\"https:\\\/\\\/clarijs-fietstassen.nl\\\/de\\\/#website\",\"url\":\"https:\\\/\\\/clarijs-fietstassen.nl\\\/de\\\/\",\"name\":\"Clarijs Fietstassen\",\"description\":\"Kwaliteit &amp; ambacht sinds 1948\",\"publisher\":{\"@id\":\"https:\\\/\\\/clarijs-fietstassen.nl\\\/de\\\/#organization\"},\"potentialAction\":[{\"@type\":\"SearchAction\",\"target\":{\"@type\":\"EntryPoint\",\"urlTemplate\":\"https:\\\/\\\/clarijs-fietstassen.nl\\\/de\\\/?s={search_term_string}\"},\"query-input\":{\"@type\":\"PropertyValueSpecification\",\"valueRequired\":true,\"valueName\":\"search_term_string\"}}],\"inLanguage\":\"de\"},{\"@type\":\"Organization\",\"@id\":\"https:\\\/\\\/clarijs-fietstassen.nl\\\/de\\\/#organization\",\"name\":\"Clarijs Fietstassen\",\"url\":\"https:\\\/\\\/clarijs-fietstassen.nl\\\/de\\\/\",\"logo\":{\"@type\":\"ImageObject\",\"inLanguage\":\"de\",\"@id\":\"https:\\\/\\\/clarijs-fietstassen.nl\\\/de\\\/#\\\/schema\\\/logo\\\/image\\\/\",\"url\":\"https:\\\/\\\/clarijs-fietstassen.nl\\\/wp-content\\\/uploads\\\/2024\\\/01\\\/clarijs-logo-met-rand.jpg\",\"contentUrl\":\"https:\\\/\\\/clarijs-fietstassen.nl\\\/wp-content\\\/uploads\\\/2024\\\/01\\\/clarijs-logo-met-rand.jpg\",\"width\":560,\"height\":266,\"caption\":\"Clarijs Fietstassen\"},\"image\":{\"@id\":\"https:\\\/\\\/clarijs-fietstassen.nl\\\/de\\\/#\\\/schema\\\/logo\\\/image\\\/\"},\"sameAs\":[\"https:\\\/\\\/www.facebook.com\\\/clarijs1948\\\/\",\"https:\\\/\\\/www.instagram.com\\\/clarijscovers\\\/\"]}]}<\/script>\n<meta property=\"product:price:amount\" content=\"64.00\" \/>\n<meta property=\"product:price:currency\" content=\"EUR\" \/>\n<meta property=\"og:availability\" content=\"instock\" \/>\n<meta property=\"product:availability\" content=\"instock\" \/>\n<meta property=\"product:retailer_item_id\" content=\"3026\" \/>\n<meta property=\"product:condition\" content=\"new\" \/>\n<!-- \/ Yoast SEO Premium plugin. -->","yoast_head_json":{"title":"Sidewalker Einzelfahrradtasche - Excellent Red - Clarijs Fietstassen","description":"Sidewalker Einzelfahrradtasche - Excellent Red Auf der Innenseite befindet sich eine Rei\u00dfverschlusstasche. Mit einem Fassungsverm\u00f6gen von 18 Litern ist diese Tasche kompakt und stabil zu tragen.","robots":{"index":"index","follow":"follow","max-snippet":"max-snippet:-1","max-image-preview":"max-image-preview:large","max-video-preview":"max-video-preview:-1"},"canonical":"https:\/\/clarijs-fietstassen.nl\/de\/produkt\/sidewalker-einzelfahrradtasche-excellent-red\/","og_locale":"de_DE","og_type":"article","og_title":"Sidewalker Einzelfahrradtasche - Excellent Red","og_description":"Sidewalker Einzelfahrradtasche - Excellent Red Auf der Innenseite befindet sich eine Rei\u00dfverschlusstasche. Mit einem Fassungsverm\u00f6gen von 18 Litern ist diese Tasche kompakt und stabil zu tragen.","og_url":"https:\/\/clarijs-fietstassen.nl\/de\/produkt\/sidewalker-einzelfahrradtasche-excellent-red\/","og_site_name":"Clarijs Fietstassen","article_publisher":"https:\/\/www.facebook.com\/clarijs1948\/","article_modified_time":"2025-02-17T12:17:31+00:00","og_image":[{"width":1000,"height":1000,"url":"https:\/\/clarijs-fietstassen.nl\/wp-content\/uploads\/2023\/07\/sidewalker-excellent-rood.png","type":"image\/png"}],"twitter_card":"summary_large_image","twitter_misc":{"Preis":"&euro;64.00","Verf\u00fcgbarkeit":"Auf Lager"},"schema":{"@context":"https:\/\/schema.org","@graph":[{"@type":"WebPage","@id":"https:\/\/clarijs-fietstassen.nl\/de\/produkt\/sidewalker-einzelfahrradtasche-excellent-red\/","url":"https:\/\/clarijs-fietstassen.nl\/de\/produkt\/sidewalker-einzelfahrradtasche-excellent-red\/","name":"Sidewalker Einzelfahrradtasche - Excellent Red - Clarijs Fietstassen","isPartOf":{"@id":"https:\/\/clarijs-fietstassen.nl\/de\/#website"},"primaryImageOfPage":{"@id":"https:\/\/clarijs-fietstassen.nl\/de\/produkt\/sidewalker-einzelfahrradtasche-excellent-red\/#primaryimage"},"image":{"@id":"https:\/\/clarijs-fietstassen.nl\/de\/produkt\/sidewalker-einzelfahrradtasche-excellent-red\/#primaryimage"},"thumbnailUrl":"https:\/\/clarijs-fietstassen.nl\/wp-content\/uploads\/2023\/07\/sidewalker-excellent-rood.png","datePublished":"2023-07-04T11:23:31+00:00","dateModified":"2025-02-17T12:17:31+00:00","description":"Sidewalker Einzelfahrradtasche - Excellent Red Auf der Innenseite befindet sich eine Rei\u00dfverschlusstasche. Mit einem Fassungsverm\u00f6gen von 18 Litern ist diese Tasche kompakt und stabil zu tragen.","breadcrumb":{"@id":"https:\/\/clarijs-fietstassen.nl\/de\/produkt\/sidewalker-einzelfahrradtasche-excellent-red\/#breadcrumb"},"inLanguage":"de","potentialAction":[{"@type":"ReadAction","target":["https:\/\/clarijs-fietstassen.nl\/de\/produkt\/sidewalker-einzelfahrradtasche-excellent-red\/"]}]},{"@type":"ImageObject","inLanguage":"de","@id":"https:\/\/clarijs-fietstassen.nl\/de\/produkt\/sidewalker-einzelfahrradtasche-excellent-red\/#primaryimage","url":"https:\/\/clarijs-fietstassen.nl\/wp-content\/uploads\/2023\/07\/sidewalker-excellent-rood.png","contentUrl":"https:\/\/clarijs-fietstassen.nl\/wp-content\/uploads\/2023\/07\/sidewalker-excellent-rood.png","width":1000,"height":1000,"caption":"Sidewalker Einzelfahrradtasche - Excellent Red"},{"@type":"BreadcrumbList","@id":"https:\/\/clarijs-fietstassen.nl\/de\/produkt\/sidewalker-einzelfahrradtasche-excellent-red\/#breadcrumb","itemListElement":[{"@type":"ListItem","position":1,"name":"Home","item":"https:\/\/clarijs-fietstassen.nl\/de\/"},{"@type":"ListItem","position":2,"name":"Shop","item":"https:\/\/clarijs-fietstassen.nl\/de\/shop\/"},{"@type":"ListItem","position":3,"name":"Sidewalkers","item":"https:\/\/clarijs-fietstassen.nl\/sidewalkers\/"},{"@type":"ListItem","position":4,"name":"Sidewalker Einzelfahrradtasche &#8211; Excellent Red"}]},{"@type":"WebSite","@id":"https:\/\/clarijs-fietstassen.nl\/de\/#website","url":"https:\/\/clarijs-fietstassen.nl\/de\/","name":"Clarijs Fietstassen","description":"Kwaliteit &amp; ambacht sinds 1948","publisher":{"@id":"https:\/\/clarijs-fietstassen.nl\/de\/#organization"},"potentialAction":[{"@type":"SearchAction","target":{"@type":"EntryPoint","urlTemplate":"https:\/\/clarijs-fietstassen.nl\/de\/?s={search_term_string}"},"query-input":{"@type":"PropertyValueSpecification","valueRequired":true,"valueName":"search_term_string"}}],"inLanguage":"de"},{"@type":"Organization","@id":"https:\/\/clarijs-fietstassen.nl\/de\/#organization","name":"Clarijs Fietstassen","url":"https:\/\/clarijs-fietstassen.nl\/de\/","logo":{"@type":"ImageObject","inLanguage":"de","@id":"https:\/\/clarijs-fietstassen.nl\/de\/#\/schema\/logo\/image\/","url":"https:\/\/clarijs-fietstassen.nl\/wp-content\/uploads\/2024\/01\/clarijs-logo-met-rand.jpg","contentUrl":"https:\/\/clarijs-fietstassen.nl\/wp-content\/uploads\/2024\/01\/clarijs-logo-met-rand.jpg","width":560,"height":266,"caption":"Clarijs Fietstassen"},"image":{"@id":"https:\/\/clarijs-fietstassen.nl\/de\/#\/schema\/logo\/image\/"},"sameAs":["https:\/\/www.facebook.com\/clarijs1948\/","https:\/\/www.instagram.com\/clarijscovers\/"]}]},"product_price_amount":"64.00","product_price_currency":"EUR","og_availability":"instock","product_availability":"instock","product_retailer_item_id":"3026","product_condition":"new"},"_links":{"self":[{"href":"https:\/\/clarijs-fietstassen.nl\/de\/wp-json\/wp\/v2\/product\/46670","targetHints":{"allow":["GET"]}}],"collection":[{"href":"https:\/\/clarijs-fietstassen.nl\/de\/wp-json\/wp\/v2\/product"}],"about":[{"href":"https:\/\/clarijs-fietstassen.nl\/de\/wp-json\/wp\/v2\/types\/product"}],"replies":[{"embeddable":true,"href":"https:\/\/clarijs-fietstassen.nl\/de\/wp-json\/wp\/v2\/comments?post=46670"}],"wp:featuredmedia":[{"embeddable":true,"href":"https:\/\/clarijs-fietstassen.nl\/de\/wp-json\/wp\/v2\/media\/46672"}],"wp:attachment":[{"href":"https:\/\/clarijs-fietstassen.nl\/de\/wp-json\/wp\/v2\/media?parent=46670"}],"wp:term":[{"taxonomy":"product_brand","embeddable":true,"href":"https:\/\/clarijs-fietstassen.nl\/de\/wp-json\/wp\/v2\/product_brand?post=46670"},{"taxonomy":"product_cat","embeddable":true,"href":"https:\/\/clarijs-fietstassen.nl\/de\/wp-json\/wp\/v2\/product_cat?post=46670"},{"taxonomy":"product_tag","embeddable":true,"href":"https:\/\/clarijs-fietstassen.nl\/de\/wp-json\/wp\/v2\/product_tag?post=46670"}],"curies":[{"name":"wp","href":"https:\/\/api.w.org\/{rel}","templated":true}]}}