{"id":46705,"date":"2023-07-04T13:32:03","date_gmt":"2023-07-04T12:32:03","guid":{"rendered":"https:\/\/clarijs-fietstassen.nl\/variobag-einzel-fahrradtasche-recycled-rot\/"},"modified":"2025-04-02T12:57:08","modified_gmt":"2025-04-02T10:57:08","slug":"variobag-einzel-fahrradtasche-recycled-rot","status":"publish","type":"product","link":"https:\/\/clarijs-fietstassen.nl\/de\/produkt\/variobag-einzel-fahrradtasche-recycled-rot\/","title":{"rendered":"Variobag Einzel-Fahrradtasche reCYCLEd &#8211; Rot"},"content":{"rendered":"<p data-pm-slice=\"1 1 []\">Die Variobag Single Bicycle Bag reCYCLEd &#8211; Red ist die Fahrradtasche und der Rucksack in einem, hergestellt aus <strong>100% recycelten Produktionsabf\u00e4llen<\/strong> unserer M\u00fclltonnen-Fahrradzelte. Eine nachhaltige Wahl ohne Kompromisse bei Stil und Funktionalit\u00e4t. <\/p>\n<p><strong>Warum den Variobag w\u00e4hlen?<\/strong><\/p>\n<ul data-spread=\"false\">\n<li>100% recyceltes Material &#8211; Kreislaufwirtschaft und umweltfreundlich.<\/li>\n<li>Fahrradtasche und Rucksack &#8211; Einfach umzubauen.<\/li>\n<li>Wasserfest und robust &#8211; Best\u00e4ndig gegen alle Wetterbedingungen.<\/li>\n<li>Ger\u00e4umig und praktisch &#8211; 24 Liter Fassungsverm\u00f6gen mit praktischen F\u00e4chern.<\/li>\n<li>Intelligenter Stauraum &#8211; Mehrere Innenf\u00e4cher, darunter ein ger\u00e4umiges Laptopfach.<\/li>\n<li>Sicherer Verschluss &#8211; Der magnetische FIDLOCK\u00ae-Verschluss sch\u00fctzt Ihre Habseligkeiten.<\/li>\n<\/ul>\n<p>&nbsp;<\/p>\n<p data-sanitized-data-mce-fragment=\"1\"><strong>Abmessungen:<\/strong><\/p>\n<ul data-sanitized-data-mce-fragment=\"1\">\n<li data-sanitized-data-mce-fragment=\"1\">Breite 31 cm<\/li>\n<li data-sanitized-data-mce-fragment=\"1\">H\u00f6he 40 cm<\/li>\n<li data-sanitized-data-mce-fragment=\"1\">Tiefe 19 cm<\/li>\n<\/ul>\n<p>&nbsp;<\/p>\n<p><strong>Nachhaltigkeit und Qualit\u00e4t<\/strong><br \/>\nUnsere Variobags sind nicht nur funktionell, sondern auch von hoher Qualit\u00e4t und tragen zu einer nachhaltigeren Welt bei. Durch die Verwendung von beschichtetem Acryl und PVC ist die Tasche nicht nur robust und langlebig, sondern auch widerstandsf\u00e4hig gegen verschiedene Wetterbedingungen.<br \/>\nDie Variotasche wird vollst\u00e4ndig aus recycelten Produktionsabf\u00e4llen unserer M\u00fcllzelte hergestellt. Durch die Wiederverwendung dieser hochwertigen Materialien minimieren wir den Abfall und verringern unseren \u00f6kologischen Fu\u00dfabdruck.  <\/p>\n<p><strong>W\u00e4hlen Sie bewusst, w\u00e4hlen Sie die Variobag! <\/strong>Bestellen Sie Ihre Variobag Single Bicycle Bag reCYCLEd &#8211; Rot noch heute!<\/p>\n<p>&nbsp;<\/p>\n<p><img decoding=\"async\" src=\"https:\/\/cdn.shopify.com\/s\/files\/1\/0088\/0482\/7194\/files\/Label-Tas-Clarijs_480x480_57f5e657-8596-45ac-83f9-4082978b9f8c_480x480.png?v=1632047296\" alt=\"\"><\/p>\n","protected":false},"excerpt":{"rendered":"<p>Abmessungen: H40 x B31 x T19<\/p>\n","protected":false},"featured_media":46706,"comment_status":"closed","ping_status":"closed","template":"","meta":{"_acf_changed":false,"_et_pb_use_builder":"","_et_pb_old_content":"","_et_gb_content_width":""},"product_brand":[],"product_cat":[705,721,728,732,734,741,742,727,783,781,768,767,774,777],"product_tag":[],"class_list":{"0":"post-46705","1":"product","2":"type-product","3":"status-publish","4":"has-post-thumbnail","6":"product_cat-cortina-fahrradtaschen","7":"product_cat-einzelne-fahrradtaschen","8":"product_cat-fahrradtaschen","9":"product_cat-gazelle-fahrradtaschen","10":"product_cat-giant-fahrradtaschen","11":"product_cat-koga-fahrradtaschen","12":"product_cat-laptop-taschen","13":"product_cat-radsport-rucksacke","14":"product_cat-recycled-de","15":"product_cat-schwarze-einzelfahrradtaschen","16":"product_cat-stabile-fahrradtaschen","17":"product_cat-stella-fahrradtaschen","18":"product_cat-variobags-de","19":"product_cat-wasserdichte-fahrradtaschen","20":"pa_geschikt-voor-e-bike-ja-de","21":"pa_inhoud-22-liter-de","22":"pa_kleur-rot","23":"pa_materiaal-acryl-de","24":"pa_materiaal-bisonyl-pvc-leinwand","25":"pa_merk-clarijs-covers-b-v-de","26":"pa_reflectie-ja-de","27":"pa_snelbinders-toegankelijk-ja-de","29":"first","30":"instock","31":"featured","32":"taxable","33":"shipping-taxable","34":"purchasable","35":"product-type-simple"},"acf":[],"yoast_head":"<!-- This site is optimized with the Yoast SEO Premium plugin v27.2 (Yoast SEO v27.3) - https:\/\/yoast.com\/product\/yoast-seo-premium-wordpress\/ -->\n<title>Variobag Einzel-Fahrradtasche reCYCLEd - Rot - Clarijs Fietstassen<\/title>\n<meta name=\"description\" content=\"Diese Variobag Red verf\u00fcgt \u00fcber einen magnetischen FIDLOCK\u00ae-Verschluss und eine Reihe von Innenf\u00e4chern, darunter ein ger\u00e4umiges Laptopfach. Jetzt einkaufen!\" \/>\n<meta name=\"robots\" content=\"index, follow, max-snippet:-1, max-image-preview:large, max-video-preview:-1\" \/>\n<link rel=\"canonical\" href=\"http:\/\/clarijs-fietstassen.nl\/produkt\/variobag-rood\/\" \/>\n<meta property=\"og:locale\" content=\"de_DE\" \/>\n<meta property=\"og:type\" content=\"article\" \/>\n<meta property=\"og:title\" content=\"Variobag Einzel-Fahrradtasche reCYCLEd - Rot\" \/>\n<meta property=\"og:description\" content=\"Diese Variobag Red verf\u00fcgt \u00fcber einen magnetischen FIDLOCK\u00ae-Verschluss und eine Reihe von Innenf\u00e4chern, darunter ein ger\u00e4umiges Laptopfach. Jetzt einkaufen!\" \/>\n<meta property=\"og:url\" content=\"http:\/\/clarijs-fietstassen.nl\/produkt\/variobag-rood\/\" \/>\n<meta property=\"og:site_name\" content=\"Clarijs Fietstassen\" \/>\n<meta property=\"article:publisher\" content=\"https:\/\/www.facebook.com\/clarijs1948\/\" \/>\n<meta property=\"article:modified_time\" content=\"2025-04-02T10:57:08+00:00\" \/>\n<meta property=\"og:image\" content=\"https:\/\/clarijs-fietstassen.nl\/wp-content\/uploads\/2023\/07\/Clarijs_03-24-1-1024x1024.png\" \/>\n\t<meta property=\"og:image:width\" content=\"1024\" \/>\n\t<meta property=\"og:image:height\" content=\"1024\" \/>\n\t<meta property=\"og:image:type\" content=\"image\/png\" \/>\n<meta name=\"twitter:card\" content=\"summary_large_image\" \/>\n<meta name=\"twitter:label1\" content=\"Preis\" \/>\n\t<meta name=\"twitter:data1\" content=\"&euro;99.00\" \/>\n\t<meta name=\"twitter:label2\" content=\"Verf\u00fcgbarkeit\" \/>\n\t<meta name=\"twitter:data2\" content=\"Auf Lager\" \/>\n<script type=\"application\/ld+json\" class=\"yoast-schema-graph\">{\"@context\":\"https:\\\/\\\/schema.org\",\"@graph\":[{\"@type\":\"WebPage\",\"@id\":\"http:\\\/\\\/clarijs-fietstassen.nl\\\/produkt\\\/variobag-rood\\\/\",\"url\":\"http:\\\/\\\/clarijs-fietstassen.nl\\\/produkt\\\/variobag-rood\\\/\",\"name\":\"Variobag Einzel-Fahrradtasche reCYCLEd - Rot - Clarijs Fietstassen\",\"isPartOf\":{\"@id\":\"https:\\\/\\\/clarijs-fietstassen.nl\\\/de\\\/#website\"},\"primaryImageOfPage\":{\"@id\":\"http:\\\/\\\/clarijs-fietstassen.nl\\\/produkt\\\/variobag-rood\\\/#primaryimage\"},\"image\":{\"@id\":\"http:\\\/\\\/clarijs-fietstassen.nl\\\/produkt\\\/variobag-rood\\\/#primaryimage\"},\"thumbnailUrl\":\"https:\\\/\\\/clarijs-fietstassen.nl\\\/wp-content\\\/uploads\\\/2023\\\/07\\\/Clarijs_03-24-1.png\",\"datePublished\":\"2023-07-04T12:32:03+00:00\",\"dateModified\":\"2025-04-02T10:57:08+00:00\",\"description\":\"Diese Variobag Red verf\u00fcgt \u00fcber einen magnetischen FIDLOCK\u00ae-Verschluss und eine Reihe von Innenf\u00e4chern, darunter ein ger\u00e4umiges Laptopfach. Jetzt einkaufen!\",\"breadcrumb\":{\"@id\":\"http:\\\/\\\/clarijs-fietstassen.nl\\\/produkt\\\/variobag-rood\\\/#breadcrumb\"},\"inLanguage\":\"de\",\"potentialAction\":[{\"@type\":\"ReadAction\",\"target\":[\"http:\\\/\\\/clarijs-fietstassen.nl\\\/produkt\\\/variobag-rood\\\/\"]}]},{\"@type\":\"ImageObject\",\"inLanguage\":\"de\",\"@id\":\"http:\\\/\\\/clarijs-fietstassen.nl\\\/produkt\\\/variobag-rood\\\/#primaryimage\",\"url\":\"https:\\\/\\\/clarijs-fietstassen.nl\\\/wp-content\\\/uploads\\\/2023\\\/07\\\/Clarijs_03-24-1.png\",\"contentUrl\":\"https:\\\/\\\/clarijs-fietstassen.nl\\\/wp-content\\\/uploads\\\/2023\\\/07\\\/Clarijs_03-24-1.png\",\"width\":1500,\"height\":1500,\"caption\":\"Variobag Einzel-Fahrradtasche reCYCLEd - Rot\"},{\"@type\":\"BreadcrumbList\",\"@id\":\"http:\\\/\\\/clarijs-fietstassen.nl\\\/produkt\\\/variobag-rood\\\/#breadcrumb\",\"itemListElement\":[{\"@type\":\"ListItem\",\"position\":1,\"name\":\"Home\",\"item\":\"https:\\\/\\\/clarijs-fietstassen.nl\\\/de\\\/\"},{\"@type\":\"ListItem\",\"position\":2,\"name\":\"Shop\",\"item\":\"https:\\\/\\\/clarijs-fietstassen.nl\\\/de\\\/shop\\\/\"},{\"@type\":\"ListItem\",\"position\":3,\"name\":\"Variobags\",\"item\":\"https:\\\/\\\/clarijs-fietstassen.nl\\\/en\\\/variobags-en\\\/\"},{\"@type\":\"ListItem\",\"position\":4,\"name\":\"Variobag Einzel-Fahrradtasche reCYCLEd &#8211; Rot\"}]},{\"@type\":\"WebSite\",\"@id\":\"https:\\\/\\\/clarijs-fietstassen.nl\\\/de\\\/#website\",\"url\":\"https:\\\/\\\/clarijs-fietstassen.nl\\\/de\\\/\",\"name\":\"Clarijs Fietstassen\",\"description\":\"Kwaliteit &amp; ambacht sinds 1948\",\"publisher\":{\"@id\":\"https:\\\/\\\/clarijs-fietstassen.nl\\\/de\\\/#organization\"},\"potentialAction\":[{\"@type\":\"SearchAction\",\"target\":{\"@type\":\"EntryPoint\",\"urlTemplate\":\"https:\\\/\\\/clarijs-fietstassen.nl\\\/de\\\/?s={search_term_string}\"},\"query-input\":{\"@type\":\"PropertyValueSpecification\",\"valueRequired\":true,\"valueName\":\"search_term_string\"}}],\"inLanguage\":\"de\"},{\"@type\":\"Organization\",\"@id\":\"https:\\\/\\\/clarijs-fietstassen.nl\\\/de\\\/#organization\",\"name\":\"Clarijs Fietstassen\",\"url\":\"https:\\\/\\\/clarijs-fietstassen.nl\\\/de\\\/\",\"logo\":{\"@type\":\"ImageObject\",\"inLanguage\":\"de\",\"@id\":\"https:\\\/\\\/clarijs-fietstassen.nl\\\/de\\\/#\\\/schema\\\/logo\\\/image\\\/\",\"url\":\"https:\\\/\\\/clarijs-fietstassen.nl\\\/wp-content\\\/uploads\\\/2024\\\/01\\\/clarijs-logo-met-rand.jpg\",\"contentUrl\":\"https:\\\/\\\/clarijs-fietstassen.nl\\\/wp-content\\\/uploads\\\/2024\\\/01\\\/clarijs-logo-met-rand.jpg\",\"width\":560,\"height\":266,\"caption\":\"Clarijs Fietstassen\"},\"image\":{\"@id\":\"https:\\\/\\\/clarijs-fietstassen.nl\\\/de\\\/#\\\/schema\\\/logo\\\/image\\\/\"},\"sameAs\":[\"https:\\\/\\\/www.facebook.com\\\/clarijs1948\\\/\",\"https:\\\/\\\/www.instagram.com\\\/clarijscovers\\\/\"]}]}<\/script>\n<meta property=\"product:price:amount\" content=\"99.00\" \/>\n<meta property=\"product:price:currency\" content=\"EUR\" \/>\n<meta property=\"og:availability\" content=\"instock\" \/>\n<meta property=\"product:availability\" content=\"instock\" \/>\n<meta property=\"product:retailer_item_id\" content=\"3051\" \/>\n<meta property=\"product:condition\" content=\"new\" \/>\n<!-- \/ Yoast SEO Premium plugin. -->","yoast_head_json":{"title":"Variobag Einzel-Fahrradtasche reCYCLEd - Rot - Clarijs Fietstassen","description":"Diese Variobag Red verf\u00fcgt \u00fcber einen magnetischen FIDLOCK\u00ae-Verschluss und eine Reihe von Innenf\u00e4chern, darunter ein ger\u00e4umiges Laptopfach. Jetzt einkaufen!","robots":{"index":"index","follow":"follow","max-snippet":"max-snippet:-1","max-image-preview":"max-image-preview:large","max-video-preview":"max-video-preview:-1"},"canonical":"http:\/\/clarijs-fietstassen.nl\/produkt\/variobag-rood\/","og_locale":"de_DE","og_type":"article","og_title":"Variobag Einzel-Fahrradtasche reCYCLEd - Rot","og_description":"Diese Variobag Red verf\u00fcgt \u00fcber einen magnetischen FIDLOCK\u00ae-Verschluss und eine Reihe von Innenf\u00e4chern, darunter ein ger\u00e4umiges Laptopfach. Jetzt einkaufen!","og_url":"http:\/\/clarijs-fietstassen.nl\/produkt\/variobag-rood\/","og_site_name":"Clarijs Fietstassen","article_publisher":"https:\/\/www.facebook.com\/clarijs1948\/","article_modified_time":"2025-04-02T10:57:08+00:00","og_image":[{"width":1024,"height":1024,"url":"https:\/\/clarijs-fietstassen.nl\/wp-content\/uploads\/2023\/07\/Clarijs_03-24-1-1024x1024.png","type":"image\/png"}],"twitter_card":"summary_large_image","twitter_misc":{"Preis":"&euro;99.00","Verf\u00fcgbarkeit":"Auf Lager"},"schema":{"@context":"https:\/\/schema.org","@graph":[{"@type":"WebPage","@id":"http:\/\/clarijs-fietstassen.nl\/produkt\/variobag-rood\/","url":"http:\/\/clarijs-fietstassen.nl\/produkt\/variobag-rood\/","name":"Variobag Einzel-Fahrradtasche reCYCLEd - Rot - Clarijs Fietstassen","isPartOf":{"@id":"https:\/\/clarijs-fietstassen.nl\/de\/#website"},"primaryImageOfPage":{"@id":"http:\/\/clarijs-fietstassen.nl\/produkt\/variobag-rood\/#primaryimage"},"image":{"@id":"http:\/\/clarijs-fietstassen.nl\/produkt\/variobag-rood\/#primaryimage"},"thumbnailUrl":"https:\/\/clarijs-fietstassen.nl\/wp-content\/uploads\/2023\/07\/Clarijs_03-24-1.png","datePublished":"2023-07-04T12:32:03+00:00","dateModified":"2025-04-02T10:57:08+00:00","description":"Diese Variobag Red verf\u00fcgt \u00fcber einen magnetischen FIDLOCK\u00ae-Verschluss und eine Reihe von Innenf\u00e4chern, darunter ein ger\u00e4umiges Laptopfach. Jetzt einkaufen!","breadcrumb":{"@id":"http:\/\/clarijs-fietstassen.nl\/produkt\/variobag-rood\/#breadcrumb"},"inLanguage":"de","potentialAction":[{"@type":"ReadAction","target":["http:\/\/clarijs-fietstassen.nl\/produkt\/variobag-rood\/"]}]},{"@type":"ImageObject","inLanguage":"de","@id":"http:\/\/clarijs-fietstassen.nl\/produkt\/variobag-rood\/#primaryimage","url":"https:\/\/clarijs-fietstassen.nl\/wp-content\/uploads\/2023\/07\/Clarijs_03-24-1.png","contentUrl":"https:\/\/clarijs-fietstassen.nl\/wp-content\/uploads\/2023\/07\/Clarijs_03-24-1.png","width":1500,"height":1500,"caption":"Variobag Einzel-Fahrradtasche reCYCLEd - Rot"},{"@type":"BreadcrumbList","@id":"http:\/\/clarijs-fietstassen.nl\/produkt\/variobag-rood\/#breadcrumb","itemListElement":[{"@type":"ListItem","position":1,"name":"Home","item":"https:\/\/clarijs-fietstassen.nl\/de\/"},{"@type":"ListItem","position":2,"name":"Shop","item":"https:\/\/clarijs-fietstassen.nl\/de\/shop\/"},{"@type":"ListItem","position":3,"name":"Variobags","item":"https:\/\/clarijs-fietstassen.nl\/en\/variobags-en\/"},{"@type":"ListItem","position":4,"name":"Variobag Einzel-Fahrradtasche reCYCLEd &#8211; Rot"}]},{"@type":"WebSite","@id":"https:\/\/clarijs-fietstassen.nl\/de\/#website","url":"https:\/\/clarijs-fietstassen.nl\/de\/","name":"Clarijs Fietstassen","description":"Kwaliteit &amp; ambacht sinds 1948","publisher":{"@id":"https:\/\/clarijs-fietstassen.nl\/de\/#organization"},"potentialAction":[{"@type":"SearchAction","target":{"@type":"EntryPoint","urlTemplate":"https:\/\/clarijs-fietstassen.nl\/de\/?s={search_term_string}"},"query-input":{"@type":"PropertyValueSpecification","valueRequired":true,"valueName":"search_term_string"}}],"inLanguage":"de"},{"@type":"Organization","@id":"https:\/\/clarijs-fietstassen.nl\/de\/#organization","name":"Clarijs Fietstassen","url":"https:\/\/clarijs-fietstassen.nl\/de\/","logo":{"@type":"ImageObject","inLanguage":"de","@id":"https:\/\/clarijs-fietstassen.nl\/de\/#\/schema\/logo\/image\/","url":"https:\/\/clarijs-fietstassen.nl\/wp-content\/uploads\/2024\/01\/clarijs-logo-met-rand.jpg","contentUrl":"https:\/\/clarijs-fietstassen.nl\/wp-content\/uploads\/2024\/01\/clarijs-logo-met-rand.jpg","width":560,"height":266,"caption":"Clarijs Fietstassen"},"image":{"@id":"https:\/\/clarijs-fietstassen.nl\/de\/#\/schema\/logo\/image\/"},"sameAs":["https:\/\/www.facebook.com\/clarijs1948\/","https:\/\/www.instagram.com\/clarijscovers\/"]}]},"product_price_amount":"99.00","product_price_currency":"EUR","og_availability":"instock","product_availability":"instock","product_retailer_item_id":"3051","product_condition":"new"},"_links":{"self":[{"href":"https:\/\/clarijs-fietstassen.nl\/de\/wp-json\/wp\/v2\/product\/46705","targetHints":{"allow":["GET"]}}],"collection":[{"href":"https:\/\/clarijs-fietstassen.nl\/de\/wp-json\/wp\/v2\/product"}],"about":[{"href":"https:\/\/clarijs-fietstassen.nl\/de\/wp-json\/wp\/v2\/types\/product"}],"replies":[{"embeddable":true,"href":"https:\/\/clarijs-fietstassen.nl\/de\/wp-json\/wp\/v2\/comments?post=46705"}],"wp:featuredmedia":[{"embeddable":true,"href":"https:\/\/clarijs-fietstassen.nl\/de\/wp-json\/wp\/v2\/media\/46706"}],"wp:attachment":[{"href":"https:\/\/clarijs-fietstassen.nl\/de\/wp-json\/wp\/v2\/media?parent=46705"}],"wp:term":[{"taxonomy":"product_brand","embeddable":true,"href":"https:\/\/clarijs-fietstassen.nl\/de\/wp-json\/wp\/v2\/product_brand?post=46705"},{"taxonomy":"product_cat","embeddable":true,"href":"https:\/\/clarijs-fietstassen.nl\/de\/wp-json\/wp\/v2\/product_cat?post=46705"},{"taxonomy":"product_tag","embeddable":true,"href":"https:\/\/clarijs-fietstassen.nl\/de\/wp-json\/wp\/v2\/product_tag?post=46705"}],"curies":[{"name":"wp","href":"https:\/\/api.w.org\/{rel}","templated":true}]}}