{"id":46725,"date":"2023-07-04T14:47:20","date_gmt":"2023-07-04T12:47:20","guid":{"rendered":"https:\/\/clarijs-fietstassen.nl\/doppelte-fahrradtasche-fr8\/"},"modified":"2026-03-25T10:27:16","modified_gmt":"2026-03-25T09:27:16","slug":"doppelte-fahrradtasche-fr8","status":"publish","type":"product","link":"https:\/\/clarijs-fietstassen.nl\/de\/produkt\/doppelte-fahrradtasche-fr8\/","title":{"rendered":"Doppelte Fahrradtasche FR8 &#8211; 50 Liter"},"content":{"rendered":"<p>Die Doppelte Fahrradtasche FR8 &#8211; 50 Liter liegt genau zwischen unseren Standard-Doppelpacktaschen (36-42 Liter) und der XXL-Postbag (66 Liter). Mit 50 Litern Fassungsverm\u00f6gen haben Sie deutlich mehr Platz als normal, ohne gleich die gr\u00f6\u00dfte Tasche zu w\u00e4hlen. Ideal f\u00fcr alle, die jeden Tag etwas mehr mitnehmen m\u00f6chten: Eink\u00e4ufe, Arbeitsutensilien oder eine Sporttasche. Das starke, wetterfeste Polyester macht die FR8 langlebig und widerstandsf\u00e4hig gegen Regen und intensive Nutzung.   <\/p>\n<p><b>Vorteile:<\/b><\/p>\n<ul>\n<li style=\"font-weight: 400;\" aria-level=\"1\"><span style=\"font-weight: 400;\">Der Deckel ist mit <\/span><b>Regenklappen<\/b><span style=\"font-weight: 400;\"> gegen eindringenden Regen.<\/span><\/li>\n<li style=\"font-weight: 400;\" aria-level=\"1\"><span style=\"font-weight: 400;\">Geeignet f\u00fcr raue Wetterbedingungen.<\/span><\/li>\n<li style=\"font-weight: 400;\" aria-level=\"1\"><span style=\"font-weight: 400;\">Geeignet f\u00fcr fast <\/span><b>jedes Fahrrad<\/b><span style=\"font-weight: 400;\">. (Auch Elektrofahrr\u00e4der)<\/span><\/li>\n<li style=\"font-weight: 400;\" aria-level=\"1\"><span style=\"font-weight: 400;\">Clarijs bietet nur die <\/span><b>h\u00f6chste Qualit\u00e4t<\/b><span style=\"font-weight: 400;\"> Materialien. <\/span> <\/li>\n<li style=\"font-weight: 400;\" aria-level=\"1\"><b>Reflexion<\/b><span style=\"font-weight: 400;\"> auf der Vorderseite &amp; R\u00fcckseite!<\/span><\/li>\n<li>Alle Doppeltaschen haben <strong>Entw\u00e4sserungsl\u00f6cher<\/strong>.<\/li>\n<li><strong>Gro\u00dfes<\/strong> Fassungsverm\u00f6gen von 50 Litern<\/li>\n<\/ul>\n<p><span style=\"font-weight: 400;\"><strong>Gr\u00f6\u00dfen<\/strong><\/span><i><span style=\"font-weight: 400;\"><br \/>\n<\/span><\/i><span style=\"font-weight: 400;\">Die Au\u00dfenma\u00dfe dieser Doppel-Fahrradtasche FR8 &#8211; 50 Liter: <\/span><span style=\"font-weight: 400;\">L 49,5 x <\/span>B 18 x H 32<\/p>\n<p><em>Da die Taschen handgefertigt sind, k\u00f6nnen die Ma\u00dfe um etwa einen Zentimeter variieren.<\/em><\/p>\n<p><b>Hochwertiges Material<\/b><\/p>\n<ul>\n<li aria-level=\"1\"><span style=\"font-weight: 400;\">Die hochwertigen Materialien der Packtaschen sorgen daf\u00fcr, dass sie dem t\u00e4glichen Gebrauch standhalten.<\/span><\/li>\n<li style=\"font-weight: 400;\" aria-level=\"1\"><span style=\"font-weight: 400;\">Das PVC-Gewebe ist wasserdicht und bietet hervorragenden Schutz vor Regen und Feuchtigkeit. So bleiben Ihre Habseligkeiten auch bei schlechtem Wetter trocken. <\/span><\/li>\n<li style=\"font-weight: 400;\" aria-level=\"1\"><span style=\"font-weight: 400;\">Das PVC-Gewebe ist stark und h\u00e4lt gro\u00dfen Belastungen stand. Dadurch eignet es sich zum Tragen schwerer Gegenst\u00e4nde oder zum Aufbau stabiler Strukturen. <\/span><\/li>\n<\/ul>\n<p><strong>Sie sind sich nicht sicher, ob Sie die richtige Gr\u00f6\u00dfe haben?<\/strong><br data-start=\"842\" data-end=\"845\">Unsere Standard-Doppelpacktaschen fassen 36 bis 42 Liter, die FR8 bis zu 50 Liter, und die <a href=\"https:\/\/clarijs-fietstassen.nl\/dubbele-fietstas-xxl-posttas-66-liter\/\"><strong>XXL-Posttasche<\/strong><\/a> sogar bis zu 66 Liter. W\u00e4hlen Sie die Gr\u00f6\u00dfe, die perfekt zu Ihren Fahrten passt <\/p>\n","protected":false},"excerpt":{"rendered":"<p>Die Doppelte Fahrradtasche FR8 &#8211; 50 Liter liegt genau zwischen unseren Standard-Doppelpacktaschen (36-42 Liter) und der XXL-Postbag (66 Liter). Mit 50 Litern Fassungsverm\u00f6gen haben Sie deutlich mehr Platz als normal, ohne gleich die gr\u00f6\u00dfte Tasche zu w\u00e4hlen. Ideal f\u00fcr alle, die jeden Tag etwas mehr mitnehmen m\u00f6chten: Eink\u00e4ufe, Arbeitsutensilien oder eine Sporttasche. Das starke, wetterfeste [&hellip;]<\/p>\n","protected":false},"featured_media":46732,"comment_status":"closed","ping_status":"closed","template":"","meta":{"_acf_changed":false,"_et_pb_use_builder":"","_et_pb_old_content":"","_et_gb_content_width":""},"product_brand":[],"product_cat":[714,718,719,728,734,737,745],"product_tag":[],"class_list":{"0":"post-46725","1":"product","2":"type-product","3":"status-publish","4":"has-post-thumbnail","6":"product_cat-doppelte-fahrradtaschen","7":"product_cat-doppelte-fahrradtaschen-fuer-damen","8":"product_cat-doppelte-fahrradtaschen-ohne-aufdruck","9":"product_cat-fahrradtaschen","10":"product_cat-giant-fahrradtaschen","11":"product_cat-grosse-fahrradtaschen","12":"product_cat-leichte-fahrradtaschen","13":"pa_geschikt-voor-e-bike-ja-de","14":"pa_geschikt-voor-ledlampjes-ja-de","15":"pa_kleur-matt-olive-de","16":"pa_kleur-matt-schwarz-de","17":"pa_kleur-schwarz","18":"pa_materiaal-bisonyl-pvc-leinwand","19":"pa_merk-clarijs-covers-b-v-de","20":"pa_reflectie-ja-de","21":"pa_snelbinders-toegankelijk-ja-wahlen-sie-die-option-schneiden-oder-aussparen-der-mitte","23":"first","24":"instock","25":"taxable","26":"shipping-taxable","27":"purchasable","28":"product-type-variable"},"acf":[],"yoast_head":"<!-- This site is optimized with the Yoast SEO Premium plugin v27.2 (Yoast SEO v27.3) - https:\/\/yoast.com\/product\/yoast-seo-premium-wordpress\/ -->\n<title>Doppelte Fahrradtasche FR8 - 50 Liter - Clarijs Fietstassen<\/title>\n<meta name=\"description\" content=\"Doppelte Fahrradtasche FR8 - 50 Liter Sie ist aus hochwertigem Polyestermaterial gefertigt und h\u00e4lt der t\u00e4glichen Beanspruchung stand. Jetzt kaufen.\" \/>\n<meta name=\"robots\" content=\"index, follow, max-snippet:-1, max-image-preview:large, max-video-preview:-1\" \/>\n<link rel=\"canonical\" href=\"https:\/\/clarijs-fietstassen.nl\/de\/doppelte-fahrradtasche-fr8\/\" \/>\n<meta property=\"og:locale\" content=\"de_DE\" \/>\n<meta property=\"og:type\" content=\"article\" \/>\n<meta property=\"og:title\" content=\"Doppelte Fahrradtasche FR8 - 50 Liter\" \/>\n<meta property=\"og:description\" content=\"Doppelte Fahrradtasche FR8 - 50 Liter Sie ist aus hochwertigem Polyestermaterial gefertigt und h\u00e4lt der t\u00e4glichen Beanspruchung stand. Jetzt kaufen.\" \/>\n<meta property=\"og:url\" content=\"https:\/\/clarijs-fietstassen.nl\/de\/doppelte-fahrradtasche-fr8\/\" \/>\n<meta property=\"og:site_name\" content=\"Clarijs Fietstassen\" \/>\n<meta property=\"article:publisher\" content=\"https:\/\/www.facebook.com\/clarijs1948\/\" \/>\n<meta property=\"article:modified_time\" content=\"2026-03-25T09:27:16+00:00\" \/>\n<meta property=\"og:image\" content=\"https:\/\/clarijs-fietstassen.nl\/wp-content\/uploads\/2023\/07\/fietstas-Fr8-matzwart_1903x.jpg\" \/>\n\t<meta property=\"og:image:width\" content=\"1200\" \/>\n\t<meta property=\"og:image:height\" content=\"1306\" \/>\n\t<meta property=\"og:image:type\" content=\"image\/jpeg\" \/>\n<meta name=\"twitter:card\" content=\"summary_large_image\" \/>\n<meta name=\"twitter:label1\" content=\"Verf\u00fcgbarkeit\" \/>\n\t<meta name=\"twitter:data1\" content=\"Auf Lager\" \/>\n<script type=\"application\/ld+json\" class=\"yoast-schema-graph\">{\"@context\":\"https:\\\/\\\/schema.org\",\"@graph\":[{\"@type\":\"WebPage\",\"@id\":\"https:\\\/\\\/clarijs-fietstassen.nl\\\/de\\\/doppelte-fahrradtasche-fr8\\\/\",\"url\":\"https:\\\/\\\/clarijs-fietstassen.nl\\\/de\\\/doppelte-fahrradtasche-fr8\\\/\",\"name\":\"Doppelte Fahrradtasche FR8 - 50 Liter - Clarijs Fietstassen\",\"isPartOf\":{\"@id\":\"https:\\\/\\\/clarijs-fietstassen.nl\\\/de\\\/#website\"},\"primaryImageOfPage\":{\"@id\":\"https:\\\/\\\/clarijs-fietstassen.nl\\\/de\\\/doppelte-fahrradtasche-fr8\\\/#primaryimage\"},\"image\":{\"@id\":\"https:\\\/\\\/clarijs-fietstassen.nl\\\/de\\\/doppelte-fahrradtasche-fr8\\\/#primaryimage\"},\"thumbnailUrl\":\"https:\\\/\\\/clarijs-fietstassen.nl\\\/wp-content\\\/uploads\\\/2023\\\/07\\\/fietstas-Fr8-matzwart_1903x.jpg\",\"datePublished\":\"2023-07-04T12:47:20+00:00\",\"dateModified\":\"2026-03-25T09:27:16+00:00\",\"description\":\"Doppelte Fahrradtasche FR8 - 50 Liter Sie ist aus hochwertigem Polyestermaterial gefertigt und h\u00e4lt der t\u00e4glichen Beanspruchung stand. Jetzt kaufen.\",\"breadcrumb\":{\"@id\":\"https:\\\/\\\/clarijs-fietstassen.nl\\\/de\\\/doppelte-fahrradtasche-fr8\\\/#breadcrumb\"},\"inLanguage\":\"de\",\"potentialAction\":[{\"@type\":\"ReadAction\",\"target\":[\"https:\\\/\\\/clarijs-fietstassen.nl\\\/de\\\/doppelte-fahrradtasche-fr8\\\/\"]}]},{\"@type\":\"ImageObject\",\"inLanguage\":\"de\",\"@id\":\"https:\\\/\\\/clarijs-fietstassen.nl\\\/de\\\/doppelte-fahrradtasche-fr8\\\/#primaryimage\",\"url\":\"https:\\\/\\\/clarijs-fietstassen.nl\\\/wp-content\\\/uploads\\\/2023\\\/07\\\/fietstas-Fr8-matzwart_1903x.jpg\",\"contentUrl\":\"https:\\\/\\\/clarijs-fietstassen.nl\\\/wp-content\\\/uploads\\\/2023\\\/07\\\/fietstas-Fr8-matzwart_1903x.jpg\",\"width\":1200,\"height\":1306,\"caption\":\"Doppelte Fahrradtasche FR8\"},{\"@type\":\"BreadcrumbList\",\"@id\":\"https:\\\/\\\/clarijs-fietstassen.nl\\\/de\\\/doppelte-fahrradtasche-fr8\\\/#breadcrumb\",\"itemListElement\":[{\"@type\":\"ListItem\",\"position\":1,\"name\":\"Home\",\"item\":\"https:\\\/\\\/clarijs-fietstassen.nl\\\/de\\\/\"},{\"@type\":\"ListItem\",\"position\":2,\"name\":\"Shop\",\"item\":\"https:\\\/\\\/clarijs-fietstassen.nl\\\/de\\\/shop\\\/\"},{\"@type\":\"ListItem\",\"position\":3,\"name\":\"Dubbele fietstassen\",\"item\":\"https:\\\/\\\/clarijs-fietstassen.nl\\\/dubbele-fietstassen\\\/\"},{\"@type\":\"ListItem\",\"position\":4,\"name\":\"Doppelte Fahrradtasche FR8 &#8211; 50 Liter\"}]},{\"@type\":\"WebSite\",\"@id\":\"https:\\\/\\\/clarijs-fietstassen.nl\\\/de\\\/#website\",\"url\":\"https:\\\/\\\/clarijs-fietstassen.nl\\\/de\\\/\",\"name\":\"Clarijs Fietstassen\",\"description\":\"Kwaliteit &amp; ambacht sinds 1948\",\"publisher\":{\"@id\":\"https:\\\/\\\/clarijs-fietstassen.nl\\\/de\\\/#organization\"},\"potentialAction\":[{\"@type\":\"SearchAction\",\"target\":{\"@type\":\"EntryPoint\",\"urlTemplate\":\"https:\\\/\\\/clarijs-fietstassen.nl\\\/de\\\/?s={search_term_string}\"},\"query-input\":{\"@type\":\"PropertyValueSpecification\",\"valueRequired\":true,\"valueName\":\"search_term_string\"}}],\"inLanguage\":\"de\"},{\"@type\":\"Organization\",\"@id\":\"https:\\\/\\\/clarijs-fietstassen.nl\\\/de\\\/#organization\",\"name\":\"Clarijs Fietstassen\",\"url\":\"https:\\\/\\\/clarijs-fietstassen.nl\\\/de\\\/\",\"logo\":{\"@type\":\"ImageObject\",\"inLanguage\":\"de\",\"@id\":\"https:\\\/\\\/clarijs-fietstassen.nl\\\/de\\\/#\\\/schema\\\/logo\\\/image\\\/\",\"url\":\"https:\\\/\\\/clarijs-fietstassen.nl\\\/wp-content\\\/uploads\\\/2024\\\/01\\\/clarijs-logo-met-rand.jpg\",\"contentUrl\":\"https:\\\/\\\/clarijs-fietstassen.nl\\\/wp-content\\\/uploads\\\/2024\\\/01\\\/clarijs-logo-met-rand.jpg\",\"width\":560,\"height\":266,\"caption\":\"Clarijs Fietstassen\"},\"image\":{\"@id\":\"https:\\\/\\\/clarijs-fietstassen.nl\\\/de\\\/#\\\/schema\\\/logo\\\/image\\\/\"},\"sameAs\":[\"https:\\\/\\\/www.facebook.com\\\/clarijs1948\\\/\",\"https:\\\/\\\/www.instagram.com\\\/clarijscovers\\\/\"]}]}<\/script>\n<meta property=\"og:availability\" content=\"instock\" \/>\n<meta property=\"product:availability\" content=\"instock\" \/>\n<meta property=\"product:retailer_item_id\" content=\"1024\" \/>\n<meta property=\"product:condition\" content=\"new\" \/>\n<!-- \/ Yoast SEO Premium plugin. -->","yoast_head_json":{"title":"Doppelte Fahrradtasche FR8 - 50 Liter - Clarijs Fietstassen","description":"Doppelte Fahrradtasche FR8 - 50 Liter Sie ist aus hochwertigem Polyestermaterial gefertigt und h\u00e4lt der t\u00e4glichen Beanspruchung stand. Jetzt kaufen.","robots":{"index":"index","follow":"follow","max-snippet":"max-snippet:-1","max-image-preview":"max-image-preview:large","max-video-preview":"max-video-preview:-1"},"canonical":"https:\/\/clarijs-fietstassen.nl\/de\/doppelte-fahrradtasche-fr8\/","og_locale":"de_DE","og_type":"article","og_title":"Doppelte Fahrradtasche FR8 - 50 Liter","og_description":"Doppelte Fahrradtasche FR8 - 50 Liter Sie ist aus hochwertigem Polyestermaterial gefertigt und h\u00e4lt der t\u00e4glichen Beanspruchung stand. Jetzt kaufen.","og_url":"https:\/\/clarijs-fietstassen.nl\/de\/doppelte-fahrradtasche-fr8\/","og_site_name":"Clarijs Fietstassen","article_publisher":"https:\/\/www.facebook.com\/clarijs1948\/","article_modified_time":"2026-03-25T09:27:16+00:00","og_image":[{"width":1200,"height":1306,"url":"https:\/\/clarijs-fietstassen.nl\/wp-content\/uploads\/2023\/07\/fietstas-Fr8-matzwart_1903x.jpg","type":"image\/jpeg"}],"twitter_card":"summary_large_image","twitter_misc":{"Verf\u00fcgbarkeit":"Auf Lager"},"schema":{"@context":"https:\/\/schema.org","@graph":[{"@type":"WebPage","@id":"https:\/\/clarijs-fietstassen.nl\/de\/doppelte-fahrradtasche-fr8\/","url":"https:\/\/clarijs-fietstassen.nl\/de\/doppelte-fahrradtasche-fr8\/","name":"Doppelte Fahrradtasche FR8 - 50 Liter - Clarijs Fietstassen","isPartOf":{"@id":"https:\/\/clarijs-fietstassen.nl\/de\/#website"},"primaryImageOfPage":{"@id":"https:\/\/clarijs-fietstassen.nl\/de\/doppelte-fahrradtasche-fr8\/#primaryimage"},"image":{"@id":"https:\/\/clarijs-fietstassen.nl\/de\/doppelte-fahrradtasche-fr8\/#primaryimage"},"thumbnailUrl":"https:\/\/clarijs-fietstassen.nl\/wp-content\/uploads\/2023\/07\/fietstas-Fr8-matzwart_1903x.jpg","datePublished":"2023-07-04T12:47:20+00:00","dateModified":"2026-03-25T09:27:16+00:00","description":"Doppelte Fahrradtasche FR8 - 50 Liter Sie ist aus hochwertigem Polyestermaterial gefertigt und h\u00e4lt der t\u00e4glichen Beanspruchung stand. Jetzt kaufen.","breadcrumb":{"@id":"https:\/\/clarijs-fietstassen.nl\/de\/doppelte-fahrradtasche-fr8\/#breadcrumb"},"inLanguage":"de","potentialAction":[{"@type":"ReadAction","target":["https:\/\/clarijs-fietstassen.nl\/de\/doppelte-fahrradtasche-fr8\/"]}]},{"@type":"ImageObject","inLanguage":"de","@id":"https:\/\/clarijs-fietstassen.nl\/de\/doppelte-fahrradtasche-fr8\/#primaryimage","url":"https:\/\/clarijs-fietstassen.nl\/wp-content\/uploads\/2023\/07\/fietstas-Fr8-matzwart_1903x.jpg","contentUrl":"https:\/\/clarijs-fietstassen.nl\/wp-content\/uploads\/2023\/07\/fietstas-Fr8-matzwart_1903x.jpg","width":1200,"height":1306,"caption":"Doppelte Fahrradtasche FR8"},{"@type":"BreadcrumbList","@id":"https:\/\/clarijs-fietstassen.nl\/de\/doppelte-fahrradtasche-fr8\/#breadcrumb","itemListElement":[{"@type":"ListItem","position":1,"name":"Home","item":"https:\/\/clarijs-fietstassen.nl\/de\/"},{"@type":"ListItem","position":2,"name":"Shop","item":"https:\/\/clarijs-fietstassen.nl\/de\/shop\/"},{"@type":"ListItem","position":3,"name":"Dubbele fietstassen","item":"https:\/\/clarijs-fietstassen.nl\/dubbele-fietstassen\/"},{"@type":"ListItem","position":4,"name":"Doppelte Fahrradtasche FR8 &#8211; 50 Liter"}]},{"@type":"WebSite","@id":"https:\/\/clarijs-fietstassen.nl\/de\/#website","url":"https:\/\/clarijs-fietstassen.nl\/de\/","name":"Clarijs Fietstassen","description":"Kwaliteit &amp; ambacht sinds 1948","publisher":{"@id":"https:\/\/clarijs-fietstassen.nl\/de\/#organization"},"potentialAction":[{"@type":"SearchAction","target":{"@type":"EntryPoint","urlTemplate":"https:\/\/clarijs-fietstassen.nl\/de\/?s={search_term_string}"},"query-input":{"@type":"PropertyValueSpecification","valueRequired":true,"valueName":"search_term_string"}}],"inLanguage":"de"},{"@type":"Organization","@id":"https:\/\/clarijs-fietstassen.nl\/de\/#organization","name":"Clarijs Fietstassen","url":"https:\/\/clarijs-fietstassen.nl\/de\/","logo":{"@type":"ImageObject","inLanguage":"de","@id":"https:\/\/clarijs-fietstassen.nl\/de\/#\/schema\/logo\/image\/","url":"https:\/\/clarijs-fietstassen.nl\/wp-content\/uploads\/2024\/01\/clarijs-logo-met-rand.jpg","contentUrl":"https:\/\/clarijs-fietstassen.nl\/wp-content\/uploads\/2024\/01\/clarijs-logo-met-rand.jpg","width":560,"height":266,"caption":"Clarijs Fietstassen"},"image":{"@id":"https:\/\/clarijs-fietstassen.nl\/de\/#\/schema\/logo\/image\/"},"sameAs":["https:\/\/www.facebook.com\/clarijs1948\/","https:\/\/www.instagram.com\/clarijscovers\/"]}]},"og_availability":"instock","product_availability":"instock","product_retailer_item_id":"1024","product_condition":"new"},"_links":{"self":[{"href":"https:\/\/clarijs-fietstassen.nl\/de\/wp-json\/wp\/v2\/product\/46725","targetHints":{"allow":["GET"]}}],"collection":[{"href":"https:\/\/clarijs-fietstassen.nl\/de\/wp-json\/wp\/v2\/product"}],"about":[{"href":"https:\/\/clarijs-fietstassen.nl\/de\/wp-json\/wp\/v2\/types\/product"}],"replies":[{"embeddable":true,"href":"https:\/\/clarijs-fietstassen.nl\/de\/wp-json\/wp\/v2\/comments?post=46725"}],"wp:featuredmedia":[{"embeddable":true,"href":"https:\/\/clarijs-fietstassen.nl\/de\/wp-json\/wp\/v2\/media\/46732"}],"wp:attachment":[{"href":"https:\/\/clarijs-fietstassen.nl\/de\/wp-json\/wp\/v2\/media?parent=46725"}],"wp:term":[{"taxonomy":"product_brand","embeddable":true,"href":"https:\/\/clarijs-fietstassen.nl\/de\/wp-json\/wp\/v2\/product_brand?post=46725"},{"taxonomy":"product_cat","embeddable":true,"href":"https:\/\/clarijs-fietstassen.nl\/de\/wp-json\/wp\/v2\/product_cat?post=46725"},{"taxonomy":"product_tag","embeddable":true,"href":"https:\/\/clarijs-fietstassen.nl\/de\/wp-json\/wp\/v2\/product_tag?post=46725"}],"curies":[{"name":"wp","href":"https:\/\/api.w.org\/{rel}","templated":true}]}}