{"id":46758,"date":"2023-07-04T13:43:36","date_gmt":"2023-07-04T12:43:36","guid":{"rendered":"https:\/\/clarijs-fietstassen.nl\/solobag-einzelne-fahrradtasche-van-gogh-die-kartoffelesser\/"},"modified":"2025-05-07T14:18:18","modified_gmt":"2025-05-07T12:18:18","slug":"solobag-einzelne-fahrradtasche-van-gogh-die-kartoffelesser","status":"publish","type":"product","link":"https:\/\/clarijs-fietstassen.nl\/de\/produkt\/solobag-einzelne-fahrradtasche-van-gogh-die-kartoffelesser\/","title":{"rendered":"Solobag Einzelne Fahrradtasche &#8211; Van Gogh Die Kartoffelesser"},"content":{"rendered":"<p><span style=\"font-weight: 400;\">Die Solobag Single Bicycle Bag Van Gogh The Potato Eaters ist die perfekte Kombination aus Haltbarkeit und Funktionalit\u00e4t. Diese tragbare Gep\u00e4cktr\u00e4gertasche kann entweder links oder rechts an Ihrem Fahrrad befestigt werden. Mit Ausnahme der Haken und Schnallen ist die Tasche vollst\u00e4ndig recycelt. Wir recyceln PVC und beschichtetes Acryl, indem wir die Abf\u00e4lle und Zuschnitte unserer Cargo-Bike-Regenabdeckungen verwenden.    <\/span><\/p>\n<p><b>Vorteile:<\/b><\/p>\n<ul>\n<li style=\"font-weight: 400;\" aria-level=\"1\"><span style=\"font-weight: 400;\">Multifunktional <\/span><b>100%<\/b> <b>wasserdicht<\/b><span style=\"font-weight: 400;\"> einzelne Fahrradtasche<\/span><\/li>\n<li style=\"font-weight: 400;\" aria-level=\"1\"><b>Quick-Lock-System<\/b><span style=\"font-weight: 400;\">: einstellbar ohne Werkzeug<\/span><\/li>\n<li style=\"font-weight: 400;\" aria-level=\"1\"><span style=\"font-weight: 400;\">Die Tasche l\u00e4sst sich leicht mit <\/span><b>magnetischen <\/b><span style=\"font-weight: 400;\">FIDLOCK-Schnalle<\/span><\/li>\n<li style=\"font-weight: 400;\" aria-level=\"1\"><span style=\"font-weight: 400;\">Auch als Umh\u00e4ngetasche geeignet, dank eines <\/span><b>abnehmbaren Schulterriemen<\/b><span style=\"font-weight: 400;\">.<\/span><\/li>\n<li style=\"font-weight: 400;\" aria-level=\"1\"><span style=\"font-weight: 400;\">Viel Fassungsverm\u00f6gen in einer einzigen Gep\u00e4cktasche <\/span><b>(24 Liter!)<\/b><\/li>\n<li style=\"font-weight: 400;\" aria-level=\"1\"><span style=\"font-weight: 400;\">Verst\u00e4rkte Tasche mit <\/span><b>ger\u00e4umigem Hauptfach<\/b><\/li>\n<li style=\"font-weight: 400;\" aria-level=\"1\"><b>Einzigartiges Design<\/b><span style=\"font-weight: 400;\">: Van Gogh Die Kartoffelesser <\/span> <\/li>\n<\/ul>\n<p><i><span style=\"font-weight: 400;\">Au\u00dfenma\u00dfe dieser einzelnen Packtasche: <\/span><\/i><\/p>\n<p><i><span style=\"font-weight: 400;\">Breite 31 cm<\/span><\/i><br \/>\n<i><span style=\"font-weight: 400;\">H\u00f6he 40 cm  <\/span><\/i><br \/>\n<i><span style=\"font-weight: 400;\">Tiefe 19 cm<\/span><\/i><\/p>\n<p><b>100% wasserdicht<\/b><\/p>\n<p><span style=\"font-weight: 400;\">Der Clarijs Solobag Van Gogh The Potato Eaters ist ideal f\u00fcr alle, die eine ger\u00e4umige, wasserdichte Packtasche ben\u00f6tigen. Das ger\u00e4umige Hauptfach mit Innentasche und verst\u00e4rkter R\u00fcckwand wird mit einem praktischen und wasserdichten Rollverschluss geschlossen. Dieser Verschluss ist mit einer magnetischen FIDLOCK-Schnalle ausgestattet.    <\/span><\/p>\n<p><b>Quick-Lock-System<\/b><\/p>\n<p><span style=\"font-weight: 400;\">Mit den Quick-Lock-Haken und einer verstellbaren Hakenschiene an der Unterseite der Tasche k\u00f6nnen Sie die Solobag ganz einfach an Ihrem Fahrrad befestigen. Die Haken passen auf Gep\u00e4cktr\u00e4ger mit einem Rohrdurchmesser von bis zu 22 mm. Das Quick-Lock-System kann ohne Werkzeug eingestellt werden. Sie nehmen die Tasche einfach vom Gep\u00e4cktr\u00e4ger ab: Wenn Sie den mit dem Klicksystem verbundenen Hebel ziehen, schnappen die Haken vom Gep\u00e4cktr\u00e4gerrohr ab.   <\/span><\/p>\n<p><b>Hochwertiges Material<\/b><\/p>\n<ul>\n<li style=\"font-weight: 400;\" aria-level=\"1\"><span style=\"font-weight: 400;\">Diese tragbare Gep\u00e4cktr\u00e4gertasche wird aus den Produktionsabf\u00e4llen unserer Cargo-Bike-Regenabdeckungen hergestellt. Die von uns verwendeten Materialien sind beschichtetes Acryl und PVC. <\/span><\/li>\n<li style=\"font-weight: 400;\" aria-level=\"1\"><span style=\"font-weight: 400;\">F\u00fcr die Herstellung dieser hochwertigen Taschen verwenden wir die ausgeschnittenen Fensterelemente der Fahrradtaschen, die wir f\u00fcr Urban Arrow, Babboe, Carqon, Johnny Loco und Butchers &amp; Bicycles produzieren.<\/span><\/li>\n<li style=\"font-weight: 400;\" aria-level=\"1\"><span style=\"font-weight: 400;\">Die Tasche kann an der linken oder rechten Seite Ihres Fahrrads angebracht werden. Auch f\u00fcr Elektrofahrr\u00e4der geeignet.   <\/span><\/li>\n<li style=\"font-weight: 400;\" aria-level=\"1\"><span style=\"font-weight: 400;\">Mit dem mitgelieferten abnehmbaren Schultergurt kann die Clarijs Solobag bequem als Umh\u00e4ngetasche getragen werden.<\/span><\/li>\n<li style=\"font-weight: 400;\" aria-level=\"1\"><span style=\"font-weight: 400;\">Geeignet f\u00fcr raue Wetterbedingungen.<\/span><\/li>\n<\/ul>\n","protected":false},"excerpt":{"rendered":"<p>Abmessungen: H42 x B30 x T17<\/p>\n","protected":false},"featured_media":46759,"comment_status":"closed","ping_status":"closed","template":"","meta":{"_acf_changed":false,"_et_pb_use_builder":"","_et_pb_old_content":"","_et_gb_content_width":""},"product_brand":[],"product_cat":[705,721,728,730,732,734,741,747,781,764,768,767,755,777],"product_tag":[],"class_list":{"0":"post-46758","1":"product","2":"type-product","3":"status-publish","4":"has-post-thumbnail","6":"product_cat-cortina-fahrradtaschen","7":"product_cat-einzelne-fahrradtaschen","8":"product_cat-fahrradtaschen","9":"product_cat-fahrradtaschen-fur-den-einkauf","10":"product_cat-gazelle-fahrradtaschen","11":"product_cat-giant-fahrradtaschen","12":"product_cat-koga-fahrradtaschen","13":"product_cat-luxurioese-fahrradtaschen","14":"product_cat-schwarze-einzelfahrradtaschen","15":"product_cat-solobags-de","16":"product_cat-stabile-fahrradtaschen","17":"product_cat-stella-fahrradtaschen","18":"product_cat-umhangetaschen","19":"product_cat-wasserdichte-fahrradtaschen","20":"pa_geschikt-voor-e-bike-ja-de","21":"pa_inhoud-22-liter-de","22":"pa_materiaal-acryl-de","23":"pa_materiaal-bisonyl-pvc-leinwand","24":"pa_merk-clarijs-covers-b-v-de","25":"pa_reflectie-ja-de","26":"pa_snelbinders-toegankelijk-ja-de","28":"first","29":"instock","30":"featured","31":"taxable","32":"shipping-taxable","33":"purchasable","34":"product-type-simple"},"acf":[],"yoast_head":"<!-- This site is optimized with the Yoast SEO Premium plugin v27.2 (Yoast SEO v27.3) - https:\/\/yoast.com\/product\/yoast-seo-premium-wordpress\/ -->\n<title>Einzelne Fahrradtasche - Van Gogh Die Kartoffelesser | Clarijs<\/title>\n<meta name=\"description\" content=\"Diese Fahrradtasche - Van Gogh The Potato Eaters wird aus unseren eigenen Schnittabf\u00e4llen aus der Produktion unserer Cargo-Bike-Regenzelte hergestellt. Anschauen und einkaufen!\" \/>\n<meta name=\"robots\" content=\"index, follow, max-snippet:-1, max-image-preview:large, max-video-preview:-1\" \/>\n<link rel=\"canonical\" href=\"http:\/\/clarijs-fietstassen.nl\/produkt\/solobag-enkele-fietstas-van-gogh-the-potato-eaters\/\" \/>\n<meta property=\"og:locale\" content=\"de_DE\" \/>\n<meta property=\"og:type\" content=\"article\" \/>\n<meta property=\"og:title\" content=\"Solobag Einzelne Fahrradtasche - Van Gogh Die Kartoffelesser\" \/>\n<meta property=\"og:description\" content=\"Diese Fahrradtasche - Van Gogh The Potato Eaters wird aus unseren eigenen Schnittabf\u00e4llen aus der Produktion unserer Cargo-Bike-Regenzelte hergestellt. Anschauen und einkaufen!\" \/>\n<meta property=\"og:url\" content=\"http:\/\/clarijs-fietstassen.nl\/produkt\/solobag-enkele-fietstas-van-gogh-the-potato-eaters\/\" \/>\n<meta property=\"og:site_name\" content=\"Clarijs Fietstassen\" \/>\n<meta property=\"article:publisher\" content=\"https:\/\/www.facebook.com\/clarijs1948\/\" \/>\n<meta property=\"article:modified_time\" content=\"2025-05-07T12:18:18+00:00\" \/>\n<meta property=\"og:image\" content=\"https:\/\/clarijs-fietstassen.nl\/wp-content\/uploads\/2023\/07\/Clarijs_03-66.jpg\" \/>\n\t<meta property=\"og:image:width\" content=\"1200\" \/>\n\t<meta property=\"og:image:height\" content=\"1200\" \/>\n\t<meta property=\"og:image:type\" content=\"image\/jpeg\" \/>\n<meta name=\"twitter:card\" content=\"summary_large_image\" \/>\n<meta name=\"twitter:label1\" content=\"Preis\" \/>\n\t<meta name=\"twitter:data1\" content=\"&euro;89.00\" \/>\n\t<meta name=\"twitter:label2\" content=\"Verf\u00fcgbarkeit\" \/>\n\t<meta name=\"twitter:data2\" content=\"Auf Lager\" \/>\n<script type=\"application\/ld+json\" class=\"yoast-schema-graph\">{\"@context\":\"https:\\\/\\\/schema.org\",\"@graph\":[{\"@type\":\"WebPage\",\"@id\":\"http:\\\/\\\/clarijs-fietstassen.nl\\\/produkt\\\/solobag-enkele-fietstas-van-gogh-the-potato-eaters\\\/\",\"url\":\"http:\\\/\\\/clarijs-fietstassen.nl\\\/produkt\\\/solobag-enkele-fietstas-van-gogh-the-potato-eaters\\\/\",\"name\":\"Einzelne Fahrradtasche - Van Gogh Die Kartoffelesser | Clarijs\",\"isPartOf\":{\"@id\":\"https:\\\/\\\/clarijs-fietstassen.nl\\\/de\\\/#website\"},\"primaryImageOfPage\":{\"@id\":\"http:\\\/\\\/clarijs-fietstassen.nl\\\/produkt\\\/solobag-enkele-fietstas-van-gogh-the-potato-eaters\\\/#primaryimage\"},\"image\":{\"@id\":\"http:\\\/\\\/clarijs-fietstassen.nl\\\/produkt\\\/solobag-enkele-fietstas-van-gogh-the-potato-eaters\\\/#primaryimage\"},\"thumbnailUrl\":\"https:\\\/\\\/clarijs-fietstassen.nl\\\/wp-content\\\/uploads\\\/2023\\\/07\\\/Clarijs_03-66.jpg\",\"datePublished\":\"2023-07-04T12:43:36+00:00\",\"dateModified\":\"2025-05-07T12:18:18+00:00\",\"description\":\"Diese Fahrradtasche - Van Gogh The Potato Eaters wird aus unseren eigenen Schnittabf\u00e4llen aus der Produktion unserer Cargo-Bike-Regenzelte hergestellt. Anschauen und einkaufen!\",\"breadcrumb\":{\"@id\":\"http:\\\/\\\/clarijs-fietstassen.nl\\\/produkt\\\/solobag-enkele-fietstas-van-gogh-the-potato-eaters\\\/#breadcrumb\"},\"inLanguage\":\"de\",\"potentialAction\":[{\"@type\":\"ReadAction\",\"target\":[\"http:\\\/\\\/clarijs-fietstassen.nl\\\/produkt\\\/solobag-enkele-fietstas-van-gogh-the-potato-eaters\\\/\"]}]},{\"@type\":\"ImageObject\",\"inLanguage\":\"de\",\"@id\":\"http:\\\/\\\/clarijs-fietstassen.nl\\\/produkt\\\/solobag-enkele-fietstas-van-gogh-the-potato-eaters\\\/#primaryimage\",\"url\":\"https:\\\/\\\/clarijs-fietstassen.nl\\\/wp-content\\\/uploads\\\/2023\\\/07\\\/Clarijs_03-66.jpg\",\"contentUrl\":\"https:\\\/\\\/clarijs-fietstassen.nl\\\/wp-content\\\/uploads\\\/2023\\\/07\\\/Clarijs_03-66.jpg\",\"width\":1200,\"height\":1200,\"caption\":\"Solobag Einzelne Fahrradtasche - Van Gogh Die Kartoffelesser\"},{\"@type\":\"BreadcrumbList\",\"@id\":\"http:\\\/\\\/clarijs-fietstassen.nl\\\/produkt\\\/solobag-enkele-fietstas-van-gogh-the-potato-eaters\\\/#breadcrumb\",\"itemListElement\":[{\"@type\":\"ListItem\",\"position\":1,\"name\":\"Home\",\"item\":\"https:\\\/\\\/clarijs-fietstassen.nl\\\/de\\\/\"},{\"@type\":\"ListItem\",\"position\":2,\"name\":\"Shop\",\"item\":\"https:\\\/\\\/clarijs-fietstassen.nl\\\/de\\\/shop\\\/\"},{\"@type\":\"ListItem\",\"position\":3,\"name\":\"Solobags\",\"item\":\"https:\\\/\\\/clarijs-fietstassen.nl\\\/en\\\/solobags-en\\\/\"},{\"@type\":\"ListItem\",\"position\":4,\"name\":\"Solobag Einzelne Fahrradtasche &#8211; Van Gogh Die Kartoffelesser\"}]},{\"@type\":\"WebSite\",\"@id\":\"https:\\\/\\\/clarijs-fietstassen.nl\\\/de\\\/#website\",\"url\":\"https:\\\/\\\/clarijs-fietstassen.nl\\\/de\\\/\",\"name\":\"Clarijs Fietstassen\",\"description\":\"Kwaliteit &amp; ambacht sinds 1948\",\"publisher\":{\"@id\":\"https:\\\/\\\/clarijs-fietstassen.nl\\\/de\\\/#organization\"},\"potentialAction\":[{\"@type\":\"SearchAction\",\"target\":{\"@type\":\"EntryPoint\",\"urlTemplate\":\"https:\\\/\\\/clarijs-fietstassen.nl\\\/de\\\/?s={search_term_string}\"},\"query-input\":{\"@type\":\"PropertyValueSpecification\",\"valueRequired\":true,\"valueName\":\"search_term_string\"}}],\"inLanguage\":\"de\"},{\"@type\":\"Organization\",\"@id\":\"https:\\\/\\\/clarijs-fietstassen.nl\\\/de\\\/#organization\",\"name\":\"Clarijs Fietstassen\",\"url\":\"https:\\\/\\\/clarijs-fietstassen.nl\\\/de\\\/\",\"logo\":{\"@type\":\"ImageObject\",\"inLanguage\":\"de\",\"@id\":\"https:\\\/\\\/clarijs-fietstassen.nl\\\/de\\\/#\\\/schema\\\/logo\\\/image\\\/\",\"url\":\"https:\\\/\\\/clarijs-fietstassen.nl\\\/wp-content\\\/uploads\\\/2024\\\/01\\\/clarijs-logo-met-rand.jpg\",\"contentUrl\":\"https:\\\/\\\/clarijs-fietstassen.nl\\\/wp-content\\\/uploads\\\/2024\\\/01\\\/clarijs-logo-met-rand.jpg\",\"width\":560,\"height\":266,\"caption\":\"Clarijs Fietstassen\"},\"image\":{\"@id\":\"https:\\\/\\\/clarijs-fietstassen.nl\\\/de\\\/#\\\/schema\\\/logo\\\/image\\\/\"},\"sameAs\":[\"https:\\\/\\\/www.facebook.com\\\/clarijs1948\\\/\",\"https:\\\/\\\/www.instagram.com\\\/clarijscovers\\\/\"]}]}<\/script>\n<meta property=\"product:price:amount\" content=\"89.00\" \/>\n<meta property=\"product:price:currency\" content=\"EUR\" \/>\n<meta property=\"og:availability\" content=\"instock\" \/>\n<meta property=\"product:availability\" content=\"instock\" \/>\n<meta property=\"product:retailer_item_id\" content=\"3009\" \/>\n<meta property=\"product:condition\" content=\"new\" \/>\n<!-- \/ Yoast SEO Premium plugin. -->","yoast_head_json":{"title":"Einzelne Fahrradtasche - Van Gogh Die Kartoffelesser | Clarijs","description":"Diese Fahrradtasche - Van Gogh The Potato Eaters wird aus unseren eigenen Schnittabf\u00e4llen aus der Produktion unserer Cargo-Bike-Regenzelte hergestellt. Anschauen und einkaufen!","robots":{"index":"index","follow":"follow","max-snippet":"max-snippet:-1","max-image-preview":"max-image-preview:large","max-video-preview":"max-video-preview:-1"},"canonical":"http:\/\/clarijs-fietstassen.nl\/produkt\/solobag-enkele-fietstas-van-gogh-the-potato-eaters\/","og_locale":"de_DE","og_type":"article","og_title":"Solobag Einzelne Fahrradtasche - Van Gogh Die Kartoffelesser","og_description":"Diese Fahrradtasche - Van Gogh The Potato Eaters wird aus unseren eigenen Schnittabf\u00e4llen aus der Produktion unserer Cargo-Bike-Regenzelte hergestellt. Anschauen und einkaufen!","og_url":"http:\/\/clarijs-fietstassen.nl\/produkt\/solobag-enkele-fietstas-van-gogh-the-potato-eaters\/","og_site_name":"Clarijs Fietstassen","article_publisher":"https:\/\/www.facebook.com\/clarijs1948\/","article_modified_time":"2025-05-07T12:18:18+00:00","og_image":[{"width":1200,"height":1200,"url":"https:\/\/clarijs-fietstassen.nl\/wp-content\/uploads\/2023\/07\/Clarijs_03-66.jpg","type":"image\/jpeg"}],"twitter_card":"summary_large_image","twitter_misc":{"Preis":"&euro;89.00","Verf\u00fcgbarkeit":"Auf Lager"},"schema":{"@context":"https:\/\/schema.org","@graph":[{"@type":"WebPage","@id":"http:\/\/clarijs-fietstassen.nl\/produkt\/solobag-enkele-fietstas-van-gogh-the-potato-eaters\/","url":"http:\/\/clarijs-fietstassen.nl\/produkt\/solobag-enkele-fietstas-van-gogh-the-potato-eaters\/","name":"Einzelne Fahrradtasche - Van Gogh Die Kartoffelesser | Clarijs","isPartOf":{"@id":"https:\/\/clarijs-fietstassen.nl\/de\/#website"},"primaryImageOfPage":{"@id":"http:\/\/clarijs-fietstassen.nl\/produkt\/solobag-enkele-fietstas-van-gogh-the-potato-eaters\/#primaryimage"},"image":{"@id":"http:\/\/clarijs-fietstassen.nl\/produkt\/solobag-enkele-fietstas-van-gogh-the-potato-eaters\/#primaryimage"},"thumbnailUrl":"https:\/\/clarijs-fietstassen.nl\/wp-content\/uploads\/2023\/07\/Clarijs_03-66.jpg","datePublished":"2023-07-04T12:43:36+00:00","dateModified":"2025-05-07T12:18:18+00:00","description":"Diese Fahrradtasche - Van Gogh The Potato Eaters wird aus unseren eigenen Schnittabf\u00e4llen aus der Produktion unserer Cargo-Bike-Regenzelte hergestellt. Anschauen und einkaufen!","breadcrumb":{"@id":"http:\/\/clarijs-fietstassen.nl\/produkt\/solobag-enkele-fietstas-van-gogh-the-potato-eaters\/#breadcrumb"},"inLanguage":"de","potentialAction":[{"@type":"ReadAction","target":["http:\/\/clarijs-fietstassen.nl\/produkt\/solobag-enkele-fietstas-van-gogh-the-potato-eaters\/"]}]},{"@type":"ImageObject","inLanguage":"de","@id":"http:\/\/clarijs-fietstassen.nl\/produkt\/solobag-enkele-fietstas-van-gogh-the-potato-eaters\/#primaryimage","url":"https:\/\/clarijs-fietstassen.nl\/wp-content\/uploads\/2023\/07\/Clarijs_03-66.jpg","contentUrl":"https:\/\/clarijs-fietstassen.nl\/wp-content\/uploads\/2023\/07\/Clarijs_03-66.jpg","width":1200,"height":1200,"caption":"Solobag Einzelne Fahrradtasche - Van Gogh Die Kartoffelesser"},{"@type":"BreadcrumbList","@id":"http:\/\/clarijs-fietstassen.nl\/produkt\/solobag-enkele-fietstas-van-gogh-the-potato-eaters\/#breadcrumb","itemListElement":[{"@type":"ListItem","position":1,"name":"Home","item":"https:\/\/clarijs-fietstassen.nl\/de\/"},{"@type":"ListItem","position":2,"name":"Shop","item":"https:\/\/clarijs-fietstassen.nl\/de\/shop\/"},{"@type":"ListItem","position":3,"name":"Solobags","item":"https:\/\/clarijs-fietstassen.nl\/en\/solobags-en\/"},{"@type":"ListItem","position":4,"name":"Solobag Einzelne Fahrradtasche &#8211; Van Gogh Die Kartoffelesser"}]},{"@type":"WebSite","@id":"https:\/\/clarijs-fietstassen.nl\/de\/#website","url":"https:\/\/clarijs-fietstassen.nl\/de\/","name":"Clarijs Fietstassen","description":"Kwaliteit &amp; ambacht sinds 1948","publisher":{"@id":"https:\/\/clarijs-fietstassen.nl\/de\/#organization"},"potentialAction":[{"@type":"SearchAction","target":{"@type":"EntryPoint","urlTemplate":"https:\/\/clarijs-fietstassen.nl\/de\/?s={search_term_string}"},"query-input":{"@type":"PropertyValueSpecification","valueRequired":true,"valueName":"search_term_string"}}],"inLanguage":"de"},{"@type":"Organization","@id":"https:\/\/clarijs-fietstassen.nl\/de\/#organization","name":"Clarijs Fietstassen","url":"https:\/\/clarijs-fietstassen.nl\/de\/","logo":{"@type":"ImageObject","inLanguage":"de","@id":"https:\/\/clarijs-fietstassen.nl\/de\/#\/schema\/logo\/image\/","url":"https:\/\/clarijs-fietstassen.nl\/wp-content\/uploads\/2024\/01\/clarijs-logo-met-rand.jpg","contentUrl":"https:\/\/clarijs-fietstassen.nl\/wp-content\/uploads\/2024\/01\/clarijs-logo-met-rand.jpg","width":560,"height":266,"caption":"Clarijs Fietstassen"},"image":{"@id":"https:\/\/clarijs-fietstassen.nl\/de\/#\/schema\/logo\/image\/"},"sameAs":["https:\/\/www.facebook.com\/clarijs1948\/","https:\/\/www.instagram.com\/clarijscovers\/"]}]},"product_price_amount":"89.00","product_price_currency":"EUR","og_availability":"instock","product_availability":"instock","product_retailer_item_id":"3009","product_condition":"new"},"_links":{"self":[{"href":"https:\/\/clarijs-fietstassen.nl\/de\/wp-json\/wp\/v2\/product\/46758","targetHints":{"allow":["GET"]}}],"collection":[{"href":"https:\/\/clarijs-fietstassen.nl\/de\/wp-json\/wp\/v2\/product"}],"about":[{"href":"https:\/\/clarijs-fietstassen.nl\/de\/wp-json\/wp\/v2\/types\/product"}],"replies":[{"embeddable":true,"href":"https:\/\/clarijs-fietstassen.nl\/de\/wp-json\/wp\/v2\/comments?post=46758"}],"wp:featuredmedia":[{"embeddable":true,"href":"https:\/\/clarijs-fietstassen.nl\/de\/wp-json\/wp\/v2\/media\/46759"}],"wp:attachment":[{"href":"https:\/\/clarijs-fietstassen.nl\/de\/wp-json\/wp\/v2\/media?parent=46758"}],"wp:term":[{"taxonomy":"product_brand","embeddable":true,"href":"https:\/\/clarijs-fietstassen.nl\/de\/wp-json\/wp\/v2\/product_brand?post=46758"},{"taxonomy":"product_cat","embeddable":true,"href":"https:\/\/clarijs-fietstassen.nl\/de\/wp-json\/wp\/v2\/product_cat?post=46758"},{"taxonomy":"product_tag","embeddable":true,"href":"https:\/\/clarijs-fietstassen.nl\/de\/wp-json\/wp\/v2\/product_tag?post=46758"}],"curies":[{"name":"wp","href":"https:\/\/api.w.org\/{rel}","templated":true}]}}