{"id":46774,"date":"2023-07-04T13:47:59","date_gmt":"2023-07-04T11:47:59","guid":{"rendered":"https:\/\/clarijs-fietstassen.nl\/longtail-universal-fahrradtasche\/"},"modified":"2025-02-17T13:17:31","modified_gmt":"2025-02-17T12:17:31","slug":"longtail-universal-fahrradtasche","status":"publish","type":"product","link":"https:\/\/clarijs-fietstassen.nl\/de\/produkt\/longtail-universal-fahrradtasche\/","title":{"rendered":"Longtail Universal Fahrradtasche"},"content":{"rendered":"<p><span style=\"font-weight: 400;\">Die Long Tail Pannier Universal von Clarijs Panniers ist der perfekte Begleiter f\u00fcr abenteuerlustige Radfahrer, die eine praktische und vielseitige Aufbewahrungsm\u00f6glichkeit f\u00fcr ihre Radtouren suchen. Mit ihrem universellen Befestigungssystem passt diese Tasche auf fast jedes Longtail-Fahrrad. Sie ist geeignet f\u00fcr Longtail-R\u00e4der von Tern, Trek, Veloe, Carlos, Douze, Riese &amp; M\u00fcller, Brinckers und vielen anderen.  <\/span><\/p>\n<p><b>Vorteile:<\/b><\/p>\n<ul>\n<li style=\"font-weight: 400;\" aria-level=\"1\"><span style=\"font-weight: 400;\">Bequemes magnetisches Fidlock-Schlie\u00dfsystem.<\/span><\/li>\n<li style=\"font-weight: 400;\" aria-level=\"1\"><span style=\"font-weight: 400;\">Die Tasche ist mit einer gro\u00dfen Innentasche ausgestattet.<\/span><\/li>\n<li style=\"font-weight: 400;\" aria-level=\"1\"><span style=\"font-weight: 400;\">Er fasst 58 Liter.<\/span><\/li>\n<li style=\"font-weight: 400;\" aria-level=\"1\"><span style=\"font-weight: 400;\">Die Tasche hat einen faltbaren Boden.<\/span><\/li>\n<\/ul>\n<p><i><span style=\"font-weight: 400;\">Die Abmessungen dieser Longtail Universal-Fahrradtasche sind:  <\/span><\/i><\/p>\n<p><i><span style=\"font-weight: 400;\">Breite 58\/54 cm<\/span><\/i><i><span style=\"font-weight: 400;\"><br \/>\n<\/span><\/i><i><span style=\"font-weight: 400;\">H\u00f6he 40 cm  <\/span><\/i><i><span style=\"font-weight: 400;\"><br \/>\n<\/span><\/i><i><span style=\"font-weight: 400;\">Tiefe 20 cm<\/span><\/i><\/p>\n<p><b>100% wasserdicht<\/b><b><br \/>\n<\/b><span style=\"font-weight: 400;\">Die Longtail Universal Fahrradtasche ist f\u00fcr alle geeignet, die eine ger\u00e4umige, wasserdichte Fahrradtasche ben\u00f6tigen. Au\u00dferdem verf\u00fcgt diese Fahrradtasche \u00fcber ein ger\u00e4umiges Innenfach mit einem Faltboden. Au\u00dferdem hat sie eine verst\u00e4rkte R\u00fcckwand und schlie\u00dft mit einem praktischen und wasserdichten Rollverschluss. Dieser Verschluss ist mit einer magnetischen FIDLOCK-Schnalle ausgestattet.   <\/span><\/p>\n<p><b>Hochwertiges Material<\/b><\/p>\n<ul>\n<li style=\"font-weight: 400;\" aria-level=\"1\"><span style=\"font-weight: 400;\">Die hochwertigen Materialien der Packtaschen sorgen daf\u00fcr, dass sie dem t\u00e4glichen Gebrauch standhalten.  <\/span><\/li>\n<li style=\"font-weight: 400;\" aria-level=\"1\"><span style=\"font-weight: 400;\">Das PVC-Gewebe ist wasserdicht und bietet hervorragenden Schutz vor Regen und Feuchtigkeit. So bleiben Ihre Habseligkeiten auch bei schlechtem Wetter trocken. <\/span><\/li>\n<li style=\"font-weight: 400;\" aria-level=\"1\"><span style=\"font-weight: 400;\">Das PVC-Gewebe ist stark und h\u00e4lt gro\u00dfen Belastungen stand. Dadurch eignet es sich zum Tragen schwerer Gegenst\u00e4nde oder zum Aufbau stabiler Strukturen. <\/span><\/li>\n<\/ul>\n<p><strong>Benutzerhandbuch<\/strong><\/p>\n<p>Hier k\u00f6nnen Sie das <strong><a href=\"https:\/\/www.youtube.com\/shorts\/Kua3LoCkF1k\" target=\"_blank\" rel=\"attachment noopener wp-att-42771\">Benutzerhandbuch<\/a><\/strong> f\u00fcr die Longtail Universal Fahrradtasche finden.<\/p>\n<p>&nbsp;<\/p>\n","protected":false},"excerpt":{"rendered":"<p>Die Long Tail Pannier Universal von Clarijs Panniers ist der perfekte Begleiter f\u00fcr abenteuerlustige Radfahrer, die eine praktische und vielseitige Aufbewahrungsm\u00f6glichkeit f\u00fcr ihre Radtouren suchen. Mit ihrem universellen Befestigungssystem passt diese Tasche auf fast jedes Longtail-Fahrrad. Sie ist geeignet f\u00fcr Longtail-R\u00e4der von Tern, Trek, Veloe, Carlos, Douze, Riese &amp; M\u00fcller, Brinckers und vielen anderen. Vorteile: [&hellip;]<\/p>\n","protected":false},"featured_media":46775,"comment_status":"closed","ping_status":"closed","template":"","meta":{"_acf_changed":false,"_et_pb_use_builder":"","_et_pb_old_content":"","_et_gb_content_width":""},"product_brand":[],"product_cat":[721,737,746,781],"product_tag":[],"class_list":{"0":"post-46774","1":"product","2":"type-product","3":"status-publish","4":"has-post-thumbnail","6":"product_cat-einzelne-fahrradtaschen","7":"product_cat-grosse-fahrradtaschen","8":"product_cat-longtail-fahrradtaschen","9":"product_cat-schwarze-einzelfahrradtaschen","11":"first","12":"instock","13":"taxable","14":"shipping-taxable","15":"purchasable","16":"product-type-simple"},"acf":[],"yoast_head":"<!-- This site is optimized with the Yoast SEO Premium plugin v27.2 (Yoast SEO v27.3) - https:\/\/yoast.com\/product\/yoast-seo-premium-wordpress\/ -->\n<title>Longtail Universal Fahrradtasche - Clarijs Fietstassen<\/title>\n<meta name=\"description\" content=\"Die Longtail Universal Gep\u00e4cktr\u00e4gertasche ist f\u00fcr das Longtail Fahrrad gedacht. Diese Tasche hat einen Magnetverschluss und l\u00e4sst sich leicht \u00f6ffnen und schlie\u00dfen!\" \/>\n<meta name=\"robots\" content=\"index, follow, max-snippet:-1, max-image-preview:large, max-video-preview:-1\" \/>\n<link rel=\"canonical\" href=\"https:\/\/clarijs-fietstassen.nl\/produkt\/longtail-universal-fietstas\/\" \/>\n<meta property=\"og:locale\" content=\"de_DE\" \/>\n<meta property=\"og:type\" content=\"article\" \/>\n<meta property=\"og:title\" content=\"Longtail Universal Fahrradtasche\" \/>\n<meta property=\"og:description\" content=\"Die Longtail Universal Gep\u00e4cktr\u00e4gertasche ist f\u00fcr das Longtail Fahrrad gedacht. Diese Tasche hat einen Magnetverschluss und l\u00e4sst sich leicht \u00f6ffnen und schlie\u00dfen!\" \/>\n<meta property=\"og:url\" content=\"https:\/\/clarijs-fietstassen.nl\/produkt\/longtail-universal-fietstas\/\" \/>\n<meta property=\"og:site_name\" content=\"Clarijs Fietstassen\" \/>\n<meta property=\"article:publisher\" content=\"https:\/\/www.facebook.com\/clarijs1948\/\" \/>\n<meta property=\"article:modified_time\" content=\"2025-02-17T12:17:31+00:00\" \/>\n<meta property=\"og:image\" content=\"https:\/\/clarijs-fietstassen.nl\/wp-content\/uploads\/2023\/07\/Clarijs_03-9-1.png\" \/>\n\t<meta property=\"og:image:width\" content=\"1500\" \/>\n\t<meta property=\"og:image:height\" content=\"1500\" \/>\n\t<meta property=\"og:image:type\" content=\"image\/png\" \/>\n<meta name=\"twitter:card\" content=\"summary_large_image\" \/>\n<meta name=\"twitter:label1\" content=\"Preis\" \/>\n\t<meta name=\"twitter:data1\" content=\"&euro;159.00\" \/>\n\t<meta name=\"twitter:label2\" content=\"Verf\u00fcgbarkeit\" \/>\n\t<meta name=\"twitter:data2\" content=\"Auf Lager\" \/>\n<script type=\"application\/ld+json\" class=\"yoast-schema-graph\">{\"@context\":\"https:\\\/\\\/schema.org\",\"@graph\":[{\"@type\":\"WebPage\",\"@id\":\"https:\\\/\\\/clarijs-fietstassen.nl\\\/produkt\\\/longtail-universal-fietstas\\\/\",\"url\":\"https:\\\/\\\/clarijs-fietstassen.nl\\\/produkt\\\/longtail-universal-fietstas\\\/\",\"name\":\"Longtail Universal Fahrradtasche - Clarijs Fietstassen\",\"isPartOf\":{\"@id\":\"https:\\\/\\\/clarijs-fietstassen.nl\\\/de\\\/#website\"},\"primaryImageOfPage\":{\"@id\":\"https:\\\/\\\/clarijs-fietstassen.nl\\\/produkt\\\/longtail-universal-fietstas\\\/#primaryimage\"},\"image\":{\"@id\":\"https:\\\/\\\/clarijs-fietstassen.nl\\\/produkt\\\/longtail-universal-fietstas\\\/#primaryimage\"},\"thumbnailUrl\":\"https:\\\/\\\/clarijs-fietstassen.nl\\\/wp-content\\\/uploads\\\/2023\\\/07\\\/Clarijs_03-9-1.png\",\"datePublished\":\"2023-07-04T11:47:59+00:00\",\"dateModified\":\"2025-02-17T12:17:31+00:00\",\"description\":\"Die Longtail Universal Gep\u00e4cktr\u00e4gertasche ist f\u00fcr das Longtail Fahrrad gedacht. Diese Tasche hat einen Magnetverschluss und l\u00e4sst sich leicht \u00f6ffnen und schlie\u00dfen!\",\"breadcrumb\":{\"@id\":\"https:\\\/\\\/clarijs-fietstassen.nl\\\/produkt\\\/longtail-universal-fietstas\\\/#breadcrumb\"},\"inLanguage\":\"de\",\"potentialAction\":[{\"@type\":\"ReadAction\",\"target\":[\"https:\\\/\\\/clarijs-fietstassen.nl\\\/produkt\\\/longtail-universal-fietstas\\\/\"]}]},{\"@type\":\"ImageObject\",\"inLanguage\":\"de\",\"@id\":\"https:\\\/\\\/clarijs-fietstassen.nl\\\/produkt\\\/longtail-universal-fietstas\\\/#primaryimage\",\"url\":\"https:\\\/\\\/clarijs-fietstassen.nl\\\/wp-content\\\/uploads\\\/2023\\\/07\\\/Clarijs_03-9-1.png\",\"contentUrl\":\"https:\\\/\\\/clarijs-fietstassen.nl\\\/wp-content\\\/uploads\\\/2023\\\/07\\\/Clarijs_03-9-1.png\",\"width\":1500,\"height\":1500,\"caption\":\"Longtail Universal Fahrradtasche\"},{\"@type\":\"BreadcrumbList\",\"@id\":\"https:\\\/\\\/clarijs-fietstassen.nl\\\/produkt\\\/longtail-universal-fietstas\\\/#breadcrumb\",\"itemListElement\":[{\"@type\":\"ListItem\",\"position\":1,\"name\":\"Home\",\"item\":\"https:\\\/\\\/clarijs-fietstassen.nl\\\/de\\\/\"},{\"@type\":\"ListItem\",\"position\":2,\"name\":\"Shop\",\"item\":\"https:\\\/\\\/clarijs-fietstassen.nl\\\/de\\\/shop\\\/\"},{\"@type\":\"ListItem\",\"position\":3,\"name\":\"Einzelne Fahrradtaschen\",\"item\":\"https:\\\/\\\/clarijs-fietstassen.nl\\\/de\\\/einzelne-fahrradtaschen\\\/\"},{\"@type\":\"ListItem\",\"position\":4,\"name\":\"Longtail Universal Fahrradtasche\"}]},{\"@type\":\"WebSite\",\"@id\":\"https:\\\/\\\/clarijs-fietstassen.nl\\\/de\\\/#website\",\"url\":\"https:\\\/\\\/clarijs-fietstassen.nl\\\/de\\\/\",\"name\":\"Clarijs Fietstassen\",\"description\":\"Kwaliteit &amp; ambacht sinds 1948\",\"publisher\":{\"@id\":\"https:\\\/\\\/clarijs-fietstassen.nl\\\/de\\\/#organization\"},\"potentialAction\":[{\"@type\":\"SearchAction\",\"target\":{\"@type\":\"EntryPoint\",\"urlTemplate\":\"https:\\\/\\\/clarijs-fietstassen.nl\\\/de\\\/?s={search_term_string}\"},\"query-input\":{\"@type\":\"PropertyValueSpecification\",\"valueRequired\":true,\"valueName\":\"search_term_string\"}}],\"inLanguage\":\"de\"},{\"@type\":\"Organization\",\"@id\":\"https:\\\/\\\/clarijs-fietstassen.nl\\\/de\\\/#organization\",\"name\":\"Clarijs Fietstassen\",\"url\":\"https:\\\/\\\/clarijs-fietstassen.nl\\\/de\\\/\",\"logo\":{\"@type\":\"ImageObject\",\"inLanguage\":\"de\",\"@id\":\"https:\\\/\\\/clarijs-fietstassen.nl\\\/de\\\/#\\\/schema\\\/logo\\\/image\\\/\",\"url\":\"https:\\\/\\\/clarijs-fietstassen.nl\\\/wp-content\\\/uploads\\\/2024\\\/01\\\/clarijs-logo-met-rand.jpg\",\"contentUrl\":\"https:\\\/\\\/clarijs-fietstassen.nl\\\/wp-content\\\/uploads\\\/2024\\\/01\\\/clarijs-logo-met-rand.jpg\",\"width\":560,\"height\":266,\"caption\":\"Clarijs Fietstassen\"},\"image\":{\"@id\":\"https:\\\/\\\/clarijs-fietstassen.nl\\\/de\\\/#\\\/schema\\\/logo\\\/image\\\/\"},\"sameAs\":[\"https:\\\/\\\/www.facebook.com\\\/clarijs1948\\\/\",\"https:\\\/\\\/www.instagram.com\\\/clarijscovers\\\/\"]}]}<\/script>\n<meta property=\"product:price:amount\" content=\"159.00\" \/>\n<meta property=\"product:price:currency\" content=\"EUR\" \/>\n<meta property=\"og:availability\" content=\"instock\" \/>\n<meta property=\"product:availability\" content=\"instock\" \/>\n<meta property=\"product:retailer_item_id\" content=\"3060\" \/>\n<meta property=\"product:condition\" content=\"new\" \/>\n<!-- \/ Yoast SEO Premium plugin. -->","yoast_head_json":{"title":"Longtail Universal Fahrradtasche - Clarijs Fietstassen","description":"Die Longtail Universal Gep\u00e4cktr\u00e4gertasche ist f\u00fcr das Longtail Fahrrad gedacht. Diese Tasche hat einen Magnetverschluss und l\u00e4sst sich leicht \u00f6ffnen und schlie\u00dfen!","robots":{"index":"index","follow":"follow","max-snippet":"max-snippet:-1","max-image-preview":"max-image-preview:large","max-video-preview":"max-video-preview:-1"},"canonical":"https:\/\/clarijs-fietstassen.nl\/produkt\/longtail-universal-fietstas\/","og_locale":"de_DE","og_type":"article","og_title":"Longtail Universal Fahrradtasche","og_description":"Die Longtail Universal Gep\u00e4cktr\u00e4gertasche ist f\u00fcr das Longtail Fahrrad gedacht. Diese Tasche hat einen Magnetverschluss und l\u00e4sst sich leicht \u00f6ffnen und schlie\u00dfen!","og_url":"https:\/\/clarijs-fietstassen.nl\/produkt\/longtail-universal-fietstas\/","og_site_name":"Clarijs Fietstassen","article_publisher":"https:\/\/www.facebook.com\/clarijs1948\/","article_modified_time":"2025-02-17T12:17:31+00:00","og_image":[{"width":1500,"height":1500,"url":"https:\/\/clarijs-fietstassen.nl\/wp-content\/uploads\/2023\/07\/Clarijs_03-9-1.png","type":"image\/png"}],"twitter_card":"summary_large_image","twitter_misc":{"Preis":"&euro;159.00","Verf\u00fcgbarkeit":"Auf Lager"},"schema":{"@context":"https:\/\/schema.org","@graph":[{"@type":"WebPage","@id":"https:\/\/clarijs-fietstassen.nl\/produkt\/longtail-universal-fietstas\/","url":"https:\/\/clarijs-fietstassen.nl\/produkt\/longtail-universal-fietstas\/","name":"Longtail Universal Fahrradtasche - Clarijs Fietstassen","isPartOf":{"@id":"https:\/\/clarijs-fietstassen.nl\/de\/#website"},"primaryImageOfPage":{"@id":"https:\/\/clarijs-fietstassen.nl\/produkt\/longtail-universal-fietstas\/#primaryimage"},"image":{"@id":"https:\/\/clarijs-fietstassen.nl\/produkt\/longtail-universal-fietstas\/#primaryimage"},"thumbnailUrl":"https:\/\/clarijs-fietstassen.nl\/wp-content\/uploads\/2023\/07\/Clarijs_03-9-1.png","datePublished":"2023-07-04T11:47:59+00:00","dateModified":"2025-02-17T12:17:31+00:00","description":"Die Longtail Universal Gep\u00e4cktr\u00e4gertasche ist f\u00fcr das Longtail Fahrrad gedacht. Diese Tasche hat einen Magnetverschluss und l\u00e4sst sich leicht \u00f6ffnen und schlie\u00dfen!","breadcrumb":{"@id":"https:\/\/clarijs-fietstassen.nl\/produkt\/longtail-universal-fietstas\/#breadcrumb"},"inLanguage":"de","potentialAction":[{"@type":"ReadAction","target":["https:\/\/clarijs-fietstassen.nl\/produkt\/longtail-universal-fietstas\/"]}]},{"@type":"ImageObject","inLanguage":"de","@id":"https:\/\/clarijs-fietstassen.nl\/produkt\/longtail-universal-fietstas\/#primaryimage","url":"https:\/\/clarijs-fietstassen.nl\/wp-content\/uploads\/2023\/07\/Clarijs_03-9-1.png","contentUrl":"https:\/\/clarijs-fietstassen.nl\/wp-content\/uploads\/2023\/07\/Clarijs_03-9-1.png","width":1500,"height":1500,"caption":"Longtail Universal Fahrradtasche"},{"@type":"BreadcrumbList","@id":"https:\/\/clarijs-fietstassen.nl\/produkt\/longtail-universal-fietstas\/#breadcrumb","itemListElement":[{"@type":"ListItem","position":1,"name":"Home","item":"https:\/\/clarijs-fietstassen.nl\/de\/"},{"@type":"ListItem","position":2,"name":"Shop","item":"https:\/\/clarijs-fietstassen.nl\/de\/shop\/"},{"@type":"ListItem","position":3,"name":"Einzelne Fahrradtaschen","item":"https:\/\/clarijs-fietstassen.nl\/de\/einzelne-fahrradtaschen\/"},{"@type":"ListItem","position":4,"name":"Longtail Universal Fahrradtasche"}]},{"@type":"WebSite","@id":"https:\/\/clarijs-fietstassen.nl\/de\/#website","url":"https:\/\/clarijs-fietstassen.nl\/de\/","name":"Clarijs Fietstassen","description":"Kwaliteit &amp; ambacht sinds 1948","publisher":{"@id":"https:\/\/clarijs-fietstassen.nl\/de\/#organization"},"potentialAction":[{"@type":"SearchAction","target":{"@type":"EntryPoint","urlTemplate":"https:\/\/clarijs-fietstassen.nl\/de\/?s={search_term_string}"},"query-input":{"@type":"PropertyValueSpecification","valueRequired":true,"valueName":"search_term_string"}}],"inLanguage":"de"},{"@type":"Organization","@id":"https:\/\/clarijs-fietstassen.nl\/de\/#organization","name":"Clarijs Fietstassen","url":"https:\/\/clarijs-fietstassen.nl\/de\/","logo":{"@type":"ImageObject","inLanguage":"de","@id":"https:\/\/clarijs-fietstassen.nl\/de\/#\/schema\/logo\/image\/","url":"https:\/\/clarijs-fietstassen.nl\/wp-content\/uploads\/2024\/01\/clarijs-logo-met-rand.jpg","contentUrl":"https:\/\/clarijs-fietstassen.nl\/wp-content\/uploads\/2024\/01\/clarijs-logo-met-rand.jpg","width":560,"height":266,"caption":"Clarijs Fietstassen"},"image":{"@id":"https:\/\/clarijs-fietstassen.nl\/de\/#\/schema\/logo\/image\/"},"sameAs":["https:\/\/www.facebook.com\/clarijs1948\/","https:\/\/www.instagram.com\/clarijscovers\/"]}]},"product_price_amount":"159.00","product_price_currency":"EUR","og_availability":"instock","product_availability":"instock","product_retailer_item_id":"3060","product_condition":"new"},"_links":{"self":[{"href":"https:\/\/clarijs-fietstassen.nl\/de\/wp-json\/wp\/v2\/product\/46774","targetHints":{"allow":["GET"]}}],"collection":[{"href":"https:\/\/clarijs-fietstassen.nl\/de\/wp-json\/wp\/v2\/product"}],"about":[{"href":"https:\/\/clarijs-fietstassen.nl\/de\/wp-json\/wp\/v2\/types\/product"}],"replies":[{"embeddable":true,"href":"https:\/\/clarijs-fietstassen.nl\/de\/wp-json\/wp\/v2\/comments?post=46774"}],"wp:featuredmedia":[{"embeddable":true,"href":"https:\/\/clarijs-fietstassen.nl\/de\/wp-json\/wp\/v2\/media\/46775"}],"wp:attachment":[{"href":"https:\/\/clarijs-fietstassen.nl\/de\/wp-json\/wp\/v2\/media?parent=46774"}],"wp:term":[{"taxonomy":"product_brand","embeddable":true,"href":"https:\/\/clarijs-fietstassen.nl\/de\/wp-json\/wp\/v2\/product_brand?post=46774"},{"taxonomy":"product_cat","embeddable":true,"href":"https:\/\/clarijs-fietstassen.nl\/de\/wp-json\/wp\/v2\/product_cat?post=46774"},{"taxonomy":"product_tag","embeddable":true,"href":"https:\/\/clarijs-fietstassen.nl\/de\/wp-json\/wp\/v2\/product_tag?post=46774"}],"curies":[{"name":"wp","href":"https:\/\/api.w.org\/{rel}","templated":true}]}}