{"id":46823,"date":"2023-07-04T14:26:57","date_gmt":"2023-07-04T13:26:57","guid":{"rendered":"https:\/\/clarijs-fietstassen.nl\/rohrrahmen-fuer-nihola-familie\/"},"modified":"2025-02-17T13:17:31","modified_gmt":"2025-02-17T12:17:31","slug":"rohrrahmen-fuer-nihola-familie","status":"publish","type":"product","link":"https:\/\/clarijs-fietstassen.nl\/de\/produkt\/rohrrahmen-fuer-nihola-familie\/","title":{"rendered":"Rohrrahmen f\u00fcr Nihola Familie"},"content":{"rendered":"<p><span style=\"font-weight: 400;\">Der Rohrrahmen f\u00fcr die Nihola-Familie ist ein unverzichtbares Zubeh\u00f6r, das Ihr Lastenfahrrad verwandelt und zus\u00e4tzliche Funktionalit\u00e4t bietet. Mit diesem stabilen Rohrrahmen k\u00f6nnen Sie verschiedene Gep\u00e4ckl\u00f6sungen und Zubeh\u00f6rteile sicher und einfach an Ihrem Lastenfahrrad befestigen. Der Rohrrahmen l\u00e4sst sich leicht zusammenbauen und an Ihrem Lastenfahrrad befestigen. Er wurde mit Blick auf die Stabilit\u00e4t entwickelt. Dieser Rahmen ist aus Metall gefertigt.    <\/span><\/p>\n<p><b>Rohrrahmen-Vorteile <\/b>f\u00fcr die Familie Nihola:<\/p>\n<ul>\n<li style=\"font-weight: 400;\" aria-level=\"1\"><span style=\"font-weight: 400;\">die Steifigkeit des Rahmens<\/span><\/li>\n<li style=\"font-weight: 400;\" aria-level=\"1\"><span style=\"font-weight: 400;\">aus stabilem Metall<\/span><\/li>\n<li style=\"font-weight: 400;\" aria-level=\"1\"><span style=\"font-weight: 400;\">leicht zu befestigen<\/span><\/li>\n<\/ul>\n<p><i><span style=\"font-weight: 400;\">Die Ma\u00dfe des Nihola Family Regenzeltes sind:<\/span><\/i><\/p>\n<p><span style=\"font-weight: 400;\">L\u00e4nge: 46 cm<\/span><\/p>\n<p><span style=\"font-weight: 400;\">Breite: 26 cm<\/span><\/p>\n<p><span style=\"font-weight: 400;\">H\u00f6he: 32 cm<\/span><\/p>\n<p><b>Hochwertiges Material<\/b><\/p>\n<ul>\n<li style=\"font-weight: 400;\" aria-level=\"1\"><span style=\"font-weight: 400;\">Metallrahmen sind bekannt f\u00fcr ihre starke und robuste Konstruktion. Sie bieten eine solide Basis und k\u00f6nnen schwere Lasten tragen. Das macht den Rahmen langlebig und geeignet f\u00fcr den langfristigen Einsatz, auch unter schwierigen Bedingungen.  <\/span><\/li>\n<li style=\"font-weight: 400;\" aria-level=\"1\"><span style=\"font-weight: 400;\">Der Metallrahmen sorgt f\u00fcr ein stabiles Fahrgef\u00fchl. Er bietet Festigkeit und Steifigkeit, was f\u00fcr die Sicherheit und Kontrolle beim Radfahren unerl\u00e4sslich ist, insbesondere wenn Sie zus\u00e4tzliches Gewicht oder Ladung in der Box transportieren. <\/span><\/li>\n<li style=\"font-weight: 400;\" aria-level=\"1\"><span style=\"font-weight: 400;\">Die Metallrahmen wurden unter Ber\u00fccksichtigung der Sicherheit entworfen und hergestellt.<\/span><\/li>\n<li style=\"font-weight: 400;\" aria-level=\"1\"><span style=\"font-weight: 400;\">Metallrahmen ben\u00f6tigen im Allgemeinen weniger Pflege als andere Materialien. Sie sind leicht zu reinigen und resistent gegen Korrosion und Rost. <\/span><\/li>\n<\/ul>\n","protected":false},"excerpt":{"rendered":"<p>Der Rohrrahmen f\u00fcr die Nihola-Familie ist ein unverzichtbares Zubeh\u00f6r, das Ihr Lastenfahrrad verwandelt und zus\u00e4tzliche Funktionalit\u00e4t bietet. Mit diesem stabilen Rohrrahmen k\u00f6nnen Sie verschiedene Gep\u00e4ckl\u00f6sungen und Zubeh\u00f6rteile sicher und einfach an Ihrem Lastenfahrrad befestigen. Der Rohrrahmen l\u00e4sst sich leicht zusammenbauen und an Ihrem Lastenfahrrad befestigen. Er wurde mit Blick auf die Stabilit\u00e4t entwickelt. Dieser Rahmen [&hellip;]<\/p>\n","protected":false},"featured_media":46825,"comment_status":"closed","ping_status":"closed","template":"","meta":{"_acf_changed":false,"_et_pb_use_builder":"","_et_pb_old_content":"","_et_gb_content_width":""},"product_brand":[],"product_cat":[686,688,749,684],"product_tag":[],"class_list":{"0":"post-46823","1":"product","2":"type-product","3":"status-publish","4":"has-post-thumbnail","6":"product_cat-bakfiets-de","7":"product_cat-lastenrad-zubehor","8":"product_cat-nihola-de","9":"product_cat-zubehor","10":"pa_materiaal-metall","12":"first","13":"instock","14":"taxable","15":"shipping-taxable","16":"purchasable","17":"product-type-simple"},"acf":[],"yoast_head":"<!-- This site is optimized with the Yoast SEO Premium plugin v27.2 (Yoast SEO v27.3) - https:\/\/yoast.com\/product\/yoast-seo-premium-wordpress\/ -->\n<title>Rohrrahmen f\u00fcr Nihola Familie - Clarijs Fietstassen<\/title>\n<meta name=\"description\" content=\"Der Tube Frame f\u00fcr die Nihola-Familie ist ein unverzichtbares Zubeh\u00f6r, das Ihr Lastenfahrrad verwandelt und zus\u00e4tzliche Funktionalit\u00e4t bietet.\" \/>\n<meta name=\"robots\" content=\"index, follow, max-snippet:-1, max-image-preview:large, max-video-preview:-1\" \/>\n<link rel=\"canonical\" href=\"https:\/\/clarijs-fietstassen.nl\/de\/produkt\/rohrrahmen-fuer-nihola-familie\/\" \/>\n<meta property=\"og:locale\" content=\"de_DE\" \/>\n<meta property=\"og:type\" content=\"article\" \/>\n<meta property=\"og:title\" content=\"Rohrrahmen f\u00fcr Nihola Familie\" \/>\n<meta property=\"og:description\" content=\"Der Tube Frame f\u00fcr die Nihola-Familie ist ein unverzichtbares Zubeh\u00f6r, das Ihr Lastenfahrrad verwandelt und zus\u00e4tzliche Funktionalit\u00e4t bietet.\" \/>\n<meta property=\"og:url\" content=\"https:\/\/clarijs-fietstassen.nl\/de\/produkt\/rohrrahmen-fuer-nihola-familie\/\" \/>\n<meta property=\"og:site_name\" content=\"Clarijs Fietstassen\" \/>\n<meta property=\"article:publisher\" content=\"https:\/\/www.facebook.com\/clarijs1948\/\" \/>\n<meta property=\"article:modified_time\" content=\"2025-02-17T12:17:31+00:00\" \/>\n<meta property=\"og:image\" content=\"https:\/\/clarijs-fietstassen.nl\/wp-content\/uploads\/2023\/09\/PhotoRoom_014_20230731_170110.png\" \/>\n\t<meta property=\"og:image:width\" content=\"1512\" \/>\n\t<meta property=\"og:image:height\" content=\"1512\" \/>\n\t<meta property=\"og:image:type\" content=\"image\/png\" \/>\n<meta name=\"twitter:card\" content=\"summary_large_image\" \/>\n<meta name=\"twitter:label1\" content=\"Preis\" \/>\n\t<meta name=\"twitter:data1\" content=\"&euro;35.00\" \/>\n\t<meta name=\"twitter:label2\" content=\"Verf\u00fcgbarkeit\" \/>\n\t<meta name=\"twitter:data2\" content=\"Auf Lager\" \/>\n<script type=\"application\/ld+json\" class=\"yoast-schema-graph\">{\"@context\":\"https:\\\/\\\/schema.org\",\"@graph\":[{\"@type\":\"WebPage\",\"@id\":\"https:\\\/\\\/clarijs-fietstassen.nl\\\/de\\\/produkt\\\/rohrrahmen-fuer-nihola-familie\\\/\",\"url\":\"https:\\\/\\\/clarijs-fietstassen.nl\\\/de\\\/produkt\\\/rohrrahmen-fuer-nihola-familie\\\/\",\"name\":\"Rohrrahmen f\u00fcr Nihola Familie - Clarijs Fietstassen\",\"isPartOf\":{\"@id\":\"https:\\\/\\\/clarijs-fietstassen.nl\\\/de\\\/#website\"},\"primaryImageOfPage\":{\"@id\":\"https:\\\/\\\/clarijs-fietstassen.nl\\\/de\\\/produkt\\\/rohrrahmen-fuer-nihola-familie\\\/#primaryimage\"},\"image\":{\"@id\":\"https:\\\/\\\/clarijs-fietstassen.nl\\\/de\\\/produkt\\\/rohrrahmen-fuer-nihola-familie\\\/#primaryimage\"},\"thumbnailUrl\":\"https:\\\/\\\/clarijs-fietstassen.nl\\\/wp-content\\\/uploads\\\/2023\\\/09\\\/PhotoRoom_014_20230731_170110.png\",\"datePublished\":\"2023-07-04T13:26:57+00:00\",\"dateModified\":\"2025-02-17T12:17:31+00:00\",\"description\":\"Der Tube Frame f\u00fcr die Nihola-Familie ist ein unverzichtbares Zubeh\u00f6r, das Ihr Lastenfahrrad verwandelt und zus\u00e4tzliche Funktionalit\u00e4t bietet.\",\"breadcrumb\":{\"@id\":\"https:\\\/\\\/clarijs-fietstassen.nl\\\/de\\\/produkt\\\/rohrrahmen-fuer-nihola-familie\\\/#breadcrumb\"},\"inLanguage\":\"de\",\"potentialAction\":[{\"@type\":\"ReadAction\",\"target\":[\"https:\\\/\\\/clarijs-fietstassen.nl\\\/de\\\/produkt\\\/rohrrahmen-fuer-nihola-familie\\\/\"]}]},{\"@type\":\"ImageObject\",\"inLanguage\":\"de\",\"@id\":\"https:\\\/\\\/clarijs-fietstassen.nl\\\/de\\\/produkt\\\/rohrrahmen-fuer-nihola-familie\\\/#primaryimage\",\"url\":\"https:\\\/\\\/clarijs-fietstassen.nl\\\/wp-content\\\/uploads\\\/2023\\\/09\\\/PhotoRoom_014_20230731_170110.png\",\"contentUrl\":\"https:\\\/\\\/clarijs-fietstassen.nl\\\/wp-content\\\/uploads\\\/2023\\\/09\\\/PhotoRoom_014_20230731_170110.png\",\"width\":1512,\"height\":1512,\"caption\":\"Rohrrahmen f\u00fcr Nihola Familie\"},{\"@type\":\"BreadcrumbList\",\"@id\":\"https:\\\/\\\/clarijs-fietstassen.nl\\\/de\\\/produkt\\\/rohrrahmen-fuer-nihola-familie\\\/#breadcrumb\",\"itemListElement\":[{\"@type\":\"ListItem\",\"position\":1,\"name\":\"Home\",\"item\":\"https:\\\/\\\/clarijs-fietstassen.nl\\\/de\\\/\"},{\"@type\":\"ListItem\",\"position\":2,\"name\":\"Shop\",\"item\":\"https:\\\/\\\/clarijs-fietstassen.nl\\\/de\\\/shop\\\/\"},{\"@type\":\"ListItem\",\"position\":3,\"name\":\"Bakfiets Accessoires\",\"item\":\"https:\\\/\\\/clarijs-fietstassen.nl\\\/bakfiets-accessoires\\\/\"},{\"@type\":\"ListItem\",\"position\":4,\"name\":\"Rohrrahmen f\u00fcr Nihola Familie\"}]},{\"@type\":\"WebSite\",\"@id\":\"https:\\\/\\\/clarijs-fietstassen.nl\\\/de\\\/#website\",\"url\":\"https:\\\/\\\/clarijs-fietstassen.nl\\\/de\\\/\",\"name\":\"Clarijs Fietstassen\",\"description\":\"Kwaliteit &amp; ambacht sinds 1948\",\"publisher\":{\"@id\":\"https:\\\/\\\/clarijs-fietstassen.nl\\\/de\\\/#organization\"},\"potentialAction\":[{\"@type\":\"SearchAction\",\"target\":{\"@type\":\"EntryPoint\",\"urlTemplate\":\"https:\\\/\\\/clarijs-fietstassen.nl\\\/de\\\/?s={search_term_string}\"},\"query-input\":{\"@type\":\"PropertyValueSpecification\",\"valueRequired\":true,\"valueName\":\"search_term_string\"}}],\"inLanguage\":\"de\"},{\"@type\":\"Organization\",\"@id\":\"https:\\\/\\\/clarijs-fietstassen.nl\\\/de\\\/#organization\",\"name\":\"Clarijs Fietstassen\",\"url\":\"https:\\\/\\\/clarijs-fietstassen.nl\\\/de\\\/\",\"logo\":{\"@type\":\"ImageObject\",\"inLanguage\":\"de\",\"@id\":\"https:\\\/\\\/clarijs-fietstassen.nl\\\/de\\\/#\\\/schema\\\/logo\\\/image\\\/\",\"url\":\"https:\\\/\\\/clarijs-fietstassen.nl\\\/wp-content\\\/uploads\\\/2024\\\/01\\\/clarijs-logo-met-rand.jpg\",\"contentUrl\":\"https:\\\/\\\/clarijs-fietstassen.nl\\\/wp-content\\\/uploads\\\/2024\\\/01\\\/clarijs-logo-met-rand.jpg\",\"width\":560,\"height\":266,\"caption\":\"Clarijs Fietstassen\"},\"image\":{\"@id\":\"https:\\\/\\\/clarijs-fietstassen.nl\\\/de\\\/#\\\/schema\\\/logo\\\/image\\\/\"},\"sameAs\":[\"https:\\\/\\\/www.facebook.com\\\/clarijs1948\\\/\",\"https:\\\/\\\/www.instagram.com\\\/clarijscovers\\\/\"]}]}<\/script>\n<meta property=\"product:price:amount\" content=\"35.00\" \/>\n<meta property=\"product:price:currency\" content=\"EUR\" \/>\n<meta property=\"og:availability\" content=\"instock\" \/>\n<meta property=\"product:availability\" content=\"instock\" \/>\n<meta property=\"product:retailer_item_id\" content=\"5027\" \/>\n<meta property=\"product:condition\" content=\"new\" \/>\n<!-- \/ Yoast SEO Premium plugin. -->","yoast_head_json":{"title":"Rohrrahmen f\u00fcr Nihola Familie - Clarijs Fietstassen","description":"Der Tube Frame f\u00fcr die Nihola-Familie ist ein unverzichtbares Zubeh\u00f6r, das Ihr Lastenfahrrad verwandelt und zus\u00e4tzliche Funktionalit\u00e4t bietet.","robots":{"index":"index","follow":"follow","max-snippet":"max-snippet:-1","max-image-preview":"max-image-preview:large","max-video-preview":"max-video-preview:-1"},"canonical":"https:\/\/clarijs-fietstassen.nl\/de\/produkt\/rohrrahmen-fuer-nihola-familie\/","og_locale":"de_DE","og_type":"article","og_title":"Rohrrahmen f\u00fcr Nihola Familie","og_description":"Der Tube Frame f\u00fcr die Nihola-Familie ist ein unverzichtbares Zubeh\u00f6r, das Ihr Lastenfahrrad verwandelt und zus\u00e4tzliche Funktionalit\u00e4t bietet.","og_url":"https:\/\/clarijs-fietstassen.nl\/de\/produkt\/rohrrahmen-fuer-nihola-familie\/","og_site_name":"Clarijs Fietstassen","article_publisher":"https:\/\/www.facebook.com\/clarijs1948\/","article_modified_time":"2025-02-17T12:17:31+00:00","og_image":[{"width":1512,"height":1512,"url":"https:\/\/clarijs-fietstassen.nl\/wp-content\/uploads\/2023\/09\/PhotoRoom_014_20230731_170110.png","type":"image\/png"}],"twitter_card":"summary_large_image","twitter_misc":{"Preis":"&euro;35.00","Verf\u00fcgbarkeit":"Auf Lager"},"schema":{"@context":"https:\/\/schema.org","@graph":[{"@type":"WebPage","@id":"https:\/\/clarijs-fietstassen.nl\/de\/produkt\/rohrrahmen-fuer-nihola-familie\/","url":"https:\/\/clarijs-fietstassen.nl\/de\/produkt\/rohrrahmen-fuer-nihola-familie\/","name":"Rohrrahmen f\u00fcr Nihola Familie - Clarijs Fietstassen","isPartOf":{"@id":"https:\/\/clarijs-fietstassen.nl\/de\/#website"},"primaryImageOfPage":{"@id":"https:\/\/clarijs-fietstassen.nl\/de\/produkt\/rohrrahmen-fuer-nihola-familie\/#primaryimage"},"image":{"@id":"https:\/\/clarijs-fietstassen.nl\/de\/produkt\/rohrrahmen-fuer-nihola-familie\/#primaryimage"},"thumbnailUrl":"https:\/\/clarijs-fietstassen.nl\/wp-content\/uploads\/2023\/09\/PhotoRoom_014_20230731_170110.png","datePublished":"2023-07-04T13:26:57+00:00","dateModified":"2025-02-17T12:17:31+00:00","description":"Der Tube Frame f\u00fcr die Nihola-Familie ist ein unverzichtbares Zubeh\u00f6r, das Ihr Lastenfahrrad verwandelt und zus\u00e4tzliche Funktionalit\u00e4t bietet.","breadcrumb":{"@id":"https:\/\/clarijs-fietstassen.nl\/de\/produkt\/rohrrahmen-fuer-nihola-familie\/#breadcrumb"},"inLanguage":"de","potentialAction":[{"@type":"ReadAction","target":["https:\/\/clarijs-fietstassen.nl\/de\/produkt\/rohrrahmen-fuer-nihola-familie\/"]}]},{"@type":"ImageObject","inLanguage":"de","@id":"https:\/\/clarijs-fietstassen.nl\/de\/produkt\/rohrrahmen-fuer-nihola-familie\/#primaryimage","url":"https:\/\/clarijs-fietstassen.nl\/wp-content\/uploads\/2023\/09\/PhotoRoom_014_20230731_170110.png","contentUrl":"https:\/\/clarijs-fietstassen.nl\/wp-content\/uploads\/2023\/09\/PhotoRoom_014_20230731_170110.png","width":1512,"height":1512,"caption":"Rohrrahmen f\u00fcr Nihola Familie"},{"@type":"BreadcrumbList","@id":"https:\/\/clarijs-fietstassen.nl\/de\/produkt\/rohrrahmen-fuer-nihola-familie\/#breadcrumb","itemListElement":[{"@type":"ListItem","position":1,"name":"Home","item":"https:\/\/clarijs-fietstassen.nl\/de\/"},{"@type":"ListItem","position":2,"name":"Shop","item":"https:\/\/clarijs-fietstassen.nl\/de\/shop\/"},{"@type":"ListItem","position":3,"name":"Bakfiets Accessoires","item":"https:\/\/clarijs-fietstassen.nl\/bakfiets-accessoires\/"},{"@type":"ListItem","position":4,"name":"Rohrrahmen f\u00fcr Nihola Familie"}]},{"@type":"WebSite","@id":"https:\/\/clarijs-fietstassen.nl\/de\/#website","url":"https:\/\/clarijs-fietstassen.nl\/de\/","name":"Clarijs Fietstassen","description":"Kwaliteit &amp; ambacht sinds 1948","publisher":{"@id":"https:\/\/clarijs-fietstassen.nl\/de\/#organization"},"potentialAction":[{"@type":"SearchAction","target":{"@type":"EntryPoint","urlTemplate":"https:\/\/clarijs-fietstassen.nl\/de\/?s={search_term_string}"},"query-input":{"@type":"PropertyValueSpecification","valueRequired":true,"valueName":"search_term_string"}}],"inLanguage":"de"},{"@type":"Organization","@id":"https:\/\/clarijs-fietstassen.nl\/de\/#organization","name":"Clarijs Fietstassen","url":"https:\/\/clarijs-fietstassen.nl\/de\/","logo":{"@type":"ImageObject","inLanguage":"de","@id":"https:\/\/clarijs-fietstassen.nl\/de\/#\/schema\/logo\/image\/","url":"https:\/\/clarijs-fietstassen.nl\/wp-content\/uploads\/2024\/01\/clarijs-logo-met-rand.jpg","contentUrl":"https:\/\/clarijs-fietstassen.nl\/wp-content\/uploads\/2024\/01\/clarijs-logo-met-rand.jpg","width":560,"height":266,"caption":"Clarijs Fietstassen"},"image":{"@id":"https:\/\/clarijs-fietstassen.nl\/de\/#\/schema\/logo\/image\/"},"sameAs":["https:\/\/www.facebook.com\/clarijs1948\/","https:\/\/www.instagram.com\/clarijscovers\/"]}]},"product_price_amount":"35.00","product_price_currency":"EUR","og_availability":"instock","product_availability":"instock","product_retailer_item_id":"5027","product_condition":"new"},"_links":{"self":[{"href":"https:\/\/clarijs-fietstassen.nl\/de\/wp-json\/wp\/v2\/product\/46823","targetHints":{"allow":["GET"]}}],"collection":[{"href":"https:\/\/clarijs-fietstassen.nl\/de\/wp-json\/wp\/v2\/product"}],"about":[{"href":"https:\/\/clarijs-fietstassen.nl\/de\/wp-json\/wp\/v2\/types\/product"}],"replies":[{"embeddable":true,"href":"https:\/\/clarijs-fietstassen.nl\/de\/wp-json\/wp\/v2\/comments?post=46823"}],"wp:featuredmedia":[{"embeddable":true,"href":"https:\/\/clarijs-fietstassen.nl\/de\/wp-json\/wp\/v2\/media\/46825"}],"wp:attachment":[{"href":"https:\/\/clarijs-fietstassen.nl\/de\/wp-json\/wp\/v2\/media?parent=46823"}],"wp:term":[{"taxonomy":"product_brand","embeddable":true,"href":"https:\/\/clarijs-fietstassen.nl\/de\/wp-json\/wp\/v2\/product_brand?post=46823"},{"taxonomy":"product_cat","embeddable":true,"href":"https:\/\/clarijs-fietstassen.nl\/de\/wp-json\/wp\/v2\/product_cat?post=46823"},{"taxonomy":"product_tag","embeddable":true,"href":"https:\/\/clarijs-fietstassen.nl\/de\/wp-json\/wp\/v2\/product_tag?post=46823"}],"curies":[{"name":"wp","href":"https:\/\/api.w.org\/{rel}","templated":true}]}}