{"id":46830,"date":"2023-07-04T14:30:42","date_gmt":"2023-07-04T13:30:42","guid":{"rendered":"https:\/\/clarijs-fietstassen.nl\/regent-excellent-fuer-familie-nihola\/"},"modified":"2025-09-24T14:25:28","modified_gmt":"2025-09-24T12:25:28","slug":"regent-excellent-fuer-familie-nihola","status":"publish","type":"product","link":"https:\/\/clarijs-fietstassen.nl\/de\/produkt\/regent-excellent-fuer-familie-nihola\/","title":{"rendered":"Regenzelt Excellent f\u00fcr Nihola Family"},"content":{"rendered":"<p data-start=\"286\" data-end=\"642\">Das Regenzelt Excellent f\u00fcr Nihola Family ist das ideale Zubeh\u00f6r, um Ihr Nihola Family Lastenrad an regnerischen Tagen zu sch\u00fctzen. Dieses hochwertige Regenzelt wurde speziell entwickelt, um Sie und Ihre Passagiere trocken und komfortabel zu halten \u2013 selbst bei starkem Regen. <strong>Bitte beachten<\/strong>: Der Rahmen ist bei diesem Regenzelt nicht enthalten. <\/p>\n<p data-start=\"644\" data-end=\"1277\"><strong data-start=\"644\" data-end=\"670\">Material und Qualit\u00e4t<\/strong><br data-start=\"670\" data-end=\"673\">Das Regenzelt ist aus hochwertigem, beschichtetem Acrylgewebe gefertigt &#8211; dem gleichen Material, das auch im Wassersport verwendet wird. Dieser strapazierf\u00e4hige Stoff ist 100% wasserdicht, farbecht und h\u00e4lt dem t\u00e4glichen Gebrauch stand. Au\u00dferdem hat es einen luxuri\u00f6sen Look, der Ihr Lastenfahrrad nicht nur praktisch, sondern auch attraktiv macht. Dank der speziellen Beschichtung perlen Wassertropfen und andere Fl\u00fcssigkeiten leicht an der Oberfl\u00e4che ab und sch\u00fctzen sie nicht nur vor Regen, sondern auch vor \u00d6len und Chemikalien. Dar\u00fcber hinaus ist das Regenzelt resistent gegen Sonnenlicht, UV-Strahlen, Wind und extreme Temperaturen.    <\/p>\n<p data-start=\"1279\" data-end=\"1340\"><strong data-start=\"1279\" data-end=\"1338\">Vorteile des Regenzelt Excellent f\u00fcr Nihola Family<\/strong><\/p>\n<ul data-start=\"1341\" data-end=\"1513\">\n<li data-start=\"1341\" data-end=\"1387\">\n<p data-start=\"1343\" data-end=\"1387\">Hergestellt aus extra starkem beschichtetem Acrylgewebe<\/p>\n<\/li>\n<li data-start=\"1388\" data-end=\"1424\">\n<p data-start=\"1390\" data-end=\"1424\">100 % wasserdicht und wetterbest\u00e4ndig<\/p>\n<\/li>\n<li data-start=\"1425\" data-end=\"1470\">\n<p data-start=\"1427\" data-end=\"1470\">Hohe Farbechtheit, bleibt jahrelang sch\u00f6n<\/p>\n<\/li>\n<li data-start=\"1471\" data-end=\"1513\">\n<p data-start=\"1473\" data-end=\"1513\">Perfekte Passform f\u00fcr das Nihola Family<\/p>\n<\/li>\n<\/ul>\n<p data-start=\"1515\" data-end=\"1531\"><strong data-start=\"1515\" data-end=\"1529\">Abmessungen<\/strong><\/p>\n<ul data-start=\"1532\" data-end=\"1586\">\n<li data-start=\"1532\" data-end=\"1549\">\n<p data-start=\"1534\" data-end=\"1549\">L\u00e4nge: 46 cm<\/p>\n<\/li>\n<li data-start=\"1550\" data-end=\"1568\">\n<p data-start=\"1552\" data-end=\"1568\">Breite: 26 cm<\/p>\n<\/li>\n<li data-start=\"1569\" data-end=\"1586\">\n<p data-start=\"1571\" data-end=\"1586\">H\u00f6he: 32 cm<\/p>\n<\/li>\n<\/ul>\n<p data-start=\"1588\" data-end=\"1848\">Mit perfekter Passform, zuverl\u00e4ssigem Schutz und luxuri\u00f6ser Ausstrahlung ist das Regenzelt Excellent ein unverzichtbares Zubeh\u00f6r f\u00fcr jedes Nihola Family Lastenrad. Machen Sie Ihr Lastenrad komplett und entscheiden Sie sich f\u00fcr das Regenzelt Excellent \u2013 bestellen Sie noch heute bequem online. <\/p>\n","protected":false},"excerpt":{"rendered":"<p>Das Regenzelt Excellent f\u00fcr Nihola Family ist das ideale Zubeh\u00f6r, um Ihr Nihola Family Lastenrad an regnerischen Tagen zu sch\u00fctzen. Dieses hochwertige Regenzelt wurde speziell entwickelt, um Sie und Ihre Passagiere trocken und komfortabel zu halten \u2013 selbst bei starkem Regen. Bitte beachten: Der Rahmen ist bei diesem Regenzelt nicht enthalten. Material und Qualit\u00e4tDas Regenzelt [&hellip;]<\/p>\n","protected":false},"featured_media":46832,"comment_status":"closed","ping_status":"closed","template":"","meta":{"_acf_changed":false,"_et_pb_use_builder":"","_et_pb_old_content":"","_et_gb_content_width":""},"product_brand":[],"product_cat":[686,690,749],"product_tag":[],"class_list":{"0":"post-46830","1":"product","2":"type-product","3":"status-publish","4":"has-post-thumbnail","6":"product_cat-bakfiets-de","7":"product_cat-lastenrad-regenverdeck","8":"product_cat-nihola-de","9":"pa_geschikt-voor-e-bike-ja-de","10":"pa_kleur-blau","11":"pa_kleur-camel-de","12":"pa_kleur-grau","13":"pa_kleur-rot","14":"pa_kleur-schokoladen-braun","15":"pa_kleur-schwarz","16":"pa_materiaal-acryl-de","17":"pa_merk-clarijs-covers-b-v-de","18":"pa_reflectie-nein","20":"first","21":"instock","22":"taxable","23":"shipping-taxable","24":"purchasable","25":"product-type-variable"},"acf":[],"yoast_head":"<!-- This site is optimized with the Yoast SEO Premium plugin v27.2 (Yoast SEO v27.4) - https:\/\/yoast.com\/product\/yoast-seo-premium-wordpress\/ -->\n<title>Regenzelt Excellent f\u00fcr Nihola Family - Clarijs Fietstassen<\/title>\n<meta name=\"description\" content=\"Das Regenzelt Excellent f\u00fcr Nihola Family ist eine echte Sch\u00f6nheit. Und es kommt mit einer 3-Jahres-Garantie. Die Materialien haben eine sehr hohe Farbechtheit. Jetzt einkaufen!\" \/>\n<meta name=\"robots\" content=\"index, follow, max-snippet:-1, max-image-preview:large, max-video-preview:-1\" \/>\n<link rel=\"canonical\" href=\"https:\/\/clarijs-fietstassen.nl\/de\/produkt\/regent-excellent-fuer-familie-nihola\/\" \/>\n<meta property=\"og:locale\" content=\"de_DE\" \/>\n<meta property=\"og:type\" content=\"article\" \/>\n<meta property=\"og:title\" content=\"Regenzelt Excellent f\u00fcr Nihola Family\" \/>\n<meta property=\"og:description\" content=\"Das Regenzelt Excellent f\u00fcr Nihola Family ist eine echte Sch\u00f6nheit. Und es kommt mit einer 3-Jahres-Garantie. Die Materialien haben eine sehr hohe Farbechtheit. Jetzt einkaufen!\" \/>\n<meta property=\"og:url\" content=\"https:\/\/clarijs-fietstassen.nl\/de\/produkt\/regent-excellent-fuer-familie-nihola\/\" \/>\n<meta property=\"og:site_name\" content=\"Clarijs Fietstassen\" \/>\n<meta property=\"article:publisher\" content=\"https:\/\/www.facebook.com\/clarijs1948\/\" \/>\n<meta property=\"article:modified_time\" content=\"2025-09-24T12:25:28+00:00\" \/>\n<meta property=\"og:image\" content=\"https:\/\/clarijs-fietstassen.nl\/wp-content\/uploads\/2024\/01\/IMG_2293.png\" \/>\n\t<meta property=\"og:image:width\" content=\"1000\" \/>\n\t<meta property=\"og:image:height\" content=\"1000\" \/>\n\t<meta property=\"og:image:type\" content=\"image\/png\" \/>\n<meta name=\"twitter:card\" content=\"summary_large_image\" \/>\n<meta name=\"twitter:label1\" content=\"Verf\u00fcgbarkeit\" \/>\n\t<meta name=\"twitter:data1\" content=\"Auf Lager\" \/>\n<script type=\"application\/ld+json\" class=\"yoast-schema-graph\">{\"@context\":\"https:\\\/\\\/schema.org\",\"@graph\":[{\"@type\":\"WebPage\",\"@id\":\"https:\\\/\\\/clarijs-fietstassen.nl\\\/de\\\/produkt\\\/regent-excellent-fuer-familie-nihola\\\/\",\"url\":\"https:\\\/\\\/clarijs-fietstassen.nl\\\/de\\\/produkt\\\/regent-excellent-fuer-familie-nihola\\\/\",\"name\":\"Regenzelt Excellent f\u00fcr Nihola Family - Clarijs Fietstassen\",\"isPartOf\":{\"@id\":\"https:\\\/\\\/clarijs-fietstassen.nl\\\/de\\\/#website\"},\"primaryImageOfPage\":{\"@id\":\"https:\\\/\\\/clarijs-fietstassen.nl\\\/de\\\/produkt\\\/regent-excellent-fuer-familie-nihola\\\/#primaryimage\"},\"image\":{\"@id\":\"https:\\\/\\\/clarijs-fietstassen.nl\\\/de\\\/produkt\\\/regent-excellent-fuer-familie-nihola\\\/#primaryimage\"},\"thumbnailUrl\":\"https:\\\/\\\/clarijs-fietstassen.nl\\\/wp-content\\\/uploads\\\/2024\\\/01\\\/IMG_2293.png\",\"datePublished\":\"2023-07-04T13:30:42+00:00\",\"dateModified\":\"2025-09-24T12:25:28+00:00\",\"description\":\"Das Regenzelt Excellent f\u00fcr Nihola Family ist eine echte Sch\u00f6nheit. Und es kommt mit einer 3-Jahres-Garantie. Die Materialien haben eine sehr hohe Farbechtheit. Jetzt einkaufen!\",\"breadcrumb\":{\"@id\":\"https:\\\/\\\/clarijs-fietstassen.nl\\\/de\\\/produkt\\\/regent-excellent-fuer-familie-nihola\\\/#breadcrumb\"},\"inLanguage\":\"de\",\"potentialAction\":[{\"@type\":\"ReadAction\",\"target\":[\"https:\\\/\\\/clarijs-fietstassen.nl\\\/de\\\/produkt\\\/regent-excellent-fuer-familie-nihola\\\/\"]}]},{\"@type\":\"ImageObject\",\"inLanguage\":\"de\",\"@id\":\"https:\\\/\\\/clarijs-fietstassen.nl\\\/de\\\/produkt\\\/regent-excellent-fuer-familie-nihola\\\/#primaryimage\",\"url\":\"https:\\\/\\\/clarijs-fietstassen.nl\\\/wp-content\\\/uploads\\\/2024\\\/01\\\/IMG_2293.png\",\"contentUrl\":\"https:\\\/\\\/clarijs-fietstassen.nl\\\/wp-content\\\/uploads\\\/2024\\\/01\\\/IMG_2293.png\",\"width\":1000,\"height\":1000,\"caption\":\"Regenzelt Excellent f\u00fcr Nihola Family - Schwarz\"},{\"@type\":\"BreadcrumbList\",\"@id\":\"https:\\\/\\\/clarijs-fietstassen.nl\\\/de\\\/produkt\\\/regent-excellent-fuer-familie-nihola\\\/#breadcrumb\",\"itemListElement\":[{\"@type\":\"ListItem\",\"position\":1,\"name\":\"Home\",\"item\":\"https:\\\/\\\/clarijs-fietstassen.nl\\\/de\\\/\"},{\"@type\":\"ListItem\",\"position\":2,\"name\":\"Shop\",\"item\":\"https:\\\/\\\/clarijs-fietstassen.nl\\\/de\\\/shop\\\/\"},{\"@type\":\"ListItem\",\"position\":3,\"name\":\"Nihola\",\"item\":\"https:\\\/\\\/clarijs-fietstassen.nl\\\/de\\\/nihola-de\\\/\"},{\"@type\":\"ListItem\",\"position\":4,\"name\":\"Regenzelt Excellent f\u00fcr Nihola Family\"}]},{\"@type\":\"WebSite\",\"@id\":\"https:\\\/\\\/clarijs-fietstassen.nl\\\/de\\\/#website\",\"url\":\"https:\\\/\\\/clarijs-fietstassen.nl\\\/de\\\/\",\"name\":\"Clarijs Fietstassen\",\"description\":\"Kwaliteit &amp; ambacht sinds 1948\",\"publisher\":{\"@id\":\"https:\\\/\\\/clarijs-fietstassen.nl\\\/de\\\/#organization\"},\"potentialAction\":[{\"@type\":\"SearchAction\",\"target\":{\"@type\":\"EntryPoint\",\"urlTemplate\":\"https:\\\/\\\/clarijs-fietstassen.nl\\\/de\\\/?s={search_term_string}\"},\"query-input\":{\"@type\":\"PropertyValueSpecification\",\"valueRequired\":true,\"valueName\":\"search_term_string\"}}],\"inLanguage\":\"de\"},{\"@type\":\"Organization\",\"@id\":\"https:\\\/\\\/clarijs-fietstassen.nl\\\/de\\\/#organization\",\"name\":\"Clarijs Fietstassen\",\"url\":\"https:\\\/\\\/clarijs-fietstassen.nl\\\/de\\\/\",\"logo\":{\"@type\":\"ImageObject\",\"inLanguage\":\"de\",\"@id\":\"https:\\\/\\\/clarijs-fietstassen.nl\\\/de\\\/#\\\/schema\\\/logo\\\/image\\\/\",\"url\":\"https:\\\/\\\/clarijs-fietstassen.nl\\\/wp-content\\\/uploads\\\/2024\\\/01\\\/clarijs-logo-met-rand.jpg\",\"contentUrl\":\"https:\\\/\\\/clarijs-fietstassen.nl\\\/wp-content\\\/uploads\\\/2024\\\/01\\\/clarijs-logo-met-rand.jpg\",\"width\":560,\"height\":266,\"caption\":\"Clarijs Fietstassen\"},\"image\":{\"@id\":\"https:\\\/\\\/clarijs-fietstassen.nl\\\/de\\\/#\\\/schema\\\/logo\\\/image\\\/\"},\"sameAs\":[\"https:\\\/\\\/www.facebook.com\\\/clarijs1948\\\/\",\"https:\\\/\\\/www.instagram.com\\\/clarijscovers\\\/\"]}]}<\/script>\n<meta property=\"og:availability\" content=\"instock\" \/>\n<meta property=\"product:availability\" content=\"instock\" \/>\n<meta property=\"product:retailer_item_id\" content=\"5026\" \/>\n<meta property=\"product:condition\" content=\"new\" \/>\n<!-- \/ Yoast SEO Premium plugin. -->","yoast_head_json":{"title":"Regenzelt Excellent f\u00fcr Nihola Family - Clarijs Fietstassen","description":"Das Regenzelt Excellent f\u00fcr Nihola Family ist eine echte Sch\u00f6nheit. Und es kommt mit einer 3-Jahres-Garantie. Die Materialien haben eine sehr hohe Farbechtheit. Jetzt einkaufen!","robots":{"index":"index","follow":"follow","max-snippet":"max-snippet:-1","max-image-preview":"max-image-preview:large","max-video-preview":"max-video-preview:-1"},"canonical":"https:\/\/clarijs-fietstassen.nl\/de\/produkt\/regent-excellent-fuer-familie-nihola\/","og_locale":"de_DE","og_type":"article","og_title":"Regenzelt Excellent f\u00fcr Nihola Family","og_description":"Das Regenzelt Excellent f\u00fcr Nihola Family ist eine echte Sch\u00f6nheit. Und es kommt mit einer 3-Jahres-Garantie. Die Materialien haben eine sehr hohe Farbechtheit. Jetzt einkaufen!","og_url":"https:\/\/clarijs-fietstassen.nl\/de\/produkt\/regent-excellent-fuer-familie-nihola\/","og_site_name":"Clarijs Fietstassen","article_publisher":"https:\/\/www.facebook.com\/clarijs1948\/","article_modified_time":"2025-09-24T12:25:28+00:00","og_image":[{"width":1000,"height":1000,"url":"https:\/\/clarijs-fietstassen.nl\/wp-content\/uploads\/2024\/01\/IMG_2293.png","type":"image\/png"}],"twitter_card":"summary_large_image","twitter_misc":{"Verf\u00fcgbarkeit":"Auf Lager"},"schema":{"@context":"https:\/\/schema.org","@graph":[{"@type":"WebPage","@id":"https:\/\/clarijs-fietstassen.nl\/de\/produkt\/regent-excellent-fuer-familie-nihola\/","url":"https:\/\/clarijs-fietstassen.nl\/de\/produkt\/regent-excellent-fuer-familie-nihola\/","name":"Regenzelt Excellent f\u00fcr Nihola Family - Clarijs Fietstassen","isPartOf":{"@id":"https:\/\/clarijs-fietstassen.nl\/de\/#website"},"primaryImageOfPage":{"@id":"https:\/\/clarijs-fietstassen.nl\/de\/produkt\/regent-excellent-fuer-familie-nihola\/#primaryimage"},"image":{"@id":"https:\/\/clarijs-fietstassen.nl\/de\/produkt\/regent-excellent-fuer-familie-nihola\/#primaryimage"},"thumbnailUrl":"https:\/\/clarijs-fietstassen.nl\/wp-content\/uploads\/2024\/01\/IMG_2293.png","datePublished":"2023-07-04T13:30:42+00:00","dateModified":"2025-09-24T12:25:28+00:00","description":"Das Regenzelt Excellent f\u00fcr Nihola Family ist eine echte Sch\u00f6nheit. Und es kommt mit einer 3-Jahres-Garantie. Die Materialien haben eine sehr hohe Farbechtheit. Jetzt einkaufen!","breadcrumb":{"@id":"https:\/\/clarijs-fietstassen.nl\/de\/produkt\/regent-excellent-fuer-familie-nihola\/#breadcrumb"},"inLanguage":"de","potentialAction":[{"@type":"ReadAction","target":["https:\/\/clarijs-fietstassen.nl\/de\/produkt\/regent-excellent-fuer-familie-nihola\/"]}]},{"@type":"ImageObject","inLanguage":"de","@id":"https:\/\/clarijs-fietstassen.nl\/de\/produkt\/regent-excellent-fuer-familie-nihola\/#primaryimage","url":"https:\/\/clarijs-fietstassen.nl\/wp-content\/uploads\/2024\/01\/IMG_2293.png","contentUrl":"https:\/\/clarijs-fietstassen.nl\/wp-content\/uploads\/2024\/01\/IMG_2293.png","width":1000,"height":1000,"caption":"Regenzelt Excellent f\u00fcr Nihola Family - Schwarz"},{"@type":"BreadcrumbList","@id":"https:\/\/clarijs-fietstassen.nl\/de\/produkt\/regent-excellent-fuer-familie-nihola\/#breadcrumb","itemListElement":[{"@type":"ListItem","position":1,"name":"Home","item":"https:\/\/clarijs-fietstassen.nl\/de\/"},{"@type":"ListItem","position":2,"name":"Shop","item":"https:\/\/clarijs-fietstassen.nl\/de\/shop\/"},{"@type":"ListItem","position":3,"name":"Nihola","item":"https:\/\/clarijs-fietstassen.nl\/de\/nihola-de\/"},{"@type":"ListItem","position":4,"name":"Regenzelt Excellent f\u00fcr Nihola Family"}]},{"@type":"WebSite","@id":"https:\/\/clarijs-fietstassen.nl\/de\/#website","url":"https:\/\/clarijs-fietstassen.nl\/de\/","name":"Clarijs Fietstassen","description":"Kwaliteit &amp; ambacht sinds 1948","publisher":{"@id":"https:\/\/clarijs-fietstassen.nl\/de\/#organization"},"potentialAction":[{"@type":"SearchAction","target":{"@type":"EntryPoint","urlTemplate":"https:\/\/clarijs-fietstassen.nl\/de\/?s={search_term_string}"},"query-input":{"@type":"PropertyValueSpecification","valueRequired":true,"valueName":"search_term_string"}}],"inLanguage":"de"},{"@type":"Organization","@id":"https:\/\/clarijs-fietstassen.nl\/de\/#organization","name":"Clarijs Fietstassen","url":"https:\/\/clarijs-fietstassen.nl\/de\/","logo":{"@type":"ImageObject","inLanguage":"de","@id":"https:\/\/clarijs-fietstassen.nl\/de\/#\/schema\/logo\/image\/","url":"https:\/\/clarijs-fietstassen.nl\/wp-content\/uploads\/2024\/01\/clarijs-logo-met-rand.jpg","contentUrl":"https:\/\/clarijs-fietstassen.nl\/wp-content\/uploads\/2024\/01\/clarijs-logo-met-rand.jpg","width":560,"height":266,"caption":"Clarijs Fietstassen"},"image":{"@id":"https:\/\/clarijs-fietstassen.nl\/de\/#\/schema\/logo\/image\/"},"sameAs":["https:\/\/www.facebook.com\/clarijs1948\/","https:\/\/www.instagram.com\/clarijscovers\/"]}]},"og_availability":"instock","product_availability":"instock","product_retailer_item_id":"5026","product_condition":"new"},"_links":{"self":[{"href":"https:\/\/clarijs-fietstassen.nl\/de\/wp-json\/wp\/v2\/product\/46830","targetHints":{"allow":["GET"]}}],"collection":[{"href":"https:\/\/clarijs-fietstassen.nl\/de\/wp-json\/wp\/v2\/product"}],"about":[{"href":"https:\/\/clarijs-fietstassen.nl\/de\/wp-json\/wp\/v2\/types\/product"}],"replies":[{"embeddable":true,"href":"https:\/\/clarijs-fietstassen.nl\/de\/wp-json\/wp\/v2\/comments?post=46830"}],"wp:featuredmedia":[{"embeddable":true,"href":"https:\/\/clarijs-fietstassen.nl\/de\/wp-json\/wp\/v2\/media\/46832"}],"wp:attachment":[{"href":"https:\/\/clarijs-fietstassen.nl\/de\/wp-json\/wp\/v2\/media?parent=46830"}],"wp:term":[{"taxonomy":"product_brand","embeddable":true,"href":"https:\/\/clarijs-fietstassen.nl\/de\/wp-json\/wp\/v2\/product_brand?post=46830"},{"taxonomy":"product_cat","embeddable":true,"href":"https:\/\/clarijs-fietstassen.nl\/de\/wp-json\/wp\/v2\/product_cat?post=46830"},{"taxonomy":"product_tag","embeddable":true,"href":"https:\/\/clarijs-fietstassen.nl\/de\/wp-json\/wp\/v2\/product_tag?post=46830"}],"curies":[{"name":"wp","href":"https:\/\/api.w.org\/{rel}","templated":true}]}}