{"id":46834,"date":"2023-07-04T15:00:37","date_gmt":"2023-07-04T13:00:37","guid":{"rendered":"https:\/\/clarijs-fietstassen.nl\/double-bicycle-bag-schwarz\/"},"modified":"2026-04-01T15:20:00","modified_gmt":"2026-04-01T13:20:00","slug":"double-bicycle-bag-schwarz","status":"publish","type":"product","link":"https:\/\/clarijs-fietstassen.nl\/de\/produkt\/double-bicycle-bag-schwarz\/","title":{"rendered":"Doppelte Fahrradtasche Schwarz"},"content":{"rendered":"<p><span style=\"font-weight: 400;\">Die Doppel-Fahrradtasche Schwarz von Clarijs ist eine <strong>handgefertigte Fahrradtasche<\/strong> aus <strong>hochwertigen Materialien<\/strong>, entwickelt f\u00fcr den intensiven t\u00e4glichen Gebrauch. Langlebig, robust und praktisch mit einer sch\u00f6nen, gl\u00e4nzenden Optik. <\/span><\/p>\n<p>Suchst du eine Doppel-Fahrradtasche f\u00fcr den t\u00e4glichen Einsatz auf E-Bikes und normalen Fahrr\u00e4dern? Diese Tasche ist spritzwasserdicht und sch\u00fctzt deine Sachen vor Regen und Schmutz. Die Kollektion von Fahrradtaschen in Uni-Farben bietet eine stilvolle Optik und ist in einer gro\u00dfen Farbauswahl erh\u00e4ltlich, von klassischem Schwarz bis hin zu frischen und farbenfrohen Varianten.  <\/p>\n<p><strong>Warum diese Doppel-Fahrradtasche w\u00e4hlen?<\/strong><\/p>\n<ul>\n<li>Regenklappen und Ablauf\u00f6ffnungen verhindern das Eindringen von Wasser und Feuchtigkeitsansammlungen<\/li>\n<li>Viel Stauraum f\u00fcr Eink\u00e4ufe, Arbeitssachen oder den t\u00e4glichen Gebrauch \u2013 Volumen von 42 Litern<\/li>\n<li>Reflektierende Elemente an Vorder- und R\u00fcckseite f\u00fcr bessere Sichtbarkeit<\/li>\n<li>Verst\u00e4rkte Platten an R\u00fcck- und Unterseite aus recyceltem Kunststoff<\/li>\n<li>Zus\u00e4tzlicher Mittelgurt f\u00fcr extra Stabilit\u00e4t bei schwerer Beladung<\/li>\n<li>Schnallen aus hochwertigem, flexiblem Kunststoff mit wasserabweisendem PP-Band<\/li>\n<\/ul>\n<p>&nbsp;<\/p>\n<p><strong>Welche Ma\u00dfe hat diese Doppel-Fahrradtasche?<\/strong><br \/>\n<a href=\"https:\/\/clarijs-fietstassen.nl\/wp-content\/uploads\/2026\/03\/Lijntekening-Dubbele-Fietstas-met-maten.jpg\" target=\"_blank\" rel=\"noopener\">Klicke f\u00fcr die Ma\u00df\u00fcbersicht<\/a><br \/>\nDie Ma\u00dfe der Doppeltaschen in Zentimetern sind: L\u00e4nge x Tiefe\/Breite x H\u00f6he<br \/>\nInnen 36 x 18 x 32<br \/>\nAu\u00dfen 40 x 20 x 33<br \/>\n<em>Geeignet f\u00fcr Gep\u00e4cktr\u00e4ger von 13 bis 17 cm Breite<\/em><br \/>\nDa die Taschen <strong>handgefertigt<\/strong> sind, k\u00f6nnen die Ma\u00dfe um etwa 1 cm variieren<\/p>\n<p><strong>Aus welchem Material besteht diese Fahrradtasche?<\/strong><br \/>\nHergestellt aus starkem Bisonyl PVC-Gewebe mit gl\u00e4nzender Oberfl\u00e4che. Dieses Material ist wasserdicht, sehr strapazierf\u00e4hig, farbecht und wird auch f\u00fcr die Beschichtung von Lkw verwendet. <\/p>\n<p><strong>Stilvoll unterwegs mit den Doppel-Fahrradtaschen von Clarijs<\/strong><br \/>\nKaufe auch den passenden <strong><a href=\"https:\/\/clarijs-fietstassen.nl\/de\/shoppers-ohne-druck\/\" target=\"_blank\" rel=\"noopener\">Clarijs Shopper<\/a><\/strong> in derselben Farbe und aus dem gleichen Material. Dieser Shopper ist speziell daf\u00fcr entworfen, perfekt in die Doppel-Fahrradtasche zu passen und kann direkt mit Rabatt mitbestellt werden. <\/p>\n","protected":false},"excerpt":{"rendered":"<p>Die Doppel-Fahrradtasche Schwarz von Clarijs ist eine handgefertigte Fahrradtasche aus hochwertigen Materialien, entwickelt f\u00fcr den intensiven t\u00e4glichen Gebrauch. Langlebig, robust und praktisch mit einer sch\u00f6nen, gl\u00e4nzenden Optik. Suchst du eine Doppel-Fahrradtasche f\u00fcr den t\u00e4glichen Einsatz auf E-Bikes und normalen Fahrr\u00e4dern? Diese Tasche ist spritzwasserdicht und sch\u00fctzt deine Sachen vor Regen und Schmutz. Die Kollektion von [&hellip;]<\/p>\n","protected":false},"featured_media":46840,"comment_status":"closed","ping_status":"closed","template":"","meta":{"_acf_changed":false,"_et_pb_use_builder":"","_et_pb_old_content":"","_et_gb_content_width":""},"product_brand":[],"product_cat":[695,705,714,718,719,728,732,734,741,745,768,767,777],"product_tag":[],"class_list":{"0":"post-46834","1":"product","2":"type-product","3":"status-publish","4":"has-post-thumbnail","6":"product_cat-bisonyl-packtaschen","7":"product_cat-cortina-fahrradtaschen","8":"product_cat-doppelte-fahrradtaschen","9":"product_cat-doppelte-fahrradtaschen-fuer-damen","10":"product_cat-doppelte-fahrradtaschen-ohne-aufdruck","11":"product_cat-fahrradtaschen","12":"product_cat-gazelle-fahrradtaschen","13":"product_cat-giant-fahrradtaschen","14":"product_cat-koga-fahrradtaschen","15":"product_cat-leichte-fahrradtaschen","16":"product_cat-stabile-fahrradtaschen","17":"product_cat-stella-fahrradtaschen","18":"product_cat-wasserdichte-fahrradtaschen","19":"pa_afmetingen-40-x-20-x-33-cm-l-x-b-x-h-de","20":"pa_geschikt-voor-e-bike-ja-de","21":"pa_geschikt-voor-ledlampjes-ja-de","22":"pa_inhoud-42-liter-de","23":"pa_kleur-schwarz","24":"pa_materiaal-bisonyl-pvc-leinwand","25":"pa_reflectie-ja-de","26":"pa_snelbinders-toegankelijk-ja-wahlen-sie-die-option-schneiden-oder-aussparen-der-mitte","28":"first","29":"instock","30":"taxable","31":"shipping-taxable","32":"purchasable","33":"product-type-simple"},"acf":[],"yoast_head":"<!-- This site is optimized with the Yoast SEO Premium plugin v27.2 (Yoast SEO v27.3) - https:\/\/yoast.com\/product\/yoast-seo-premium-wordpress\/ -->\n<title>Doppelte Fahrradtasche Schwarz - Clarijs Fietstassen<\/title>\n<meta name=\"description\" content=\"Doppelte Fahrradtasche Schwarz Sie ist aus PVC-Canvas, einem wasserdichten Material, hergestellt. Die Tasche hat au\u00dferdem Reflexionen auf der Vorder- und R\u00fcckseite. Bestellen Sie es jetzt!\" \/>\n<meta name=\"robots\" content=\"index, follow, max-snippet:-1, max-image-preview:large, max-video-preview:-1\" \/>\n<link rel=\"canonical\" href=\"https:\/\/clarijs-fietstassen.nl\/de\/double-bicycle-bag-schwarz\/\" \/>\n<meta property=\"og:locale\" content=\"de_DE\" \/>\n<meta property=\"og:type\" content=\"article\" \/>\n<meta property=\"og:title\" content=\"Doppelte Fahrradtasche Schwarz\" \/>\n<meta property=\"og:description\" content=\"Doppelte Fahrradtasche Schwarz Sie ist aus PVC-Canvas, einem wasserdichten Material, hergestellt. Die Tasche hat au\u00dferdem Reflexionen auf der Vorder- und R\u00fcckseite. Bestellen Sie es jetzt!\" \/>\n<meta property=\"og:url\" content=\"https:\/\/clarijs-fietstassen.nl\/de\/double-bicycle-bag-schwarz\/\" \/>\n<meta property=\"og:site_name\" content=\"Clarijs Fietstassen\" \/>\n<meta property=\"article:publisher\" content=\"https:\/\/www.facebook.com\/clarijs1948\/\" \/>\n<meta property=\"article:modified_time\" content=\"2026-04-01T13:20:00+00:00\" \/>\n<meta property=\"og:image\" content=\"https:\/\/clarijs-fietstassen.nl\/wp-content\/uploads\/2023\/07\/zwart-2-scaled-1.jpg\" \/>\n\t<meta property=\"og:image:width\" content=\"2498\" \/>\n\t<meta property=\"og:image:height\" content=\"2560\" \/>\n\t<meta property=\"og:image:type\" content=\"image\/jpeg\" \/>\n<meta name=\"twitter:card\" content=\"summary_large_image\" \/>\n<meta name=\"twitter:label1\" content=\"Preis\" \/>\n\t<meta name=\"twitter:data1\" content=\"&euro;69.00\" \/>\n\t<meta name=\"twitter:label2\" content=\"Verf\u00fcgbarkeit\" \/>\n\t<meta name=\"twitter:data2\" content=\"Auf Lager\" \/>\n<script type=\"application\/ld+json\" class=\"yoast-schema-graph\">{\"@context\":\"https:\\\/\\\/schema.org\",\"@graph\":[{\"@type\":\"WebPage\",\"@id\":\"https:\\\/\\\/clarijs-fietstassen.nl\\\/de\\\/double-bicycle-bag-schwarz\\\/\",\"url\":\"https:\\\/\\\/clarijs-fietstassen.nl\\\/de\\\/double-bicycle-bag-schwarz\\\/\",\"name\":\"Doppelte Fahrradtasche Schwarz - Clarijs Fietstassen\",\"isPartOf\":{\"@id\":\"https:\\\/\\\/clarijs-fietstassen.nl\\\/de\\\/#website\"},\"primaryImageOfPage\":{\"@id\":\"https:\\\/\\\/clarijs-fietstassen.nl\\\/de\\\/double-bicycle-bag-schwarz\\\/#primaryimage\"},\"image\":{\"@id\":\"https:\\\/\\\/clarijs-fietstassen.nl\\\/de\\\/double-bicycle-bag-schwarz\\\/#primaryimage\"},\"thumbnailUrl\":\"https:\\\/\\\/clarijs-fietstassen.nl\\\/wp-content\\\/uploads\\\/2023\\\/07\\\/zwart-2-scaled-1.jpg\",\"datePublished\":\"2023-07-04T13:00:37+00:00\",\"dateModified\":\"2026-04-01T13:20:00+00:00\",\"description\":\"Doppelte Fahrradtasche Schwarz Sie ist aus PVC-Canvas, einem wasserdichten Material, hergestellt. Die Tasche hat au\u00dferdem Reflexionen auf der Vorder- und R\u00fcckseite. Bestellen Sie es jetzt!\",\"breadcrumb\":{\"@id\":\"https:\\\/\\\/clarijs-fietstassen.nl\\\/de\\\/double-bicycle-bag-schwarz\\\/#breadcrumb\"},\"inLanguage\":\"de\",\"potentialAction\":[{\"@type\":\"ReadAction\",\"target\":[\"https:\\\/\\\/clarijs-fietstassen.nl\\\/de\\\/double-bicycle-bag-schwarz\\\/\"]}]},{\"@type\":\"ImageObject\",\"inLanguage\":\"de\",\"@id\":\"https:\\\/\\\/clarijs-fietstassen.nl\\\/de\\\/double-bicycle-bag-schwarz\\\/#primaryimage\",\"url\":\"https:\\\/\\\/clarijs-fietstassen.nl\\\/wp-content\\\/uploads\\\/2023\\\/07\\\/zwart-2-scaled-1.jpg\",\"contentUrl\":\"https:\\\/\\\/clarijs-fietstassen.nl\\\/wp-content\\\/uploads\\\/2023\\\/07\\\/zwart-2-scaled-1.jpg\",\"width\":2498,\"height\":2560,\"caption\":\"Doppelte Fahrradtasche Schwarz\"},{\"@type\":\"BreadcrumbList\",\"@id\":\"https:\\\/\\\/clarijs-fietstassen.nl\\\/de\\\/double-bicycle-bag-schwarz\\\/#breadcrumb\",\"itemListElement\":[{\"@type\":\"ListItem\",\"position\":1,\"name\":\"Home\",\"item\":\"https:\\\/\\\/clarijs-fietstassen.nl\\\/de\\\/\"},{\"@type\":\"ListItem\",\"position\":2,\"name\":\"Shop\",\"item\":\"https:\\\/\\\/clarijs-fietstassen.nl\\\/de\\\/shop\\\/\"},{\"@type\":\"ListItem\",\"position\":3,\"name\":\"Dubbele fietstassen zonder print\",\"item\":\"https:\\\/\\\/clarijs-fietstassen.nl\\\/dubbele-fietstassen-zonder-print\\\/\"},{\"@type\":\"ListItem\",\"position\":4,\"name\":\"Doppelte Fahrradtasche Schwarz\"}]},{\"@type\":\"WebSite\",\"@id\":\"https:\\\/\\\/clarijs-fietstassen.nl\\\/de\\\/#website\",\"url\":\"https:\\\/\\\/clarijs-fietstassen.nl\\\/de\\\/\",\"name\":\"Clarijs Fietstassen\",\"description\":\"Kwaliteit &amp; ambacht sinds 1948\",\"publisher\":{\"@id\":\"https:\\\/\\\/clarijs-fietstassen.nl\\\/de\\\/#organization\"},\"potentialAction\":[{\"@type\":\"SearchAction\",\"target\":{\"@type\":\"EntryPoint\",\"urlTemplate\":\"https:\\\/\\\/clarijs-fietstassen.nl\\\/de\\\/?s={search_term_string}\"},\"query-input\":{\"@type\":\"PropertyValueSpecification\",\"valueRequired\":true,\"valueName\":\"search_term_string\"}}],\"inLanguage\":\"de\"},{\"@type\":\"Organization\",\"@id\":\"https:\\\/\\\/clarijs-fietstassen.nl\\\/de\\\/#organization\",\"name\":\"Clarijs Fietstassen\",\"url\":\"https:\\\/\\\/clarijs-fietstassen.nl\\\/de\\\/\",\"logo\":{\"@type\":\"ImageObject\",\"inLanguage\":\"de\",\"@id\":\"https:\\\/\\\/clarijs-fietstassen.nl\\\/de\\\/#\\\/schema\\\/logo\\\/image\\\/\",\"url\":\"https:\\\/\\\/clarijs-fietstassen.nl\\\/wp-content\\\/uploads\\\/2024\\\/01\\\/clarijs-logo-met-rand.jpg\",\"contentUrl\":\"https:\\\/\\\/clarijs-fietstassen.nl\\\/wp-content\\\/uploads\\\/2024\\\/01\\\/clarijs-logo-met-rand.jpg\",\"width\":560,\"height\":266,\"caption\":\"Clarijs Fietstassen\"},\"image\":{\"@id\":\"https:\\\/\\\/clarijs-fietstassen.nl\\\/de\\\/#\\\/schema\\\/logo\\\/image\\\/\"},\"sameAs\":[\"https:\\\/\\\/www.facebook.com\\\/clarijs1948\\\/\",\"https:\\\/\\\/www.instagram.com\\\/clarijscovers\\\/\"]}]}<\/script>\n<meta property=\"product:price:amount\" content=\"69.00\" \/>\n<meta property=\"product:price:currency\" content=\"EUR\" \/>\n<meta property=\"og:availability\" content=\"instock\" \/>\n<meta property=\"product:availability\" content=\"instock\" \/>\n<meta property=\"product:retailer_item_id\" content=\"1087\" \/>\n<meta property=\"product:condition\" content=\"new\" \/>\n<!-- \/ Yoast SEO Premium plugin. -->","yoast_head_json":{"title":"Doppelte Fahrradtasche Schwarz - Clarijs Fietstassen","description":"Doppelte Fahrradtasche Schwarz Sie ist aus PVC-Canvas, einem wasserdichten Material, hergestellt. Die Tasche hat au\u00dferdem Reflexionen auf der Vorder- und R\u00fcckseite. Bestellen Sie es jetzt!","robots":{"index":"index","follow":"follow","max-snippet":"max-snippet:-1","max-image-preview":"max-image-preview:large","max-video-preview":"max-video-preview:-1"},"canonical":"https:\/\/clarijs-fietstassen.nl\/de\/double-bicycle-bag-schwarz\/","og_locale":"de_DE","og_type":"article","og_title":"Doppelte Fahrradtasche Schwarz","og_description":"Doppelte Fahrradtasche Schwarz Sie ist aus PVC-Canvas, einem wasserdichten Material, hergestellt. Die Tasche hat au\u00dferdem Reflexionen auf der Vorder- und R\u00fcckseite. Bestellen Sie es jetzt!","og_url":"https:\/\/clarijs-fietstassen.nl\/de\/double-bicycle-bag-schwarz\/","og_site_name":"Clarijs Fietstassen","article_publisher":"https:\/\/www.facebook.com\/clarijs1948\/","article_modified_time":"2026-04-01T13:20:00+00:00","og_image":[{"width":2498,"height":2560,"url":"https:\/\/clarijs-fietstassen.nl\/wp-content\/uploads\/2023\/07\/zwart-2-scaled-1.jpg","type":"image\/jpeg"}],"twitter_card":"summary_large_image","twitter_misc":{"Preis":"&euro;69.00","Verf\u00fcgbarkeit":"Auf Lager"},"schema":{"@context":"https:\/\/schema.org","@graph":[{"@type":"WebPage","@id":"https:\/\/clarijs-fietstassen.nl\/de\/double-bicycle-bag-schwarz\/","url":"https:\/\/clarijs-fietstassen.nl\/de\/double-bicycle-bag-schwarz\/","name":"Doppelte Fahrradtasche Schwarz - Clarijs Fietstassen","isPartOf":{"@id":"https:\/\/clarijs-fietstassen.nl\/de\/#website"},"primaryImageOfPage":{"@id":"https:\/\/clarijs-fietstassen.nl\/de\/double-bicycle-bag-schwarz\/#primaryimage"},"image":{"@id":"https:\/\/clarijs-fietstassen.nl\/de\/double-bicycle-bag-schwarz\/#primaryimage"},"thumbnailUrl":"https:\/\/clarijs-fietstassen.nl\/wp-content\/uploads\/2023\/07\/zwart-2-scaled-1.jpg","datePublished":"2023-07-04T13:00:37+00:00","dateModified":"2026-04-01T13:20:00+00:00","description":"Doppelte Fahrradtasche Schwarz Sie ist aus PVC-Canvas, einem wasserdichten Material, hergestellt. Die Tasche hat au\u00dferdem Reflexionen auf der Vorder- und R\u00fcckseite. Bestellen Sie es jetzt!","breadcrumb":{"@id":"https:\/\/clarijs-fietstassen.nl\/de\/double-bicycle-bag-schwarz\/#breadcrumb"},"inLanguage":"de","potentialAction":[{"@type":"ReadAction","target":["https:\/\/clarijs-fietstassen.nl\/de\/double-bicycle-bag-schwarz\/"]}]},{"@type":"ImageObject","inLanguage":"de","@id":"https:\/\/clarijs-fietstassen.nl\/de\/double-bicycle-bag-schwarz\/#primaryimage","url":"https:\/\/clarijs-fietstassen.nl\/wp-content\/uploads\/2023\/07\/zwart-2-scaled-1.jpg","contentUrl":"https:\/\/clarijs-fietstassen.nl\/wp-content\/uploads\/2023\/07\/zwart-2-scaled-1.jpg","width":2498,"height":2560,"caption":"Doppelte Fahrradtasche Schwarz"},{"@type":"BreadcrumbList","@id":"https:\/\/clarijs-fietstassen.nl\/de\/double-bicycle-bag-schwarz\/#breadcrumb","itemListElement":[{"@type":"ListItem","position":1,"name":"Home","item":"https:\/\/clarijs-fietstassen.nl\/de\/"},{"@type":"ListItem","position":2,"name":"Shop","item":"https:\/\/clarijs-fietstassen.nl\/de\/shop\/"},{"@type":"ListItem","position":3,"name":"Dubbele fietstassen zonder print","item":"https:\/\/clarijs-fietstassen.nl\/dubbele-fietstassen-zonder-print\/"},{"@type":"ListItem","position":4,"name":"Doppelte Fahrradtasche Schwarz"}]},{"@type":"WebSite","@id":"https:\/\/clarijs-fietstassen.nl\/de\/#website","url":"https:\/\/clarijs-fietstassen.nl\/de\/","name":"Clarijs Fietstassen","description":"Kwaliteit &amp; ambacht sinds 1948","publisher":{"@id":"https:\/\/clarijs-fietstassen.nl\/de\/#organization"},"potentialAction":[{"@type":"SearchAction","target":{"@type":"EntryPoint","urlTemplate":"https:\/\/clarijs-fietstassen.nl\/de\/?s={search_term_string}"},"query-input":{"@type":"PropertyValueSpecification","valueRequired":true,"valueName":"search_term_string"}}],"inLanguage":"de"},{"@type":"Organization","@id":"https:\/\/clarijs-fietstassen.nl\/de\/#organization","name":"Clarijs Fietstassen","url":"https:\/\/clarijs-fietstassen.nl\/de\/","logo":{"@type":"ImageObject","inLanguage":"de","@id":"https:\/\/clarijs-fietstassen.nl\/de\/#\/schema\/logo\/image\/","url":"https:\/\/clarijs-fietstassen.nl\/wp-content\/uploads\/2024\/01\/clarijs-logo-met-rand.jpg","contentUrl":"https:\/\/clarijs-fietstassen.nl\/wp-content\/uploads\/2024\/01\/clarijs-logo-met-rand.jpg","width":560,"height":266,"caption":"Clarijs Fietstassen"},"image":{"@id":"https:\/\/clarijs-fietstassen.nl\/de\/#\/schema\/logo\/image\/"},"sameAs":["https:\/\/www.facebook.com\/clarijs1948\/","https:\/\/www.instagram.com\/clarijscovers\/"]}]},"product_price_amount":"69.00","product_price_currency":"EUR","og_availability":"instock","product_availability":"instock","product_retailer_item_id":"1087","product_condition":"new"},"_links":{"self":[{"href":"https:\/\/clarijs-fietstassen.nl\/de\/wp-json\/wp\/v2\/product\/46834","targetHints":{"allow":["GET"]}}],"collection":[{"href":"https:\/\/clarijs-fietstassen.nl\/de\/wp-json\/wp\/v2\/product"}],"about":[{"href":"https:\/\/clarijs-fietstassen.nl\/de\/wp-json\/wp\/v2\/types\/product"}],"replies":[{"embeddable":true,"href":"https:\/\/clarijs-fietstassen.nl\/de\/wp-json\/wp\/v2\/comments?post=46834"}],"wp:featuredmedia":[{"embeddable":true,"href":"https:\/\/clarijs-fietstassen.nl\/de\/wp-json\/wp\/v2\/media\/46840"}],"wp:attachment":[{"href":"https:\/\/clarijs-fietstassen.nl\/de\/wp-json\/wp\/v2\/media?parent=46834"}],"wp:term":[{"taxonomy":"product_brand","embeddable":true,"href":"https:\/\/clarijs-fietstassen.nl\/de\/wp-json\/wp\/v2\/product_brand?post=46834"},{"taxonomy":"product_cat","embeddable":true,"href":"https:\/\/clarijs-fietstassen.nl\/de\/wp-json\/wp\/v2\/product_cat?post=46834"},{"taxonomy":"product_tag","embeddable":true,"href":"https:\/\/clarijs-fietstassen.nl\/de\/wp-json\/wp\/v2\/product_tag?post=46834"}],"curies":[{"name":"wp","href":"https:\/\/api.w.org\/{rel}","templated":true}]}}