{"id":46854,"date":"2023-07-04T14:35:43","date_gmt":"2023-07-04T12:35:43","guid":{"rendered":"https:\/\/clarijs-fietstassen.nl\/regent-fuer-die-familie-nihola\/"},"modified":"2025-09-30T10:09:05","modified_gmt":"2025-09-30T08:09:05","slug":"regent-fuer-die-familie-nihola","status":"publish","type":"product","link":"https:\/\/clarijs-fietstassen.nl\/de\/produkt\/regent-fuer-die-familie-nihola\/","title":{"rendered":"Regenzelt f\u00fcr Nihola Family"},"content":{"rendered":"<p>Das Regenzelt f\u00fcr Nihola Family ist das ideale Zubeh\u00f6r, um Ihr Nihola Family Lastenfahrrad vor Regentagen zu sch\u00fctzen. Dieses hochwertige Regenzelt wurde speziell entwickelt, um Sie und Ihre Passagiere selbst bei den heftigsten Regenschauern trocken und komfortabel zu halten. Bei diesem Regenzelt wird kein Gestell mitgeliefert <b>.Vorteile <\/b>des Regenzelt f\u00fcr Nihola Family:  <\/p>\n<ul>\n<li aria-level=\"1\">Das Regenzelt ist wasserdicht<\/li>\n<li aria-level=\"1\">Das Regenzelt hat eine hohe Farbechtheit<\/li>\n<\/ul>\n<p>Die Ma\u00dfe des Regenzelt f\u00fcr Nihola Family sind:<\/p>\n<p>L\u00e4nge: 46 cm<\/p>\n<p>Breite: 26 cm<\/p>\n<p>H\u00f6he: 32 cm<\/p>\n<p><b>100 % wasserdicht<\/b><\/p>\n<p>Beschichtetes Acrylgewebe ist f\u00fcr seine hervorragenden wasserdichten und wasserabweisenden Eigenschaften bekannt. Die auf das Acrylgewebe aufgebrachte Beschichtung verhindert, dass Wassertropfen eindringen und von der Oberfl\u00e4che abperlen. Au\u00dferdem bietet beschichtetes Acrylgewebe nicht nur Schutz vor Regen, sondern auch vor anderen Fl\u00fcssigkeiten wie \u00d6len und Chemikalien. Die Beschichtung sorgt daf\u00fcr, dass diese Fl\u00fcssigkeiten nicht in das Tuch eindringen k\u00f6nnen und verhindert so m\u00f6gliche Sch\u00e4den an den darunter liegenden Materialien. <\/p>\n<p><b>Hochwertiges Material<\/b><\/p>\n<ul>\n<li aria-level=\"1\">Die hochwertigen Materialien des Regenzeltes sorgen daf\u00fcr, dass es dem t\u00e4glichen Gebrauch standh\u00e4lt.<\/li>\n<li aria-level=\"1\">Der beschichtete Acrylstoff ist so konzipiert, dass er verschiedenen Witterungsbedingungen wie Sonnenlicht, UV-Strahlung, Wind und extremen Temperaturen standh\u00e4lt. Die Beschichtung sch\u00fctzt den Stoff vor Verf\u00e4rbung, Ausbleichen und Degeneration aufgrund von Witterungseinfl\u00fcssen. <\/li>\n<li aria-level=\"1\">Das PVC-Gewebe ist stark und h\u00e4lt gro\u00dfen Belastungen stand. Dadurch eignet es sich zum Tragen schwerer Gegenst\u00e4nde oder zum Aufbau stabiler Strukturen. <\/li>\n<\/ul>\n","protected":false},"excerpt":{"rendered":"<p>Das Regenzelt f\u00fcr Nihola Family ist das ideale Zubeh\u00f6r, um Ihr Nihola Family Lastenfahrrad vor Regentagen zu sch\u00fctzen. Dieses hochwertige Regenzelt wurde speziell entwickelt, um Sie und Ihre Passagiere selbst bei den heftigsten Regenschauern trocken und komfortabel zu halten. Bei diesem Regenzelt wird kein Gestell mitgeliefert .Vorteile des Regenzelt f\u00fcr Nihola Family: Das Regenzelt ist [&hellip;]<\/p>\n","protected":false},"featured_media":46858,"comment_status":"closed","ping_status":"closed","template":"","meta":{"_acf_changed":false,"_et_pb_use_builder":"","_et_pb_old_content":"","_et_gb_content_width":""},"product_brand":[],"product_cat":[686,690,749],"product_tag":[],"class_list":{"0":"post-46854","1":"product","2":"type-product","3":"status-publish","4":"has-post-thumbnail","6":"product_cat-bakfiets-de","7":"product_cat-lastenrad-regenverdeck","8":"product_cat-nihola-de","9":"pa_geschikt-voor-e-bike-ja-de","10":"pa_kleur-matt-grau-de","11":"pa_kleur-matt-olive-de","12":"pa_kleur-matt-sand-de","13":"pa_kleur-matt-schwarz-de","14":"pa_kleur-matt-taupe-de","15":"pa_kleur-schwarz","16":"pa_materiaal-bisonyl-pvc-leinwand","17":"pa_merk-clarijs-covers-b-v-de","18":"pa_reflectie-nein","20":"first","21":"instock","22":"taxable","23":"shipping-taxable","24":"purchasable","25":"product-type-variable"},"acf":[],"yoast_head":"<!-- This site is optimized with the Yoast SEO Premium plugin v27.2 (Yoast SEO v27.3) - https:\/\/yoast.com\/product\/yoast-seo-premium-wordpress\/ -->\n<title>Regenzelt f\u00fcr Nihola Family - Clarijs Fietstassen<\/title>\n<meta name=\"description\" content=\"Das Regenzelt f\u00fcr Nihola Family ist das ideale Zubeh\u00f6r, um Ihr Nihola Family Lastenfahrrad vor Regentagen zu sch\u00fctzen. Jetzt kaufen.\" \/>\n<meta name=\"robots\" content=\"index, follow, max-snippet:-1, max-image-preview:large, max-video-preview:-1\" \/>\n<link rel=\"canonical\" href=\"https:\/\/clarijs-fietstassen.nl\/de\/produkt\/regent-fuer-die-familie-nihola\/\" \/>\n<meta property=\"og:locale\" content=\"de_DE\" \/>\n<meta property=\"og:type\" content=\"article\" \/>\n<meta property=\"og:title\" content=\"Regenzelt f\u00fcr Nihola Family\" \/>\n<meta property=\"og:description\" content=\"Das Regenzelt f\u00fcr Nihola Family ist das ideale Zubeh\u00f6r, um Ihr Nihola Family Lastenfahrrad vor Regentagen zu sch\u00fctzen. Jetzt kaufen.\" \/>\n<meta property=\"og:url\" content=\"https:\/\/clarijs-fietstassen.nl\/de\/produkt\/regent-fuer-die-familie-nihola\/\" \/>\n<meta property=\"og:site_name\" content=\"Clarijs Fietstassen\" \/>\n<meta property=\"article:publisher\" content=\"https:\/\/www.facebook.com\/clarijs1948\/\" \/>\n<meta property=\"article:modified_time\" content=\"2025-09-30T08:09:05+00:00\" \/>\n<meta property=\"og:image\" content=\"https:\/\/clarijs-fietstassen.nl\/wp-content\/uploads\/2024\/01\/IMG_2242.png\" \/>\n\t<meta property=\"og:image:width\" content=\"1000\" \/>\n\t<meta property=\"og:image:height\" content=\"1000\" \/>\n\t<meta property=\"og:image:type\" content=\"image\/png\" \/>\n<meta name=\"twitter:card\" content=\"summary_large_image\" \/>\n<meta name=\"twitter:label1\" content=\"Verf\u00fcgbarkeit\" \/>\n\t<meta name=\"twitter:data1\" content=\"Auf Lager\" \/>\n<script type=\"application\/ld+json\" class=\"yoast-schema-graph\">{\"@context\":\"https:\\\/\\\/schema.org\",\"@graph\":[{\"@type\":\"WebPage\",\"@id\":\"https:\\\/\\\/clarijs-fietstassen.nl\\\/de\\\/produkt\\\/regent-fuer-die-familie-nihola\\\/\",\"url\":\"https:\\\/\\\/clarijs-fietstassen.nl\\\/de\\\/produkt\\\/regent-fuer-die-familie-nihola\\\/\",\"name\":\"Regenzelt f\u00fcr Nihola Family - Clarijs Fietstassen\",\"isPartOf\":{\"@id\":\"https:\\\/\\\/clarijs-fietstassen.nl\\\/de\\\/#website\"},\"primaryImageOfPage\":{\"@id\":\"https:\\\/\\\/clarijs-fietstassen.nl\\\/de\\\/produkt\\\/regent-fuer-die-familie-nihola\\\/#primaryimage\"},\"image\":{\"@id\":\"https:\\\/\\\/clarijs-fietstassen.nl\\\/de\\\/produkt\\\/regent-fuer-die-familie-nihola\\\/#primaryimage\"},\"thumbnailUrl\":\"https:\\\/\\\/clarijs-fietstassen.nl\\\/wp-content\\\/uploads\\\/2024\\\/01\\\/IMG_2242.png\",\"datePublished\":\"2023-07-04T12:35:43+00:00\",\"dateModified\":\"2025-09-30T08:09:05+00:00\",\"description\":\"Das Regenzelt f\u00fcr Nihola Family ist das ideale Zubeh\u00f6r, um Ihr Nihola Family Lastenfahrrad vor Regentagen zu sch\u00fctzen. Jetzt kaufen.\",\"breadcrumb\":{\"@id\":\"https:\\\/\\\/clarijs-fietstassen.nl\\\/de\\\/produkt\\\/regent-fuer-die-familie-nihola\\\/#breadcrumb\"},\"inLanguage\":\"de\",\"potentialAction\":[{\"@type\":\"ReadAction\",\"target\":[\"https:\\\/\\\/clarijs-fietstassen.nl\\\/de\\\/produkt\\\/regent-fuer-die-familie-nihola\\\/\"]}]},{\"@type\":\"ImageObject\",\"inLanguage\":\"de\",\"@id\":\"https:\\\/\\\/clarijs-fietstassen.nl\\\/de\\\/produkt\\\/regent-fuer-die-familie-nihola\\\/#primaryimage\",\"url\":\"https:\\\/\\\/clarijs-fietstassen.nl\\\/wp-content\\\/uploads\\\/2024\\\/01\\\/IMG_2242.png\",\"contentUrl\":\"https:\\\/\\\/clarijs-fietstassen.nl\\\/wp-content\\\/uploads\\\/2024\\\/01\\\/IMG_2242.png\",\"width\":1000,\"height\":1000,\"caption\":\"Regenzelt f\u00fcr Nihola Family - Matt Olive\"},{\"@type\":\"BreadcrumbList\",\"@id\":\"https:\\\/\\\/clarijs-fietstassen.nl\\\/de\\\/produkt\\\/regent-fuer-die-familie-nihola\\\/#breadcrumb\",\"itemListElement\":[{\"@type\":\"ListItem\",\"position\":1,\"name\":\"Home\",\"item\":\"https:\\\/\\\/clarijs-fietstassen.nl\\\/de\\\/\"},{\"@type\":\"ListItem\",\"position\":2,\"name\":\"Shop\",\"item\":\"https:\\\/\\\/clarijs-fietstassen.nl\\\/de\\\/shop\\\/\"},{\"@type\":\"ListItem\",\"position\":3,\"name\":\"Nihola\",\"item\":\"https:\\\/\\\/clarijs-fietstassen.nl\\\/de\\\/nihola-de\\\/\"},{\"@type\":\"ListItem\",\"position\":4,\"name\":\"Regenzelt f\u00fcr Nihola Family\"}]},{\"@type\":\"WebSite\",\"@id\":\"https:\\\/\\\/clarijs-fietstassen.nl\\\/de\\\/#website\",\"url\":\"https:\\\/\\\/clarijs-fietstassen.nl\\\/de\\\/\",\"name\":\"Clarijs Fietstassen\",\"description\":\"Kwaliteit &amp; ambacht sinds 1948\",\"publisher\":{\"@id\":\"https:\\\/\\\/clarijs-fietstassen.nl\\\/de\\\/#organization\"},\"potentialAction\":[{\"@type\":\"SearchAction\",\"target\":{\"@type\":\"EntryPoint\",\"urlTemplate\":\"https:\\\/\\\/clarijs-fietstassen.nl\\\/de\\\/?s={search_term_string}\"},\"query-input\":{\"@type\":\"PropertyValueSpecification\",\"valueRequired\":true,\"valueName\":\"search_term_string\"}}],\"inLanguage\":\"de\"},{\"@type\":\"Organization\",\"@id\":\"https:\\\/\\\/clarijs-fietstassen.nl\\\/de\\\/#organization\",\"name\":\"Clarijs Fietstassen\",\"url\":\"https:\\\/\\\/clarijs-fietstassen.nl\\\/de\\\/\",\"logo\":{\"@type\":\"ImageObject\",\"inLanguage\":\"de\",\"@id\":\"https:\\\/\\\/clarijs-fietstassen.nl\\\/de\\\/#\\\/schema\\\/logo\\\/image\\\/\",\"url\":\"https:\\\/\\\/clarijs-fietstassen.nl\\\/wp-content\\\/uploads\\\/2024\\\/01\\\/clarijs-logo-met-rand.jpg\",\"contentUrl\":\"https:\\\/\\\/clarijs-fietstassen.nl\\\/wp-content\\\/uploads\\\/2024\\\/01\\\/clarijs-logo-met-rand.jpg\",\"width\":560,\"height\":266,\"caption\":\"Clarijs Fietstassen\"},\"image\":{\"@id\":\"https:\\\/\\\/clarijs-fietstassen.nl\\\/de\\\/#\\\/schema\\\/logo\\\/image\\\/\"},\"sameAs\":[\"https:\\\/\\\/www.facebook.com\\\/clarijs1948\\\/\",\"https:\\\/\\\/www.instagram.com\\\/clarijscovers\\\/\"]}]}<\/script>\n<meta property=\"og:availability\" content=\"instock\" \/>\n<meta property=\"product:availability\" content=\"instock\" \/>\n<meta property=\"product:retailer_item_id\" content=\"5025\" \/>\n<meta property=\"product:condition\" content=\"new\" \/>\n<!-- \/ Yoast SEO Premium plugin. -->","yoast_head_json":{"title":"Regenzelt f\u00fcr Nihola Family - Clarijs Fietstassen","description":"Das Regenzelt f\u00fcr Nihola Family ist das ideale Zubeh\u00f6r, um Ihr Nihola Family Lastenfahrrad vor Regentagen zu sch\u00fctzen. Jetzt kaufen.","robots":{"index":"index","follow":"follow","max-snippet":"max-snippet:-1","max-image-preview":"max-image-preview:large","max-video-preview":"max-video-preview:-1"},"canonical":"https:\/\/clarijs-fietstassen.nl\/de\/produkt\/regent-fuer-die-familie-nihola\/","og_locale":"de_DE","og_type":"article","og_title":"Regenzelt f\u00fcr Nihola Family","og_description":"Das Regenzelt f\u00fcr Nihola Family ist das ideale Zubeh\u00f6r, um Ihr Nihola Family Lastenfahrrad vor Regentagen zu sch\u00fctzen. Jetzt kaufen.","og_url":"https:\/\/clarijs-fietstassen.nl\/de\/produkt\/regent-fuer-die-familie-nihola\/","og_site_name":"Clarijs Fietstassen","article_publisher":"https:\/\/www.facebook.com\/clarijs1948\/","article_modified_time":"2025-09-30T08:09:05+00:00","og_image":[{"width":1000,"height":1000,"url":"https:\/\/clarijs-fietstassen.nl\/wp-content\/uploads\/2024\/01\/IMG_2242.png","type":"image\/png"}],"twitter_card":"summary_large_image","twitter_misc":{"Verf\u00fcgbarkeit":"Auf Lager"},"schema":{"@context":"https:\/\/schema.org","@graph":[{"@type":"WebPage","@id":"https:\/\/clarijs-fietstassen.nl\/de\/produkt\/regent-fuer-die-familie-nihola\/","url":"https:\/\/clarijs-fietstassen.nl\/de\/produkt\/regent-fuer-die-familie-nihola\/","name":"Regenzelt f\u00fcr Nihola Family - Clarijs Fietstassen","isPartOf":{"@id":"https:\/\/clarijs-fietstassen.nl\/de\/#website"},"primaryImageOfPage":{"@id":"https:\/\/clarijs-fietstassen.nl\/de\/produkt\/regent-fuer-die-familie-nihola\/#primaryimage"},"image":{"@id":"https:\/\/clarijs-fietstassen.nl\/de\/produkt\/regent-fuer-die-familie-nihola\/#primaryimage"},"thumbnailUrl":"https:\/\/clarijs-fietstassen.nl\/wp-content\/uploads\/2024\/01\/IMG_2242.png","datePublished":"2023-07-04T12:35:43+00:00","dateModified":"2025-09-30T08:09:05+00:00","description":"Das Regenzelt f\u00fcr Nihola Family ist das ideale Zubeh\u00f6r, um Ihr Nihola Family Lastenfahrrad vor Regentagen zu sch\u00fctzen. Jetzt kaufen.","breadcrumb":{"@id":"https:\/\/clarijs-fietstassen.nl\/de\/produkt\/regent-fuer-die-familie-nihola\/#breadcrumb"},"inLanguage":"de","potentialAction":[{"@type":"ReadAction","target":["https:\/\/clarijs-fietstassen.nl\/de\/produkt\/regent-fuer-die-familie-nihola\/"]}]},{"@type":"ImageObject","inLanguage":"de","@id":"https:\/\/clarijs-fietstassen.nl\/de\/produkt\/regent-fuer-die-familie-nihola\/#primaryimage","url":"https:\/\/clarijs-fietstassen.nl\/wp-content\/uploads\/2024\/01\/IMG_2242.png","contentUrl":"https:\/\/clarijs-fietstassen.nl\/wp-content\/uploads\/2024\/01\/IMG_2242.png","width":1000,"height":1000,"caption":"Regenzelt f\u00fcr Nihola Family - Matt Olive"},{"@type":"BreadcrumbList","@id":"https:\/\/clarijs-fietstassen.nl\/de\/produkt\/regent-fuer-die-familie-nihola\/#breadcrumb","itemListElement":[{"@type":"ListItem","position":1,"name":"Home","item":"https:\/\/clarijs-fietstassen.nl\/de\/"},{"@type":"ListItem","position":2,"name":"Shop","item":"https:\/\/clarijs-fietstassen.nl\/de\/shop\/"},{"@type":"ListItem","position":3,"name":"Nihola","item":"https:\/\/clarijs-fietstassen.nl\/de\/nihola-de\/"},{"@type":"ListItem","position":4,"name":"Regenzelt f\u00fcr Nihola Family"}]},{"@type":"WebSite","@id":"https:\/\/clarijs-fietstassen.nl\/de\/#website","url":"https:\/\/clarijs-fietstassen.nl\/de\/","name":"Clarijs Fietstassen","description":"Kwaliteit &amp; ambacht sinds 1948","publisher":{"@id":"https:\/\/clarijs-fietstassen.nl\/de\/#organization"},"potentialAction":[{"@type":"SearchAction","target":{"@type":"EntryPoint","urlTemplate":"https:\/\/clarijs-fietstassen.nl\/de\/?s={search_term_string}"},"query-input":{"@type":"PropertyValueSpecification","valueRequired":true,"valueName":"search_term_string"}}],"inLanguage":"de"},{"@type":"Organization","@id":"https:\/\/clarijs-fietstassen.nl\/de\/#organization","name":"Clarijs Fietstassen","url":"https:\/\/clarijs-fietstassen.nl\/de\/","logo":{"@type":"ImageObject","inLanguage":"de","@id":"https:\/\/clarijs-fietstassen.nl\/de\/#\/schema\/logo\/image\/","url":"https:\/\/clarijs-fietstassen.nl\/wp-content\/uploads\/2024\/01\/clarijs-logo-met-rand.jpg","contentUrl":"https:\/\/clarijs-fietstassen.nl\/wp-content\/uploads\/2024\/01\/clarijs-logo-met-rand.jpg","width":560,"height":266,"caption":"Clarijs Fietstassen"},"image":{"@id":"https:\/\/clarijs-fietstassen.nl\/de\/#\/schema\/logo\/image\/"},"sameAs":["https:\/\/www.facebook.com\/clarijs1948\/","https:\/\/www.instagram.com\/clarijscovers\/"]}]},"og_availability":"instock","product_availability":"instock","product_retailer_item_id":"5025","product_condition":"new"},"_links":{"self":[{"href":"https:\/\/clarijs-fietstassen.nl\/de\/wp-json\/wp\/v2\/product\/46854","targetHints":{"allow":["GET"]}}],"collection":[{"href":"https:\/\/clarijs-fietstassen.nl\/de\/wp-json\/wp\/v2\/product"}],"about":[{"href":"https:\/\/clarijs-fietstassen.nl\/de\/wp-json\/wp\/v2\/types\/product"}],"replies":[{"embeddable":true,"href":"https:\/\/clarijs-fietstassen.nl\/de\/wp-json\/wp\/v2\/comments?post=46854"}],"wp:featuredmedia":[{"embeddable":true,"href":"https:\/\/clarijs-fietstassen.nl\/de\/wp-json\/wp\/v2\/media\/46858"}],"wp:attachment":[{"href":"https:\/\/clarijs-fietstassen.nl\/de\/wp-json\/wp\/v2\/media?parent=46854"}],"wp:term":[{"taxonomy":"product_brand","embeddable":true,"href":"https:\/\/clarijs-fietstassen.nl\/de\/wp-json\/wp\/v2\/product_brand?post=46854"},{"taxonomy":"product_cat","embeddable":true,"href":"https:\/\/clarijs-fietstassen.nl\/de\/wp-json\/wp\/v2\/product_cat?post=46854"},{"taxonomy":"product_tag","embeddable":true,"href":"https:\/\/clarijs-fietstassen.nl\/de\/wp-json\/wp\/v2\/product_tag?post=46854"}],"curies":[{"name":"wp","href":"https:\/\/api.w.org\/{rel}","templated":true}]}}