{"id":46895,"date":"2023-07-04T14:47:20","date_gmt":"2023-07-04T12:47:20","guid":{"rendered":"https:\/\/clarijs-fietstassen.nl\/smallbag-spitze-kreise\/"},"modified":"2025-02-17T13:17:31","modified_gmt":"2025-02-17T12:17:31","slug":"smallbag-spitze-kreise","status":"publish","type":"product","link":"https:\/\/clarijs-fietstassen.nl\/de\/produkt\/smallbag-spitze-kreise\/","title":{"rendered":"Smallbag Spitze Kreise"},"content":{"rendered":"<p><span style=\"font-weight: 400;\">Die Small Bag Lace Circles ist aus strapazierf\u00e4higem und wasserabweisendem Polyestermaterial gefertigt, das Ihre Sachen vor leichtem Regen und Feuchtigkeit sch\u00fctzt. Die kompakte Gr\u00f6\u00dfe der Tasche bietet gen\u00fcgend Stauraum f\u00fcr Ihr Telefon, Ihre Brieftasche, Schl\u00fcssel, Snacks und andere kleine pers\u00f6nliche Dinge. <\/span><\/p>\n<p><b>Vorteile:  <\/b><\/p>\n<ul>\n<li style=\"font-weight: 400;\" aria-level=\"1\"><span style=\"font-weight: 400;\">Die Tasche ist in verschiedenen Farben erh\u00e4ltlich.<\/span><\/li>\n<li style=\"font-weight: 400;\" aria-level=\"1\"><span style=\"font-weight: 400;\">Die kleine Tasche ist wasserabweisend.  <\/span><\/li>\n<li style=\"font-weight: 400;\" aria-level=\"1\"><span style=\"font-weight: 400;\">Diese kleine Tasche ist aus den besten Materialien gefertigt.  <\/span><\/li>\n<li style=\"font-weight: 400;\" aria-level=\"1\"><span style=\"font-weight: 400;\">Der extrabreite Verschluss macht es einfach, die Tasche mit Ihren Sachen zu f\u00fcllen und sie leicht zu schlie\u00dfen.<\/span><\/li>\n<\/ul>\n<p><i><span style=\"font-weight: 400;\">Die Gr\u00f6\u00dfe dieser Tasche ist:  <\/span><\/i><\/p>\n<p><i><span style=\"font-weight: 400;\">Breite 25 cm<\/span><\/i><i><span style=\"font-weight: 400;\"><br \/>\n<\/span><\/i><i><span style=\"font-weight: 400;\">H\u00f6he 28 cm  <\/span><\/i><i><span style=\"font-weight: 400;\"><br \/>\n<\/span><\/i><i><span style=\"font-weight: 400;\">Tiefe 9 cm<\/span><\/i><\/p>\n<p><b>100% wasserdicht<\/b><b><br \/>\n<\/b><span style=\"font-weight: 400;\">Bisonyl PVC-Gewebe ist f\u00fcr seine hervorragende Wasserdichtigkeit bekannt und ein beliebtes Material f\u00fcr die Herstellung wasserfester Produkte. Das Material besteht aus einem hochwertigen, mit Polyvinylchlorid (PVC) beschichteten Polyestergewebe, das langlebig und wetterbest\u00e4ndig ist. <\/span><\/p>\n<p><span style=\"font-weight: 400;\">Die Wasserdichtigkeit von Bisonyl PVC-Gewebe wird durch die spezielle PVC-Beschichtung des Polyestergewebes erreicht. Diese Beschichtung bildet eine wasserdichte Barriere, die das Eindringen von Wasser in den Stoff verhindert. <\/span><\/p>\n<p><b>Hochwertiges Material<\/b><\/p>\n<ul>\n<li style=\"font-weight: 400;\" aria-level=\"1\"><span style=\"font-weight: 400;\">Die hochwertigen Materialien der kleinen Tasche sorgen daf\u00fcr, dass sie dem t\u00e4glichen Gebrauch standh\u00e4lt.  <\/span><\/li>\n<li style=\"font-weight: 400;\" aria-level=\"1\"><span style=\"font-weight: 400;\">Das PVC-Gewebe ist wasserdicht und bietet hervorragenden Schutz vor Regen und Feuchtigkeit. So bleiben Ihre Habseligkeiten auch bei schlechtem Wetter trocken. <\/span><\/li>\n<li style=\"font-weight: 400;\" aria-level=\"1\"><span style=\"font-weight: 400;\">Das PVC-Gewebe ist stark und h\u00e4lt gro\u00dfen Belastungen stand. Dadurch eignet es sich zum Tragen schwerer Gegenst\u00e4nde oder zum Aufbau stabiler Strukturen. <\/span><\/li>\n<li style=\"font-weight: 400;\" aria-level=\"1\"><span style=\"font-weight: 400;\">Das PVC-Gewebe ist stark und h\u00e4lt gro\u00dfen Belastungen stand. Dadurch eignet es sich zum Tragen schwerer Gegenst\u00e4nde oder zum Aufbau stabiler Strukturen. <\/span><\/li>\n<\/ul>\n","protected":false},"excerpt":{"rendered":"<p>Die Small Bag Lace Circles ist aus strapazierf\u00e4higem und wasserabweisendem Polyestermaterial gefertigt, das Ihre Sachen vor leichtem Regen und Feuchtigkeit sch\u00fctzt. Die kompakte Gr\u00f6\u00dfe der Tasche bietet gen\u00fcgend Stauraum f\u00fcr Ihr Telefon, Ihre Brieftasche, Schl\u00fcssel, Snacks und andere kleine pers\u00f6nliche Dinge. Vorteile: Die Tasche ist in verschiedenen Farben erh\u00e4ltlich. Die kleine Tasche ist wasserabweisend. Diese [&hellip;]<\/p>\n","protected":false},"featured_media":46897,"comment_status":"closed","ping_status":"closed","template":"","meta":{"_acf_changed":false,"_et_pb_use_builder":"","_et_pb_old_content":"","_et_gb_content_width":""},"product_brand":[],"product_cat":[695,769,755],"product_tag":[],"class_list":{"0":"post-46895","1":"product","2":"type-product","3":"status-publish","4":"has-post-thumbnail","6":"product_cat-bisonyl-packtaschen","7":"product_cat-taschen","8":"product_cat-umhangetaschen","9":"pa_afmetingen-standard-de","10":"pa_kleur-schwarz","11":"pa_kleur-silber-metallic","12":"pa_kleur-weis","13":"pa_materiaal-bisonyl-pvc-leinwand","14":"pa_merk-clarijs-covers-b-v-de","16":"first","17":"instock","18":"taxable","19":"shipping-taxable","20":"purchasable","21":"product-type-simple"},"acf":[],"yoast_head":"<!-- This site is optimized with the Yoast SEO Premium plugin v27.2 (Yoast SEO v27.3) - https:\/\/yoast.com\/product\/yoast-seo-premium-wordpress\/ -->\n<title>Smallbag Spitze Kreise - Clarijs Fietstassen<\/title>\n<meta name=\"description\" content=\"Die Small Bag Lace Circles ist aus strapazierf\u00e4higem und wasserabweisendem Polyestermaterial gefertigt. Diese Tasche sorgt daf\u00fcr, dass Ihre Ausr\u00fcstung bei Regen trocken bleibt. Jetzt kaufen\" \/>\n<meta name=\"robots\" content=\"index, follow, max-snippet:-1, max-image-preview:large, max-video-preview:-1\" \/>\n<link rel=\"canonical\" href=\"http:\/\/clarijs-fietstassen.nl\/produkt\/smallbag-kanten-cirkels\/\" \/>\n<meta property=\"og:locale\" content=\"de_DE\" \/>\n<meta property=\"og:type\" content=\"article\" \/>\n<meta property=\"og:title\" content=\"Smallbag Spitze Kreise\" \/>\n<meta property=\"og:description\" content=\"Die Small Bag Lace Circles ist aus strapazierf\u00e4higem und wasserabweisendem Polyestermaterial gefertigt. Diese Tasche sorgt daf\u00fcr, dass Ihre Ausr\u00fcstung bei Regen trocken bleibt. Jetzt kaufen\" \/>\n<meta property=\"og:url\" content=\"http:\/\/clarijs-fietstassen.nl\/produkt\/smallbag-kanten-cirkels\/\" \/>\n<meta property=\"og:site_name\" content=\"Clarijs Fietstassen\" \/>\n<meta property=\"article:publisher\" content=\"https:\/\/www.facebook.com\/clarijs1948\/\" \/>\n<meta property=\"article:modified_time\" content=\"2025-02-17T12:17:31+00:00\" \/>\n<meta property=\"og:image\" content=\"https:\/\/clarijs-fietstassen.nl\/wp-content\/uploads\/2023\/07\/0001833_smallbag-kanten-circles-4.jpeg\" \/>\n\t<meta property=\"og:image:width\" content=\"950\" \/>\n\t<meta property=\"og:image:height\" content=\"885\" \/>\n\t<meta property=\"og:image:type\" content=\"image\/jpeg\" \/>\n<meta name=\"twitter:card\" content=\"summary_large_image\" \/>\n<meta name=\"twitter:label1\" content=\"Preis\" \/>\n\t<meta name=\"twitter:data1\" content=\"&euro;47.95\" \/>\n\t<meta name=\"twitter:label2\" content=\"Verf\u00fcgbarkeit\" \/>\n\t<meta name=\"twitter:data2\" content=\"Auf Lager\" \/>\n<script type=\"application\/ld+json\" class=\"yoast-schema-graph\">{\"@context\":\"https:\\\/\\\/schema.org\",\"@graph\":[{\"@type\":\"WebPage\",\"@id\":\"http:\\\/\\\/clarijs-fietstassen.nl\\\/produkt\\\/smallbag-kanten-cirkels\\\/\",\"url\":\"http:\\\/\\\/clarijs-fietstassen.nl\\\/produkt\\\/smallbag-kanten-cirkels\\\/\",\"name\":\"Smallbag Spitze Kreise - Clarijs Fietstassen\",\"isPartOf\":{\"@id\":\"https:\\\/\\\/clarijs-fietstassen.nl\\\/de\\\/#website\"},\"primaryImageOfPage\":{\"@id\":\"http:\\\/\\\/clarijs-fietstassen.nl\\\/produkt\\\/smallbag-kanten-cirkels\\\/#primaryimage\"},\"image\":{\"@id\":\"http:\\\/\\\/clarijs-fietstassen.nl\\\/produkt\\\/smallbag-kanten-cirkels\\\/#primaryimage\"},\"thumbnailUrl\":\"https:\\\/\\\/clarijs-fietstassen.nl\\\/wp-content\\\/uploads\\\/2023\\\/07\\\/0001833_smallbag-kanten-circles-4.jpeg\",\"datePublished\":\"2023-07-04T12:47:20+00:00\",\"dateModified\":\"2025-02-17T12:17:31+00:00\",\"description\":\"Die Small Bag Lace Circles ist aus strapazierf\u00e4higem und wasserabweisendem Polyestermaterial gefertigt. Diese Tasche sorgt daf\u00fcr, dass Ihre Ausr\u00fcstung bei Regen trocken bleibt. Jetzt kaufen\",\"breadcrumb\":{\"@id\":\"http:\\\/\\\/clarijs-fietstassen.nl\\\/produkt\\\/smallbag-kanten-cirkels\\\/#breadcrumb\"},\"inLanguage\":\"de\",\"potentialAction\":[{\"@type\":\"ReadAction\",\"target\":[\"http:\\\/\\\/clarijs-fietstassen.nl\\\/produkt\\\/smallbag-kanten-cirkels\\\/\"]}]},{\"@type\":\"ImageObject\",\"inLanguage\":\"de\",\"@id\":\"http:\\\/\\\/clarijs-fietstassen.nl\\\/produkt\\\/smallbag-kanten-cirkels\\\/#primaryimage\",\"url\":\"https:\\\/\\\/clarijs-fietstassen.nl\\\/wp-content\\\/uploads\\\/2023\\\/07\\\/0001833_smallbag-kanten-circles-4.jpeg\",\"contentUrl\":\"https:\\\/\\\/clarijs-fietstassen.nl\\\/wp-content\\\/uploads\\\/2023\\\/07\\\/0001833_smallbag-kanten-circles-4.jpeg\",\"width\":950,\"height\":885},{\"@type\":\"BreadcrumbList\",\"@id\":\"http:\\\/\\\/clarijs-fietstassen.nl\\\/produkt\\\/smallbag-kanten-cirkels\\\/#breadcrumb\",\"itemListElement\":[{\"@type\":\"ListItem\",\"position\":1,\"name\":\"Home\",\"item\":\"https:\\\/\\\/clarijs-fietstassen.nl\\\/de\\\/\"},{\"@type\":\"ListItem\",\"position\":2,\"name\":\"Shop\",\"item\":\"https:\\\/\\\/clarijs-fietstassen.nl\\\/de\\\/shop\\\/\"},{\"@type\":\"ListItem\",\"position\":3,\"name\":\"Bisonyl Fietstassen\",\"item\":\"https:\\\/\\\/clarijs-fietstassen.nl\\\/bisonyl-fietstassen\\\/\"},{\"@type\":\"ListItem\",\"position\":4,\"name\":\"Smallbag Spitze Kreise\"}]},{\"@type\":\"WebSite\",\"@id\":\"https:\\\/\\\/clarijs-fietstassen.nl\\\/de\\\/#website\",\"url\":\"https:\\\/\\\/clarijs-fietstassen.nl\\\/de\\\/\",\"name\":\"Clarijs Fietstassen\",\"description\":\"Kwaliteit &amp; ambacht sinds 1948\",\"publisher\":{\"@id\":\"https:\\\/\\\/clarijs-fietstassen.nl\\\/de\\\/#organization\"},\"potentialAction\":[{\"@type\":\"SearchAction\",\"target\":{\"@type\":\"EntryPoint\",\"urlTemplate\":\"https:\\\/\\\/clarijs-fietstassen.nl\\\/de\\\/?s={search_term_string}\"},\"query-input\":{\"@type\":\"PropertyValueSpecification\",\"valueRequired\":true,\"valueName\":\"search_term_string\"}}],\"inLanguage\":\"de\"},{\"@type\":\"Organization\",\"@id\":\"https:\\\/\\\/clarijs-fietstassen.nl\\\/de\\\/#organization\",\"name\":\"Clarijs Fietstassen\",\"url\":\"https:\\\/\\\/clarijs-fietstassen.nl\\\/de\\\/\",\"logo\":{\"@type\":\"ImageObject\",\"inLanguage\":\"de\",\"@id\":\"https:\\\/\\\/clarijs-fietstassen.nl\\\/de\\\/#\\\/schema\\\/logo\\\/image\\\/\",\"url\":\"https:\\\/\\\/clarijs-fietstassen.nl\\\/wp-content\\\/uploads\\\/2024\\\/01\\\/clarijs-logo-met-rand.jpg\",\"contentUrl\":\"https:\\\/\\\/clarijs-fietstassen.nl\\\/wp-content\\\/uploads\\\/2024\\\/01\\\/clarijs-logo-met-rand.jpg\",\"width\":560,\"height\":266,\"caption\":\"Clarijs Fietstassen\"},\"image\":{\"@id\":\"https:\\\/\\\/clarijs-fietstassen.nl\\\/de\\\/#\\\/schema\\\/logo\\\/image\\\/\"},\"sameAs\":[\"https:\\\/\\\/www.facebook.com\\\/clarijs1948\\\/\",\"https:\\\/\\\/www.instagram.com\\\/clarijscovers\\\/\"]}]}<\/script>\n<meta property=\"product:price:amount\" content=\"47.95\" \/>\n<meta property=\"product:price:currency\" content=\"EUR\" \/>\n<meta property=\"og:availability\" content=\"instock\" \/>\n<meta property=\"product:availability\" content=\"instock\" \/>\n<meta property=\"product:retailer_item_id\" content=\"2061\" \/>\n<meta property=\"product:condition\" content=\"new\" \/>\n<!-- \/ Yoast SEO Premium plugin. -->","yoast_head_json":{"title":"Smallbag Spitze Kreise - Clarijs Fietstassen","description":"Die Small Bag Lace Circles ist aus strapazierf\u00e4higem und wasserabweisendem Polyestermaterial gefertigt. Diese Tasche sorgt daf\u00fcr, dass Ihre Ausr\u00fcstung bei Regen trocken bleibt. Jetzt kaufen","robots":{"index":"index","follow":"follow","max-snippet":"max-snippet:-1","max-image-preview":"max-image-preview:large","max-video-preview":"max-video-preview:-1"},"canonical":"http:\/\/clarijs-fietstassen.nl\/produkt\/smallbag-kanten-cirkels\/","og_locale":"de_DE","og_type":"article","og_title":"Smallbag Spitze Kreise","og_description":"Die Small Bag Lace Circles ist aus strapazierf\u00e4higem und wasserabweisendem Polyestermaterial gefertigt. Diese Tasche sorgt daf\u00fcr, dass Ihre Ausr\u00fcstung bei Regen trocken bleibt. Jetzt kaufen","og_url":"http:\/\/clarijs-fietstassen.nl\/produkt\/smallbag-kanten-cirkels\/","og_site_name":"Clarijs Fietstassen","article_publisher":"https:\/\/www.facebook.com\/clarijs1948\/","article_modified_time":"2025-02-17T12:17:31+00:00","og_image":[{"width":950,"height":885,"url":"https:\/\/clarijs-fietstassen.nl\/wp-content\/uploads\/2023\/07\/0001833_smallbag-kanten-circles-4.jpeg","type":"image\/jpeg"}],"twitter_card":"summary_large_image","twitter_misc":{"Preis":"&euro;47.95","Verf\u00fcgbarkeit":"Auf Lager"},"schema":{"@context":"https:\/\/schema.org","@graph":[{"@type":"WebPage","@id":"http:\/\/clarijs-fietstassen.nl\/produkt\/smallbag-kanten-cirkels\/","url":"http:\/\/clarijs-fietstassen.nl\/produkt\/smallbag-kanten-cirkels\/","name":"Smallbag Spitze Kreise - Clarijs Fietstassen","isPartOf":{"@id":"https:\/\/clarijs-fietstassen.nl\/de\/#website"},"primaryImageOfPage":{"@id":"http:\/\/clarijs-fietstassen.nl\/produkt\/smallbag-kanten-cirkels\/#primaryimage"},"image":{"@id":"http:\/\/clarijs-fietstassen.nl\/produkt\/smallbag-kanten-cirkels\/#primaryimage"},"thumbnailUrl":"https:\/\/clarijs-fietstassen.nl\/wp-content\/uploads\/2023\/07\/0001833_smallbag-kanten-circles-4.jpeg","datePublished":"2023-07-04T12:47:20+00:00","dateModified":"2025-02-17T12:17:31+00:00","description":"Die Small Bag Lace Circles ist aus strapazierf\u00e4higem und wasserabweisendem Polyestermaterial gefertigt. Diese Tasche sorgt daf\u00fcr, dass Ihre Ausr\u00fcstung bei Regen trocken bleibt. Jetzt kaufen","breadcrumb":{"@id":"http:\/\/clarijs-fietstassen.nl\/produkt\/smallbag-kanten-cirkels\/#breadcrumb"},"inLanguage":"de","potentialAction":[{"@type":"ReadAction","target":["http:\/\/clarijs-fietstassen.nl\/produkt\/smallbag-kanten-cirkels\/"]}]},{"@type":"ImageObject","inLanguage":"de","@id":"http:\/\/clarijs-fietstassen.nl\/produkt\/smallbag-kanten-cirkels\/#primaryimage","url":"https:\/\/clarijs-fietstassen.nl\/wp-content\/uploads\/2023\/07\/0001833_smallbag-kanten-circles-4.jpeg","contentUrl":"https:\/\/clarijs-fietstassen.nl\/wp-content\/uploads\/2023\/07\/0001833_smallbag-kanten-circles-4.jpeg","width":950,"height":885},{"@type":"BreadcrumbList","@id":"http:\/\/clarijs-fietstassen.nl\/produkt\/smallbag-kanten-cirkels\/#breadcrumb","itemListElement":[{"@type":"ListItem","position":1,"name":"Home","item":"https:\/\/clarijs-fietstassen.nl\/de\/"},{"@type":"ListItem","position":2,"name":"Shop","item":"https:\/\/clarijs-fietstassen.nl\/de\/shop\/"},{"@type":"ListItem","position":3,"name":"Bisonyl Fietstassen","item":"https:\/\/clarijs-fietstassen.nl\/bisonyl-fietstassen\/"},{"@type":"ListItem","position":4,"name":"Smallbag Spitze Kreise"}]},{"@type":"WebSite","@id":"https:\/\/clarijs-fietstassen.nl\/de\/#website","url":"https:\/\/clarijs-fietstassen.nl\/de\/","name":"Clarijs Fietstassen","description":"Kwaliteit &amp; ambacht sinds 1948","publisher":{"@id":"https:\/\/clarijs-fietstassen.nl\/de\/#organization"},"potentialAction":[{"@type":"SearchAction","target":{"@type":"EntryPoint","urlTemplate":"https:\/\/clarijs-fietstassen.nl\/de\/?s={search_term_string}"},"query-input":{"@type":"PropertyValueSpecification","valueRequired":true,"valueName":"search_term_string"}}],"inLanguage":"de"},{"@type":"Organization","@id":"https:\/\/clarijs-fietstassen.nl\/de\/#organization","name":"Clarijs Fietstassen","url":"https:\/\/clarijs-fietstassen.nl\/de\/","logo":{"@type":"ImageObject","inLanguage":"de","@id":"https:\/\/clarijs-fietstassen.nl\/de\/#\/schema\/logo\/image\/","url":"https:\/\/clarijs-fietstassen.nl\/wp-content\/uploads\/2024\/01\/clarijs-logo-met-rand.jpg","contentUrl":"https:\/\/clarijs-fietstassen.nl\/wp-content\/uploads\/2024\/01\/clarijs-logo-met-rand.jpg","width":560,"height":266,"caption":"Clarijs Fietstassen"},"image":{"@id":"https:\/\/clarijs-fietstassen.nl\/de\/#\/schema\/logo\/image\/"},"sameAs":["https:\/\/www.facebook.com\/clarijs1948\/","https:\/\/www.instagram.com\/clarijscovers\/"]}]},"product_price_amount":"47.95","product_price_currency":"EUR","og_availability":"instock","product_availability":"instock","product_retailer_item_id":"2061","product_condition":"new"},"_links":{"self":[{"href":"https:\/\/clarijs-fietstassen.nl\/de\/wp-json\/wp\/v2\/product\/46895","targetHints":{"allow":["GET"]}}],"collection":[{"href":"https:\/\/clarijs-fietstassen.nl\/de\/wp-json\/wp\/v2\/product"}],"about":[{"href":"https:\/\/clarijs-fietstassen.nl\/de\/wp-json\/wp\/v2\/types\/product"}],"replies":[{"embeddable":true,"href":"https:\/\/clarijs-fietstassen.nl\/de\/wp-json\/wp\/v2\/comments?post=46895"}],"wp:featuredmedia":[{"embeddable":true,"href":"https:\/\/clarijs-fietstassen.nl\/de\/wp-json\/wp\/v2\/media\/46897"}],"wp:attachment":[{"href":"https:\/\/clarijs-fietstassen.nl\/de\/wp-json\/wp\/v2\/media?parent=46895"}],"wp:term":[{"taxonomy":"product_brand","embeddable":true,"href":"https:\/\/clarijs-fietstassen.nl\/de\/wp-json\/wp\/v2\/product_brand?post=46895"},{"taxonomy":"product_cat","embeddable":true,"href":"https:\/\/clarijs-fietstassen.nl\/de\/wp-json\/wp\/v2\/product_cat?post=46895"},{"taxonomy":"product_tag","embeddable":true,"href":"https:\/\/clarijs-fietstassen.nl\/de\/wp-json\/wp\/v2\/product_tag?post=46895"}],"curies":[{"name":"wp","href":"https:\/\/api.w.org\/{rel}","templated":true}]}}