{"id":46899,"date":"2023-07-04T14:48:14","date_gmt":"2023-07-04T12:48:14","guid":{"rendered":"https:\/\/clarijs-fietstassen.nl\/vogue-carry-3-kissen-vorne\/"},"modified":"2025-02-17T13:17:31","modified_gmt":"2025-02-17T12:17:31","slug":"vogue-carry-3-kissen-vorne","status":"publish","type":"product","link":"https:\/\/clarijs-fietstassen.nl\/de\/produkt\/vogue-carry-3-kissen-vorne\/","title":{"rendered":"Vogue Carry 3 Kissen vorne"},"content":{"rendered":"<p>Erh\u00f6hen Sie den Komfort Ihres Lastenfahrrads mit den Polstern f\u00fcr das Vogue Carry 3. Perfekt auf die Form und die Abmessungen der Ladebox zugeschnitten, bieten diese Kissen einen weichen, st\u00fctzenden Sitz f\u00fcr Kinder, Haustiere oder andere Passagiere. Dank der hochwertigen Materialien und der robusten Verarbeitung sind die Kissen langlebig, wasserabweisend und leicht zu reinigen.  <\/p>\n<p><b>Vorteile:  <\/b><\/p>\n<ul>\n<li style=\"font-weight: 400;\" aria-level=\"1\"><span style=\"font-weight: 400;\">Die Kissen sind wetterfest.<\/span><\/li>\n<li style=\"font-weight: 400;\" aria-level=\"1\"><span style=\"font-weight: 400;\">Die Kissen haben eine hohe Farbechtheit.<\/span><\/li>\n<li style=\"font-weight: 400;\" aria-level=\"1\"><span style=\"font-weight: 400;\">Bequeme Reiseerfahrung.<\/span><\/li>\n<li style=\"font-weight: 400;\" aria-level=\"1\"><span style=\"font-weight: 400;\">Schutz von Nachrichten.<\/span><\/li>\n<\/ul>\n<p><b>100 % wasserdicht<\/b><\/p>\n<p><span style=\"font-weight: 400;\">Die Kissen sind aus gewebtem Nylon PU hergestellt. Dies sorgt daf\u00fcr, dass die Kissen wasserabweisend sind. Dar\u00fcber hinaus sind sie widerstandsf\u00e4hig gegen den t\u00e4glichen Gebrauch. So bleibt die Last oder der Gegenstand, der unter der Plane platziert wird, auch bei starkem Regen oder anderen nassen Bedingungen trocken und gesch\u00fctzt.   <\/span><\/p>\n<p><b>Hochwertiges Material<\/b><\/p>\n<ul>\n<li style=\"font-weight: 400;\" aria-level=\"1\"><span style=\"font-weight: 400;\">Die hochwertigen Materialien der Kissen sorgen daf\u00fcr, dass es dem t\u00e4glichen Gebrauch standh\u00e4lt.<\/span><\/li>\n<li style=\"font-weight: 400;\" aria-level=\"1\"><span style=\"font-weight: 400;\">Die Nylonkissen sind wasserdicht und bieten hervorragenden Schutz vor Regen und Feuchtigkeit. So bleiben Ihre Habseligkeiten auch bei schlechtem Wetter trocken. <\/span><\/li>\n<li style=\"font-weight: 400;\" aria-level=\"1\"><span style=\"font-weight: 400;\">Die Nylonkissen sind stark und halten gro\u00dfen Lasten stand. Dadurch eignen sie sich zum Tragen schwerer Gegenst\u00e4nde oder zum Aufbau stabiler Strukturen. <\/span><\/li>\n<li style=\"font-weight: 400;\" aria-level=\"1\"><span style=\"font-weight: 400;\">Nylon hat die F\u00e4higkeit, schnell zu trocknen, selbst wenn es Feuchtigkeit oder Regen ausgesetzt war.<\/span><\/li>\n<\/ul>\n","protected":false},"excerpt":{"rendered":"<p>Erh\u00f6hen Sie den Komfort Ihres Lastenfahrrads mit den Polstern f\u00fcr das Vogue Carry 3. Perfekt auf die Form und die Abmessungen der Ladebox zugeschnitten, bieten diese Kissen einen weichen, st\u00fctzenden Sitz f\u00fcr Kinder, Haustiere oder andere Passagiere. Dank der hochwertigen Materialien und der robusten Verarbeitung sind die Kissen langlebig, wasserabweisend und leicht zu reinigen. Vorteile: [&hellip;]<\/p>\n","protected":false},"featured_media":46900,"comment_status":"closed","ping_status":"closed","template":"","meta":{"_acf_changed":false,"_et_pb_use_builder":"","_et_pb_old_content":"","_et_gb_content_width":""},"product_brand":[],"product_cat":[686,688,692,775,684],"product_tag":[],"class_list":{"0":"post-46899","1":"product","2":"type-product","3":"status-publish","4":"has-post-thumbnail","6":"product_cat-bakfiets-de","7":"product_cat-lastenrad-zubehor","8":"product_cat-lastenradkissen","9":"product_cat-vogue-de","10":"product_cat-zubehor","11":"pa_geschikt-voor-e-bike-ja-de","12":"pa_kleur-schwarz","13":"pa_materiaal-gewebtes-nylon-pu","14":"pa_merk-clarijs-covers-b-v-de","16":"first","17":"instock","18":"taxable","19":"shipping-taxable","20":"purchasable","21":"product-type-simple"},"acf":[],"yoast_head":"<!-- This site is optimized with the Yoast SEO Premium plugin v27.2 (Yoast SEO v27.3) - https:\/\/yoast.com\/product\/yoast-seo-premium-wordpress\/ -->\n<title>Vogue Carry 3 Kissen vorne - Clarijs Fietstassen<\/title>\n<meta name=\"description\" content=\"Kaufen Sie jetzt das Vogue Cargobike Polster Carry 3 von Clarijs Panniers f\u00fcr die Vorderseite des Lastenfahrrads. Hochwertig und robust. Direkt ab Lager lieferbar.\" \/>\n<meta name=\"robots\" content=\"index, follow, max-snippet:-1, max-image-preview:large, max-video-preview:-1\" \/>\n<link rel=\"canonical\" href=\"https:\/\/clarijs-fietstassen.nl\/de\/produkt\/vogue-carry-3-kissen-vorne\/\" \/>\n<meta property=\"og:locale\" content=\"de_DE\" \/>\n<meta property=\"og:type\" content=\"article\" \/>\n<meta property=\"og:title\" content=\"Vogue Carry 3 Kissen vorne\" \/>\n<meta property=\"og:description\" content=\"Kaufen Sie jetzt das Vogue Cargobike Polster Carry 3 von Clarijs Panniers f\u00fcr die Vorderseite des Lastenfahrrads. Hochwertig und robust. Direkt ab Lager lieferbar.\" \/>\n<meta property=\"og:url\" content=\"https:\/\/clarijs-fietstassen.nl\/de\/produkt\/vogue-carry-3-kissen-vorne\/\" \/>\n<meta property=\"og:site_name\" content=\"Clarijs Fietstassen\" \/>\n<meta property=\"article:publisher\" content=\"https:\/\/www.facebook.com\/clarijs1948\/\" \/>\n<meta property=\"article:modified_time\" content=\"2025-02-17T12:17:31+00:00\" \/>\n<meta property=\"og:image\" content=\"https:\/\/clarijs-fietstassen.nl\/wp-content\/uploads\/2023\/07\/carry-3-kussen-voor-1024x1024.png\" \/>\n\t<meta property=\"og:image:width\" content=\"1024\" \/>\n\t<meta property=\"og:image:height\" content=\"1024\" \/>\n\t<meta property=\"og:image:type\" content=\"image\/png\" \/>\n<meta name=\"twitter:card\" content=\"summary_large_image\" \/>\n<meta name=\"twitter:label1\" content=\"Preis\" \/>\n\t<meta name=\"twitter:data1\" content=\"&euro;64.50\" \/>\n\t<meta name=\"twitter:label2\" content=\"Verf\u00fcgbarkeit\" \/>\n\t<meta name=\"twitter:data2\" content=\"Auf Lager\" \/>\n<script type=\"application\/ld+json\" class=\"yoast-schema-graph\">{\"@context\":\"https:\\\/\\\/schema.org\",\"@graph\":[{\"@type\":\"WebPage\",\"@id\":\"https:\\\/\\\/clarijs-fietstassen.nl\\\/de\\\/produkt\\\/vogue-carry-3-kissen-vorne\\\/\",\"url\":\"https:\\\/\\\/clarijs-fietstassen.nl\\\/de\\\/produkt\\\/vogue-carry-3-kissen-vorne\\\/\",\"name\":\"Vogue Carry 3 Kissen vorne - Clarijs Fietstassen\",\"isPartOf\":{\"@id\":\"https:\\\/\\\/clarijs-fietstassen.nl\\\/de\\\/#website\"},\"primaryImageOfPage\":{\"@id\":\"https:\\\/\\\/clarijs-fietstassen.nl\\\/de\\\/produkt\\\/vogue-carry-3-kissen-vorne\\\/#primaryimage\"},\"image\":{\"@id\":\"https:\\\/\\\/clarijs-fietstassen.nl\\\/de\\\/produkt\\\/vogue-carry-3-kissen-vorne\\\/#primaryimage\"},\"thumbnailUrl\":\"https:\\\/\\\/clarijs-fietstassen.nl\\\/wp-content\\\/uploads\\\/2023\\\/07\\\/carry-3-kussen-voor.png\",\"datePublished\":\"2023-07-04T12:48:14+00:00\",\"dateModified\":\"2025-02-17T12:17:31+00:00\",\"description\":\"Kaufen Sie jetzt das Vogue Cargobike Polster Carry 3 von Clarijs Panniers f\u00fcr die Vorderseite des Lastenfahrrads. Hochwertig und robust. Direkt ab Lager lieferbar.\",\"breadcrumb\":{\"@id\":\"https:\\\/\\\/clarijs-fietstassen.nl\\\/de\\\/produkt\\\/vogue-carry-3-kissen-vorne\\\/#breadcrumb\"},\"inLanguage\":\"de\",\"potentialAction\":[{\"@type\":\"ReadAction\",\"target\":[\"https:\\\/\\\/clarijs-fietstassen.nl\\\/de\\\/produkt\\\/vogue-carry-3-kissen-vorne\\\/\"]}]},{\"@type\":\"ImageObject\",\"inLanguage\":\"de\",\"@id\":\"https:\\\/\\\/clarijs-fietstassen.nl\\\/de\\\/produkt\\\/vogue-carry-3-kissen-vorne\\\/#primaryimage\",\"url\":\"https:\\\/\\\/clarijs-fietstassen.nl\\\/wp-content\\\/uploads\\\/2023\\\/07\\\/carry-3-kussen-voor.png\",\"contentUrl\":\"https:\\\/\\\/clarijs-fietstassen.nl\\\/wp-content\\\/uploads\\\/2023\\\/07\\\/carry-3-kussen-voor.png\",\"width\":2000,\"height\":2000,\"caption\":\"Vogue Carry 3 Kissen vorne\"},{\"@type\":\"BreadcrumbList\",\"@id\":\"https:\\\/\\\/clarijs-fietstassen.nl\\\/de\\\/produkt\\\/vogue-carry-3-kissen-vorne\\\/#breadcrumb\",\"itemListElement\":[{\"@type\":\"ListItem\",\"position\":1,\"name\":\"Home\",\"item\":\"https:\\\/\\\/clarijs-fietstassen.nl\\\/de\\\/\"},{\"@type\":\"ListItem\",\"position\":2,\"name\":\"Shop\",\"item\":\"https:\\\/\\\/clarijs-fietstassen.nl\\\/de\\\/shop\\\/\"},{\"@type\":\"ListItem\",\"position\":3,\"name\":\"Bakfiets Accessoires\",\"item\":\"https:\\\/\\\/clarijs-fietstassen.nl\\\/bakfiets-accessoires\\\/\"},{\"@type\":\"ListItem\",\"position\":4,\"name\":\"Vogue Carry 3 Kissen vorne\"}]},{\"@type\":\"WebSite\",\"@id\":\"https:\\\/\\\/clarijs-fietstassen.nl\\\/de\\\/#website\",\"url\":\"https:\\\/\\\/clarijs-fietstassen.nl\\\/de\\\/\",\"name\":\"Clarijs Fietstassen\",\"description\":\"Kwaliteit &amp; ambacht sinds 1948\",\"publisher\":{\"@id\":\"https:\\\/\\\/clarijs-fietstassen.nl\\\/de\\\/#organization\"},\"potentialAction\":[{\"@type\":\"SearchAction\",\"target\":{\"@type\":\"EntryPoint\",\"urlTemplate\":\"https:\\\/\\\/clarijs-fietstassen.nl\\\/de\\\/?s={search_term_string}\"},\"query-input\":{\"@type\":\"PropertyValueSpecification\",\"valueRequired\":true,\"valueName\":\"search_term_string\"}}],\"inLanguage\":\"de\"},{\"@type\":\"Organization\",\"@id\":\"https:\\\/\\\/clarijs-fietstassen.nl\\\/de\\\/#organization\",\"name\":\"Clarijs Fietstassen\",\"url\":\"https:\\\/\\\/clarijs-fietstassen.nl\\\/de\\\/\",\"logo\":{\"@type\":\"ImageObject\",\"inLanguage\":\"de\",\"@id\":\"https:\\\/\\\/clarijs-fietstassen.nl\\\/de\\\/#\\\/schema\\\/logo\\\/image\\\/\",\"url\":\"https:\\\/\\\/clarijs-fietstassen.nl\\\/wp-content\\\/uploads\\\/2024\\\/01\\\/clarijs-logo-met-rand.jpg\",\"contentUrl\":\"https:\\\/\\\/clarijs-fietstassen.nl\\\/wp-content\\\/uploads\\\/2024\\\/01\\\/clarijs-logo-met-rand.jpg\",\"width\":560,\"height\":266,\"caption\":\"Clarijs Fietstassen\"},\"image\":{\"@id\":\"https:\\\/\\\/clarijs-fietstassen.nl\\\/de\\\/#\\\/schema\\\/logo\\\/image\\\/\"},\"sameAs\":[\"https:\\\/\\\/www.facebook.com\\\/clarijs1948\\\/\",\"https:\\\/\\\/www.instagram.com\\\/clarijscovers\\\/\"]}]}<\/script>\n<meta property=\"product:price:amount\" content=\"64.50\" \/>\n<meta property=\"product:price:currency\" content=\"EUR\" \/>\n<meta property=\"og:availability\" content=\"instock\" \/>\n<meta property=\"product:availability\" content=\"instock\" \/>\n<meta property=\"product:retailer_item_id\" content=\"4068\" \/>\n<meta property=\"product:condition\" content=\"new\" \/>\n<!-- \/ Yoast SEO Premium plugin. -->","yoast_head_json":{"title":"Vogue Carry 3 Kissen vorne - Clarijs Fietstassen","description":"Kaufen Sie jetzt das Vogue Cargobike Polster Carry 3 von Clarijs Panniers f\u00fcr die Vorderseite des Lastenfahrrads. Hochwertig und robust. Direkt ab Lager lieferbar.","robots":{"index":"index","follow":"follow","max-snippet":"max-snippet:-1","max-image-preview":"max-image-preview:large","max-video-preview":"max-video-preview:-1"},"canonical":"https:\/\/clarijs-fietstassen.nl\/de\/produkt\/vogue-carry-3-kissen-vorne\/","og_locale":"de_DE","og_type":"article","og_title":"Vogue Carry 3 Kissen vorne","og_description":"Kaufen Sie jetzt das Vogue Cargobike Polster Carry 3 von Clarijs Panniers f\u00fcr die Vorderseite des Lastenfahrrads. Hochwertig und robust. Direkt ab Lager lieferbar.","og_url":"https:\/\/clarijs-fietstassen.nl\/de\/produkt\/vogue-carry-3-kissen-vorne\/","og_site_name":"Clarijs Fietstassen","article_publisher":"https:\/\/www.facebook.com\/clarijs1948\/","article_modified_time":"2025-02-17T12:17:31+00:00","og_image":[{"width":1024,"height":1024,"url":"https:\/\/clarijs-fietstassen.nl\/wp-content\/uploads\/2023\/07\/carry-3-kussen-voor-1024x1024.png","type":"image\/png"}],"twitter_card":"summary_large_image","twitter_misc":{"Preis":"&euro;64.50","Verf\u00fcgbarkeit":"Auf Lager"},"schema":{"@context":"https:\/\/schema.org","@graph":[{"@type":"WebPage","@id":"https:\/\/clarijs-fietstassen.nl\/de\/produkt\/vogue-carry-3-kissen-vorne\/","url":"https:\/\/clarijs-fietstassen.nl\/de\/produkt\/vogue-carry-3-kissen-vorne\/","name":"Vogue Carry 3 Kissen vorne - Clarijs Fietstassen","isPartOf":{"@id":"https:\/\/clarijs-fietstassen.nl\/de\/#website"},"primaryImageOfPage":{"@id":"https:\/\/clarijs-fietstassen.nl\/de\/produkt\/vogue-carry-3-kissen-vorne\/#primaryimage"},"image":{"@id":"https:\/\/clarijs-fietstassen.nl\/de\/produkt\/vogue-carry-3-kissen-vorne\/#primaryimage"},"thumbnailUrl":"https:\/\/clarijs-fietstassen.nl\/wp-content\/uploads\/2023\/07\/carry-3-kussen-voor.png","datePublished":"2023-07-04T12:48:14+00:00","dateModified":"2025-02-17T12:17:31+00:00","description":"Kaufen Sie jetzt das Vogue Cargobike Polster Carry 3 von Clarijs Panniers f\u00fcr die Vorderseite des Lastenfahrrads. Hochwertig und robust. Direkt ab Lager lieferbar.","breadcrumb":{"@id":"https:\/\/clarijs-fietstassen.nl\/de\/produkt\/vogue-carry-3-kissen-vorne\/#breadcrumb"},"inLanguage":"de","potentialAction":[{"@type":"ReadAction","target":["https:\/\/clarijs-fietstassen.nl\/de\/produkt\/vogue-carry-3-kissen-vorne\/"]}]},{"@type":"ImageObject","inLanguage":"de","@id":"https:\/\/clarijs-fietstassen.nl\/de\/produkt\/vogue-carry-3-kissen-vorne\/#primaryimage","url":"https:\/\/clarijs-fietstassen.nl\/wp-content\/uploads\/2023\/07\/carry-3-kussen-voor.png","contentUrl":"https:\/\/clarijs-fietstassen.nl\/wp-content\/uploads\/2023\/07\/carry-3-kussen-voor.png","width":2000,"height":2000,"caption":"Vogue Carry 3 Kissen vorne"},{"@type":"BreadcrumbList","@id":"https:\/\/clarijs-fietstassen.nl\/de\/produkt\/vogue-carry-3-kissen-vorne\/#breadcrumb","itemListElement":[{"@type":"ListItem","position":1,"name":"Home","item":"https:\/\/clarijs-fietstassen.nl\/de\/"},{"@type":"ListItem","position":2,"name":"Shop","item":"https:\/\/clarijs-fietstassen.nl\/de\/shop\/"},{"@type":"ListItem","position":3,"name":"Bakfiets Accessoires","item":"https:\/\/clarijs-fietstassen.nl\/bakfiets-accessoires\/"},{"@type":"ListItem","position":4,"name":"Vogue Carry 3 Kissen vorne"}]},{"@type":"WebSite","@id":"https:\/\/clarijs-fietstassen.nl\/de\/#website","url":"https:\/\/clarijs-fietstassen.nl\/de\/","name":"Clarijs Fietstassen","description":"Kwaliteit &amp; ambacht sinds 1948","publisher":{"@id":"https:\/\/clarijs-fietstassen.nl\/de\/#organization"},"potentialAction":[{"@type":"SearchAction","target":{"@type":"EntryPoint","urlTemplate":"https:\/\/clarijs-fietstassen.nl\/de\/?s={search_term_string}"},"query-input":{"@type":"PropertyValueSpecification","valueRequired":true,"valueName":"search_term_string"}}],"inLanguage":"de"},{"@type":"Organization","@id":"https:\/\/clarijs-fietstassen.nl\/de\/#organization","name":"Clarijs Fietstassen","url":"https:\/\/clarijs-fietstassen.nl\/de\/","logo":{"@type":"ImageObject","inLanguage":"de","@id":"https:\/\/clarijs-fietstassen.nl\/de\/#\/schema\/logo\/image\/","url":"https:\/\/clarijs-fietstassen.nl\/wp-content\/uploads\/2024\/01\/clarijs-logo-met-rand.jpg","contentUrl":"https:\/\/clarijs-fietstassen.nl\/wp-content\/uploads\/2024\/01\/clarijs-logo-met-rand.jpg","width":560,"height":266,"caption":"Clarijs Fietstassen"},"image":{"@id":"https:\/\/clarijs-fietstassen.nl\/de\/#\/schema\/logo\/image\/"},"sameAs":["https:\/\/www.facebook.com\/clarijs1948\/","https:\/\/www.instagram.com\/clarijscovers\/"]}]},"product_price_amount":"64.50","product_price_currency":"EUR","og_availability":"instock","product_availability":"instock","product_retailer_item_id":"4068","product_condition":"new"},"_links":{"self":[{"href":"https:\/\/clarijs-fietstassen.nl\/de\/wp-json\/wp\/v2\/product\/46899","targetHints":{"allow":["GET"]}}],"collection":[{"href":"https:\/\/clarijs-fietstassen.nl\/de\/wp-json\/wp\/v2\/product"}],"about":[{"href":"https:\/\/clarijs-fietstassen.nl\/de\/wp-json\/wp\/v2\/types\/product"}],"replies":[{"embeddable":true,"href":"https:\/\/clarijs-fietstassen.nl\/de\/wp-json\/wp\/v2\/comments?post=46899"}],"wp:featuredmedia":[{"embeddable":true,"href":"https:\/\/clarijs-fietstassen.nl\/de\/wp-json\/wp\/v2\/media\/46900"}],"wp:attachment":[{"href":"https:\/\/clarijs-fietstassen.nl\/de\/wp-json\/wp\/v2\/media?parent=46899"}],"wp:term":[{"taxonomy":"product_brand","embeddable":true,"href":"https:\/\/clarijs-fietstassen.nl\/de\/wp-json\/wp\/v2\/product_brand?post=46899"},{"taxonomy":"product_cat","embeddable":true,"href":"https:\/\/clarijs-fietstassen.nl\/de\/wp-json\/wp\/v2\/product_cat?post=46899"},{"taxonomy":"product_tag","embeddable":true,"href":"https:\/\/clarijs-fietstassen.nl\/de\/wp-json\/wp\/v2\/product_tag?post=46899"}],"curies":[{"name":"wp","href":"https:\/\/api.w.org\/{rel}","templated":true}]}}