{"id":46908,"date":"2023-07-04T14:46:38","date_gmt":"2023-07-04T12:46:38","guid":{"rendered":"https:\/\/clarijs-fietstassen.nl\/doppelter-packsack-xxl-mailbag-70-liter\/"},"modified":"2026-04-01T16:11:40","modified_gmt":"2026-04-01T14:11:40","slug":"doppelter-packsack-xxl-mailbag-70-liter","status":"publish","type":"product","link":"https:\/\/clarijs-fietstassen.nl\/de\/produkt\/doppelter-packsack-xxl-mailbag-70-liter\/","title":{"rendered":"Doppelte Fahrradtasche XXL Cargo &#8211; 66 Liter"},"content":{"rendered":"<p>Die <strong data-start=\"160\" data-end=\"203\">Doppel-Fahrradtasche XXL Cargo \u2013 66 Liter von Clarijs Fietstas XXL Posttas \u2013 66 Liter<\/strong> ist die gr\u00f6\u00dfte Tasche in unserem Sortiment und die perfekte L\u00f6sung f\u00fcr alle, die nie genug Platz haben. Mit einem Volumen von ganzen 66 Litern lassen sich schwere Eink\u00e4ufe, gro\u00dfe Lasten oder das komplette Gep\u00e4ck f\u00fcr eine lange Fahrradtour m\u00fchelos transportieren. Robust, zuverl\u00e4ssig und daf\u00fcr gemacht, alles sicher und organisiert zu transportieren. <\/p>\n<p>Suchst du eine <strong>gro\u00dfe Doppel-Fahrradtasche<\/strong> mit maximalem Stauraum f\u00fcr den intensiven Einsatz? Diese XXL Cargo Fahrradtasche bietet au\u00dfergew\u00f6hnlich viel Platz und ist spritzwasserdicht, sodass deine Sachen vor Regen und Schmutz gesch\u00fctzt sind. Erh\u00e4ltlich in den Ausf\u00fchrungen: Mattschwarz, Mat Olive und eine gl\u00e4nzende schwarze Variante.  <\/p>\n<p><strong>Warum eine Doppel-Fahrradtasche mit gro\u00dfem Volumen w\u00e4hlen?<\/strong><\/p>\n<ul>\n<li>Regenklappen und Ablauf\u00f6ffnungen verhindern das Eindringen von Wasser und Feuchtigkeitsansammlungen<\/li>\n<li>Extra gro\u00dfes Fassungsverm\u00f6gen f\u00fcr schwere Lasten \u2013 Volumen von 66 Litern<\/li>\n<li>Reflektierende Elemente an Vorder- und R\u00fcckseite f\u00fcr bessere Sichtbarkeit<\/li>\n<li>Verst\u00e4rkte Platten an R\u00fcck- und Unterseite aus recyceltem Kunststoff<\/li>\n<li>Zus\u00e4tzlicher Mittelgurt f\u00fcr extra Stabilit\u00e4t bei schwerer Beladung<\/li>\n<li>Schnallen aus hochwertigem, flexiblem Kunststoff mit wasserabweisendem PP-Band<\/li>\n<\/ul>\n<p>&nbsp;<\/p>\n<p><strong>Welche Ma\u00dfe hat diese XXL Fahrradtasche?<\/strong><br \/>\n<a href=\"https:\/\/clarijs-fietstassen.nl\/wp-content\/uploads\/2026\/03\/Lijntekening-dubbele-fietstas-XXL-met-maten.jpg\" target=\"_blank\" rel=\"noopener\">Klicke f\u00fcr die Ma\u00df\u00fcbersicht<\/a><br \/>\nDie Ma\u00dfe der XXL Fahrradtasche in Zentimetern sind: L\u00e4nge x Tiefe\/Breite x H\u00f6he<br \/>\nInnen 41 x 25 x 32<br \/>\nAu\u00dfen 46 x 26 x 32<br \/>\n<em>Die Doppel-Fahrradtasche passt auf Gep\u00e4cktr\u00e4ger mit einer Breite zwischen 13 und 17 cm<\/em><br \/>\nDa die Taschen <strong>handgefertigt<\/strong> sind, k\u00f6nnen die Ma\u00dfe um etwa 1 cm variieren<\/p>\n<p><strong>Aus welchem Material besteht diese Fahrradtasche?<\/strong><br \/>\nHergestellt aus starkem Bisonyl PVC-Gewebe. Dieses Material ist <strong>wasserdicht<\/strong>, sehr strapazierf\u00e4hig, farbecht und wird auch f\u00fcr die Beschichtung von Lkw verwendet, wodurch es sich ideal f\u00fcr schwere Belastung und intensiven Gebrauch eignet. <\/p>\n<p><strong>Gut vorbereitet unterwegs mit der XXL Cargo von Clarijs<\/strong><br \/>\nEgal ob gro\u00dfe Eink\u00e4ufe, t\u00e4gliche schwere Lasten oder maximaler Stauraum \u2013 diese <strong>XXL Doppel-Fahrradtasche<\/strong> bietet dir den Platz und die Zuverl\u00e4ssigkeit, die du brauchst.<\/p>\n","protected":false},"excerpt":{"rendered":"<p>Die Doppel-Fahrradtasche XXL Cargo \u2013 66 Liter von Clarijs Fietstas XXL Posttas \u2013 66 Liter ist die gr\u00f6\u00dfte Tasche in unserem Sortiment und die perfekte L\u00f6sung f\u00fcr alle, die nie genug Platz haben. Mit einem Volumen von ganzen 66 Litern lassen sich schwere Eink\u00e4ufe, gro\u00dfe Lasten oder das komplette Gep\u00e4ck f\u00fcr eine lange Fahrradtour m\u00fchelos [&hellip;]<\/p>\n","protected":false},"featured_media":46910,"comment_status":"closed","ping_status":"closed","template":"","meta":{"_acf_changed":false,"_et_pb_use_builder":"","_et_pb_old_content":"","_et_gb_content_width":""},"product_brand":[],"product_cat":[714,718,719,728,734,737,745],"product_tag":[],"class_list":{"0":"post-46908","1":"product","2":"type-product","3":"status-publish","4":"has-post-thumbnail","6":"product_cat-doppelte-fahrradtaschen","7":"product_cat-doppelte-fahrradtaschen-fuer-damen","8":"product_cat-doppelte-fahrradtaschen-ohne-aufdruck","9":"product_cat-fahrradtaschen","10":"product_cat-giant-fahrradtaschen","11":"product_cat-grosse-fahrradtaschen","12":"product_cat-leichte-fahrradtaschen","13":"pa_geschikt-voor-e-bike-ja-de","14":"pa_geschikt-voor-ledlampjes-ja-de","15":"pa_kleur-matt-olive-de","16":"pa_kleur-matt-schwarz-de","17":"pa_kleur-schwarz","18":"pa_materiaal-bisonyl-pvc-leinwand","19":"pa_merk-clarijs-covers-b-v-de","20":"pa_reflectie-ja-de","21":"pa_snelbinders-toegankelijk-ja-wahlen-sie-die-option-schneiden-oder-aussparen-der-mitte","23":"first","24":"instock","25":"taxable","26":"shipping-taxable","27":"purchasable","28":"product-type-variable"},"acf":[],"yoast_head":"<!-- This site is optimized with the Yoast SEO Premium plugin v27.2 (Yoast SEO v27.3) - https:\/\/yoast.com\/product\/yoast-seo-premium-wordpress\/ -->\n<title>Doppelte Fahrradtasche XXL Cargo - 66 Liter - Clarijs Fietstassen<\/title>\n<meta name=\"description\" content=\"Doppelte Fahrradtasche XXL Cargo - 66 Liter Clarijs Panniers&#039; ist ein ger\u00e4umiger und zuverl\u00e4ssiger Begleiter f\u00fcr Radfahrer, die zus\u00e4tzlichen Stauraum ben\u00f6tigen.\" \/>\n<meta name=\"robots\" content=\"index, follow, max-snippet:-1, max-image-preview:large, max-video-preview:-1\" \/>\n<link rel=\"canonical\" href=\"https:\/\/clarijs-fietstassen.nl\/de\/doppelter-packsack-xxl-mailbag-70-liter\/\" \/>\n<meta property=\"og:locale\" content=\"de_DE\" \/>\n<meta property=\"og:type\" content=\"article\" \/>\n<meta property=\"og:title\" content=\"Doppelte Fahrradtasche XXL Cargo - 66 Liter\" \/>\n<meta property=\"og:description\" content=\"Doppelte Fahrradtasche XXL Cargo - 66 Liter Clarijs Panniers&#039; ist ein ger\u00e4umiger und zuverl\u00e4ssiger Begleiter f\u00fcr Radfahrer, die zus\u00e4tzlichen Stauraum ben\u00f6tigen.\" \/>\n<meta property=\"og:url\" content=\"https:\/\/clarijs-fietstassen.nl\/de\/doppelter-packsack-xxl-mailbag-70-liter\/\" \/>\n<meta property=\"og:site_name\" content=\"Clarijs Fietstassen\" \/>\n<meta property=\"article:publisher\" content=\"https:\/\/www.facebook.com\/clarijs1948\/\" \/>\n<meta property=\"article:modified_time\" content=\"2026-04-01T14:11:40+00:00\" \/>\n<meta property=\"og:image\" content=\"https:\/\/clarijs-fietstassen.nl\/wp-content\/uploads\/2023\/07\/fietstas-XXL-matzwart-3_55bf58ce-337d-443c-839d-b81cf259d935_1903x.jpg\" \/>\n\t<meta property=\"og:image:width\" content=\"1200\" \/>\n\t<meta property=\"og:image:height\" content=\"1097\" \/>\n\t<meta property=\"og:image:type\" content=\"image\/jpeg\" \/>\n<meta name=\"twitter:card\" content=\"summary_large_image\" \/>\n<meta name=\"twitter:label1\" content=\"Verf\u00fcgbarkeit\" \/>\n\t<meta name=\"twitter:data1\" content=\"Auf Lager\" \/>\n<script type=\"application\/ld+json\" class=\"yoast-schema-graph\">{\"@context\":\"https:\\\/\\\/schema.org\",\"@graph\":[{\"@type\":\"WebPage\",\"@id\":\"https:\\\/\\\/clarijs-fietstassen.nl\\\/de\\\/doppelter-packsack-xxl-mailbag-70-liter\\\/\",\"url\":\"https:\\\/\\\/clarijs-fietstassen.nl\\\/de\\\/doppelter-packsack-xxl-mailbag-70-liter\\\/\",\"name\":\"Doppelte Fahrradtasche XXL Cargo - 66 Liter - Clarijs Fietstassen\",\"isPartOf\":{\"@id\":\"https:\\\/\\\/clarijs-fietstassen.nl\\\/de\\\/#website\"},\"primaryImageOfPage\":{\"@id\":\"https:\\\/\\\/clarijs-fietstassen.nl\\\/de\\\/doppelter-packsack-xxl-mailbag-70-liter\\\/#primaryimage\"},\"image\":{\"@id\":\"https:\\\/\\\/clarijs-fietstassen.nl\\\/de\\\/doppelter-packsack-xxl-mailbag-70-liter\\\/#primaryimage\"},\"thumbnailUrl\":\"https:\\\/\\\/clarijs-fietstassen.nl\\\/wp-content\\\/uploads\\\/2023\\\/07\\\/fietstas-XXL-matzwart-3_55bf58ce-337d-443c-839d-b81cf259d935_1903x.jpg\",\"datePublished\":\"2023-07-04T12:46:38+00:00\",\"dateModified\":\"2026-04-01T14:11:40+00:00\",\"description\":\"Doppelte Fahrradtasche XXL Cargo - 66 Liter Clarijs Panniers' ist ein ger\u00e4umiger und zuverl\u00e4ssiger Begleiter f\u00fcr Radfahrer, die zus\u00e4tzlichen Stauraum ben\u00f6tigen.\",\"breadcrumb\":{\"@id\":\"https:\\\/\\\/clarijs-fietstassen.nl\\\/de\\\/doppelter-packsack-xxl-mailbag-70-liter\\\/#breadcrumb\"},\"inLanguage\":\"de\",\"potentialAction\":[{\"@type\":\"ReadAction\",\"target\":[\"https:\\\/\\\/clarijs-fietstassen.nl\\\/de\\\/doppelter-packsack-xxl-mailbag-70-liter\\\/\"]}]},{\"@type\":\"ImageObject\",\"inLanguage\":\"de\",\"@id\":\"https:\\\/\\\/clarijs-fietstassen.nl\\\/de\\\/doppelter-packsack-xxl-mailbag-70-liter\\\/#primaryimage\",\"url\":\"https:\\\/\\\/clarijs-fietstassen.nl\\\/wp-content\\\/uploads\\\/2023\\\/07\\\/fietstas-XXL-matzwart-3_55bf58ce-337d-443c-839d-b81cf259d935_1903x.jpg\",\"contentUrl\":\"https:\\\/\\\/clarijs-fietstassen.nl\\\/wp-content\\\/uploads\\\/2023\\\/07\\\/fietstas-XXL-matzwart-3_55bf58ce-337d-443c-839d-b81cf259d935_1903x.jpg\",\"width\":1200,\"height\":1097,\"caption\":\"Doppelter Packsack XXL Cargo- 66 Liter\"},{\"@type\":\"BreadcrumbList\",\"@id\":\"https:\\\/\\\/clarijs-fietstassen.nl\\\/de\\\/doppelter-packsack-xxl-mailbag-70-liter\\\/#breadcrumb\",\"itemListElement\":[{\"@type\":\"ListItem\",\"position\":1,\"name\":\"Home\",\"item\":\"https:\\\/\\\/clarijs-fietstassen.nl\\\/de\\\/\"},{\"@type\":\"ListItem\",\"position\":2,\"name\":\"Shop\",\"item\":\"https:\\\/\\\/clarijs-fietstassen.nl\\\/de\\\/shop\\\/\"},{\"@type\":\"ListItem\",\"position\":3,\"name\":\"Dubbele fietstassen\",\"item\":\"https:\\\/\\\/clarijs-fietstassen.nl\\\/dubbele-fietstassen\\\/\"},{\"@type\":\"ListItem\",\"position\":4,\"name\":\"Doppelte Fahrradtasche XXL Cargo &#8211; 66 Liter\"}]},{\"@type\":\"WebSite\",\"@id\":\"https:\\\/\\\/clarijs-fietstassen.nl\\\/de\\\/#website\",\"url\":\"https:\\\/\\\/clarijs-fietstassen.nl\\\/de\\\/\",\"name\":\"Clarijs Fietstassen\",\"description\":\"Kwaliteit &amp; ambacht sinds 1948\",\"publisher\":{\"@id\":\"https:\\\/\\\/clarijs-fietstassen.nl\\\/de\\\/#organization\"},\"potentialAction\":[{\"@type\":\"SearchAction\",\"target\":{\"@type\":\"EntryPoint\",\"urlTemplate\":\"https:\\\/\\\/clarijs-fietstassen.nl\\\/de\\\/?s={search_term_string}\"},\"query-input\":{\"@type\":\"PropertyValueSpecification\",\"valueRequired\":true,\"valueName\":\"search_term_string\"}}],\"inLanguage\":\"de\"},{\"@type\":\"Organization\",\"@id\":\"https:\\\/\\\/clarijs-fietstassen.nl\\\/de\\\/#organization\",\"name\":\"Clarijs Fietstassen\",\"url\":\"https:\\\/\\\/clarijs-fietstassen.nl\\\/de\\\/\",\"logo\":{\"@type\":\"ImageObject\",\"inLanguage\":\"de\",\"@id\":\"https:\\\/\\\/clarijs-fietstassen.nl\\\/de\\\/#\\\/schema\\\/logo\\\/image\\\/\",\"url\":\"https:\\\/\\\/clarijs-fietstassen.nl\\\/wp-content\\\/uploads\\\/2024\\\/01\\\/clarijs-logo-met-rand.jpg\",\"contentUrl\":\"https:\\\/\\\/clarijs-fietstassen.nl\\\/wp-content\\\/uploads\\\/2024\\\/01\\\/clarijs-logo-met-rand.jpg\",\"width\":560,\"height\":266,\"caption\":\"Clarijs Fietstassen\"},\"image\":{\"@id\":\"https:\\\/\\\/clarijs-fietstassen.nl\\\/de\\\/#\\\/schema\\\/logo\\\/image\\\/\"},\"sameAs\":[\"https:\\\/\\\/www.facebook.com\\\/clarijs1948\\\/\",\"https:\\\/\\\/www.instagram.com\\\/clarijscovers\\\/\"]}]}<\/script>\n<meta property=\"og:availability\" content=\"instock\" \/>\n<meta property=\"product:availability\" content=\"instock\" \/>\n<meta property=\"product:retailer_item_id\" content=\"1084\" \/>\n<meta property=\"product:condition\" content=\"new\" \/>\n<!-- \/ Yoast SEO Premium plugin. -->","yoast_head_json":{"title":"Doppelte Fahrradtasche XXL Cargo - 66 Liter - Clarijs Fietstassen","description":"Doppelte Fahrradtasche XXL Cargo - 66 Liter Clarijs Panniers' ist ein ger\u00e4umiger und zuverl\u00e4ssiger Begleiter f\u00fcr Radfahrer, die zus\u00e4tzlichen Stauraum ben\u00f6tigen.","robots":{"index":"index","follow":"follow","max-snippet":"max-snippet:-1","max-image-preview":"max-image-preview:large","max-video-preview":"max-video-preview:-1"},"canonical":"https:\/\/clarijs-fietstassen.nl\/de\/doppelter-packsack-xxl-mailbag-70-liter\/","og_locale":"de_DE","og_type":"article","og_title":"Doppelte Fahrradtasche XXL Cargo - 66 Liter","og_description":"Doppelte Fahrradtasche XXL Cargo - 66 Liter Clarijs Panniers' ist ein ger\u00e4umiger und zuverl\u00e4ssiger Begleiter f\u00fcr Radfahrer, die zus\u00e4tzlichen Stauraum ben\u00f6tigen.","og_url":"https:\/\/clarijs-fietstassen.nl\/de\/doppelter-packsack-xxl-mailbag-70-liter\/","og_site_name":"Clarijs Fietstassen","article_publisher":"https:\/\/www.facebook.com\/clarijs1948\/","article_modified_time":"2026-04-01T14:11:40+00:00","og_image":[{"width":1200,"height":1097,"url":"https:\/\/clarijs-fietstassen.nl\/wp-content\/uploads\/2023\/07\/fietstas-XXL-matzwart-3_55bf58ce-337d-443c-839d-b81cf259d935_1903x.jpg","type":"image\/jpeg"}],"twitter_card":"summary_large_image","twitter_misc":{"Verf\u00fcgbarkeit":"Auf Lager"},"schema":{"@context":"https:\/\/schema.org","@graph":[{"@type":"WebPage","@id":"https:\/\/clarijs-fietstassen.nl\/de\/doppelter-packsack-xxl-mailbag-70-liter\/","url":"https:\/\/clarijs-fietstassen.nl\/de\/doppelter-packsack-xxl-mailbag-70-liter\/","name":"Doppelte Fahrradtasche XXL Cargo - 66 Liter - Clarijs Fietstassen","isPartOf":{"@id":"https:\/\/clarijs-fietstassen.nl\/de\/#website"},"primaryImageOfPage":{"@id":"https:\/\/clarijs-fietstassen.nl\/de\/doppelter-packsack-xxl-mailbag-70-liter\/#primaryimage"},"image":{"@id":"https:\/\/clarijs-fietstassen.nl\/de\/doppelter-packsack-xxl-mailbag-70-liter\/#primaryimage"},"thumbnailUrl":"https:\/\/clarijs-fietstassen.nl\/wp-content\/uploads\/2023\/07\/fietstas-XXL-matzwart-3_55bf58ce-337d-443c-839d-b81cf259d935_1903x.jpg","datePublished":"2023-07-04T12:46:38+00:00","dateModified":"2026-04-01T14:11:40+00:00","description":"Doppelte Fahrradtasche XXL Cargo - 66 Liter Clarijs Panniers' ist ein ger\u00e4umiger und zuverl\u00e4ssiger Begleiter f\u00fcr Radfahrer, die zus\u00e4tzlichen Stauraum ben\u00f6tigen.","breadcrumb":{"@id":"https:\/\/clarijs-fietstassen.nl\/de\/doppelter-packsack-xxl-mailbag-70-liter\/#breadcrumb"},"inLanguage":"de","potentialAction":[{"@type":"ReadAction","target":["https:\/\/clarijs-fietstassen.nl\/de\/doppelter-packsack-xxl-mailbag-70-liter\/"]}]},{"@type":"ImageObject","inLanguage":"de","@id":"https:\/\/clarijs-fietstassen.nl\/de\/doppelter-packsack-xxl-mailbag-70-liter\/#primaryimage","url":"https:\/\/clarijs-fietstassen.nl\/wp-content\/uploads\/2023\/07\/fietstas-XXL-matzwart-3_55bf58ce-337d-443c-839d-b81cf259d935_1903x.jpg","contentUrl":"https:\/\/clarijs-fietstassen.nl\/wp-content\/uploads\/2023\/07\/fietstas-XXL-matzwart-3_55bf58ce-337d-443c-839d-b81cf259d935_1903x.jpg","width":1200,"height":1097,"caption":"Doppelter Packsack XXL Cargo- 66 Liter"},{"@type":"BreadcrumbList","@id":"https:\/\/clarijs-fietstassen.nl\/de\/doppelter-packsack-xxl-mailbag-70-liter\/#breadcrumb","itemListElement":[{"@type":"ListItem","position":1,"name":"Home","item":"https:\/\/clarijs-fietstassen.nl\/de\/"},{"@type":"ListItem","position":2,"name":"Shop","item":"https:\/\/clarijs-fietstassen.nl\/de\/shop\/"},{"@type":"ListItem","position":3,"name":"Dubbele fietstassen","item":"https:\/\/clarijs-fietstassen.nl\/dubbele-fietstassen\/"},{"@type":"ListItem","position":4,"name":"Doppelte Fahrradtasche XXL Cargo &#8211; 66 Liter"}]},{"@type":"WebSite","@id":"https:\/\/clarijs-fietstassen.nl\/de\/#website","url":"https:\/\/clarijs-fietstassen.nl\/de\/","name":"Clarijs Fietstassen","description":"Kwaliteit &amp; ambacht sinds 1948","publisher":{"@id":"https:\/\/clarijs-fietstassen.nl\/de\/#organization"},"potentialAction":[{"@type":"SearchAction","target":{"@type":"EntryPoint","urlTemplate":"https:\/\/clarijs-fietstassen.nl\/de\/?s={search_term_string}"},"query-input":{"@type":"PropertyValueSpecification","valueRequired":true,"valueName":"search_term_string"}}],"inLanguage":"de"},{"@type":"Organization","@id":"https:\/\/clarijs-fietstassen.nl\/de\/#organization","name":"Clarijs Fietstassen","url":"https:\/\/clarijs-fietstassen.nl\/de\/","logo":{"@type":"ImageObject","inLanguage":"de","@id":"https:\/\/clarijs-fietstassen.nl\/de\/#\/schema\/logo\/image\/","url":"https:\/\/clarijs-fietstassen.nl\/wp-content\/uploads\/2024\/01\/clarijs-logo-met-rand.jpg","contentUrl":"https:\/\/clarijs-fietstassen.nl\/wp-content\/uploads\/2024\/01\/clarijs-logo-met-rand.jpg","width":560,"height":266,"caption":"Clarijs Fietstassen"},"image":{"@id":"https:\/\/clarijs-fietstassen.nl\/de\/#\/schema\/logo\/image\/"},"sameAs":["https:\/\/www.facebook.com\/clarijs1948\/","https:\/\/www.instagram.com\/clarijscovers\/"]}]},"og_availability":"instock","product_availability":"instock","product_retailer_item_id":"1084","product_condition":"new"},"_links":{"self":[{"href":"https:\/\/clarijs-fietstassen.nl\/de\/wp-json\/wp\/v2\/product\/46908","targetHints":{"allow":["GET"]}}],"collection":[{"href":"https:\/\/clarijs-fietstassen.nl\/de\/wp-json\/wp\/v2\/product"}],"about":[{"href":"https:\/\/clarijs-fietstassen.nl\/de\/wp-json\/wp\/v2\/types\/product"}],"replies":[{"embeddable":true,"href":"https:\/\/clarijs-fietstassen.nl\/de\/wp-json\/wp\/v2\/comments?post=46908"}],"wp:featuredmedia":[{"embeddable":true,"href":"https:\/\/clarijs-fietstassen.nl\/de\/wp-json\/wp\/v2\/media\/46910"}],"wp:attachment":[{"href":"https:\/\/clarijs-fietstassen.nl\/de\/wp-json\/wp\/v2\/media?parent=46908"}],"wp:term":[{"taxonomy":"product_brand","embeddable":true,"href":"https:\/\/clarijs-fietstassen.nl\/de\/wp-json\/wp\/v2\/product_brand?post=46908"},{"taxonomy":"product_cat","embeddable":true,"href":"https:\/\/clarijs-fietstassen.nl\/de\/wp-json\/wp\/v2\/product_cat?post=46908"},{"taxonomy":"product_tag","embeddable":true,"href":"https:\/\/clarijs-fietstassen.nl\/de\/wp-json\/wp\/v2\/product_tag?post=46908"}],"curies":[{"name":"wp","href":"https:\/\/api.w.org\/{rel}","templated":true}]}}