{"id":46931,"date":"2023-07-04T15:50:13","date_gmt":"2023-07-04T13:50:13","guid":{"rendered":"https:\/\/clarijs-fietstassen.nl\/rohrrahmen-fuer-vogue-troy-supreme\/"},"modified":"2025-10-01T11:19:43","modified_gmt":"2025-10-01T09:19:43","slug":"rohrrahmen-fuer-vogue-troy-supreme","status":"publish","type":"product","link":"https:\/\/clarijs-fietstassen.nl\/de\/produkt\/rohrrahmen-fuer-vogue-troy-supreme\/","title":{"rendered":"Rohrrahmen f\u00fcr Vogue Troy\/Supreme"},"content":{"rendered":"<p><span style=\"font-weight: 400;\">Das Rohrrahmen f\u00fcr Vogue Troy\/Supreme, erh\u00e4ltlich bei Clarijs Fahrradtaschen, ist ein hochwertiges und stabiles Rahmen, das perfekt f\u00fcr die Vogue Troy Supreme E-Bike Modelle ab Baujahr 2021 geeignet ist. <\/span><\/p>\n<p><b>Rohrrahmen-Vorteile f\u00fcr Vogue Troy\/Supreme:<\/b><\/p>\n<ul>\n<li style=\"font-weight: 400;\" aria-level=\"1\"><span style=\"font-weight: 400;\">die Steifigkeit des Rahmens<\/span><\/li>\n<li style=\"font-weight: 400;\" aria-level=\"1\"><span style=\"font-weight: 400;\">aus stabilem Metall<\/span><\/li>\n<li style=\"font-weight: 400;\" aria-level=\"1\"><span style=\"font-weight: 400;\">leicht zu befestigen<\/span><\/li>\n<\/ul>\n<p><b>Hochwertiges Material<\/b><\/p>\n<ul>\n<li style=\"font-weight: 400;\" aria-level=\"1\"><span style=\"font-weight: 400;\">Aluminium ist ein leichtes Material, was zu einem Rohrrahmen f\u00fchrt, der einfach zu handhaben und zu transportieren ist. Dies ist besonders wichtig, wenn Sie einen Rohrrahmen in Kombination mit einem Lastenfahrrad verwenden, bei dem es auf Gewichtsersparnis ankommt. <\/span><\/li>\n<li style=\"font-weight: 400;\" aria-level=\"1\"><span style=\"font-weight: 400;\">Trotz seines geringen Gewichts ist Aluminium auch f\u00fcr seine St\u00e4rke und Haltbarkeit bekannt. Ein Aluminiumrohrrahmen bietet eine solide Struktur, die den Belastungen und St\u00f6\u00dfen standh\u00e4lt, die bei der Verwendung eines Zelts oder anderen Zubeh\u00f6rs auftreten k\u00f6nnen. <\/span><\/li>\n<li style=\"font-weight: 400;\" aria-level=\"1\"><span style=\"font-weight: 400;\">Aluminium hat von Natur aus eine hohe Korrosionsbest\u00e4ndigkeit, was bedeutet, dass der Rahmen sehr resistent gegen Rost und Oxidation ist. Dies ist besonders wichtig bei der Verwendung im Freien, wo der Rahmen Feuchtigkeit und verschiedenen Wetterbedingungen ausgesetzt sein kann. <\/span><\/li>\n<li style=\"font-weight: 400;\" aria-level=\"1\"><span style=\"font-weight: 400;\">Ein Aluminiumrohrrahmen erfordert im Allgemeinen nur minimale Pflege. Er l\u00e4sst sich leicht mit milder Seife und Wasser reinigen und ben\u00f6tigt keine speziellen Schutzbeschichtungen, um seine Haltbarkeit zu erhalten. <\/span><\/li>\n<\/ul>\n","protected":false},"excerpt":{"rendered":"<p>Das Rohrrahmen f\u00fcr Vogue Troy\/Supreme, erh\u00e4ltlich bei Clarijs Fahrradtaschen, ist ein hochwertiges und stabiles Rahmen, das perfekt f\u00fcr die Vogue Troy Supreme E-Bike Modelle ab Baujahr 2021 geeignet ist. Rohrrahmen-Vorteile f\u00fcr Vogue Troy\/Supreme: die Steifigkeit des Rahmens aus stabilem Metall leicht zu befestigen Hochwertiges Material Aluminium ist ein leichtes Material, was zu einem Rohrrahmen f\u00fchrt, [&hellip;]<\/p>\n","protected":false},"featured_media":46932,"comment_status":"closed","ping_status":"closed","template":"","meta":{"_acf_changed":false,"_et_pb_use_builder":"","_et_pb_old_content":"","_et_gb_content_width":""},"product_brand":[],"product_cat":[686,688,775,684],"product_tag":[],"class_list":{"0":"post-46931","1":"product","2":"type-product","3":"status-publish","4":"has-post-thumbnail","6":"product_cat-bakfiets-de","7":"product_cat-lastenrad-zubehor","8":"product_cat-vogue-de","9":"product_cat-zubehor","10":"pa_materiaal-aluminium-de","12":"first","13":"onbackorder","14":"taxable","15":"shipping-taxable","16":"purchasable","17":"product-type-simple"},"acf":[],"yoast_head":"<!-- This site is optimized with the Yoast SEO Premium plugin v27.2 (Yoast SEO v27.3) - https:\/\/yoast.com\/product\/yoast-seo-premium-wordpress\/ -->\n<title>Rohrrahmen f\u00fcr Vogue Troy\/Supreme - Clarijs Fietstassen<\/title>\n<meta name=\"description\" content=\"Der Rohrrahmen f\u00fcr Vogue Troy\/Supreme, erh\u00e4ltlich bei Clarijs Panniers, ist perfekt f\u00fcr das Vogue Troy Supreme E-Bike.\" \/>\n<meta name=\"robots\" content=\"index, follow, max-snippet:-1, max-image-preview:large, max-video-preview:-1\" \/>\n<link rel=\"canonical\" href=\"https:\/\/clarijs-fietstassen.nl\/de\/produkt\/rohrrahmen-fuer-vogue-troy-supreme\/\" \/>\n<meta property=\"og:locale\" content=\"de_DE\" \/>\n<meta property=\"og:type\" content=\"article\" \/>\n<meta property=\"og:title\" content=\"Rohrrahmen f\u00fcr Vogue Troy\/Supreme\" \/>\n<meta property=\"og:description\" content=\"Der Rohrrahmen f\u00fcr Vogue Troy\/Supreme, erh\u00e4ltlich bei Clarijs Panniers, ist perfekt f\u00fcr das Vogue Troy Supreme E-Bike.\" \/>\n<meta property=\"og:url\" content=\"https:\/\/clarijs-fietstassen.nl\/de\/produkt\/rohrrahmen-fuer-vogue-troy-supreme\/\" \/>\n<meta property=\"og:site_name\" content=\"Clarijs Fietstassen\" \/>\n<meta property=\"article:publisher\" content=\"https:\/\/www.facebook.com\/clarijs1948\/\" \/>\n<meta property=\"article:modified_time\" content=\"2025-10-01T09:19:43+00:00\" \/>\n<meta property=\"og:image\" content=\"https:\/\/clarijs-fietstassen.nl\/wp-content\/uploads\/2023\/07\/wconn-117540.jpg\" \/>\n\t<meta property=\"og:image:width\" content=\"854\" \/>\n\t<meta property=\"og:image:height\" content=\"614\" \/>\n\t<meta property=\"og:image:type\" content=\"image\/jpeg\" \/>\n<meta name=\"twitter:card\" content=\"summary_large_image\" \/>\n<meta name=\"twitter:label1\" content=\"Preis\" \/>\n\t<meta name=\"twitter:data1\" content=\"&euro;49.00\" \/>\n\t<meta name=\"twitter:label2\" content=\"Verf\u00fcgbarkeit\" \/>\n\t<meta name=\"twitter:data2\" content=\"bei Nachbestellung\" \/>\n<script type=\"application\/ld+json\" class=\"yoast-schema-graph\">{\"@context\":\"https:\\\/\\\/schema.org\",\"@graph\":[{\"@type\":\"WebPage\",\"@id\":\"https:\\\/\\\/clarijs-fietstassen.nl\\\/de\\\/produkt\\\/rohrrahmen-fuer-vogue-troy-supreme\\\/\",\"url\":\"https:\\\/\\\/clarijs-fietstassen.nl\\\/de\\\/produkt\\\/rohrrahmen-fuer-vogue-troy-supreme\\\/\",\"name\":\"Rohrrahmen f\u00fcr Vogue Troy\\\/Supreme - Clarijs Fietstassen\",\"isPartOf\":{\"@id\":\"https:\\\/\\\/clarijs-fietstassen.nl\\\/de\\\/#website\"},\"primaryImageOfPage\":{\"@id\":\"https:\\\/\\\/clarijs-fietstassen.nl\\\/de\\\/produkt\\\/rohrrahmen-fuer-vogue-troy-supreme\\\/#primaryimage\"},\"image\":{\"@id\":\"https:\\\/\\\/clarijs-fietstassen.nl\\\/de\\\/produkt\\\/rohrrahmen-fuer-vogue-troy-supreme\\\/#primaryimage\"},\"thumbnailUrl\":\"https:\\\/\\\/clarijs-fietstassen.nl\\\/wp-content\\\/uploads\\\/2023\\\/07\\\/wconn-117540.jpg\",\"datePublished\":\"2023-07-04T13:50:13+00:00\",\"dateModified\":\"2025-10-01T09:19:43+00:00\",\"description\":\"Der Rohrrahmen f\u00fcr Vogue Troy\\\/Supreme, erh\u00e4ltlich bei Clarijs Panniers, ist perfekt f\u00fcr das Vogue Troy Supreme E-Bike.\",\"breadcrumb\":{\"@id\":\"https:\\\/\\\/clarijs-fietstassen.nl\\\/de\\\/produkt\\\/rohrrahmen-fuer-vogue-troy-supreme\\\/#breadcrumb\"},\"inLanguage\":\"de\",\"potentialAction\":[{\"@type\":\"ReadAction\",\"target\":[\"https:\\\/\\\/clarijs-fietstassen.nl\\\/de\\\/produkt\\\/rohrrahmen-fuer-vogue-troy-supreme\\\/\"]}]},{\"@type\":\"ImageObject\",\"inLanguage\":\"de\",\"@id\":\"https:\\\/\\\/clarijs-fietstassen.nl\\\/de\\\/produkt\\\/rohrrahmen-fuer-vogue-troy-supreme\\\/#primaryimage\",\"url\":\"https:\\\/\\\/clarijs-fietstassen.nl\\\/wp-content\\\/uploads\\\/2023\\\/07\\\/wconn-117540.jpg\",\"contentUrl\":\"https:\\\/\\\/clarijs-fietstassen.nl\\\/wp-content\\\/uploads\\\/2023\\\/07\\\/wconn-117540.jpg\",\"width\":854,\"height\":614,\"caption\":\"Rohrrahmen f\u00fcr Vogue Troy\\\/Supreme\"},{\"@type\":\"BreadcrumbList\",\"@id\":\"https:\\\/\\\/clarijs-fietstassen.nl\\\/de\\\/produkt\\\/rohrrahmen-fuer-vogue-troy-supreme\\\/#breadcrumb\",\"itemListElement\":[{\"@type\":\"ListItem\",\"position\":1,\"name\":\"Home\",\"item\":\"https:\\\/\\\/clarijs-fietstassen.nl\\\/de\\\/\"},{\"@type\":\"ListItem\",\"position\":2,\"name\":\"Shop\",\"item\":\"https:\\\/\\\/clarijs-fietstassen.nl\\\/de\\\/shop\\\/\"},{\"@type\":\"ListItem\",\"position\":3,\"name\":\"Bakfiets Accessoires\",\"item\":\"https:\\\/\\\/clarijs-fietstassen.nl\\\/bakfiets-accessoires\\\/\"},{\"@type\":\"ListItem\",\"position\":4,\"name\":\"Rohrrahmen f\u00fcr Vogue Troy\\\/Supreme\"}]},{\"@type\":\"WebSite\",\"@id\":\"https:\\\/\\\/clarijs-fietstassen.nl\\\/de\\\/#website\",\"url\":\"https:\\\/\\\/clarijs-fietstassen.nl\\\/de\\\/\",\"name\":\"Clarijs Fietstassen\",\"description\":\"Kwaliteit &amp; ambacht sinds 1948\",\"publisher\":{\"@id\":\"https:\\\/\\\/clarijs-fietstassen.nl\\\/de\\\/#organization\"},\"potentialAction\":[{\"@type\":\"SearchAction\",\"target\":{\"@type\":\"EntryPoint\",\"urlTemplate\":\"https:\\\/\\\/clarijs-fietstassen.nl\\\/de\\\/?s={search_term_string}\"},\"query-input\":{\"@type\":\"PropertyValueSpecification\",\"valueRequired\":true,\"valueName\":\"search_term_string\"}}],\"inLanguage\":\"de\"},{\"@type\":\"Organization\",\"@id\":\"https:\\\/\\\/clarijs-fietstassen.nl\\\/de\\\/#organization\",\"name\":\"Clarijs Fietstassen\",\"url\":\"https:\\\/\\\/clarijs-fietstassen.nl\\\/de\\\/\",\"logo\":{\"@type\":\"ImageObject\",\"inLanguage\":\"de\",\"@id\":\"https:\\\/\\\/clarijs-fietstassen.nl\\\/de\\\/#\\\/schema\\\/logo\\\/image\\\/\",\"url\":\"https:\\\/\\\/clarijs-fietstassen.nl\\\/wp-content\\\/uploads\\\/2024\\\/01\\\/clarijs-logo-met-rand.jpg\",\"contentUrl\":\"https:\\\/\\\/clarijs-fietstassen.nl\\\/wp-content\\\/uploads\\\/2024\\\/01\\\/clarijs-logo-met-rand.jpg\",\"width\":560,\"height\":266,\"caption\":\"Clarijs Fietstassen\"},\"image\":{\"@id\":\"https:\\\/\\\/clarijs-fietstassen.nl\\\/de\\\/#\\\/schema\\\/logo\\\/image\\\/\"},\"sameAs\":[\"https:\\\/\\\/www.facebook.com\\\/clarijs1948\\\/\",\"https:\\\/\\\/www.instagram.com\\\/clarijscovers\\\/\"]}]}<\/script>\n<meta property=\"product:price:amount\" content=\"49.00\" \/>\n<meta property=\"product:price:currency\" content=\"EUR\" \/>\n<meta property=\"og:availability\" content=\"backorder\" \/>\n<meta property=\"product:availability\" content=\"available for order\" \/>\n<meta property=\"product:retailer_item_id\" content=\"5031\" \/>\n<meta property=\"product:condition\" content=\"new\" \/>\n<!-- \/ Yoast SEO Premium plugin. -->","yoast_head_json":{"title":"Rohrrahmen f\u00fcr Vogue Troy\/Supreme - Clarijs Fietstassen","description":"Der Rohrrahmen f\u00fcr Vogue Troy\/Supreme, erh\u00e4ltlich bei Clarijs Panniers, ist perfekt f\u00fcr das Vogue Troy Supreme E-Bike.","robots":{"index":"index","follow":"follow","max-snippet":"max-snippet:-1","max-image-preview":"max-image-preview:large","max-video-preview":"max-video-preview:-1"},"canonical":"https:\/\/clarijs-fietstassen.nl\/de\/produkt\/rohrrahmen-fuer-vogue-troy-supreme\/","og_locale":"de_DE","og_type":"article","og_title":"Rohrrahmen f\u00fcr Vogue Troy\/Supreme","og_description":"Der Rohrrahmen f\u00fcr Vogue Troy\/Supreme, erh\u00e4ltlich bei Clarijs Panniers, ist perfekt f\u00fcr das Vogue Troy Supreme E-Bike.","og_url":"https:\/\/clarijs-fietstassen.nl\/de\/produkt\/rohrrahmen-fuer-vogue-troy-supreme\/","og_site_name":"Clarijs Fietstassen","article_publisher":"https:\/\/www.facebook.com\/clarijs1948\/","article_modified_time":"2025-10-01T09:19:43+00:00","og_image":[{"width":854,"height":614,"url":"https:\/\/clarijs-fietstassen.nl\/wp-content\/uploads\/2023\/07\/wconn-117540.jpg","type":"image\/jpeg"}],"twitter_card":"summary_large_image","twitter_misc":{"Preis":"&euro;49.00","Verf\u00fcgbarkeit":"bei Nachbestellung"},"schema":{"@context":"https:\/\/schema.org","@graph":[{"@type":"WebPage","@id":"https:\/\/clarijs-fietstassen.nl\/de\/produkt\/rohrrahmen-fuer-vogue-troy-supreme\/","url":"https:\/\/clarijs-fietstassen.nl\/de\/produkt\/rohrrahmen-fuer-vogue-troy-supreme\/","name":"Rohrrahmen f\u00fcr Vogue Troy\/Supreme - Clarijs Fietstassen","isPartOf":{"@id":"https:\/\/clarijs-fietstassen.nl\/de\/#website"},"primaryImageOfPage":{"@id":"https:\/\/clarijs-fietstassen.nl\/de\/produkt\/rohrrahmen-fuer-vogue-troy-supreme\/#primaryimage"},"image":{"@id":"https:\/\/clarijs-fietstassen.nl\/de\/produkt\/rohrrahmen-fuer-vogue-troy-supreme\/#primaryimage"},"thumbnailUrl":"https:\/\/clarijs-fietstassen.nl\/wp-content\/uploads\/2023\/07\/wconn-117540.jpg","datePublished":"2023-07-04T13:50:13+00:00","dateModified":"2025-10-01T09:19:43+00:00","description":"Der Rohrrahmen f\u00fcr Vogue Troy\/Supreme, erh\u00e4ltlich bei Clarijs Panniers, ist perfekt f\u00fcr das Vogue Troy Supreme E-Bike.","breadcrumb":{"@id":"https:\/\/clarijs-fietstassen.nl\/de\/produkt\/rohrrahmen-fuer-vogue-troy-supreme\/#breadcrumb"},"inLanguage":"de","potentialAction":[{"@type":"ReadAction","target":["https:\/\/clarijs-fietstassen.nl\/de\/produkt\/rohrrahmen-fuer-vogue-troy-supreme\/"]}]},{"@type":"ImageObject","inLanguage":"de","@id":"https:\/\/clarijs-fietstassen.nl\/de\/produkt\/rohrrahmen-fuer-vogue-troy-supreme\/#primaryimage","url":"https:\/\/clarijs-fietstassen.nl\/wp-content\/uploads\/2023\/07\/wconn-117540.jpg","contentUrl":"https:\/\/clarijs-fietstassen.nl\/wp-content\/uploads\/2023\/07\/wconn-117540.jpg","width":854,"height":614,"caption":"Rohrrahmen f\u00fcr Vogue Troy\/Supreme"},{"@type":"BreadcrumbList","@id":"https:\/\/clarijs-fietstassen.nl\/de\/produkt\/rohrrahmen-fuer-vogue-troy-supreme\/#breadcrumb","itemListElement":[{"@type":"ListItem","position":1,"name":"Home","item":"https:\/\/clarijs-fietstassen.nl\/de\/"},{"@type":"ListItem","position":2,"name":"Shop","item":"https:\/\/clarijs-fietstassen.nl\/de\/shop\/"},{"@type":"ListItem","position":3,"name":"Bakfiets Accessoires","item":"https:\/\/clarijs-fietstassen.nl\/bakfiets-accessoires\/"},{"@type":"ListItem","position":4,"name":"Rohrrahmen f\u00fcr Vogue Troy\/Supreme"}]},{"@type":"WebSite","@id":"https:\/\/clarijs-fietstassen.nl\/de\/#website","url":"https:\/\/clarijs-fietstassen.nl\/de\/","name":"Clarijs Fietstassen","description":"Kwaliteit &amp; ambacht sinds 1948","publisher":{"@id":"https:\/\/clarijs-fietstassen.nl\/de\/#organization"},"potentialAction":[{"@type":"SearchAction","target":{"@type":"EntryPoint","urlTemplate":"https:\/\/clarijs-fietstassen.nl\/de\/?s={search_term_string}"},"query-input":{"@type":"PropertyValueSpecification","valueRequired":true,"valueName":"search_term_string"}}],"inLanguage":"de"},{"@type":"Organization","@id":"https:\/\/clarijs-fietstassen.nl\/de\/#organization","name":"Clarijs Fietstassen","url":"https:\/\/clarijs-fietstassen.nl\/de\/","logo":{"@type":"ImageObject","inLanguage":"de","@id":"https:\/\/clarijs-fietstassen.nl\/de\/#\/schema\/logo\/image\/","url":"https:\/\/clarijs-fietstassen.nl\/wp-content\/uploads\/2024\/01\/clarijs-logo-met-rand.jpg","contentUrl":"https:\/\/clarijs-fietstassen.nl\/wp-content\/uploads\/2024\/01\/clarijs-logo-met-rand.jpg","width":560,"height":266,"caption":"Clarijs Fietstassen"},"image":{"@id":"https:\/\/clarijs-fietstassen.nl\/de\/#\/schema\/logo\/image\/"},"sameAs":["https:\/\/www.facebook.com\/clarijs1948\/","https:\/\/www.instagram.com\/clarijscovers\/"]}]},"product_price_amount":"49.00","product_price_currency":"EUR","og_availability":"backorder","product_availability":"available for order","product_retailer_item_id":"5031","product_condition":"new"},"_links":{"self":[{"href":"https:\/\/clarijs-fietstassen.nl\/de\/wp-json\/wp\/v2\/product\/46931","targetHints":{"allow":["GET"]}}],"collection":[{"href":"https:\/\/clarijs-fietstassen.nl\/de\/wp-json\/wp\/v2\/product"}],"about":[{"href":"https:\/\/clarijs-fietstassen.nl\/de\/wp-json\/wp\/v2\/types\/product"}],"replies":[{"embeddable":true,"href":"https:\/\/clarijs-fietstassen.nl\/de\/wp-json\/wp\/v2\/comments?post=46931"}],"wp:featuredmedia":[{"embeddable":true,"href":"https:\/\/clarijs-fietstassen.nl\/de\/wp-json\/wp\/v2\/media\/46932"}],"wp:attachment":[{"href":"https:\/\/clarijs-fietstassen.nl\/de\/wp-json\/wp\/v2\/media?parent=46931"}],"wp:term":[{"taxonomy":"product_brand","embeddable":true,"href":"https:\/\/clarijs-fietstassen.nl\/de\/wp-json\/wp\/v2\/product_brand?post=46931"},{"taxonomy":"product_cat","embeddable":true,"href":"https:\/\/clarijs-fietstassen.nl\/de\/wp-json\/wp\/v2\/product_cat?post=46931"},{"taxonomy":"product_tag","embeddable":true,"href":"https:\/\/clarijs-fietstassen.nl\/de\/wp-json\/wp\/v2\/product_tag?post=46931"}],"curies":[{"name":"wp","href":"https:\/\/api.w.org\/{rel}","templated":true}]}}