{"id":46941,"date":"2023-07-04T15:04:14","date_gmt":"2023-07-04T13:04:14","guid":{"rendered":"https:\/\/clarijs-fietstassen.nl\/doppelte-packtasche-matte-olive\/"},"modified":"2026-04-01T15:20:10","modified_gmt":"2026-04-01T13:20:10","slug":"doppelte-packtasche-matte-olive","status":"publish","type":"product","link":"https:\/\/clarijs-fietstassen.nl\/de\/produkt\/doppelte-packtasche-matte-olive\/","title":{"rendered":"Doppelte Fahrradtasche Matt Olive"},"content":{"rendered":"<p><span style=\"font-weight: 400;\">Die Doppel-Fahrradtasche Mat Olive von Clarijs ist eine <strong>handgefertigte <\/strong>Fahrradtasche <strong>hochwertigen Materialien<\/strong>, entwickelt f\u00fcr den intensiven t\u00e4glichen Gebrauch. Langlebig, robust und praktisch mit einer modernen, matten Optik. <\/span><\/p>\n<p>Suchst du eine Doppel-Fahrradtasche f\u00fcr den t\u00e4glichen Einsatz auf E-Bikes und normalen Fahrr\u00e4dern? Diese Tasche ist spritzwasserdicht und sch\u00fctzt deine Sachen vor Regen und Schmutz. Die Kollektion von Fahrradtaschen mit matter Oberfl\u00e4che zeichnet sich durch eine hochwertige und moderne Ausstrahlung innerhalb der Fahrradtaschenkollektion von Clarijs aus.  <\/p>\n<p><strong>Warum diese Doppel-Fahrradtasche w\u00e4hlen?<\/strong><\/p>\n<ul>\n<li>Regenklappen und Ablauf\u00f6ffnungen verhindern das Eindringen von Wasser und Feuchtigkeitsansammlungen<\/li>\n<li>Viel Stauraum f\u00fcr Eink\u00e4ufe, Arbeitssachen oder den t\u00e4glichen Gebrauch \u2013 Volumen von 42 Litern<\/li>\n<li>Reflektierende Elemente an Vorder- und R\u00fcckseite f\u00fcr bessere Sichtbarkeit<\/li>\n<li>Verst\u00e4rkte Platten an R\u00fcck- und Unterseite aus recyceltem Kunststoff<\/li>\n<li>Zus\u00e4tzlicher Mittelgurt f\u00fcr extra Stabilit\u00e4t bei schwerer Beladung<\/li>\n<li>Schnallen aus hochwertigem, flexiblem Kunststoff mit wasserabweisendem PP-Band<\/li>\n<\/ul>\n<p>&nbsp;<\/p>\n<p><strong>Welche Ma\u00dfe hat diese Doppel-Fahrradtasche?<\/strong><br \/>\n<a href=\"https:\/\/clarijs-fietstassen.nl\/wp-content\/uploads\/2026\/03\/Lijntekening-Dubbele-Fietstas-met-maten.jpg\" target=\"_blank\" rel=\"noopener\">Klicken Sie f\u00fcr die Gr\u00f6\u00dfen\u00fcbersicht<\/a><br \/>\nDie Ma\u00dfe der Doppeltaschen in Zentimetern sind: L\u00e4nge x Tiefe\/Breite x H\u00f6he<br \/>\nInnen 36 x 18 x 32<br \/>\nAu\u00dfen 40 x 20 x 33<br \/>\n<em>Geeignet f\u00fcr Gep\u00e4cktr\u00e4ger von 13 bis 17 cm Breite<\/em><br \/>\nDa die Taschen <strong>handgefertigt<\/strong> sind, k\u00f6nnen die Ma\u00dfe um etwa 1 cm variieren<\/p>\n<p><strong>Aus welchem Material besteht diese Fahrradtasche?<\/strong><br \/>\nHergestellt aus starkem Bisonyl PVC-Gewebe mit matter Oberfl\u00e4che. Dieses Material ist wasserdicht, sehr strapazierf\u00e4hig, farbecht und wird auch f\u00fcr die Beschichtung von Lkw verwendet. <\/p>\n<p><strong>Stilvoll unterwegs mit der Doppel-Fahrradtasche Mat Olive<\/strong><br \/>\nKaufe auch den passenden <strong><a href=\"https:\/\/clarijs-fietstassen.nl\/de\/produkt\/shopper-matte-olive\/\" target=\"_blank\" rel=\"noopener\">Clarijs Shopper<\/a><\/strong> in derselben Farbe und aus dem gleichen Material. Dieser Shopper ist speziell daf\u00fcr entworfen, perfekt in die Doppel-Fahrradtasche zu passen und kann direkt mit Rabatt mitbestellt werden. <\/p>\n","protected":false},"excerpt":{"rendered":"<p>Die Doppel-Fahrradtasche Mat Olive von Clarijs ist eine handgefertigte Fahrradtasche hochwertigen Materialien, entwickelt f\u00fcr den intensiven t\u00e4glichen Gebrauch. Langlebig, robust und praktisch mit einer modernen, matten Optik. Suchst du eine Doppel-Fahrradtasche f\u00fcr den t\u00e4glichen Einsatz auf E-Bikes und normalen Fahrr\u00e4dern? Diese Tasche ist spritzwasserdicht und sch\u00fctzt deine Sachen vor Regen und Schmutz. Die Kollektion von [&hellip;]<\/p>\n","protected":false},"featured_media":46942,"comment_status":"closed","ping_status":"closed","template":"","meta":{"_acf_changed":false,"_et_pb_use_builder":"off","_et_pb_old_content":"<span style=\"font-weight: 400\">Die Doppelte Fahrradtasche - Mandelbl\u00fcte von Clarijs ist ideal f\u00fcr Elektrofahrr\u00e4der und normale Fahrr\u00e4der. Diese doppelte Fahrradtasche besteht aus PVC-Gewebe und ist daher sehr wasserdicht. Die Mat Olive Fahrradtasche hat au\u00dferdem Reflektionen auf der Vorder- und R\u00fcckseite.   Auf diese Weise ist die Tasche bei dunklem oder nebligem Wetter besser sichtbar. <\/span>\n\n<b>Vorteile:<\/b>\n<ul>\n \t<li style=\"font-weight: 400\"><span style=\"font-weight: 400\">Sehr <\/span><b>viel Platz<\/b><span style=\"font-weight: 400\"> In einer Doppeltragetasche von Clarijs. (40 & 46 Liter!) <\/span><\/li>\n \t<li style=\"font-weight: 400\"><span style=\"font-weight: 400\">Immer trockene Kleidung! Geeignet f\u00fcr raue Wetterbedingungen.<\/span><\/li>\n \t<li style=\"font-weight: 400\"><span style=\"font-weight: 400\">Geeignet f\u00fcr fast <\/span><b>jedes Fahrrad<\/b><span style=\"font-weight: 400\">. (Auch Elektrofahrr\u00e4der)<\/span><\/li>\n \t<li style=\"font-weight: 400\"><span style=\"font-weight: 400\">Clarijs bietet nur die <\/span><b>h\u00f6chste Qualit\u00e4t<\/b><span style=\"font-weight: 400\"> Materialien. <\/span> <\/li>\n \t<li style=\"font-weight: 400\"><b>Reflexion<\/b><span style=\"font-weight: 400\"> auf der Vorderseite & R\u00fcckseite!<\/span><\/li>\n \t<li style=\"font-weight: 400\"><span style=\"font-weight: 400\">Der Deckel ist mit<\/span><b> Regenklappen<\/b><span style=\"font-weight: 400\"> gegen eindringenden Regen.<\/span><\/li>\n<\/ul>\n<b>Jede Menge Platz<\/b>\n\n<i><span style=\"font-weight: 400\">Die Au\u00dfenma\u00dfe des XL sind: L 40 x B 18 x H 32 (Kapazit\u00e4t 46 Liter).\n<\/span><\/i><i>Die Au\u00dfenma\u00dfe des L sind: L 35 x B 18 x H 32 (Fassungsverm\u00f6gen 40 Liter).\n<\/i>Da die Taschen handgefertigt sind, k\u00f6nnen die Ma\u00dfe um etwa einen Zentimeter variieren.\n\n<b>Immer trockene Kleidung<\/b>\n\n<span style=\"font-weight: 400\">Der Deckel der Mandelbl\u00fcte Tasche ist mit Regenklappen ausgestattet, die das Eindringen von Regen verhindern. Au\u00dferdem sind sowohl die R\u00fcckseite als auch der Boden der Taschen  <\/span><b>verst\u00e4rkt<\/b><span style=\"font-weight: 400\"> mit starken Platten aus recyceltem Kunststoff. <\/span> \n\n<b>Hochwertiges Material<\/b>\n<ul>\n \t<li style=\"font-weight: 400\"><span style=\"font-weight: 400\">Die Pannier Mat Olive ist aus Bisonyl PVC-Canvas gefertigt, dem gleichen Stoff, der auch f\u00fcr die Beschichtung von Lastwagen verwendet wird.  <\/span><\/li>\n \t<li style=\"font-weight: 400\"><span style=\"font-weight: 400\">Die Vorteile von Bisonyl sind, dass der Stoff felsenfest, wasserdicht, farbecht und resistent gegen extreme Hitze und K\u00e4lte ist. <\/span><\/li>\n \t<li style=\"font-weight: 400\"><span style=\"font-weight: 400\">Die Schnallen der Mat Olive Doppeltasche sind aus hochwertigem, flexiblem Kunststoff gefertigt.  <\/span><\/li>\n \t<li style=\"font-weight: 400\"><span style=\"font-weight: 400\">Die Schnallen sind mit einem flexiblen, wasserabweisenden PP-Band an der Tasche befestigt.<\/span><\/li>\n<\/ul>\n<b>Extras:<\/b>\n<ul>\n \t<li style=\"font-weight: 400\"><span style=\"font-weight: 400\">Die Clarijs Shopper sind ma\u00dfgefertigt und passen genau in Doppelpacktaschen. Der Shopper passt also problemlos in eine Doppelpacktasche.   <\/span><\/li>\n \t<li style=\"font-weight: 400\"><span style=\"font-weight: 400\">Die Gr\u00f6\u00dfe XL hat einen zus\u00e4tzlichen <\/span><b>Mittelgurt<\/b><span style=\"font-weight: 400\"> um die Mitte herum, um die Tasche hochzuziehen und f\u00fcr zus\u00e4tzliche Stabilit\u00e4t zu sorgen, wenn sie schwer beladen ist.<\/span><\/li>\n \t<li style=\"font-weight: 400\"><span style=\"font-weight: 400\">Einschnitte f\u00fcr die Verwendung von Schnellverschl\u00fcssen in dieser Tasche sind m\u00f6glich, werden aber nicht empfohlen!!!<\/span><\/li>\n<\/ul>","_et_gb_content_width":""},"product_brand":[],"product_cat":[695,705,714,718,719,728,732,734,736,741,745,768,767,777],"product_tag":[],"class_list":{"0":"post-46941","1":"product","2":"type-product","3":"status-publish","4":"has-post-thumbnail","6":"product_cat-bisonyl-packtaschen","7":"product_cat-cortina-fahrradtaschen","8":"product_cat-doppelte-fahrradtaschen","9":"product_cat-doppelte-fahrradtaschen-fuer-damen","10":"product_cat-doppelte-fahrradtaschen-ohne-aufdruck","11":"product_cat-fahrradtaschen","12":"product_cat-gazelle-fahrradtaschen","13":"product_cat-giant-fahrradtaschen","14":"product_cat-gruene-fahrradtaschen","15":"product_cat-koga-fahrradtaschen","16":"product_cat-leichte-fahrradtaschen","17":"product_cat-stabile-fahrradtaschen","18":"product_cat-stella-fahrradtaschen","19":"product_cat-wasserdichte-fahrradtaschen","20":"pa_afmetingen-40-x-20-x-33-cm-l-x-b-x-h-de","21":"pa_geschikt-voor-e-bike-ja-de","22":"pa_inhoud-42-liter-de","23":"pa_kleur-grun","24":"pa_kleur-matt-olive-de","25":"pa_materiaal-bisonyl-pvc-leinwand","26":"pa_merk-clarijs-covers-b-v-de","27":"pa_reflectie-ja-de","28":"pa_snelbinders-toegankelijk-ja-wahlen-sie-die-option-schneiden-oder-aussparen-der-mitte","30":"first","31":"instock","32":"taxable","33":"shipping-taxable","34":"purchasable","35":"product-type-simple"},"acf":[],"yoast_head":"<!-- This site is optimized with the Yoast SEO Premium plugin v27.2 (Yoast SEO v27.3) - https:\/\/yoast.com\/product\/yoast-seo-premium-wordpress\/ -->\n<title>Doppelte Fahrradtasche Matt Olive - Clarijs Fietstassen<\/title>\n<meta name=\"description\" content=\"Doppelte Fahrradtasche Matt Olive Sie ist aus PVC-Canvas, einem wasserdichten Material, hergestellt. Die Tasche hat au\u00dferdem Reflexionen auf der Vorder- und R\u00fcckseite. Bestellen Sie es jetzt!\" \/>\n<meta name=\"robots\" content=\"index, follow, max-snippet:-1, max-image-preview:large, max-video-preview:-1\" \/>\n<link rel=\"canonical\" href=\"https:\/\/clarijs-fietstassen.nl\/de\/doppelte-packtasche-matte-olive\/\" \/>\n<meta property=\"og:locale\" content=\"de_DE\" \/>\n<meta property=\"og:type\" content=\"article\" \/>\n<meta property=\"og:title\" content=\"Doppelte Fahrradtasche Matt Olive\" \/>\n<meta property=\"og:description\" content=\"Doppelte Fahrradtasche Matt Olive Sie ist aus PVC-Canvas, einem wasserdichten Material, hergestellt. Die Tasche hat au\u00dferdem Reflexionen auf der Vorder- und R\u00fcckseite. Bestellen Sie es jetzt!\" \/>\n<meta property=\"og:url\" content=\"https:\/\/clarijs-fietstassen.nl\/de\/doppelte-packtasche-matte-olive\/\" \/>\n<meta property=\"og:site_name\" content=\"Clarijs Fietstassen\" \/>\n<meta property=\"article:publisher\" content=\"https:\/\/www.facebook.com\/clarijs1948\/\" \/>\n<meta property=\"article:modified_time\" content=\"2026-04-01T13:20:10+00:00\" \/>\n<meta property=\"og:image\" content=\"https:\/\/clarijs-fietstassen.nl\/wp-content\/uploads\/2023\/07\/Mat-groen-1.jpg\" \/>\n\t<meta property=\"og:image:width\" content=\"1500\" \/>\n\t<meta property=\"og:image:height\" content=\"1500\" \/>\n\t<meta property=\"og:image:type\" content=\"image\/jpeg\" \/>\n<meta name=\"twitter:card\" content=\"summary_large_image\" \/>\n<meta name=\"twitter:label1\" content=\"Preis\" \/>\n\t<meta name=\"twitter:data1\" content=\"&euro;69.00\" \/>\n\t<meta name=\"twitter:label2\" content=\"Verf\u00fcgbarkeit\" \/>\n\t<meta name=\"twitter:data2\" content=\"Auf Lager\" \/>\n<script type=\"application\/ld+json\" class=\"yoast-schema-graph\">{\"@context\":\"https:\\\/\\\/schema.org\",\"@graph\":[{\"@type\":\"WebPage\",\"@id\":\"https:\\\/\\\/clarijs-fietstassen.nl\\\/de\\\/doppelte-packtasche-matte-olive\\\/\",\"url\":\"https:\\\/\\\/clarijs-fietstassen.nl\\\/de\\\/doppelte-packtasche-matte-olive\\\/\",\"name\":\"Doppelte Fahrradtasche Matt Olive - Clarijs Fietstassen\",\"isPartOf\":{\"@id\":\"https:\\\/\\\/clarijs-fietstassen.nl\\\/de\\\/#website\"},\"primaryImageOfPage\":{\"@id\":\"https:\\\/\\\/clarijs-fietstassen.nl\\\/de\\\/doppelte-packtasche-matte-olive\\\/#primaryimage\"},\"image\":{\"@id\":\"https:\\\/\\\/clarijs-fietstassen.nl\\\/de\\\/doppelte-packtasche-matte-olive\\\/#primaryimage\"},\"thumbnailUrl\":\"https:\\\/\\\/clarijs-fietstassen.nl\\\/wp-content\\\/uploads\\\/2023\\\/07\\\/Mat-groen-1.jpg\",\"datePublished\":\"2023-07-04T13:04:14+00:00\",\"dateModified\":\"2026-04-01T13:20:10+00:00\",\"description\":\"Doppelte Fahrradtasche Matt Olive Sie ist aus PVC-Canvas, einem wasserdichten Material, hergestellt. Die Tasche hat au\u00dferdem Reflexionen auf der Vorder- und R\u00fcckseite. Bestellen Sie es jetzt!\",\"breadcrumb\":{\"@id\":\"https:\\\/\\\/clarijs-fietstassen.nl\\\/de\\\/doppelte-packtasche-matte-olive\\\/#breadcrumb\"},\"inLanguage\":\"de\",\"potentialAction\":[{\"@type\":\"ReadAction\",\"target\":[\"https:\\\/\\\/clarijs-fietstassen.nl\\\/de\\\/doppelte-packtasche-matte-olive\\\/\"]}]},{\"@type\":\"ImageObject\",\"inLanguage\":\"de\",\"@id\":\"https:\\\/\\\/clarijs-fietstassen.nl\\\/de\\\/doppelte-packtasche-matte-olive\\\/#primaryimage\",\"url\":\"https:\\\/\\\/clarijs-fietstassen.nl\\\/wp-content\\\/uploads\\\/2023\\\/07\\\/Mat-groen-1.jpg\",\"contentUrl\":\"https:\\\/\\\/clarijs-fietstassen.nl\\\/wp-content\\\/uploads\\\/2023\\\/07\\\/Mat-groen-1.jpg\",\"width\":1500,\"height\":1500,\"caption\":\"Doppelte Fahrradtasche Matt Olive\"},{\"@type\":\"BreadcrumbList\",\"@id\":\"https:\\\/\\\/clarijs-fietstassen.nl\\\/de\\\/doppelte-packtasche-matte-olive\\\/#breadcrumb\",\"itemListElement\":[{\"@type\":\"ListItem\",\"position\":1,\"name\":\"Home\",\"item\":\"https:\\\/\\\/clarijs-fietstassen.nl\\\/de\\\/\"},{\"@type\":\"ListItem\",\"position\":2,\"name\":\"Shop\",\"item\":\"https:\\\/\\\/clarijs-fietstassen.nl\\\/de\\\/shop\\\/\"},{\"@type\":\"ListItem\",\"position\":3,\"name\":\"Dubbele fietstassen zonder print\",\"item\":\"https:\\\/\\\/clarijs-fietstassen.nl\\\/dubbele-fietstassen-zonder-print\\\/\"},{\"@type\":\"ListItem\",\"position\":4,\"name\":\"Doppelte Fahrradtasche Matt Olive\"}]},{\"@type\":\"WebSite\",\"@id\":\"https:\\\/\\\/clarijs-fietstassen.nl\\\/de\\\/#website\",\"url\":\"https:\\\/\\\/clarijs-fietstassen.nl\\\/de\\\/\",\"name\":\"Clarijs Fietstassen\",\"description\":\"Kwaliteit &amp; ambacht sinds 1948\",\"publisher\":{\"@id\":\"https:\\\/\\\/clarijs-fietstassen.nl\\\/de\\\/#organization\"},\"potentialAction\":[{\"@type\":\"SearchAction\",\"target\":{\"@type\":\"EntryPoint\",\"urlTemplate\":\"https:\\\/\\\/clarijs-fietstassen.nl\\\/de\\\/?s={search_term_string}\"},\"query-input\":{\"@type\":\"PropertyValueSpecification\",\"valueRequired\":true,\"valueName\":\"search_term_string\"}}],\"inLanguage\":\"de\"},{\"@type\":\"Organization\",\"@id\":\"https:\\\/\\\/clarijs-fietstassen.nl\\\/de\\\/#organization\",\"name\":\"Clarijs Fietstassen\",\"url\":\"https:\\\/\\\/clarijs-fietstassen.nl\\\/de\\\/\",\"logo\":{\"@type\":\"ImageObject\",\"inLanguage\":\"de\",\"@id\":\"https:\\\/\\\/clarijs-fietstassen.nl\\\/de\\\/#\\\/schema\\\/logo\\\/image\\\/\",\"url\":\"https:\\\/\\\/clarijs-fietstassen.nl\\\/wp-content\\\/uploads\\\/2024\\\/01\\\/clarijs-logo-met-rand.jpg\",\"contentUrl\":\"https:\\\/\\\/clarijs-fietstassen.nl\\\/wp-content\\\/uploads\\\/2024\\\/01\\\/clarijs-logo-met-rand.jpg\",\"width\":560,\"height\":266,\"caption\":\"Clarijs Fietstassen\"},\"image\":{\"@id\":\"https:\\\/\\\/clarijs-fietstassen.nl\\\/de\\\/#\\\/schema\\\/logo\\\/image\\\/\"},\"sameAs\":[\"https:\\\/\\\/www.facebook.com\\\/clarijs1948\\\/\",\"https:\\\/\\\/www.instagram.com\\\/clarijscovers\\\/\"]}]}<\/script>\n<meta property=\"product:price:amount\" content=\"69.00\" \/>\n<meta property=\"product:price:currency\" content=\"EUR\" \/>\n<meta property=\"og:availability\" content=\"instock\" \/>\n<meta property=\"product:availability\" content=\"instock\" \/>\n<meta property=\"product:retailer_item_id\" content=\"1045\" \/>\n<meta property=\"product:condition\" content=\"new\" \/>\n<!-- \/ Yoast SEO Premium plugin. -->","yoast_head_json":{"title":"Doppelte Fahrradtasche Matt Olive - Clarijs Fietstassen","description":"Doppelte Fahrradtasche Matt Olive Sie ist aus PVC-Canvas, einem wasserdichten Material, hergestellt. Die Tasche hat au\u00dferdem Reflexionen auf der Vorder- und R\u00fcckseite. Bestellen Sie es jetzt!","robots":{"index":"index","follow":"follow","max-snippet":"max-snippet:-1","max-image-preview":"max-image-preview:large","max-video-preview":"max-video-preview:-1"},"canonical":"https:\/\/clarijs-fietstassen.nl\/de\/doppelte-packtasche-matte-olive\/","og_locale":"de_DE","og_type":"article","og_title":"Doppelte Fahrradtasche Matt Olive","og_description":"Doppelte Fahrradtasche Matt Olive Sie ist aus PVC-Canvas, einem wasserdichten Material, hergestellt. Die Tasche hat au\u00dferdem Reflexionen auf der Vorder- und R\u00fcckseite. Bestellen Sie es jetzt!","og_url":"https:\/\/clarijs-fietstassen.nl\/de\/doppelte-packtasche-matte-olive\/","og_site_name":"Clarijs Fietstassen","article_publisher":"https:\/\/www.facebook.com\/clarijs1948\/","article_modified_time":"2026-04-01T13:20:10+00:00","og_image":[{"width":1500,"height":1500,"url":"https:\/\/clarijs-fietstassen.nl\/wp-content\/uploads\/2023\/07\/Mat-groen-1.jpg","type":"image\/jpeg"}],"twitter_card":"summary_large_image","twitter_misc":{"Preis":"&euro;69.00","Verf\u00fcgbarkeit":"Auf Lager"},"schema":{"@context":"https:\/\/schema.org","@graph":[{"@type":"WebPage","@id":"https:\/\/clarijs-fietstassen.nl\/de\/doppelte-packtasche-matte-olive\/","url":"https:\/\/clarijs-fietstassen.nl\/de\/doppelte-packtasche-matte-olive\/","name":"Doppelte Fahrradtasche Matt Olive - Clarijs Fietstassen","isPartOf":{"@id":"https:\/\/clarijs-fietstassen.nl\/de\/#website"},"primaryImageOfPage":{"@id":"https:\/\/clarijs-fietstassen.nl\/de\/doppelte-packtasche-matte-olive\/#primaryimage"},"image":{"@id":"https:\/\/clarijs-fietstassen.nl\/de\/doppelte-packtasche-matte-olive\/#primaryimage"},"thumbnailUrl":"https:\/\/clarijs-fietstassen.nl\/wp-content\/uploads\/2023\/07\/Mat-groen-1.jpg","datePublished":"2023-07-04T13:04:14+00:00","dateModified":"2026-04-01T13:20:10+00:00","description":"Doppelte Fahrradtasche Matt Olive Sie ist aus PVC-Canvas, einem wasserdichten Material, hergestellt. Die Tasche hat au\u00dferdem Reflexionen auf der Vorder- und R\u00fcckseite. Bestellen Sie es jetzt!","breadcrumb":{"@id":"https:\/\/clarijs-fietstassen.nl\/de\/doppelte-packtasche-matte-olive\/#breadcrumb"},"inLanguage":"de","potentialAction":[{"@type":"ReadAction","target":["https:\/\/clarijs-fietstassen.nl\/de\/doppelte-packtasche-matte-olive\/"]}]},{"@type":"ImageObject","inLanguage":"de","@id":"https:\/\/clarijs-fietstassen.nl\/de\/doppelte-packtasche-matte-olive\/#primaryimage","url":"https:\/\/clarijs-fietstassen.nl\/wp-content\/uploads\/2023\/07\/Mat-groen-1.jpg","contentUrl":"https:\/\/clarijs-fietstassen.nl\/wp-content\/uploads\/2023\/07\/Mat-groen-1.jpg","width":1500,"height":1500,"caption":"Doppelte Fahrradtasche Matt Olive"},{"@type":"BreadcrumbList","@id":"https:\/\/clarijs-fietstassen.nl\/de\/doppelte-packtasche-matte-olive\/#breadcrumb","itemListElement":[{"@type":"ListItem","position":1,"name":"Home","item":"https:\/\/clarijs-fietstassen.nl\/de\/"},{"@type":"ListItem","position":2,"name":"Shop","item":"https:\/\/clarijs-fietstassen.nl\/de\/shop\/"},{"@type":"ListItem","position":3,"name":"Dubbele fietstassen zonder print","item":"https:\/\/clarijs-fietstassen.nl\/dubbele-fietstassen-zonder-print\/"},{"@type":"ListItem","position":4,"name":"Doppelte Fahrradtasche Matt Olive"}]},{"@type":"WebSite","@id":"https:\/\/clarijs-fietstassen.nl\/de\/#website","url":"https:\/\/clarijs-fietstassen.nl\/de\/","name":"Clarijs Fietstassen","description":"Kwaliteit &amp; ambacht sinds 1948","publisher":{"@id":"https:\/\/clarijs-fietstassen.nl\/de\/#organization"},"potentialAction":[{"@type":"SearchAction","target":{"@type":"EntryPoint","urlTemplate":"https:\/\/clarijs-fietstassen.nl\/de\/?s={search_term_string}"},"query-input":{"@type":"PropertyValueSpecification","valueRequired":true,"valueName":"search_term_string"}}],"inLanguage":"de"},{"@type":"Organization","@id":"https:\/\/clarijs-fietstassen.nl\/de\/#organization","name":"Clarijs Fietstassen","url":"https:\/\/clarijs-fietstassen.nl\/de\/","logo":{"@type":"ImageObject","inLanguage":"de","@id":"https:\/\/clarijs-fietstassen.nl\/de\/#\/schema\/logo\/image\/","url":"https:\/\/clarijs-fietstassen.nl\/wp-content\/uploads\/2024\/01\/clarijs-logo-met-rand.jpg","contentUrl":"https:\/\/clarijs-fietstassen.nl\/wp-content\/uploads\/2024\/01\/clarijs-logo-met-rand.jpg","width":560,"height":266,"caption":"Clarijs Fietstassen"},"image":{"@id":"https:\/\/clarijs-fietstassen.nl\/de\/#\/schema\/logo\/image\/"},"sameAs":["https:\/\/www.facebook.com\/clarijs1948\/","https:\/\/www.instagram.com\/clarijscovers\/"]}]},"product_price_amount":"69.00","product_price_currency":"EUR","og_availability":"instock","product_availability":"instock","product_retailer_item_id":"1045","product_condition":"new"},"_links":{"self":[{"href":"https:\/\/clarijs-fietstassen.nl\/de\/wp-json\/wp\/v2\/product\/46941","targetHints":{"allow":["GET"]}}],"collection":[{"href":"https:\/\/clarijs-fietstassen.nl\/de\/wp-json\/wp\/v2\/product"}],"about":[{"href":"https:\/\/clarijs-fietstassen.nl\/de\/wp-json\/wp\/v2\/types\/product"}],"replies":[{"embeddable":true,"href":"https:\/\/clarijs-fietstassen.nl\/de\/wp-json\/wp\/v2\/comments?post=46941"}],"wp:featuredmedia":[{"embeddable":true,"href":"https:\/\/clarijs-fietstassen.nl\/de\/wp-json\/wp\/v2\/media\/46942"}],"wp:attachment":[{"href":"https:\/\/clarijs-fietstassen.nl\/de\/wp-json\/wp\/v2\/media?parent=46941"}],"wp:term":[{"taxonomy":"product_brand","embeddable":true,"href":"https:\/\/clarijs-fietstassen.nl\/de\/wp-json\/wp\/v2\/product_brand?post=46941"},{"taxonomy":"product_cat","embeddable":true,"href":"https:\/\/clarijs-fietstassen.nl\/de\/wp-json\/wp\/v2\/product_cat?post=46941"},{"taxonomy":"product_tag","embeddable":true,"href":"https:\/\/clarijs-fietstassen.nl\/de\/wp-json\/wp\/v2\/product_tag?post=46941"}],"curies":[{"name":"wp","href":"https:\/\/api.w.org\/{rel}","templated":true}]}}