{"id":46944,"date":"2023-07-04T14:52:42","date_gmt":"2023-07-04T12:52:42","guid":{"rendered":"https:\/\/clarijs-fietstassen.nl\/regenverdeck-fuer-vogue-troy-ohne-gestell\/"},"modified":"2025-09-30T12:57:03","modified_gmt":"2025-09-30T10:57:03","slug":"regenverdeck-fuer-vogue-troy-ohne-gestell","status":"publish","type":"product","link":"https:\/\/clarijs-fietstassen.nl\/de\/produkt\/regenverdeck-fuer-vogue-troy-ohne-gestell\/","title":{"rendered":"Regenzelt f\u00fcr Vogue Troy (exkl Rahmen)"},"content":{"rendered":"<p>Dieses Regenzelt wurde speziell f\u00fcr das Vogue Troy Lastenfahrrad entwickelt (Dieses Regenzelt passt nur auf Troy Modelle mit einem Baujahr von 2021 oder h\u00f6her). <strong>Das Regenzelt enth\u00e4lt keinen Rahmen.<\/strong><br \/>\nDas Regenzelt f\u00fcr Vogue Troy (exkl Rahmen) hat zwei Rei\u00dfverschl\u00fcsse auf jeder Seite, so dass die Seitenfenster bei sch\u00f6nem Wetter oder beim Beladen der Ladefl\u00e4che hochgerollt werden k\u00f6nnen. Die R\u00fcckseite des Zeltes kann mit Klettverschluss ge\u00f6ffnet werden, um mehr Interaktion mit den Kindern und mehr Sauerstoffzirkulation zu erm\u00f6glichen. <strong>Materialien:<\/strong><br \/>\nDas Zelt ist aus gewebtem Nylon PU hergestellt. Dieses Material ist flexibel, stark und nat\u00fcrlich absolut wasserdicht. Das Zelt verf\u00fcgt \u00fcber hochwertige, wasserfeste Rei\u00dfverschl\u00fcsse mit einer St\u00e4rke von 10 mm. <strong>Vorteile<\/strong> des Regenzelt f\u00fcr Vogue Troy (exkl Rahmen): <\/p>\n<ul>\n<li>Zus\u00e4tzlicher Schutz f\u00fcr Ihr Hab und Gut und Ihr Fahrrad.<\/li>\n<li>Kann die Lebensdauer Ihres Fahrrads verl\u00e4ngern.<\/li>\n<li>Kann zu mehr Sicherheit beim Radfahren beitragen.<\/li>\n<\/ul>\n<p>Mit seinem eleganten Design und seiner hochwertigen Konstruktion ist das Regenzelt Vogue Troy die perfekte Wahl f\u00fcr alle, die Schutz vor Regen, Schnee und anderen extremen Wetterbedingungen suchen.<\/p>\n","protected":false},"excerpt":{"rendered":"<p>Dieses Regenzelt wurde speziell f\u00fcr das Vogue Troy Lastenfahrrad entwickelt (Dieses Regenzelt passt nur auf Troy Modelle mit einem Baujahr von 2021 oder h\u00f6her). Das Regenzelt enth\u00e4lt keinen Rahmen. Das Regenzelt f\u00fcr Vogue Troy (exkl Rahmen) hat zwei Rei\u00dfverschl\u00fcsse auf jeder Seite, so dass die Seitenfenster bei sch\u00f6nem Wetter oder beim Beladen der Ladefl\u00e4che hochgerollt [&hellip;]<\/p>\n","protected":false},"featured_media":46946,"comment_status":"closed","ping_status":"closed","template":"","meta":{"_acf_changed":false,"_et_pb_use_builder":"","_et_pb_old_content":"","_et_gb_content_width":""},"product_brand":[],"product_cat":[686,690,775],"product_tag":[],"class_list":{"0":"post-46944","1":"product","2":"type-product","3":"status-publish","4":"has-post-thumbnail","6":"product_cat-bakfiets-de","7":"product_cat-lastenrad-regenverdeck","8":"product_cat-vogue-de","9":"pa_geschikt-voor-e-bike-ja-de","10":"pa_kleur-schwarz","11":"pa_materiaal-gewebtes-nylon-pu","12":"pa_merk-clarijs-covers-b-v-de","13":"pa_reflectie-nein","15":"first","16":"instock","17":"taxable","18":"shipping-taxable","19":"purchasable","20":"product-type-simple"},"acf":[],"yoast_head":"<!-- This site is optimized with the Yoast SEO Premium plugin v27.2 (Yoast SEO v27.3) - https:\/\/yoast.com\/product\/yoast-seo-premium-wordpress\/ -->\n<title>Regenzelt f\u00fcr Vogue Troy (exkl Rahmen) - Clarijs Fietstassen<\/title>\n<meta name=\"description\" content=\"Das Regenzelt f\u00fcr Vogue Troy (exkl Rahmen) hat zwei Rei\u00dfverschl\u00fcsse auf jeder Seite, so dass die Seitenfenster bei sch\u00f6nem Wetter aufgerollt werden k\u00f6nnen.\" \/>\n<meta name=\"robots\" content=\"index, follow, max-snippet:-1, max-image-preview:large, max-video-preview:-1\" \/>\n<link rel=\"canonical\" href=\"https:\/\/clarijs-fietstassen.nl\/de\/produkt\/regenverdeck-fuer-vogue-troy-ohne-gestell\/\" \/>\n<meta property=\"og:locale\" content=\"de_DE\" \/>\n<meta property=\"og:type\" content=\"article\" \/>\n<meta property=\"og:title\" content=\"Regenzelt f\u00fcr Vogue Troy (exkl Rahmen)\" \/>\n<meta property=\"og:description\" content=\"Das Regenzelt f\u00fcr Vogue Troy (exkl Rahmen) hat zwei Rei\u00dfverschl\u00fcsse auf jeder Seite, so dass die Seitenfenster bei sch\u00f6nem Wetter aufgerollt werden k\u00f6nnen.\" \/>\n<meta property=\"og:url\" content=\"https:\/\/clarijs-fietstassen.nl\/de\/produkt\/regenverdeck-fuer-vogue-troy-ohne-gestell\/\" \/>\n<meta property=\"og:site_name\" content=\"Clarijs Fietstassen\" \/>\n<meta property=\"article:publisher\" content=\"https:\/\/www.facebook.com\/clarijs1948\/\" \/>\n<meta property=\"article:modified_time\" content=\"2025-09-30T10:57:03+00:00\" \/>\n<meta property=\"og:image\" content=\"https:\/\/clarijs-fietstassen.nl\/wp-content\/uploads\/2023\/07\/Vogue-Troy-dicht.jpg\" \/>\n\t<meta property=\"og:image:width\" content=\"2000\" \/>\n\t<meta property=\"og:image:height\" content=\"2000\" \/>\n\t<meta property=\"og:image:type\" content=\"image\/jpeg\" \/>\n<meta name=\"twitter:card\" content=\"summary_large_image\" \/>\n<meta name=\"twitter:label1\" content=\"Preis\" \/>\n\t<meta name=\"twitter:data1\" content=\"&euro;219.00\" \/>\n\t<meta name=\"twitter:label2\" content=\"Verf\u00fcgbarkeit\" \/>\n\t<meta name=\"twitter:data2\" content=\"Auf Lager\" \/>\n<script type=\"application\/ld+json\" class=\"yoast-schema-graph\">{\"@context\":\"https:\\\/\\\/schema.org\",\"@graph\":[{\"@type\":\"WebPage\",\"@id\":\"https:\\\/\\\/clarijs-fietstassen.nl\\\/de\\\/produkt\\\/regenverdeck-fuer-vogue-troy-ohne-gestell\\\/\",\"url\":\"https:\\\/\\\/clarijs-fietstassen.nl\\\/de\\\/produkt\\\/regenverdeck-fuer-vogue-troy-ohne-gestell\\\/\",\"name\":\"Regenzelt f\u00fcr Vogue Troy (exkl Rahmen) - Clarijs Fietstassen\",\"isPartOf\":{\"@id\":\"https:\\\/\\\/clarijs-fietstassen.nl\\\/de\\\/#website\"},\"primaryImageOfPage\":{\"@id\":\"https:\\\/\\\/clarijs-fietstassen.nl\\\/de\\\/produkt\\\/regenverdeck-fuer-vogue-troy-ohne-gestell\\\/#primaryimage\"},\"image\":{\"@id\":\"https:\\\/\\\/clarijs-fietstassen.nl\\\/de\\\/produkt\\\/regenverdeck-fuer-vogue-troy-ohne-gestell\\\/#primaryimage\"},\"thumbnailUrl\":\"https:\\\/\\\/clarijs-fietstassen.nl\\\/wp-content\\\/uploads\\\/2023\\\/07\\\/Vogue-Troy-dicht.jpg\",\"datePublished\":\"2023-07-04T12:52:42+00:00\",\"dateModified\":\"2025-09-30T10:57:03+00:00\",\"description\":\"Das Regenzelt f\u00fcr Vogue Troy (exkl Rahmen) hat zwei Rei\u00dfverschl\u00fcsse auf jeder Seite, so dass die Seitenfenster bei sch\u00f6nem Wetter aufgerollt werden k\u00f6nnen.\",\"breadcrumb\":{\"@id\":\"https:\\\/\\\/clarijs-fietstassen.nl\\\/de\\\/produkt\\\/regenverdeck-fuer-vogue-troy-ohne-gestell\\\/#breadcrumb\"},\"inLanguage\":\"de\",\"potentialAction\":[{\"@type\":\"ReadAction\",\"target\":[\"https:\\\/\\\/clarijs-fietstassen.nl\\\/de\\\/produkt\\\/regenverdeck-fuer-vogue-troy-ohne-gestell\\\/\"]}]},{\"@type\":\"ImageObject\",\"inLanguage\":\"de\",\"@id\":\"https:\\\/\\\/clarijs-fietstassen.nl\\\/de\\\/produkt\\\/regenverdeck-fuer-vogue-troy-ohne-gestell\\\/#primaryimage\",\"url\":\"https:\\\/\\\/clarijs-fietstassen.nl\\\/wp-content\\\/uploads\\\/2023\\\/07\\\/Vogue-Troy-dicht.jpg\",\"contentUrl\":\"https:\\\/\\\/clarijs-fietstassen.nl\\\/wp-content\\\/uploads\\\/2023\\\/07\\\/Vogue-Troy-dicht.jpg\",\"width\":2000,\"height\":2000,\"caption\":\"Regenzelt f\u00fcr Vogue Troy (exkl Rahmen) - Tight\"},{\"@type\":\"BreadcrumbList\",\"@id\":\"https:\\\/\\\/clarijs-fietstassen.nl\\\/de\\\/produkt\\\/regenverdeck-fuer-vogue-troy-ohne-gestell\\\/#breadcrumb\",\"itemListElement\":[{\"@type\":\"ListItem\",\"position\":1,\"name\":\"Home\",\"item\":\"https:\\\/\\\/clarijs-fietstassen.nl\\\/de\\\/\"},{\"@type\":\"ListItem\",\"position\":2,\"name\":\"Shop\",\"item\":\"https:\\\/\\\/clarijs-fietstassen.nl\\\/de\\\/shop\\\/\"},{\"@type\":\"ListItem\",\"position\":3,\"name\":\"Vogue\",\"item\":\"https:\\\/\\\/clarijs-fietstassen.nl\\\/vogue\\\/\"},{\"@type\":\"ListItem\",\"position\":4,\"name\":\"Regenzelt f\u00fcr Vogue Troy (exkl Rahmen)\"}]},{\"@type\":\"WebSite\",\"@id\":\"https:\\\/\\\/clarijs-fietstassen.nl\\\/de\\\/#website\",\"url\":\"https:\\\/\\\/clarijs-fietstassen.nl\\\/de\\\/\",\"name\":\"Clarijs Fietstassen\",\"description\":\"Kwaliteit &amp; ambacht sinds 1948\",\"publisher\":{\"@id\":\"https:\\\/\\\/clarijs-fietstassen.nl\\\/de\\\/#organization\"},\"potentialAction\":[{\"@type\":\"SearchAction\",\"target\":{\"@type\":\"EntryPoint\",\"urlTemplate\":\"https:\\\/\\\/clarijs-fietstassen.nl\\\/de\\\/?s={search_term_string}\"},\"query-input\":{\"@type\":\"PropertyValueSpecification\",\"valueRequired\":true,\"valueName\":\"search_term_string\"}}],\"inLanguage\":\"de\"},{\"@type\":\"Organization\",\"@id\":\"https:\\\/\\\/clarijs-fietstassen.nl\\\/de\\\/#organization\",\"name\":\"Clarijs Fietstassen\",\"url\":\"https:\\\/\\\/clarijs-fietstassen.nl\\\/de\\\/\",\"logo\":{\"@type\":\"ImageObject\",\"inLanguage\":\"de\",\"@id\":\"https:\\\/\\\/clarijs-fietstassen.nl\\\/de\\\/#\\\/schema\\\/logo\\\/image\\\/\",\"url\":\"https:\\\/\\\/clarijs-fietstassen.nl\\\/wp-content\\\/uploads\\\/2024\\\/01\\\/clarijs-logo-met-rand.jpg\",\"contentUrl\":\"https:\\\/\\\/clarijs-fietstassen.nl\\\/wp-content\\\/uploads\\\/2024\\\/01\\\/clarijs-logo-met-rand.jpg\",\"width\":560,\"height\":266,\"caption\":\"Clarijs Fietstassen\"},\"image\":{\"@id\":\"https:\\\/\\\/clarijs-fietstassen.nl\\\/de\\\/#\\\/schema\\\/logo\\\/image\\\/\"},\"sameAs\":[\"https:\\\/\\\/www.facebook.com\\\/clarijs1948\\\/\",\"https:\\\/\\\/www.instagram.com\\\/clarijscovers\\\/\"]}]}<\/script>\n<meta property=\"product:price:amount\" content=\"219.00\" \/>\n<meta property=\"product:price:currency\" content=\"EUR\" \/>\n<meta property=\"og:availability\" content=\"instock\" \/>\n<meta property=\"product:availability\" content=\"instock\" \/>\n<meta property=\"product:retailer_item_id\" content=\"5028\" \/>\n<meta property=\"product:condition\" content=\"new\" \/>\n<!-- \/ Yoast SEO Premium plugin. -->","yoast_head_json":{"title":"Regenzelt f\u00fcr Vogue Troy (exkl Rahmen) - Clarijs Fietstassen","description":"Das Regenzelt f\u00fcr Vogue Troy (exkl Rahmen) hat zwei Rei\u00dfverschl\u00fcsse auf jeder Seite, so dass die Seitenfenster bei sch\u00f6nem Wetter aufgerollt werden k\u00f6nnen.","robots":{"index":"index","follow":"follow","max-snippet":"max-snippet:-1","max-image-preview":"max-image-preview:large","max-video-preview":"max-video-preview:-1"},"canonical":"https:\/\/clarijs-fietstassen.nl\/de\/produkt\/regenverdeck-fuer-vogue-troy-ohne-gestell\/","og_locale":"de_DE","og_type":"article","og_title":"Regenzelt f\u00fcr Vogue Troy (exkl Rahmen)","og_description":"Das Regenzelt f\u00fcr Vogue Troy (exkl Rahmen) hat zwei Rei\u00dfverschl\u00fcsse auf jeder Seite, so dass die Seitenfenster bei sch\u00f6nem Wetter aufgerollt werden k\u00f6nnen.","og_url":"https:\/\/clarijs-fietstassen.nl\/de\/produkt\/regenverdeck-fuer-vogue-troy-ohne-gestell\/","og_site_name":"Clarijs Fietstassen","article_publisher":"https:\/\/www.facebook.com\/clarijs1948\/","article_modified_time":"2025-09-30T10:57:03+00:00","og_image":[{"width":2000,"height":2000,"url":"https:\/\/clarijs-fietstassen.nl\/wp-content\/uploads\/2023\/07\/Vogue-Troy-dicht.jpg","type":"image\/jpeg"}],"twitter_card":"summary_large_image","twitter_misc":{"Preis":"&euro;219.00","Verf\u00fcgbarkeit":"Auf Lager"},"schema":{"@context":"https:\/\/schema.org","@graph":[{"@type":"WebPage","@id":"https:\/\/clarijs-fietstassen.nl\/de\/produkt\/regenverdeck-fuer-vogue-troy-ohne-gestell\/","url":"https:\/\/clarijs-fietstassen.nl\/de\/produkt\/regenverdeck-fuer-vogue-troy-ohne-gestell\/","name":"Regenzelt f\u00fcr Vogue Troy (exkl Rahmen) - Clarijs Fietstassen","isPartOf":{"@id":"https:\/\/clarijs-fietstassen.nl\/de\/#website"},"primaryImageOfPage":{"@id":"https:\/\/clarijs-fietstassen.nl\/de\/produkt\/regenverdeck-fuer-vogue-troy-ohne-gestell\/#primaryimage"},"image":{"@id":"https:\/\/clarijs-fietstassen.nl\/de\/produkt\/regenverdeck-fuer-vogue-troy-ohne-gestell\/#primaryimage"},"thumbnailUrl":"https:\/\/clarijs-fietstassen.nl\/wp-content\/uploads\/2023\/07\/Vogue-Troy-dicht.jpg","datePublished":"2023-07-04T12:52:42+00:00","dateModified":"2025-09-30T10:57:03+00:00","description":"Das Regenzelt f\u00fcr Vogue Troy (exkl Rahmen) hat zwei Rei\u00dfverschl\u00fcsse auf jeder Seite, so dass die Seitenfenster bei sch\u00f6nem Wetter aufgerollt werden k\u00f6nnen.","breadcrumb":{"@id":"https:\/\/clarijs-fietstassen.nl\/de\/produkt\/regenverdeck-fuer-vogue-troy-ohne-gestell\/#breadcrumb"},"inLanguage":"de","potentialAction":[{"@type":"ReadAction","target":["https:\/\/clarijs-fietstassen.nl\/de\/produkt\/regenverdeck-fuer-vogue-troy-ohne-gestell\/"]}]},{"@type":"ImageObject","inLanguage":"de","@id":"https:\/\/clarijs-fietstassen.nl\/de\/produkt\/regenverdeck-fuer-vogue-troy-ohne-gestell\/#primaryimage","url":"https:\/\/clarijs-fietstassen.nl\/wp-content\/uploads\/2023\/07\/Vogue-Troy-dicht.jpg","contentUrl":"https:\/\/clarijs-fietstassen.nl\/wp-content\/uploads\/2023\/07\/Vogue-Troy-dicht.jpg","width":2000,"height":2000,"caption":"Regenzelt f\u00fcr Vogue Troy (exkl Rahmen) - Tight"},{"@type":"BreadcrumbList","@id":"https:\/\/clarijs-fietstassen.nl\/de\/produkt\/regenverdeck-fuer-vogue-troy-ohne-gestell\/#breadcrumb","itemListElement":[{"@type":"ListItem","position":1,"name":"Home","item":"https:\/\/clarijs-fietstassen.nl\/de\/"},{"@type":"ListItem","position":2,"name":"Shop","item":"https:\/\/clarijs-fietstassen.nl\/de\/shop\/"},{"@type":"ListItem","position":3,"name":"Vogue","item":"https:\/\/clarijs-fietstassen.nl\/vogue\/"},{"@type":"ListItem","position":4,"name":"Regenzelt f\u00fcr Vogue Troy (exkl Rahmen)"}]},{"@type":"WebSite","@id":"https:\/\/clarijs-fietstassen.nl\/de\/#website","url":"https:\/\/clarijs-fietstassen.nl\/de\/","name":"Clarijs Fietstassen","description":"Kwaliteit &amp; ambacht sinds 1948","publisher":{"@id":"https:\/\/clarijs-fietstassen.nl\/de\/#organization"},"potentialAction":[{"@type":"SearchAction","target":{"@type":"EntryPoint","urlTemplate":"https:\/\/clarijs-fietstassen.nl\/de\/?s={search_term_string}"},"query-input":{"@type":"PropertyValueSpecification","valueRequired":true,"valueName":"search_term_string"}}],"inLanguage":"de"},{"@type":"Organization","@id":"https:\/\/clarijs-fietstassen.nl\/de\/#organization","name":"Clarijs Fietstassen","url":"https:\/\/clarijs-fietstassen.nl\/de\/","logo":{"@type":"ImageObject","inLanguage":"de","@id":"https:\/\/clarijs-fietstassen.nl\/de\/#\/schema\/logo\/image\/","url":"https:\/\/clarijs-fietstassen.nl\/wp-content\/uploads\/2024\/01\/clarijs-logo-met-rand.jpg","contentUrl":"https:\/\/clarijs-fietstassen.nl\/wp-content\/uploads\/2024\/01\/clarijs-logo-met-rand.jpg","width":560,"height":266,"caption":"Clarijs Fietstassen"},"image":{"@id":"https:\/\/clarijs-fietstassen.nl\/de\/#\/schema\/logo\/image\/"},"sameAs":["https:\/\/www.facebook.com\/clarijs1948\/","https:\/\/www.instagram.com\/clarijscovers\/"]}]},"product_price_amount":"219.00","product_price_currency":"EUR","og_availability":"instock","product_availability":"instock","product_retailer_item_id":"5028","product_condition":"new"},"_links":{"self":[{"href":"https:\/\/clarijs-fietstassen.nl\/de\/wp-json\/wp\/v2\/product\/46944","targetHints":{"allow":["GET"]}}],"collection":[{"href":"https:\/\/clarijs-fietstassen.nl\/de\/wp-json\/wp\/v2\/product"}],"about":[{"href":"https:\/\/clarijs-fietstassen.nl\/de\/wp-json\/wp\/v2\/types\/product"}],"replies":[{"embeddable":true,"href":"https:\/\/clarijs-fietstassen.nl\/de\/wp-json\/wp\/v2\/comments?post=46944"}],"wp:featuredmedia":[{"embeddable":true,"href":"https:\/\/clarijs-fietstassen.nl\/de\/wp-json\/wp\/v2\/media\/46946"}],"wp:attachment":[{"href":"https:\/\/clarijs-fietstassen.nl\/de\/wp-json\/wp\/v2\/media?parent=46944"}],"wp:term":[{"taxonomy":"product_brand","embeddable":true,"href":"https:\/\/clarijs-fietstassen.nl\/de\/wp-json\/wp\/v2\/product_brand?post=46944"},{"taxonomy":"product_cat","embeddable":true,"href":"https:\/\/clarijs-fietstassen.nl\/de\/wp-json\/wp\/v2\/product_cat?post=46944"},{"taxonomy":"product_tag","embeddable":true,"href":"https:\/\/clarijs-fietstassen.nl\/de\/wp-json\/wp\/v2\/product_tag?post=46944"}],"curies":[{"name":"wp","href":"https:\/\/api.w.org\/{rel}","templated":true}]}}