{"id":46962,"date":"2023-07-04T15:20:56","date_gmt":"2023-07-04T13:20:56","guid":{"rendered":"https:\/\/clarijs-fietstassen.nl\/plane-ausgezeichnet-fuer-familie-nihola\/"},"modified":"2025-09-30T13:45:29","modified_gmt":"2025-09-30T11:45:29","slug":"plane-ausgezeichnet-fuer-familie-nihola","status":"publish","type":"product","link":"https:\/\/clarijs-fietstassen.nl\/de\/produkt\/plane-ausgezeichnet-fuer-familie-nihola\/","title":{"rendered":"Plane Excellent f\u00fcr Nihola Family"},"content":{"rendered":"<p data-start=\"233\" data-end=\"477\">Die Plane Excellent f\u00fcr Nihola Family ist der ideale Schutz f\u00fcr Ihr Nihola Family Lastenfahrrad. Diese starke und stilvolle Plane h\u00e4lt Ihre Ladung trocken und sch\u00fctzt sie vor Regen, Wind und Schmutz. So k\u00f6nnen Sie immer unbesorgt losfahren. Die Plane ist aus hochwertigem, beschichtetem Acrylgewebe gefertigt &#8211; dem gleichen Material, das auch im Wassersport verwendet wird. Dieser strapazierf\u00e4hige Stoff ist 100 % wasserdicht, farbecht und h\u00e4lt einer intensiven t\u00e4glichen Nutzung stand. Au\u00dferdem hat es einen luxuri\u00f6sen Look, der Ihr Lastenfahrrad nicht nur praktisch, sondern auch attraktiv macht.     <\/p>\n<p data-start=\"479\" data-end=\"801\"><strong>Welche Vorteile bietet die Plane Excellent f\u00fcr Nihola Family?<\/strong><\/p>\n<ul>\n<li data-start=\"871\" data-end=\"917\">\n<p data-start=\"873\" data-end=\"917\">Hergestellt aus hochfestem beschichtetem Acrylgewebe<\/p>\n<\/li>\n<li data-start=\"918\" data-end=\"954\">\n<p data-start=\"920\" data-end=\"954\">100% wasserdicht und wetterfest<\/p>\n<\/li>\n<li data-start=\"955\" data-end=\"1000\">\n<p data-start=\"957\" data-end=\"1000\">Hohe Farbechtheit, bleibt jahrelang sch\u00f6n<\/p>\n<\/li>\n<li data-start=\"1001\" data-end=\"1043\">\n<p data-start=\"1003\" data-end=\"1043\">Perfekt geeignet f\u00fcr die Nihola Family<\/p>\n<\/li>\n<li data-start=\"1044\" data-end=\"1087\">\n<p data-start=\"1046\" data-end=\"1087\">Erh\u00e4ltlich in 6 verschiedenen Farben.<\/p>\n<\/li>\n<\/ul>\n<p><strong>Die Ma\u00dfe der Plane sind:<\/strong><\/p>\n<p><span style=\"font-weight: 400;\">L\u00e4nge: 46 cm <\/span><\/p>\n<p><span style=\"font-weight: 400;\">Breite: 26 cm  <\/span><\/p>\n<p><span style=\"font-weight: 400;\">H\u00f6he: 32 cm<\/span><\/p>\n<p data-start=\"1177\" data-end=\"1308\">Mit einer perfekten Passform und zuverl\u00e4ssigem Schutz ist diese Abdeckplane ein unverzichtbares Zubeh\u00f6r f\u00fcr jedes Nihola Family Lastenrad. Mache dein Lastenrad komplett und entscheide dich f\u00fcr die Plane Excellent \u2013 bestelle sie noch heute bequem online. <\/p>\n","protected":false},"excerpt":{"rendered":"<p>Die Plane Excellent f\u00fcr Nihola Family ist der ideale Schutz f\u00fcr Ihr Nihola Family Lastenfahrrad. Diese starke und stilvolle Plane h\u00e4lt Ihre Ladung trocken und sch\u00fctzt sie vor Regen, Wind und Schmutz. So k\u00f6nnen Sie immer unbesorgt losfahren. Die Plane ist aus hochwertigem, beschichtetem Acrylgewebe gefertigt &#8211; dem gleichen Material, das auch im Wassersport verwendet [&hellip;]<\/p>\n","protected":false},"featured_media":46966,"comment_status":"closed","ping_status":"closed","template":"","meta":{"_acf_changed":false,"_et_pb_use_builder":"","_et_pb_old_content":"","_et_gb_content_width":""},"product_brand":[],"product_cat":[686,689,749],"product_tag":[],"class_list":{"0":"post-46962","1":"product","2":"type-product","3":"status-publish","4":"has-post-thumbnail","6":"product_cat-bakfiets-de","7":"product_cat-bakfiets-planen","8":"product_cat-nihola-de","9":"pa_geschikt-voor-e-bike-ja-de","10":"pa_kleur-blau","11":"pa_kleur-camel-de","12":"pa_kleur-grau","13":"pa_kleur-rot","14":"pa_kleur-schokoladen-braun","15":"pa_kleur-schwarz","16":"pa_materiaal-acryl-de","17":"pa_merk-clarijs-covers-b-v-de","18":"pa_reflectie-nein","20":"first","21":"instock","22":"taxable","23":"shipping-taxable","24":"purchasable","25":"product-type-variable"},"acf":[],"yoast_head":"<!-- This site is optimized with the Yoast SEO Premium plugin v27.2 (Yoast SEO v27.3) - https:\/\/yoast.com\/product\/yoast-seo-premium-wordpress\/ -->\n<title>Plane Excellent f\u00fcr Nihola Family - Clarijs Fietstassen<\/title>\n<meta name=\"description\" content=\"Die Plane Excellent f\u00fcr Nihola Family sch\u00fctzt Ihr Lastenrad und Ihre Ladung 100% wasserdicht und stilvoll. Bestellen Sie jetzt f\u00fcr optimalen Schutz.\" \/>\n<meta name=\"robots\" content=\"index, follow, max-snippet:-1, max-image-preview:large, max-video-preview:-1\" \/>\n<link rel=\"canonical\" href=\"http:\/\/clarijs-fietstassen.nl\/produkt\/afdekzeil-excellent-voor-nihola-family\/\" \/>\n<meta property=\"og:locale\" content=\"de_DE\" \/>\n<meta property=\"og:type\" content=\"article\" \/>\n<meta property=\"og:title\" content=\"Plane Excellent f\u00fcr Nihola Family\" \/>\n<meta property=\"og:description\" content=\"Die Plane Excellent f\u00fcr Nihola Family sch\u00fctzt Ihr Lastenrad und Ihre Ladung 100% wasserdicht und stilvoll. Bestellen Sie jetzt f\u00fcr optimalen Schutz.\" \/>\n<meta property=\"og:url\" content=\"http:\/\/clarijs-fietstassen.nl\/produkt\/afdekzeil-excellent-voor-nihola-family\/\" \/>\n<meta property=\"og:site_name\" content=\"Clarijs Fietstassen\" \/>\n<meta property=\"article:publisher\" content=\"https:\/\/www.facebook.com\/clarijs1948\/\" \/>\n<meta property=\"article:modified_time\" content=\"2025-09-30T11:45:29+00:00\" \/>\n<meta property=\"og:image\" content=\"https:\/\/clarijs-fietstassen.nl\/wp-content\/uploads\/2024\/01\/IMG_2343.png\" \/>\n\t<meta property=\"og:image:width\" content=\"1000\" \/>\n\t<meta property=\"og:image:height\" content=\"1000\" \/>\n\t<meta property=\"og:image:type\" content=\"image\/png\" \/>\n<meta name=\"twitter:card\" content=\"summary_large_image\" \/>\n<meta name=\"twitter:label1\" content=\"Verf\u00fcgbarkeit\" \/>\n\t<meta name=\"twitter:data1\" content=\"Auf Lager\" \/>\n<script type=\"application\/ld+json\" class=\"yoast-schema-graph\">{\"@context\":\"https:\\\/\\\/schema.org\",\"@graph\":[{\"@type\":\"WebPage\",\"@id\":\"http:\\\/\\\/clarijs-fietstassen.nl\\\/produkt\\\/afdekzeil-excellent-voor-nihola-family\\\/\",\"url\":\"http:\\\/\\\/clarijs-fietstassen.nl\\\/produkt\\\/afdekzeil-excellent-voor-nihola-family\\\/\",\"name\":\"Plane Excellent f\u00fcr Nihola Family - Clarijs Fietstassen\",\"isPartOf\":{\"@id\":\"https:\\\/\\\/clarijs-fietstassen.nl\\\/de\\\/#website\"},\"primaryImageOfPage\":{\"@id\":\"http:\\\/\\\/clarijs-fietstassen.nl\\\/produkt\\\/afdekzeil-excellent-voor-nihola-family\\\/#primaryimage\"},\"image\":{\"@id\":\"http:\\\/\\\/clarijs-fietstassen.nl\\\/produkt\\\/afdekzeil-excellent-voor-nihola-family\\\/#primaryimage\"},\"thumbnailUrl\":\"https:\\\/\\\/clarijs-fietstassen.nl\\\/wp-content\\\/uploads\\\/2024\\\/01\\\/IMG_2343.png\",\"datePublished\":\"2023-07-04T13:20:56+00:00\",\"dateModified\":\"2025-09-30T11:45:29+00:00\",\"description\":\"Die Plane Excellent f\u00fcr Nihola Family sch\u00fctzt Ihr Lastenrad und Ihre Ladung 100% wasserdicht und stilvoll. Bestellen Sie jetzt f\u00fcr optimalen Schutz.\",\"breadcrumb\":{\"@id\":\"http:\\\/\\\/clarijs-fietstassen.nl\\\/produkt\\\/afdekzeil-excellent-voor-nihola-family\\\/#breadcrumb\"},\"inLanguage\":\"de\",\"potentialAction\":[{\"@type\":\"ReadAction\",\"target\":[\"http:\\\/\\\/clarijs-fietstassen.nl\\\/produkt\\\/afdekzeil-excellent-voor-nihola-family\\\/\"]}]},{\"@type\":\"ImageObject\",\"inLanguage\":\"de\",\"@id\":\"http:\\\/\\\/clarijs-fietstassen.nl\\\/produkt\\\/afdekzeil-excellent-voor-nihola-family\\\/#primaryimage\",\"url\":\"https:\\\/\\\/clarijs-fietstassen.nl\\\/wp-content\\\/uploads\\\/2024\\\/01\\\/IMG_2343.png\",\"contentUrl\":\"https:\\\/\\\/clarijs-fietstassen.nl\\\/wp-content\\\/uploads\\\/2024\\\/01\\\/IMG_2343.png\",\"width\":1000,\"height\":1000,\"caption\":\"Plane Excellent f\u00fcr Nihola Family - Grau\"},{\"@type\":\"BreadcrumbList\",\"@id\":\"http:\\\/\\\/clarijs-fietstassen.nl\\\/produkt\\\/afdekzeil-excellent-voor-nihola-family\\\/#breadcrumb\",\"itemListElement\":[{\"@type\":\"ListItem\",\"position\":1,\"name\":\"Home\",\"item\":\"https:\\\/\\\/clarijs-fietstassen.nl\\\/de\\\/\"},{\"@type\":\"ListItem\",\"position\":2,\"name\":\"Shop\",\"item\":\"https:\\\/\\\/clarijs-fietstassen.nl\\\/de\\\/shop\\\/\"},{\"@type\":\"ListItem\",\"position\":3,\"name\":\"Nihola\",\"item\":\"https:\\\/\\\/clarijs-fietstassen.nl\\\/de\\\/nihola-de\\\/\"},{\"@type\":\"ListItem\",\"position\":4,\"name\":\"Plane Excellent f\u00fcr Nihola Family\"}]},{\"@type\":\"WebSite\",\"@id\":\"https:\\\/\\\/clarijs-fietstassen.nl\\\/de\\\/#website\",\"url\":\"https:\\\/\\\/clarijs-fietstassen.nl\\\/de\\\/\",\"name\":\"Clarijs Fietstassen\",\"description\":\"Kwaliteit &amp; ambacht sinds 1948\",\"publisher\":{\"@id\":\"https:\\\/\\\/clarijs-fietstassen.nl\\\/de\\\/#organization\"},\"potentialAction\":[{\"@type\":\"SearchAction\",\"target\":{\"@type\":\"EntryPoint\",\"urlTemplate\":\"https:\\\/\\\/clarijs-fietstassen.nl\\\/de\\\/?s={search_term_string}\"},\"query-input\":{\"@type\":\"PropertyValueSpecification\",\"valueRequired\":true,\"valueName\":\"search_term_string\"}}],\"inLanguage\":\"de\"},{\"@type\":\"Organization\",\"@id\":\"https:\\\/\\\/clarijs-fietstassen.nl\\\/de\\\/#organization\",\"name\":\"Clarijs Fietstassen\",\"url\":\"https:\\\/\\\/clarijs-fietstassen.nl\\\/de\\\/\",\"logo\":{\"@type\":\"ImageObject\",\"inLanguage\":\"de\",\"@id\":\"https:\\\/\\\/clarijs-fietstassen.nl\\\/de\\\/#\\\/schema\\\/logo\\\/image\\\/\",\"url\":\"https:\\\/\\\/clarijs-fietstassen.nl\\\/wp-content\\\/uploads\\\/2024\\\/01\\\/clarijs-logo-met-rand.jpg\",\"contentUrl\":\"https:\\\/\\\/clarijs-fietstassen.nl\\\/wp-content\\\/uploads\\\/2024\\\/01\\\/clarijs-logo-met-rand.jpg\",\"width\":560,\"height\":266,\"caption\":\"Clarijs Fietstassen\"},\"image\":{\"@id\":\"https:\\\/\\\/clarijs-fietstassen.nl\\\/de\\\/#\\\/schema\\\/logo\\\/image\\\/\"},\"sameAs\":[\"https:\\\/\\\/www.facebook.com\\\/clarijs1948\\\/\",\"https:\\\/\\\/www.instagram.com\\\/clarijscovers\\\/\"]}]}<\/script>\n<meta property=\"og:availability\" content=\"instock\" \/>\n<meta property=\"product:availability\" content=\"instock\" \/>\n<meta property=\"product:retailer_item_id\" content=\"5024\" \/>\n<meta property=\"product:condition\" content=\"new\" \/>\n<!-- \/ Yoast SEO Premium plugin. -->","yoast_head_json":{"title":"Plane Excellent f\u00fcr Nihola Family - Clarijs Fietstassen","description":"Die Plane Excellent f\u00fcr Nihola Family sch\u00fctzt Ihr Lastenrad und Ihre Ladung 100% wasserdicht und stilvoll. Bestellen Sie jetzt f\u00fcr optimalen Schutz.","robots":{"index":"index","follow":"follow","max-snippet":"max-snippet:-1","max-image-preview":"max-image-preview:large","max-video-preview":"max-video-preview:-1"},"canonical":"http:\/\/clarijs-fietstassen.nl\/produkt\/afdekzeil-excellent-voor-nihola-family\/","og_locale":"de_DE","og_type":"article","og_title":"Plane Excellent f\u00fcr Nihola Family","og_description":"Die Plane Excellent f\u00fcr Nihola Family sch\u00fctzt Ihr Lastenrad und Ihre Ladung 100% wasserdicht und stilvoll. Bestellen Sie jetzt f\u00fcr optimalen Schutz.","og_url":"http:\/\/clarijs-fietstassen.nl\/produkt\/afdekzeil-excellent-voor-nihola-family\/","og_site_name":"Clarijs Fietstassen","article_publisher":"https:\/\/www.facebook.com\/clarijs1948\/","article_modified_time":"2025-09-30T11:45:29+00:00","og_image":[{"width":1000,"height":1000,"url":"https:\/\/clarijs-fietstassen.nl\/wp-content\/uploads\/2024\/01\/IMG_2343.png","type":"image\/png"}],"twitter_card":"summary_large_image","twitter_misc":{"Verf\u00fcgbarkeit":"Auf Lager"},"schema":{"@context":"https:\/\/schema.org","@graph":[{"@type":"WebPage","@id":"http:\/\/clarijs-fietstassen.nl\/produkt\/afdekzeil-excellent-voor-nihola-family\/","url":"http:\/\/clarijs-fietstassen.nl\/produkt\/afdekzeil-excellent-voor-nihola-family\/","name":"Plane Excellent f\u00fcr Nihola Family - Clarijs Fietstassen","isPartOf":{"@id":"https:\/\/clarijs-fietstassen.nl\/de\/#website"},"primaryImageOfPage":{"@id":"http:\/\/clarijs-fietstassen.nl\/produkt\/afdekzeil-excellent-voor-nihola-family\/#primaryimage"},"image":{"@id":"http:\/\/clarijs-fietstassen.nl\/produkt\/afdekzeil-excellent-voor-nihola-family\/#primaryimage"},"thumbnailUrl":"https:\/\/clarijs-fietstassen.nl\/wp-content\/uploads\/2024\/01\/IMG_2343.png","datePublished":"2023-07-04T13:20:56+00:00","dateModified":"2025-09-30T11:45:29+00:00","description":"Die Plane Excellent f\u00fcr Nihola Family sch\u00fctzt Ihr Lastenrad und Ihre Ladung 100% wasserdicht und stilvoll. Bestellen Sie jetzt f\u00fcr optimalen Schutz.","breadcrumb":{"@id":"http:\/\/clarijs-fietstassen.nl\/produkt\/afdekzeil-excellent-voor-nihola-family\/#breadcrumb"},"inLanguage":"de","potentialAction":[{"@type":"ReadAction","target":["http:\/\/clarijs-fietstassen.nl\/produkt\/afdekzeil-excellent-voor-nihola-family\/"]}]},{"@type":"ImageObject","inLanguage":"de","@id":"http:\/\/clarijs-fietstassen.nl\/produkt\/afdekzeil-excellent-voor-nihola-family\/#primaryimage","url":"https:\/\/clarijs-fietstassen.nl\/wp-content\/uploads\/2024\/01\/IMG_2343.png","contentUrl":"https:\/\/clarijs-fietstassen.nl\/wp-content\/uploads\/2024\/01\/IMG_2343.png","width":1000,"height":1000,"caption":"Plane Excellent f\u00fcr Nihola Family - Grau"},{"@type":"BreadcrumbList","@id":"http:\/\/clarijs-fietstassen.nl\/produkt\/afdekzeil-excellent-voor-nihola-family\/#breadcrumb","itemListElement":[{"@type":"ListItem","position":1,"name":"Home","item":"https:\/\/clarijs-fietstassen.nl\/de\/"},{"@type":"ListItem","position":2,"name":"Shop","item":"https:\/\/clarijs-fietstassen.nl\/de\/shop\/"},{"@type":"ListItem","position":3,"name":"Nihola","item":"https:\/\/clarijs-fietstassen.nl\/de\/nihola-de\/"},{"@type":"ListItem","position":4,"name":"Plane Excellent f\u00fcr Nihola Family"}]},{"@type":"WebSite","@id":"https:\/\/clarijs-fietstassen.nl\/de\/#website","url":"https:\/\/clarijs-fietstassen.nl\/de\/","name":"Clarijs Fietstassen","description":"Kwaliteit &amp; ambacht sinds 1948","publisher":{"@id":"https:\/\/clarijs-fietstassen.nl\/de\/#organization"},"potentialAction":[{"@type":"SearchAction","target":{"@type":"EntryPoint","urlTemplate":"https:\/\/clarijs-fietstassen.nl\/de\/?s={search_term_string}"},"query-input":{"@type":"PropertyValueSpecification","valueRequired":true,"valueName":"search_term_string"}}],"inLanguage":"de"},{"@type":"Organization","@id":"https:\/\/clarijs-fietstassen.nl\/de\/#organization","name":"Clarijs Fietstassen","url":"https:\/\/clarijs-fietstassen.nl\/de\/","logo":{"@type":"ImageObject","inLanguage":"de","@id":"https:\/\/clarijs-fietstassen.nl\/de\/#\/schema\/logo\/image\/","url":"https:\/\/clarijs-fietstassen.nl\/wp-content\/uploads\/2024\/01\/clarijs-logo-met-rand.jpg","contentUrl":"https:\/\/clarijs-fietstassen.nl\/wp-content\/uploads\/2024\/01\/clarijs-logo-met-rand.jpg","width":560,"height":266,"caption":"Clarijs Fietstassen"},"image":{"@id":"https:\/\/clarijs-fietstassen.nl\/de\/#\/schema\/logo\/image\/"},"sameAs":["https:\/\/www.facebook.com\/clarijs1948\/","https:\/\/www.instagram.com\/clarijscovers\/"]}]},"og_availability":"instock","product_availability":"instock","product_retailer_item_id":"5024","product_condition":"new"},"_links":{"self":[{"href":"https:\/\/clarijs-fietstassen.nl\/de\/wp-json\/wp\/v2\/product\/46962","targetHints":{"allow":["GET"]}}],"collection":[{"href":"https:\/\/clarijs-fietstassen.nl\/de\/wp-json\/wp\/v2\/product"}],"about":[{"href":"https:\/\/clarijs-fietstassen.nl\/de\/wp-json\/wp\/v2\/types\/product"}],"replies":[{"embeddable":true,"href":"https:\/\/clarijs-fietstassen.nl\/de\/wp-json\/wp\/v2\/comments?post=46962"}],"wp:featuredmedia":[{"embeddable":true,"href":"https:\/\/clarijs-fietstassen.nl\/de\/wp-json\/wp\/v2\/media\/46966"}],"wp:attachment":[{"href":"https:\/\/clarijs-fietstassen.nl\/de\/wp-json\/wp\/v2\/media?parent=46962"}],"wp:term":[{"taxonomy":"product_brand","embeddable":true,"href":"https:\/\/clarijs-fietstassen.nl\/de\/wp-json\/wp\/v2\/product_brand?post=46962"},{"taxonomy":"product_cat","embeddable":true,"href":"https:\/\/clarijs-fietstassen.nl\/de\/wp-json\/wp\/v2\/product_cat?post=46962"},{"taxonomy":"product_tag","embeddable":true,"href":"https:\/\/clarijs-fietstassen.nl\/de\/wp-json\/wp\/v2\/product_tag?post=46962"}],"curies":[{"name":"wp","href":"https:\/\/api.w.org\/{rel}","templated":true}]}}