{"id":46982,"date":"2023-07-05T13:36:13","date_gmt":"2023-07-05T12:36:13","guid":{"rendered":"https:\/\/clarijs-fietstassen.nl\/solobag-einzel-fahrradtasche-recycled-grau\/"},"modified":"2025-05-07T14:07:08","modified_gmt":"2025-05-07T12:07:08","slug":"solobag-einzel-fahrradtasche-recycled-grau","status":"publish","type":"product","link":"https:\/\/clarijs-fietstassen.nl\/de\/produkt\/solobag-einzel-fahrradtasche-recycled-grau\/","title":{"rendered":"SoloBag Einzel-Fahrradtasche reCYCLEd &#8211; Grau"},"content":{"rendered":"<p><span style=\"font-weight: 400;\">Die Solobag Single Bicycle Bag reCYCLEd Grau ist die perfekte Kombination aus Haltbarkeit und Funktionalit\u00e4t. Diese tragbare Gep\u00e4cktr\u00e4gertasche kann entweder links oder rechts an Ihrem Fahrrad befestigt werden. Mit Ausnahme der Haken und Schnallen ist die Tasche vollst\u00e4ndig recycelt. Wir recyceln PVC und beschichtetes Acryl, indem wir die Abf\u00e4lle und Zuschnitte unserer Cargo-Bike-Regenabdeckungen verwenden.    <\/span><\/p>\n<p><b>Vorteile:<\/b><\/p>\n<ul>\n<li style=\"font-weight: 400;\" aria-level=\"1\"><span style=\"font-weight: 400;\">Multifunktional <\/span><b>100%<\/b> <b>wasserdicht<\/b><span style=\"font-weight: 400;\"> einzelne Fahrradtasche<\/span><\/li>\n<li style=\"font-weight: 400;\" aria-level=\"1\"><b>Quick-Lock-System<\/b><span style=\"font-weight: 400;\">: einstellbar ohne Werkzeug<\/span><\/li>\n<li style=\"font-weight: 400;\" aria-level=\"1\"><span style=\"font-weight: 400;\">Die Tasche l\u00e4sst sich leicht mit <\/span><b>magnetischen <\/b><span style=\"font-weight: 400;\">FIDLOCK-Schnalle<\/span><\/li>\n<li style=\"font-weight: 400;\" aria-level=\"1\"><span style=\"font-weight: 400;\">Auch als Umh\u00e4ngetasche geeignet, dank eines <\/span><b>abnehmbaren Schulterriemen<\/b><span style=\"font-weight: 400;\">.<\/span><\/li>\n<li style=\"font-weight: 400;\" aria-level=\"1\"><span style=\"font-weight: 400;\">Viel Fassungsverm\u00f6gen in einer einzigen Gep\u00e4cktasche <\/span><b>(24 Liter!)<\/b><\/li>\n<li style=\"font-weight: 400;\" aria-level=\"1\"><span style=\"font-weight: 400;\">Verst\u00e4rkte Tasche mit <\/span><b>ger\u00e4umigem Hauptfach<\/b><\/li>\n<\/ul>\n<p><i><span style=\"font-weight: 400;\">Au\u00dfenma\u00dfe dieser einzelnen Packtasche: <\/span><\/i><\/p>\n<p><i><span style=\"font-weight: 400;\">Breite 31 cm<\/span><\/i><br \/>\n<i><span style=\"font-weight: 400;\">H\u00f6he 40 cm  <\/span><\/i><br \/>\n<i><span style=\"font-weight: 400;\">Tiefe 19 cm<\/span><\/i><\/p>\n<p><b>100% wasserdicht<\/b><\/p>\n<p><span style=\"font-weight: 400;\">Die Clarijs Solobag reCYCLEd Grau ist ideal f\u00fcr alle, die eine ger\u00e4umige, wasserdichte Packtasche ben\u00f6tigen. Das ger\u00e4umige Hauptfach mit Innentasche und verst\u00e4rkter R\u00fcckwand wird mit einem praktischen und wasserdichten Rollverschluss geschlossen. Dieser Verschluss ist mit einer magnetischen FIDLOCK-Schnalle ausgestattet.   <\/span><\/p>\n<p><b>Quick-Lock-System<\/b><\/p>\n<p><span style=\"font-weight: 400;\">Mit den Quick-Lock-Haken und einer verstellbaren Hakenschiene an der Unterseite der Tasche k\u00f6nnen Sie die Solobag ganz einfach an Ihrem Fahrrad befestigen. Die Haken passen auf Gep\u00e4cktr\u00e4ger mit einem Rohrdurchmesser von bis zu 22 mm. Das Quick-Lock-System kann ohne Werkzeug eingestellt werden. Sie nehmen die Tasche einfach vom Gep\u00e4cktr\u00e4ger ab: Wenn Sie den mit dem Klicksystem verbundenen Hebel ziehen, schnappen die Haken vom Gep\u00e4cktr\u00e4gerrohr ab.   <\/span><\/p>\n<p><b>Hochwertiges Material<\/b><\/p>\n<ul>\n<li style=\"font-weight: 400;\" aria-level=\"1\"><span style=\"font-weight: 400;\">Diese tragbare Gep\u00e4cktr\u00e4gertasche wird aus den Produktionsabf\u00e4llen unserer Cargo-Bike-Regenabdeckungen hergestellt. Die von uns verwendeten Materialien sind beschichtetes Acryl und PVC. <\/span><\/li>\n<li style=\"font-weight: 400;\" aria-level=\"1\"><span style=\"font-weight: 400;\">F\u00fcr die Herstellung dieser hochwertigen Taschen verwenden wir die ausgeschnittenen Fensterelemente der Fahrradtaschen, die wir f\u00fcr Urban Arrow, Babboe, Carqon, Johnny Loco und Butchers &amp; Bicycles produzieren.<\/span><\/li>\n<li style=\"font-weight: 400;\" aria-level=\"1\"><span style=\"font-weight: 400;\">Die Tasche kann an der linken oder rechten Seite Ihres Fahrrads angebracht werden. Auch f\u00fcr Elektrofahrr\u00e4der geeignet.   <\/span><\/li>\n<li style=\"font-weight: 400;\" aria-level=\"1\"><span style=\"font-weight: 400;\">Mit dem mitgelieferten abnehmbaren Schultergurt kann die Clarijs Solobag bequem als Umh\u00e4ngetasche getragen werden.<\/span><\/li>\n<li style=\"font-weight: 400;\" aria-level=\"1\"><span style=\"font-weight: 400;\">Geeignet f\u00fcr raue Wetterbedingungen.<\/span><\/li>\n<\/ul>\n","protected":false},"excerpt":{"rendered":"<p>Abmessungen: H42 x B30 x T17<\/p>\n","protected":false},"featured_media":46998,"comment_status":"closed","ping_status":"closed","template":"","meta":{"_acf_changed":false,"_et_pb_use_builder":"","_et_pb_old_content":"","_et_gb_content_width":""},"product_brand":[],"product_cat":[705,721,728,730,732,734,735,741,747,783,781,764,765,768,767,755,777],"product_tag":[],"class_list":{"0":"post-46982","1":"product","2":"type-product","3":"status-publish","4":"has-post-thumbnail","6":"product_cat-cortina-fahrradtaschen","7":"product_cat-einzelne-fahrradtaschen","8":"product_cat-fahrradtaschen","9":"product_cat-fahrradtaschen-fur-den-einkauf","10":"product_cat-gazelle-fahrradtaschen","11":"product_cat-giant-fahrradtaschen","12":"product_cat-graue-fahrradtaschen","13":"product_cat-koga-fahrradtaschen","14":"product_cat-luxurioese-fahrradtaschen","15":"product_cat-recycled-de","16":"product_cat-schwarze-einzelfahrradtaschen","17":"product_cat-solobags-de","18":"product_cat-solobags-recycled-de","19":"product_cat-stabile-fahrradtaschen","20":"product_cat-stella-fahrradtaschen","21":"product_cat-umhangetaschen","22":"product_cat-wasserdichte-fahrradtaschen","23":"pa_geschikt-voor-e-bike-ja-de","24":"pa_inhoud-22-liter-de","25":"pa_kleur-grau","26":"pa_materiaal-acryl-de","27":"pa_materiaal-bisonyl-pvc-leinwand","28":"pa_merk-clarijs-covers-b-v-de","29":"pa_reflectie-ja-de","30":"pa_snelbinders-toegankelijk-ja-de","32":"first","33":"instock","34":"featured","35":"taxable","36":"shipping-taxable","37":"purchasable","38":"product-type-simple"},"acf":[],"yoast_head":"<!-- This site is optimized with the Yoast SEO Premium plugin v27.2 (Yoast SEO v27.3) - https:\/\/yoast.com\/product\/yoast-seo-premium-wordpress\/ -->\n<title>SoloBag Einzel-Fahrradtasche reCYCLEd - Grau - Clarijs Fietstassen<\/title>\n<meta name=\"description\" content=\"Wenn Sie eine robuste Fahrradtasche suchen, ist die Solobag Single Bicycle Bag - Grey sehr zu empfehlen. Diese robuste Tasche ist ideal f\u00fcr Reisen. Jetzt einkaufen!\" \/>\n<meta name=\"robots\" content=\"index, follow, max-snippet:-1, max-image-preview:large, max-video-preview:-1\" \/>\n<link rel=\"canonical\" href=\"http:\/\/clarijs-fietstassen.nl\/produkt\/solobag-enkele-fietstas-grijs\/\" \/>\n<meta property=\"og:locale\" content=\"de_DE\" \/>\n<meta property=\"og:type\" content=\"article\" \/>\n<meta property=\"og:title\" content=\"SoloBag Einzel-Fahrradtasche reCYCLEd - Grau\" \/>\n<meta property=\"og:description\" content=\"Wenn Sie eine robuste Fahrradtasche suchen, ist die Solobag Single Bicycle Bag - Grey sehr zu empfehlen. Diese robuste Tasche ist ideal f\u00fcr Reisen. Jetzt einkaufen!\" \/>\n<meta property=\"og:url\" content=\"http:\/\/clarijs-fietstassen.nl\/produkt\/solobag-enkele-fietstas-grijs\/\" \/>\n<meta property=\"og:site_name\" content=\"Clarijs Fietstassen\" \/>\n<meta property=\"article:publisher\" content=\"https:\/\/www.facebook.com\/clarijs1948\/\" \/>\n<meta property=\"article:modified_time\" content=\"2025-05-07T12:07:08+00:00\" \/>\n<meta property=\"og:image\" content=\"https:\/\/clarijs-fietstassen.nl\/wp-content\/uploads\/2023\/07\/Clarijs_03-51.jpg\" \/>\n\t<meta property=\"og:image:width\" content=\"1200\" \/>\n\t<meta property=\"og:image:height\" content=\"1200\" \/>\n\t<meta property=\"og:image:type\" content=\"image\/jpeg\" \/>\n<meta name=\"twitter:card\" content=\"summary_large_image\" \/>\n<meta name=\"twitter:label1\" content=\"Preis\" \/>\n\t<meta name=\"twitter:data1\" content=\"&euro;79.00\" \/>\n\t<meta name=\"twitter:label2\" content=\"Verf\u00fcgbarkeit\" \/>\n\t<meta name=\"twitter:data2\" content=\"Auf Lager\" \/>\n<script type=\"application\/ld+json\" class=\"yoast-schema-graph\">{\"@context\":\"https:\\\/\\\/schema.org\",\"@graph\":[{\"@type\":\"WebPage\",\"@id\":\"http:\\\/\\\/clarijs-fietstassen.nl\\\/produkt\\\/solobag-enkele-fietstas-grijs\\\/\",\"url\":\"http:\\\/\\\/clarijs-fietstassen.nl\\\/produkt\\\/solobag-enkele-fietstas-grijs\\\/\",\"name\":\"SoloBag Einzel-Fahrradtasche reCYCLEd - Grau - Clarijs Fietstassen\",\"isPartOf\":{\"@id\":\"https:\\\/\\\/clarijs-fietstassen.nl\\\/de\\\/#website\"},\"primaryImageOfPage\":{\"@id\":\"http:\\\/\\\/clarijs-fietstassen.nl\\\/produkt\\\/solobag-enkele-fietstas-grijs\\\/#primaryimage\"},\"image\":{\"@id\":\"http:\\\/\\\/clarijs-fietstassen.nl\\\/produkt\\\/solobag-enkele-fietstas-grijs\\\/#primaryimage\"},\"thumbnailUrl\":\"https:\\\/\\\/clarijs-fietstassen.nl\\\/wp-content\\\/uploads\\\/2023\\\/07\\\/Clarijs_03-51.jpg\",\"datePublished\":\"2023-07-05T12:36:13+00:00\",\"dateModified\":\"2025-05-07T12:07:08+00:00\",\"description\":\"Wenn Sie eine robuste Fahrradtasche suchen, ist die Solobag Single Bicycle Bag - Grey sehr zu empfehlen. Diese robuste Tasche ist ideal f\u00fcr Reisen. Jetzt einkaufen!\",\"breadcrumb\":{\"@id\":\"http:\\\/\\\/clarijs-fietstassen.nl\\\/produkt\\\/solobag-enkele-fietstas-grijs\\\/#breadcrumb\"},\"inLanguage\":\"de\",\"potentialAction\":[{\"@type\":\"ReadAction\",\"target\":[\"http:\\\/\\\/clarijs-fietstassen.nl\\\/produkt\\\/solobag-enkele-fietstas-grijs\\\/\"]}]},{\"@type\":\"ImageObject\",\"inLanguage\":\"de\",\"@id\":\"http:\\\/\\\/clarijs-fietstassen.nl\\\/produkt\\\/solobag-enkele-fietstas-grijs\\\/#primaryimage\",\"url\":\"https:\\\/\\\/clarijs-fietstassen.nl\\\/wp-content\\\/uploads\\\/2023\\\/07\\\/Clarijs_03-51.jpg\",\"contentUrl\":\"https:\\\/\\\/clarijs-fietstassen.nl\\\/wp-content\\\/uploads\\\/2023\\\/07\\\/Clarijs_03-51.jpg\",\"width\":1200,\"height\":1200,\"caption\":\"SoloBag Einzelne Fahrradtasche reCYCLEd - Grau\"},{\"@type\":\"BreadcrumbList\",\"@id\":\"http:\\\/\\\/clarijs-fietstassen.nl\\\/produkt\\\/solobag-enkele-fietstas-grijs\\\/#breadcrumb\",\"itemListElement\":[{\"@type\":\"ListItem\",\"position\":1,\"name\":\"Home\",\"item\":\"https:\\\/\\\/clarijs-fietstassen.nl\\\/de\\\/\"},{\"@type\":\"ListItem\",\"position\":2,\"name\":\"Shop\",\"item\":\"https:\\\/\\\/clarijs-fietstassen.nl\\\/de\\\/shop\\\/\"},{\"@type\":\"ListItem\",\"position\":3,\"name\":\"Solobags\",\"item\":\"https:\\\/\\\/clarijs-fietstassen.nl\\\/en\\\/solobags-en\\\/\"},{\"@type\":\"ListItem\",\"position\":4,\"name\":\"SoloBag Einzel-Fahrradtasche reCYCLEd &#8211; Grau\"}]},{\"@type\":\"WebSite\",\"@id\":\"https:\\\/\\\/clarijs-fietstassen.nl\\\/de\\\/#website\",\"url\":\"https:\\\/\\\/clarijs-fietstassen.nl\\\/de\\\/\",\"name\":\"Clarijs Fietstassen\",\"description\":\"Kwaliteit &amp; ambacht sinds 1948\",\"publisher\":{\"@id\":\"https:\\\/\\\/clarijs-fietstassen.nl\\\/de\\\/#organization\"},\"potentialAction\":[{\"@type\":\"SearchAction\",\"target\":{\"@type\":\"EntryPoint\",\"urlTemplate\":\"https:\\\/\\\/clarijs-fietstassen.nl\\\/de\\\/?s={search_term_string}\"},\"query-input\":{\"@type\":\"PropertyValueSpecification\",\"valueRequired\":true,\"valueName\":\"search_term_string\"}}],\"inLanguage\":\"de\"},{\"@type\":\"Organization\",\"@id\":\"https:\\\/\\\/clarijs-fietstassen.nl\\\/de\\\/#organization\",\"name\":\"Clarijs Fietstassen\",\"url\":\"https:\\\/\\\/clarijs-fietstassen.nl\\\/de\\\/\",\"logo\":{\"@type\":\"ImageObject\",\"inLanguage\":\"de\",\"@id\":\"https:\\\/\\\/clarijs-fietstassen.nl\\\/de\\\/#\\\/schema\\\/logo\\\/image\\\/\",\"url\":\"https:\\\/\\\/clarijs-fietstassen.nl\\\/wp-content\\\/uploads\\\/2024\\\/01\\\/clarijs-logo-met-rand.jpg\",\"contentUrl\":\"https:\\\/\\\/clarijs-fietstassen.nl\\\/wp-content\\\/uploads\\\/2024\\\/01\\\/clarijs-logo-met-rand.jpg\",\"width\":560,\"height\":266,\"caption\":\"Clarijs Fietstassen\"},\"image\":{\"@id\":\"https:\\\/\\\/clarijs-fietstassen.nl\\\/de\\\/#\\\/schema\\\/logo\\\/image\\\/\"},\"sameAs\":[\"https:\\\/\\\/www.facebook.com\\\/clarijs1948\\\/\",\"https:\\\/\\\/www.instagram.com\\\/clarijscovers\\\/\"]}]}<\/script>\n<meta property=\"product:price:amount\" content=\"79.00\" \/>\n<meta property=\"product:price:currency\" content=\"EUR\" \/>\n<meta property=\"og:availability\" content=\"instock\" \/>\n<meta property=\"product:availability\" content=\"instock\" \/>\n<meta property=\"product:retailer_item_id\" content=\"3005\" \/>\n<meta property=\"product:condition\" content=\"new\" \/>\n<!-- \/ Yoast SEO Premium plugin. -->","yoast_head_json":{"title":"SoloBag Einzel-Fahrradtasche reCYCLEd - Grau - Clarijs Fietstassen","description":"Wenn Sie eine robuste Fahrradtasche suchen, ist die Solobag Single Bicycle Bag - Grey sehr zu empfehlen. Diese robuste Tasche ist ideal f\u00fcr Reisen. Jetzt einkaufen!","robots":{"index":"index","follow":"follow","max-snippet":"max-snippet:-1","max-image-preview":"max-image-preview:large","max-video-preview":"max-video-preview:-1"},"canonical":"http:\/\/clarijs-fietstassen.nl\/produkt\/solobag-enkele-fietstas-grijs\/","og_locale":"de_DE","og_type":"article","og_title":"SoloBag Einzel-Fahrradtasche reCYCLEd - Grau","og_description":"Wenn Sie eine robuste Fahrradtasche suchen, ist die Solobag Single Bicycle Bag - Grey sehr zu empfehlen. Diese robuste Tasche ist ideal f\u00fcr Reisen. Jetzt einkaufen!","og_url":"http:\/\/clarijs-fietstassen.nl\/produkt\/solobag-enkele-fietstas-grijs\/","og_site_name":"Clarijs Fietstassen","article_publisher":"https:\/\/www.facebook.com\/clarijs1948\/","article_modified_time":"2025-05-07T12:07:08+00:00","og_image":[{"width":1200,"height":1200,"url":"https:\/\/clarijs-fietstassen.nl\/wp-content\/uploads\/2023\/07\/Clarijs_03-51.jpg","type":"image\/jpeg"}],"twitter_card":"summary_large_image","twitter_misc":{"Preis":"&euro;79.00","Verf\u00fcgbarkeit":"Auf Lager"},"schema":{"@context":"https:\/\/schema.org","@graph":[{"@type":"WebPage","@id":"http:\/\/clarijs-fietstassen.nl\/produkt\/solobag-enkele-fietstas-grijs\/","url":"http:\/\/clarijs-fietstassen.nl\/produkt\/solobag-enkele-fietstas-grijs\/","name":"SoloBag Einzel-Fahrradtasche reCYCLEd - Grau - Clarijs Fietstassen","isPartOf":{"@id":"https:\/\/clarijs-fietstassen.nl\/de\/#website"},"primaryImageOfPage":{"@id":"http:\/\/clarijs-fietstassen.nl\/produkt\/solobag-enkele-fietstas-grijs\/#primaryimage"},"image":{"@id":"http:\/\/clarijs-fietstassen.nl\/produkt\/solobag-enkele-fietstas-grijs\/#primaryimage"},"thumbnailUrl":"https:\/\/clarijs-fietstassen.nl\/wp-content\/uploads\/2023\/07\/Clarijs_03-51.jpg","datePublished":"2023-07-05T12:36:13+00:00","dateModified":"2025-05-07T12:07:08+00:00","description":"Wenn Sie eine robuste Fahrradtasche suchen, ist die Solobag Single Bicycle Bag - Grey sehr zu empfehlen. Diese robuste Tasche ist ideal f\u00fcr Reisen. Jetzt einkaufen!","breadcrumb":{"@id":"http:\/\/clarijs-fietstassen.nl\/produkt\/solobag-enkele-fietstas-grijs\/#breadcrumb"},"inLanguage":"de","potentialAction":[{"@type":"ReadAction","target":["http:\/\/clarijs-fietstassen.nl\/produkt\/solobag-enkele-fietstas-grijs\/"]}]},{"@type":"ImageObject","inLanguage":"de","@id":"http:\/\/clarijs-fietstassen.nl\/produkt\/solobag-enkele-fietstas-grijs\/#primaryimage","url":"https:\/\/clarijs-fietstassen.nl\/wp-content\/uploads\/2023\/07\/Clarijs_03-51.jpg","contentUrl":"https:\/\/clarijs-fietstassen.nl\/wp-content\/uploads\/2023\/07\/Clarijs_03-51.jpg","width":1200,"height":1200,"caption":"SoloBag Einzelne Fahrradtasche reCYCLEd - Grau"},{"@type":"BreadcrumbList","@id":"http:\/\/clarijs-fietstassen.nl\/produkt\/solobag-enkele-fietstas-grijs\/#breadcrumb","itemListElement":[{"@type":"ListItem","position":1,"name":"Home","item":"https:\/\/clarijs-fietstassen.nl\/de\/"},{"@type":"ListItem","position":2,"name":"Shop","item":"https:\/\/clarijs-fietstassen.nl\/de\/shop\/"},{"@type":"ListItem","position":3,"name":"Solobags","item":"https:\/\/clarijs-fietstassen.nl\/en\/solobags-en\/"},{"@type":"ListItem","position":4,"name":"SoloBag Einzel-Fahrradtasche reCYCLEd &#8211; Grau"}]},{"@type":"WebSite","@id":"https:\/\/clarijs-fietstassen.nl\/de\/#website","url":"https:\/\/clarijs-fietstassen.nl\/de\/","name":"Clarijs Fietstassen","description":"Kwaliteit &amp; ambacht sinds 1948","publisher":{"@id":"https:\/\/clarijs-fietstassen.nl\/de\/#organization"},"potentialAction":[{"@type":"SearchAction","target":{"@type":"EntryPoint","urlTemplate":"https:\/\/clarijs-fietstassen.nl\/de\/?s={search_term_string}"},"query-input":{"@type":"PropertyValueSpecification","valueRequired":true,"valueName":"search_term_string"}}],"inLanguage":"de"},{"@type":"Organization","@id":"https:\/\/clarijs-fietstassen.nl\/de\/#organization","name":"Clarijs Fietstassen","url":"https:\/\/clarijs-fietstassen.nl\/de\/","logo":{"@type":"ImageObject","inLanguage":"de","@id":"https:\/\/clarijs-fietstassen.nl\/de\/#\/schema\/logo\/image\/","url":"https:\/\/clarijs-fietstassen.nl\/wp-content\/uploads\/2024\/01\/clarijs-logo-met-rand.jpg","contentUrl":"https:\/\/clarijs-fietstassen.nl\/wp-content\/uploads\/2024\/01\/clarijs-logo-met-rand.jpg","width":560,"height":266,"caption":"Clarijs Fietstassen"},"image":{"@id":"https:\/\/clarijs-fietstassen.nl\/de\/#\/schema\/logo\/image\/"},"sameAs":["https:\/\/www.facebook.com\/clarijs1948\/","https:\/\/www.instagram.com\/clarijscovers\/"]}]},"product_price_amount":"79.00","product_price_currency":"EUR","og_availability":"instock","product_availability":"instock","product_retailer_item_id":"3005","product_condition":"new"},"_links":{"self":[{"href":"https:\/\/clarijs-fietstassen.nl\/de\/wp-json\/wp\/v2\/product\/46982","targetHints":{"allow":["GET"]}}],"collection":[{"href":"https:\/\/clarijs-fietstassen.nl\/de\/wp-json\/wp\/v2\/product"}],"about":[{"href":"https:\/\/clarijs-fietstassen.nl\/de\/wp-json\/wp\/v2\/types\/product"}],"replies":[{"embeddable":true,"href":"https:\/\/clarijs-fietstassen.nl\/de\/wp-json\/wp\/v2\/comments?post=46982"}],"wp:featuredmedia":[{"embeddable":true,"href":"https:\/\/clarijs-fietstassen.nl\/de\/wp-json\/wp\/v2\/media\/46998"}],"wp:attachment":[{"href":"https:\/\/clarijs-fietstassen.nl\/de\/wp-json\/wp\/v2\/media?parent=46982"}],"wp:term":[{"taxonomy":"product_brand","embeddable":true,"href":"https:\/\/clarijs-fietstassen.nl\/de\/wp-json\/wp\/v2\/product_brand?post=46982"},{"taxonomy":"product_cat","embeddable":true,"href":"https:\/\/clarijs-fietstassen.nl\/de\/wp-json\/wp\/v2\/product_cat?post=46982"},{"taxonomy":"product_tag","embeddable":true,"href":"https:\/\/clarijs-fietstassen.nl\/de\/wp-json\/wp\/v2\/product_tag?post=46982"}],"curies":[{"name":"wp","href":"https:\/\/api.w.org\/{rel}","templated":true}]}}