{"id":47288,"date":"2024-02-09T13:02:08","date_gmt":"2024-02-09T12:02:08","guid":{"rendered":"https:\/\/clarijs-fietstassen.nl\/regenzelt-fuer-bullitt-madjax-box\/"},"modified":"2025-09-24T15:06:50","modified_gmt":"2025-09-24T13:06:50","slug":"regenzelt-fuer-bullitt-madjax-box","status":"publish","type":"product","link":"https:\/\/clarijs-fietstassen.nl\/de\/produkt\/regenzelt-fuer-bullitt-madjax-box\/","title":{"rendered":"Regenzelt f\u00fcr Bullitt MadJax Box"},"content":{"rendered":"<p><span style=\"font-weight: 400;\">Das Regenzelt f\u00fcr Bullitt MadJax Box wurde speziell f\u00fcr das Bullitt Larry V Harry Lastenfahrrad mit MadJax Box hergestellt und bietet eine perfekte Passform. Mit den einfachen Befestigungsclips k\u00f6nnen Sie das Regenzelt m\u00fchelos am Wagen anbringen, so dass es auch bei starkem Wind fest an seinem Platz bleibt. Ganz gleich, ob Sie einkaufen gehen, Waren transportieren oder Ihre Kinder zur Schule bringen, dieses Regenzelt sorgt daf\u00fcr, dass Ihre Ladung immer trocken bleibt, egal wie das Wetter ist.   <\/span><\/p>\n<p><b>Vorteile<\/b> des Regenzelt f\u00fcr Bullitt MadJax Box:<\/p>\n<ul>\n<li style=\"font-weight: 400;\" aria-level=\"1\"><span style=\"font-weight: 400;\">Das Regenzelt ist wasserfest.<\/span><\/li>\n<li style=\"font-weight: 400;\" aria-level=\"1\"><span style=\"font-weight: 400;\">Das Regenzelt hat eine hohe Farbechtheit<\/span><\/li>\n<\/ul>\n<p><span style=\"font-weight: 400;\">Die Dimensionen<\/span><span style=\"font-weight: 400;\"> <\/span><span style=\"font-weight: 400;\">sind:<\/span><\/p>\n<p><span style=\"font-weight: 400;\">L\u00e4nge: 46 cm  <\/span><\/p>\n<p><span style=\"font-weight: 400;\">Breite: 26 cm  <\/span><\/p>\n<p><span style=\"font-weight: 400;\">H\u00f6he: 32 cm<\/span><\/p>\n<p><b>100 % wasserdicht<\/b><\/p>\n<p>Das Regenzelt f\u00fcr Bullitt MadJax Box ist aus <span style=\"font-weight: 400;\">gewebtem Nylon PU<\/span> hergestellt. Dieses Material ist flexibel, stark und nat\u00fcrlich absolut wasserdicht. Das Zelt verf\u00fcgt \u00fcber hochwertige, wasserfeste Rei\u00dfverschl\u00fcsse mit einer St\u00e4rke von 10 mm.  <\/p>\n<p><b>Hochwertiges Material<\/b><\/p>\n<ul>\n<li aria-level=\"1\">Die hochwertigen Materialien der Regenzelt sorgen daf\u00fcr, dass sie dem t\u00e4glichen Gebrauch standh\u00e4lt.<\/li>\n<li aria-level=\"1\">Das Nylongewebe ist wasserdicht und bietet hervorragenden Schutz vor Regen und Feuchtigkeit. So bleiben Ihre Habseligkeiten auch bei schlechtem Wetter trocken. <\/li>\n<li aria-level=\"1\">Nylongewebe ist stark und kann gro\u00dfen Lasten standhalten. Daher eignet es sich zum Tragen schwerer Gegenst\u00e4nde oder zur Herstellung stabiler Strukturen. <\/li>\n<li aria-level=\"1\">Nylon hat die F\u00e4higkeit, schnell zu trocknen, selbst wenn es Feuchtigkeit oder Regen ausgesetzt war.<\/li>\n<\/ul>\n","protected":false},"excerpt":{"rendered":"<p>Das Regenzelt f\u00fcr Bullitt MadJax Box wurde speziell f\u00fcr das Bullitt Larry V Harry Lastenfahrrad mit MadJax Box hergestellt und bietet eine perfekte Passform. Mit den einfachen Befestigungsclips k\u00f6nnen Sie das Regenzelt m\u00fchelos am Wagen anbringen, so dass es auch bei starkem Wind fest an seinem Platz bleibt. Ganz gleich, ob Sie einkaufen gehen, Waren [&hellip;]<\/p>\n","protected":false},"featured_media":47290,"comment_status":"closed","ping_status":"closed","template":"","meta":{"_acf_changed":false,"_et_pb_use_builder":"","_et_pb_old_content":"","_et_gb_content_width":""},"product_brand":[],"product_cat":[686,698,690],"product_tag":[],"class_list":{"0":"post-47288","1":"product","2":"type-product","3":"status-publish","4":"has-post-thumbnail","6":"product_cat-bakfiets-de","7":"product_cat-bullitt-de","8":"product_cat-lastenrad-regenverdeck","9":"pa_geschikt-voor-e-bike-ja-de","10":"pa_kleur-schwarz","11":"pa_materiaal-gewebtes-nylon-pu","12":"pa_merk-clarijs-covers-b-v-de","13":"pa_reflectie-nein","15":"first","16":"instock","17":"taxable","18":"shipping-taxable","19":"purchasable","20":"product-type-simple"},"acf":[],"yoast_head":"<!-- This site is optimized with the Yoast SEO Premium plugin v27.2 (Yoast SEO v27.3) - https:\/\/yoast.com\/product\/yoast-seo-premium-wordpress\/ -->\n<title>Regenzelt f\u00fcr Bullitt MadJax Box - Clarijs Fietstassen<\/title>\n<meta name=\"description\" content=\"Die Regenzelt f\u00fcr Bullitt MadJax Box wurde speziell f\u00fcr das Bullitt Larry V Harry Cargo Bike mit MadJax Box angefertigt und bietet eine perfekte Passform. Jetzt einkaufen!\" \/>\n<meta name=\"robots\" content=\"index, follow, max-snippet:-1, max-image-preview:large, max-video-preview:-1\" \/>\n<link rel=\"canonical\" href=\"https:\/\/clarijs-fietstassen.nl\/de\/produkt\/regenzelt-fuer-bullitt-madjax-box\/\" \/>\n<meta property=\"og:locale\" content=\"de_DE\" \/>\n<meta property=\"og:type\" content=\"article\" \/>\n<meta property=\"og:title\" content=\"Regenzelt f\u00fcr Bullitt MadJax Box\" \/>\n<meta property=\"og:description\" content=\"Die Regenzelt f\u00fcr Bullitt MadJax Box wurde speziell f\u00fcr das Bullitt Larry V Harry Cargo Bike mit MadJax Box angefertigt und bietet eine perfekte Passform. Jetzt einkaufen!\" \/>\n<meta property=\"og:url\" content=\"https:\/\/clarijs-fietstassen.nl\/de\/produkt\/regenzelt-fuer-bullitt-madjax-box\/\" \/>\n<meta property=\"og:site_name\" content=\"Clarijs Fietstassen\" \/>\n<meta property=\"article:publisher\" content=\"https:\/\/www.facebook.com\/clarijs1948\/\" \/>\n<meta property=\"article:modified_time\" content=\"2025-09-24T13:06:50+00:00\" \/>\n<meta property=\"og:image\" content=\"https:\/\/clarijs-fietstassen.nl\/wp-content\/uploads\/2023\/07\/Clarijs_02-1_1903x-1024x1024.png\" \/>\n\t<meta property=\"og:image:width\" content=\"1024\" \/>\n\t<meta property=\"og:image:height\" content=\"1024\" \/>\n\t<meta property=\"og:image:type\" content=\"image\/png\" \/>\n<meta name=\"twitter:card\" content=\"summary_large_image\" \/>\n<meta name=\"twitter:label1\" content=\"Preis\" \/>\n\t<meta name=\"twitter:data1\" content=\"&euro;269.00\" \/>\n\t<meta name=\"twitter:label2\" content=\"Verf\u00fcgbarkeit\" \/>\n\t<meta name=\"twitter:data2\" content=\"Auf Lager\" \/>\n<script type=\"application\/ld+json\" class=\"yoast-schema-graph\">{\"@context\":\"https:\\\/\\\/schema.org\",\"@graph\":[{\"@type\":\"WebPage\",\"@id\":\"https:\\\/\\\/clarijs-fietstassen.nl\\\/de\\\/produkt\\\/regenzelt-fuer-bullitt-madjax-box\\\/\",\"url\":\"https:\\\/\\\/clarijs-fietstassen.nl\\\/de\\\/produkt\\\/regenzelt-fuer-bullitt-madjax-box\\\/\",\"name\":\"Regenzelt f\u00fcr Bullitt MadJax Box - Clarijs Fietstassen\",\"isPartOf\":{\"@id\":\"https:\\\/\\\/clarijs-fietstassen.nl\\\/de\\\/#website\"},\"primaryImageOfPage\":{\"@id\":\"https:\\\/\\\/clarijs-fietstassen.nl\\\/de\\\/produkt\\\/regenzelt-fuer-bullitt-madjax-box\\\/#primaryimage\"},\"image\":{\"@id\":\"https:\\\/\\\/clarijs-fietstassen.nl\\\/de\\\/produkt\\\/regenzelt-fuer-bullitt-madjax-box\\\/#primaryimage\"},\"thumbnailUrl\":\"https:\\\/\\\/clarijs-fietstassen.nl\\\/wp-content\\\/uploads\\\/2023\\\/07\\\/Clarijs_02-1_1903x.png\",\"datePublished\":\"2024-02-09T12:02:08+00:00\",\"dateModified\":\"2025-09-24T13:06:50+00:00\",\"description\":\"Die Regenzelt f\u00fcr Bullitt MadJax Box wurde speziell f\u00fcr das Bullitt Larry V Harry Cargo Bike mit MadJax Box angefertigt und bietet eine perfekte Passform. Jetzt einkaufen!\",\"breadcrumb\":{\"@id\":\"https:\\\/\\\/clarijs-fietstassen.nl\\\/de\\\/produkt\\\/regenzelt-fuer-bullitt-madjax-box\\\/#breadcrumb\"},\"inLanguage\":\"de\",\"potentialAction\":[{\"@type\":\"ReadAction\",\"target\":[\"https:\\\/\\\/clarijs-fietstassen.nl\\\/de\\\/produkt\\\/regenzelt-fuer-bullitt-madjax-box\\\/\"]}]},{\"@type\":\"ImageObject\",\"inLanguage\":\"de\",\"@id\":\"https:\\\/\\\/clarijs-fietstassen.nl\\\/de\\\/produkt\\\/regenzelt-fuer-bullitt-madjax-box\\\/#primaryimage\",\"url\":\"https:\\\/\\\/clarijs-fietstassen.nl\\\/wp-content\\\/uploads\\\/2023\\\/07\\\/Clarijs_02-1_1903x.png\",\"contentUrl\":\"https:\\\/\\\/clarijs-fietstassen.nl\\\/wp-content\\\/uploads\\\/2023\\\/07\\\/Clarijs_02-1_1903x.png\",\"width\":1903,\"height\":1903,\"caption\":\"Regenzelt f\u00fcr Bullitt MadJax Box\"},{\"@type\":\"BreadcrumbList\",\"@id\":\"https:\\\/\\\/clarijs-fietstassen.nl\\\/de\\\/produkt\\\/regenzelt-fuer-bullitt-madjax-box\\\/#breadcrumb\",\"itemListElement\":[{\"@type\":\"ListItem\",\"position\":1,\"name\":\"Home\",\"item\":\"https:\\\/\\\/clarijs-fietstassen.nl\\\/de\\\/\"},{\"@type\":\"ListItem\",\"position\":2,\"name\":\"Shop\",\"item\":\"https:\\\/\\\/clarijs-fietstassen.nl\\\/de\\\/shop\\\/\"},{\"@type\":\"ListItem\",\"position\":3,\"name\":\"Bullitt\",\"item\":\"https:\\\/\\\/clarijs-fietstassen.nl\\\/bullitt\\\/\"},{\"@type\":\"ListItem\",\"position\":4,\"name\":\"Regenzelt f\u00fcr Bullitt MadJax Box\"}]},{\"@type\":\"WebSite\",\"@id\":\"https:\\\/\\\/clarijs-fietstassen.nl\\\/de\\\/#website\",\"url\":\"https:\\\/\\\/clarijs-fietstassen.nl\\\/de\\\/\",\"name\":\"Clarijs Fietstassen\",\"description\":\"Kwaliteit &amp; ambacht sinds 1948\",\"publisher\":{\"@id\":\"https:\\\/\\\/clarijs-fietstassen.nl\\\/de\\\/#organization\"},\"potentialAction\":[{\"@type\":\"SearchAction\",\"target\":{\"@type\":\"EntryPoint\",\"urlTemplate\":\"https:\\\/\\\/clarijs-fietstassen.nl\\\/de\\\/?s={search_term_string}\"},\"query-input\":{\"@type\":\"PropertyValueSpecification\",\"valueRequired\":true,\"valueName\":\"search_term_string\"}}],\"inLanguage\":\"de\"},{\"@type\":\"Organization\",\"@id\":\"https:\\\/\\\/clarijs-fietstassen.nl\\\/de\\\/#organization\",\"name\":\"Clarijs Fietstassen\",\"url\":\"https:\\\/\\\/clarijs-fietstassen.nl\\\/de\\\/\",\"logo\":{\"@type\":\"ImageObject\",\"inLanguage\":\"de\",\"@id\":\"https:\\\/\\\/clarijs-fietstassen.nl\\\/de\\\/#\\\/schema\\\/logo\\\/image\\\/\",\"url\":\"https:\\\/\\\/clarijs-fietstassen.nl\\\/wp-content\\\/uploads\\\/2024\\\/01\\\/clarijs-logo-met-rand.jpg\",\"contentUrl\":\"https:\\\/\\\/clarijs-fietstassen.nl\\\/wp-content\\\/uploads\\\/2024\\\/01\\\/clarijs-logo-met-rand.jpg\",\"width\":560,\"height\":266,\"caption\":\"Clarijs Fietstassen\"},\"image\":{\"@id\":\"https:\\\/\\\/clarijs-fietstassen.nl\\\/de\\\/#\\\/schema\\\/logo\\\/image\\\/\"},\"sameAs\":[\"https:\\\/\\\/www.facebook.com\\\/clarijs1948\\\/\",\"https:\\\/\\\/www.instagram.com\\\/clarijscovers\\\/\"]}]}<\/script>\n<meta property=\"product:price:amount\" content=\"269.00\" \/>\n<meta property=\"product:price:currency\" content=\"EUR\" \/>\n<meta property=\"og:availability\" content=\"instock\" \/>\n<meta property=\"product:availability\" content=\"instock\" \/>\n<meta property=\"product:retailer_item_id\" content=\"5052\" \/>\n<meta property=\"product:condition\" content=\"new\" \/>\n<!-- \/ Yoast SEO Premium plugin. -->","yoast_head_json":{"title":"Regenzelt f\u00fcr Bullitt MadJax Box - Clarijs Fietstassen","description":"Die Regenzelt f\u00fcr Bullitt MadJax Box wurde speziell f\u00fcr das Bullitt Larry V Harry Cargo Bike mit MadJax Box angefertigt und bietet eine perfekte Passform. Jetzt einkaufen!","robots":{"index":"index","follow":"follow","max-snippet":"max-snippet:-1","max-image-preview":"max-image-preview:large","max-video-preview":"max-video-preview:-1"},"canonical":"https:\/\/clarijs-fietstassen.nl\/de\/produkt\/regenzelt-fuer-bullitt-madjax-box\/","og_locale":"de_DE","og_type":"article","og_title":"Regenzelt f\u00fcr Bullitt MadJax Box","og_description":"Die Regenzelt f\u00fcr Bullitt MadJax Box wurde speziell f\u00fcr das Bullitt Larry V Harry Cargo Bike mit MadJax Box angefertigt und bietet eine perfekte Passform. Jetzt einkaufen!","og_url":"https:\/\/clarijs-fietstassen.nl\/de\/produkt\/regenzelt-fuer-bullitt-madjax-box\/","og_site_name":"Clarijs Fietstassen","article_publisher":"https:\/\/www.facebook.com\/clarijs1948\/","article_modified_time":"2025-09-24T13:06:50+00:00","og_image":[{"width":1024,"height":1024,"url":"https:\/\/clarijs-fietstassen.nl\/wp-content\/uploads\/2023\/07\/Clarijs_02-1_1903x-1024x1024.png","type":"image\/png"}],"twitter_card":"summary_large_image","twitter_misc":{"Preis":"&euro;269.00","Verf\u00fcgbarkeit":"Auf Lager"},"schema":{"@context":"https:\/\/schema.org","@graph":[{"@type":"WebPage","@id":"https:\/\/clarijs-fietstassen.nl\/de\/produkt\/regenzelt-fuer-bullitt-madjax-box\/","url":"https:\/\/clarijs-fietstassen.nl\/de\/produkt\/regenzelt-fuer-bullitt-madjax-box\/","name":"Regenzelt f\u00fcr Bullitt MadJax Box - Clarijs Fietstassen","isPartOf":{"@id":"https:\/\/clarijs-fietstassen.nl\/de\/#website"},"primaryImageOfPage":{"@id":"https:\/\/clarijs-fietstassen.nl\/de\/produkt\/regenzelt-fuer-bullitt-madjax-box\/#primaryimage"},"image":{"@id":"https:\/\/clarijs-fietstassen.nl\/de\/produkt\/regenzelt-fuer-bullitt-madjax-box\/#primaryimage"},"thumbnailUrl":"https:\/\/clarijs-fietstassen.nl\/wp-content\/uploads\/2023\/07\/Clarijs_02-1_1903x.png","datePublished":"2024-02-09T12:02:08+00:00","dateModified":"2025-09-24T13:06:50+00:00","description":"Die Regenzelt f\u00fcr Bullitt MadJax Box wurde speziell f\u00fcr das Bullitt Larry V Harry Cargo Bike mit MadJax Box angefertigt und bietet eine perfekte Passform. Jetzt einkaufen!","breadcrumb":{"@id":"https:\/\/clarijs-fietstassen.nl\/de\/produkt\/regenzelt-fuer-bullitt-madjax-box\/#breadcrumb"},"inLanguage":"de","potentialAction":[{"@type":"ReadAction","target":["https:\/\/clarijs-fietstassen.nl\/de\/produkt\/regenzelt-fuer-bullitt-madjax-box\/"]}]},{"@type":"ImageObject","inLanguage":"de","@id":"https:\/\/clarijs-fietstassen.nl\/de\/produkt\/regenzelt-fuer-bullitt-madjax-box\/#primaryimage","url":"https:\/\/clarijs-fietstassen.nl\/wp-content\/uploads\/2023\/07\/Clarijs_02-1_1903x.png","contentUrl":"https:\/\/clarijs-fietstassen.nl\/wp-content\/uploads\/2023\/07\/Clarijs_02-1_1903x.png","width":1903,"height":1903,"caption":"Regenzelt f\u00fcr Bullitt MadJax Box"},{"@type":"BreadcrumbList","@id":"https:\/\/clarijs-fietstassen.nl\/de\/produkt\/regenzelt-fuer-bullitt-madjax-box\/#breadcrumb","itemListElement":[{"@type":"ListItem","position":1,"name":"Home","item":"https:\/\/clarijs-fietstassen.nl\/de\/"},{"@type":"ListItem","position":2,"name":"Shop","item":"https:\/\/clarijs-fietstassen.nl\/de\/shop\/"},{"@type":"ListItem","position":3,"name":"Bullitt","item":"https:\/\/clarijs-fietstassen.nl\/bullitt\/"},{"@type":"ListItem","position":4,"name":"Regenzelt f\u00fcr Bullitt MadJax Box"}]},{"@type":"WebSite","@id":"https:\/\/clarijs-fietstassen.nl\/de\/#website","url":"https:\/\/clarijs-fietstassen.nl\/de\/","name":"Clarijs Fietstassen","description":"Kwaliteit &amp; ambacht sinds 1948","publisher":{"@id":"https:\/\/clarijs-fietstassen.nl\/de\/#organization"},"potentialAction":[{"@type":"SearchAction","target":{"@type":"EntryPoint","urlTemplate":"https:\/\/clarijs-fietstassen.nl\/de\/?s={search_term_string}"},"query-input":{"@type":"PropertyValueSpecification","valueRequired":true,"valueName":"search_term_string"}}],"inLanguage":"de"},{"@type":"Organization","@id":"https:\/\/clarijs-fietstassen.nl\/de\/#organization","name":"Clarijs Fietstassen","url":"https:\/\/clarijs-fietstassen.nl\/de\/","logo":{"@type":"ImageObject","inLanguage":"de","@id":"https:\/\/clarijs-fietstassen.nl\/de\/#\/schema\/logo\/image\/","url":"https:\/\/clarijs-fietstassen.nl\/wp-content\/uploads\/2024\/01\/clarijs-logo-met-rand.jpg","contentUrl":"https:\/\/clarijs-fietstassen.nl\/wp-content\/uploads\/2024\/01\/clarijs-logo-met-rand.jpg","width":560,"height":266,"caption":"Clarijs Fietstassen"},"image":{"@id":"https:\/\/clarijs-fietstassen.nl\/de\/#\/schema\/logo\/image\/"},"sameAs":["https:\/\/www.facebook.com\/clarijs1948\/","https:\/\/www.instagram.com\/clarijscovers\/"]}]},"product_price_amount":"269.00","product_price_currency":"EUR","og_availability":"instock","product_availability":"instock","product_retailer_item_id":"5052","product_condition":"new"},"_links":{"self":[{"href":"https:\/\/clarijs-fietstassen.nl\/de\/wp-json\/wp\/v2\/product\/47288","targetHints":{"allow":["GET"]}}],"collection":[{"href":"https:\/\/clarijs-fietstassen.nl\/de\/wp-json\/wp\/v2\/product"}],"about":[{"href":"https:\/\/clarijs-fietstassen.nl\/de\/wp-json\/wp\/v2\/types\/product"}],"replies":[{"embeddable":true,"href":"https:\/\/clarijs-fietstassen.nl\/de\/wp-json\/wp\/v2\/comments?post=47288"}],"wp:featuredmedia":[{"embeddable":true,"href":"https:\/\/clarijs-fietstassen.nl\/de\/wp-json\/wp\/v2\/media\/47290"}],"wp:attachment":[{"href":"https:\/\/clarijs-fietstassen.nl\/de\/wp-json\/wp\/v2\/media?parent=47288"}],"wp:term":[{"taxonomy":"product_brand","embeddable":true,"href":"https:\/\/clarijs-fietstassen.nl\/de\/wp-json\/wp\/v2\/product_brand?post=47288"},{"taxonomy":"product_cat","embeddable":true,"href":"https:\/\/clarijs-fietstassen.nl\/de\/wp-json\/wp\/v2\/product_cat?post=47288"},{"taxonomy":"product_tag","embeddable":true,"href":"https:\/\/clarijs-fietstassen.nl\/de\/wp-json\/wp\/v2\/product_tag?post=47288"}],"curies":[{"name":"wp","href":"https:\/\/api.w.org\/{rel}","templated":true}]}}