{"id":47343,"date":"2024-04-11T11:15:41","date_gmt":"2024-04-11T09:15:41","guid":{"rendered":"https:\/\/clarijs-fietstassen.nl\/plane-fuer-dolly-lastenfahrrad\/"},"modified":"2025-09-30T15:24:00","modified_gmt":"2025-09-30T13:24:00","slug":"plane-fuer-dolly-lastenfahrrad","status":"publish","type":"product","link":"https:\/\/clarijs-fietstassen.nl\/de\/produkt\/plane-fuer-dolly-lastenfahrrad\/","title":{"rendered":"Plane f\u00fcr Dolly Lastenfahrrad"},"content":{"rendered":"<p><span style=\"font-weight: 400;\">Die Plane f\u00fcr Dolly Lastenfahrrad ist speziell f\u00fcr das Dolly Lastenfahrrad (Family E-Drive) konzipiert. Die Plane hat in der Mitte eine Latte, die verhindert, dass sich Wasser ansammelt.  Nur bei Clarijs!<\/span><\/p>\n<p><span style=\"font-weight: 400;\">Die Plane wird mit dem notwendigen Befestigungsmaterial geliefert.<\/span><\/p>\n<p>Das Material ist hochwertiges PVC mit einem sch\u00f6nen leichten Relief.<\/p>\n<p><b>Materialien:<\/b><\/p>\n<p><span style=\"font-weight: 400;\">Alle diese Produkte werden aus einer der st\u00e4rksten (dicht gewebten und dick beschichteten) Arten von Bisonyl hergestellt. Das hochwertige Material ist sehr robust und zudem wasserabweisend. <\/span><\/p>\n<p><b>Vorteile<\/b><span style=\"font-weight: 400;\"> der Plane f\u00fcr Dolly Lastenfahrrad:<\/span><\/p>\n<ul>\n<li style=\"font-weight: 400;\" aria-level=\"1\"><span style=\"font-weight: 400;\">Zus\u00e4tzlicher Schutz f\u00fcr Ihr Hab und Gut und Ihr Fahrrad;<\/span><\/li>\n<li style=\"font-weight: 400;\" aria-level=\"1\"><span style=\"font-weight: 400;\">Die Latte in der Mitte verhindert, dass Wasser zur\u00fcckbleibt.<\/span><\/li>\n<li style=\"font-weight: 400;\" aria-level=\"1\"><span style=\"font-weight: 400;\">kann die Lebensdauer Ihres Lastenfahrrads verl\u00e4ngern;<\/span><\/li>\n<li style=\"font-weight: 400;\" aria-level=\"1\"><span style=\"font-weight: 400;\">k\u00f6nnen zu mehr Sicherheit beim Radfahren beitragen.<\/span><\/li>\n<li aria-level=\"1\">Sonnenschutz.<\/li>\n<\/ul>\n<p><span style=\"font-weight: 400;\">Einfach mit den mitgelieferten Materialien zu befestigen. Au\u00dferdem k\u00f6nnen Sie bei uns sofort Kissen f\u00fcr Ihr Lastenfahrrad in der gleichen Farbe kaufen!   <\/span><\/p>\n","protected":false},"excerpt":{"rendered":"<p>Die Plane f\u00fcr Dolly Lastenfahrrad ist speziell f\u00fcr das Dolly Lastenfahrrad (Family E-Drive) konzipiert. Die Plane hat in der Mitte eine Latte, die verhindert, dass sich Wasser ansammelt. Nur bei Clarijs! Die Plane wird mit dem notwendigen Befestigungsmaterial geliefert. Das Material ist hochwertiges PVC mit einem sch\u00f6nen leichten Relief. Materialien: Alle diese Produkte werden aus [&hellip;]<\/p>\n","protected":false},"featured_media":47345,"comment_status":"closed","ping_status":"closed","template":"","meta":{"_acf_changed":false,"_et_pb_use_builder":"","_et_pb_old_content":"","_et_gb_content_width":""},"product_brand":[],"product_cat":[686,689,708],"product_tag":[],"class_list":{"0":"post-47343","1":"product","2":"type-product","3":"status-publish","4":"has-post-thumbnail","6":"product_cat-bakfiets-de","7":"product_cat-bakfiets-planen","8":"product_cat-dolly-de","9":"pa_geschikt-voor-e-bike-ja-de","10":"pa_kleur-matt-olive-de","11":"pa_kleur-matt-schwarz-de","12":"pa_materiaal-bisonyl-pvc-leinwand","13":"pa_merk-clarijs-covers-b-v-de","14":"pa_reflectie-ja-de","16":"first","17":"instock","18":"taxable","19":"shipping-taxable","20":"purchasable","21":"product-type-variable"},"acf":[],"yoast_head":"<!-- This site is optimized with the Yoast SEO Premium plugin v27.2 (Yoast SEO v27.4) - https:\/\/yoast.com\/product\/yoast-seo-premium-wordpress\/ -->\n<title>Plane f\u00fcr Dolly Lastenfahrrad - Clarijs Fietstassen<\/title>\n<meta name=\"description\" content=\"Die Plane f\u00fcr Dolly Bakfiets hat in der Mitte eine Ausbuchtung, die verhindert, dass Wasser darin steht. Jetzt einkaufen!\" \/>\n<meta name=\"robots\" content=\"index, follow, max-snippet:-1, max-image-preview:large, max-video-preview:-1\" \/>\n<link rel=\"canonical\" href=\"http:\/\/clarijs-fietstassen.nl\/produkt\/afdekzeil-voor-dolly-bakfiets\/\" \/>\n<meta property=\"og:locale\" content=\"de_DE\" \/>\n<meta property=\"og:type\" content=\"article\" \/>\n<meta property=\"og:title\" content=\"Plane f\u00fcr Dolly Lastenfahrrad\" \/>\n<meta property=\"og:description\" content=\"Die Plane f\u00fcr Dolly Bakfiets hat in der Mitte eine Ausbuchtung, die verhindert, dass Wasser darin steht. Jetzt einkaufen!\" \/>\n<meta property=\"og:url\" content=\"http:\/\/clarijs-fietstassen.nl\/produkt\/afdekzeil-voor-dolly-bakfiets\/\" \/>\n<meta property=\"og:site_name\" content=\"Clarijs Fietstassen\" \/>\n<meta property=\"article:publisher\" content=\"https:\/\/www.facebook.com\/clarijs1948\/\" \/>\n<meta property=\"article:modified_time\" content=\"2025-09-30T13:24:00+00:00\" \/>\n<meta property=\"og:image\" content=\"https:\/\/clarijs-fietstassen.nl\/wp-content\/uploads\/2024\/04\/Dollly-box-cover.png\" \/>\n\t<meta property=\"og:image:width\" content=\"1000\" \/>\n\t<meta property=\"og:image:height\" content=\"1000\" \/>\n\t<meta property=\"og:image:type\" content=\"image\/png\" \/>\n<meta name=\"twitter:card\" content=\"summary_large_image\" \/>\n<meta name=\"twitter:label1\" content=\"Verf\u00fcgbarkeit\" \/>\n\t<meta name=\"twitter:data1\" content=\"Auf Lager\" \/>\n<script type=\"application\/ld+json\" class=\"yoast-schema-graph\">{\"@context\":\"https:\\\/\\\/schema.org\",\"@graph\":[{\"@type\":\"WebPage\",\"@id\":\"http:\\\/\\\/clarijs-fietstassen.nl\\\/produkt\\\/afdekzeil-voor-dolly-bakfiets\\\/\",\"url\":\"http:\\\/\\\/clarijs-fietstassen.nl\\\/produkt\\\/afdekzeil-voor-dolly-bakfiets\\\/\",\"name\":\"Plane f\u00fcr Dolly Lastenfahrrad - Clarijs Fietstassen\",\"isPartOf\":{\"@id\":\"https:\\\/\\\/clarijs-fietstassen.nl\\\/de\\\/#website\"},\"primaryImageOfPage\":{\"@id\":\"http:\\\/\\\/clarijs-fietstassen.nl\\\/produkt\\\/afdekzeil-voor-dolly-bakfiets\\\/#primaryimage\"},\"image\":{\"@id\":\"http:\\\/\\\/clarijs-fietstassen.nl\\\/produkt\\\/afdekzeil-voor-dolly-bakfiets\\\/#primaryimage\"},\"thumbnailUrl\":\"https:\\\/\\\/clarijs-fietstassen.nl\\\/wp-content\\\/uploads\\\/2024\\\/04\\\/Dollly-box-cover.png\",\"datePublished\":\"2024-04-11T09:15:41+00:00\",\"dateModified\":\"2025-09-30T13:24:00+00:00\",\"description\":\"Die Plane f\u00fcr Dolly Bakfiets hat in der Mitte eine Ausbuchtung, die verhindert, dass Wasser darin steht. Jetzt einkaufen!\",\"breadcrumb\":{\"@id\":\"http:\\\/\\\/clarijs-fietstassen.nl\\\/produkt\\\/afdekzeil-voor-dolly-bakfiets\\\/#breadcrumb\"},\"inLanguage\":\"de\",\"potentialAction\":[{\"@type\":\"ReadAction\",\"target\":[\"http:\\\/\\\/clarijs-fietstassen.nl\\\/produkt\\\/afdekzeil-voor-dolly-bakfiets\\\/\"]}]},{\"@type\":\"ImageObject\",\"inLanguage\":\"de\",\"@id\":\"http:\\\/\\\/clarijs-fietstassen.nl\\\/produkt\\\/afdekzeil-voor-dolly-bakfiets\\\/#primaryimage\",\"url\":\"https:\\\/\\\/clarijs-fietstassen.nl\\\/wp-content\\\/uploads\\\/2024\\\/04\\\/Dollly-box-cover.png\",\"contentUrl\":\"https:\\\/\\\/clarijs-fietstassen.nl\\\/wp-content\\\/uploads\\\/2024\\\/04\\\/Dollly-box-cover.png\",\"width\":1000,\"height\":1000,\"caption\":\"Plane f\u00fcr Dolly Lastenfahrrad\"},{\"@type\":\"BreadcrumbList\",\"@id\":\"http:\\\/\\\/clarijs-fietstassen.nl\\\/produkt\\\/afdekzeil-voor-dolly-bakfiets\\\/#breadcrumb\",\"itemListElement\":[{\"@type\":\"ListItem\",\"position\":1,\"name\":\"Home\",\"item\":\"https:\\\/\\\/clarijs-fietstassen.nl\\\/de\\\/\"},{\"@type\":\"ListItem\",\"position\":2,\"name\":\"Shop\",\"item\":\"https:\\\/\\\/clarijs-fietstassen.nl\\\/de\\\/shop\\\/\"},{\"@type\":\"ListItem\",\"position\":3,\"name\":\"Dolly\",\"item\":\"https:\\\/\\\/clarijs-fietstassen.nl\\\/dolly\\\/\"},{\"@type\":\"ListItem\",\"position\":4,\"name\":\"Plane f\u00fcr Dolly Lastenfahrrad\"}]},{\"@type\":\"WebSite\",\"@id\":\"https:\\\/\\\/clarijs-fietstassen.nl\\\/de\\\/#website\",\"url\":\"https:\\\/\\\/clarijs-fietstassen.nl\\\/de\\\/\",\"name\":\"Clarijs Fietstassen\",\"description\":\"Kwaliteit &amp; ambacht sinds 1948\",\"publisher\":{\"@id\":\"https:\\\/\\\/clarijs-fietstassen.nl\\\/de\\\/#organization\"},\"potentialAction\":[{\"@type\":\"SearchAction\",\"target\":{\"@type\":\"EntryPoint\",\"urlTemplate\":\"https:\\\/\\\/clarijs-fietstassen.nl\\\/de\\\/?s={search_term_string}\"},\"query-input\":{\"@type\":\"PropertyValueSpecification\",\"valueRequired\":true,\"valueName\":\"search_term_string\"}}],\"inLanguage\":\"de\"},{\"@type\":\"Organization\",\"@id\":\"https:\\\/\\\/clarijs-fietstassen.nl\\\/de\\\/#organization\",\"name\":\"Clarijs Fietstassen\",\"url\":\"https:\\\/\\\/clarijs-fietstassen.nl\\\/de\\\/\",\"logo\":{\"@type\":\"ImageObject\",\"inLanguage\":\"de\",\"@id\":\"https:\\\/\\\/clarijs-fietstassen.nl\\\/de\\\/#\\\/schema\\\/logo\\\/image\\\/\",\"url\":\"https:\\\/\\\/clarijs-fietstassen.nl\\\/wp-content\\\/uploads\\\/2024\\\/01\\\/clarijs-logo-met-rand.jpg\",\"contentUrl\":\"https:\\\/\\\/clarijs-fietstassen.nl\\\/wp-content\\\/uploads\\\/2024\\\/01\\\/clarijs-logo-met-rand.jpg\",\"width\":560,\"height\":266,\"caption\":\"Clarijs Fietstassen\"},\"image\":{\"@id\":\"https:\\\/\\\/clarijs-fietstassen.nl\\\/de\\\/#\\\/schema\\\/logo\\\/image\\\/\"},\"sameAs\":[\"https:\\\/\\\/www.facebook.com\\\/clarijs1948\\\/\",\"https:\\\/\\\/www.instagram.com\\\/clarijscovers\\\/\"]}]}<\/script>\n<meta property=\"og:availability\" content=\"instock\" \/>\n<meta property=\"product:availability\" content=\"instock\" \/>\n<meta property=\"product:retailer_item_id\" content=\"5093\" \/>\n<meta property=\"product:condition\" content=\"new\" \/>\n<!-- \/ Yoast SEO Premium plugin. -->","yoast_head_json":{"title":"Plane f\u00fcr Dolly Lastenfahrrad - Clarijs Fietstassen","description":"Die Plane f\u00fcr Dolly Bakfiets hat in der Mitte eine Ausbuchtung, die verhindert, dass Wasser darin steht. Jetzt einkaufen!","robots":{"index":"index","follow":"follow","max-snippet":"max-snippet:-1","max-image-preview":"max-image-preview:large","max-video-preview":"max-video-preview:-1"},"canonical":"http:\/\/clarijs-fietstassen.nl\/produkt\/afdekzeil-voor-dolly-bakfiets\/","og_locale":"de_DE","og_type":"article","og_title":"Plane f\u00fcr Dolly Lastenfahrrad","og_description":"Die Plane f\u00fcr Dolly Bakfiets hat in der Mitte eine Ausbuchtung, die verhindert, dass Wasser darin steht. Jetzt einkaufen!","og_url":"http:\/\/clarijs-fietstassen.nl\/produkt\/afdekzeil-voor-dolly-bakfiets\/","og_site_name":"Clarijs Fietstassen","article_publisher":"https:\/\/www.facebook.com\/clarijs1948\/","article_modified_time":"2025-09-30T13:24:00+00:00","og_image":[{"width":1000,"height":1000,"url":"https:\/\/clarijs-fietstassen.nl\/wp-content\/uploads\/2024\/04\/Dollly-box-cover.png","type":"image\/png"}],"twitter_card":"summary_large_image","twitter_misc":{"Verf\u00fcgbarkeit":"Auf Lager"},"schema":{"@context":"https:\/\/schema.org","@graph":[{"@type":"WebPage","@id":"http:\/\/clarijs-fietstassen.nl\/produkt\/afdekzeil-voor-dolly-bakfiets\/","url":"http:\/\/clarijs-fietstassen.nl\/produkt\/afdekzeil-voor-dolly-bakfiets\/","name":"Plane f\u00fcr Dolly Lastenfahrrad - Clarijs Fietstassen","isPartOf":{"@id":"https:\/\/clarijs-fietstassen.nl\/de\/#website"},"primaryImageOfPage":{"@id":"http:\/\/clarijs-fietstassen.nl\/produkt\/afdekzeil-voor-dolly-bakfiets\/#primaryimage"},"image":{"@id":"http:\/\/clarijs-fietstassen.nl\/produkt\/afdekzeil-voor-dolly-bakfiets\/#primaryimage"},"thumbnailUrl":"https:\/\/clarijs-fietstassen.nl\/wp-content\/uploads\/2024\/04\/Dollly-box-cover.png","datePublished":"2024-04-11T09:15:41+00:00","dateModified":"2025-09-30T13:24:00+00:00","description":"Die Plane f\u00fcr Dolly Bakfiets hat in der Mitte eine Ausbuchtung, die verhindert, dass Wasser darin steht. Jetzt einkaufen!","breadcrumb":{"@id":"http:\/\/clarijs-fietstassen.nl\/produkt\/afdekzeil-voor-dolly-bakfiets\/#breadcrumb"},"inLanguage":"de","potentialAction":[{"@type":"ReadAction","target":["http:\/\/clarijs-fietstassen.nl\/produkt\/afdekzeil-voor-dolly-bakfiets\/"]}]},{"@type":"ImageObject","inLanguage":"de","@id":"http:\/\/clarijs-fietstassen.nl\/produkt\/afdekzeil-voor-dolly-bakfiets\/#primaryimage","url":"https:\/\/clarijs-fietstassen.nl\/wp-content\/uploads\/2024\/04\/Dollly-box-cover.png","contentUrl":"https:\/\/clarijs-fietstassen.nl\/wp-content\/uploads\/2024\/04\/Dollly-box-cover.png","width":1000,"height":1000,"caption":"Plane f\u00fcr Dolly Lastenfahrrad"},{"@type":"BreadcrumbList","@id":"http:\/\/clarijs-fietstassen.nl\/produkt\/afdekzeil-voor-dolly-bakfiets\/#breadcrumb","itemListElement":[{"@type":"ListItem","position":1,"name":"Home","item":"https:\/\/clarijs-fietstassen.nl\/de\/"},{"@type":"ListItem","position":2,"name":"Shop","item":"https:\/\/clarijs-fietstassen.nl\/de\/shop\/"},{"@type":"ListItem","position":3,"name":"Dolly","item":"https:\/\/clarijs-fietstassen.nl\/dolly\/"},{"@type":"ListItem","position":4,"name":"Plane f\u00fcr Dolly Lastenfahrrad"}]},{"@type":"WebSite","@id":"https:\/\/clarijs-fietstassen.nl\/de\/#website","url":"https:\/\/clarijs-fietstassen.nl\/de\/","name":"Clarijs Fietstassen","description":"Kwaliteit &amp; ambacht sinds 1948","publisher":{"@id":"https:\/\/clarijs-fietstassen.nl\/de\/#organization"},"potentialAction":[{"@type":"SearchAction","target":{"@type":"EntryPoint","urlTemplate":"https:\/\/clarijs-fietstassen.nl\/de\/?s={search_term_string}"},"query-input":{"@type":"PropertyValueSpecification","valueRequired":true,"valueName":"search_term_string"}}],"inLanguage":"de"},{"@type":"Organization","@id":"https:\/\/clarijs-fietstassen.nl\/de\/#organization","name":"Clarijs Fietstassen","url":"https:\/\/clarijs-fietstassen.nl\/de\/","logo":{"@type":"ImageObject","inLanguage":"de","@id":"https:\/\/clarijs-fietstassen.nl\/de\/#\/schema\/logo\/image\/","url":"https:\/\/clarijs-fietstassen.nl\/wp-content\/uploads\/2024\/01\/clarijs-logo-met-rand.jpg","contentUrl":"https:\/\/clarijs-fietstassen.nl\/wp-content\/uploads\/2024\/01\/clarijs-logo-met-rand.jpg","width":560,"height":266,"caption":"Clarijs Fietstassen"},"image":{"@id":"https:\/\/clarijs-fietstassen.nl\/de\/#\/schema\/logo\/image\/"},"sameAs":["https:\/\/www.facebook.com\/clarijs1948\/","https:\/\/www.instagram.com\/clarijscovers\/"]}]},"og_availability":"instock","product_availability":"instock","product_retailer_item_id":"5093","product_condition":"new"},"_links":{"self":[{"href":"https:\/\/clarijs-fietstassen.nl\/de\/wp-json\/wp\/v2\/product\/47343","targetHints":{"allow":["GET"]}}],"collection":[{"href":"https:\/\/clarijs-fietstassen.nl\/de\/wp-json\/wp\/v2\/product"}],"about":[{"href":"https:\/\/clarijs-fietstassen.nl\/de\/wp-json\/wp\/v2\/types\/product"}],"replies":[{"embeddable":true,"href":"https:\/\/clarijs-fietstassen.nl\/de\/wp-json\/wp\/v2\/comments?post=47343"}],"wp:featuredmedia":[{"embeddable":true,"href":"https:\/\/clarijs-fietstassen.nl\/de\/wp-json\/wp\/v2\/media\/47345"}],"wp:attachment":[{"href":"https:\/\/clarijs-fietstassen.nl\/de\/wp-json\/wp\/v2\/media?parent=47343"}],"wp:term":[{"taxonomy":"product_brand","embeddable":true,"href":"https:\/\/clarijs-fietstassen.nl\/de\/wp-json\/wp\/v2\/product_brand?post=47343"},{"taxonomy":"product_cat","embeddable":true,"href":"https:\/\/clarijs-fietstassen.nl\/de\/wp-json\/wp\/v2\/product_cat?post=47343"},{"taxonomy":"product_tag","embeddable":true,"href":"https:\/\/clarijs-fietstassen.nl\/de\/wp-json\/wp\/v2\/product_tag?post=47343"}],"curies":[{"name":"wp","href":"https:\/\/api.w.org\/{rel}","templated":true}]}}