{"id":47344,"date":"2024-03-27T16:44:14","date_gmt":"2024-03-27T15:44:14","guid":{"rendered":"https:\/\/clarijs-fietstassen.nl\/regenverdeck-fuer-dolly-lastenfahrrad-mit-abnehmbarem-sonnenschirm\/"},"modified":"2026-02-05T11:55:58","modified_gmt":"2026-02-05T10:55:58","slug":"regenverdeck-fuer-dolly-lastenfahrrad-mit-abnehmbarem-sonnenschirm","status":"publish","type":"product","link":"https:\/\/clarijs-fietstassen.nl\/de\/produkt\/regenverdeck-fuer-dolly-lastenfahrrad-mit-abnehmbarem-sonnenschirm\/","title":{"rendered":"Regenzelt f\u00fcr Dolly Lastenfahrrad &#8211; Mit abnehmbarem Sonnenschirm"},"content":{"rendered":"<p data-start=\"99\" data-end=\"379\">Dieses Regenverdeck f\u00fcr das Dolly Lastenrad \u2013 mit abnehmbarem Sonnenschutz ist geeignet f\u00fcr die Ausf\u00fchrung Dolly V1 (gekauft vor Juli 2025) und wurde speziell f\u00fcr das Dolly Lastenrad (Family E-Drive) entwickelt. Dank der speziell abgestimmten Passform schlie\u00dft das Regenverdeck optimal am Lastenrad an. <\/p>\n<p data-start=\"381\" data-end=\"578\">Das Regenverdeck ist mit einem abnehmbaren Sonnenschutz ausgestattet, der vor intensiver Sonneneinstrahlung sch\u00fctzt. Das Sonnensegel l\u00e4sst sich einfach in einer praktischen Tasche an der Innenseite des Dachs verstauen.<br \/>Das Verdeck wird inklusive Gest\u00e4nge und ben\u00f6tigtem Befestigungsmaterial geliefert, sodass die Montage schnell und unkompliziert erfolgen kann.  <\/p>\n<p data-start=\"712\" data-end=\"797\">Die H\u00f6he dieses Regenverdecks, gemessen ab der Sitzbank, betr\u00e4gt an der h\u00f6chsten Stelle 85 cm.<\/p>\n<p data-start=\"799\" data-end=\"1188\"><strong>Aus welchem Material besteht das Regenverdeck f\u00fcr das Dolly Lastenrad?<\/strong><br data-start=\"865\" data-end=\"868\">Dieses Regenverdeck besteht aus hochwertigem PVC mit einer dezenten, leichten Struktur. F\u00fcr alle unsere Regenverdecke verwenden wir eine der st\u00e4rksten Bisonyl-Qualit\u00e4ten: dicht gewebt und mit einer dicken Beschichtung versehen. Das Material ist sehr robust, wasserabweisend und f\u00fcr den intensiven t\u00e4glichen Einsatz bei wechselnden Wetterbedingungen geeignet.  <\/p>\n<p data-start=\"1190\" data-end=\"1565\"><strong>Welche Vorteile bietet ein Regenverdeck f\u00fcr das Dolly Lastenrad?<\/strong><\/p>\n<ul>\n<li data-start=\"1190\" data-end=\"1565\">Extra bescherming voor kinderen, bagage en bakfiets<\/li>\n<li data-start=\"1190\" data-end=\"1565\">Rei\u00dfverschl\u00fcsse auf beiden Seiten f\u00fcr einfaches \u00d6ffnen und Schlie\u00dfen<\/li>\n<li data-start=\"1190\" data-end=\"1565\">Sch\u00fctzt das Lastenrad vor Regen, Wind und Schmutz<\/li>\n<li data-start=\"1190\" data-end=\"1565\">Tr\u00e4gt zu sicherem und komfortablem Fahren bei schlechtem Wetter bei<\/li>\n<li data-start=\"1190\" data-end=\"1565\">Schutz vor Sonneneinstrahlung dank abnehmbarem Sonnenschutz.<\/li>\n<\/ul>\n<p data-start=\"1567\" data-end=\"1732\">Das Regenverdeck l\u00e4sst sich einfach mit dem mitgelieferten Befestigungsmaterial montieren. Erg\u00e4nzen Sie Ihr Lastenrad mit passenden Sitzkissen in derselben Farbe. <\/p>\n<p><strong>Benutzerhandbuch<\/strong><\/p>\n<p><a href=\"https:\/\/clarijs-fietstassen.nl\/gebruiksaanwijzing-dolly-regentent\/\" target=\"_blank\" rel=\"noopener\"><strong>Klicken Sie hier<\/strong><\/a> f\u00fcr unser Schritt-f\u00fcr-Schritt-Benutzervideo, wie Sie das Regenzelt f\u00fcr das Dolly-Lastenfahrrad ganz einfach montieren und verwenden k\u00f6nnen.<\/p>\n","protected":false},"excerpt":{"rendered":"<p>Dieses Regenverdeck f\u00fcr das Dolly Lastenrad \u2013 mit abnehmbarem Sonnenschutz ist geeignet f\u00fcr die Ausf\u00fchrung Dolly V1 (gekauft vor Juli 2025) und wurde speziell f\u00fcr das Dolly Lastenrad (Family E-Drive) entwickelt. Dank der speziell abgestimmten Passform schlie\u00dft das Regenverdeck optimal am Lastenrad an. Das Regenverdeck ist mit einem abnehmbaren Sonnenschutz ausgestattet, der vor intensiver Sonneneinstrahlung [&hellip;]<\/p>\n","protected":false},"featured_media":47348,"comment_status":"closed","ping_status":"closed","template":"","meta":{"_acf_changed":false,"_et_pb_use_builder":"","_et_pb_old_content":"","_et_gb_content_width":""},"product_brand":[],"product_cat":[686,708,690],"product_tag":[],"class_list":{"0":"post-47344","1":"product","2":"type-product","3":"status-publish","4":"has-post-thumbnail","6":"product_cat-bakfiets-de","7":"product_cat-dolly-de","8":"product_cat-lastenrad-regenverdeck","9":"pa_geschikt-voor-e-bike-ja-de","10":"pa_kleur-matt-olive-de","11":"pa_kleur-matt-schwarz-de","12":"pa_materiaal-bisonyl-pvc-leinwand","13":"pa_merk-clarijs-covers-b-v-de","14":"pa_reflectie-nein","16":"first","17":"instock","18":"taxable","19":"shipping-taxable","20":"purchasable","21":"product-type-variable"},"acf":[],"yoast_head":"<!-- This site is optimized with the Yoast SEO Premium plugin v27.2 (Yoast SEO v27.3) - https:\/\/yoast.com\/product\/yoast-seo-premium-wordpress\/ -->\n<title>Regenzelt f\u00fcr Dolly Lastenfahrrad - Mit abnehmbarem Sonnenschirm - Clarijs Fietstassen<\/title>\n<meta name=\"description\" content=\"Das Regenzelt f\u00fcr Dolly Lastenfahrrad - Mit abnehmbarem Sonnenschirm ist speziell mit einem Rei\u00dfverschluss auf beiden Seiten um das Fenster herum ausgestattet und muss daher nie abgenommen werden.\" \/>\n<meta name=\"robots\" content=\"index, follow, max-snippet:-1, max-image-preview:large, max-video-preview:-1\" \/>\n<link rel=\"canonical\" href=\"https:\/\/clarijs-fietstassen.nl\/de\/produkt\/regenverdeck-fuer-dolly-lastenfahrrad-mit-abnehmbarem-sonnenschirm\/\" \/>\n<meta property=\"og:locale\" content=\"de_DE\" \/>\n<meta property=\"og:type\" content=\"article\" \/>\n<meta property=\"og:title\" content=\"Regenzelt f\u00fcr Dolly Lastenfahrrad - Mit abnehmbarem Sonnenschirm\" \/>\n<meta property=\"og:description\" content=\"Das Regenzelt f\u00fcr Dolly Lastenfahrrad - Mit abnehmbarem Sonnenschirm ist speziell mit einem Rei\u00dfverschluss auf beiden Seiten um das Fenster herum ausgestattet und muss daher nie abgenommen werden.\" \/>\n<meta property=\"og:url\" content=\"https:\/\/clarijs-fietstassen.nl\/de\/produkt\/regenverdeck-fuer-dolly-lastenfahrrad-mit-abnehmbarem-sonnenschirm\/\" \/>\n<meta property=\"og:site_name\" content=\"Clarijs Fietstassen\" \/>\n<meta property=\"article:publisher\" content=\"https:\/\/www.facebook.com\/clarijs1948\/\" \/>\n<meta property=\"article:modified_time\" content=\"2026-02-05T10:55:58+00:00\" \/>\n<meta property=\"og:image\" content=\"https:\/\/clarijs-fietstassen.nl\/wp-content\/uploads\/2024\/03\/Dolly-met-afneembaar-zonnescherm.png\" \/>\n\t<meta property=\"og:image:width\" content=\"1000\" \/>\n\t<meta property=\"og:image:height\" content=\"1000\" \/>\n\t<meta property=\"og:image:type\" content=\"image\/png\" \/>\n<meta name=\"twitter:card\" content=\"summary_large_image\" \/>\n<meta name=\"twitter:label1\" content=\"Verf\u00fcgbarkeit\" \/>\n\t<meta name=\"twitter:data1\" content=\"Auf Lager\" \/>\n<script type=\"application\/ld+json\" class=\"yoast-schema-graph\">{\"@context\":\"https:\\\/\\\/schema.org\",\"@graph\":[{\"@type\":\"WebPage\",\"@id\":\"https:\\\/\\\/clarijs-fietstassen.nl\\\/de\\\/produkt\\\/regenverdeck-fuer-dolly-lastenfahrrad-mit-abnehmbarem-sonnenschirm\\\/\",\"url\":\"https:\\\/\\\/clarijs-fietstassen.nl\\\/de\\\/produkt\\\/regenverdeck-fuer-dolly-lastenfahrrad-mit-abnehmbarem-sonnenschirm\\\/\",\"name\":\"Regenzelt f\u00fcr Dolly Lastenfahrrad - Mit abnehmbarem Sonnenschirm - Clarijs Fietstassen\",\"isPartOf\":{\"@id\":\"https:\\\/\\\/clarijs-fietstassen.nl\\\/de\\\/#website\"},\"primaryImageOfPage\":{\"@id\":\"https:\\\/\\\/clarijs-fietstassen.nl\\\/de\\\/produkt\\\/regenverdeck-fuer-dolly-lastenfahrrad-mit-abnehmbarem-sonnenschirm\\\/#primaryimage\"},\"image\":{\"@id\":\"https:\\\/\\\/clarijs-fietstassen.nl\\\/de\\\/produkt\\\/regenverdeck-fuer-dolly-lastenfahrrad-mit-abnehmbarem-sonnenschirm\\\/#primaryimage\"},\"thumbnailUrl\":\"https:\\\/\\\/clarijs-fietstassen.nl\\\/wp-content\\\/uploads\\\/2024\\\/03\\\/Dolly-met-afneembaar-zonnescherm.png\",\"datePublished\":\"2024-03-27T15:44:14+00:00\",\"dateModified\":\"2026-02-05T10:55:58+00:00\",\"description\":\"Das Regenzelt f\u00fcr Dolly Lastenfahrrad - Mit abnehmbarem Sonnenschirm ist speziell mit einem Rei\u00dfverschluss auf beiden Seiten um das Fenster herum ausgestattet und muss daher nie abgenommen werden.\",\"breadcrumb\":{\"@id\":\"https:\\\/\\\/clarijs-fietstassen.nl\\\/de\\\/produkt\\\/regenverdeck-fuer-dolly-lastenfahrrad-mit-abnehmbarem-sonnenschirm\\\/#breadcrumb\"},\"inLanguage\":\"de\",\"potentialAction\":[{\"@type\":\"ReadAction\",\"target\":[\"https:\\\/\\\/clarijs-fietstassen.nl\\\/de\\\/produkt\\\/regenverdeck-fuer-dolly-lastenfahrrad-mit-abnehmbarem-sonnenschirm\\\/\"]}]},{\"@type\":\"ImageObject\",\"inLanguage\":\"de\",\"@id\":\"https:\\\/\\\/clarijs-fietstassen.nl\\\/de\\\/produkt\\\/regenverdeck-fuer-dolly-lastenfahrrad-mit-abnehmbarem-sonnenschirm\\\/#primaryimage\",\"url\":\"https:\\\/\\\/clarijs-fietstassen.nl\\\/wp-content\\\/uploads\\\/2024\\\/03\\\/Dolly-met-afneembaar-zonnescherm.png\",\"contentUrl\":\"https:\\\/\\\/clarijs-fietstassen.nl\\\/wp-content\\\/uploads\\\/2024\\\/03\\\/Dolly-met-afneembaar-zonnescherm.png\",\"width\":1000,\"height\":1000,\"caption\":\"Regenzelt f\u00fcr Dolly Lastenfahrrad - Mit abnehmbarem Sonnenschirm\"},{\"@type\":\"BreadcrumbList\",\"@id\":\"https:\\\/\\\/clarijs-fietstassen.nl\\\/de\\\/produkt\\\/regenverdeck-fuer-dolly-lastenfahrrad-mit-abnehmbarem-sonnenschirm\\\/#breadcrumb\",\"itemListElement\":[{\"@type\":\"ListItem\",\"position\":1,\"name\":\"Home\",\"item\":\"https:\\\/\\\/clarijs-fietstassen.nl\\\/de\\\/\"},{\"@type\":\"ListItem\",\"position\":2,\"name\":\"Shop\",\"item\":\"https:\\\/\\\/clarijs-fietstassen.nl\\\/de\\\/shop\\\/\"},{\"@type\":\"ListItem\",\"position\":3,\"name\":\"Dolly\",\"item\":\"https:\\\/\\\/clarijs-fietstassen.nl\\\/dolly\\\/\"},{\"@type\":\"ListItem\",\"position\":4,\"name\":\"Regenzelt f\u00fcr Dolly Lastenfahrrad &#8211; Mit abnehmbarem Sonnenschirm\"}]},{\"@type\":\"WebSite\",\"@id\":\"https:\\\/\\\/clarijs-fietstassen.nl\\\/de\\\/#website\",\"url\":\"https:\\\/\\\/clarijs-fietstassen.nl\\\/de\\\/\",\"name\":\"Clarijs Fietstassen\",\"description\":\"Kwaliteit &amp; ambacht sinds 1948\",\"publisher\":{\"@id\":\"https:\\\/\\\/clarijs-fietstassen.nl\\\/de\\\/#organization\"},\"potentialAction\":[{\"@type\":\"SearchAction\",\"target\":{\"@type\":\"EntryPoint\",\"urlTemplate\":\"https:\\\/\\\/clarijs-fietstassen.nl\\\/de\\\/?s={search_term_string}\"},\"query-input\":{\"@type\":\"PropertyValueSpecification\",\"valueRequired\":true,\"valueName\":\"search_term_string\"}}],\"inLanguage\":\"de\"},{\"@type\":\"Organization\",\"@id\":\"https:\\\/\\\/clarijs-fietstassen.nl\\\/de\\\/#organization\",\"name\":\"Clarijs Fietstassen\",\"url\":\"https:\\\/\\\/clarijs-fietstassen.nl\\\/de\\\/\",\"logo\":{\"@type\":\"ImageObject\",\"inLanguage\":\"de\",\"@id\":\"https:\\\/\\\/clarijs-fietstassen.nl\\\/de\\\/#\\\/schema\\\/logo\\\/image\\\/\",\"url\":\"https:\\\/\\\/clarijs-fietstassen.nl\\\/wp-content\\\/uploads\\\/2024\\\/01\\\/clarijs-logo-met-rand.jpg\",\"contentUrl\":\"https:\\\/\\\/clarijs-fietstassen.nl\\\/wp-content\\\/uploads\\\/2024\\\/01\\\/clarijs-logo-met-rand.jpg\",\"width\":560,\"height\":266,\"caption\":\"Clarijs Fietstassen\"},\"image\":{\"@id\":\"https:\\\/\\\/clarijs-fietstassen.nl\\\/de\\\/#\\\/schema\\\/logo\\\/image\\\/\"},\"sameAs\":[\"https:\\\/\\\/www.facebook.com\\\/clarijs1948\\\/\",\"https:\\\/\\\/www.instagram.com\\\/clarijscovers\\\/\"]}]}<\/script>\n<meta property=\"og:availability\" content=\"instock\" \/>\n<meta property=\"product:availability\" content=\"instock\" \/>\n<meta property=\"product:retailer_item_id\" content=\"5091\" \/>\n<meta property=\"product:condition\" content=\"new\" \/>\n<!-- \/ Yoast SEO Premium plugin. -->","yoast_head_json":{"title":"Regenzelt f\u00fcr Dolly Lastenfahrrad - Mit abnehmbarem Sonnenschirm - Clarijs Fietstassen","description":"Das Regenzelt f\u00fcr Dolly Lastenfahrrad - Mit abnehmbarem Sonnenschirm ist speziell mit einem Rei\u00dfverschluss auf beiden Seiten um das Fenster herum ausgestattet und muss daher nie abgenommen werden.","robots":{"index":"index","follow":"follow","max-snippet":"max-snippet:-1","max-image-preview":"max-image-preview:large","max-video-preview":"max-video-preview:-1"},"canonical":"https:\/\/clarijs-fietstassen.nl\/de\/produkt\/regenverdeck-fuer-dolly-lastenfahrrad-mit-abnehmbarem-sonnenschirm\/","og_locale":"de_DE","og_type":"article","og_title":"Regenzelt f\u00fcr Dolly Lastenfahrrad - Mit abnehmbarem Sonnenschirm","og_description":"Das Regenzelt f\u00fcr Dolly Lastenfahrrad - Mit abnehmbarem Sonnenschirm ist speziell mit einem Rei\u00dfverschluss auf beiden Seiten um das Fenster herum ausgestattet und muss daher nie abgenommen werden.","og_url":"https:\/\/clarijs-fietstassen.nl\/de\/produkt\/regenverdeck-fuer-dolly-lastenfahrrad-mit-abnehmbarem-sonnenschirm\/","og_site_name":"Clarijs Fietstassen","article_publisher":"https:\/\/www.facebook.com\/clarijs1948\/","article_modified_time":"2026-02-05T10:55:58+00:00","og_image":[{"width":1000,"height":1000,"url":"https:\/\/clarijs-fietstassen.nl\/wp-content\/uploads\/2024\/03\/Dolly-met-afneembaar-zonnescherm.png","type":"image\/png"}],"twitter_card":"summary_large_image","twitter_misc":{"Verf\u00fcgbarkeit":"Auf Lager"},"schema":{"@context":"https:\/\/schema.org","@graph":[{"@type":"WebPage","@id":"https:\/\/clarijs-fietstassen.nl\/de\/produkt\/regenverdeck-fuer-dolly-lastenfahrrad-mit-abnehmbarem-sonnenschirm\/","url":"https:\/\/clarijs-fietstassen.nl\/de\/produkt\/regenverdeck-fuer-dolly-lastenfahrrad-mit-abnehmbarem-sonnenschirm\/","name":"Regenzelt f\u00fcr Dolly Lastenfahrrad - Mit abnehmbarem Sonnenschirm - Clarijs Fietstassen","isPartOf":{"@id":"https:\/\/clarijs-fietstassen.nl\/de\/#website"},"primaryImageOfPage":{"@id":"https:\/\/clarijs-fietstassen.nl\/de\/produkt\/regenverdeck-fuer-dolly-lastenfahrrad-mit-abnehmbarem-sonnenschirm\/#primaryimage"},"image":{"@id":"https:\/\/clarijs-fietstassen.nl\/de\/produkt\/regenverdeck-fuer-dolly-lastenfahrrad-mit-abnehmbarem-sonnenschirm\/#primaryimage"},"thumbnailUrl":"https:\/\/clarijs-fietstassen.nl\/wp-content\/uploads\/2024\/03\/Dolly-met-afneembaar-zonnescherm.png","datePublished":"2024-03-27T15:44:14+00:00","dateModified":"2026-02-05T10:55:58+00:00","description":"Das Regenzelt f\u00fcr Dolly Lastenfahrrad - Mit abnehmbarem Sonnenschirm ist speziell mit einem Rei\u00dfverschluss auf beiden Seiten um das Fenster herum ausgestattet und muss daher nie abgenommen werden.","breadcrumb":{"@id":"https:\/\/clarijs-fietstassen.nl\/de\/produkt\/regenverdeck-fuer-dolly-lastenfahrrad-mit-abnehmbarem-sonnenschirm\/#breadcrumb"},"inLanguage":"de","potentialAction":[{"@type":"ReadAction","target":["https:\/\/clarijs-fietstassen.nl\/de\/produkt\/regenverdeck-fuer-dolly-lastenfahrrad-mit-abnehmbarem-sonnenschirm\/"]}]},{"@type":"ImageObject","inLanguage":"de","@id":"https:\/\/clarijs-fietstassen.nl\/de\/produkt\/regenverdeck-fuer-dolly-lastenfahrrad-mit-abnehmbarem-sonnenschirm\/#primaryimage","url":"https:\/\/clarijs-fietstassen.nl\/wp-content\/uploads\/2024\/03\/Dolly-met-afneembaar-zonnescherm.png","contentUrl":"https:\/\/clarijs-fietstassen.nl\/wp-content\/uploads\/2024\/03\/Dolly-met-afneembaar-zonnescherm.png","width":1000,"height":1000,"caption":"Regenzelt f\u00fcr Dolly Lastenfahrrad - Mit abnehmbarem Sonnenschirm"},{"@type":"BreadcrumbList","@id":"https:\/\/clarijs-fietstassen.nl\/de\/produkt\/regenverdeck-fuer-dolly-lastenfahrrad-mit-abnehmbarem-sonnenschirm\/#breadcrumb","itemListElement":[{"@type":"ListItem","position":1,"name":"Home","item":"https:\/\/clarijs-fietstassen.nl\/de\/"},{"@type":"ListItem","position":2,"name":"Shop","item":"https:\/\/clarijs-fietstassen.nl\/de\/shop\/"},{"@type":"ListItem","position":3,"name":"Dolly","item":"https:\/\/clarijs-fietstassen.nl\/dolly\/"},{"@type":"ListItem","position":4,"name":"Regenzelt f\u00fcr Dolly Lastenfahrrad &#8211; Mit abnehmbarem Sonnenschirm"}]},{"@type":"WebSite","@id":"https:\/\/clarijs-fietstassen.nl\/de\/#website","url":"https:\/\/clarijs-fietstassen.nl\/de\/","name":"Clarijs Fietstassen","description":"Kwaliteit &amp; ambacht sinds 1948","publisher":{"@id":"https:\/\/clarijs-fietstassen.nl\/de\/#organization"},"potentialAction":[{"@type":"SearchAction","target":{"@type":"EntryPoint","urlTemplate":"https:\/\/clarijs-fietstassen.nl\/de\/?s={search_term_string}"},"query-input":{"@type":"PropertyValueSpecification","valueRequired":true,"valueName":"search_term_string"}}],"inLanguage":"de"},{"@type":"Organization","@id":"https:\/\/clarijs-fietstassen.nl\/de\/#organization","name":"Clarijs Fietstassen","url":"https:\/\/clarijs-fietstassen.nl\/de\/","logo":{"@type":"ImageObject","inLanguage":"de","@id":"https:\/\/clarijs-fietstassen.nl\/de\/#\/schema\/logo\/image\/","url":"https:\/\/clarijs-fietstassen.nl\/wp-content\/uploads\/2024\/01\/clarijs-logo-met-rand.jpg","contentUrl":"https:\/\/clarijs-fietstassen.nl\/wp-content\/uploads\/2024\/01\/clarijs-logo-met-rand.jpg","width":560,"height":266,"caption":"Clarijs Fietstassen"},"image":{"@id":"https:\/\/clarijs-fietstassen.nl\/de\/#\/schema\/logo\/image\/"},"sameAs":["https:\/\/www.facebook.com\/clarijs1948\/","https:\/\/www.instagram.com\/clarijscovers\/"]}]},"og_availability":"instock","product_availability":"instock","product_retailer_item_id":"5091","product_condition":"new"},"_links":{"self":[{"href":"https:\/\/clarijs-fietstassen.nl\/de\/wp-json\/wp\/v2\/product\/47344","targetHints":{"allow":["GET"]}}],"collection":[{"href":"https:\/\/clarijs-fietstassen.nl\/de\/wp-json\/wp\/v2\/product"}],"about":[{"href":"https:\/\/clarijs-fietstassen.nl\/de\/wp-json\/wp\/v2\/types\/product"}],"replies":[{"embeddable":true,"href":"https:\/\/clarijs-fietstassen.nl\/de\/wp-json\/wp\/v2\/comments?post=47344"}],"wp:featuredmedia":[{"embeddable":true,"href":"https:\/\/clarijs-fietstassen.nl\/de\/wp-json\/wp\/v2\/media\/47348"}],"wp:attachment":[{"href":"https:\/\/clarijs-fietstassen.nl\/de\/wp-json\/wp\/v2\/media?parent=47344"}],"wp:term":[{"taxonomy":"product_brand","embeddable":true,"href":"https:\/\/clarijs-fietstassen.nl\/de\/wp-json\/wp\/v2\/product_brand?post=47344"},{"taxonomy":"product_cat","embeddable":true,"href":"https:\/\/clarijs-fietstassen.nl\/de\/wp-json\/wp\/v2\/product_cat?post=47344"},{"taxonomy":"product_tag","embeddable":true,"href":"https:\/\/clarijs-fietstassen.nl\/de\/wp-json\/wp\/v2\/product_tag?post=47344"}],"curies":[{"name":"wp","href":"https:\/\/api.w.org\/{rel}","templated":true}]}}