{"id":47357,"date":"2024-04-16T12:47:23","date_gmt":"2024-04-16T10:47:23","guid":{"rendered":"https:\/\/clarijs-fietstassen.nl\/regenverdeck-fuer-vogue-carry-3-ohne-rahmen-modell-2024\/"},"modified":"2025-09-30T11:07:02","modified_gmt":"2025-09-30T09:07:02","slug":"regenverdeck-fuer-vogue-carry-3-ohne-rahmen-modell-2024","status":"publish","type":"product","link":"https:\/\/clarijs-fietstassen.nl\/de\/produkt\/regenverdeck-fuer-vogue-carry-3-ohne-rahmen-modell-2024\/","title":{"rendered":"Regenzelt f\u00fcr Vogue Carry 3 (Excl. Rahmen) Modell 2024"},"content":{"rendered":"<p>Dieses Regenzelt ist speziell f\u00fcr das Vogue Carry 3 Modell 2024 konzipiert. Dieses Regenzelt passt nur f\u00fcr Carry 3 Modelle mit einem Baujahr von 2023 oder h\u00f6her. Dies erkennen Sie an der Batterie in der Box und nicht unter dem Gep\u00e4cktr\u00e4ger. <strong>Das Regenzelt beinhaltet nicht den Rahmen.<\/strong><br \/>\nDas Zelt hat zwei Rei\u00dfverschl\u00fcsse auf jeder Seite, so dass die Seitenfenster bei sch\u00f6nem Wetter oder beim Beladen des Laderaums hochgerollt werden k\u00f6nnen. Die R\u00fcckseite des Zeltes kann mit Klettverschluss ge\u00f6ffnet werden, um mehr Interaktion mit den Kindern und eine bessere Sauerstoffzirkulation zu erm\u00f6glichen. Ma\u00dfe der Tonne: L: 104 cm &#8211; B: 72 cm &#8211; H: 51,5 cm (R\u00fcckseite). Tiefe: 50 cm   <\/p>\n<p><strong>Materialien:<\/strong><\/p>\n<p>Das Regenzelt f\u00fcr Vogue Carry 3 (Excl. Rahmen) Modell 2024 ist aus gewebtem Nylon PU hergestellt. Dieses Material ist flexibel, stark und nat\u00fcrlich absolut wasserdicht. Das Zelt ist mit hochwertigen, wasserfesten Rei\u00dfverschl\u00fcssen mit einer St\u00e4rke von 10 mm ausgestattet. <strong>Vorteile<\/strong> des Regenzelt f\u00fcr Vogue Carry 3 (Excl. Rahmen) Modell 2024:  <\/p>\n<ul>\n<li>Zus\u00e4tzlicher Schutz f\u00fcr Ihr Hab und Gut und Ihr Fahrrad<\/li>\n<li>Kann die Lebensdauer Ihres Fahrrads verl\u00e4ngern<\/li>\n<li>Kann zu mehr Sicherheit beim Radfahren beitragen<\/li>\n<\/ul>\n<p>Mit seinem eleganten Design und seiner hochwertigen Konstruktion ist das Regenzelt Vogue Carry 3 die perfekte Wahl f\u00fcr alle, die Schutz vor Regen, Schnee und anderen extremen Wetterbedingungen suchen.<\/p>\n","protected":false},"excerpt":{"rendered":"<p>Dieses Regenzelt ist speziell f\u00fcr das Vogue Carry 3 Modell 2024 konzipiert. Dieses Regenzelt passt nur f\u00fcr Carry 3 Modelle mit einem Baujahr von 2023 oder h\u00f6her. Dies erkennen Sie an der Batterie in der Box und nicht unter dem Gep\u00e4cktr\u00e4ger. Das Regenzelt beinhaltet nicht den Rahmen. Das Zelt hat zwei Rei\u00dfverschl\u00fcsse auf jeder Seite, [&hellip;]<\/p>\n","protected":false},"featured_media":63493,"comment_status":"closed","ping_status":"closed","template":"","meta":{"_acf_changed":false,"_et_pb_use_builder":"","_et_pb_old_content":"","_et_gb_content_width":""},"product_brand":[],"product_cat":[686,690,775],"product_tag":[],"class_list":{"0":"post-47357","1":"product","2":"type-product","3":"status-publish","4":"has-post-thumbnail","6":"product_cat-bakfiets-de","7":"product_cat-lastenrad-regenverdeck","8":"product_cat-vogue-de","9":"pa_geschikt-voor-e-bike-ja-de","10":"pa_kleur-schwarz","11":"pa_materiaal-gewebtes-nylon-pu","12":"pa_merk-clarijs-covers-b-v-de","13":"pa_reflectie-nein","15":"first","16":"onbackorder","17":"taxable","18":"shipping-taxable","19":"purchasable","20":"product-type-simple"},"acf":[],"yoast_head":"<!-- This site is optimized with the Yoast SEO Premium plugin v27.2 (Yoast SEO v27.3) - https:\/\/yoast.com\/product\/yoast-seo-premium-wordpress\/ -->\n<title>Regenzelt f\u00fcr Vogue Carry 3 (Excl. Rahmen) Modell 2024 - Clarijs Fietstassen<\/title>\n<meta name=\"description\" content=\"Das Regenzelt f\u00fcr Vogue Carry 3 (Excl. Rahmen) Modell 2024 hat zwei Rei\u00dfverschl\u00fcsse auf jeder Seite, so dass die Seitenfenster bei sch\u00f6nem Wetter aufgerollt werden k\u00f6nnen.\" \/>\n<meta name=\"robots\" content=\"index, follow, max-snippet:-1, max-image-preview:large, max-video-preview:-1\" \/>\n<link rel=\"canonical\" href=\"http:\/\/clarijs-fietstassen.nl\/produkt\/regentent-voor-vogue-carry-3-excl-frame-model-2024\/\" \/>\n<meta property=\"og:locale\" content=\"de_DE\" \/>\n<meta property=\"og:type\" content=\"article\" \/>\n<meta property=\"og:title\" content=\"Regenzelt f\u00fcr Vogue Carry 3 (Excl. Rahmen) Modell 2024\" \/>\n<meta property=\"og:description\" content=\"Das Regenzelt f\u00fcr Vogue Carry 3 (Excl. Rahmen) Modell 2024 hat zwei Rei\u00dfverschl\u00fcsse auf jeder Seite, so dass die Seitenfenster bei sch\u00f6nem Wetter aufgerollt werden k\u00f6nnen.\" \/>\n<meta property=\"og:url\" content=\"http:\/\/clarijs-fietstassen.nl\/produkt\/regentent-voor-vogue-carry-3-excl-frame-model-2024\/\" \/>\n<meta property=\"og:site_name\" content=\"Clarijs Fietstassen\" \/>\n<meta property=\"article:publisher\" content=\"https:\/\/www.facebook.com\/clarijs1948\/\" \/>\n<meta property=\"article:modified_time\" content=\"2025-09-30T09:07:02+00:00\" \/>\n<meta property=\"og:image\" content=\"https:\/\/clarijs-fietstassen.nl\/wp-content\/uploads\/2023\/07\/Carry-3-dicht.jpg\" \/>\n\t<meta property=\"og:image:width\" content=\"2000\" \/>\n\t<meta property=\"og:image:height\" content=\"2000\" \/>\n\t<meta property=\"og:image:type\" content=\"image\/jpeg\" \/>\n<meta name=\"twitter:card\" content=\"summary_large_image\" \/>\n<meta name=\"twitter:label1\" content=\"Preis\" \/>\n\t<meta name=\"twitter:data1\" content=\"&euro;219.00\" \/>\n\t<meta name=\"twitter:label2\" content=\"Verf\u00fcgbarkeit\" \/>\n\t<meta name=\"twitter:data2\" content=\"bei Nachbestellung\" \/>\n<script type=\"application\/ld+json\" class=\"yoast-schema-graph\">{\"@context\":\"https:\\\/\\\/schema.org\",\"@graph\":[{\"@type\":\"WebPage\",\"@id\":\"http:\\\/\\\/clarijs-fietstassen.nl\\\/produkt\\\/regentent-voor-vogue-carry-3-excl-frame-model-2024\\\/\",\"url\":\"http:\\\/\\\/clarijs-fietstassen.nl\\\/produkt\\\/regentent-voor-vogue-carry-3-excl-frame-model-2024\\\/\",\"name\":\"Regenzelt f\u00fcr Vogue Carry 3 (Excl. Rahmen) Modell 2024 - Clarijs Fietstassen\",\"isPartOf\":{\"@id\":\"https:\\\/\\\/clarijs-fietstassen.nl\\\/de\\\/#website\"},\"primaryImageOfPage\":{\"@id\":\"http:\\\/\\\/clarijs-fietstassen.nl\\\/produkt\\\/regentent-voor-vogue-carry-3-excl-frame-model-2024\\\/#primaryimage\"},\"image\":{\"@id\":\"http:\\\/\\\/clarijs-fietstassen.nl\\\/produkt\\\/regentent-voor-vogue-carry-3-excl-frame-model-2024\\\/#primaryimage\"},\"thumbnailUrl\":\"https:\\\/\\\/clarijs-fietstassen.nl\\\/wp-content\\\/uploads\\\/2024\\\/04\\\/Vogue-carry3-model2024.png\",\"datePublished\":\"2024-04-16T10:47:23+00:00\",\"dateModified\":\"2025-09-30T09:07:02+00:00\",\"description\":\"Das Regenzelt f\u00fcr Vogue Carry 3 (Excl. Rahmen) Modell 2024 hat zwei Rei\u00dfverschl\u00fcsse auf jeder Seite, so dass die Seitenfenster bei sch\u00f6nem Wetter aufgerollt werden k\u00f6nnen.\",\"breadcrumb\":{\"@id\":\"http:\\\/\\\/clarijs-fietstassen.nl\\\/produkt\\\/regentent-voor-vogue-carry-3-excl-frame-model-2024\\\/#breadcrumb\"},\"inLanguage\":\"de\",\"potentialAction\":[{\"@type\":\"ReadAction\",\"target\":[\"http:\\\/\\\/clarijs-fietstassen.nl\\\/produkt\\\/regentent-voor-vogue-carry-3-excl-frame-model-2024\\\/\"]}]},{\"@type\":\"ImageObject\",\"inLanguage\":\"de\",\"@id\":\"http:\\\/\\\/clarijs-fietstassen.nl\\\/produkt\\\/regentent-voor-vogue-carry-3-excl-frame-model-2024\\\/#primaryimage\",\"url\":\"https:\\\/\\\/clarijs-fietstassen.nl\\\/wp-content\\\/uploads\\\/2024\\\/04\\\/Vogue-carry3-model2024.png\",\"contentUrl\":\"https:\\\/\\\/clarijs-fietstassen.nl\\\/wp-content\\\/uploads\\\/2024\\\/04\\\/Vogue-carry3-model2024.png\",\"width\":1000,\"height\":1000,\"caption\":\"Vogue-carry3-model2024\"},{\"@type\":\"BreadcrumbList\",\"@id\":\"http:\\\/\\\/clarijs-fietstassen.nl\\\/produkt\\\/regentent-voor-vogue-carry-3-excl-frame-model-2024\\\/#breadcrumb\",\"itemListElement\":[{\"@type\":\"ListItem\",\"position\":1,\"name\":\"Home\",\"item\":\"https:\\\/\\\/clarijs-fietstassen.nl\\\/de\\\/\"},{\"@type\":\"ListItem\",\"position\":2,\"name\":\"Shop\",\"item\":\"https:\\\/\\\/clarijs-fietstassen.nl\\\/de\\\/shop\\\/\"},{\"@type\":\"ListItem\",\"position\":3,\"name\":\"Vogue\",\"item\":\"https:\\\/\\\/clarijs-fietstassen.nl\\\/vogue\\\/\"},{\"@type\":\"ListItem\",\"position\":4,\"name\":\"Regenzelt f\u00fcr Vogue Carry 3 (Excl. Rahmen) Modell 2024\"}]},{\"@type\":\"WebSite\",\"@id\":\"https:\\\/\\\/clarijs-fietstassen.nl\\\/de\\\/#website\",\"url\":\"https:\\\/\\\/clarijs-fietstassen.nl\\\/de\\\/\",\"name\":\"Clarijs Fietstassen\",\"description\":\"Kwaliteit &amp; ambacht sinds 1948\",\"publisher\":{\"@id\":\"https:\\\/\\\/clarijs-fietstassen.nl\\\/de\\\/#organization\"},\"potentialAction\":[{\"@type\":\"SearchAction\",\"target\":{\"@type\":\"EntryPoint\",\"urlTemplate\":\"https:\\\/\\\/clarijs-fietstassen.nl\\\/de\\\/?s={search_term_string}\"},\"query-input\":{\"@type\":\"PropertyValueSpecification\",\"valueRequired\":true,\"valueName\":\"search_term_string\"}}],\"inLanguage\":\"de\"},{\"@type\":\"Organization\",\"@id\":\"https:\\\/\\\/clarijs-fietstassen.nl\\\/de\\\/#organization\",\"name\":\"Clarijs Fietstassen\",\"url\":\"https:\\\/\\\/clarijs-fietstassen.nl\\\/de\\\/\",\"logo\":{\"@type\":\"ImageObject\",\"inLanguage\":\"de\",\"@id\":\"https:\\\/\\\/clarijs-fietstassen.nl\\\/de\\\/#\\\/schema\\\/logo\\\/image\\\/\",\"url\":\"https:\\\/\\\/clarijs-fietstassen.nl\\\/wp-content\\\/uploads\\\/2024\\\/01\\\/clarijs-logo-met-rand.jpg\",\"contentUrl\":\"https:\\\/\\\/clarijs-fietstassen.nl\\\/wp-content\\\/uploads\\\/2024\\\/01\\\/clarijs-logo-met-rand.jpg\",\"width\":560,\"height\":266,\"caption\":\"Clarijs Fietstassen\"},\"image\":{\"@id\":\"https:\\\/\\\/clarijs-fietstassen.nl\\\/de\\\/#\\\/schema\\\/logo\\\/image\\\/\"},\"sameAs\":[\"https:\\\/\\\/www.facebook.com\\\/clarijs1948\\\/\",\"https:\\\/\\\/www.instagram.com\\\/clarijscovers\\\/\"]}]}<\/script>\n<meta property=\"product:price:amount\" content=\"219.00\" \/>\n<meta property=\"product:price:currency\" content=\"EUR\" \/>\n<meta property=\"og:availability\" content=\"backorder\" \/>\n<meta property=\"product:availability\" content=\"available for order\" \/>\n<meta property=\"product:retailer_item_id\" content=\"5049\" \/>\n<meta property=\"product:condition\" content=\"new\" \/>\n<!-- \/ Yoast SEO Premium plugin. -->","yoast_head_json":{"title":"Regenzelt f\u00fcr Vogue Carry 3 (Excl. Rahmen) Modell 2024 - Clarijs Fietstassen","description":"Das Regenzelt f\u00fcr Vogue Carry 3 (Excl. Rahmen) Modell 2024 hat zwei Rei\u00dfverschl\u00fcsse auf jeder Seite, so dass die Seitenfenster bei sch\u00f6nem Wetter aufgerollt werden k\u00f6nnen.","robots":{"index":"index","follow":"follow","max-snippet":"max-snippet:-1","max-image-preview":"max-image-preview:large","max-video-preview":"max-video-preview:-1"},"canonical":"http:\/\/clarijs-fietstassen.nl\/produkt\/regentent-voor-vogue-carry-3-excl-frame-model-2024\/","og_locale":"de_DE","og_type":"article","og_title":"Regenzelt f\u00fcr Vogue Carry 3 (Excl. Rahmen) Modell 2024","og_description":"Das Regenzelt f\u00fcr Vogue Carry 3 (Excl. Rahmen) Modell 2024 hat zwei Rei\u00dfverschl\u00fcsse auf jeder Seite, so dass die Seitenfenster bei sch\u00f6nem Wetter aufgerollt werden k\u00f6nnen.","og_url":"http:\/\/clarijs-fietstassen.nl\/produkt\/regentent-voor-vogue-carry-3-excl-frame-model-2024\/","og_site_name":"Clarijs Fietstassen","article_publisher":"https:\/\/www.facebook.com\/clarijs1948\/","article_modified_time":"2025-09-30T09:07:02+00:00","og_image":[{"width":2000,"height":2000,"url":"https:\/\/clarijs-fietstassen.nl\/wp-content\/uploads\/2023\/07\/Carry-3-dicht.jpg","type":"image\/jpeg"}],"twitter_card":"summary_large_image","twitter_misc":{"Preis":"&euro;219.00","Verf\u00fcgbarkeit":"bei Nachbestellung"},"schema":{"@context":"https:\/\/schema.org","@graph":[{"@type":"WebPage","@id":"http:\/\/clarijs-fietstassen.nl\/produkt\/regentent-voor-vogue-carry-3-excl-frame-model-2024\/","url":"http:\/\/clarijs-fietstassen.nl\/produkt\/regentent-voor-vogue-carry-3-excl-frame-model-2024\/","name":"Regenzelt f\u00fcr Vogue Carry 3 (Excl. Rahmen) Modell 2024 - Clarijs Fietstassen","isPartOf":{"@id":"https:\/\/clarijs-fietstassen.nl\/de\/#website"},"primaryImageOfPage":{"@id":"http:\/\/clarijs-fietstassen.nl\/produkt\/regentent-voor-vogue-carry-3-excl-frame-model-2024\/#primaryimage"},"image":{"@id":"http:\/\/clarijs-fietstassen.nl\/produkt\/regentent-voor-vogue-carry-3-excl-frame-model-2024\/#primaryimage"},"thumbnailUrl":"https:\/\/clarijs-fietstassen.nl\/wp-content\/uploads\/2024\/04\/Vogue-carry3-model2024.png","datePublished":"2024-04-16T10:47:23+00:00","dateModified":"2025-09-30T09:07:02+00:00","description":"Das Regenzelt f\u00fcr Vogue Carry 3 (Excl. Rahmen) Modell 2024 hat zwei Rei\u00dfverschl\u00fcsse auf jeder Seite, so dass die Seitenfenster bei sch\u00f6nem Wetter aufgerollt werden k\u00f6nnen.","breadcrumb":{"@id":"http:\/\/clarijs-fietstassen.nl\/produkt\/regentent-voor-vogue-carry-3-excl-frame-model-2024\/#breadcrumb"},"inLanguage":"de","potentialAction":[{"@type":"ReadAction","target":["http:\/\/clarijs-fietstassen.nl\/produkt\/regentent-voor-vogue-carry-3-excl-frame-model-2024\/"]}]},{"@type":"ImageObject","inLanguage":"de","@id":"http:\/\/clarijs-fietstassen.nl\/produkt\/regentent-voor-vogue-carry-3-excl-frame-model-2024\/#primaryimage","url":"https:\/\/clarijs-fietstassen.nl\/wp-content\/uploads\/2024\/04\/Vogue-carry3-model2024.png","contentUrl":"https:\/\/clarijs-fietstassen.nl\/wp-content\/uploads\/2024\/04\/Vogue-carry3-model2024.png","width":1000,"height":1000,"caption":"Vogue-carry3-model2024"},{"@type":"BreadcrumbList","@id":"http:\/\/clarijs-fietstassen.nl\/produkt\/regentent-voor-vogue-carry-3-excl-frame-model-2024\/#breadcrumb","itemListElement":[{"@type":"ListItem","position":1,"name":"Home","item":"https:\/\/clarijs-fietstassen.nl\/de\/"},{"@type":"ListItem","position":2,"name":"Shop","item":"https:\/\/clarijs-fietstassen.nl\/de\/shop\/"},{"@type":"ListItem","position":3,"name":"Vogue","item":"https:\/\/clarijs-fietstassen.nl\/vogue\/"},{"@type":"ListItem","position":4,"name":"Regenzelt f\u00fcr Vogue Carry 3 (Excl. Rahmen) Modell 2024"}]},{"@type":"WebSite","@id":"https:\/\/clarijs-fietstassen.nl\/de\/#website","url":"https:\/\/clarijs-fietstassen.nl\/de\/","name":"Clarijs Fietstassen","description":"Kwaliteit &amp; ambacht sinds 1948","publisher":{"@id":"https:\/\/clarijs-fietstassen.nl\/de\/#organization"},"potentialAction":[{"@type":"SearchAction","target":{"@type":"EntryPoint","urlTemplate":"https:\/\/clarijs-fietstassen.nl\/de\/?s={search_term_string}"},"query-input":{"@type":"PropertyValueSpecification","valueRequired":true,"valueName":"search_term_string"}}],"inLanguage":"de"},{"@type":"Organization","@id":"https:\/\/clarijs-fietstassen.nl\/de\/#organization","name":"Clarijs Fietstassen","url":"https:\/\/clarijs-fietstassen.nl\/de\/","logo":{"@type":"ImageObject","inLanguage":"de","@id":"https:\/\/clarijs-fietstassen.nl\/de\/#\/schema\/logo\/image\/","url":"https:\/\/clarijs-fietstassen.nl\/wp-content\/uploads\/2024\/01\/clarijs-logo-met-rand.jpg","contentUrl":"https:\/\/clarijs-fietstassen.nl\/wp-content\/uploads\/2024\/01\/clarijs-logo-met-rand.jpg","width":560,"height":266,"caption":"Clarijs Fietstassen"},"image":{"@id":"https:\/\/clarijs-fietstassen.nl\/de\/#\/schema\/logo\/image\/"},"sameAs":["https:\/\/www.facebook.com\/clarijs1948\/","https:\/\/www.instagram.com\/clarijscovers\/"]}]},"product_price_amount":"219.00","product_price_currency":"EUR","og_availability":"backorder","product_availability":"available for order","product_retailer_item_id":"5049","product_condition":"new"},"_links":{"self":[{"href":"https:\/\/clarijs-fietstassen.nl\/de\/wp-json\/wp\/v2\/product\/47357","targetHints":{"allow":["GET"]}}],"collection":[{"href":"https:\/\/clarijs-fietstassen.nl\/de\/wp-json\/wp\/v2\/product"}],"about":[{"href":"https:\/\/clarijs-fietstassen.nl\/de\/wp-json\/wp\/v2\/types\/product"}],"replies":[{"embeddable":true,"href":"https:\/\/clarijs-fietstassen.nl\/de\/wp-json\/wp\/v2\/comments?post=47357"}],"wp:featuredmedia":[{"embeddable":true,"href":"https:\/\/clarijs-fietstassen.nl\/de\/wp-json\/wp\/v2\/media\/63493"}],"wp:attachment":[{"href":"https:\/\/clarijs-fietstassen.nl\/de\/wp-json\/wp\/v2\/media?parent=47357"}],"wp:term":[{"taxonomy":"product_brand","embeddable":true,"href":"https:\/\/clarijs-fietstassen.nl\/de\/wp-json\/wp\/v2\/product_brand?post=47357"},{"taxonomy":"product_cat","embeddable":true,"href":"https:\/\/clarijs-fietstassen.nl\/de\/wp-json\/wp\/v2\/product_cat?post=47357"},{"taxonomy":"product_tag","embeddable":true,"href":"https:\/\/clarijs-fietstassen.nl\/de\/wp-json\/wp\/v2\/product_tag?post=47357"}],"curies":[{"name":"wp","href":"https:\/\/api.w.org\/{rel}","templated":true}]}}