{"id":47371,"date":"2024-04-10T12:20:35","date_gmt":"2024-04-10T10:20:35","guid":{"rendered":"https:\/\/clarijs-fietstassen.nl\/regenschutzdach-fuer-raaks-ohne-rahmen\/"},"modified":"2025-09-30T10:32:48","modified_gmt":"2025-09-30T08:32:48","slug":"regenschutzdach-fuer-raaks-ohne-rahmen","status":"publish","type":"product","link":"https:\/\/clarijs-fietstassen.nl\/de\/produkt\/regenschutzdach-fuer-raaks-ohne-rahmen\/","title":{"rendered":"Regenzelt f\u00fcr RAAKS (ohne Rahmen)"},"content":{"rendered":"<p>Dieses hochwertige Regenzelt wurde speziell f\u00fcr die RAAKS Bakfiets Belton und Bremerton entwickelt. <strong>Das Regenzelt enth\u00e4lt keine Rahmen.<\/strong><br \/>\nDas Regenzelt f\u00fcr RAAKS (ohne Rahmenl) hat zwei Rei\u00dfverschl\u00fcsse auf jeder Seite, so dass die Seitenfenster bei sch\u00f6nem Wetter oder beim Beladen der Ladefl\u00e4che hochgerollt werden k\u00f6nnen. Die R\u00fcckseite des Zeltes kann mit Klettverschluss ge\u00f6ffnet werden, um mehr Interaktion mit den Kindern und mehr Sauerstoffzirkulation zu erm\u00f6glichen. <strong>Materialien:<\/strong><br \/>\nDas Zelt ist aus gewebtem Nylon PU hergestellt. Dieses Material ist flexibel, stark und nat\u00fcrlich absolut wasserdicht. Das Zelt verf\u00fcgt \u00fcber hochwertige, wasserfeste Rei\u00dfverschl\u00fcsse mit einer St\u00e4rke von 10 mm. <strong>Vorteile<\/strong> des Regenzelt f\u00fcr RAAKS (ohne Rahmen): <\/p>\n<ul>\n<li>Zus\u00e4tzlicher Schutz f\u00fcr Ihr Hab und Gut und Ihr Fahrrad.<\/li>\n<li>Kann die Lebensdauer Ihres Fahrrads verl\u00e4ngern.<\/li>\n<li>Kann zu mehr Sicherheit beim Radfahren beitragen.<\/li>\n<\/ul>\n<p>Mit seinem eleganten Design und seiner hochwertigen Konstruktion ist der RAAKS Regenzelt Belton und Bremerton die perfekte Wahl f\u00fcr alle, die Schutz vor Regen, Schnee und anderen extremen Wetterbedingungen suchen.<\/p>\n","protected":false},"excerpt":{"rendered":"<p>Dieses hochwertige Regenzelt wurde speziell f\u00fcr die RAAKS Bakfiets Belton und Bremerton entwickelt. Das Regenzelt enth\u00e4lt keine Rahmen. Das Regenzelt f\u00fcr RAAKS (ohne Rahmenl) hat zwei Rei\u00dfverschl\u00fcsse auf jeder Seite, so dass die Seitenfenster bei sch\u00f6nem Wetter oder beim Beladen der Ladefl\u00e4che hochgerollt werden k\u00f6nnen. Die R\u00fcckseite des Zeltes kann mit Klettverschluss ge\u00f6ffnet werden, um [&hellip;]<\/p>\n","protected":false},"featured_media":47372,"comment_status":"closed","ping_status":"closed","template":"","meta":{"_acf_changed":false,"_et_pb_use_builder":"","_et_pb_old_content":"","_et_gb_content_width":""},"product_brand":[],"product_cat":[686,690,751],"product_tag":[],"class_list":{"0":"post-47371","1":"product","2":"type-product","3":"status-publish","4":"has-post-thumbnail","6":"product_cat-bakfiets-de","7":"product_cat-lastenrad-regenverdeck","8":"product_cat-raaks-de","9":"pa_geschikt-voor-e-bike-ja-de","10":"pa_kleur-schwarz","11":"pa_materiaal-gewebtes-nylon-pu","12":"pa_merk-clarijs-covers-b-v-de","13":"pa_reflectie-nein","15":"first","16":"instock","17":"taxable","18":"shipping-taxable","19":"purchasable","20":"product-type-simple"},"acf":[],"yoast_head":"<!-- This site is optimized with the Yoast SEO Premium plugin v27.2 (Yoast SEO v27.3) - https:\/\/yoast.com\/product\/yoast-seo-premium-wordpress\/ -->\n<title>Regenzelt f\u00fcr RAAKS (ohne Rahmen) - Clarijs Fietstassen<\/title>\n<meta name=\"description\" content=\"Das Regenzelt f\u00fcr RAAKS (ohne Rahmen) hat zwei Rei\u00dfverschl\u00fcsse auf jeder Seite, so dass die Seitenfenster bei sch\u00f6nem Wetter aufgerollt werden k\u00f6nnen. Jetzt einkaufen!\" \/>\n<meta name=\"robots\" content=\"index, follow, max-snippet:-1, max-image-preview:large, max-video-preview:-1\" \/>\n<link rel=\"canonical\" href=\"https:\/\/clarijs-fietstassen.nl\/produkt\/regentent-voor-raaks-excl-frame\/\" \/>\n<meta property=\"og:locale\" content=\"de_DE\" \/>\n<meta property=\"og:type\" content=\"article\" \/>\n<meta property=\"og:title\" content=\"Regenzelt f\u00fcr RAAKS (ohne Rahmen)\" \/>\n<meta property=\"og:description\" content=\"Das Regenzelt f\u00fcr RAAKS (ohne Rahmen) hat zwei Rei\u00dfverschl\u00fcsse auf jeder Seite, so dass die Seitenfenster bei sch\u00f6nem Wetter aufgerollt werden k\u00f6nnen. Jetzt einkaufen!\" \/>\n<meta property=\"og:url\" content=\"https:\/\/clarijs-fietstassen.nl\/produkt\/regentent-voor-raaks-excl-frame\/\" \/>\n<meta property=\"og:site_name\" content=\"Clarijs Fietstassen\" \/>\n<meta property=\"article:publisher\" content=\"https:\/\/www.facebook.com\/clarijs1948\/\" \/>\n<meta property=\"article:modified_time\" content=\"2025-09-30T08:32:48+00:00\" \/>\n<meta property=\"og:image\" content=\"https:\/\/clarijs-fietstassen.nl\/wp-content\/uploads\/2024\/04\/Raaks-regentent-.png\" \/>\n\t<meta property=\"og:image:width\" content=\"1000\" \/>\n\t<meta property=\"og:image:height\" content=\"1000\" \/>\n\t<meta property=\"og:image:type\" content=\"image\/png\" \/>\n<meta name=\"twitter:card\" content=\"summary_large_image\" \/>\n<meta name=\"twitter:label1\" content=\"Preis\" \/>\n\t<meta name=\"twitter:data1\" content=\"&euro;219.00\" \/>\n\t<meta name=\"twitter:label2\" content=\"Verf\u00fcgbarkeit\" \/>\n\t<meta name=\"twitter:data2\" content=\"Auf Lager\" \/>\n<script type=\"application\/ld+json\" class=\"yoast-schema-graph\">{\"@context\":\"https:\\\/\\\/schema.org\",\"@graph\":[{\"@type\":\"WebPage\",\"@id\":\"https:\\\/\\\/clarijs-fietstassen.nl\\\/produkt\\\/regentent-voor-raaks-excl-frame\\\/\",\"url\":\"https:\\\/\\\/clarijs-fietstassen.nl\\\/produkt\\\/regentent-voor-raaks-excl-frame\\\/\",\"name\":\"Regenzelt f\u00fcr RAAKS (ohne Rahmen) - Clarijs Fietstassen\",\"isPartOf\":{\"@id\":\"https:\\\/\\\/clarijs-fietstassen.nl\\\/de\\\/#website\"},\"primaryImageOfPage\":{\"@id\":\"https:\\\/\\\/clarijs-fietstassen.nl\\\/produkt\\\/regentent-voor-raaks-excl-frame\\\/#primaryimage\"},\"image\":{\"@id\":\"https:\\\/\\\/clarijs-fietstassen.nl\\\/produkt\\\/regentent-voor-raaks-excl-frame\\\/#primaryimage\"},\"thumbnailUrl\":\"https:\\\/\\\/clarijs-fietstassen.nl\\\/wp-content\\\/uploads\\\/2024\\\/04\\\/Raaks-regentent-.png\",\"datePublished\":\"2024-04-10T10:20:35+00:00\",\"dateModified\":\"2025-09-30T08:32:48+00:00\",\"description\":\"Das Regenzelt f\u00fcr RAAKS (ohne Rahmen) hat zwei Rei\u00dfverschl\u00fcsse auf jeder Seite, so dass die Seitenfenster bei sch\u00f6nem Wetter aufgerollt werden k\u00f6nnen. Jetzt einkaufen!\",\"breadcrumb\":{\"@id\":\"https:\\\/\\\/clarijs-fietstassen.nl\\\/produkt\\\/regentent-voor-raaks-excl-frame\\\/#breadcrumb\"},\"inLanguage\":\"de\",\"potentialAction\":[{\"@type\":\"ReadAction\",\"target\":[\"https:\\\/\\\/clarijs-fietstassen.nl\\\/produkt\\\/regentent-voor-raaks-excl-frame\\\/\"]}]},{\"@type\":\"ImageObject\",\"inLanguage\":\"de\",\"@id\":\"https:\\\/\\\/clarijs-fietstassen.nl\\\/produkt\\\/regentent-voor-raaks-excl-frame\\\/#primaryimage\",\"url\":\"https:\\\/\\\/clarijs-fietstassen.nl\\\/wp-content\\\/uploads\\\/2024\\\/04\\\/Raaks-regentent-.png\",\"contentUrl\":\"https:\\\/\\\/clarijs-fietstassen.nl\\\/wp-content\\\/uploads\\\/2024\\\/04\\\/Raaks-regentent-.png\",\"width\":1000,\"height\":1000,\"caption\":\"Regenzelt f\u00fcr RAAKS Lastenfahrrad\"},{\"@type\":\"BreadcrumbList\",\"@id\":\"https:\\\/\\\/clarijs-fietstassen.nl\\\/produkt\\\/regentent-voor-raaks-excl-frame\\\/#breadcrumb\",\"itemListElement\":[{\"@type\":\"ListItem\",\"position\":1,\"name\":\"Home\",\"item\":\"https:\\\/\\\/clarijs-fietstassen.nl\\\/de\\\/\"},{\"@type\":\"ListItem\",\"position\":2,\"name\":\"Shop\",\"item\":\"https:\\\/\\\/clarijs-fietstassen.nl\\\/de\\\/shop\\\/\"},{\"@type\":\"ListItem\",\"position\":3,\"name\":\"Bakfiets\",\"item\":\"https:\\\/\\\/clarijs-fietstassen.nl\\\/de\\\/bakfiets-de\\\/\"},{\"@type\":\"ListItem\",\"position\":4,\"name\":\"Regenzelt f\u00fcr RAAKS (ohne Rahmen)\"}]},{\"@type\":\"WebSite\",\"@id\":\"https:\\\/\\\/clarijs-fietstassen.nl\\\/de\\\/#website\",\"url\":\"https:\\\/\\\/clarijs-fietstassen.nl\\\/de\\\/\",\"name\":\"Clarijs Fietstassen\",\"description\":\"Kwaliteit &amp; ambacht sinds 1948\",\"publisher\":{\"@id\":\"https:\\\/\\\/clarijs-fietstassen.nl\\\/de\\\/#organization\"},\"potentialAction\":[{\"@type\":\"SearchAction\",\"target\":{\"@type\":\"EntryPoint\",\"urlTemplate\":\"https:\\\/\\\/clarijs-fietstassen.nl\\\/de\\\/?s={search_term_string}\"},\"query-input\":{\"@type\":\"PropertyValueSpecification\",\"valueRequired\":true,\"valueName\":\"search_term_string\"}}],\"inLanguage\":\"de\"},{\"@type\":\"Organization\",\"@id\":\"https:\\\/\\\/clarijs-fietstassen.nl\\\/de\\\/#organization\",\"name\":\"Clarijs Fietstassen\",\"url\":\"https:\\\/\\\/clarijs-fietstassen.nl\\\/de\\\/\",\"logo\":{\"@type\":\"ImageObject\",\"inLanguage\":\"de\",\"@id\":\"https:\\\/\\\/clarijs-fietstassen.nl\\\/de\\\/#\\\/schema\\\/logo\\\/image\\\/\",\"url\":\"https:\\\/\\\/clarijs-fietstassen.nl\\\/wp-content\\\/uploads\\\/2024\\\/01\\\/clarijs-logo-met-rand.jpg\",\"contentUrl\":\"https:\\\/\\\/clarijs-fietstassen.nl\\\/wp-content\\\/uploads\\\/2024\\\/01\\\/clarijs-logo-met-rand.jpg\",\"width\":560,\"height\":266,\"caption\":\"Clarijs Fietstassen\"},\"image\":{\"@id\":\"https:\\\/\\\/clarijs-fietstassen.nl\\\/de\\\/#\\\/schema\\\/logo\\\/image\\\/\"},\"sameAs\":[\"https:\\\/\\\/www.facebook.com\\\/clarijs1948\\\/\",\"https:\\\/\\\/www.instagram.com\\\/clarijscovers\\\/\"]}]}<\/script>\n<meta property=\"product:price:amount\" content=\"219.00\" \/>\n<meta property=\"product:price:currency\" content=\"EUR\" \/>\n<meta property=\"og:availability\" content=\"instock\" \/>\n<meta property=\"product:availability\" content=\"instock\" \/>\n<meta property=\"product:retailer_item_id\" content=\"5092\" \/>\n<meta property=\"product:condition\" content=\"new\" \/>\n<!-- \/ Yoast SEO Premium plugin. -->","yoast_head_json":{"title":"Regenzelt f\u00fcr RAAKS (ohne Rahmen) - Clarijs Fietstassen","description":"Das Regenzelt f\u00fcr RAAKS (ohne Rahmen) hat zwei Rei\u00dfverschl\u00fcsse auf jeder Seite, so dass die Seitenfenster bei sch\u00f6nem Wetter aufgerollt werden k\u00f6nnen. Jetzt einkaufen!","robots":{"index":"index","follow":"follow","max-snippet":"max-snippet:-1","max-image-preview":"max-image-preview:large","max-video-preview":"max-video-preview:-1"},"canonical":"https:\/\/clarijs-fietstassen.nl\/produkt\/regentent-voor-raaks-excl-frame\/","og_locale":"de_DE","og_type":"article","og_title":"Regenzelt f\u00fcr RAAKS (ohne Rahmen)","og_description":"Das Regenzelt f\u00fcr RAAKS (ohne Rahmen) hat zwei Rei\u00dfverschl\u00fcsse auf jeder Seite, so dass die Seitenfenster bei sch\u00f6nem Wetter aufgerollt werden k\u00f6nnen. Jetzt einkaufen!","og_url":"https:\/\/clarijs-fietstassen.nl\/produkt\/regentent-voor-raaks-excl-frame\/","og_site_name":"Clarijs Fietstassen","article_publisher":"https:\/\/www.facebook.com\/clarijs1948\/","article_modified_time":"2025-09-30T08:32:48+00:00","og_image":[{"width":1000,"height":1000,"url":"https:\/\/clarijs-fietstassen.nl\/wp-content\/uploads\/2024\/04\/Raaks-regentent-.png","type":"image\/png"}],"twitter_card":"summary_large_image","twitter_misc":{"Preis":"&euro;219.00","Verf\u00fcgbarkeit":"Auf Lager"},"schema":{"@context":"https:\/\/schema.org","@graph":[{"@type":"WebPage","@id":"https:\/\/clarijs-fietstassen.nl\/produkt\/regentent-voor-raaks-excl-frame\/","url":"https:\/\/clarijs-fietstassen.nl\/produkt\/regentent-voor-raaks-excl-frame\/","name":"Regenzelt f\u00fcr RAAKS (ohne Rahmen) - Clarijs Fietstassen","isPartOf":{"@id":"https:\/\/clarijs-fietstassen.nl\/de\/#website"},"primaryImageOfPage":{"@id":"https:\/\/clarijs-fietstassen.nl\/produkt\/regentent-voor-raaks-excl-frame\/#primaryimage"},"image":{"@id":"https:\/\/clarijs-fietstassen.nl\/produkt\/regentent-voor-raaks-excl-frame\/#primaryimage"},"thumbnailUrl":"https:\/\/clarijs-fietstassen.nl\/wp-content\/uploads\/2024\/04\/Raaks-regentent-.png","datePublished":"2024-04-10T10:20:35+00:00","dateModified":"2025-09-30T08:32:48+00:00","description":"Das Regenzelt f\u00fcr RAAKS (ohne Rahmen) hat zwei Rei\u00dfverschl\u00fcsse auf jeder Seite, so dass die Seitenfenster bei sch\u00f6nem Wetter aufgerollt werden k\u00f6nnen. Jetzt einkaufen!","breadcrumb":{"@id":"https:\/\/clarijs-fietstassen.nl\/produkt\/regentent-voor-raaks-excl-frame\/#breadcrumb"},"inLanguage":"de","potentialAction":[{"@type":"ReadAction","target":["https:\/\/clarijs-fietstassen.nl\/produkt\/regentent-voor-raaks-excl-frame\/"]}]},{"@type":"ImageObject","inLanguage":"de","@id":"https:\/\/clarijs-fietstassen.nl\/produkt\/regentent-voor-raaks-excl-frame\/#primaryimage","url":"https:\/\/clarijs-fietstassen.nl\/wp-content\/uploads\/2024\/04\/Raaks-regentent-.png","contentUrl":"https:\/\/clarijs-fietstassen.nl\/wp-content\/uploads\/2024\/04\/Raaks-regentent-.png","width":1000,"height":1000,"caption":"Regenzelt f\u00fcr RAAKS Lastenfahrrad"},{"@type":"BreadcrumbList","@id":"https:\/\/clarijs-fietstassen.nl\/produkt\/regentent-voor-raaks-excl-frame\/#breadcrumb","itemListElement":[{"@type":"ListItem","position":1,"name":"Home","item":"https:\/\/clarijs-fietstassen.nl\/de\/"},{"@type":"ListItem","position":2,"name":"Shop","item":"https:\/\/clarijs-fietstassen.nl\/de\/shop\/"},{"@type":"ListItem","position":3,"name":"Bakfiets","item":"https:\/\/clarijs-fietstassen.nl\/de\/bakfiets-de\/"},{"@type":"ListItem","position":4,"name":"Regenzelt f\u00fcr RAAKS (ohne Rahmen)"}]},{"@type":"WebSite","@id":"https:\/\/clarijs-fietstassen.nl\/de\/#website","url":"https:\/\/clarijs-fietstassen.nl\/de\/","name":"Clarijs Fietstassen","description":"Kwaliteit &amp; ambacht sinds 1948","publisher":{"@id":"https:\/\/clarijs-fietstassen.nl\/de\/#organization"},"potentialAction":[{"@type":"SearchAction","target":{"@type":"EntryPoint","urlTemplate":"https:\/\/clarijs-fietstassen.nl\/de\/?s={search_term_string}"},"query-input":{"@type":"PropertyValueSpecification","valueRequired":true,"valueName":"search_term_string"}}],"inLanguage":"de"},{"@type":"Organization","@id":"https:\/\/clarijs-fietstassen.nl\/de\/#organization","name":"Clarijs Fietstassen","url":"https:\/\/clarijs-fietstassen.nl\/de\/","logo":{"@type":"ImageObject","inLanguage":"de","@id":"https:\/\/clarijs-fietstassen.nl\/de\/#\/schema\/logo\/image\/","url":"https:\/\/clarijs-fietstassen.nl\/wp-content\/uploads\/2024\/01\/clarijs-logo-met-rand.jpg","contentUrl":"https:\/\/clarijs-fietstassen.nl\/wp-content\/uploads\/2024\/01\/clarijs-logo-met-rand.jpg","width":560,"height":266,"caption":"Clarijs Fietstassen"},"image":{"@id":"https:\/\/clarijs-fietstassen.nl\/de\/#\/schema\/logo\/image\/"},"sameAs":["https:\/\/www.facebook.com\/clarijs1948\/","https:\/\/www.instagram.com\/clarijscovers\/"]}]},"product_price_amount":"219.00","product_price_currency":"EUR","og_availability":"instock","product_availability":"instock","product_retailer_item_id":"5092","product_condition":"new"},"_links":{"self":[{"href":"https:\/\/clarijs-fietstassen.nl\/de\/wp-json\/wp\/v2\/product\/47371","targetHints":{"allow":["GET"]}}],"collection":[{"href":"https:\/\/clarijs-fietstassen.nl\/de\/wp-json\/wp\/v2\/product"}],"about":[{"href":"https:\/\/clarijs-fietstassen.nl\/de\/wp-json\/wp\/v2\/types\/product"}],"replies":[{"embeddable":true,"href":"https:\/\/clarijs-fietstassen.nl\/de\/wp-json\/wp\/v2\/comments?post=47371"}],"wp:featuredmedia":[{"embeddable":true,"href":"https:\/\/clarijs-fietstassen.nl\/de\/wp-json\/wp\/v2\/media\/47372"}],"wp:attachment":[{"href":"https:\/\/clarijs-fietstassen.nl\/de\/wp-json\/wp\/v2\/media?parent=47371"}],"wp:term":[{"taxonomy":"product_brand","embeddable":true,"href":"https:\/\/clarijs-fietstassen.nl\/de\/wp-json\/wp\/v2\/product_brand?post=47371"},{"taxonomy":"product_cat","embeddable":true,"href":"https:\/\/clarijs-fietstassen.nl\/de\/wp-json\/wp\/v2\/product_cat?post=47371"},{"taxonomy":"product_tag","embeddable":true,"href":"https:\/\/clarijs-fietstassen.nl\/de\/wp-json\/wp\/v2\/product_tag?post=47371"}],"curies":[{"name":"wp","href":"https:\/\/api.w.org\/{rel}","templated":true}]}}