{"id":47386,"date":"2024-05-03T11:23:31","date_gmt":"2024-05-03T09:23:31","guid":{"rendered":"https:\/\/clarijs-fietstassen.nl\/laptop-huelle-recycled-frische-olive\/"},"modified":"2025-02-17T13:17:31","modified_gmt":"2025-02-17T12:17:31","slug":"laptop-huelle-recycled-frische-olive","status":"publish","type":"product","link":"https:\/\/clarijs-fietstassen.nl\/de\/produkt\/laptop-huelle-recycled-frische-olive\/","title":{"rendered":"Laptop-H\u00fclle reCYCLEd &#8211; Frische Olive"},"content":{"rendered":"<p><span style=\"font-weight: 400;\">Die Laptop-H\u00fclle reCYCLEd Fresh Olive wird aus Produktionsabf\u00e4llen hergestellt. Wir verwenden PU-Reste aus der Produktion unserer Packtaschen und Backfiets-Zelte, um diese Laptoph\u00fclle herzustellen. Die Laptoptasche reCYCLEd Fresh Olive ist mit gepolstertem Schaumstoff gef\u00fcttert, damit Ihr Laptop einiges aush\u00e4lt und nicht verkratzt.  <\/span><\/p>\n<p><strong>Gr\u00f6\u00dfe <\/strong><em>13 Zoll bis 14 Zoll<\/em>:<\/p>\n<ul>\n<li><em>Innenma\u00dfe: 32cm x 23,5cm x 2,5cm<\/em><\/li>\n<li><em>Au\u00dfenma\u00dfe: 34,5cm x 24,5cm x 3cm<\/em><\/li>\n<\/ul>\n<p><strong>Gr\u00f6\u00dfe<\/strong> <em>15-Zoll bis 16-Zoll<\/em><\/p>\n<ul>\n<li><em>Innenma\u00dfe: 38,5cm x 26cm x 3cm<\/em><\/li>\n<li><em>Au\u00dfenma\u00dfe: 39cm x 27,5cm x 3,5cm<\/em><\/li>\n<\/ul>\n<p><b>Vorteile:<\/b><\/p>\n<ul>\n<li aria-level=\"1\"><strong>Wasserabweisendes<\/strong> Material<\/li>\n<li aria-level=\"1\">Widerstandsf\u00e4hig gegen <strong>St\u00f6\u00dfe und Kratzer<\/strong><\/li>\n<li style=\"font-weight: 400;\" aria-level=\"1\">Hergestellt aus <strong>robusten, recycelten Materialien<\/strong><\/li>\n<li style=\"font-weight: 400;\" aria-level=\"1\"><strong>Handgefertigt in den Niederlanden<\/strong><\/li>\n<li style=\"font-weight: 400;\" aria-level=\"1\">In <strong>verschiedenen Farben<\/strong> erh\u00e4ltlich<\/li>\n<\/ul>\n<p><b>Hochwertiges Material<\/b><\/p>\n<ul>\n<li style=\"font-weight: 400;\" aria-level=\"1\"><span style=\"font-weight: 400;\">Die Laptop-H\u00fclle reCYCLEd Fresh Olive wird aus Stoffresten hergestellt, die normalerweise im M\u00fcll landen. Die von uns verwendeten Materialien sind beschichtetes Acryl und PVC. <\/span><\/li>\n<li style=\"font-weight: 400;\" aria-level=\"1\"><span style=\"font-weight: 400;\">F\u00fcr die Herstellung dieser hochwertigen Laptoph\u00fcllen verwenden wir die ausgeschnittenen Fensterelemente der Cargo-Bike-H\u00fcllen, die wir f\u00fcr Urban Arrow, Babboe, Carqon, Johnny Loco und Butchers &amp; Bicycles produzieren.<\/span><\/li>\n<\/ul>\n","protected":false},"excerpt":{"rendered":"<p>Die Laptop-H\u00fclle reCYCLEd Fresh Olive wird aus Produktionsabf\u00e4llen hergestellt. Wir verwenden PU-Reste aus der Produktion unserer Packtaschen und Backfiets-Zelte, um diese Laptoph\u00fclle herzustellen. Die Laptoptasche reCYCLEd Fresh Olive ist mit gepolstertem Schaumstoff gef\u00fcttert, damit Ihr Laptop einiges aush\u00e4lt und nicht verkratzt. Gr\u00f6\u00dfe 13 Zoll bis 14 Zoll: Innenma\u00dfe: 32cm x 23,5cm x 2,5cm Au\u00dfenma\u00dfe: 34,5cm [&hellip;]<\/p>\n","protected":false},"featured_media":47388,"comment_status":"closed","ping_status":"closed","template":"","meta":{"_acf_changed":false,"_et_pb_use_builder":"","_et_pb_old_content":"","_et_gb_content_width":""},"product_brand":[],"product_cat":[783],"product_tag":[],"class_list":{"0":"post-47386","1":"product","2":"type-product","3":"status-publish","4":"has-post-thumbnail","6":"product_cat-recycled-de","7":"pa_afmetingen-13-inch-14-inch-de","8":"pa_afmetingen-15-inch-16-inch-de","9":"pa_kleur-frische-olive","10":"pa_kleur-grun","11":"pa_kleur-matt-olive-de","12":"pa_materiaal-recyceltes-pvc","13":"pa_merk-clarijs-covers-b-v-de","15":"first","16":"instock","17":"featured","18":"taxable","19":"shipping-taxable","20":"purchasable","21":"product-type-variable"},"acf":[],"yoast_head":"<!-- This site is optimized with the Yoast SEO Premium plugin v27.2 (Yoast SEO v27.3) - https:\/\/yoast.com\/product\/yoast-seo-premium-wordpress\/ -->\n<title>Laptop-H\u00fclle reCYCLEd - Frische Olive - Clarijs Fietstassen<\/title>\n<meta name=\"description\" content=\"Die Laptop-H\u00fclle reCYCLEd Fresh Olive wird aus unseren Produktionsabf\u00e4llen hergestellt. Die d\u00e4mpfende Schaumstoffpolsterung macht Ihren Laptop widerstandsf\u00e4hig gegen St\u00f6\u00dfe und Kratzer....\" \/>\n<meta name=\"robots\" content=\"index, follow, max-snippet:-1, max-image-preview:large, max-video-preview:-1\" \/>\n<link rel=\"canonical\" href=\"http:\/\/clarijs-fietstassen.nl\/produkt\/laptop-sleeve-recycled-fresh-olive\/\" \/>\n<meta property=\"og:locale\" content=\"de_DE\" \/>\n<meta property=\"og:type\" content=\"article\" \/>\n<meta property=\"og:title\" content=\"Laptop-H\u00fclle reCYCLEd - Frische Olive\" \/>\n<meta property=\"og:description\" content=\"Die Laptop-H\u00fclle reCYCLEd Fresh Olive wird aus unseren Produktionsabf\u00e4llen hergestellt. Die d\u00e4mpfende Schaumstoffpolsterung macht Ihren Laptop widerstandsf\u00e4hig gegen St\u00f6\u00dfe und Kratzer....\" \/>\n<meta property=\"og:url\" content=\"http:\/\/clarijs-fietstassen.nl\/produkt\/laptop-sleeve-recycled-fresh-olive\/\" \/>\n<meta property=\"og:site_name\" content=\"Clarijs Fietstassen\" \/>\n<meta property=\"article:publisher\" content=\"https:\/\/www.facebook.com\/clarijs1948\/\" \/>\n<meta property=\"article:modified_time\" content=\"2025-02-17T12:17:31+00:00\" \/>\n<meta property=\"og:image\" content=\"https:\/\/clarijs-fietstassen.nl\/wp-content\/uploads\/2024\/05\/Laptophoes-fresh-olive.png\" \/>\n\t<meta property=\"og:image:width\" content=\"1000\" \/>\n\t<meta property=\"og:image:height\" content=\"1000\" \/>\n\t<meta property=\"og:image:type\" content=\"image\/png\" \/>\n<meta name=\"twitter:card\" content=\"summary_large_image\" \/>\n<meta name=\"twitter:label1\" content=\"Verf\u00fcgbarkeit\" \/>\n\t<meta name=\"twitter:data1\" content=\"Auf Lager\" \/>\n<script type=\"application\/ld+json\" class=\"yoast-schema-graph\">{\"@context\":\"https:\\\/\\\/schema.org\",\"@graph\":[{\"@type\":\"WebPage\",\"@id\":\"http:\\\/\\\/clarijs-fietstassen.nl\\\/produkt\\\/laptop-sleeve-recycled-fresh-olive\\\/\",\"url\":\"http:\\\/\\\/clarijs-fietstassen.nl\\\/produkt\\\/laptop-sleeve-recycled-fresh-olive\\\/\",\"name\":\"Laptop-H\u00fclle reCYCLEd - Frische Olive - Clarijs Fietstassen\",\"isPartOf\":{\"@id\":\"https:\\\/\\\/clarijs-fietstassen.nl\\\/de\\\/#website\"},\"primaryImageOfPage\":{\"@id\":\"http:\\\/\\\/clarijs-fietstassen.nl\\\/produkt\\\/laptop-sleeve-recycled-fresh-olive\\\/#primaryimage\"},\"image\":{\"@id\":\"http:\\\/\\\/clarijs-fietstassen.nl\\\/produkt\\\/laptop-sleeve-recycled-fresh-olive\\\/#primaryimage\"},\"thumbnailUrl\":\"https:\\\/\\\/clarijs-fietstassen.nl\\\/wp-content\\\/uploads\\\/2024\\\/05\\\/Laptophoes-fresh-olive.png\",\"datePublished\":\"2024-05-03T09:23:31+00:00\",\"dateModified\":\"2025-02-17T12:17:31+00:00\",\"description\":\"Die Laptop-H\u00fclle reCYCLEd Fresh Olive wird aus unseren Produktionsabf\u00e4llen hergestellt. Die d\u00e4mpfende Schaumstoffpolsterung macht Ihren Laptop widerstandsf\u00e4hig gegen St\u00f6\u00dfe und Kratzer....\",\"breadcrumb\":{\"@id\":\"http:\\\/\\\/clarijs-fietstassen.nl\\\/produkt\\\/laptop-sleeve-recycled-fresh-olive\\\/#breadcrumb\"},\"inLanguage\":\"de\",\"potentialAction\":[{\"@type\":\"ReadAction\",\"target\":[\"http:\\\/\\\/clarijs-fietstassen.nl\\\/produkt\\\/laptop-sleeve-recycled-fresh-olive\\\/\"]}]},{\"@type\":\"ImageObject\",\"inLanguage\":\"de\",\"@id\":\"http:\\\/\\\/clarijs-fietstassen.nl\\\/produkt\\\/laptop-sleeve-recycled-fresh-olive\\\/#primaryimage\",\"url\":\"https:\\\/\\\/clarijs-fietstassen.nl\\\/wp-content\\\/uploads\\\/2024\\\/05\\\/Laptophoes-fresh-olive.png\",\"contentUrl\":\"https:\\\/\\\/clarijs-fietstassen.nl\\\/wp-content\\\/uploads\\\/2024\\\/05\\\/Laptophoes-fresh-olive.png\",\"width\":1000,\"height\":1000,\"caption\":\"Laptop-H\u00fclle recycelt frisch oliv\"},{\"@type\":\"BreadcrumbList\",\"@id\":\"http:\\\/\\\/clarijs-fietstassen.nl\\\/produkt\\\/laptop-sleeve-recycled-fresh-olive\\\/#breadcrumb\",\"itemListElement\":[{\"@type\":\"ListItem\",\"position\":1,\"name\":\"Home\",\"item\":\"https:\\\/\\\/clarijs-fietstassen.nl\\\/de\\\/\"},{\"@type\":\"ListItem\",\"position\":2,\"name\":\"Shop\",\"item\":\"https:\\\/\\\/clarijs-fietstassen.nl\\\/de\\\/shop\\\/\"},{\"@type\":\"ListItem\",\"position\":3,\"name\":\"reCYCLEd\",\"item\":\"https:\\\/\\\/clarijs-fietstassen.nl\\\/recycled\\\/\"},{\"@type\":\"ListItem\",\"position\":4,\"name\":\"Laptop-H\u00fclle reCYCLEd &#8211; Frische Olive\"}]},{\"@type\":\"WebSite\",\"@id\":\"https:\\\/\\\/clarijs-fietstassen.nl\\\/de\\\/#website\",\"url\":\"https:\\\/\\\/clarijs-fietstassen.nl\\\/de\\\/\",\"name\":\"Clarijs Fietstassen\",\"description\":\"Kwaliteit &amp; ambacht sinds 1948\",\"publisher\":{\"@id\":\"https:\\\/\\\/clarijs-fietstassen.nl\\\/de\\\/#organization\"},\"potentialAction\":[{\"@type\":\"SearchAction\",\"target\":{\"@type\":\"EntryPoint\",\"urlTemplate\":\"https:\\\/\\\/clarijs-fietstassen.nl\\\/de\\\/?s={search_term_string}\"},\"query-input\":{\"@type\":\"PropertyValueSpecification\",\"valueRequired\":true,\"valueName\":\"search_term_string\"}}],\"inLanguage\":\"de\"},{\"@type\":\"Organization\",\"@id\":\"https:\\\/\\\/clarijs-fietstassen.nl\\\/de\\\/#organization\",\"name\":\"Clarijs Fietstassen\",\"url\":\"https:\\\/\\\/clarijs-fietstassen.nl\\\/de\\\/\",\"logo\":{\"@type\":\"ImageObject\",\"inLanguage\":\"de\",\"@id\":\"https:\\\/\\\/clarijs-fietstassen.nl\\\/de\\\/#\\\/schema\\\/logo\\\/image\\\/\",\"url\":\"https:\\\/\\\/clarijs-fietstassen.nl\\\/wp-content\\\/uploads\\\/2024\\\/01\\\/clarijs-logo-met-rand.jpg\",\"contentUrl\":\"https:\\\/\\\/clarijs-fietstassen.nl\\\/wp-content\\\/uploads\\\/2024\\\/01\\\/clarijs-logo-met-rand.jpg\",\"width\":560,\"height\":266,\"caption\":\"Clarijs Fietstassen\"},\"image\":{\"@id\":\"https:\\\/\\\/clarijs-fietstassen.nl\\\/de\\\/#\\\/schema\\\/logo\\\/image\\\/\"},\"sameAs\":[\"https:\\\/\\\/www.facebook.com\\\/clarijs1948\\\/\",\"https:\\\/\\\/www.instagram.com\\\/clarijscovers\\\/\"]}]}<\/script>\n<meta property=\"og:availability\" content=\"instock\" \/>\n<meta property=\"product:availability\" content=\"instock\" \/>\n<meta property=\"product:retailer_item_id\" content=\"4073\" \/>\n<meta property=\"product:condition\" content=\"new\" \/>\n<!-- \/ Yoast SEO Premium plugin. -->","yoast_head_json":{"title":"Laptop-H\u00fclle reCYCLEd - Frische Olive - Clarijs Fietstassen","description":"Die Laptop-H\u00fclle reCYCLEd Fresh Olive wird aus unseren Produktionsabf\u00e4llen hergestellt. Die d\u00e4mpfende Schaumstoffpolsterung macht Ihren Laptop widerstandsf\u00e4hig gegen St\u00f6\u00dfe und Kratzer....","robots":{"index":"index","follow":"follow","max-snippet":"max-snippet:-1","max-image-preview":"max-image-preview:large","max-video-preview":"max-video-preview:-1"},"canonical":"http:\/\/clarijs-fietstassen.nl\/produkt\/laptop-sleeve-recycled-fresh-olive\/","og_locale":"de_DE","og_type":"article","og_title":"Laptop-H\u00fclle reCYCLEd - Frische Olive","og_description":"Die Laptop-H\u00fclle reCYCLEd Fresh Olive wird aus unseren Produktionsabf\u00e4llen hergestellt. Die d\u00e4mpfende Schaumstoffpolsterung macht Ihren Laptop widerstandsf\u00e4hig gegen St\u00f6\u00dfe und Kratzer....","og_url":"http:\/\/clarijs-fietstassen.nl\/produkt\/laptop-sleeve-recycled-fresh-olive\/","og_site_name":"Clarijs Fietstassen","article_publisher":"https:\/\/www.facebook.com\/clarijs1948\/","article_modified_time":"2025-02-17T12:17:31+00:00","og_image":[{"width":1000,"height":1000,"url":"https:\/\/clarijs-fietstassen.nl\/wp-content\/uploads\/2024\/05\/Laptophoes-fresh-olive.png","type":"image\/png"}],"twitter_card":"summary_large_image","twitter_misc":{"Verf\u00fcgbarkeit":"Auf Lager"},"schema":{"@context":"https:\/\/schema.org","@graph":[{"@type":"WebPage","@id":"http:\/\/clarijs-fietstassen.nl\/produkt\/laptop-sleeve-recycled-fresh-olive\/","url":"http:\/\/clarijs-fietstassen.nl\/produkt\/laptop-sleeve-recycled-fresh-olive\/","name":"Laptop-H\u00fclle reCYCLEd - Frische Olive - Clarijs Fietstassen","isPartOf":{"@id":"https:\/\/clarijs-fietstassen.nl\/de\/#website"},"primaryImageOfPage":{"@id":"http:\/\/clarijs-fietstassen.nl\/produkt\/laptop-sleeve-recycled-fresh-olive\/#primaryimage"},"image":{"@id":"http:\/\/clarijs-fietstassen.nl\/produkt\/laptop-sleeve-recycled-fresh-olive\/#primaryimage"},"thumbnailUrl":"https:\/\/clarijs-fietstassen.nl\/wp-content\/uploads\/2024\/05\/Laptophoes-fresh-olive.png","datePublished":"2024-05-03T09:23:31+00:00","dateModified":"2025-02-17T12:17:31+00:00","description":"Die Laptop-H\u00fclle reCYCLEd Fresh Olive wird aus unseren Produktionsabf\u00e4llen hergestellt. Die d\u00e4mpfende Schaumstoffpolsterung macht Ihren Laptop widerstandsf\u00e4hig gegen St\u00f6\u00dfe und Kratzer....","breadcrumb":{"@id":"http:\/\/clarijs-fietstassen.nl\/produkt\/laptop-sleeve-recycled-fresh-olive\/#breadcrumb"},"inLanguage":"de","potentialAction":[{"@type":"ReadAction","target":["http:\/\/clarijs-fietstassen.nl\/produkt\/laptop-sleeve-recycled-fresh-olive\/"]}]},{"@type":"ImageObject","inLanguage":"de","@id":"http:\/\/clarijs-fietstassen.nl\/produkt\/laptop-sleeve-recycled-fresh-olive\/#primaryimage","url":"https:\/\/clarijs-fietstassen.nl\/wp-content\/uploads\/2024\/05\/Laptophoes-fresh-olive.png","contentUrl":"https:\/\/clarijs-fietstassen.nl\/wp-content\/uploads\/2024\/05\/Laptophoes-fresh-olive.png","width":1000,"height":1000,"caption":"Laptop-H\u00fclle recycelt frisch oliv"},{"@type":"BreadcrumbList","@id":"http:\/\/clarijs-fietstassen.nl\/produkt\/laptop-sleeve-recycled-fresh-olive\/#breadcrumb","itemListElement":[{"@type":"ListItem","position":1,"name":"Home","item":"https:\/\/clarijs-fietstassen.nl\/de\/"},{"@type":"ListItem","position":2,"name":"Shop","item":"https:\/\/clarijs-fietstassen.nl\/de\/shop\/"},{"@type":"ListItem","position":3,"name":"reCYCLEd","item":"https:\/\/clarijs-fietstassen.nl\/recycled\/"},{"@type":"ListItem","position":4,"name":"Laptop-H\u00fclle reCYCLEd &#8211; Frische Olive"}]},{"@type":"WebSite","@id":"https:\/\/clarijs-fietstassen.nl\/de\/#website","url":"https:\/\/clarijs-fietstassen.nl\/de\/","name":"Clarijs Fietstassen","description":"Kwaliteit &amp; ambacht sinds 1948","publisher":{"@id":"https:\/\/clarijs-fietstassen.nl\/de\/#organization"},"potentialAction":[{"@type":"SearchAction","target":{"@type":"EntryPoint","urlTemplate":"https:\/\/clarijs-fietstassen.nl\/de\/?s={search_term_string}"},"query-input":{"@type":"PropertyValueSpecification","valueRequired":true,"valueName":"search_term_string"}}],"inLanguage":"de"},{"@type":"Organization","@id":"https:\/\/clarijs-fietstassen.nl\/de\/#organization","name":"Clarijs Fietstassen","url":"https:\/\/clarijs-fietstassen.nl\/de\/","logo":{"@type":"ImageObject","inLanguage":"de","@id":"https:\/\/clarijs-fietstassen.nl\/de\/#\/schema\/logo\/image\/","url":"https:\/\/clarijs-fietstassen.nl\/wp-content\/uploads\/2024\/01\/clarijs-logo-met-rand.jpg","contentUrl":"https:\/\/clarijs-fietstassen.nl\/wp-content\/uploads\/2024\/01\/clarijs-logo-met-rand.jpg","width":560,"height":266,"caption":"Clarijs Fietstassen"},"image":{"@id":"https:\/\/clarijs-fietstassen.nl\/de\/#\/schema\/logo\/image\/"},"sameAs":["https:\/\/www.facebook.com\/clarijs1948\/","https:\/\/www.instagram.com\/clarijscovers\/"]}]},"og_availability":"instock","product_availability":"instock","product_retailer_item_id":"4073","product_condition":"new"},"_links":{"self":[{"href":"https:\/\/clarijs-fietstassen.nl\/de\/wp-json\/wp\/v2\/product\/47386","targetHints":{"allow":["GET"]}}],"collection":[{"href":"https:\/\/clarijs-fietstassen.nl\/de\/wp-json\/wp\/v2\/product"}],"about":[{"href":"https:\/\/clarijs-fietstassen.nl\/de\/wp-json\/wp\/v2\/types\/product"}],"replies":[{"embeddable":true,"href":"https:\/\/clarijs-fietstassen.nl\/de\/wp-json\/wp\/v2\/comments?post=47386"}],"wp:featuredmedia":[{"embeddable":true,"href":"https:\/\/clarijs-fietstassen.nl\/de\/wp-json\/wp\/v2\/media\/47388"}],"wp:attachment":[{"href":"https:\/\/clarijs-fietstassen.nl\/de\/wp-json\/wp\/v2\/media?parent=47386"}],"wp:term":[{"taxonomy":"product_brand","embeddable":true,"href":"https:\/\/clarijs-fietstassen.nl\/de\/wp-json\/wp\/v2\/product_brand?post=47386"},{"taxonomy":"product_cat","embeddable":true,"href":"https:\/\/clarijs-fietstassen.nl\/de\/wp-json\/wp\/v2\/product_cat?post=47386"},{"taxonomy":"product_tag","embeddable":true,"href":"https:\/\/clarijs-fietstassen.nl\/de\/wp-json\/wp\/v2\/product_tag?post=47386"}],"curies":[{"name":"wp","href":"https:\/\/api.w.org\/{rel}","templated":true}]}}