{"id":47424,"date":"2024-06-05T16:08:11","date_gmt":"2024-06-05T14:08:11","guid":{"rendered":"https:\/\/clarijs-fietstassen.nl\/bakfiets-kissen-excellent\/"},"modified":"2025-11-10T16:39:14","modified_gmt":"2025-11-10T15:39:14","slug":"bakfiets-kissen-excellent","status":"publish","type":"product","link":"https:\/\/clarijs-fietstassen.nl\/de\/produkt\/bakfiets-kissen-excellent\/","title":{"rendered":"Lastenrad Kissen Excellent"},"content":{"rendered":"<p data-start=\"68\" data-end=\"495\">Das Lastenrad Kissen Excellent von Clarijs wurde speziell f\u00fcr optimalen Sitzkomfort bei jeder Fahrt mit dem Lastenrad entwickelt. Handgefertigt in den Niederlanden aus robustem, beschichtetem Acrylgewebe, das hervorragenden Schutz vor Feuchtigkeit, Schmutz und Abnutzung bietet. Selbst Salzwasser hat keinen Einfluss auf das Material \u2013 so hast du jahrelang Freude an diesem Qualit\u00e4tsprodukt.   <\/p>\n<p data-start=\"497\" data-end=\"807\">Perfekte Passform f\u00fcr verschiedene Lastenradmodelle<br data-start=\"553\" data-end=\"556\">Mit einer Gr\u00f6\u00dfe von <strong data-start=\"497\" data-end=\"553\">55 x 22 cm<\/strong> passt das Bakfiets Kissen Excellent in viele beliebte Lastenr\u00e4der. Miss vor dem Kauf immer die Sitzbreite, da neuere Modelle (z. B. von Bakfiets.nl) oft etwas schmaler sind als \u00e4ltere Ausf\u00fchrungen. <\/p>\n<ul>\n<li data-start=\"845\" data-end=\"872\">Bakfiets.nl Long en Short<\/li>\n<li data-start=\"875\" data-end=\"894\">Bakfiets.nl Dreirad<\/li>\n<li data-start=\"897\" data-end=\"919\">Fietsfabriek 995\/996<\/li>\n<li data-start=\"922\" data-end=\"944\">Fietsfabriek Classic<\/li>\n<li data-start=\"947\" data-end=\"966\">Christiania Light<\/li>\n<li data-start=\"969\" data-end=\"981\">Babboe Big<\/li>\n<li data-start=\"984\" data-end=\"997\">Babboe Stadt<\/li>\n<\/ul>\n<p data-start=\"999\" data-end=\"1097\">Erh\u00e4ltlich in sechs stilvollen Farben, die perfekt zu jedem Lastenrad.<\/p>\n<p data-start=\"1099\" data-end=\"1368\">Mach dein Lastenrad komplett mit dem Bakfiets Kissen Excellent von Clarijs \u2013 bestelle noch heute und erlebe den Unterschied in Komfort, Qualit\u00e4t und Design.<\/p>\n","protected":false},"excerpt":{"rendered":"<p>Das Lastenrad Kissen Excellent von Clarijs wurde speziell f\u00fcr optimalen Sitzkomfort bei jeder Fahrt mit dem Lastenrad entwickelt. Handgefertigt in den Niederlanden aus robustem, beschichtetem Acrylgewebe, das hervorragenden Schutz vor Feuchtigkeit, Schmutz und Abnutzung bietet. Selbst Salzwasser hat keinen Einfluss auf das Material \u2013 so hast du jahrelang Freude an diesem Qualit\u00e4tsprodukt. Perfekte Passform f\u00fcr [&hellip;]<\/p>\n","protected":false},"featured_media":47426,"comment_status":"closed","ping_status":"closed","template":"","meta":{"_acf_changed":false,"_et_pb_use_builder":"","_et_pb_old_content":"","_et_gb_content_width":""},"product_brand":[],"product_cat":[686,688,692,684],"product_tag":[],"class_list":{"0":"post-47424","1":"product","2":"type-product","3":"status-publish","4":"has-post-thumbnail","6":"product_cat-bakfiets-de","7":"product_cat-lastenrad-zubehor","8":"product_cat-lastenradkissen","9":"product_cat-zubehor","10":"pa_kleur-blau","11":"pa_kleur-camel-de","12":"pa_kleur-grau","13":"pa_kleur-rot","14":"pa_kleur-schokoladen-braun","15":"pa_kleur-schwarz","16":"pa_materiaal-acryl-de","17":"pa_merk-clarijs-covers-b-v-de","19":"first","20":"instock","21":"taxable","22":"shipping-taxable","23":"purchasable","24":"product-type-variable"},"acf":[],"yoast_head":"<!-- This site is optimized with the Yoast SEO Premium plugin v27.2 (Yoast SEO v27.3) - https:\/\/yoast.com\/product\/yoast-seo-premium-wordpress\/ -->\n<title>Lastenrad Kissen Excellent - Clarijs Fietstassen<\/title>\n<meta name=\"description\" content=\"Handgefertigtes Lastenrad-Kissen aus wasserabweisendem Acrylgewebe. Langlebig, bequem und passend f\u00fcr viele Modelle.\" \/>\n<meta name=\"robots\" content=\"index, follow, max-snippet:-1, max-image-preview:large, max-video-preview:-1\" \/>\n<link rel=\"canonical\" href=\"http:\/\/clarijs-fietstassen.nl\/produkt\/bakfiets-kussen-excellent\/\" \/>\n<meta property=\"og:locale\" content=\"de_DE\" \/>\n<meta property=\"og:type\" content=\"article\" \/>\n<meta property=\"og:title\" content=\"Lastenrad Kissen Excellent\" \/>\n<meta property=\"og:description\" content=\"Handgefertigtes Lastenrad-Kissen aus wasserabweisendem Acrylgewebe. Langlebig, bequem und passend f\u00fcr viele Modelle.\" \/>\n<meta property=\"og:url\" content=\"http:\/\/clarijs-fietstassen.nl\/produkt\/bakfiets-kussen-excellent\/\" \/>\n<meta property=\"og:site_name\" content=\"Clarijs Fietstassen\" \/>\n<meta property=\"article:publisher\" content=\"https:\/\/www.facebook.com\/clarijs1948\/\" \/>\n<meta property=\"article:modified_time\" content=\"2025-11-10T15:39:14+00:00\" \/>\n<meta property=\"og:image\" content=\"https:\/\/clarijs-fietstassen.nl\/wp-content\/uploads\/2023\/07\/Bakfiets.nl-kussen-Excellent-camel.png\" \/>\n\t<meta property=\"og:image:width\" content=\"1000\" \/>\n\t<meta property=\"og:image:height\" content=\"1000\" \/>\n\t<meta property=\"og:image:type\" content=\"image\/png\" \/>\n<meta name=\"twitter:card\" content=\"summary_large_image\" \/>\n<meta name=\"twitter:label1\" content=\"Verf\u00fcgbarkeit\" \/>\n\t<meta name=\"twitter:data1\" content=\"Auf Lager\" \/>\n<script type=\"application\/ld+json\" class=\"yoast-schema-graph\">{\"@context\":\"https:\\\/\\\/schema.org\",\"@graph\":[{\"@type\":\"WebPage\",\"@id\":\"http:\\\/\\\/clarijs-fietstassen.nl\\\/produkt\\\/bakfiets-kussen-excellent\\\/\",\"url\":\"http:\\\/\\\/clarijs-fietstassen.nl\\\/produkt\\\/bakfiets-kussen-excellent\\\/\",\"name\":\"Lastenrad Kissen Excellent - Clarijs Fietstassen\",\"isPartOf\":{\"@id\":\"https:\\\/\\\/clarijs-fietstassen.nl\\\/de\\\/#website\"},\"primaryImageOfPage\":{\"@id\":\"http:\\\/\\\/clarijs-fietstassen.nl\\\/produkt\\\/bakfiets-kussen-excellent\\\/#primaryimage\"},\"image\":{\"@id\":\"http:\\\/\\\/clarijs-fietstassen.nl\\\/produkt\\\/bakfiets-kussen-excellent\\\/#primaryimage\"},\"thumbnailUrl\":\"https:\\\/\\\/clarijs-fietstassen.nl\\\/wp-content\\\/uploads\\\/2023\\\/07\\\/Bakfiets.nl-kussen-Excellent-camel.png\",\"datePublished\":\"2024-06-05T14:08:11+00:00\",\"dateModified\":\"2025-11-10T15:39:14+00:00\",\"description\":\"Handgefertigtes Lastenrad-Kissen aus wasserabweisendem Acrylgewebe. Langlebig, bequem und passend f\u00fcr viele Modelle.\",\"breadcrumb\":{\"@id\":\"http:\\\/\\\/clarijs-fietstassen.nl\\\/produkt\\\/bakfiets-kussen-excellent\\\/#breadcrumb\"},\"inLanguage\":\"de\",\"potentialAction\":[{\"@type\":\"ReadAction\",\"target\":[\"http:\\\/\\\/clarijs-fietstassen.nl\\\/produkt\\\/bakfiets-kussen-excellent\\\/\"]}]},{\"@type\":\"ImageObject\",\"inLanguage\":\"de\",\"@id\":\"http:\\\/\\\/clarijs-fietstassen.nl\\\/produkt\\\/bakfiets-kussen-excellent\\\/#primaryimage\",\"url\":\"https:\\\/\\\/clarijs-fietstassen.nl\\\/wp-content\\\/uploads\\\/2023\\\/07\\\/Bakfiets.nl-kussen-Excellent-camel.png\",\"contentUrl\":\"https:\\\/\\\/clarijs-fietstassen.nl\\\/wp-content\\\/uploads\\\/2023\\\/07\\\/Bakfiets.nl-kussen-Excellent-camel.png\",\"width\":1000,\"height\":1000,\"caption\":\"Tr\u00e4gerkissen Excellent - Camel\"},{\"@type\":\"BreadcrumbList\",\"@id\":\"http:\\\/\\\/clarijs-fietstassen.nl\\\/produkt\\\/bakfiets-kussen-excellent\\\/#breadcrumb\",\"itemListElement\":[{\"@type\":\"ListItem\",\"position\":1,\"name\":\"Home\",\"item\":\"https:\\\/\\\/clarijs-fietstassen.nl\\\/de\\\/\"},{\"@type\":\"ListItem\",\"position\":2,\"name\":\"Shop\",\"item\":\"https:\\\/\\\/clarijs-fietstassen.nl\\\/de\\\/shop\\\/\"},{\"@type\":\"ListItem\",\"position\":3,\"name\":\"Bakfietskussens\",\"item\":\"https:\\\/\\\/clarijs-fietstassen.nl\\\/bakfietskussens\\\/\"},{\"@type\":\"ListItem\",\"position\":4,\"name\":\"Lastenrad Kissen Excellent\"}]},{\"@type\":\"WebSite\",\"@id\":\"https:\\\/\\\/clarijs-fietstassen.nl\\\/de\\\/#website\",\"url\":\"https:\\\/\\\/clarijs-fietstassen.nl\\\/de\\\/\",\"name\":\"Clarijs Fietstassen\",\"description\":\"Kwaliteit &amp; ambacht sinds 1948\",\"publisher\":{\"@id\":\"https:\\\/\\\/clarijs-fietstassen.nl\\\/de\\\/#organization\"},\"potentialAction\":[{\"@type\":\"SearchAction\",\"target\":{\"@type\":\"EntryPoint\",\"urlTemplate\":\"https:\\\/\\\/clarijs-fietstassen.nl\\\/de\\\/?s={search_term_string}\"},\"query-input\":{\"@type\":\"PropertyValueSpecification\",\"valueRequired\":true,\"valueName\":\"search_term_string\"}}],\"inLanguage\":\"de\"},{\"@type\":\"Organization\",\"@id\":\"https:\\\/\\\/clarijs-fietstassen.nl\\\/de\\\/#organization\",\"name\":\"Clarijs Fietstassen\",\"url\":\"https:\\\/\\\/clarijs-fietstassen.nl\\\/de\\\/\",\"logo\":{\"@type\":\"ImageObject\",\"inLanguage\":\"de\",\"@id\":\"https:\\\/\\\/clarijs-fietstassen.nl\\\/de\\\/#\\\/schema\\\/logo\\\/image\\\/\",\"url\":\"https:\\\/\\\/clarijs-fietstassen.nl\\\/wp-content\\\/uploads\\\/2024\\\/01\\\/clarijs-logo-met-rand.jpg\",\"contentUrl\":\"https:\\\/\\\/clarijs-fietstassen.nl\\\/wp-content\\\/uploads\\\/2024\\\/01\\\/clarijs-logo-met-rand.jpg\",\"width\":560,\"height\":266,\"caption\":\"Clarijs Fietstassen\"},\"image\":{\"@id\":\"https:\\\/\\\/clarijs-fietstassen.nl\\\/de\\\/#\\\/schema\\\/logo\\\/image\\\/\"},\"sameAs\":[\"https:\\\/\\\/www.facebook.com\\\/clarijs1948\\\/\",\"https:\\\/\\\/www.instagram.com\\\/clarijscovers\\\/\"]}]}<\/script>\n<meta property=\"og:availability\" content=\"instock\" \/>\n<meta property=\"product:availability\" content=\"instock\" \/>\n<meta property=\"product:retailer_item_id\" content=\"5058\" \/>\n<meta property=\"product:condition\" content=\"new\" \/>\n<!-- \/ Yoast SEO Premium plugin. -->","yoast_head_json":{"title":"Lastenrad Kissen Excellent - Clarijs Fietstassen","description":"Handgefertigtes Lastenrad-Kissen aus wasserabweisendem Acrylgewebe. Langlebig, bequem und passend f\u00fcr viele Modelle.","robots":{"index":"index","follow":"follow","max-snippet":"max-snippet:-1","max-image-preview":"max-image-preview:large","max-video-preview":"max-video-preview:-1"},"canonical":"http:\/\/clarijs-fietstassen.nl\/produkt\/bakfiets-kussen-excellent\/","og_locale":"de_DE","og_type":"article","og_title":"Lastenrad Kissen Excellent","og_description":"Handgefertigtes Lastenrad-Kissen aus wasserabweisendem Acrylgewebe. Langlebig, bequem und passend f\u00fcr viele Modelle.","og_url":"http:\/\/clarijs-fietstassen.nl\/produkt\/bakfiets-kussen-excellent\/","og_site_name":"Clarijs Fietstassen","article_publisher":"https:\/\/www.facebook.com\/clarijs1948\/","article_modified_time":"2025-11-10T15:39:14+00:00","og_image":[{"width":1000,"height":1000,"url":"https:\/\/clarijs-fietstassen.nl\/wp-content\/uploads\/2023\/07\/Bakfiets.nl-kussen-Excellent-camel.png","type":"image\/png"}],"twitter_card":"summary_large_image","twitter_misc":{"Verf\u00fcgbarkeit":"Auf Lager"},"schema":{"@context":"https:\/\/schema.org","@graph":[{"@type":"WebPage","@id":"http:\/\/clarijs-fietstassen.nl\/produkt\/bakfiets-kussen-excellent\/","url":"http:\/\/clarijs-fietstassen.nl\/produkt\/bakfiets-kussen-excellent\/","name":"Lastenrad Kissen Excellent - Clarijs Fietstassen","isPartOf":{"@id":"https:\/\/clarijs-fietstassen.nl\/de\/#website"},"primaryImageOfPage":{"@id":"http:\/\/clarijs-fietstassen.nl\/produkt\/bakfiets-kussen-excellent\/#primaryimage"},"image":{"@id":"http:\/\/clarijs-fietstassen.nl\/produkt\/bakfiets-kussen-excellent\/#primaryimage"},"thumbnailUrl":"https:\/\/clarijs-fietstassen.nl\/wp-content\/uploads\/2023\/07\/Bakfiets.nl-kussen-Excellent-camel.png","datePublished":"2024-06-05T14:08:11+00:00","dateModified":"2025-11-10T15:39:14+00:00","description":"Handgefertigtes Lastenrad-Kissen aus wasserabweisendem Acrylgewebe. Langlebig, bequem und passend f\u00fcr viele Modelle.","breadcrumb":{"@id":"http:\/\/clarijs-fietstassen.nl\/produkt\/bakfiets-kussen-excellent\/#breadcrumb"},"inLanguage":"de","potentialAction":[{"@type":"ReadAction","target":["http:\/\/clarijs-fietstassen.nl\/produkt\/bakfiets-kussen-excellent\/"]}]},{"@type":"ImageObject","inLanguage":"de","@id":"http:\/\/clarijs-fietstassen.nl\/produkt\/bakfiets-kussen-excellent\/#primaryimage","url":"https:\/\/clarijs-fietstassen.nl\/wp-content\/uploads\/2023\/07\/Bakfiets.nl-kussen-Excellent-camel.png","contentUrl":"https:\/\/clarijs-fietstassen.nl\/wp-content\/uploads\/2023\/07\/Bakfiets.nl-kussen-Excellent-camel.png","width":1000,"height":1000,"caption":"Tr\u00e4gerkissen Excellent - Camel"},{"@type":"BreadcrumbList","@id":"http:\/\/clarijs-fietstassen.nl\/produkt\/bakfiets-kussen-excellent\/#breadcrumb","itemListElement":[{"@type":"ListItem","position":1,"name":"Home","item":"https:\/\/clarijs-fietstassen.nl\/de\/"},{"@type":"ListItem","position":2,"name":"Shop","item":"https:\/\/clarijs-fietstassen.nl\/de\/shop\/"},{"@type":"ListItem","position":3,"name":"Bakfietskussens","item":"https:\/\/clarijs-fietstassen.nl\/bakfietskussens\/"},{"@type":"ListItem","position":4,"name":"Lastenrad Kissen Excellent"}]},{"@type":"WebSite","@id":"https:\/\/clarijs-fietstassen.nl\/de\/#website","url":"https:\/\/clarijs-fietstassen.nl\/de\/","name":"Clarijs Fietstassen","description":"Kwaliteit &amp; ambacht sinds 1948","publisher":{"@id":"https:\/\/clarijs-fietstassen.nl\/de\/#organization"},"potentialAction":[{"@type":"SearchAction","target":{"@type":"EntryPoint","urlTemplate":"https:\/\/clarijs-fietstassen.nl\/de\/?s={search_term_string}"},"query-input":{"@type":"PropertyValueSpecification","valueRequired":true,"valueName":"search_term_string"}}],"inLanguage":"de"},{"@type":"Organization","@id":"https:\/\/clarijs-fietstassen.nl\/de\/#organization","name":"Clarijs Fietstassen","url":"https:\/\/clarijs-fietstassen.nl\/de\/","logo":{"@type":"ImageObject","inLanguage":"de","@id":"https:\/\/clarijs-fietstassen.nl\/de\/#\/schema\/logo\/image\/","url":"https:\/\/clarijs-fietstassen.nl\/wp-content\/uploads\/2024\/01\/clarijs-logo-met-rand.jpg","contentUrl":"https:\/\/clarijs-fietstassen.nl\/wp-content\/uploads\/2024\/01\/clarijs-logo-met-rand.jpg","width":560,"height":266,"caption":"Clarijs Fietstassen"},"image":{"@id":"https:\/\/clarijs-fietstassen.nl\/de\/#\/schema\/logo\/image\/"},"sameAs":["https:\/\/www.facebook.com\/clarijs1948\/","https:\/\/www.instagram.com\/clarijscovers\/"]}]},"og_availability":"instock","product_availability":"instock","product_retailer_item_id":"5058","product_condition":"new"},"_links":{"self":[{"href":"https:\/\/clarijs-fietstassen.nl\/de\/wp-json\/wp\/v2\/product\/47424","targetHints":{"allow":["GET"]}}],"collection":[{"href":"https:\/\/clarijs-fietstassen.nl\/de\/wp-json\/wp\/v2\/product"}],"about":[{"href":"https:\/\/clarijs-fietstassen.nl\/de\/wp-json\/wp\/v2\/types\/product"}],"replies":[{"embeddable":true,"href":"https:\/\/clarijs-fietstassen.nl\/de\/wp-json\/wp\/v2\/comments?post=47424"}],"wp:featuredmedia":[{"embeddable":true,"href":"https:\/\/clarijs-fietstassen.nl\/de\/wp-json\/wp\/v2\/media\/47426"}],"wp:attachment":[{"href":"https:\/\/clarijs-fietstassen.nl\/de\/wp-json\/wp\/v2\/media?parent=47424"}],"wp:term":[{"taxonomy":"product_brand","embeddable":true,"href":"https:\/\/clarijs-fietstassen.nl\/de\/wp-json\/wp\/v2\/product_brand?post=47424"},{"taxonomy":"product_cat","embeddable":true,"href":"https:\/\/clarijs-fietstassen.nl\/de\/wp-json\/wp\/v2\/product_cat?post=47424"},{"taxonomy":"product_tag","embeddable":true,"href":"https:\/\/clarijs-fietstassen.nl\/de\/wp-json\/wp\/v2\/product_tag?post=47424"}],"curies":[{"name":"wp","href":"https:\/\/api.w.org\/{rel}","templated":true}]}}