{"id":47545,"date":"2024-06-05T16:18:56","date_gmt":"2024-06-05T14:18:56","guid":{"rendered":"https:\/\/clarijs-fietstassen.nl\/plane-fuer-das-bakfiets-nl-trike-schmal-breit\/"},"modified":"2025-09-30T16:40:29","modified_gmt":"2025-09-30T14:40:29","slug":"plane-fuer-das-bakfiets-nl-trike-schmal-breit","status":"publish","type":"product","link":"https:\/\/clarijs-fietstassen.nl\/de\/produkt\/plane-fuer-das-bakfiets-nl-trike-schmal-breit\/","title":{"rendered":"Plane f\u00fcr das Bakfiets.nl Trike Narrow &amp; Wide"},"content":{"rendered":"<p><span style=\"font-weight: 400;\">Die Plane f\u00fcr das Bakfiets.nl Trike Narrow &amp; Wide ist speziell f\u00fcr die Narrow &amp; Wide Cargo Bikes konzipiert. (Diese Plane passt nur f\u00fcr dieses Modell des Lastenfahrrads).  <\/span><strong>Diese Plane wird mit dem notwendigen Befestigungsmaterial geliefert.<\/strong><\/p>\n<p><b>Materialien:<\/b><\/p>\n<p><span style=\"font-weight: 400;\">Alle diese Produkte werden aus einer der st\u00e4rksten (dicht gewebten und dick beschichteten) Arten von Bisonyl hergestellt. Der Bezug ist in verschiedenen Farben erh\u00e4ltlich. Das hochwertige Material ist sehr strapazierf\u00e4hig und zudem wasserabweisend.  <\/span><\/p>\n<p>Vorteile <span style=\"font-weight: 400;\">der Plane f\u00fcr das Bakfiets.nl Trike Narrow &amp; Wide<\/span><\/p>\n<ul>\n<li style=\"font-weight: 400;\" aria-level=\"1\"><span style=\"font-weight: 400;\">Zus\u00e4tzlicher Schutz f\u00fcr Ihr Hab und Gut und Ihr Fahrrad<\/span><\/li>\n<li style=\"font-weight: 400;\" aria-level=\"1\"><span style=\"font-weight: 400;\">kann die Lebensdauer Ihres Lastenfahrrads verl\u00e4ngern<\/span><\/li>\n<li style=\"font-weight: 400;\" aria-level=\"1\"><span style=\"font-weight: 400;\">k\u00f6nnen zu mehr Sicherheit beim Radfahren beitragen<\/span><\/li>\n<li style=\"font-weight: 400;\" aria-level=\"1\"><span style=\"font-weight: 400;\">Die Plane ist mit Ihrem eigenen Aufdruck, Logo oder Foto erh\u00e4ltlich. (Senden Sie uns eine E-Mail) <\/span><\/li>\n<\/ul>\n<p><span style=\"font-weight: 400;\">Einfach mit den mitgelieferten Materialien zu befestigen. Au\u00dferdem k\u00f6nnen Sie bei uns sofort Kissen f\u00fcr Ihr Lastenfahrrad in der gleichen Farbe kaufen!   <\/span><\/p>\n","protected":false},"excerpt":{"rendered":"<p>Die Plane f\u00fcr das Bakfiets.nl Trike Narrow &amp; Wide ist speziell f\u00fcr die Narrow &amp; Wide Cargo Bikes konzipiert. (Diese Plane passt nur f\u00fcr dieses Modell des Lastenfahrrads). Diese Plane wird mit dem notwendigen Befestigungsmaterial geliefert. Materialien: Alle diese Produkte werden aus einer der st\u00e4rksten (dicht gewebten und dick beschichteten) Arten von Bisonyl hergestellt. Der [&hellip;]<\/p>\n","protected":false},"featured_media":47546,"comment_status":"closed","ping_status":"closed","template":"","meta":{"_acf_changed":false,"_et_pb_use_builder":"","_et_pb_old_content":"","_et_gb_content_width":""},"product_brand":[],"product_cat":[686,689,687],"product_tag":[],"class_list":{"0":"post-47545","1":"product","2":"type-product","3":"status-publish","4":"has-post-thumbnail","6":"product_cat-bakfiets-de","7":"product_cat-bakfiets-planen","8":"product_cat-bakfiets-nl-de","9":"pa_afmetingen-narrow-de","10":"pa_afmetingen-wide-de","11":"pa_geschikt-voor-e-bike-ja-de","12":"pa_kleur-apfelgrun","13":"pa_kleur-azurblau","14":"pa_kleur-bordeaux-rot","15":"pa_kleur-creme-de","16":"pa_kleur-dunkelblau","17":"pa_kleur-feuerwehr-rot","18":"pa_kleur-gelb","19":"pa_kleur-holland-orange-de","20":"pa_kleur-lila","21":"pa_kleur-matt-grau-de","22":"pa_kleur-matt-olive-de","23":"pa_kleur-matt-sand-de","24":"pa_kleur-matt-schwarz-de","25":"pa_kleur-matt-taupe-de","26":"pa_kleur-rosa","27":"pa_kleur-schokoladen-braun","28":"pa_kleur-schwarz","29":"pa_kleur-silber-metallic","30":"pa_kleur-weis","31":"pa_materiaal-bisonyl-pvc-leinwand","32":"pa_merk-clarijs-covers-b-v-de","33":"pa_reflectie-nein","35":"first","36":"instock","37":"taxable","38":"shipping-taxable","39":"purchasable","40":"product-type-variable"},"acf":[],"yoast_head":"<!-- This site is optimized with the Yoast SEO Premium plugin v27.2 (Yoast SEO v27.3) - https:\/\/yoast.com\/product\/yoast-seo-premium-wordpress\/ -->\n<title>Plane f\u00fcr das Bakfiets.nl Trike Narrow &amp; Wide - Clarijs Fietstassen<\/title>\n<meta name=\"description\" content=\"Die Plane f\u00fcr das Bakfiets.nl Trike Narrow &amp; Wide. Erh\u00e4ltlich in vielen Farben. Kann mit Ihrem eigenen Aufdruck personalisiert werden. Bestellen Sie es jetzt!\" \/>\n<meta name=\"robots\" content=\"index, follow, max-snippet:-1, max-image-preview:large, max-video-preview:-1\" \/>\n<link rel=\"canonical\" href=\"https:\/\/clarijs-fietstassen.nl\/de\/produkt\/plane-fuer-das-bakfiets-nl-trike-schmal-breit\/\" \/>\n<meta property=\"og:locale\" content=\"de_DE\" \/>\n<meta property=\"og:type\" content=\"article\" \/>\n<meta property=\"og:title\" content=\"Plane f\u00fcr das Bakfiets.nl Trike Narrow &amp; Wide\" \/>\n<meta property=\"og:description\" content=\"Die Plane f\u00fcr das Bakfiets.nl Trike Narrow &amp; Wide. Erh\u00e4ltlich in vielen Farben. Kann mit Ihrem eigenen Aufdruck personalisiert werden. Bestellen Sie es jetzt!\" \/>\n<meta property=\"og:url\" content=\"https:\/\/clarijs-fietstassen.nl\/de\/produkt\/plane-fuer-das-bakfiets-nl-trike-schmal-breit\/\" \/>\n<meta property=\"og:site_name\" content=\"Clarijs Fietstassen\" \/>\n<meta property=\"article:publisher\" content=\"https:\/\/www.facebook.com\/clarijs1948\/\" \/>\n<meta property=\"article:modified_time\" content=\"2025-09-30T14:40:29+00:00\" \/>\n<meta property=\"og:image\" content=\"https:\/\/clarijs-fietstassen.nl\/wp-content\/uploads\/2024\/06\/Bakfiets.nl-trike_.png\" \/>\n\t<meta property=\"og:image:width\" content=\"1000\" \/>\n\t<meta property=\"og:image:height\" content=\"1000\" \/>\n\t<meta property=\"og:image:type\" content=\"image\/png\" \/>\n<meta name=\"twitter:card\" content=\"summary_large_image\" \/>\n<meta name=\"twitter:label1\" content=\"Verf\u00fcgbarkeit\" \/>\n\t<meta name=\"twitter:data1\" content=\"Auf Lager\" \/>\n<script type=\"application\/ld+json\" class=\"yoast-schema-graph\">{\"@context\":\"https:\\\/\\\/schema.org\",\"@graph\":[{\"@type\":\"WebPage\",\"@id\":\"https:\\\/\\\/clarijs-fietstassen.nl\\\/de\\\/produkt\\\/plane-fuer-das-bakfiets-nl-trike-schmal-breit\\\/\",\"url\":\"https:\\\/\\\/clarijs-fietstassen.nl\\\/de\\\/produkt\\\/plane-fuer-das-bakfiets-nl-trike-schmal-breit\\\/\",\"name\":\"Plane f\u00fcr das Bakfiets.nl Trike Narrow &amp; Wide - Clarijs Fietstassen\",\"isPartOf\":{\"@id\":\"https:\\\/\\\/clarijs-fietstassen.nl\\\/de\\\/#website\"},\"primaryImageOfPage\":{\"@id\":\"https:\\\/\\\/clarijs-fietstassen.nl\\\/de\\\/produkt\\\/plane-fuer-das-bakfiets-nl-trike-schmal-breit\\\/#primaryimage\"},\"image\":{\"@id\":\"https:\\\/\\\/clarijs-fietstassen.nl\\\/de\\\/produkt\\\/plane-fuer-das-bakfiets-nl-trike-schmal-breit\\\/#primaryimage\"},\"thumbnailUrl\":\"https:\\\/\\\/clarijs-fietstassen.nl\\\/wp-content\\\/uploads\\\/2024\\\/06\\\/Bakfiets.nl-trike_.png\",\"datePublished\":\"2024-06-05T14:18:56+00:00\",\"dateModified\":\"2025-09-30T14:40:29+00:00\",\"description\":\"Die Plane f\u00fcr das Bakfiets.nl Trike Narrow & Wide. Erh\u00e4ltlich in vielen Farben. Kann mit Ihrem eigenen Aufdruck personalisiert werden. Bestellen Sie es jetzt!\",\"breadcrumb\":{\"@id\":\"https:\\\/\\\/clarijs-fietstassen.nl\\\/de\\\/produkt\\\/plane-fuer-das-bakfiets-nl-trike-schmal-breit\\\/#breadcrumb\"},\"inLanguage\":\"de\",\"potentialAction\":[{\"@type\":\"ReadAction\",\"target\":[\"https:\\\/\\\/clarijs-fietstassen.nl\\\/de\\\/produkt\\\/plane-fuer-das-bakfiets-nl-trike-schmal-breit\\\/\"]}]},{\"@type\":\"ImageObject\",\"inLanguage\":\"de\",\"@id\":\"https:\\\/\\\/clarijs-fietstassen.nl\\\/de\\\/produkt\\\/plane-fuer-das-bakfiets-nl-trike-schmal-breit\\\/#primaryimage\",\"url\":\"https:\\\/\\\/clarijs-fietstassen.nl\\\/wp-content\\\/uploads\\\/2024\\\/06\\\/Bakfiets.nl-trike_.png\",\"contentUrl\":\"https:\\\/\\\/clarijs-fietstassen.nl\\\/wp-content\\\/uploads\\\/2024\\\/06\\\/Bakfiets.nl-trike_.png\",\"width\":1000,\"height\":1000,\"caption\":\"Plane f\u00fcr das Bakfiets.nl Trike Narrow &amp; Wide\"},{\"@type\":\"BreadcrumbList\",\"@id\":\"https:\\\/\\\/clarijs-fietstassen.nl\\\/de\\\/produkt\\\/plane-fuer-das-bakfiets-nl-trike-schmal-breit\\\/#breadcrumb\",\"itemListElement\":[{\"@type\":\"ListItem\",\"position\":1,\"name\":\"Home\",\"item\":\"https:\\\/\\\/clarijs-fietstassen.nl\\\/de\\\/\"},{\"@type\":\"ListItem\",\"position\":2,\"name\":\"Shop\",\"item\":\"https:\\\/\\\/clarijs-fietstassen.nl\\\/de\\\/shop\\\/\"},{\"@type\":\"ListItem\",\"position\":3,\"name\":\"Bakfiets.nl\",\"item\":\"https:\\\/\\\/clarijs-fietstassen.nl\\\/en\\\/bakfiets-nl\\\/\"},{\"@type\":\"ListItem\",\"position\":4,\"name\":\"Plane f\u00fcr das Bakfiets.nl Trike Narrow &amp; Wide\"}]},{\"@type\":\"WebSite\",\"@id\":\"https:\\\/\\\/clarijs-fietstassen.nl\\\/de\\\/#website\",\"url\":\"https:\\\/\\\/clarijs-fietstassen.nl\\\/de\\\/\",\"name\":\"Clarijs Fietstassen\",\"description\":\"Kwaliteit &amp; ambacht sinds 1948\",\"publisher\":{\"@id\":\"https:\\\/\\\/clarijs-fietstassen.nl\\\/de\\\/#organization\"},\"potentialAction\":[{\"@type\":\"SearchAction\",\"target\":{\"@type\":\"EntryPoint\",\"urlTemplate\":\"https:\\\/\\\/clarijs-fietstassen.nl\\\/de\\\/?s={search_term_string}\"},\"query-input\":{\"@type\":\"PropertyValueSpecification\",\"valueRequired\":true,\"valueName\":\"search_term_string\"}}],\"inLanguage\":\"de\"},{\"@type\":\"Organization\",\"@id\":\"https:\\\/\\\/clarijs-fietstassen.nl\\\/de\\\/#organization\",\"name\":\"Clarijs Fietstassen\",\"url\":\"https:\\\/\\\/clarijs-fietstassen.nl\\\/de\\\/\",\"logo\":{\"@type\":\"ImageObject\",\"inLanguage\":\"de\",\"@id\":\"https:\\\/\\\/clarijs-fietstassen.nl\\\/de\\\/#\\\/schema\\\/logo\\\/image\\\/\",\"url\":\"https:\\\/\\\/clarijs-fietstassen.nl\\\/wp-content\\\/uploads\\\/2024\\\/01\\\/clarijs-logo-met-rand.jpg\",\"contentUrl\":\"https:\\\/\\\/clarijs-fietstassen.nl\\\/wp-content\\\/uploads\\\/2024\\\/01\\\/clarijs-logo-met-rand.jpg\",\"width\":560,\"height\":266,\"caption\":\"Clarijs Fietstassen\"},\"image\":{\"@id\":\"https:\\\/\\\/clarijs-fietstassen.nl\\\/de\\\/#\\\/schema\\\/logo\\\/image\\\/\"},\"sameAs\":[\"https:\\\/\\\/www.facebook.com\\\/clarijs1948\\\/\",\"https:\\\/\\\/www.instagram.com\\\/clarijscovers\\\/\"]}]}<\/script>\n<meta property=\"og:availability\" content=\"instock\" \/>\n<meta property=\"product:availability\" content=\"instock\" \/>\n<meta property=\"product:retailer_item_id\" content=\"5015\" \/>\n<meta property=\"product:condition\" content=\"new\" \/>\n<!-- \/ Yoast SEO Premium plugin. -->","yoast_head_json":{"title":"Plane f\u00fcr das Bakfiets.nl Trike Narrow &amp; Wide - Clarijs Fietstassen","description":"Die Plane f\u00fcr das Bakfiets.nl Trike Narrow & Wide. Erh\u00e4ltlich in vielen Farben. Kann mit Ihrem eigenen Aufdruck personalisiert werden. Bestellen Sie es jetzt!","robots":{"index":"index","follow":"follow","max-snippet":"max-snippet:-1","max-image-preview":"max-image-preview:large","max-video-preview":"max-video-preview:-1"},"canonical":"https:\/\/clarijs-fietstassen.nl\/de\/produkt\/plane-fuer-das-bakfiets-nl-trike-schmal-breit\/","og_locale":"de_DE","og_type":"article","og_title":"Plane f\u00fcr das Bakfiets.nl Trike Narrow &amp; Wide","og_description":"Die Plane f\u00fcr das Bakfiets.nl Trike Narrow & Wide. Erh\u00e4ltlich in vielen Farben. Kann mit Ihrem eigenen Aufdruck personalisiert werden. Bestellen Sie es jetzt!","og_url":"https:\/\/clarijs-fietstassen.nl\/de\/produkt\/plane-fuer-das-bakfiets-nl-trike-schmal-breit\/","og_site_name":"Clarijs Fietstassen","article_publisher":"https:\/\/www.facebook.com\/clarijs1948\/","article_modified_time":"2025-09-30T14:40:29+00:00","og_image":[{"width":1000,"height":1000,"url":"https:\/\/clarijs-fietstassen.nl\/wp-content\/uploads\/2024\/06\/Bakfiets.nl-trike_.png","type":"image\/png"}],"twitter_card":"summary_large_image","twitter_misc":{"Verf\u00fcgbarkeit":"Auf Lager"},"schema":{"@context":"https:\/\/schema.org","@graph":[{"@type":"WebPage","@id":"https:\/\/clarijs-fietstassen.nl\/de\/produkt\/plane-fuer-das-bakfiets-nl-trike-schmal-breit\/","url":"https:\/\/clarijs-fietstassen.nl\/de\/produkt\/plane-fuer-das-bakfiets-nl-trike-schmal-breit\/","name":"Plane f\u00fcr das Bakfiets.nl Trike Narrow &amp; Wide - Clarijs Fietstassen","isPartOf":{"@id":"https:\/\/clarijs-fietstassen.nl\/de\/#website"},"primaryImageOfPage":{"@id":"https:\/\/clarijs-fietstassen.nl\/de\/produkt\/plane-fuer-das-bakfiets-nl-trike-schmal-breit\/#primaryimage"},"image":{"@id":"https:\/\/clarijs-fietstassen.nl\/de\/produkt\/plane-fuer-das-bakfiets-nl-trike-schmal-breit\/#primaryimage"},"thumbnailUrl":"https:\/\/clarijs-fietstassen.nl\/wp-content\/uploads\/2024\/06\/Bakfiets.nl-trike_.png","datePublished":"2024-06-05T14:18:56+00:00","dateModified":"2025-09-30T14:40:29+00:00","description":"Die Plane f\u00fcr das Bakfiets.nl Trike Narrow & Wide. Erh\u00e4ltlich in vielen Farben. Kann mit Ihrem eigenen Aufdruck personalisiert werden. Bestellen Sie es jetzt!","breadcrumb":{"@id":"https:\/\/clarijs-fietstassen.nl\/de\/produkt\/plane-fuer-das-bakfiets-nl-trike-schmal-breit\/#breadcrumb"},"inLanguage":"de","potentialAction":[{"@type":"ReadAction","target":["https:\/\/clarijs-fietstassen.nl\/de\/produkt\/plane-fuer-das-bakfiets-nl-trike-schmal-breit\/"]}]},{"@type":"ImageObject","inLanguage":"de","@id":"https:\/\/clarijs-fietstassen.nl\/de\/produkt\/plane-fuer-das-bakfiets-nl-trike-schmal-breit\/#primaryimage","url":"https:\/\/clarijs-fietstassen.nl\/wp-content\/uploads\/2024\/06\/Bakfiets.nl-trike_.png","contentUrl":"https:\/\/clarijs-fietstassen.nl\/wp-content\/uploads\/2024\/06\/Bakfiets.nl-trike_.png","width":1000,"height":1000,"caption":"Plane f\u00fcr das Bakfiets.nl Trike Narrow &amp; Wide"},{"@type":"BreadcrumbList","@id":"https:\/\/clarijs-fietstassen.nl\/de\/produkt\/plane-fuer-das-bakfiets-nl-trike-schmal-breit\/#breadcrumb","itemListElement":[{"@type":"ListItem","position":1,"name":"Home","item":"https:\/\/clarijs-fietstassen.nl\/de\/"},{"@type":"ListItem","position":2,"name":"Shop","item":"https:\/\/clarijs-fietstassen.nl\/de\/shop\/"},{"@type":"ListItem","position":3,"name":"Bakfiets.nl","item":"https:\/\/clarijs-fietstassen.nl\/en\/bakfiets-nl\/"},{"@type":"ListItem","position":4,"name":"Plane f\u00fcr das Bakfiets.nl Trike Narrow &amp; Wide"}]},{"@type":"WebSite","@id":"https:\/\/clarijs-fietstassen.nl\/de\/#website","url":"https:\/\/clarijs-fietstassen.nl\/de\/","name":"Clarijs Fietstassen","description":"Kwaliteit &amp; ambacht sinds 1948","publisher":{"@id":"https:\/\/clarijs-fietstassen.nl\/de\/#organization"},"potentialAction":[{"@type":"SearchAction","target":{"@type":"EntryPoint","urlTemplate":"https:\/\/clarijs-fietstassen.nl\/de\/?s={search_term_string}"},"query-input":{"@type":"PropertyValueSpecification","valueRequired":true,"valueName":"search_term_string"}}],"inLanguage":"de"},{"@type":"Organization","@id":"https:\/\/clarijs-fietstassen.nl\/de\/#organization","name":"Clarijs Fietstassen","url":"https:\/\/clarijs-fietstassen.nl\/de\/","logo":{"@type":"ImageObject","inLanguage":"de","@id":"https:\/\/clarijs-fietstassen.nl\/de\/#\/schema\/logo\/image\/","url":"https:\/\/clarijs-fietstassen.nl\/wp-content\/uploads\/2024\/01\/clarijs-logo-met-rand.jpg","contentUrl":"https:\/\/clarijs-fietstassen.nl\/wp-content\/uploads\/2024\/01\/clarijs-logo-met-rand.jpg","width":560,"height":266,"caption":"Clarijs Fietstassen"},"image":{"@id":"https:\/\/clarijs-fietstassen.nl\/de\/#\/schema\/logo\/image\/"},"sameAs":["https:\/\/www.facebook.com\/clarijs1948\/","https:\/\/www.instagram.com\/clarijscovers\/"]}]},"og_availability":"instock","product_availability":"instock","product_retailer_item_id":"5015","product_condition":"new"},"_links":{"self":[{"href":"https:\/\/clarijs-fietstassen.nl\/de\/wp-json\/wp\/v2\/product\/47545","targetHints":{"allow":["GET"]}}],"collection":[{"href":"https:\/\/clarijs-fietstassen.nl\/de\/wp-json\/wp\/v2\/product"}],"about":[{"href":"https:\/\/clarijs-fietstassen.nl\/de\/wp-json\/wp\/v2\/types\/product"}],"replies":[{"embeddable":true,"href":"https:\/\/clarijs-fietstassen.nl\/de\/wp-json\/wp\/v2\/comments?post=47545"}],"wp:featuredmedia":[{"embeddable":true,"href":"https:\/\/clarijs-fietstassen.nl\/de\/wp-json\/wp\/v2\/media\/47546"}],"wp:attachment":[{"href":"https:\/\/clarijs-fietstassen.nl\/de\/wp-json\/wp\/v2\/media?parent=47545"}],"wp:term":[{"taxonomy":"product_brand","embeddable":true,"href":"https:\/\/clarijs-fietstassen.nl\/de\/wp-json\/wp\/v2\/product_brand?post=47545"},{"taxonomy":"product_cat","embeddable":true,"href":"https:\/\/clarijs-fietstassen.nl\/de\/wp-json\/wp\/v2\/product_cat?post=47545"},{"taxonomy":"product_tag","embeddable":true,"href":"https:\/\/clarijs-fietstassen.nl\/de\/wp-json\/wp\/v2\/product_tag?post=47545"}],"curies":[{"name":"wp","href":"https:\/\/api.w.org\/{rel}","templated":true}]}}