{"id":47612,"date":"2024-06-05T16:17:21","date_gmt":"2024-06-05T14:17:21","guid":{"rendered":"https:\/\/clarijs-fietstassen.nl\/regenhaube-fuer-bakfiets-nl\/"},"modified":"2025-09-24T14:19:58","modified_gmt":"2025-09-24T12:19:58","slug":"regenzelt-cabrio-fuer-bakfiets-nl","status":"publish","type":"product","link":"https:\/\/clarijs-fietstassen.nl\/de\/produkt\/regenzelt-cabrio-fuer-bakfiets-nl\/","title":{"rendered":"Regenzelt Cabrio f\u00fcr Bakfiets.nl"},"content":{"rendered":"<p><span style=\"font-weight: 400;\">Das Regenzelt Cabrio f\u00fcr Bakfiets.nl hat auf beiden Seiten einen Rei\u00dfverschluss um das Fenster herum, so dass es nie abgenommen werden muss. Das Verdeck wird mit einem Segellattenrahmen und dem notwendigen Befestigungsmaterial geliefert. <\/span><\/p>\n<p><span style=\"font-weight: 400;\">Die H\u00f6he dieses Zeltes wird von der Sitzbank bis zum oberen Ende des Zeltes gemessen.<\/span><\/p>\n<p><span style=\"font-weight: 400;\">Die Varianten Short und Long sind 69 cm hoch.<\/span><\/p>\n<p><span style=\"font-weight: 400;\">Die hohe Version ist 26 cm h\u00f6her = 95 cm.<\/span><\/p>\n<p><b>Materialien:<\/b><\/p>\n<p><span style=\"font-weight: 400;\">Alle diese Produkte werden aus einer der st\u00e4rksten (dicht gewebten und dick beschichteten) Arten von Bisonyl hergestellt. Das Zelt ist in verschiedenen Farben erh\u00e4ltlich. Das hochwertige Material ist sehr robust und au\u00dferdem wasserabweisend.  <\/span><\/p>\n<p><b>Vorteile<\/b><span style=\"font-weight: 400;\"> des Regenzelt Cabrio f\u00fcr Bakfiets.nl:<\/span><\/p>\n<ul>\n<li style=\"font-weight: 400;\" aria-level=\"1\"><span style=\"font-weight: 400;\">Zus\u00e4tzlicher Schutz f\u00fcr Ihr Hab und Gut und Ihr Fahrrad<\/span><\/li>\n<li style=\"font-weight: 400;\" aria-level=\"1\"><span style=\"font-weight: 400;\">Rei\u00dfverschl\u00fcsse an beiden Seiten des Zeltes<\/span><\/li>\n<li style=\"font-weight: 400;\" aria-level=\"1\"><span style=\"font-weight: 400;\">kann die Lebensdauer Ihres Lastenfahrrads verl\u00e4ngern<\/span><\/li>\n<li style=\"font-weight: 400;\" aria-level=\"1\"><span style=\"font-weight: 400;\">k\u00f6nnen zu mehr Sicherheit beim Radfahren beitragen<\/span><\/li>\n<\/ul>\n<p><span style=\"font-weight: 400;\">Einfach mit den mitgelieferten Materialien zu befestigen. Au\u00dferdem k\u00f6nnen Sie bei uns sofort Kissen f\u00fcr Ihr Lastenfahrrad in der gleichen Farbe kaufen! <\/span><\/p>\n<p><strong>Benutzerhandbuch<\/strong><\/p>\n<p>Hier k\u00f6nnen Sie das <strong><a href=\"https:\/\/www.youtube.com\/watch?v=uGlT19rkr0k&amp;t\" target=\"_blank\" rel=\"attachment noopener wp-att-42771\">Benutzerhandbuch<\/a><\/strong> f\u00fcr die Regenzelte von Bakfiets.nl finden.<\/p>\n","protected":false},"excerpt":{"rendered":"<p>Das Regenzelt Cabrio f\u00fcr Bakfiets.nl hat auf beiden Seiten einen Rei\u00dfverschluss um das Fenster herum, so dass es nie abgenommen werden muss. Das Verdeck wird mit einem Segellattenrahmen und dem notwendigen Befestigungsmaterial geliefert. Die H\u00f6he dieses Zeltes wird von der Sitzbank bis zum oberen Ende des Zeltes gemessen. Die Varianten Short und Long sind 69 [&hellip;]<\/p>\n","protected":false},"featured_media":47665,"comment_status":"closed","ping_status":"closed","template":"","meta":{"_acf_changed":false,"_et_pb_use_builder":"","_et_pb_old_content":"","_et_gb_content_width":""},"product_brand":[],"product_cat":[686,687,690],"product_tag":[],"class_list":{"0":"post-47612","1":"product","2":"type-product","3":"status-publish","4":"has-post-thumbnail","6":"product_cat-bakfiets-de","7":"product_cat-bakfiets-nl-de","8":"product_cat-lastenrad-regenverdeck","9":"pa_afmetingen-kurz","10":"pa_afmetingen-lang-de","11":"pa_afmetingen-lang-hoch","12":"pa_geschikt-voor-e-bike-ja-de","13":"pa_kleur-matt-grau-de","14":"pa_kleur-matt-olive-de","15":"pa_kleur-matt-sand-de","16":"pa_kleur-matt-schwarz-de","17":"pa_kleur-matt-taupe-de","18":"pa_kleur-schwarz","19":"pa_materiaal-bisonyl-pvc-leinwand","20":"pa_merk-clarijs-covers-b-v-de","21":"pa_reflectie-nein","23":"first","24":"instock","25":"taxable","26":"shipping-taxable","27":"purchasable","28":"product-type-variable"},"acf":[],"yoast_head":"<!-- This site is optimized with the Yoast SEO Premium plugin v27.2 (Yoast SEO v27.3) - https:\/\/yoast.com\/product\/yoast-seo-premium-wordpress\/ -->\n<title>Regenzelt Cabrio f\u00fcr Bakfiets.nl - Clarijs Fietstassen<\/title>\n<meta name=\"description\" content=\"Regenzelt Cabrio f\u00fcr Bakfiets.nl Es hat einen Rei\u00dfverschluss auf beiden Seiten um das Fenster herum, so dass es nie abgenommen werden muss. Das Zelt wird mit Gestell geliefert. Jetzt einkaufen!\" \/>\n<meta name=\"robots\" content=\"index, follow, max-snippet:-1, max-image-preview:large, max-video-preview:-1\" \/>\n<link rel=\"canonical\" href=\"https:\/\/clarijs-fietstassen.nl\/de\/produkt\/regenzelt-cabrio-fuer-bakfiets-nl\/\" \/>\n<meta property=\"og:locale\" content=\"de_DE\" \/>\n<meta property=\"og:type\" content=\"article\" \/>\n<meta property=\"og:title\" content=\"Regenzelt Cabrio f\u00fcr Bakfiets.nl\" \/>\n<meta property=\"og:description\" content=\"Regenzelt Cabrio f\u00fcr Bakfiets.nl Es hat einen Rei\u00dfverschluss auf beiden Seiten um das Fenster herum, so dass es nie abgenommen werden muss. Das Zelt wird mit Gestell geliefert. Jetzt einkaufen!\" \/>\n<meta property=\"og:url\" content=\"https:\/\/clarijs-fietstassen.nl\/de\/produkt\/regenzelt-cabrio-fuer-bakfiets-nl\/\" \/>\n<meta property=\"og:site_name\" content=\"Clarijs Fietstassen\" \/>\n<meta property=\"article:publisher\" content=\"https:\/\/www.facebook.com\/clarijs1948\/\" \/>\n<meta property=\"article:modified_time\" content=\"2025-09-24T12:19:58+00:00\" \/>\n<meta property=\"og:image\" content=\"https:\/\/clarijs-fietstassen.nl\/wp-content\/uploads\/2023\/07\/Bakfiets.nl-CTL-Cabrio-matt-grey-1024x1024.png\" \/>\n\t<meta property=\"og:image:width\" content=\"1024\" \/>\n\t<meta property=\"og:image:height\" content=\"1024\" \/>\n\t<meta property=\"og:image:type\" content=\"image\/png\" \/>\n<meta name=\"twitter:card\" content=\"summary_large_image\" \/>\n<meta name=\"twitter:label1\" content=\"Verf\u00fcgbarkeit\" \/>\n\t<meta name=\"twitter:data1\" content=\"Auf Lager\" \/>\n<script type=\"application\/ld+json\" class=\"yoast-schema-graph\">{\"@context\":\"https:\\\/\\\/schema.org\",\"@graph\":[{\"@type\":\"WebPage\",\"@id\":\"https:\\\/\\\/clarijs-fietstassen.nl\\\/de\\\/produkt\\\/regenzelt-cabrio-fuer-bakfiets-nl\\\/\",\"url\":\"https:\\\/\\\/clarijs-fietstassen.nl\\\/de\\\/produkt\\\/regenzelt-cabrio-fuer-bakfiets-nl\\\/\",\"name\":\"Regenzelt Cabrio f\u00fcr Bakfiets.nl - Clarijs Fietstassen\",\"isPartOf\":{\"@id\":\"https:\\\/\\\/clarijs-fietstassen.nl\\\/de\\\/#website\"},\"primaryImageOfPage\":{\"@id\":\"https:\\\/\\\/clarijs-fietstassen.nl\\\/de\\\/produkt\\\/regenzelt-cabrio-fuer-bakfiets-nl\\\/#primaryimage\"},\"image\":{\"@id\":\"https:\\\/\\\/clarijs-fietstassen.nl\\\/de\\\/produkt\\\/regenzelt-cabrio-fuer-bakfiets-nl\\\/#primaryimage\"},\"thumbnailUrl\":\"https:\\\/\\\/clarijs-fietstassen.nl\\\/wp-content\\\/uploads\\\/2023\\\/07\\\/Clarijs_03-17.png\",\"datePublished\":\"2024-06-05T14:17:21+00:00\",\"dateModified\":\"2025-09-24T12:19:58+00:00\",\"description\":\"Regenzelt Cabrio f\u00fcr Bakfiets.nl Es hat einen Rei\u00dfverschluss auf beiden Seiten um das Fenster herum, so dass es nie abgenommen werden muss. Das Zelt wird mit Gestell geliefert. Jetzt einkaufen!\",\"breadcrumb\":{\"@id\":\"https:\\\/\\\/clarijs-fietstassen.nl\\\/de\\\/produkt\\\/regenzelt-cabrio-fuer-bakfiets-nl\\\/#breadcrumb\"},\"inLanguage\":\"de\",\"potentialAction\":[{\"@type\":\"ReadAction\",\"target\":[\"https:\\\/\\\/clarijs-fietstassen.nl\\\/de\\\/produkt\\\/regenzelt-cabrio-fuer-bakfiets-nl\\\/\"]}]},{\"@type\":\"ImageObject\",\"inLanguage\":\"de\",\"@id\":\"https:\\\/\\\/clarijs-fietstassen.nl\\\/de\\\/produkt\\\/regenzelt-cabrio-fuer-bakfiets-nl\\\/#primaryimage\",\"url\":\"https:\\\/\\\/clarijs-fietstassen.nl\\\/wp-content\\\/uploads\\\/2023\\\/07\\\/Clarijs_03-17.png\",\"contentUrl\":\"https:\\\/\\\/clarijs-fietstassen.nl\\\/wp-content\\\/uploads\\\/2023\\\/07\\\/Clarijs_03-17.png\",\"width\":2000,\"height\":2000,\"caption\":\"Regenzelt Cabrio f\u00fcr Bakfiets.nl - Matt Sand\"},{\"@type\":\"BreadcrumbList\",\"@id\":\"https:\\\/\\\/clarijs-fietstassen.nl\\\/de\\\/produkt\\\/regenzelt-cabrio-fuer-bakfiets-nl\\\/#breadcrumb\",\"itemListElement\":[{\"@type\":\"ListItem\",\"position\":1,\"name\":\"Home\",\"item\":\"https:\\\/\\\/clarijs-fietstassen.nl\\\/de\\\/\"},{\"@type\":\"ListItem\",\"position\":2,\"name\":\"Shop\",\"item\":\"https:\\\/\\\/clarijs-fietstassen.nl\\\/de\\\/shop\\\/\"},{\"@type\":\"ListItem\",\"position\":3,\"name\":\"Bakfiets.nl\",\"item\":\"https:\\\/\\\/clarijs-fietstassen.nl\\\/en\\\/bakfiets-nl\\\/\"},{\"@type\":\"ListItem\",\"position\":4,\"name\":\"Regenzelt Cabrio f\u00fcr Bakfiets.nl\"}]},{\"@type\":\"WebSite\",\"@id\":\"https:\\\/\\\/clarijs-fietstassen.nl\\\/de\\\/#website\",\"url\":\"https:\\\/\\\/clarijs-fietstassen.nl\\\/de\\\/\",\"name\":\"Clarijs Fietstassen\",\"description\":\"Kwaliteit &amp; ambacht sinds 1948\",\"publisher\":{\"@id\":\"https:\\\/\\\/clarijs-fietstassen.nl\\\/de\\\/#organization\"},\"potentialAction\":[{\"@type\":\"SearchAction\",\"target\":{\"@type\":\"EntryPoint\",\"urlTemplate\":\"https:\\\/\\\/clarijs-fietstassen.nl\\\/de\\\/?s={search_term_string}\"},\"query-input\":{\"@type\":\"PropertyValueSpecification\",\"valueRequired\":true,\"valueName\":\"search_term_string\"}}],\"inLanguage\":\"de\"},{\"@type\":\"Organization\",\"@id\":\"https:\\\/\\\/clarijs-fietstassen.nl\\\/de\\\/#organization\",\"name\":\"Clarijs Fietstassen\",\"url\":\"https:\\\/\\\/clarijs-fietstassen.nl\\\/de\\\/\",\"logo\":{\"@type\":\"ImageObject\",\"inLanguage\":\"de\",\"@id\":\"https:\\\/\\\/clarijs-fietstassen.nl\\\/de\\\/#\\\/schema\\\/logo\\\/image\\\/\",\"url\":\"https:\\\/\\\/clarijs-fietstassen.nl\\\/wp-content\\\/uploads\\\/2024\\\/01\\\/clarijs-logo-met-rand.jpg\",\"contentUrl\":\"https:\\\/\\\/clarijs-fietstassen.nl\\\/wp-content\\\/uploads\\\/2024\\\/01\\\/clarijs-logo-met-rand.jpg\",\"width\":560,\"height\":266,\"caption\":\"Clarijs Fietstassen\"},\"image\":{\"@id\":\"https:\\\/\\\/clarijs-fietstassen.nl\\\/de\\\/#\\\/schema\\\/logo\\\/image\\\/\"},\"sameAs\":[\"https:\\\/\\\/www.facebook.com\\\/clarijs1948\\\/\",\"https:\\\/\\\/www.instagram.com\\\/clarijscovers\\\/\"]}]}<\/script>\n<meta property=\"og:availability\" content=\"instock\" \/>\n<meta property=\"product:availability\" content=\"instock\" \/>\n<meta property=\"product:retailer_item_id\" content=\"5005\" \/>\n<meta property=\"product:condition\" content=\"new\" \/>\n<!-- \/ Yoast SEO Premium plugin. -->","yoast_head_json":{"title":"Regenzelt Cabrio f\u00fcr Bakfiets.nl - Clarijs Fietstassen","description":"Regenzelt Cabrio f\u00fcr Bakfiets.nl Es hat einen Rei\u00dfverschluss auf beiden Seiten um das Fenster herum, so dass es nie abgenommen werden muss. Das Zelt wird mit Gestell geliefert. Jetzt einkaufen!","robots":{"index":"index","follow":"follow","max-snippet":"max-snippet:-1","max-image-preview":"max-image-preview:large","max-video-preview":"max-video-preview:-1"},"canonical":"https:\/\/clarijs-fietstassen.nl\/de\/produkt\/regenzelt-cabrio-fuer-bakfiets-nl\/","og_locale":"de_DE","og_type":"article","og_title":"Regenzelt Cabrio f\u00fcr Bakfiets.nl","og_description":"Regenzelt Cabrio f\u00fcr Bakfiets.nl Es hat einen Rei\u00dfverschluss auf beiden Seiten um das Fenster herum, so dass es nie abgenommen werden muss. Das Zelt wird mit Gestell geliefert. Jetzt einkaufen!","og_url":"https:\/\/clarijs-fietstassen.nl\/de\/produkt\/regenzelt-cabrio-fuer-bakfiets-nl\/","og_site_name":"Clarijs Fietstassen","article_publisher":"https:\/\/www.facebook.com\/clarijs1948\/","article_modified_time":"2025-09-24T12:19:58+00:00","og_image":[{"width":1024,"height":1024,"url":"https:\/\/clarijs-fietstassen.nl\/wp-content\/uploads\/2023\/07\/Bakfiets.nl-CTL-Cabrio-matt-grey-1024x1024.png","type":"image\/png"}],"twitter_card":"summary_large_image","twitter_misc":{"Verf\u00fcgbarkeit":"Auf Lager"},"schema":{"@context":"https:\/\/schema.org","@graph":[{"@type":"WebPage","@id":"https:\/\/clarijs-fietstassen.nl\/de\/produkt\/regenzelt-cabrio-fuer-bakfiets-nl\/","url":"https:\/\/clarijs-fietstassen.nl\/de\/produkt\/regenzelt-cabrio-fuer-bakfiets-nl\/","name":"Regenzelt Cabrio f\u00fcr Bakfiets.nl - Clarijs Fietstassen","isPartOf":{"@id":"https:\/\/clarijs-fietstassen.nl\/de\/#website"},"primaryImageOfPage":{"@id":"https:\/\/clarijs-fietstassen.nl\/de\/produkt\/regenzelt-cabrio-fuer-bakfiets-nl\/#primaryimage"},"image":{"@id":"https:\/\/clarijs-fietstassen.nl\/de\/produkt\/regenzelt-cabrio-fuer-bakfiets-nl\/#primaryimage"},"thumbnailUrl":"https:\/\/clarijs-fietstassen.nl\/wp-content\/uploads\/2023\/07\/Clarijs_03-17.png","datePublished":"2024-06-05T14:17:21+00:00","dateModified":"2025-09-24T12:19:58+00:00","description":"Regenzelt Cabrio f\u00fcr Bakfiets.nl Es hat einen Rei\u00dfverschluss auf beiden Seiten um das Fenster herum, so dass es nie abgenommen werden muss. Das Zelt wird mit Gestell geliefert. Jetzt einkaufen!","breadcrumb":{"@id":"https:\/\/clarijs-fietstassen.nl\/de\/produkt\/regenzelt-cabrio-fuer-bakfiets-nl\/#breadcrumb"},"inLanguage":"de","potentialAction":[{"@type":"ReadAction","target":["https:\/\/clarijs-fietstassen.nl\/de\/produkt\/regenzelt-cabrio-fuer-bakfiets-nl\/"]}]},{"@type":"ImageObject","inLanguage":"de","@id":"https:\/\/clarijs-fietstassen.nl\/de\/produkt\/regenzelt-cabrio-fuer-bakfiets-nl\/#primaryimage","url":"https:\/\/clarijs-fietstassen.nl\/wp-content\/uploads\/2023\/07\/Clarijs_03-17.png","contentUrl":"https:\/\/clarijs-fietstassen.nl\/wp-content\/uploads\/2023\/07\/Clarijs_03-17.png","width":2000,"height":2000,"caption":"Regenzelt Cabrio f\u00fcr Bakfiets.nl - Matt Sand"},{"@type":"BreadcrumbList","@id":"https:\/\/clarijs-fietstassen.nl\/de\/produkt\/regenzelt-cabrio-fuer-bakfiets-nl\/#breadcrumb","itemListElement":[{"@type":"ListItem","position":1,"name":"Home","item":"https:\/\/clarijs-fietstassen.nl\/de\/"},{"@type":"ListItem","position":2,"name":"Shop","item":"https:\/\/clarijs-fietstassen.nl\/de\/shop\/"},{"@type":"ListItem","position":3,"name":"Bakfiets.nl","item":"https:\/\/clarijs-fietstassen.nl\/en\/bakfiets-nl\/"},{"@type":"ListItem","position":4,"name":"Regenzelt Cabrio f\u00fcr Bakfiets.nl"}]},{"@type":"WebSite","@id":"https:\/\/clarijs-fietstassen.nl\/de\/#website","url":"https:\/\/clarijs-fietstassen.nl\/de\/","name":"Clarijs Fietstassen","description":"Kwaliteit &amp; ambacht sinds 1948","publisher":{"@id":"https:\/\/clarijs-fietstassen.nl\/de\/#organization"},"potentialAction":[{"@type":"SearchAction","target":{"@type":"EntryPoint","urlTemplate":"https:\/\/clarijs-fietstassen.nl\/de\/?s={search_term_string}"},"query-input":{"@type":"PropertyValueSpecification","valueRequired":true,"valueName":"search_term_string"}}],"inLanguage":"de"},{"@type":"Organization","@id":"https:\/\/clarijs-fietstassen.nl\/de\/#organization","name":"Clarijs Fietstassen","url":"https:\/\/clarijs-fietstassen.nl\/de\/","logo":{"@type":"ImageObject","inLanguage":"de","@id":"https:\/\/clarijs-fietstassen.nl\/de\/#\/schema\/logo\/image\/","url":"https:\/\/clarijs-fietstassen.nl\/wp-content\/uploads\/2024\/01\/clarijs-logo-met-rand.jpg","contentUrl":"https:\/\/clarijs-fietstassen.nl\/wp-content\/uploads\/2024\/01\/clarijs-logo-met-rand.jpg","width":560,"height":266,"caption":"Clarijs Fietstassen"},"image":{"@id":"https:\/\/clarijs-fietstassen.nl\/de\/#\/schema\/logo\/image\/"},"sameAs":["https:\/\/www.facebook.com\/clarijs1948\/","https:\/\/www.instagram.com\/clarijscovers\/"]}]},"og_availability":"instock","product_availability":"instock","product_retailer_item_id":"5005","product_condition":"new"},"_links":{"self":[{"href":"https:\/\/clarijs-fietstassen.nl\/de\/wp-json\/wp\/v2\/product\/47612","targetHints":{"allow":["GET"]}}],"collection":[{"href":"https:\/\/clarijs-fietstassen.nl\/de\/wp-json\/wp\/v2\/product"}],"about":[{"href":"https:\/\/clarijs-fietstassen.nl\/de\/wp-json\/wp\/v2\/types\/product"}],"replies":[{"embeddable":true,"href":"https:\/\/clarijs-fietstassen.nl\/de\/wp-json\/wp\/v2\/comments?post=47612"}],"wp:featuredmedia":[{"embeddable":true,"href":"https:\/\/clarijs-fietstassen.nl\/de\/wp-json\/wp\/v2\/media\/47665"}],"wp:attachment":[{"href":"https:\/\/clarijs-fietstassen.nl\/de\/wp-json\/wp\/v2\/media?parent=47612"}],"wp:term":[{"taxonomy":"product_brand","embeddable":true,"href":"https:\/\/clarijs-fietstassen.nl\/de\/wp-json\/wp\/v2\/product_brand?post=47612"},{"taxonomy":"product_cat","embeddable":true,"href":"https:\/\/clarijs-fietstassen.nl\/de\/wp-json\/wp\/v2\/product_cat?post=47612"},{"taxonomy":"product_tag","embeddable":true,"href":"https:\/\/clarijs-fietstassen.nl\/de\/wp-json\/wp\/v2\/product_tag?post=47612"}],"curies":[{"name":"wp","href":"https:\/\/api.w.org\/{rel}","templated":true}]}}