{"id":47759,"date":"2024-07-16T09:30:22","date_gmt":"2024-07-16T07:30:22","guid":{"rendered":"https:\/\/clarijs-fietstassen.nl\/regenueberdachung-fuer-urban-arrow-shorty\/"},"modified":"2025-09-24T14:28:35","modified_gmt":"2025-09-24T12:28:35","slug":"regenueberdachung-fuer-urban-arrow-shorty","status":"publish","type":"product","link":"https:\/\/clarijs-fietstassen.nl\/de\/produkt\/regenueberdachung-fuer-urban-arrow-shorty\/","title":{"rendered":"Regenzelt reCYCLEd f\u00fcr Urban Arrow Shorty"},"content":{"rendered":"<p><span style=\"font-weight: 400;\">Das <strong data-start=\"199\" data-end=\"245\">Regenzelt reCYCLEd f\u00fcr Urban Arrow Shorty<\/strong> von Clarijs bietet Ihrem Lastenrad einen zuverl\u00e4ssigen Schutz vor Regen und Wind. Dieses Regenverdeck besteht teilweise aus <strong data-start=\"363\" data-end=\"406\">100% reCYCLEd Polyester aus PET-Flaschen<\/strong> und <strong data-start=\"410\" data-end=\"430\">gewebtem Nylon PU<\/strong>. So entscheiden Sie sich f\u00fcr eine nachhaltige und robuste L\u00f6sung, die nicht nur Ihre Ladung und den Kindersitz optimal sch\u00fctzt, sondern auch zu einer umweltfreundlichen Alternative beitr\u00e4gt.   <\/span><\/p>\n<p><b>Vorteile<\/b><\/p>\n<ul>\n<li aria-level=\"1\">Hergestellt aus 100% reCYCLEd Polyester aus PET-Flaschen und gewebtem Nylon PU<\/li>\n<li aria-level=\"1\">Das Regenzelt wird <strong>inklusive Rahmen<\/strong> geliefert<\/li>\n<li style=\"font-weight: 400;\" aria-level=\"1\"><span style=\"font-weight: 400;\">Das Regenzelt ist <strong>wasserdicht<\/strong><\/span><\/li>\n<li style=\"font-weight: 400;\" aria-level=\"1\"><span style=\"font-weight: 400;\">Das Regenzelt hat eine <strong>hohe Farbechtheit<\/strong><\/span><\/li>\n<li style=\"font-weight: 400;\" aria-level=\"1\"><span style=\"font-weight: 400;\"><strong>Handgefertigt<\/strong> in Europa<\/span><\/li>\n<li aria-level=\"1\">Entworfen in den <strong>Niederlanden<\/strong><\/li>\n<\/ul>\n<p><b>Langlebiges &amp; starkes Material<\/b><\/p>\n<p>Durch die Kombination von recyceltem Polyester aus PET-Flaschen und Nylon PU ist dieses Regenzelt besonders robust und wetterbest\u00e4ndig. Recyceltes Polyester gibt Plastikabf\u00e4llen ein zweites Leben, w\u00e4hrend Nylon f\u00fcr seine Stabilit\u00e4t und schnelle Trocknung bekannt ist. Zusammen sorgen diese Materialien f\u00fcr ein Regenzelt, das dem t\u00e4glichen Gebrauch und selbst widrigen Wetterbedingungen standh\u00e4lt.  <\/p>\n<p><strong>Benutzerhandbuch<\/strong><\/p>\n<p>Hier finden Sie die Gebrauchsanweisung f\u00fcr das <strong><a href=\"https:\/\/clarijs-fietstassen.nl\/wp-content\/uploads\/2024\/07\/Shorty-Raincover_Urban-Arrow_3.pdf\" target=\"_blank\" rel=\"attachment noopener wp-att-42771\">Benutzerhandbuch<\/a><\/strong> <span style=\"font-weight: 400;\">f\u00fcr das Regenzelt reCYCLEd for Urban Arrow Shorty, mit klaren Hinweisen f\u00fcr eine schnelle und einfache Montage.<br \/>\n<\/span><\/p>\n<p data-start=\"1629\" data-end=\"1798\">Entscheiden Sie sich noch heute f\u00fcr das Regenzelt reCYCLEd f\u00fcr Urban Arrow Shorty und erleben Sie die perfekte Kombination aus Nachhaltigkeit, Qualit\u00e4t und Schutz f\u00fcr Ihr Lastenrad.<\/p>\n","protected":false},"excerpt":{"rendered":"<p>Das Regenzelt reCYCLEd f\u00fcr Urban Arrow Shorty von Clarijs bietet Ihrem Lastenrad einen zuverl\u00e4ssigen Schutz vor Regen und Wind. Dieses Regenverdeck besteht teilweise aus 100% reCYCLEd Polyester aus PET-Flaschen und gewebtem Nylon PU. So entscheiden Sie sich f\u00fcr eine nachhaltige und robuste L\u00f6sung, die nicht nur Ihre Ladung und den Kindersitz optimal sch\u00fctzt, sondern auch [&hellip;]<\/p>\n","protected":false},"featured_media":47760,"comment_status":"closed","ping_status":"closed","template":"","meta":{"_acf_changed":false,"_et_pb_use_builder":"","_et_pb_old_content":"","_et_gb_content_width":""},"product_brand":[],"product_cat":[686,690,783,772,773],"product_tag":[],"class_list":{"0":"post-47759","1":"product","2":"type-product","3":"status-publish","4":"has-post-thumbnail","6":"product_cat-bakfiets-de","7":"product_cat-lastenrad-regenverdeck","8":"product_cat-recycled-de","9":"product_cat-urban-arrow-de","10":"product_cat-urban-arrow-regenverdeck","11":"pa_geschikt-voor-e-bike-ja-de","12":"pa_kleur-schwarz","13":"pa_materiaal-gewebtes-nylon-pu","14":"pa_materiaal-recyceltes-polyester-aus-pet-flaschen","15":"pa_merk-clarijs-covers-b-v-de","16":"pa_reflectie-nein","18":"first","19":"instock","20":"taxable","21":"shipping-taxable","22":"purchasable","23":"product-type-simple"},"acf":[],"yoast_head":"<!-- This site is optimized with the Yoast SEO Premium plugin v27.2 (Yoast SEO v27.3) - https:\/\/yoast.com\/product\/yoast-seo-premium-wordpress\/ -->\n<title>Regenzelt reCYCLEd f\u00fcr Urban Arrow Shorty - Clarijs Fietstassen<\/title>\n<meta name=\"description\" content=\"Das Regenzelt reCYCLEd f\u00fcr Urban Arrow Shorty besteht aus recyceltem PET-Polyester und Nylon PU. Nachhaltig, robust und wasserabweisend. Jetzt bestellen!\" \/>\n<meta name=\"robots\" content=\"index, follow, max-snippet:-1, max-image-preview:large, max-video-preview:-1\" \/>\n<link rel=\"canonical\" href=\"https:\/\/clarijs-fietstassen.nl\/de\/produkt\/regenueberdachung-fuer-urban-arrow-shorty\/\" \/>\n<meta property=\"og:locale\" content=\"de_DE\" \/>\n<meta property=\"og:type\" content=\"article\" \/>\n<meta property=\"og:title\" content=\"Regenzelt reCYCLEd f\u00fcr Urban Arrow Shorty\" \/>\n<meta property=\"og:description\" content=\"Das Regenzelt reCYCLEd f\u00fcr Urban Arrow Shorty besteht aus recyceltem PET-Polyester und Nylon PU. Nachhaltig, robust und wasserabweisend. Jetzt bestellen!\" \/>\n<meta property=\"og:url\" content=\"https:\/\/clarijs-fietstassen.nl\/de\/produkt\/regenueberdachung-fuer-urban-arrow-shorty\/\" \/>\n<meta property=\"og:site_name\" content=\"Clarijs Fietstassen\" \/>\n<meta property=\"article:publisher\" content=\"https:\/\/www.facebook.com\/clarijs1948\/\" \/>\n<meta property=\"article:modified_time\" content=\"2025-09-24T12:28:35+00:00\" \/>\n<meta property=\"og:image\" content=\"https:\/\/clarijs-fietstassen.nl\/wp-content\/uploads\/2024\/07\/Urban-arrow-shorty-rain-cover.png\" \/>\n\t<meta property=\"og:image:width\" content=\"1500\" \/>\n\t<meta property=\"og:image:height\" content=\"1500\" \/>\n\t<meta property=\"og:image:type\" content=\"image\/png\" \/>\n<meta name=\"twitter:card\" content=\"summary_large_image\" \/>\n<meta name=\"twitter:label1\" content=\"Preis\" \/>\n\t<meta name=\"twitter:data1\" content=\"&euro;285.00\" \/>\n\t<meta name=\"twitter:label2\" content=\"Verf\u00fcgbarkeit\" \/>\n\t<meta name=\"twitter:data2\" content=\"Auf Lager\" \/>\n<script type=\"application\/ld+json\" class=\"yoast-schema-graph\">{\"@context\":\"https:\\\/\\\/schema.org\",\"@graph\":[{\"@type\":\"WebPage\",\"@id\":\"https:\\\/\\\/clarijs-fietstassen.nl\\\/de\\\/produkt\\\/regenueberdachung-fuer-urban-arrow-shorty\\\/\",\"url\":\"https:\\\/\\\/clarijs-fietstassen.nl\\\/de\\\/produkt\\\/regenueberdachung-fuer-urban-arrow-shorty\\\/\",\"name\":\"Regenzelt reCYCLEd f\u00fcr Urban Arrow Shorty - Clarijs Fietstassen\",\"isPartOf\":{\"@id\":\"https:\\\/\\\/clarijs-fietstassen.nl\\\/de\\\/#website\"},\"primaryImageOfPage\":{\"@id\":\"https:\\\/\\\/clarijs-fietstassen.nl\\\/de\\\/produkt\\\/regenueberdachung-fuer-urban-arrow-shorty\\\/#primaryimage\"},\"image\":{\"@id\":\"https:\\\/\\\/clarijs-fietstassen.nl\\\/de\\\/produkt\\\/regenueberdachung-fuer-urban-arrow-shorty\\\/#primaryimage\"},\"thumbnailUrl\":\"https:\\\/\\\/clarijs-fietstassen.nl\\\/wp-content\\\/uploads\\\/2024\\\/07\\\/Urban-arrow-shorty-rain-cover.png\",\"datePublished\":\"2024-07-16T07:30:22+00:00\",\"dateModified\":\"2025-09-24T12:28:35+00:00\",\"description\":\"Das Regenzelt reCYCLEd f\u00fcr Urban Arrow Shorty besteht aus recyceltem PET-Polyester und Nylon PU. Nachhaltig, robust und wasserabweisend. Jetzt bestellen!\",\"breadcrumb\":{\"@id\":\"https:\\\/\\\/clarijs-fietstassen.nl\\\/de\\\/produkt\\\/regenueberdachung-fuer-urban-arrow-shorty\\\/#breadcrumb\"},\"inLanguage\":\"de\",\"potentialAction\":[{\"@type\":\"ReadAction\",\"target\":[\"https:\\\/\\\/clarijs-fietstassen.nl\\\/de\\\/produkt\\\/regenueberdachung-fuer-urban-arrow-shorty\\\/\"]}]},{\"@type\":\"ImageObject\",\"inLanguage\":\"de\",\"@id\":\"https:\\\/\\\/clarijs-fietstassen.nl\\\/de\\\/produkt\\\/regenueberdachung-fuer-urban-arrow-shorty\\\/#primaryimage\",\"url\":\"https:\\\/\\\/clarijs-fietstassen.nl\\\/wp-content\\\/uploads\\\/2024\\\/07\\\/Urban-arrow-shorty-rain-cover.png\",\"contentUrl\":\"https:\\\/\\\/clarijs-fietstassen.nl\\\/wp-content\\\/uploads\\\/2024\\\/07\\\/Urban-arrow-shorty-rain-cover.png\",\"width\":1500,\"height\":1500,\"caption\":\"Regenzelt f\u00fcr Urban Arrow Shorty\"},{\"@type\":\"BreadcrumbList\",\"@id\":\"https:\\\/\\\/clarijs-fietstassen.nl\\\/de\\\/produkt\\\/regenueberdachung-fuer-urban-arrow-shorty\\\/#breadcrumb\",\"itemListElement\":[{\"@type\":\"ListItem\",\"position\":1,\"name\":\"Home\",\"item\":\"https:\\\/\\\/clarijs-fietstassen.nl\\\/de\\\/\"},{\"@type\":\"ListItem\",\"position\":2,\"name\":\"Shop\",\"item\":\"https:\\\/\\\/clarijs-fietstassen.nl\\\/de\\\/shop\\\/\"},{\"@type\":\"ListItem\",\"position\":3,\"name\":\"Urban Arrow\",\"item\":\"https:\\\/\\\/clarijs-fietstassen.nl\\\/de\\\/urban-arrow-de\\\/\"},{\"@type\":\"ListItem\",\"position\":4,\"name\":\"Regenzelt reCYCLEd f\u00fcr Urban Arrow Shorty\"}]},{\"@type\":\"WebSite\",\"@id\":\"https:\\\/\\\/clarijs-fietstassen.nl\\\/de\\\/#website\",\"url\":\"https:\\\/\\\/clarijs-fietstassen.nl\\\/de\\\/\",\"name\":\"Clarijs Fietstassen\",\"description\":\"Kwaliteit &amp; ambacht sinds 1948\",\"publisher\":{\"@id\":\"https:\\\/\\\/clarijs-fietstassen.nl\\\/de\\\/#organization\"},\"potentialAction\":[{\"@type\":\"SearchAction\",\"target\":{\"@type\":\"EntryPoint\",\"urlTemplate\":\"https:\\\/\\\/clarijs-fietstassen.nl\\\/de\\\/?s={search_term_string}\"},\"query-input\":{\"@type\":\"PropertyValueSpecification\",\"valueRequired\":true,\"valueName\":\"search_term_string\"}}],\"inLanguage\":\"de\"},{\"@type\":\"Organization\",\"@id\":\"https:\\\/\\\/clarijs-fietstassen.nl\\\/de\\\/#organization\",\"name\":\"Clarijs Fietstassen\",\"url\":\"https:\\\/\\\/clarijs-fietstassen.nl\\\/de\\\/\",\"logo\":{\"@type\":\"ImageObject\",\"inLanguage\":\"de\",\"@id\":\"https:\\\/\\\/clarijs-fietstassen.nl\\\/de\\\/#\\\/schema\\\/logo\\\/image\\\/\",\"url\":\"https:\\\/\\\/clarijs-fietstassen.nl\\\/wp-content\\\/uploads\\\/2024\\\/01\\\/clarijs-logo-met-rand.jpg\",\"contentUrl\":\"https:\\\/\\\/clarijs-fietstassen.nl\\\/wp-content\\\/uploads\\\/2024\\\/01\\\/clarijs-logo-met-rand.jpg\",\"width\":560,\"height\":266,\"caption\":\"Clarijs Fietstassen\"},\"image\":{\"@id\":\"https:\\\/\\\/clarijs-fietstassen.nl\\\/de\\\/#\\\/schema\\\/logo\\\/image\\\/\"},\"sameAs\":[\"https:\\\/\\\/www.facebook.com\\\/clarijs1948\\\/\",\"https:\\\/\\\/www.instagram.com\\\/clarijscovers\\\/\"]}]}<\/script>\n<meta property=\"product:price:amount\" content=\"285.00\" \/>\n<meta property=\"product:price:currency\" content=\"EUR\" \/>\n<meta property=\"og:availability\" content=\"instock\" \/>\n<meta property=\"product:availability\" content=\"instock\" \/>\n<meta property=\"product:retailer_item_id\" content=\"5097\" \/>\n<meta property=\"product:condition\" content=\"new\" \/>\n<!-- \/ Yoast SEO Premium plugin. -->","yoast_head_json":{"title":"Regenzelt reCYCLEd f\u00fcr Urban Arrow Shorty - Clarijs Fietstassen","description":"Das Regenzelt reCYCLEd f\u00fcr Urban Arrow Shorty besteht aus recyceltem PET-Polyester und Nylon PU. Nachhaltig, robust und wasserabweisend. Jetzt bestellen!","robots":{"index":"index","follow":"follow","max-snippet":"max-snippet:-1","max-image-preview":"max-image-preview:large","max-video-preview":"max-video-preview:-1"},"canonical":"https:\/\/clarijs-fietstassen.nl\/de\/produkt\/regenueberdachung-fuer-urban-arrow-shorty\/","og_locale":"de_DE","og_type":"article","og_title":"Regenzelt reCYCLEd f\u00fcr Urban Arrow Shorty","og_description":"Das Regenzelt reCYCLEd f\u00fcr Urban Arrow Shorty besteht aus recyceltem PET-Polyester und Nylon PU. Nachhaltig, robust und wasserabweisend. Jetzt bestellen!","og_url":"https:\/\/clarijs-fietstassen.nl\/de\/produkt\/regenueberdachung-fuer-urban-arrow-shorty\/","og_site_name":"Clarijs Fietstassen","article_publisher":"https:\/\/www.facebook.com\/clarijs1948\/","article_modified_time":"2025-09-24T12:28:35+00:00","og_image":[{"width":1500,"height":1500,"url":"https:\/\/clarijs-fietstassen.nl\/wp-content\/uploads\/2024\/07\/Urban-arrow-shorty-rain-cover.png","type":"image\/png"}],"twitter_card":"summary_large_image","twitter_misc":{"Preis":"&euro;285.00","Verf\u00fcgbarkeit":"Auf Lager"},"schema":{"@context":"https:\/\/schema.org","@graph":[{"@type":"WebPage","@id":"https:\/\/clarijs-fietstassen.nl\/de\/produkt\/regenueberdachung-fuer-urban-arrow-shorty\/","url":"https:\/\/clarijs-fietstassen.nl\/de\/produkt\/regenueberdachung-fuer-urban-arrow-shorty\/","name":"Regenzelt reCYCLEd f\u00fcr Urban Arrow Shorty - Clarijs Fietstassen","isPartOf":{"@id":"https:\/\/clarijs-fietstassen.nl\/de\/#website"},"primaryImageOfPage":{"@id":"https:\/\/clarijs-fietstassen.nl\/de\/produkt\/regenueberdachung-fuer-urban-arrow-shorty\/#primaryimage"},"image":{"@id":"https:\/\/clarijs-fietstassen.nl\/de\/produkt\/regenueberdachung-fuer-urban-arrow-shorty\/#primaryimage"},"thumbnailUrl":"https:\/\/clarijs-fietstassen.nl\/wp-content\/uploads\/2024\/07\/Urban-arrow-shorty-rain-cover.png","datePublished":"2024-07-16T07:30:22+00:00","dateModified":"2025-09-24T12:28:35+00:00","description":"Das Regenzelt reCYCLEd f\u00fcr Urban Arrow Shorty besteht aus recyceltem PET-Polyester und Nylon PU. Nachhaltig, robust und wasserabweisend. Jetzt bestellen!","breadcrumb":{"@id":"https:\/\/clarijs-fietstassen.nl\/de\/produkt\/regenueberdachung-fuer-urban-arrow-shorty\/#breadcrumb"},"inLanguage":"de","potentialAction":[{"@type":"ReadAction","target":["https:\/\/clarijs-fietstassen.nl\/de\/produkt\/regenueberdachung-fuer-urban-arrow-shorty\/"]}]},{"@type":"ImageObject","inLanguage":"de","@id":"https:\/\/clarijs-fietstassen.nl\/de\/produkt\/regenueberdachung-fuer-urban-arrow-shorty\/#primaryimage","url":"https:\/\/clarijs-fietstassen.nl\/wp-content\/uploads\/2024\/07\/Urban-arrow-shorty-rain-cover.png","contentUrl":"https:\/\/clarijs-fietstassen.nl\/wp-content\/uploads\/2024\/07\/Urban-arrow-shorty-rain-cover.png","width":1500,"height":1500,"caption":"Regenzelt f\u00fcr Urban Arrow Shorty"},{"@type":"BreadcrumbList","@id":"https:\/\/clarijs-fietstassen.nl\/de\/produkt\/regenueberdachung-fuer-urban-arrow-shorty\/#breadcrumb","itemListElement":[{"@type":"ListItem","position":1,"name":"Home","item":"https:\/\/clarijs-fietstassen.nl\/de\/"},{"@type":"ListItem","position":2,"name":"Shop","item":"https:\/\/clarijs-fietstassen.nl\/de\/shop\/"},{"@type":"ListItem","position":3,"name":"Urban Arrow","item":"https:\/\/clarijs-fietstassen.nl\/de\/urban-arrow-de\/"},{"@type":"ListItem","position":4,"name":"Regenzelt reCYCLEd f\u00fcr Urban Arrow Shorty"}]},{"@type":"WebSite","@id":"https:\/\/clarijs-fietstassen.nl\/de\/#website","url":"https:\/\/clarijs-fietstassen.nl\/de\/","name":"Clarijs Fietstassen","description":"Kwaliteit &amp; ambacht sinds 1948","publisher":{"@id":"https:\/\/clarijs-fietstassen.nl\/de\/#organization"},"potentialAction":[{"@type":"SearchAction","target":{"@type":"EntryPoint","urlTemplate":"https:\/\/clarijs-fietstassen.nl\/de\/?s={search_term_string}"},"query-input":{"@type":"PropertyValueSpecification","valueRequired":true,"valueName":"search_term_string"}}],"inLanguage":"de"},{"@type":"Organization","@id":"https:\/\/clarijs-fietstassen.nl\/de\/#organization","name":"Clarijs Fietstassen","url":"https:\/\/clarijs-fietstassen.nl\/de\/","logo":{"@type":"ImageObject","inLanguage":"de","@id":"https:\/\/clarijs-fietstassen.nl\/de\/#\/schema\/logo\/image\/","url":"https:\/\/clarijs-fietstassen.nl\/wp-content\/uploads\/2024\/01\/clarijs-logo-met-rand.jpg","contentUrl":"https:\/\/clarijs-fietstassen.nl\/wp-content\/uploads\/2024\/01\/clarijs-logo-met-rand.jpg","width":560,"height":266,"caption":"Clarijs Fietstassen"},"image":{"@id":"https:\/\/clarijs-fietstassen.nl\/de\/#\/schema\/logo\/image\/"},"sameAs":["https:\/\/www.facebook.com\/clarijs1948\/","https:\/\/www.instagram.com\/clarijscovers\/"]}]},"product_price_amount":"285.00","product_price_currency":"EUR","og_availability":"instock","product_availability":"instock","product_retailer_item_id":"5097","product_condition":"new"},"_links":{"self":[{"href":"https:\/\/clarijs-fietstassen.nl\/de\/wp-json\/wp\/v2\/product\/47759","targetHints":{"allow":["GET"]}}],"collection":[{"href":"https:\/\/clarijs-fietstassen.nl\/de\/wp-json\/wp\/v2\/product"}],"about":[{"href":"https:\/\/clarijs-fietstassen.nl\/de\/wp-json\/wp\/v2\/types\/product"}],"replies":[{"embeddable":true,"href":"https:\/\/clarijs-fietstassen.nl\/de\/wp-json\/wp\/v2\/comments?post=47759"}],"wp:featuredmedia":[{"embeddable":true,"href":"https:\/\/clarijs-fietstassen.nl\/de\/wp-json\/wp\/v2\/media\/47760"}],"wp:attachment":[{"href":"https:\/\/clarijs-fietstassen.nl\/de\/wp-json\/wp\/v2\/media?parent=47759"}],"wp:term":[{"taxonomy":"product_brand","embeddable":true,"href":"https:\/\/clarijs-fietstassen.nl\/de\/wp-json\/wp\/v2\/product_brand?post=47759"},{"taxonomy":"product_cat","embeddable":true,"href":"https:\/\/clarijs-fietstassen.nl\/de\/wp-json\/wp\/v2\/product_cat?post=47759"},{"taxonomy":"product_tag","embeddable":true,"href":"https:\/\/clarijs-fietstassen.nl\/de\/wp-json\/wp\/v2\/product_tag?post=47759"}],"curies":[{"name":"wp","href":"https:\/\/api.w.org\/{rel}","templated":true}]}}