{"id":47761,"date":"2024-07-16T09:31:21","date_gmt":"2024-07-16T07:31:21","guid":{"rendered":"https:\/\/clarijs-fietstassen.nl\/abdeckplane-fuer-urban-arrow-shorty\/"},"modified":"2025-09-30T13:51:47","modified_gmt":"2025-09-30T11:51:47","slug":"abdeckplane-fuer-urban-arrow-shorty","status":"publish","type":"product","link":"https:\/\/clarijs-fietstassen.nl\/de\/produkt\/abdeckplane-fuer-urban-arrow-shorty\/","title":{"rendered":"Plane reCYCLEd f\u00fcr Urban Arrow Shorty"},"content":{"rendered":"<p>Die <strong data-start=\"139\" data-end=\"185\">Plane reCYCLEd f\u00fcr Urban Arrow Shorty<\/strong> von Clarijs wird aus <strong data-start=\"213\" data-end=\"256\">100% reCYCLEd Polyester aus PET-Flaschen<\/strong> hergestellt und bietet Ihrem Lastenrad einen langlebigen und wasserdichten Schutz. So bleiben Ihre Ladung und der Kindersitz optimal vor Regen und Wind gesch\u00fctzt, w\u00e4hrend Sie sich f\u00fcr eine umweltfreundliche Alternative entscheiden, die Plastikabf\u00e4llen ein zweites Leben gibt. <\/p>\n<p><strong>Vorteile<\/strong><\/p>\n<ul>\n<li>Hergestellt aus 100 % reCYCLEd Polyester aus PET-Flaschen<\/li>\n<li>Vollst\u00e4ndig <strong>wasserdicht und wetterfest<\/strong><\/li>\n<li>Handgefertigt in Europa<\/li>\n<li>Perfekte Passform f\u00fcr den Urban Arrow Shorty<\/li>\n<\/ul>\n<p><strong>Langlebiges &amp; starkes Material<\/strong><\/p>\n<p data-start=\"1078\" data-end=\"1371\">Durch den Einsatz von 100 % recyceltem Polyester aus PET-Flaschen ist diese Plane besonders robust und absolut wasserdicht. Das Material ist f\u00fcr den t\u00e4glichen Gebrauch konzipiert und sorgt daf\u00fcr, dass Sie und Ihre Ladung auch bei starkem Regen trocken und gesch\u00fctzt bleiben. <\/p>\n<article class=\"text-token-text-primary w-full focus:outline-none scroll-mt-[calc(var(--header-height)+min(200px,max(70px,20svh)))]\" dir=\"auto\" tabindex=\"-1\" data-turn-id=\"request-68b80e62-e1ac-8322-b8eb-985fc2d0a392-0\" data-testid=\"conversation-turn-20\" data-scroll-anchor=\"true\" data-turn=\"assistant\">\n<div class=\"text-base my-auto mx-auto pb-10 [--thread-content-margin:--spacing(4)] @[37rem]:[--thread-content-margin:--spacing(6)] @[72rem]:[--thread-content-margin:--spacing(16)] px-(--thread-content-margin)\">\n<div class=\"[--thread-content-max-width:32rem] @[34rem]:[--thread-content-max-width:40rem] @[64rem]:[--thread-content-max-width:48rem] mx-auto max-w-(--thread-content-max-width) flex-1 group\/turn-messages focus-visible:outline-hidden relative flex w-full min-w-0 flex-col agent-turn\" tabindex=\"-1\">\n<div class=\"flex max-w-full flex-col grow\">\n<div class=\"min-h-8 text-message relative flex w-full flex-col items-end gap-2 text-start break-words whitespace-normal [.text-message+&amp;]:mt-5\" dir=\"auto\" data-message-author-role=\"assistant\" data-message-id=\"3f3d09a3-a713-40be-9ac3-253714d186f0\" data-message-model-slug=\"gpt-5\">\n<div class=\"flex w-full flex-col gap-1 empty:hidden first:pt-[3px]\">\n<div class=\"markdown prose dark:prose-invert w-full break-words light markdown-new-styling\">\n<p data-start=\"54\" data-end=\"264\" data-is-last-node=\"\" data-is-only-node=\"\">Entscheiden Sie sich noch heute f\u00fcr die <strong>Plane reCYCLEd f\u00fcr Urban Arrow Shorty<\/strong>, gefertigt aus 100 % recyceltem Polyester aus PET-Flaschen, und setzen Sie auf nachhaltigen Schutz f\u00fcr Ihr Lastenrad.<\/p>\n<\/div>\n<\/div>\n<\/div>\n<\/div>\n<\/div>\n<\/div>\n<\/article>\n","protected":false},"excerpt":{"rendered":"<p>Die Plane reCYCLEd f\u00fcr Urban Arrow Shorty von Clarijs wird aus 100% reCYCLEd Polyester aus PET-Flaschen hergestellt und bietet Ihrem Lastenrad einen langlebigen und wasserdichten Schutz. So bleiben Ihre Ladung und der Kindersitz optimal vor Regen und Wind gesch\u00fctzt, w\u00e4hrend Sie sich f\u00fcr eine umweltfreundliche Alternative entscheiden, die Plastikabf\u00e4llen ein zweites Leben gibt. Vorteile Hergestellt [&hellip;]<\/p>\n","protected":false},"featured_media":47762,"comment_status":"closed","ping_status":"closed","template":"","meta":{"_acf_changed":false,"_et_pb_use_builder":"","_et_pb_old_content":"","_et_gb_content_width":""},"product_brand":[],"product_cat":[686,689,783,772],"product_tag":[],"class_list":{"0":"post-47761","1":"product","2":"type-product","3":"status-publish","4":"has-post-thumbnail","6":"product_cat-bakfiets-de","7":"product_cat-bakfiets-planen","8":"product_cat-recycled-de","9":"product_cat-urban-arrow-de","10":"pa_geschikt-voor-e-bike-ja-de","11":"pa_kleur-schwarz","12":"pa_materiaal-recyceltes-polyester-aus-pet-flaschen","13":"pa_merk-clarijs-covers-b-v-de","14":"pa_reflectie-nein","16":"first","17":"instock","18":"taxable","19":"shipping-taxable","20":"purchasable","21":"product-type-simple"},"acf":[],"yoast_head":"<!-- This site is optimized with the Yoast SEO Premium plugin v27.2 (Yoast SEO v27.3) - https:\/\/yoast.com\/product\/yoast-seo-premium-wordpress\/ -->\n<title>Plane reCYCLEd f\u00fcr Urban Arrow Shorty - Clarijs Fietstassen<\/title>\n<meta name=\"description\" content=\"Die Plane reCYCLEd f\u00fcr Urban Arrow Shorty besteht aus 100 % recyceltem Polyester aus PET-Flaschen. Nachhaltig, wasserdicht und robust. Jetzt online bestellen!\" \/>\n<meta name=\"robots\" content=\"index, follow, max-snippet:-1, max-image-preview:large, max-video-preview:-1\" \/>\n<link rel=\"canonical\" href=\"https:\/\/clarijs-fietstassen.nl\/de\/produkt\/abdeckplane-fuer-urban-arrow-shorty\/\" \/>\n<meta property=\"og:locale\" content=\"de_DE\" \/>\n<meta property=\"og:type\" content=\"article\" \/>\n<meta property=\"og:title\" content=\"Plane reCYCLEd f\u00fcr Urban Arrow Shorty\" \/>\n<meta property=\"og:description\" content=\"Die Plane reCYCLEd f\u00fcr Urban Arrow Shorty besteht aus 100 % recyceltem Polyester aus PET-Flaschen. Nachhaltig, wasserdicht und robust. Jetzt online bestellen!\" \/>\n<meta property=\"og:url\" content=\"https:\/\/clarijs-fietstassen.nl\/de\/produkt\/abdeckplane-fuer-urban-arrow-shorty\/\" \/>\n<meta property=\"og:site_name\" content=\"Clarijs Fietstassen\" \/>\n<meta property=\"article:publisher\" content=\"https:\/\/www.facebook.com\/clarijs1948\/\" \/>\n<meta property=\"article:modified_time\" content=\"2025-09-30T11:51:47+00:00\" \/>\n<meta property=\"og:image\" content=\"https:\/\/clarijs-fietstassen.nl\/wp-content\/uploads\/2024\/05\/Afdekzeil-voor-urban-arrow-shorty-box-cover-3.png\" \/>\n\t<meta property=\"og:image:width\" content=\"1000\" \/>\n\t<meta property=\"og:image:height\" content=\"1000\" \/>\n\t<meta property=\"og:image:type\" content=\"image\/png\" \/>\n<meta name=\"twitter:card\" content=\"summary_large_image\" \/>\n<meta name=\"twitter:label1\" content=\"Preis\" \/>\n\t<meta name=\"twitter:data1\" content=\"&euro;109.00\" \/>\n\t<meta name=\"twitter:label2\" content=\"Verf\u00fcgbarkeit\" \/>\n\t<meta name=\"twitter:data2\" content=\"Auf Lager\" \/>\n<script type=\"application\/ld+json\" class=\"yoast-schema-graph\">{\"@context\":\"https:\\\/\\\/schema.org\",\"@graph\":[{\"@type\":\"WebPage\",\"@id\":\"https:\\\/\\\/clarijs-fietstassen.nl\\\/de\\\/produkt\\\/abdeckplane-fuer-urban-arrow-shorty\\\/\",\"url\":\"https:\\\/\\\/clarijs-fietstassen.nl\\\/de\\\/produkt\\\/abdeckplane-fuer-urban-arrow-shorty\\\/\",\"name\":\"Plane reCYCLEd f\u00fcr Urban Arrow Shorty - Clarijs Fietstassen\",\"isPartOf\":{\"@id\":\"https:\\\/\\\/clarijs-fietstassen.nl\\\/de\\\/#website\"},\"primaryImageOfPage\":{\"@id\":\"https:\\\/\\\/clarijs-fietstassen.nl\\\/de\\\/produkt\\\/abdeckplane-fuer-urban-arrow-shorty\\\/#primaryimage\"},\"image\":{\"@id\":\"https:\\\/\\\/clarijs-fietstassen.nl\\\/de\\\/produkt\\\/abdeckplane-fuer-urban-arrow-shorty\\\/#primaryimage\"},\"thumbnailUrl\":\"https:\\\/\\\/clarijs-fietstassen.nl\\\/wp-content\\\/uploads\\\/2024\\\/05\\\/Afdekzeil-voor-urban-arrow-shorty-box-cover-3.png\",\"datePublished\":\"2024-07-16T07:31:21+00:00\",\"dateModified\":\"2025-09-30T11:51:47+00:00\",\"description\":\"Die Plane reCYCLEd f\u00fcr Urban Arrow Shorty besteht aus 100 % recyceltem Polyester aus PET-Flaschen. Nachhaltig, wasserdicht und robust. Jetzt online bestellen!\",\"breadcrumb\":{\"@id\":\"https:\\\/\\\/clarijs-fietstassen.nl\\\/de\\\/produkt\\\/abdeckplane-fuer-urban-arrow-shorty\\\/#breadcrumb\"},\"inLanguage\":\"de\",\"potentialAction\":[{\"@type\":\"ReadAction\",\"target\":[\"https:\\\/\\\/clarijs-fietstassen.nl\\\/de\\\/produkt\\\/abdeckplane-fuer-urban-arrow-shorty\\\/\"]}]},{\"@type\":\"ImageObject\",\"inLanguage\":\"de\",\"@id\":\"https:\\\/\\\/clarijs-fietstassen.nl\\\/de\\\/produkt\\\/abdeckplane-fuer-urban-arrow-shorty\\\/#primaryimage\",\"url\":\"https:\\\/\\\/clarijs-fietstassen.nl\\\/wp-content\\\/uploads\\\/2024\\\/05\\\/Afdekzeil-voor-urban-arrow-shorty-box-cover-3.png\",\"contentUrl\":\"https:\\\/\\\/clarijs-fietstassen.nl\\\/wp-content\\\/uploads\\\/2024\\\/05\\\/Afdekzeil-voor-urban-arrow-shorty-box-cover-3.png\",\"width\":1000,\"height\":1000,\"caption\":\"Plane f\u00fcr Urban Arrow Shorty\"},{\"@type\":\"BreadcrumbList\",\"@id\":\"https:\\\/\\\/clarijs-fietstassen.nl\\\/de\\\/produkt\\\/abdeckplane-fuer-urban-arrow-shorty\\\/#breadcrumb\",\"itemListElement\":[{\"@type\":\"ListItem\",\"position\":1,\"name\":\"Home\",\"item\":\"https:\\\/\\\/clarijs-fietstassen.nl\\\/de\\\/\"},{\"@type\":\"ListItem\",\"position\":2,\"name\":\"Shop\",\"item\":\"https:\\\/\\\/clarijs-fietstassen.nl\\\/de\\\/shop\\\/\"},{\"@type\":\"ListItem\",\"position\":3,\"name\":\"Urban Arrow\",\"item\":\"https:\\\/\\\/clarijs-fietstassen.nl\\\/de\\\/urban-arrow-de\\\/\"},{\"@type\":\"ListItem\",\"position\":4,\"name\":\"Plane reCYCLEd f\u00fcr Urban Arrow Shorty\"}]},{\"@type\":\"WebSite\",\"@id\":\"https:\\\/\\\/clarijs-fietstassen.nl\\\/de\\\/#website\",\"url\":\"https:\\\/\\\/clarijs-fietstassen.nl\\\/de\\\/\",\"name\":\"Clarijs Fietstassen\",\"description\":\"Kwaliteit &amp; ambacht sinds 1948\",\"publisher\":{\"@id\":\"https:\\\/\\\/clarijs-fietstassen.nl\\\/de\\\/#organization\"},\"potentialAction\":[{\"@type\":\"SearchAction\",\"target\":{\"@type\":\"EntryPoint\",\"urlTemplate\":\"https:\\\/\\\/clarijs-fietstassen.nl\\\/de\\\/?s={search_term_string}\"},\"query-input\":{\"@type\":\"PropertyValueSpecification\",\"valueRequired\":true,\"valueName\":\"search_term_string\"}}],\"inLanguage\":\"de\"},{\"@type\":\"Organization\",\"@id\":\"https:\\\/\\\/clarijs-fietstassen.nl\\\/de\\\/#organization\",\"name\":\"Clarijs Fietstassen\",\"url\":\"https:\\\/\\\/clarijs-fietstassen.nl\\\/de\\\/\",\"logo\":{\"@type\":\"ImageObject\",\"inLanguage\":\"de\",\"@id\":\"https:\\\/\\\/clarijs-fietstassen.nl\\\/de\\\/#\\\/schema\\\/logo\\\/image\\\/\",\"url\":\"https:\\\/\\\/clarijs-fietstassen.nl\\\/wp-content\\\/uploads\\\/2024\\\/01\\\/clarijs-logo-met-rand.jpg\",\"contentUrl\":\"https:\\\/\\\/clarijs-fietstassen.nl\\\/wp-content\\\/uploads\\\/2024\\\/01\\\/clarijs-logo-met-rand.jpg\",\"width\":560,\"height\":266,\"caption\":\"Clarijs Fietstassen\"},\"image\":{\"@id\":\"https:\\\/\\\/clarijs-fietstassen.nl\\\/de\\\/#\\\/schema\\\/logo\\\/image\\\/\"},\"sameAs\":[\"https:\\\/\\\/www.facebook.com\\\/clarijs1948\\\/\",\"https:\\\/\\\/www.instagram.com\\\/clarijscovers\\\/\"]}]}<\/script>\n<meta property=\"product:price:amount\" content=\"109.00\" \/>\n<meta property=\"product:price:currency\" content=\"EUR\" \/>\n<meta property=\"og:availability\" content=\"instock\" \/>\n<meta property=\"product:availability\" content=\"instock\" \/>\n<meta property=\"product:retailer_item_id\" content=\"5096\" \/>\n<meta property=\"product:condition\" content=\"new\" \/>\n<!-- \/ Yoast SEO Premium plugin. -->","yoast_head_json":{"title":"Plane reCYCLEd f\u00fcr Urban Arrow Shorty - Clarijs Fietstassen","description":"Die Plane reCYCLEd f\u00fcr Urban Arrow Shorty besteht aus 100 % recyceltem Polyester aus PET-Flaschen. Nachhaltig, wasserdicht und robust. Jetzt online bestellen!","robots":{"index":"index","follow":"follow","max-snippet":"max-snippet:-1","max-image-preview":"max-image-preview:large","max-video-preview":"max-video-preview:-1"},"canonical":"https:\/\/clarijs-fietstassen.nl\/de\/produkt\/abdeckplane-fuer-urban-arrow-shorty\/","og_locale":"de_DE","og_type":"article","og_title":"Plane reCYCLEd f\u00fcr Urban Arrow Shorty","og_description":"Die Plane reCYCLEd f\u00fcr Urban Arrow Shorty besteht aus 100 % recyceltem Polyester aus PET-Flaschen. Nachhaltig, wasserdicht und robust. Jetzt online bestellen!","og_url":"https:\/\/clarijs-fietstassen.nl\/de\/produkt\/abdeckplane-fuer-urban-arrow-shorty\/","og_site_name":"Clarijs Fietstassen","article_publisher":"https:\/\/www.facebook.com\/clarijs1948\/","article_modified_time":"2025-09-30T11:51:47+00:00","og_image":[{"width":1000,"height":1000,"url":"https:\/\/clarijs-fietstassen.nl\/wp-content\/uploads\/2024\/05\/Afdekzeil-voor-urban-arrow-shorty-box-cover-3.png","type":"image\/png"}],"twitter_card":"summary_large_image","twitter_misc":{"Preis":"&euro;109.00","Verf\u00fcgbarkeit":"Auf Lager"},"schema":{"@context":"https:\/\/schema.org","@graph":[{"@type":"WebPage","@id":"https:\/\/clarijs-fietstassen.nl\/de\/produkt\/abdeckplane-fuer-urban-arrow-shorty\/","url":"https:\/\/clarijs-fietstassen.nl\/de\/produkt\/abdeckplane-fuer-urban-arrow-shorty\/","name":"Plane reCYCLEd f\u00fcr Urban Arrow Shorty - Clarijs Fietstassen","isPartOf":{"@id":"https:\/\/clarijs-fietstassen.nl\/de\/#website"},"primaryImageOfPage":{"@id":"https:\/\/clarijs-fietstassen.nl\/de\/produkt\/abdeckplane-fuer-urban-arrow-shorty\/#primaryimage"},"image":{"@id":"https:\/\/clarijs-fietstassen.nl\/de\/produkt\/abdeckplane-fuer-urban-arrow-shorty\/#primaryimage"},"thumbnailUrl":"https:\/\/clarijs-fietstassen.nl\/wp-content\/uploads\/2024\/05\/Afdekzeil-voor-urban-arrow-shorty-box-cover-3.png","datePublished":"2024-07-16T07:31:21+00:00","dateModified":"2025-09-30T11:51:47+00:00","description":"Die Plane reCYCLEd f\u00fcr Urban Arrow Shorty besteht aus 100 % recyceltem Polyester aus PET-Flaschen. Nachhaltig, wasserdicht und robust. Jetzt online bestellen!","breadcrumb":{"@id":"https:\/\/clarijs-fietstassen.nl\/de\/produkt\/abdeckplane-fuer-urban-arrow-shorty\/#breadcrumb"},"inLanguage":"de","potentialAction":[{"@type":"ReadAction","target":["https:\/\/clarijs-fietstassen.nl\/de\/produkt\/abdeckplane-fuer-urban-arrow-shorty\/"]}]},{"@type":"ImageObject","inLanguage":"de","@id":"https:\/\/clarijs-fietstassen.nl\/de\/produkt\/abdeckplane-fuer-urban-arrow-shorty\/#primaryimage","url":"https:\/\/clarijs-fietstassen.nl\/wp-content\/uploads\/2024\/05\/Afdekzeil-voor-urban-arrow-shorty-box-cover-3.png","contentUrl":"https:\/\/clarijs-fietstassen.nl\/wp-content\/uploads\/2024\/05\/Afdekzeil-voor-urban-arrow-shorty-box-cover-3.png","width":1000,"height":1000,"caption":"Plane f\u00fcr Urban Arrow Shorty"},{"@type":"BreadcrumbList","@id":"https:\/\/clarijs-fietstassen.nl\/de\/produkt\/abdeckplane-fuer-urban-arrow-shorty\/#breadcrumb","itemListElement":[{"@type":"ListItem","position":1,"name":"Home","item":"https:\/\/clarijs-fietstassen.nl\/de\/"},{"@type":"ListItem","position":2,"name":"Shop","item":"https:\/\/clarijs-fietstassen.nl\/de\/shop\/"},{"@type":"ListItem","position":3,"name":"Urban Arrow","item":"https:\/\/clarijs-fietstassen.nl\/de\/urban-arrow-de\/"},{"@type":"ListItem","position":4,"name":"Plane reCYCLEd f\u00fcr Urban Arrow Shorty"}]},{"@type":"WebSite","@id":"https:\/\/clarijs-fietstassen.nl\/de\/#website","url":"https:\/\/clarijs-fietstassen.nl\/de\/","name":"Clarijs Fietstassen","description":"Kwaliteit &amp; ambacht sinds 1948","publisher":{"@id":"https:\/\/clarijs-fietstassen.nl\/de\/#organization"},"potentialAction":[{"@type":"SearchAction","target":{"@type":"EntryPoint","urlTemplate":"https:\/\/clarijs-fietstassen.nl\/de\/?s={search_term_string}"},"query-input":{"@type":"PropertyValueSpecification","valueRequired":true,"valueName":"search_term_string"}}],"inLanguage":"de"},{"@type":"Organization","@id":"https:\/\/clarijs-fietstassen.nl\/de\/#organization","name":"Clarijs Fietstassen","url":"https:\/\/clarijs-fietstassen.nl\/de\/","logo":{"@type":"ImageObject","inLanguage":"de","@id":"https:\/\/clarijs-fietstassen.nl\/de\/#\/schema\/logo\/image\/","url":"https:\/\/clarijs-fietstassen.nl\/wp-content\/uploads\/2024\/01\/clarijs-logo-met-rand.jpg","contentUrl":"https:\/\/clarijs-fietstassen.nl\/wp-content\/uploads\/2024\/01\/clarijs-logo-met-rand.jpg","width":560,"height":266,"caption":"Clarijs Fietstassen"},"image":{"@id":"https:\/\/clarijs-fietstassen.nl\/de\/#\/schema\/logo\/image\/"},"sameAs":["https:\/\/www.facebook.com\/clarijs1948\/","https:\/\/www.instagram.com\/clarijscovers\/"]}]},"product_price_amount":"109.00","product_price_currency":"EUR","og_availability":"instock","product_availability":"instock","product_retailer_item_id":"5096","product_condition":"new"},"_links":{"self":[{"href":"https:\/\/clarijs-fietstassen.nl\/de\/wp-json\/wp\/v2\/product\/47761","targetHints":{"allow":["GET"]}}],"collection":[{"href":"https:\/\/clarijs-fietstassen.nl\/de\/wp-json\/wp\/v2\/product"}],"about":[{"href":"https:\/\/clarijs-fietstassen.nl\/de\/wp-json\/wp\/v2\/types\/product"}],"replies":[{"embeddable":true,"href":"https:\/\/clarijs-fietstassen.nl\/de\/wp-json\/wp\/v2\/comments?post=47761"}],"wp:featuredmedia":[{"embeddable":true,"href":"https:\/\/clarijs-fietstassen.nl\/de\/wp-json\/wp\/v2\/media\/47762"}],"wp:attachment":[{"href":"https:\/\/clarijs-fietstassen.nl\/de\/wp-json\/wp\/v2\/media?parent=47761"}],"wp:term":[{"taxonomy":"product_brand","embeddable":true,"href":"https:\/\/clarijs-fietstassen.nl\/de\/wp-json\/wp\/v2\/product_brand?post=47761"},{"taxonomy":"product_cat","embeddable":true,"href":"https:\/\/clarijs-fietstassen.nl\/de\/wp-json\/wp\/v2\/product_cat?post=47761"},{"taxonomy":"product_tag","embeddable":true,"href":"https:\/\/clarijs-fietstassen.nl\/de\/wp-json\/wp\/v2\/product_tag?post=47761"}],"curies":[{"name":"wp","href":"https:\/\/api.w.org\/{rel}","templated":true}]}}