{"id":47764,"date":"2024-07-16T13:19:54","date_gmt":"2024-07-16T11:19:54","guid":{"rendered":"https:\/\/clarijs-fietstassen.nl\/wasserabweisendes-spray-von-collonil-carbon-pro\/"},"modified":"2025-02-17T13:17:31","modified_gmt":"2025-02-17T12:17:31","slug":"wasserabweisendes-spray-von-collonil-carbon-pro","status":"publish","type":"product","link":"https:\/\/clarijs-fietstassen.nl\/de\/produkt\/wasserabweisendes-spray-von-collonil-carbon-pro\/","title":{"rendered":"Wasserabweisendes Spray von Collonil Carbon Pro"},"content":{"rendered":"<p><strong>Zus\u00e4tzlicher Schutz f\u00fcr Ihre Gep\u00e4cktr\u00e4gertasche!<\/strong><\/p>\n<p>Im Handumdrehen werden Sie alle Ihre Taschen vor Feuchtigkeit, Schmutz und Flecken sch\u00fctzen. Wie kann das geschehen? Das einzigartige Carbon-Spray bildet eine Membran \u00fcber den N\u00e4hten der Tasche. Dies gew\u00e4hrleistet einen langfristigen Schutz: Feuchtigkeit und Schmutz k\u00f6nnen nicht in das Material eindringen und Wassertropfen perlen ab. Collonil Carbon Pro ist f\u00fcr jedes Material geeignet und funktioniert bei vielen verschiedenen Produkten. Sch\u00fctzen Sie Ihre Packtasche mit Collonil Carbon Pro!    <\/p>\n","protected":false},"excerpt":{"rendered":"<p>Zus\u00e4tzlicher Schutz f\u00fcr Ihre Gep\u00e4cktr\u00e4gertasche! Im Handumdrehen werden Sie alle Ihre Taschen vor Feuchtigkeit, Schmutz und Flecken sch\u00fctzen. Wie kann das geschehen? Das einzigartige Carbon-Spray bildet eine Membran \u00fcber den N\u00e4hten der Tasche. Dies gew\u00e4hrleistet einen langfristigen Schutz: Feuchtigkeit und Schmutz k\u00f6nnen nicht in das Material eindringen und Wassertropfen perlen ab. Collonil Carbon Pro ist [&hellip;]<\/p>\n","protected":false},"featured_media":47765,"comment_status":"closed","ping_status":"closed","template":"","meta":{"_acf_changed":false,"_et_pb_use_builder":"","_et_pb_old_content":"","_et_gb_content_width":""},"product_brand":[],"product_cat":[723,684],"product_tag":[],"class_list":{"0":"post-47764","1":"product","2":"type-product","3":"status-publish","4":"has-post-thumbnail","6":"product_cat-fahrradzubehor","7":"product_cat-zubehor","8":"pa_geschikt-voor-e-bike-ja-de","10":"first","11":"instock","12":"taxable","13":"shipping-taxable","14":"purchasable","15":"product-type-simple"},"acf":[],"yoast_head":"<!-- This site is optimized with the Yoast SEO Premium plugin v27.2 (Yoast SEO v27.3) - https:\/\/yoast.com\/product\/yoast-seo-premium-wordpress\/ -->\n<title>Wasserabweisendes Spray von Collonil Carbon Pro - Clarijs Fietstassen<\/title>\n<meta name=\"description\" content=\"Collonil Carbon Pro Spray macht Materialien wasserabweisend und sch\u00fctzt sie vor Feuchtigkeit, Schmutz und Flecken. Geeignet f\u00fcr verschiedene Materialien.\" \/>\n<meta name=\"robots\" content=\"index, follow, max-snippet:-1, max-image-preview:large, max-video-preview:-1\" \/>\n<link rel=\"canonical\" href=\"https:\/\/clarijs-fietstassen.nl\/de\/produkt\/wasserabweisendes-spray-von-collonil-carbon-pro\/\" \/>\n<meta property=\"og:locale\" content=\"de_DE\" \/>\n<meta property=\"og:type\" content=\"article\" \/>\n<meta property=\"og:title\" content=\"Wasserabweisendes Spray von Collonil Carbon Pro\" \/>\n<meta property=\"og:description\" content=\"Collonil Carbon Pro Spray macht Materialien wasserabweisend und sch\u00fctzt sie vor Feuchtigkeit, Schmutz und Flecken. Geeignet f\u00fcr verschiedene Materialien.\" \/>\n<meta property=\"og:url\" content=\"https:\/\/clarijs-fietstassen.nl\/de\/produkt\/wasserabweisendes-spray-von-collonil-carbon-pro\/\" \/>\n<meta property=\"og:site_name\" content=\"Clarijs Fietstassen\" \/>\n<meta property=\"article:publisher\" content=\"https:\/\/www.facebook.com\/clarijs1948\/\" \/>\n<meta property=\"article:modified_time\" content=\"2025-02-17T12:17:31+00:00\" \/>\n<meta property=\"og:image\" content=\"https:\/\/clarijs-fietstassen.nl\/wp-content\/uploads\/2024\/07\/collonil-carbon-pro-125ml.jpg\" \/>\n\t<meta property=\"og:image:width\" content=\"1000\" \/>\n\t<meta property=\"og:image:height\" content=\"1000\" \/>\n\t<meta property=\"og:image:type\" content=\"image\/jpeg\" \/>\n<meta name=\"twitter:card\" content=\"summary_large_image\" \/>\n<meta name=\"twitter:label1\" content=\"Preis\" \/>\n\t<meta name=\"twitter:data1\" content=\"&euro;16.99\" \/>\n\t<meta name=\"twitter:label2\" content=\"Verf\u00fcgbarkeit\" \/>\n\t<meta name=\"twitter:data2\" content=\"Auf Lager\" \/>\n<script type=\"application\/ld+json\" class=\"yoast-schema-graph\">{\"@context\":\"https:\\\/\\\/schema.org\",\"@graph\":[{\"@type\":\"WebPage\",\"@id\":\"https:\\\/\\\/clarijs-fietstassen.nl\\\/de\\\/produkt\\\/wasserabweisendes-spray-von-collonil-carbon-pro\\\/\",\"url\":\"https:\\\/\\\/clarijs-fietstassen.nl\\\/de\\\/produkt\\\/wasserabweisendes-spray-von-collonil-carbon-pro\\\/\",\"name\":\"Wasserabweisendes Spray von Collonil Carbon Pro - Clarijs Fietstassen\",\"isPartOf\":{\"@id\":\"https:\\\/\\\/clarijs-fietstassen.nl\\\/de\\\/#website\"},\"primaryImageOfPage\":{\"@id\":\"https:\\\/\\\/clarijs-fietstassen.nl\\\/de\\\/produkt\\\/wasserabweisendes-spray-von-collonil-carbon-pro\\\/#primaryimage\"},\"image\":{\"@id\":\"https:\\\/\\\/clarijs-fietstassen.nl\\\/de\\\/produkt\\\/wasserabweisendes-spray-von-collonil-carbon-pro\\\/#primaryimage\"},\"thumbnailUrl\":\"https:\\\/\\\/clarijs-fietstassen.nl\\\/wp-content\\\/uploads\\\/2024\\\/07\\\/collonil-carbon-pro-125ml.jpg\",\"datePublished\":\"2024-07-16T11:19:54+00:00\",\"dateModified\":\"2025-02-17T12:17:31+00:00\",\"description\":\"Collonil Carbon Pro Spray macht Materialien wasserabweisend und sch\u00fctzt sie vor Feuchtigkeit, Schmutz und Flecken. Geeignet f\u00fcr verschiedene Materialien.\",\"breadcrumb\":{\"@id\":\"https:\\\/\\\/clarijs-fietstassen.nl\\\/de\\\/produkt\\\/wasserabweisendes-spray-von-collonil-carbon-pro\\\/#breadcrumb\"},\"inLanguage\":\"de\",\"potentialAction\":[{\"@type\":\"ReadAction\",\"target\":[\"https:\\\/\\\/clarijs-fietstassen.nl\\\/de\\\/produkt\\\/wasserabweisendes-spray-von-collonil-carbon-pro\\\/\"]}]},{\"@type\":\"ImageObject\",\"inLanguage\":\"de\",\"@id\":\"https:\\\/\\\/clarijs-fietstassen.nl\\\/de\\\/produkt\\\/wasserabweisendes-spray-von-collonil-carbon-pro\\\/#primaryimage\",\"url\":\"https:\\\/\\\/clarijs-fietstassen.nl\\\/wp-content\\\/uploads\\\/2024\\\/07\\\/collonil-carbon-pro-125ml.jpg\",\"contentUrl\":\"https:\\\/\\\/clarijs-fietstassen.nl\\\/wp-content\\\/uploads\\\/2024\\\/07\\\/collonil-carbon-pro-125ml.jpg\",\"width\":1000,\"height\":1000,\"caption\":\"Collonil Carbon Pro\"},{\"@type\":\"BreadcrumbList\",\"@id\":\"https:\\\/\\\/clarijs-fietstassen.nl\\\/de\\\/produkt\\\/wasserabweisendes-spray-von-collonil-carbon-pro\\\/#breadcrumb\",\"itemListElement\":[{\"@type\":\"ListItem\",\"position\":1,\"name\":\"Home\",\"item\":\"https:\\\/\\\/clarijs-fietstassen.nl\\\/de\\\/\"},{\"@type\":\"ListItem\",\"position\":2,\"name\":\"Shop\",\"item\":\"https:\\\/\\\/clarijs-fietstassen.nl\\\/de\\\/shop\\\/\"},{\"@type\":\"ListItem\",\"position\":3,\"name\":\"Accessoires\",\"item\":\"https:\\\/\\\/clarijs-fietstassen.nl\\\/accessoires\\\/\"},{\"@type\":\"ListItem\",\"position\":4,\"name\":\"Wasserabweisendes Spray von Collonil Carbon Pro\"}]},{\"@type\":\"WebSite\",\"@id\":\"https:\\\/\\\/clarijs-fietstassen.nl\\\/de\\\/#website\",\"url\":\"https:\\\/\\\/clarijs-fietstassen.nl\\\/de\\\/\",\"name\":\"Clarijs Fietstassen\",\"description\":\"Kwaliteit &amp; ambacht sinds 1948\",\"publisher\":{\"@id\":\"https:\\\/\\\/clarijs-fietstassen.nl\\\/de\\\/#organization\"},\"potentialAction\":[{\"@type\":\"SearchAction\",\"target\":{\"@type\":\"EntryPoint\",\"urlTemplate\":\"https:\\\/\\\/clarijs-fietstassen.nl\\\/de\\\/?s={search_term_string}\"},\"query-input\":{\"@type\":\"PropertyValueSpecification\",\"valueRequired\":true,\"valueName\":\"search_term_string\"}}],\"inLanguage\":\"de\"},{\"@type\":\"Organization\",\"@id\":\"https:\\\/\\\/clarijs-fietstassen.nl\\\/de\\\/#organization\",\"name\":\"Clarijs Fietstassen\",\"url\":\"https:\\\/\\\/clarijs-fietstassen.nl\\\/de\\\/\",\"logo\":{\"@type\":\"ImageObject\",\"inLanguage\":\"de\",\"@id\":\"https:\\\/\\\/clarijs-fietstassen.nl\\\/de\\\/#\\\/schema\\\/logo\\\/image\\\/\",\"url\":\"https:\\\/\\\/clarijs-fietstassen.nl\\\/wp-content\\\/uploads\\\/2024\\\/01\\\/clarijs-logo-met-rand.jpg\",\"contentUrl\":\"https:\\\/\\\/clarijs-fietstassen.nl\\\/wp-content\\\/uploads\\\/2024\\\/01\\\/clarijs-logo-met-rand.jpg\",\"width\":560,\"height\":266,\"caption\":\"Clarijs Fietstassen\"},\"image\":{\"@id\":\"https:\\\/\\\/clarijs-fietstassen.nl\\\/de\\\/#\\\/schema\\\/logo\\\/image\\\/\"},\"sameAs\":[\"https:\\\/\\\/www.facebook.com\\\/clarijs1948\\\/\",\"https:\\\/\\\/www.instagram.com\\\/clarijscovers\\\/\"]}]}<\/script>\n<meta property=\"product:price:amount\" content=\"16.99\" \/>\n<meta property=\"product:price:currency\" content=\"EUR\" \/>\n<meta property=\"og:availability\" content=\"instock\" \/>\n<meta property=\"product:availability\" content=\"instock\" \/>\n<meta property=\"product:retailer_item_id\" content=\"4076\" \/>\n<meta property=\"product:condition\" content=\"new\" \/>\n<!-- \/ Yoast SEO Premium plugin. -->","yoast_head_json":{"title":"Wasserabweisendes Spray von Collonil Carbon Pro - Clarijs Fietstassen","description":"Collonil Carbon Pro Spray macht Materialien wasserabweisend und sch\u00fctzt sie vor Feuchtigkeit, Schmutz und Flecken. Geeignet f\u00fcr verschiedene Materialien.","robots":{"index":"index","follow":"follow","max-snippet":"max-snippet:-1","max-image-preview":"max-image-preview:large","max-video-preview":"max-video-preview:-1"},"canonical":"https:\/\/clarijs-fietstassen.nl\/de\/produkt\/wasserabweisendes-spray-von-collonil-carbon-pro\/","og_locale":"de_DE","og_type":"article","og_title":"Wasserabweisendes Spray von Collonil Carbon Pro","og_description":"Collonil Carbon Pro Spray macht Materialien wasserabweisend und sch\u00fctzt sie vor Feuchtigkeit, Schmutz und Flecken. Geeignet f\u00fcr verschiedene Materialien.","og_url":"https:\/\/clarijs-fietstassen.nl\/de\/produkt\/wasserabweisendes-spray-von-collonil-carbon-pro\/","og_site_name":"Clarijs Fietstassen","article_publisher":"https:\/\/www.facebook.com\/clarijs1948\/","article_modified_time":"2025-02-17T12:17:31+00:00","og_image":[{"width":1000,"height":1000,"url":"https:\/\/clarijs-fietstassen.nl\/wp-content\/uploads\/2024\/07\/collonil-carbon-pro-125ml.jpg","type":"image\/jpeg"}],"twitter_card":"summary_large_image","twitter_misc":{"Preis":"&euro;16.99","Verf\u00fcgbarkeit":"Auf Lager"},"schema":{"@context":"https:\/\/schema.org","@graph":[{"@type":"WebPage","@id":"https:\/\/clarijs-fietstassen.nl\/de\/produkt\/wasserabweisendes-spray-von-collonil-carbon-pro\/","url":"https:\/\/clarijs-fietstassen.nl\/de\/produkt\/wasserabweisendes-spray-von-collonil-carbon-pro\/","name":"Wasserabweisendes Spray von Collonil Carbon Pro - Clarijs Fietstassen","isPartOf":{"@id":"https:\/\/clarijs-fietstassen.nl\/de\/#website"},"primaryImageOfPage":{"@id":"https:\/\/clarijs-fietstassen.nl\/de\/produkt\/wasserabweisendes-spray-von-collonil-carbon-pro\/#primaryimage"},"image":{"@id":"https:\/\/clarijs-fietstassen.nl\/de\/produkt\/wasserabweisendes-spray-von-collonil-carbon-pro\/#primaryimage"},"thumbnailUrl":"https:\/\/clarijs-fietstassen.nl\/wp-content\/uploads\/2024\/07\/collonil-carbon-pro-125ml.jpg","datePublished":"2024-07-16T11:19:54+00:00","dateModified":"2025-02-17T12:17:31+00:00","description":"Collonil Carbon Pro Spray macht Materialien wasserabweisend und sch\u00fctzt sie vor Feuchtigkeit, Schmutz und Flecken. Geeignet f\u00fcr verschiedene Materialien.","breadcrumb":{"@id":"https:\/\/clarijs-fietstassen.nl\/de\/produkt\/wasserabweisendes-spray-von-collonil-carbon-pro\/#breadcrumb"},"inLanguage":"de","potentialAction":[{"@type":"ReadAction","target":["https:\/\/clarijs-fietstassen.nl\/de\/produkt\/wasserabweisendes-spray-von-collonil-carbon-pro\/"]}]},{"@type":"ImageObject","inLanguage":"de","@id":"https:\/\/clarijs-fietstassen.nl\/de\/produkt\/wasserabweisendes-spray-von-collonil-carbon-pro\/#primaryimage","url":"https:\/\/clarijs-fietstassen.nl\/wp-content\/uploads\/2024\/07\/collonil-carbon-pro-125ml.jpg","contentUrl":"https:\/\/clarijs-fietstassen.nl\/wp-content\/uploads\/2024\/07\/collonil-carbon-pro-125ml.jpg","width":1000,"height":1000,"caption":"Collonil Carbon Pro"},{"@type":"BreadcrumbList","@id":"https:\/\/clarijs-fietstassen.nl\/de\/produkt\/wasserabweisendes-spray-von-collonil-carbon-pro\/#breadcrumb","itemListElement":[{"@type":"ListItem","position":1,"name":"Home","item":"https:\/\/clarijs-fietstassen.nl\/de\/"},{"@type":"ListItem","position":2,"name":"Shop","item":"https:\/\/clarijs-fietstassen.nl\/de\/shop\/"},{"@type":"ListItem","position":3,"name":"Accessoires","item":"https:\/\/clarijs-fietstassen.nl\/accessoires\/"},{"@type":"ListItem","position":4,"name":"Wasserabweisendes Spray von Collonil Carbon Pro"}]},{"@type":"WebSite","@id":"https:\/\/clarijs-fietstassen.nl\/de\/#website","url":"https:\/\/clarijs-fietstassen.nl\/de\/","name":"Clarijs Fietstassen","description":"Kwaliteit &amp; ambacht sinds 1948","publisher":{"@id":"https:\/\/clarijs-fietstassen.nl\/de\/#organization"},"potentialAction":[{"@type":"SearchAction","target":{"@type":"EntryPoint","urlTemplate":"https:\/\/clarijs-fietstassen.nl\/de\/?s={search_term_string}"},"query-input":{"@type":"PropertyValueSpecification","valueRequired":true,"valueName":"search_term_string"}}],"inLanguage":"de"},{"@type":"Organization","@id":"https:\/\/clarijs-fietstassen.nl\/de\/#organization","name":"Clarijs Fietstassen","url":"https:\/\/clarijs-fietstassen.nl\/de\/","logo":{"@type":"ImageObject","inLanguage":"de","@id":"https:\/\/clarijs-fietstassen.nl\/de\/#\/schema\/logo\/image\/","url":"https:\/\/clarijs-fietstassen.nl\/wp-content\/uploads\/2024\/01\/clarijs-logo-met-rand.jpg","contentUrl":"https:\/\/clarijs-fietstassen.nl\/wp-content\/uploads\/2024\/01\/clarijs-logo-met-rand.jpg","width":560,"height":266,"caption":"Clarijs Fietstassen"},"image":{"@id":"https:\/\/clarijs-fietstassen.nl\/de\/#\/schema\/logo\/image\/"},"sameAs":["https:\/\/www.facebook.com\/clarijs1948\/","https:\/\/www.instagram.com\/clarijscovers\/"]}]},"product_price_amount":"16.99","product_price_currency":"EUR","og_availability":"instock","product_availability":"instock","product_retailer_item_id":"4076","product_condition":"new"},"_links":{"self":[{"href":"https:\/\/clarijs-fietstassen.nl\/de\/wp-json\/wp\/v2\/product\/47764","targetHints":{"allow":["GET"]}}],"collection":[{"href":"https:\/\/clarijs-fietstassen.nl\/de\/wp-json\/wp\/v2\/product"}],"about":[{"href":"https:\/\/clarijs-fietstassen.nl\/de\/wp-json\/wp\/v2\/types\/product"}],"replies":[{"embeddable":true,"href":"https:\/\/clarijs-fietstassen.nl\/de\/wp-json\/wp\/v2\/comments?post=47764"}],"wp:featuredmedia":[{"embeddable":true,"href":"https:\/\/clarijs-fietstassen.nl\/de\/wp-json\/wp\/v2\/media\/47765"}],"wp:attachment":[{"href":"https:\/\/clarijs-fietstassen.nl\/de\/wp-json\/wp\/v2\/media?parent=47764"}],"wp:term":[{"taxonomy":"product_brand","embeddable":true,"href":"https:\/\/clarijs-fietstassen.nl\/de\/wp-json\/wp\/v2\/product_brand?post=47764"},{"taxonomy":"product_cat","embeddable":true,"href":"https:\/\/clarijs-fietstassen.nl\/de\/wp-json\/wp\/v2\/product_cat?post=47764"},{"taxonomy":"product_tag","embeddable":true,"href":"https:\/\/clarijs-fietstassen.nl\/de\/wp-json\/wp\/v2\/product_tag?post=47764"}],"curies":[{"name":"wp","href":"https:\/\/api.w.org\/{rel}","templated":true}]}}