{"id":47772,"date":"2024-08-28T14:07:43","date_gmt":"2024-08-28T12:07:43","guid":{"rendered":"https:\/\/clarijs-fietstassen.nl\/regendach-fuer-vogue-journey-exkl-rahmen\/"},"modified":"2026-02-05T13:48:05","modified_gmt":"2026-02-05T12:48:05","slug":"regendach-fuer-vogue-journey-exkl-rahmen","status":"publish","type":"product","link":"https:\/\/clarijs-fietstassen.nl\/de\/produkt\/regendach-fuer-vogue-journey-exkl-rahmen\/","title":{"rendered":"Regendach f\u00fcr Vogue Journey (exkl. Rahmen)"},"content":{"rendered":"<p>Dieses Regenverdeck ist speziell f\u00fcr das Vogue Journey entwickelt und wird ohne Gestell geliefert.<br \/>\nDas Regenverdeck f\u00fcr Vogue Journey (ohne Gestell) ist an jeder Seite mit zwei Rei\u00dfverschl\u00fcssen ausgestattet, sodass die Seitenfenster bei sch\u00f6nem Wetter oder beim Beladen des Laderaums einfach aufgerollt werden k\u00f6nnen. Die R\u00fcckseite des Verdecks l\u00e4sst sich mit Klettverschluss \u00f6ffnen und sorgt so f\u00fcr mehr Interaktion mit den Kindern und eine bessere Luftzirkulation. Zus\u00e4tzlich ist ein spezielles Fach f\u00fcr dein Smartphone integriert.  <\/p>\n<p>Abmessungen des Beh\u00e4lters: L: 104 cm &#8211; B: 72 cm &#8211; H: 51,5 cm (R\u00fcckseite). Tiefe: 50 cm <\/p>\n<p><strong>Aus welchem Material besteht das Regenzelt f\u00fcr die Vogue Journey?<\/strong><\/p>\n<p>Das Zelt ist aus mattem PVC mit einer luxuri\u00f6sen gepr\u00e4gten Textur hergestellt. Dieses Material ist flexibel, stark und nat\u00fcrlich absolut wasserdicht. Das Zelt verf\u00fcgt \u00fcber hochwertige, wasserfeste Rei\u00dfverschl\u00fcsse mit einer St\u00e4rke von 10 mm.  <\/p>\n<p><strong>Vorteile<\/strong> des Regenzeltes f\u00fcr Vogue Journey (exkl. Gestell):<\/p>\n<ul>\n<li>Sch\u00fctzt Kinder und Gep\u00e4ck vor Regen, Wind und K\u00e4lte<\/li>\n<li>H\u00e4lt die Ladebox sauber und trocken<\/li>\n<li>Kann die Lebensdauer Ihres Fahrrads verl\u00e4ngern<\/li>\n<li>Erh\u00f6ht Komfort und Sicherheit beim Fahren<\/li>\n<\/ul>\n<p>Mit seinem eleganten Design und seiner hochwertigen Konstruktion ist das Regendach Vogue Journey die perfekte Wahl f\u00fcr alle, die Schutz vor Regen, Schnee und anderen extremen Wetterbedingungen suchen.<\/p>\n","protected":false},"excerpt":{"rendered":"<p>Dieses Regenverdeck ist speziell f\u00fcr das Vogue Journey entwickelt und wird ohne Gestell geliefert. Das Regenverdeck f\u00fcr Vogue Journey (ohne Gestell) ist an jeder Seite mit zwei Rei\u00dfverschl\u00fcssen ausgestattet, sodass die Seitenfenster bei sch\u00f6nem Wetter oder beim Beladen des Laderaums einfach aufgerollt werden k\u00f6nnen. Die R\u00fcckseite des Verdecks l\u00e4sst sich mit Klettverschluss \u00f6ffnen und sorgt [&hellip;]<\/p>\n","protected":false},"featured_media":47776,"comment_status":"closed","ping_status":"closed","template":"","meta":{"_acf_changed":false,"_et_pb_use_builder":"","_et_pb_old_content":"","_et_gb_content_width":""},"product_brand":[],"product_cat":[686,690,775],"product_tag":[],"class_list":{"0":"post-47772","1":"product","2":"type-product","3":"status-publish","4":"has-post-thumbnail","6":"product_cat-bakfiets-de","7":"product_cat-lastenrad-regenverdeck","8":"product_cat-vogue-de","9":"pa_geschikt-voor-e-bike-ja-de","10":"pa_kleur-schwarz","11":"pa_materiaal-mattes-pvc-relief","12":"pa_merk-clarijs-covers-b-v-de","13":"pa_reflectie-nein","15":"first","16":"instock","17":"taxable","18":"shipping-taxable","19":"purchasable","20":"product-type-simple"},"acf":[],"yoast_head":"<!-- This site is optimized with the Yoast SEO Premium plugin v27.2 (Yoast SEO v27.3) - https:\/\/yoast.com\/product\/yoast-seo-premium-wordpress\/ -->\n<title>Regendach f\u00fcr Vogue Journey (exkl. Rahmen) - Clarijs Fietstassen<\/title>\n<meta name=\"description\" content=\"Das Regenzelt f\u00fcr Vogue Journey (Excl. Frame) hat zwei Rei\u00dfverschl\u00fcsse auf jeder Seite, so dass die Seitenfenster bei sch\u00f6nem Wetter aufgerollt werden k\u00f6nnen.\" \/>\n<meta name=\"robots\" content=\"index, follow, max-snippet:-1, max-image-preview:large, max-video-preview:-1\" \/>\n<link rel=\"canonical\" href=\"https:\/\/clarijs-fietstassen.nl\/de\/produkt\/regendach-fuer-vogue-journey-exkl-rahmen\/\" \/>\n<meta property=\"og:locale\" content=\"de_DE\" \/>\n<meta property=\"og:type\" content=\"article\" \/>\n<meta property=\"og:title\" content=\"Regendach f\u00fcr Vogue Journey (exkl. Rahmen)\" \/>\n<meta property=\"og:description\" content=\"Das Regenzelt f\u00fcr Vogue Journey (Excl. Frame) hat zwei Rei\u00dfverschl\u00fcsse auf jeder Seite, so dass die Seitenfenster bei sch\u00f6nem Wetter aufgerollt werden k\u00f6nnen.\" \/>\n<meta property=\"og:url\" content=\"https:\/\/clarijs-fietstassen.nl\/de\/produkt\/regendach-fuer-vogue-journey-exkl-rahmen\/\" \/>\n<meta property=\"og:site_name\" content=\"Clarijs Fietstassen\" \/>\n<meta property=\"article:publisher\" content=\"https:\/\/www.facebook.com\/clarijs1948\/\" \/>\n<meta property=\"article:modified_time\" content=\"2026-02-05T12:48:05+00:00\" \/>\n<meta property=\"og:image\" content=\"https:\/\/clarijs-fietstassen.nl\/wp-content\/uploads\/2024\/08\/Voque-Journey-rain-cover.jpg\" \/>\n\t<meta property=\"og:image:width\" content=\"1000\" \/>\n\t<meta property=\"og:image:height\" content=\"1000\" \/>\n\t<meta property=\"og:image:type\" content=\"image\/jpeg\" \/>\n<meta name=\"twitter:card\" content=\"summary_large_image\" \/>\n<meta name=\"twitter:label1\" content=\"Preis\" \/>\n\t<meta name=\"twitter:data1\" content=\"&euro;219.00\" \/>\n\t<meta name=\"twitter:label2\" content=\"Verf\u00fcgbarkeit\" \/>\n\t<meta name=\"twitter:data2\" content=\"Auf Lager\" \/>\n<script type=\"application\/ld+json\" class=\"yoast-schema-graph\">{\"@context\":\"https:\\\/\\\/schema.org\",\"@graph\":[{\"@type\":\"WebPage\",\"@id\":\"https:\\\/\\\/clarijs-fietstassen.nl\\\/de\\\/produkt\\\/regendach-fuer-vogue-journey-exkl-rahmen\\\/\",\"url\":\"https:\\\/\\\/clarijs-fietstassen.nl\\\/de\\\/produkt\\\/regendach-fuer-vogue-journey-exkl-rahmen\\\/\",\"name\":\"Regendach f\u00fcr Vogue Journey (exkl. Rahmen) - Clarijs Fietstassen\",\"isPartOf\":{\"@id\":\"https:\\\/\\\/clarijs-fietstassen.nl\\\/de\\\/#website\"},\"primaryImageOfPage\":{\"@id\":\"https:\\\/\\\/clarijs-fietstassen.nl\\\/de\\\/produkt\\\/regendach-fuer-vogue-journey-exkl-rahmen\\\/#primaryimage\"},\"image\":{\"@id\":\"https:\\\/\\\/clarijs-fietstassen.nl\\\/de\\\/produkt\\\/regendach-fuer-vogue-journey-exkl-rahmen\\\/#primaryimage\"},\"thumbnailUrl\":\"https:\\\/\\\/clarijs-fietstassen.nl\\\/wp-content\\\/uploads\\\/2024\\\/08\\\/Voque-Journey-rain-cover.jpg\",\"datePublished\":\"2024-08-28T12:07:43+00:00\",\"dateModified\":\"2026-02-05T12:48:05+00:00\",\"description\":\"Das Regenzelt f\u00fcr Vogue Journey (Excl. Frame) hat zwei Rei\u00dfverschl\u00fcsse auf jeder Seite, so dass die Seitenfenster bei sch\u00f6nem Wetter aufgerollt werden k\u00f6nnen.\",\"breadcrumb\":{\"@id\":\"https:\\\/\\\/clarijs-fietstassen.nl\\\/de\\\/produkt\\\/regendach-fuer-vogue-journey-exkl-rahmen\\\/#breadcrumb\"},\"inLanguage\":\"de\",\"potentialAction\":[{\"@type\":\"ReadAction\",\"target\":[\"https:\\\/\\\/clarijs-fietstassen.nl\\\/de\\\/produkt\\\/regendach-fuer-vogue-journey-exkl-rahmen\\\/\"]}]},{\"@type\":\"ImageObject\",\"inLanguage\":\"de\",\"@id\":\"https:\\\/\\\/clarijs-fietstassen.nl\\\/de\\\/produkt\\\/regendach-fuer-vogue-journey-exkl-rahmen\\\/#primaryimage\",\"url\":\"https:\\\/\\\/clarijs-fietstassen.nl\\\/wp-content\\\/uploads\\\/2024\\\/08\\\/Voque-Journey-rain-cover.jpg\",\"contentUrl\":\"https:\\\/\\\/clarijs-fietstassen.nl\\\/wp-content\\\/uploads\\\/2024\\\/08\\\/Voque-Journey-rain-cover.jpg\",\"width\":1000,\"height\":1000,\"caption\":\"Regendach f\u00fcr Vogue Journey (exkl. Rahmen)\"},{\"@type\":\"BreadcrumbList\",\"@id\":\"https:\\\/\\\/clarijs-fietstassen.nl\\\/de\\\/produkt\\\/regendach-fuer-vogue-journey-exkl-rahmen\\\/#breadcrumb\",\"itemListElement\":[{\"@type\":\"ListItem\",\"position\":1,\"name\":\"Home\",\"item\":\"https:\\\/\\\/clarijs-fietstassen.nl\\\/de\\\/\"},{\"@type\":\"ListItem\",\"position\":2,\"name\":\"Shop\",\"item\":\"https:\\\/\\\/clarijs-fietstassen.nl\\\/de\\\/shop\\\/\"},{\"@type\":\"ListItem\",\"position\":3,\"name\":\"Vogue\",\"item\":\"https:\\\/\\\/clarijs-fietstassen.nl\\\/vogue\\\/\"},{\"@type\":\"ListItem\",\"position\":4,\"name\":\"Regendach f\u00fcr Vogue Journey (exkl. Rahmen)\"}]},{\"@type\":\"WebSite\",\"@id\":\"https:\\\/\\\/clarijs-fietstassen.nl\\\/de\\\/#website\",\"url\":\"https:\\\/\\\/clarijs-fietstassen.nl\\\/de\\\/\",\"name\":\"Clarijs Fietstassen\",\"description\":\"Kwaliteit &amp; ambacht sinds 1948\",\"publisher\":{\"@id\":\"https:\\\/\\\/clarijs-fietstassen.nl\\\/de\\\/#organization\"},\"potentialAction\":[{\"@type\":\"SearchAction\",\"target\":{\"@type\":\"EntryPoint\",\"urlTemplate\":\"https:\\\/\\\/clarijs-fietstassen.nl\\\/de\\\/?s={search_term_string}\"},\"query-input\":{\"@type\":\"PropertyValueSpecification\",\"valueRequired\":true,\"valueName\":\"search_term_string\"}}],\"inLanguage\":\"de\"},{\"@type\":\"Organization\",\"@id\":\"https:\\\/\\\/clarijs-fietstassen.nl\\\/de\\\/#organization\",\"name\":\"Clarijs Fietstassen\",\"url\":\"https:\\\/\\\/clarijs-fietstassen.nl\\\/de\\\/\",\"logo\":{\"@type\":\"ImageObject\",\"inLanguage\":\"de\",\"@id\":\"https:\\\/\\\/clarijs-fietstassen.nl\\\/de\\\/#\\\/schema\\\/logo\\\/image\\\/\",\"url\":\"https:\\\/\\\/clarijs-fietstassen.nl\\\/wp-content\\\/uploads\\\/2024\\\/01\\\/clarijs-logo-met-rand.jpg\",\"contentUrl\":\"https:\\\/\\\/clarijs-fietstassen.nl\\\/wp-content\\\/uploads\\\/2024\\\/01\\\/clarijs-logo-met-rand.jpg\",\"width\":560,\"height\":266,\"caption\":\"Clarijs Fietstassen\"},\"image\":{\"@id\":\"https:\\\/\\\/clarijs-fietstassen.nl\\\/de\\\/#\\\/schema\\\/logo\\\/image\\\/\"},\"sameAs\":[\"https:\\\/\\\/www.facebook.com\\\/clarijs1948\\\/\",\"https:\\\/\\\/www.instagram.com\\\/clarijscovers\\\/\"]}]}<\/script>\n<meta property=\"product:price:amount\" content=\"219.00\" \/>\n<meta property=\"product:price:currency\" content=\"EUR\" \/>\n<meta property=\"og:availability\" content=\"instock\" \/>\n<meta property=\"product:availability\" content=\"instock\" \/>\n<meta property=\"product:retailer_item_id\" content=\"5048\" \/>\n<meta property=\"product:condition\" content=\"new\" \/>\n<!-- \/ Yoast SEO Premium plugin. -->","yoast_head_json":{"title":"Regendach f\u00fcr Vogue Journey (exkl. Rahmen) - Clarijs Fietstassen","description":"Das Regenzelt f\u00fcr Vogue Journey (Excl. Frame) hat zwei Rei\u00dfverschl\u00fcsse auf jeder Seite, so dass die Seitenfenster bei sch\u00f6nem Wetter aufgerollt werden k\u00f6nnen.","robots":{"index":"index","follow":"follow","max-snippet":"max-snippet:-1","max-image-preview":"max-image-preview:large","max-video-preview":"max-video-preview:-1"},"canonical":"https:\/\/clarijs-fietstassen.nl\/de\/produkt\/regendach-fuer-vogue-journey-exkl-rahmen\/","og_locale":"de_DE","og_type":"article","og_title":"Regendach f\u00fcr Vogue Journey (exkl. Rahmen)","og_description":"Das Regenzelt f\u00fcr Vogue Journey (Excl. Frame) hat zwei Rei\u00dfverschl\u00fcsse auf jeder Seite, so dass die Seitenfenster bei sch\u00f6nem Wetter aufgerollt werden k\u00f6nnen.","og_url":"https:\/\/clarijs-fietstassen.nl\/de\/produkt\/regendach-fuer-vogue-journey-exkl-rahmen\/","og_site_name":"Clarijs Fietstassen","article_publisher":"https:\/\/www.facebook.com\/clarijs1948\/","article_modified_time":"2026-02-05T12:48:05+00:00","og_image":[{"width":1000,"height":1000,"url":"https:\/\/clarijs-fietstassen.nl\/wp-content\/uploads\/2024\/08\/Voque-Journey-rain-cover.jpg","type":"image\/jpeg"}],"twitter_card":"summary_large_image","twitter_misc":{"Preis":"&euro;219.00","Verf\u00fcgbarkeit":"Auf Lager"},"schema":{"@context":"https:\/\/schema.org","@graph":[{"@type":"WebPage","@id":"https:\/\/clarijs-fietstassen.nl\/de\/produkt\/regendach-fuer-vogue-journey-exkl-rahmen\/","url":"https:\/\/clarijs-fietstassen.nl\/de\/produkt\/regendach-fuer-vogue-journey-exkl-rahmen\/","name":"Regendach f\u00fcr Vogue Journey (exkl. Rahmen) - Clarijs Fietstassen","isPartOf":{"@id":"https:\/\/clarijs-fietstassen.nl\/de\/#website"},"primaryImageOfPage":{"@id":"https:\/\/clarijs-fietstassen.nl\/de\/produkt\/regendach-fuer-vogue-journey-exkl-rahmen\/#primaryimage"},"image":{"@id":"https:\/\/clarijs-fietstassen.nl\/de\/produkt\/regendach-fuer-vogue-journey-exkl-rahmen\/#primaryimage"},"thumbnailUrl":"https:\/\/clarijs-fietstassen.nl\/wp-content\/uploads\/2024\/08\/Voque-Journey-rain-cover.jpg","datePublished":"2024-08-28T12:07:43+00:00","dateModified":"2026-02-05T12:48:05+00:00","description":"Das Regenzelt f\u00fcr Vogue Journey (Excl. Frame) hat zwei Rei\u00dfverschl\u00fcsse auf jeder Seite, so dass die Seitenfenster bei sch\u00f6nem Wetter aufgerollt werden k\u00f6nnen.","breadcrumb":{"@id":"https:\/\/clarijs-fietstassen.nl\/de\/produkt\/regendach-fuer-vogue-journey-exkl-rahmen\/#breadcrumb"},"inLanguage":"de","potentialAction":[{"@type":"ReadAction","target":["https:\/\/clarijs-fietstassen.nl\/de\/produkt\/regendach-fuer-vogue-journey-exkl-rahmen\/"]}]},{"@type":"ImageObject","inLanguage":"de","@id":"https:\/\/clarijs-fietstassen.nl\/de\/produkt\/regendach-fuer-vogue-journey-exkl-rahmen\/#primaryimage","url":"https:\/\/clarijs-fietstassen.nl\/wp-content\/uploads\/2024\/08\/Voque-Journey-rain-cover.jpg","contentUrl":"https:\/\/clarijs-fietstassen.nl\/wp-content\/uploads\/2024\/08\/Voque-Journey-rain-cover.jpg","width":1000,"height":1000,"caption":"Regendach f\u00fcr Vogue Journey (exkl. Rahmen)"},{"@type":"BreadcrumbList","@id":"https:\/\/clarijs-fietstassen.nl\/de\/produkt\/regendach-fuer-vogue-journey-exkl-rahmen\/#breadcrumb","itemListElement":[{"@type":"ListItem","position":1,"name":"Home","item":"https:\/\/clarijs-fietstassen.nl\/de\/"},{"@type":"ListItem","position":2,"name":"Shop","item":"https:\/\/clarijs-fietstassen.nl\/de\/shop\/"},{"@type":"ListItem","position":3,"name":"Vogue","item":"https:\/\/clarijs-fietstassen.nl\/vogue\/"},{"@type":"ListItem","position":4,"name":"Regendach f\u00fcr Vogue Journey (exkl. Rahmen)"}]},{"@type":"WebSite","@id":"https:\/\/clarijs-fietstassen.nl\/de\/#website","url":"https:\/\/clarijs-fietstassen.nl\/de\/","name":"Clarijs Fietstassen","description":"Kwaliteit &amp; ambacht sinds 1948","publisher":{"@id":"https:\/\/clarijs-fietstassen.nl\/de\/#organization"},"potentialAction":[{"@type":"SearchAction","target":{"@type":"EntryPoint","urlTemplate":"https:\/\/clarijs-fietstassen.nl\/de\/?s={search_term_string}"},"query-input":{"@type":"PropertyValueSpecification","valueRequired":true,"valueName":"search_term_string"}}],"inLanguage":"de"},{"@type":"Organization","@id":"https:\/\/clarijs-fietstassen.nl\/de\/#organization","name":"Clarijs Fietstassen","url":"https:\/\/clarijs-fietstassen.nl\/de\/","logo":{"@type":"ImageObject","inLanguage":"de","@id":"https:\/\/clarijs-fietstassen.nl\/de\/#\/schema\/logo\/image\/","url":"https:\/\/clarijs-fietstassen.nl\/wp-content\/uploads\/2024\/01\/clarijs-logo-met-rand.jpg","contentUrl":"https:\/\/clarijs-fietstassen.nl\/wp-content\/uploads\/2024\/01\/clarijs-logo-met-rand.jpg","width":560,"height":266,"caption":"Clarijs Fietstassen"},"image":{"@id":"https:\/\/clarijs-fietstassen.nl\/de\/#\/schema\/logo\/image\/"},"sameAs":["https:\/\/www.facebook.com\/clarijs1948\/","https:\/\/www.instagram.com\/clarijscovers\/"]}]},"product_price_amount":"219.00","product_price_currency":"EUR","og_availability":"instock","product_availability":"instock","product_retailer_item_id":"5048","product_condition":"new"},"_links":{"self":[{"href":"https:\/\/clarijs-fietstassen.nl\/de\/wp-json\/wp\/v2\/product\/47772","targetHints":{"allow":["GET"]}}],"collection":[{"href":"https:\/\/clarijs-fietstassen.nl\/de\/wp-json\/wp\/v2\/product"}],"about":[{"href":"https:\/\/clarijs-fietstassen.nl\/de\/wp-json\/wp\/v2\/types\/product"}],"replies":[{"embeddable":true,"href":"https:\/\/clarijs-fietstassen.nl\/de\/wp-json\/wp\/v2\/comments?post=47772"}],"wp:featuredmedia":[{"embeddable":true,"href":"https:\/\/clarijs-fietstassen.nl\/de\/wp-json\/wp\/v2\/media\/47776"}],"wp:attachment":[{"href":"https:\/\/clarijs-fietstassen.nl\/de\/wp-json\/wp\/v2\/media?parent=47772"}],"wp:term":[{"taxonomy":"product_brand","embeddable":true,"href":"https:\/\/clarijs-fietstassen.nl\/de\/wp-json\/wp\/v2\/product_brand?post=47772"},{"taxonomy":"product_cat","embeddable":true,"href":"https:\/\/clarijs-fietstassen.nl\/de\/wp-json\/wp\/v2\/product_cat?post=47772"},{"taxonomy":"product_tag","embeddable":true,"href":"https:\/\/clarijs-fietstassen.nl\/de\/wp-json\/wp\/v2\/product_tag?post=47772"}],"curies":[{"name":"wp","href":"https:\/\/api.w.org\/{rel}","templated":true}]}}