{"id":47868,"date":"2025-02-05T10:58:33","date_gmt":"2025-02-05T09:58:33","guid":{"rendered":"https:\/\/clarijs-fietstassen.nl\/saunatasche-transparent-basic\/"},"modified":"2025-04-30T09:43:43","modified_gmt":"2025-04-30T07:43:43","slug":"saunatasche-transparent-basic","status":"publish","type":"product","link":"https:\/\/clarijs-fietstassen.nl\/de\/produkt\/saunatasche-transparent-basic\/","title":{"rendered":"Saunatasche Transparent Basic"},"content":{"rendered":"<p><span style=\"font-weight: 400;\">Entdecken Sie die Shopper <strong>Saunatasche Transparent Basic<\/strong>. Sie ist stilvoll, praktisch und ideal, um all Ihre Utensilien bei entspannenden Ausfl\u00fcgen wie einem Saunabesuch oder einer Yogastunde geordnet zu transportieren! Die Saunatasche Transparent Basic von Clarijs kombiniert Funktionalit\u00e4t mit minimalistischem Design.  Dank des durchsichtigen PVC-Fenstereinsatzes finden Sie alle Ihre Habseligkeiten, wie Handtuch, Buch, Brille oder andere Accessoires, leicht wieder. Die langen Griffe sorgen daf\u00fcr, dass Sie die Tasche bequem \u00fcber der Schulter tragen k\u00f6nnen.  <\/span><\/p>\n<p><b>Vorteile:  <\/b><\/p>\n<ul>\n<li style=\"font-weight: 400;\" aria-level=\"1\"><span style=\"font-weight: 400;\">Die Tasche ist wasserabweisend.  <\/span><\/li>\n<li style=\"font-weight: 400;\" aria-level=\"1\"><span style=\"font-weight: 400;\">Diese Tasche ist aus den besten Materialien hergestellt.  <\/span><\/li>\n<li aria-level=\"1\">Die Tasche ist vollst\u00e4ndig transparent.<\/li>\n<li aria-level=\"1\">Mit Paspel in 5 Farben: Schwarz &#8211; Grau &#8211; Taupe &#8211; Olive &#8211; Sand<\/li>\n<\/ul>\n<p><span style=\"font-weight: 400;\">Die Ma\u00dfe der Saunatasche sind:<\/span><\/p>\n<p><span style=\"font-weight: 400;\">L\u00e4nge: 46 cm  <\/span><\/p>\n<p><span style=\"font-weight: 400;\">Breite: 13 cm  <\/span><\/p>\n<p><span style=\"font-weight: 400;\">H\u00f6he: 36 cm  <\/span><\/p>\n<p><b>Hochwertiges Material<\/b><\/p>\n<ul>\n<li style=\"font-weight: 400;\" aria-level=\"1\"><span style=\"font-weight: 400;\">PVC-Fensterfolie ist leicht zu reinigen und zu pflegen. Sie kann mit einem feuchten Tuch abgewischt oder mit milder Seife und Wasser gereinigt werden. <\/span><\/li>\n<\/ul>\n","protected":false},"excerpt":{"rendered":"<p>Entdecken Sie die Shopper Saunatasche Transparent Basic. Sie ist stilvoll, praktisch und ideal, um all Ihre Utensilien bei entspannenden Ausfl\u00fcgen wie einem Saunabesuch oder einer Yogastunde geordnet zu transportieren! Die Saunatasche Transparent Basic von Clarijs kombiniert Funktionalit\u00e4t mit minimalistischem Design. Dank des durchsichtigen PVC-Fenstereinsatzes finden Sie alle Ihre Habseligkeiten, wie Handtuch, Buch, Brille oder andere [&hellip;]<\/p>\n","protected":false},"featured_media":47872,"comment_status":"closed","ping_status":"closed","template":"","meta":{"_acf_changed":false,"_et_pb_use_builder":"","_et_pb_old_content":"","_et_gb_content_width":""},"product_brand":[],"product_cat":[756,759,769,755],"product_tag":[],"class_list":{"0":"post-47868","1":"product","2":"type-product","3":"status-publish","4":"has-post-thumbnail","6":"product_cat-shoppers-de","7":"product_cat-shoppers-mit-druck","8":"product_cat-taschen","9":"product_cat-umhangetaschen","10":"pa_afmetingen-46-x-13-x-36-cm-l-x-b-x-h-de","11":"pa_kleur-matt-grau-de","12":"pa_kleur-matt-olive-de","13":"pa_kleur-matt-sand-de","14":"pa_kleur-matt-schwarz-de","15":"pa_kleur-matt-taupe-de","16":"pa_materiaal-pvc-fensterfolie","17":"pa_merk-clarijs-covers-b-v-de","19":"first","20":"onbackorder","21":"taxable","22":"shipping-taxable","23":"purchasable","24":"product-type-variable"},"acf":[],"yoast_head":"<!-- This site is optimized with the Yoast SEO Premium plugin v27.2 (Yoast SEO v27.3) - https:\/\/yoast.com\/product\/yoast-seo-premium-wordpress\/ -->\n<title>Saunatasche Transparent Basic - Clarijs Fietstassen<\/title>\n<meta name=\"description\" content=\"Entdecken Sie die Clarijs Saunatasche Transparent Basic: praktisch und perfekt f\u00fcr Sauna, Spa oder Yogakurs. Mit langen Griffen ausgestattet und leicht abnehmbar.\" \/>\n<meta name=\"robots\" content=\"index, follow, max-snippet:-1, max-image-preview:large, max-video-preview:-1\" \/>\n<link rel=\"canonical\" href=\"https:\/\/clarijs-fietstassen.nl\/de\/produkt\/saunatasche-transparent-basic\/\" \/>\n<meta property=\"og:locale\" content=\"de_DE\" \/>\n<meta property=\"og:type\" content=\"article\" \/>\n<meta property=\"og:title\" content=\"Saunatasche Transparent Basic\" \/>\n<meta property=\"og:description\" content=\"Entdecken Sie die Clarijs Saunatasche Transparent Basic: praktisch und perfekt f\u00fcr Sauna, Spa oder Yogakurs. Mit langen Griffen ausgestattet und leicht abnehmbar.\" \/>\n<meta property=\"og:url\" content=\"https:\/\/clarijs-fietstassen.nl\/de\/produkt\/saunatasche-transparent-basic\/\" \/>\n<meta property=\"og:site_name\" content=\"Clarijs Fietstassen\" \/>\n<meta property=\"article:publisher\" content=\"https:\/\/www.facebook.com\/clarijs1948\/\" \/>\n<meta property=\"article:modified_time\" content=\"2025-04-30T07:43:43+00:00\" \/>\n<meta property=\"og:image\" content=\"https:\/\/clarijs-fietstassen.nl\/wp-content\/uploads\/2024\/12\/Saunatas-transparant-basic.png\" \/>\n\t<meta property=\"og:image:width\" content=\"1000\" \/>\n\t<meta property=\"og:image:height\" content=\"1000\" \/>\n\t<meta property=\"og:image:type\" content=\"image\/png\" \/>\n<meta name=\"twitter:card\" content=\"summary_large_image\" \/>\n<meta name=\"twitter:label1\" content=\"Verf\u00fcgbarkeit\" \/>\n\t<meta name=\"twitter:data1\" content=\"bei Nachbestellung\" \/>\n<script type=\"application\/ld+json\" class=\"yoast-schema-graph\">{\"@context\":\"https:\\\/\\\/schema.org\",\"@graph\":[{\"@type\":\"WebPage\",\"@id\":\"https:\\\/\\\/clarijs-fietstassen.nl\\\/de\\\/produkt\\\/saunatasche-transparent-basic\\\/\",\"url\":\"https:\\\/\\\/clarijs-fietstassen.nl\\\/de\\\/produkt\\\/saunatasche-transparent-basic\\\/\",\"name\":\"Saunatasche Transparent Basic - Clarijs Fietstassen\",\"isPartOf\":{\"@id\":\"https:\\\/\\\/clarijs-fietstassen.nl\\\/de\\\/#website\"},\"primaryImageOfPage\":{\"@id\":\"https:\\\/\\\/clarijs-fietstassen.nl\\\/de\\\/produkt\\\/saunatasche-transparent-basic\\\/#primaryimage\"},\"image\":{\"@id\":\"https:\\\/\\\/clarijs-fietstassen.nl\\\/de\\\/produkt\\\/saunatasche-transparent-basic\\\/#primaryimage\"},\"thumbnailUrl\":\"https:\\\/\\\/clarijs-fietstassen.nl\\\/wp-content\\\/uploads\\\/2024\\\/12\\\/Saunatas-transparant-basic.png\",\"datePublished\":\"2025-02-05T09:58:33+00:00\",\"dateModified\":\"2025-04-30T07:43:43+00:00\",\"description\":\"Entdecken Sie die Clarijs Saunatasche Transparent Basic: praktisch und perfekt f\u00fcr Sauna, Spa oder Yogakurs. Mit langen Griffen ausgestattet und leicht abnehmbar.\",\"breadcrumb\":{\"@id\":\"https:\\\/\\\/clarijs-fietstassen.nl\\\/de\\\/produkt\\\/saunatasche-transparent-basic\\\/#breadcrumb\"},\"inLanguage\":\"de\",\"potentialAction\":[{\"@type\":\"ReadAction\",\"target\":[\"https:\\\/\\\/clarijs-fietstassen.nl\\\/de\\\/produkt\\\/saunatasche-transparent-basic\\\/\"]}]},{\"@type\":\"ImageObject\",\"inLanguage\":\"de\",\"@id\":\"https:\\\/\\\/clarijs-fietstassen.nl\\\/de\\\/produkt\\\/saunatasche-transparent-basic\\\/#primaryimage\",\"url\":\"https:\\\/\\\/clarijs-fietstassen.nl\\\/wp-content\\\/uploads\\\/2024\\\/12\\\/Saunatas-transparant-basic.png\",\"contentUrl\":\"https:\\\/\\\/clarijs-fietstassen.nl\\\/wp-content\\\/uploads\\\/2024\\\/12\\\/Saunatas-transparant-basic.png\",\"width\":1000,\"height\":1000,\"caption\":\"Saunatasche Transparent Basic\"},{\"@type\":\"BreadcrumbList\",\"@id\":\"https:\\\/\\\/clarijs-fietstassen.nl\\\/de\\\/produkt\\\/saunatasche-transparent-basic\\\/#breadcrumb\",\"itemListElement\":[{\"@type\":\"ListItem\",\"position\":1,\"name\":\"Home\",\"item\":\"https:\\\/\\\/clarijs-fietstassen.nl\\\/de\\\/\"},{\"@type\":\"ListItem\",\"position\":2,\"name\":\"Shop\",\"item\":\"https:\\\/\\\/clarijs-fietstassen.nl\\\/de\\\/shop\\\/\"},{\"@type\":\"ListItem\",\"position\":3,\"name\":\"Shoppers\",\"item\":\"https:\\\/\\\/clarijs-fietstassen.nl\\\/shoppers\\\/\"},{\"@type\":\"ListItem\",\"position\":4,\"name\":\"Saunatasche Transparent Basic\"}]},{\"@type\":\"WebSite\",\"@id\":\"https:\\\/\\\/clarijs-fietstassen.nl\\\/de\\\/#website\",\"url\":\"https:\\\/\\\/clarijs-fietstassen.nl\\\/de\\\/\",\"name\":\"Clarijs Fietstassen\",\"description\":\"Kwaliteit &amp; ambacht sinds 1948\",\"publisher\":{\"@id\":\"https:\\\/\\\/clarijs-fietstassen.nl\\\/de\\\/#organization\"},\"potentialAction\":[{\"@type\":\"SearchAction\",\"target\":{\"@type\":\"EntryPoint\",\"urlTemplate\":\"https:\\\/\\\/clarijs-fietstassen.nl\\\/de\\\/?s={search_term_string}\"},\"query-input\":{\"@type\":\"PropertyValueSpecification\",\"valueRequired\":true,\"valueName\":\"search_term_string\"}}],\"inLanguage\":\"de\"},{\"@type\":\"Organization\",\"@id\":\"https:\\\/\\\/clarijs-fietstassen.nl\\\/de\\\/#organization\",\"name\":\"Clarijs Fietstassen\",\"url\":\"https:\\\/\\\/clarijs-fietstassen.nl\\\/de\\\/\",\"logo\":{\"@type\":\"ImageObject\",\"inLanguage\":\"de\",\"@id\":\"https:\\\/\\\/clarijs-fietstassen.nl\\\/de\\\/#\\\/schema\\\/logo\\\/image\\\/\",\"url\":\"https:\\\/\\\/clarijs-fietstassen.nl\\\/wp-content\\\/uploads\\\/2024\\\/01\\\/clarijs-logo-met-rand.jpg\",\"contentUrl\":\"https:\\\/\\\/clarijs-fietstassen.nl\\\/wp-content\\\/uploads\\\/2024\\\/01\\\/clarijs-logo-met-rand.jpg\",\"width\":560,\"height\":266,\"caption\":\"Clarijs Fietstassen\"},\"image\":{\"@id\":\"https:\\\/\\\/clarijs-fietstassen.nl\\\/de\\\/#\\\/schema\\\/logo\\\/image\\\/\"},\"sameAs\":[\"https:\\\/\\\/www.facebook.com\\\/clarijs1948\\\/\",\"https:\\\/\\\/www.instagram.com\\\/clarijscovers\\\/\"]}]}<\/script>\n<meta property=\"og:availability\" content=\"backorder\" \/>\n<meta property=\"product:availability\" content=\"available for order\" \/>\n<meta property=\"product:retailer_item_id\" content=\"2098\" \/>\n<meta property=\"product:condition\" content=\"new\" \/>\n<!-- \/ Yoast SEO Premium plugin. -->","yoast_head_json":{"title":"Saunatasche Transparent Basic - Clarijs Fietstassen","description":"Entdecken Sie die Clarijs Saunatasche Transparent Basic: praktisch und perfekt f\u00fcr Sauna, Spa oder Yogakurs. Mit langen Griffen ausgestattet und leicht abnehmbar.","robots":{"index":"index","follow":"follow","max-snippet":"max-snippet:-1","max-image-preview":"max-image-preview:large","max-video-preview":"max-video-preview:-1"},"canonical":"https:\/\/clarijs-fietstassen.nl\/de\/produkt\/saunatasche-transparent-basic\/","og_locale":"de_DE","og_type":"article","og_title":"Saunatasche Transparent Basic","og_description":"Entdecken Sie die Clarijs Saunatasche Transparent Basic: praktisch und perfekt f\u00fcr Sauna, Spa oder Yogakurs. Mit langen Griffen ausgestattet und leicht abnehmbar.","og_url":"https:\/\/clarijs-fietstassen.nl\/de\/produkt\/saunatasche-transparent-basic\/","og_site_name":"Clarijs Fietstassen","article_publisher":"https:\/\/www.facebook.com\/clarijs1948\/","article_modified_time":"2025-04-30T07:43:43+00:00","og_image":[{"width":1000,"height":1000,"url":"https:\/\/clarijs-fietstassen.nl\/wp-content\/uploads\/2024\/12\/Saunatas-transparant-basic.png","type":"image\/png"}],"twitter_card":"summary_large_image","twitter_misc":{"Verf\u00fcgbarkeit":"bei Nachbestellung"},"schema":{"@context":"https:\/\/schema.org","@graph":[{"@type":"WebPage","@id":"https:\/\/clarijs-fietstassen.nl\/de\/produkt\/saunatasche-transparent-basic\/","url":"https:\/\/clarijs-fietstassen.nl\/de\/produkt\/saunatasche-transparent-basic\/","name":"Saunatasche Transparent Basic - Clarijs Fietstassen","isPartOf":{"@id":"https:\/\/clarijs-fietstassen.nl\/de\/#website"},"primaryImageOfPage":{"@id":"https:\/\/clarijs-fietstassen.nl\/de\/produkt\/saunatasche-transparent-basic\/#primaryimage"},"image":{"@id":"https:\/\/clarijs-fietstassen.nl\/de\/produkt\/saunatasche-transparent-basic\/#primaryimage"},"thumbnailUrl":"https:\/\/clarijs-fietstassen.nl\/wp-content\/uploads\/2024\/12\/Saunatas-transparant-basic.png","datePublished":"2025-02-05T09:58:33+00:00","dateModified":"2025-04-30T07:43:43+00:00","description":"Entdecken Sie die Clarijs Saunatasche Transparent Basic: praktisch und perfekt f\u00fcr Sauna, Spa oder Yogakurs. Mit langen Griffen ausgestattet und leicht abnehmbar.","breadcrumb":{"@id":"https:\/\/clarijs-fietstassen.nl\/de\/produkt\/saunatasche-transparent-basic\/#breadcrumb"},"inLanguage":"de","potentialAction":[{"@type":"ReadAction","target":["https:\/\/clarijs-fietstassen.nl\/de\/produkt\/saunatasche-transparent-basic\/"]}]},{"@type":"ImageObject","inLanguage":"de","@id":"https:\/\/clarijs-fietstassen.nl\/de\/produkt\/saunatasche-transparent-basic\/#primaryimage","url":"https:\/\/clarijs-fietstassen.nl\/wp-content\/uploads\/2024\/12\/Saunatas-transparant-basic.png","contentUrl":"https:\/\/clarijs-fietstassen.nl\/wp-content\/uploads\/2024\/12\/Saunatas-transparant-basic.png","width":1000,"height":1000,"caption":"Saunatasche Transparent Basic"},{"@type":"BreadcrumbList","@id":"https:\/\/clarijs-fietstassen.nl\/de\/produkt\/saunatasche-transparent-basic\/#breadcrumb","itemListElement":[{"@type":"ListItem","position":1,"name":"Home","item":"https:\/\/clarijs-fietstassen.nl\/de\/"},{"@type":"ListItem","position":2,"name":"Shop","item":"https:\/\/clarijs-fietstassen.nl\/de\/shop\/"},{"@type":"ListItem","position":3,"name":"Shoppers","item":"https:\/\/clarijs-fietstassen.nl\/shoppers\/"},{"@type":"ListItem","position":4,"name":"Saunatasche Transparent Basic"}]},{"@type":"WebSite","@id":"https:\/\/clarijs-fietstassen.nl\/de\/#website","url":"https:\/\/clarijs-fietstassen.nl\/de\/","name":"Clarijs Fietstassen","description":"Kwaliteit &amp; ambacht sinds 1948","publisher":{"@id":"https:\/\/clarijs-fietstassen.nl\/de\/#organization"},"potentialAction":[{"@type":"SearchAction","target":{"@type":"EntryPoint","urlTemplate":"https:\/\/clarijs-fietstassen.nl\/de\/?s={search_term_string}"},"query-input":{"@type":"PropertyValueSpecification","valueRequired":true,"valueName":"search_term_string"}}],"inLanguage":"de"},{"@type":"Organization","@id":"https:\/\/clarijs-fietstassen.nl\/de\/#organization","name":"Clarijs Fietstassen","url":"https:\/\/clarijs-fietstassen.nl\/de\/","logo":{"@type":"ImageObject","inLanguage":"de","@id":"https:\/\/clarijs-fietstassen.nl\/de\/#\/schema\/logo\/image\/","url":"https:\/\/clarijs-fietstassen.nl\/wp-content\/uploads\/2024\/01\/clarijs-logo-met-rand.jpg","contentUrl":"https:\/\/clarijs-fietstassen.nl\/wp-content\/uploads\/2024\/01\/clarijs-logo-met-rand.jpg","width":560,"height":266,"caption":"Clarijs Fietstassen"},"image":{"@id":"https:\/\/clarijs-fietstassen.nl\/de\/#\/schema\/logo\/image\/"},"sameAs":["https:\/\/www.facebook.com\/clarijs1948\/","https:\/\/www.instagram.com\/clarijscovers\/"]}]},"og_availability":"backorder","product_availability":"available for order","product_retailer_item_id":"2098","product_condition":"new"},"_links":{"self":[{"href":"https:\/\/clarijs-fietstassen.nl\/de\/wp-json\/wp\/v2\/product\/47868","targetHints":{"allow":["GET"]}}],"collection":[{"href":"https:\/\/clarijs-fietstassen.nl\/de\/wp-json\/wp\/v2\/product"}],"about":[{"href":"https:\/\/clarijs-fietstassen.nl\/de\/wp-json\/wp\/v2\/types\/product"}],"replies":[{"embeddable":true,"href":"https:\/\/clarijs-fietstassen.nl\/de\/wp-json\/wp\/v2\/comments?post=47868"}],"wp:featuredmedia":[{"embeddable":true,"href":"https:\/\/clarijs-fietstassen.nl\/de\/wp-json\/wp\/v2\/media\/47872"}],"wp:attachment":[{"href":"https:\/\/clarijs-fietstassen.nl\/de\/wp-json\/wp\/v2\/media?parent=47868"}],"wp:term":[{"taxonomy":"product_brand","embeddable":true,"href":"https:\/\/clarijs-fietstassen.nl\/de\/wp-json\/wp\/v2\/product_brand?post=47868"},{"taxonomy":"product_cat","embeddable":true,"href":"https:\/\/clarijs-fietstassen.nl\/de\/wp-json\/wp\/v2\/product_cat?post=47868"},{"taxonomy":"product_tag","embeddable":true,"href":"https:\/\/clarijs-fietstassen.nl\/de\/wp-json\/wp\/v2\/product_tag?post=47868"}],"curies":[{"name":"wp","href":"https:\/\/api.w.org\/{rel}","templated":true}]}}