{"id":47891,"date":"2024-12-17T16:18:50","date_gmt":"2024-12-17T15:18:50","guid":{"rendered":"https:\/\/clarijs-fietstassen.nl\/einzelne-fahrradtasche-mit-reissverschluss-matt-olive\/"},"modified":"2025-02-17T13:17:31","modified_gmt":"2025-02-17T12:17:31","slug":"einzelne-fahrradtasche-mit-reissverschluss-matt-olive","status":"publish","type":"product","link":"https:\/\/clarijs-fietstassen.nl\/de\/produkt\/einzelne-fahrradtasche-mit-reissverschluss-matt-olive\/","title":{"rendered":"Einzelne Fahrradtasche mit Rei\u00dfverschluss &#8211; Matt Olive"},"content":{"rendered":"<p>Sind Sie auf der Suche nach einer tragbaren Fahrradtasche, die sich perfekt f\u00fcr t\u00e4gliche Fahrradtouren eignet und leicht zu tragen ist? Dann ist die Zipper Single Pannier &#8211; Matte Olive von Clarijs panniers mit ihrem minimalistischen Design ideal f\u00fcr Sie. Als leidenschaftlicher Radfahrer kennt Clarijs den Bedarf an haltbaren, funktionellen und stilvollen Packtaschen. Die Zippers Kollektion ist die perfekte Antwort auf diese Nachfrage. Diese Zipper Single Pannier ist eine vielseitige und trendige Tasche, die Ihr Raderlebnis auf die n\u00e4chste Stufe hebt. Egal, ob Sie t\u00e4glich zur Arbeit fahren, Besorgungen machen oder eine gem\u00fctliche Wochenendtour unternehmen, diese Einzeltasche ist der ideale Begleiter f\u00fcr jeden. Mit ihrem modernen Design bietet die Zipper nicht nur einen modischen Look, sondern auch Haltbarkeit und Funktionalit\u00e4t, auf die Sie sich verlassen k\u00f6nnen. Aus hochwertigem und wasserabweisendem Polyester gefertigt, bleibt Ihr wertvoller Besitz vor leichten Regenschauern und unerwarteten Wetterbedingungen gesch\u00fctzt. <strong>Vorteile <\/strong>der Zipper Single Bicycle Bag &#8211; Matte Olive:  <\/p>\n<ul>\n<li>Stilvoll und funktionell: Diese trendige Tasche kombiniert Funktionalit\u00e4t mit einem minimalistischen Design. Mit viel Stauraum und praktischen Details ist diese einfache Packtasche perfekt f\u00fcr den t\u00e4glichen Gebrauch. <\/li>\n<li>Langlebig und robust: Die Tasche verf\u00fcgt \u00fcber eine verst\u00e4rkte R\u00fcckseite und einen verst\u00e4rkten Boden, so dass sie dem t\u00e4glichen Gebrauch standh\u00e4lt und gro\u00dfe Lasten m\u00fchelos tragen kann.<\/li>\n<li>Praktisches Design: Der faltbare Boden der Tasche bietet zus\u00e4tzlichen Komfort, so dass Sie die Tasche kompakt verstauen k\u00f6nnen, wenn sie nicht in Gebrauch ist. Die Tasche verf\u00fcgt \u00fcber einen Rei\u00dfverschluss und einen kurzen Griff f\u00fcr zus\u00e4tzlichen Tragekomfort, wenn Sie eine kleine Besorgung machen m\u00fcssen. <\/li>\n<\/ul>\n<p>Die Gr\u00f6\u00dfe dieser Tasche ist B 34cm x T 15cm x H 36cm. Die Tasche hat eine Rei\u00dfverschlusstasche auf der Innenseite.<\/p>\n<p><strong>Hochwertige Materialien:<\/strong><\/p>\n<p>Der Rei\u00dfverschluss ist aus Bisonyl PVC-Gewebe gefertigt, einem Material, das f\u00fcr seine hervorragende Wasserdichtigkeit bekannt ist. Dieses hochwertige PVC-beschichtete Polyestergewebe bietet eine wasserabweisende Barriere, so dass Ihre Sachen auch bei Regenwetter trocken bleiben. Diese Tasche wurde mit viel Liebe zum Detail entworfen und aus hochwertigen Materialien hergestellt. Das robuste PVC-Gewebe bietet nicht nur Schutz vor Feuchtigkeit, sondern sorgt auch daf\u00fcr, dass die Tasche dem t\u00e4glichen Gebrauch standh\u00e4lt und gro\u00dfe Lasten tragen kann. Machen Sie sich keine Sorgen um die Haltbarkeit, denn diese Tasche ist f\u00fcr die Ewigkeit gemacht. PVC-Gewebe ist leicht zu reinigen und zu pflegen. Es kann mit einem feuchten Tuch abgewischt oder mit milder Seife und Wasser gereinigt werden. Entscheiden Sie sich f\u00fcr die Zipper Single Pannier &#8211; Matte Olive und erleben Sie die Bequemlichkeit, den Stil und die Zuverl\u00e4ssigkeit dieser gro\u00dfartigen Packtasche. Mit dieser Tasche an Ihrer Seite wird jede Fahrradtour zu einem angenehmen und sorgenfreien Erlebnis. Bestellen Sie Ihren Zipper noch heute und genie\u00dfen Sie komfortables und stilvolles Radfahren! <\/p>\n","protected":false},"excerpt":{"rendered":"<p>Sind Sie auf der Suche nach einer tragbaren Fahrradtasche, die sich perfekt f\u00fcr t\u00e4gliche Fahrradtouren eignet und leicht zu tragen ist? Dann ist die Zipper Single Pannier &#8211; Matte Olive von Clarijs panniers mit ihrem minimalistischen Design ideal f\u00fcr Sie. Als leidenschaftlicher Radfahrer kennt Clarijs den Bedarf an haltbaren, funktionellen und stilvollen Packtaschen. Die Zippers [&hellip;]<\/p>\n","protected":false},"featured_media":47966,"comment_status":"closed","ping_status":"closed","template":"","meta":{"_acf_changed":false,"_et_pb_use_builder":"","_et_pb_old_content":"","_et_gb_content_width":""},"product_brand":[],"product_cat":[695,705,721,728,732,734,740,741,745,768,767,777,780],"product_tag":[],"class_list":{"0":"post-47891","1":"product","2":"type-product","3":"status-publish","4":"has-post-thumbnail","6":"product_cat-bisonyl-packtaschen","7":"product_cat-cortina-fahrradtaschen","8":"product_cat-einzelne-fahrradtaschen","9":"product_cat-fahrradtaschen","10":"product_cat-gazelle-fahrradtaschen","11":"product_cat-giant-fahrradtaschen","12":"product_cat-kleine-fahrradtaschen","13":"product_cat-koga-fahrradtaschen","14":"product_cat-leichte-fahrradtaschen","15":"product_cat-stabile-fahrradtaschen","16":"product_cat-stella-fahrradtaschen","17":"product_cat-wasserdichte-fahrradtaschen","18":"product_cat-zippers-de","19":"pa_geschikt-voor-e-bike-ja-de","20":"pa_kleur-matt-olive-de","21":"pa_materiaal-bisonyl-pvc-leinwand","23":"first","24":"instock","25":"taxable","26":"shipping-taxable","27":"purchasable","28":"product-type-simple"},"acf":[],"yoast_head":"<!-- This site is optimized with the Yoast SEO Premium plugin v27.2 (Yoast SEO v27.3) - https:\/\/yoast.com\/product\/yoast-seo-premium-wordpress\/ -->\n<title>Einzelne Fahrradtasche mit Rei\u00dfverschluss - Matt Olive - Clarijs Fietstassen<\/title>\n<meta name=\"description\" content=\"Einzelne Fahrradtasche mit Rei\u00dfverschluss - Matt Olive Die :stilvoll und funktionell. Minimalistisches Design, wasserabweisend und ger\u00e4umig genug f\u00fcr all Ihre t\u00e4glichen Utensilien.\" \/>\n<meta name=\"robots\" content=\"index, follow, max-snippet:-1, max-image-preview:large, max-video-preview:-1\" \/>\n<link rel=\"canonical\" href=\"http:\/\/clarijs-fietstassen.nl\/produkt\/zipper-enkele-fietstas-mat-olijf\/\" \/>\n<meta property=\"og:locale\" content=\"de_DE\" \/>\n<meta property=\"og:type\" content=\"article\" \/>\n<meta property=\"og:title\" content=\"Einzelne Fahrradtasche mit Rei\u00dfverschluss - Matt Olive\" \/>\n<meta property=\"og:description\" content=\"Einzelne Fahrradtasche mit Rei\u00dfverschluss - Matt Olive Die :stilvoll und funktionell. Minimalistisches Design, wasserabweisend und ger\u00e4umig genug f\u00fcr all Ihre t\u00e4glichen Utensilien.\" \/>\n<meta property=\"og:url\" content=\"http:\/\/clarijs-fietstassen.nl\/produkt\/zipper-enkele-fietstas-mat-olijf\/\" \/>\n<meta property=\"og:site_name\" content=\"Clarijs Fietstassen\" \/>\n<meta property=\"article:publisher\" content=\"https:\/\/www.facebook.com\/clarijs1948\/\" \/>\n<meta property=\"article:modified_time\" content=\"2025-02-17T12:17:31+00:00\" \/>\n<meta property=\"og:image\" content=\"https:\/\/clarijs-fietstassen.nl\/wp-content\/uploads\/2024\/12\/Zipper-Enkele-Fietstas-Mat-Olive-1-2.png\" \/>\n\t<meta property=\"og:image:width\" content=\"1000\" \/>\n\t<meta property=\"og:image:height\" content=\"1000\" \/>\n\t<meta property=\"og:image:type\" content=\"image\/png\" \/>\n<meta name=\"twitter:card\" content=\"summary_large_image\" \/>\n<meta name=\"twitter:label1\" content=\"Preis\" \/>\n\t<meta name=\"twitter:data1\" content=\"&euro;54.00\" \/>\n\t<meta name=\"twitter:label2\" content=\"Verf\u00fcgbarkeit\" \/>\n\t<meta name=\"twitter:data2\" content=\"Auf Lager\" \/>\n<script type=\"application\/ld+json\" class=\"yoast-schema-graph\">{\"@context\":\"https:\\\/\\\/schema.org\",\"@graph\":[{\"@type\":\"WebPage\",\"@id\":\"http:\\\/\\\/clarijs-fietstassen.nl\\\/produkt\\\/zipper-enkele-fietstas-mat-olijf\\\/\",\"url\":\"http:\\\/\\\/clarijs-fietstassen.nl\\\/produkt\\\/zipper-enkele-fietstas-mat-olijf\\\/\",\"name\":\"Einzelne Fahrradtasche mit Rei\u00dfverschluss - Matt Olive - Clarijs Fietstassen\",\"isPartOf\":{\"@id\":\"https:\\\/\\\/clarijs-fietstassen.nl\\\/de\\\/#website\"},\"primaryImageOfPage\":{\"@id\":\"http:\\\/\\\/clarijs-fietstassen.nl\\\/produkt\\\/zipper-enkele-fietstas-mat-olijf\\\/#primaryimage\"},\"image\":{\"@id\":\"http:\\\/\\\/clarijs-fietstassen.nl\\\/produkt\\\/zipper-enkele-fietstas-mat-olijf\\\/#primaryimage\"},\"thumbnailUrl\":\"https:\\\/\\\/clarijs-fietstassen.nl\\\/wp-content\\\/uploads\\\/2024\\\/12\\\/Zipper-Enkele-Fietstas-Mat-Olive-1-2.png\",\"datePublished\":\"2024-12-17T15:18:50+00:00\",\"dateModified\":\"2025-02-17T12:17:31+00:00\",\"description\":\"Einzelne Fahrradtasche mit Rei\u00dfverschluss - Matt Olive Die :stilvoll und funktionell. Minimalistisches Design, wasserabweisend und ger\u00e4umig genug f\u00fcr all Ihre t\u00e4glichen Utensilien.\",\"breadcrumb\":{\"@id\":\"http:\\\/\\\/clarijs-fietstassen.nl\\\/produkt\\\/zipper-enkele-fietstas-mat-olijf\\\/#breadcrumb\"},\"inLanguage\":\"de\",\"potentialAction\":[{\"@type\":\"ReadAction\",\"target\":[\"http:\\\/\\\/clarijs-fietstassen.nl\\\/produkt\\\/zipper-enkele-fietstas-mat-olijf\\\/\"]}]},{\"@type\":\"ImageObject\",\"inLanguage\":\"de\",\"@id\":\"http:\\\/\\\/clarijs-fietstassen.nl\\\/produkt\\\/zipper-enkele-fietstas-mat-olijf\\\/#primaryimage\",\"url\":\"https:\\\/\\\/clarijs-fietstassen.nl\\\/wp-content\\\/uploads\\\/2024\\\/12\\\/Zipper-Enkele-Fietstas-Mat-Olive-1-2.png\",\"contentUrl\":\"https:\\\/\\\/clarijs-fietstassen.nl\\\/wp-content\\\/uploads\\\/2024\\\/12\\\/Zipper-Enkele-Fietstas-Mat-Olive-1-2.png\",\"width\":1000,\"height\":1000,\"caption\":\"Zipper Enkele Fietstas Mat Olive\"},{\"@type\":\"BreadcrumbList\",\"@id\":\"http:\\\/\\\/clarijs-fietstassen.nl\\\/produkt\\\/zipper-enkele-fietstas-mat-olijf\\\/#breadcrumb\",\"itemListElement\":[{\"@type\":\"ListItem\",\"position\":1,\"name\":\"Home\",\"item\":\"https:\\\/\\\/clarijs-fietstassen.nl\\\/de\\\/\"},{\"@type\":\"ListItem\",\"position\":2,\"name\":\"Shop\",\"item\":\"https:\\\/\\\/clarijs-fietstassen.nl\\\/de\\\/shop\\\/\"},{\"@type\":\"ListItem\",\"position\":3,\"name\":\"Zippers\",\"item\":\"https:\\\/\\\/clarijs-fietstassen.nl\\\/zippers\\\/\"},{\"@type\":\"ListItem\",\"position\":4,\"name\":\"Einzelne Fahrradtasche mit Rei\u00dfverschluss &#8211; Matt Olive\"}]},{\"@type\":\"WebSite\",\"@id\":\"https:\\\/\\\/clarijs-fietstassen.nl\\\/de\\\/#website\",\"url\":\"https:\\\/\\\/clarijs-fietstassen.nl\\\/de\\\/\",\"name\":\"Clarijs Fietstassen\",\"description\":\"Kwaliteit &amp; ambacht sinds 1948\",\"publisher\":{\"@id\":\"https:\\\/\\\/clarijs-fietstassen.nl\\\/de\\\/#organization\"},\"potentialAction\":[{\"@type\":\"SearchAction\",\"target\":{\"@type\":\"EntryPoint\",\"urlTemplate\":\"https:\\\/\\\/clarijs-fietstassen.nl\\\/de\\\/?s={search_term_string}\"},\"query-input\":{\"@type\":\"PropertyValueSpecification\",\"valueRequired\":true,\"valueName\":\"search_term_string\"}}],\"inLanguage\":\"de\"},{\"@type\":\"Organization\",\"@id\":\"https:\\\/\\\/clarijs-fietstassen.nl\\\/de\\\/#organization\",\"name\":\"Clarijs Fietstassen\",\"url\":\"https:\\\/\\\/clarijs-fietstassen.nl\\\/de\\\/\",\"logo\":{\"@type\":\"ImageObject\",\"inLanguage\":\"de\",\"@id\":\"https:\\\/\\\/clarijs-fietstassen.nl\\\/de\\\/#\\\/schema\\\/logo\\\/image\\\/\",\"url\":\"https:\\\/\\\/clarijs-fietstassen.nl\\\/wp-content\\\/uploads\\\/2024\\\/01\\\/clarijs-logo-met-rand.jpg\",\"contentUrl\":\"https:\\\/\\\/clarijs-fietstassen.nl\\\/wp-content\\\/uploads\\\/2024\\\/01\\\/clarijs-logo-met-rand.jpg\",\"width\":560,\"height\":266,\"caption\":\"Clarijs Fietstassen\"},\"image\":{\"@id\":\"https:\\\/\\\/clarijs-fietstassen.nl\\\/de\\\/#\\\/schema\\\/logo\\\/image\\\/\"},\"sameAs\":[\"https:\\\/\\\/www.facebook.com\\\/clarijs1948\\\/\",\"https:\\\/\\\/www.instagram.com\\\/clarijscovers\\\/\"]}]}<\/script>\n<meta property=\"product:price:amount\" content=\"54.00\" \/>\n<meta property=\"product:price:currency\" content=\"EUR\" \/>\n<meta property=\"og:availability\" content=\"instock\" \/>\n<meta property=\"product:availability\" content=\"instock\" \/>\n<meta property=\"product:retailer_item_id\" content=\"3102\" \/>\n<meta property=\"product:condition\" content=\"new\" \/>\n<!-- \/ Yoast SEO Premium plugin. -->","yoast_head_json":{"title":"Einzelne Fahrradtasche mit Rei\u00dfverschluss - Matt Olive - Clarijs Fietstassen","description":"Einzelne Fahrradtasche mit Rei\u00dfverschluss - Matt Olive Die :stilvoll und funktionell. Minimalistisches Design, wasserabweisend und ger\u00e4umig genug f\u00fcr all Ihre t\u00e4glichen Utensilien.","robots":{"index":"index","follow":"follow","max-snippet":"max-snippet:-1","max-image-preview":"max-image-preview:large","max-video-preview":"max-video-preview:-1"},"canonical":"http:\/\/clarijs-fietstassen.nl\/produkt\/zipper-enkele-fietstas-mat-olijf\/","og_locale":"de_DE","og_type":"article","og_title":"Einzelne Fahrradtasche mit Rei\u00dfverschluss - Matt Olive","og_description":"Einzelne Fahrradtasche mit Rei\u00dfverschluss - Matt Olive Die :stilvoll und funktionell. Minimalistisches Design, wasserabweisend und ger\u00e4umig genug f\u00fcr all Ihre t\u00e4glichen Utensilien.","og_url":"http:\/\/clarijs-fietstassen.nl\/produkt\/zipper-enkele-fietstas-mat-olijf\/","og_site_name":"Clarijs Fietstassen","article_publisher":"https:\/\/www.facebook.com\/clarijs1948\/","article_modified_time":"2025-02-17T12:17:31+00:00","og_image":[{"width":1000,"height":1000,"url":"https:\/\/clarijs-fietstassen.nl\/wp-content\/uploads\/2024\/12\/Zipper-Enkele-Fietstas-Mat-Olive-1-2.png","type":"image\/png"}],"twitter_card":"summary_large_image","twitter_misc":{"Preis":"&euro;54.00","Verf\u00fcgbarkeit":"Auf Lager"},"schema":{"@context":"https:\/\/schema.org","@graph":[{"@type":"WebPage","@id":"http:\/\/clarijs-fietstassen.nl\/produkt\/zipper-enkele-fietstas-mat-olijf\/","url":"http:\/\/clarijs-fietstassen.nl\/produkt\/zipper-enkele-fietstas-mat-olijf\/","name":"Einzelne Fahrradtasche mit Rei\u00dfverschluss - Matt Olive - Clarijs Fietstassen","isPartOf":{"@id":"https:\/\/clarijs-fietstassen.nl\/de\/#website"},"primaryImageOfPage":{"@id":"http:\/\/clarijs-fietstassen.nl\/produkt\/zipper-enkele-fietstas-mat-olijf\/#primaryimage"},"image":{"@id":"http:\/\/clarijs-fietstassen.nl\/produkt\/zipper-enkele-fietstas-mat-olijf\/#primaryimage"},"thumbnailUrl":"https:\/\/clarijs-fietstassen.nl\/wp-content\/uploads\/2024\/12\/Zipper-Enkele-Fietstas-Mat-Olive-1-2.png","datePublished":"2024-12-17T15:18:50+00:00","dateModified":"2025-02-17T12:17:31+00:00","description":"Einzelne Fahrradtasche mit Rei\u00dfverschluss - Matt Olive Die :stilvoll und funktionell. Minimalistisches Design, wasserabweisend und ger\u00e4umig genug f\u00fcr all Ihre t\u00e4glichen Utensilien.","breadcrumb":{"@id":"http:\/\/clarijs-fietstassen.nl\/produkt\/zipper-enkele-fietstas-mat-olijf\/#breadcrumb"},"inLanguage":"de","potentialAction":[{"@type":"ReadAction","target":["http:\/\/clarijs-fietstassen.nl\/produkt\/zipper-enkele-fietstas-mat-olijf\/"]}]},{"@type":"ImageObject","inLanguage":"de","@id":"http:\/\/clarijs-fietstassen.nl\/produkt\/zipper-enkele-fietstas-mat-olijf\/#primaryimage","url":"https:\/\/clarijs-fietstassen.nl\/wp-content\/uploads\/2024\/12\/Zipper-Enkele-Fietstas-Mat-Olive-1-2.png","contentUrl":"https:\/\/clarijs-fietstassen.nl\/wp-content\/uploads\/2024\/12\/Zipper-Enkele-Fietstas-Mat-Olive-1-2.png","width":1000,"height":1000,"caption":"Zipper Enkele Fietstas Mat Olive"},{"@type":"BreadcrumbList","@id":"http:\/\/clarijs-fietstassen.nl\/produkt\/zipper-enkele-fietstas-mat-olijf\/#breadcrumb","itemListElement":[{"@type":"ListItem","position":1,"name":"Home","item":"https:\/\/clarijs-fietstassen.nl\/de\/"},{"@type":"ListItem","position":2,"name":"Shop","item":"https:\/\/clarijs-fietstassen.nl\/de\/shop\/"},{"@type":"ListItem","position":3,"name":"Zippers","item":"https:\/\/clarijs-fietstassen.nl\/zippers\/"},{"@type":"ListItem","position":4,"name":"Einzelne Fahrradtasche mit Rei\u00dfverschluss &#8211; Matt Olive"}]},{"@type":"WebSite","@id":"https:\/\/clarijs-fietstassen.nl\/de\/#website","url":"https:\/\/clarijs-fietstassen.nl\/de\/","name":"Clarijs Fietstassen","description":"Kwaliteit &amp; ambacht sinds 1948","publisher":{"@id":"https:\/\/clarijs-fietstassen.nl\/de\/#organization"},"potentialAction":[{"@type":"SearchAction","target":{"@type":"EntryPoint","urlTemplate":"https:\/\/clarijs-fietstassen.nl\/de\/?s={search_term_string}"},"query-input":{"@type":"PropertyValueSpecification","valueRequired":true,"valueName":"search_term_string"}}],"inLanguage":"de"},{"@type":"Organization","@id":"https:\/\/clarijs-fietstassen.nl\/de\/#organization","name":"Clarijs Fietstassen","url":"https:\/\/clarijs-fietstassen.nl\/de\/","logo":{"@type":"ImageObject","inLanguage":"de","@id":"https:\/\/clarijs-fietstassen.nl\/de\/#\/schema\/logo\/image\/","url":"https:\/\/clarijs-fietstassen.nl\/wp-content\/uploads\/2024\/01\/clarijs-logo-met-rand.jpg","contentUrl":"https:\/\/clarijs-fietstassen.nl\/wp-content\/uploads\/2024\/01\/clarijs-logo-met-rand.jpg","width":560,"height":266,"caption":"Clarijs Fietstassen"},"image":{"@id":"https:\/\/clarijs-fietstassen.nl\/de\/#\/schema\/logo\/image\/"},"sameAs":["https:\/\/www.facebook.com\/clarijs1948\/","https:\/\/www.instagram.com\/clarijscovers\/"]}]},"product_price_amount":"54.00","product_price_currency":"EUR","og_availability":"instock","product_availability":"instock","product_retailer_item_id":"3102","product_condition":"new"},"_links":{"self":[{"href":"https:\/\/clarijs-fietstassen.nl\/de\/wp-json\/wp\/v2\/product\/47891","targetHints":{"allow":["GET"]}}],"collection":[{"href":"https:\/\/clarijs-fietstassen.nl\/de\/wp-json\/wp\/v2\/product"}],"about":[{"href":"https:\/\/clarijs-fietstassen.nl\/de\/wp-json\/wp\/v2\/types\/product"}],"replies":[{"embeddable":true,"href":"https:\/\/clarijs-fietstassen.nl\/de\/wp-json\/wp\/v2\/comments?post=47891"}],"wp:featuredmedia":[{"embeddable":true,"href":"https:\/\/clarijs-fietstassen.nl\/de\/wp-json\/wp\/v2\/media\/47966"}],"wp:attachment":[{"href":"https:\/\/clarijs-fietstassen.nl\/de\/wp-json\/wp\/v2\/media?parent=47891"}],"wp:term":[{"taxonomy":"product_brand","embeddable":true,"href":"https:\/\/clarijs-fietstassen.nl\/de\/wp-json\/wp\/v2\/product_brand?post=47891"},{"taxonomy":"product_cat","embeddable":true,"href":"https:\/\/clarijs-fietstassen.nl\/de\/wp-json\/wp\/v2\/product_cat?post=47891"},{"taxonomy":"product_tag","embeddable":true,"href":"https:\/\/clarijs-fietstassen.nl\/de\/wp-json\/wp\/v2\/product_tag?post=47891"}],"curies":[{"name":"wp","href":"https:\/\/api.w.org\/{rel}","templated":true}]}}