{"id":47892,"date":"2024-12-13T11:42:52","date_gmt":"2024-12-13T10:42:52","guid":{"rendered":"https:\/\/clarijs-fietstassen.nl\/doppelte-fahrradtasche-recycled-jost-5\/"},"modified":"2026-03-25T13:11:44","modified_gmt":"2026-03-25T12:11:44","slug":"doppelte-fahrradtasche-recycled-jost-5","status":"publish","type":"product","link":"https:\/\/clarijs-fietstassen.nl\/de\/produkt\/doppelte-fahrradtasche-recycled-jost-5\/","title":{"rendered":"Doppelte Fahrradtasche ReCYCLEd &#8211; Jost 2"},"content":{"rendered":"<p><span style=\"font-weight: 400;\">Die Doppelte Fahrradtasche ReCYCLEd &#8211; Jost 2 von Clarijs Fietstassen ist eine umweltfreundliche und robuste Fahrradtasche f\u00fcr den bewussten Radfahrer.<\/span><span style=\"font-weight: 400;\"><br \/>\n<\/span>Diese Tasche bietet eine robuste und praktische L\u00f6sung f\u00fcr den Transport Ihrer Habseligkeiten bei Ihren Fahrradabenteuern.<br \/>\nDiese Taschen werden in Handarbeit aus <span style=\"font-weight: 400;\">reCYCLEd <\/span>LKW-Planen hergestellt, was jede Tasche zu einem Unikat macht.<\/p>\n<p><strong>Warum jede Tasche ein Unikat ist<br data-start=\"513\" data-end=\"516\"><\/strong>Bitte beachten Sie: Da die Packtaschen aus gro\u00dfen St\u00fccken LKW-Plane geschnitten werden, sind keine zwei Taschen genau gleich wie das Produktfoto. Farben und Muster k\u00f6nnen variieren, sodass Sie immer ein wirklich einzigartiges Exemplar erhalten \u2013 one of a kind mit ganz eigener Ausstrahlung.<\/p>\n<p><b>Vorteile <\/b><\/p>\n<ul>\n<li style=\"font-weight: 400;\" aria-level=\"1\">Die Tasche ist aus <strong>recyceltem <\/strong>Material hergestellt<\/li>\n<li style=\"font-weight: 400;\" aria-level=\"1\"><span style=\"font-weight: 400;\">Die Tasche verf\u00fcgt \u00fcber <strong>Reflektoren <\/strong>vorne und hinten<\/span><\/li>\n<li style=\"font-weight: 400;\" aria-level=\"1\"><span style=\"font-weight: 400;\">Die Tasche hat einen zus\u00e4tzlichen Mittelgurt, mit dem Sie die Tasche bei voller Beladung hochziehen k\u00f6nnen.<\/span><\/li>\n<li style=\"font-weight: 400;\" aria-level=\"1\"><span style=\"font-weight: 400;\">Die Tasche hat einen faltbaren Boden. <\/span><\/li>\n<li>Alle Doppeltaschen haben <strong>Entw\u00e4sserungsl\u00f6cher<\/strong>.<\/li>\n<\/ul>\n<div>\n<div><strong>Gr\u00f6\u00dfen<\/strong> &#8211; <a href=\"https:\/\/clarijs-fietstassen.nl\/wp-content\/uploads\/2026\/03\/Lijntekening-Dubbele-Fietstas-met-maten.jpg\" target=\"_blank\" rel=\"noopener\">Bild<\/a><\/div>\n<div>Die Ma\u00dfe der Doppel-Fahrradtaschen sind in Zentimetern angegeben als: L\u00e4nge x Tiefe\/Breite x H\u00f6he<\/div>\n<p>Innen 36 x 18 x 32<br \/>\nAu\u00dfen 40 x 20 x 33<\/p>\n<p>Da die Taschen handgefertigt sind, k\u00f6nnen die Ma\u00dfe um etwa einen Zentimeter variieren.<br \/>\nDie Packtasche passt auf Gep\u00e4cktr\u00e4ger mit einer Breite zwischen 13 und 17 cm.<\/p>\n<\/div>\n<p><b>Hochwertiges Material<br \/>\n<\/b><span style=\"font-weight: 400;\">Die hochwertigen Materialien des Rucksacks sorgen daf\u00fcr, dass er dem t\u00e4glichen Gebrauch standh\u00e4lt.<\/span><\/p>\n<p><strong>Entscheiden Sie sich f\u00fcr Haltbarkeit und Auff\u00e4lligkeit!<br \/>\n<\/strong>Bestellen Sie noch heute Ihre Doppelte Fahrradtasche ReCYCLEd &#8211; Jost 2 und zeigen Sie der Welt, dass Haltbarkeit auch stilvoll sein kann. Mit dem einzigartigen Design und dem auff\u00e4lligen Druck und der Farbe fallen Sie garantiert auf: wo auch immer Sie hingehen!<\/p>\n","protected":false},"excerpt":{"rendered":"<p>Die Doppelte Fahrradtasche ReCYCLEd &#8211; Jost 2 von Clarijs Fietstassen ist eine umweltfreundliche und robuste Fahrradtasche f\u00fcr den bewussten Radfahrer. Diese Tasche bietet eine robuste und praktische L\u00f6sung f\u00fcr den Transport Ihrer Habseligkeiten bei Ihren Fahrradabenteuern. Diese Taschen werden in Handarbeit aus reCYCLEd LKW-Planen hergestellt, was jede Tasche zu einem Unikat macht. Warum jede Tasche [&hellip;]<\/p>\n","protected":false},"featured_media":63629,"comment_status":"closed","ping_status":"closed","template":"","meta":{"_acf_changed":false,"_et_pb_use_builder":"","_et_pb_old_content":"","_et_gb_content_width":""},"product_brand":[],"product_cat":[705,714,718,717,728,732,734,741,745,783,768,767,777],"product_tag":[],"class_list":{"0":"post-47892","1":"product","2":"type-product","3":"status-publish","4":"has-post-thumbnail","6":"product_cat-cortina-fahrradtaschen","7":"product_cat-doppelte-fahrradtaschen","8":"product_cat-doppelte-fahrradtaschen-fuer-damen","9":"product_cat-doppelte-fahrradtaschen-recycled","10":"product_cat-fahrradtaschen","11":"product_cat-gazelle-fahrradtaschen","12":"product_cat-giant-fahrradtaschen","13":"product_cat-koga-fahrradtaschen","14":"product_cat-leichte-fahrradtaschen","15":"product_cat-recycled-de","16":"product_cat-stabile-fahrradtaschen","17":"product_cat-stella-fahrradtaschen","18":"product_cat-wasserdichte-fahrradtaschen","19":"pa_afmetingen-40-x-20-x-33-cm-l-x-b-x-h-de","20":"pa_geschikt-voor-e-bike-ja-de","21":"pa_geschikt-voor-ledlampjes-ja-de","22":"pa_inhoud-42-liter-de","23":"pa_kleur-blau-schwarz","24":"pa_kleur-schwarz","25":"pa_materiaal-recyceltes-pvc","26":"pa_reflectie-ja-de","27":"pa_snelbinders-toegankelijk-ja-wahlen-sie-die-option-schneiden-oder-aussparen-der-mitte","29":"first","30":"instock","31":"taxable","32":"shipping-taxable","33":"purchasable","34":"product-type-simple"},"acf":[],"yoast_head":"<!-- This site is optimized with the Yoast SEO Premium plugin v27.2 (Yoast SEO v27.3) - https:\/\/yoast.com\/product\/yoast-seo-premium-wordpress\/ -->\n<title>Doppelte Fahrradtasche ReCYCLEd - Jost 2 - Clarijs Fietstassen<\/title>\n<meta name=\"description\" content=\"Doppelte Fahrradtasche ReCYCLEd - Jost 2 Stilvoll UND nachhaltig: Die von Clarijs Fietstassen! Diese Fahrradtasche ist recycelt und mit Reflektoren ausgestattet.\" \/>\n<meta name=\"robots\" content=\"index, follow, max-snippet:-1, max-image-preview:large, max-video-preview:-1\" \/>\n<link rel=\"canonical\" href=\"https:\/\/clarijs-fietstassen.nl\/de\/doppelte-fahrradtasche-recycled-jost-5\/\" \/>\n<meta property=\"og:locale\" content=\"de_DE\" \/>\n<meta property=\"og:type\" content=\"article\" \/>\n<meta property=\"og:title\" content=\"Doppelte Fahrradtasche ReCYCLEd - Jost 2\" \/>\n<meta property=\"og:description\" content=\"Doppelte Fahrradtasche ReCYCLEd - Jost 2 Stilvoll UND nachhaltig: Die von Clarijs Fietstassen! Diese Fahrradtasche ist recycelt und mit Reflektoren ausgestattet.\" \/>\n<meta property=\"og:url\" content=\"https:\/\/clarijs-fietstassen.nl\/de\/doppelte-fahrradtasche-recycled-jost-5\/\" \/>\n<meta property=\"og:site_name\" content=\"Clarijs Fietstassen\" \/>\n<meta property=\"article:publisher\" content=\"https:\/\/www.facebook.com\/clarijs1948\/\" \/>\n<meta property=\"article:modified_time\" content=\"2026-03-25T12:11:44+00:00\" \/>\n<meta property=\"og:image\" content=\"https:\/\/clarijs-fietstassen.nl\/wp-content\/uploads\/2024\/12\/Dubbele-fietstas-recycled-jost2.png\" \/>\n\t<meta property=\"og:image:width\" content=\"1000\" \/>\n\t<meta property=\"og:image:height\" content=\"1000\" \/>\n\t<meta property=\"og:image:type\" content=\"image\/png\" \/>\n<meta name=\"twitter:card\" content=\"summary_large_image\" \/>\n<meta name=\"twitter:label1\" content=\"Preis\" \/>\n\t<meta name=\"twitter:data1\" content=\"&euro;89.00\" \/>\n\t<meta name=\"twitter:label2\" content=\"Verf\u00fcgbarkeit\" \/>\n\t<meta name=\"twitter:data2\" content=\"Auf Lager\" \/>\n<script type=\"application\/ld+json\" class=\"yoast-schema-graph\">{\"@context\":\"https:\\\/\\\/schema.org\",\"@graph\":[{\"@type\":\"WebPage\",\"@id\":\"https:\\\/\\\/clarijs-fietstassen.nl\\\/de\\\/doppelte-fahrradtasche-recycled-jost-5\\\/\",\"url\":\"https:\\\/\\\/clarijs-fietstassen.nl\\\/de\\\/doppelte-fahrradtasche-recycled-jost-5\\\/\",\"name\":\"Doppelte Fahrradtasche ReCYCLEd - Jost 2 - Clarijs Fietstassen\",\"isPartOf\":{\"@id\":\"https:\\\/\\\/clarijs-fietstassen.nl\\\/de\\\/#website\"},\"primaryImageOfPage\":{\"@id\":\"https:\\\/\\\/clarijs-fietstassen.nl\\\/de\\\/doppelte-fahrradtasche-recycled-jost-5\\\/#primaryimage\"},\"image\":{\"@id\":\"https:\\\/\\\/clarijs-fietstassen.nl\\\/de\\\/doppelte-fahrradtasche-recycled-jost-5\\\/#primaryimage\"},\"thumbnailUrl\":\"https:\\\/\\\/clarijs-fietstassen.nl\\\/wp-content\\\/uploads\\\/2024\\\/12\\\/Dubbele-fietstas-recycled-jost2.png\",\"datePublished\":\"2024-12-13T10:42:52+00:00\",\"dateModified\":\"2026-03-25T12:11:44+00:00\",\"description\":\"Doppelte Fahrradtasche ReCYCLEd - Jost 2 Stilvoll UND nachhaltig: Die von Clarijs Fietstassen! Diese Fahrradtasche ist recycelt und mit Reflektoren ausgestattet.\",\"breadcrumb\":{\"@id\":\"https:\\\/\\\/clarijs-fietstassen.nl\\\/de\\\/doppelte-fahrradtasche-recycled-jost-5\\\/#breadcrumb\"},\"inLanguage\":\"de\",\"potentialAction\":[{\"@type\":\"ReadAction\",\"target\":[\"https:\\\/\\\/clarijs-fietstassen.nl\\\/de\\\/doppelte-fahrradtasche-recycled-jost-5\\\/\"]}]},{\"@type\":\"ImageObject\",\"inLanguage\":\"de\",\"@id\":\"https:\\\/\\\/clarijs-fietstassen.nl\\\/de\\\/doppelte-fahrradtasche-recycled-jost-5\\\/#primaryimage\",\"url\":\"https:\\\/\\\/clarijs-fietstassen.nl\\\/wp-content\\\/uploads\\\/2024\\\/12\\\/Dubbele-fietstas-recycled-jost2.png\",\"contentUrl\":\"https:\\\/\\\/clarijs-fietstassen.nl\\\/wp-content\\\/uploads\\\/2024\\\/12\\\/Dubbele-fietstas-recycled-jost2.png\",\"width\":1000,\"height\":1000,\"caption\":\"Doppelte Fahrradtasche ReCYCLEd - Jost 2\"},{\"@type\":\"BreadcrumbList\",\"@id\":\"https:\\\/\\\/clarijs-fietstassen.nl\\\/de\\\/doppelte-fahrradtasche-recycled-jost-5\\\/#breadcrumb\",\"itemListElement\":[{\"@type\":\"ListItem\",\"position\":1,\"name\":\"Home\",\"item\":\"https:\\\/\\\/clarijs-fietstassen.nl\\\/de\\\/\"},{\"@type\":\"ListItem\",\"position\":2,\"name\":\"Shop\",\"item\":\"https:\\\/\\\/clarijs-fietstassen.nl\\\/de\\\/shop\\\/\"},{\"@type\":\"ListItem\",\"position\":3,\"name\":\"Dubbele fietstassen reCYCLEd\",\"item\":\"https:\\\/\\\/clarijs-fietstassen.nl\\\/dubbele-fietstassen-recycled\\\/\"},{\"@type\":\"ListItem\",\"position\":4,\"name\":\"Doppelte Fahrradtasche ReCYCLEd &#8211; Jost 2\"}]},{\"@type\":\"WebSite\",\"@id\":\"https:\\\/\\\/clarijs-fietstassen.nl\\\/de\\\/#website\",\"url\":\"https:\\\/\\\/clarijs-fietstassen.nl\\\/de\\\/\",\"name\":\"Clarijs Fietstassen\",\"description\":\"Kwaliteit &amp; ambacht sinds 1948\",\"publisher\":{\"@id\":\"https:\\\/\\\/clarijs-fietstassen.nl\\\/de\\\/#organization\"},\"potentialAction\":[{\"@type\":\"SearchAction\",\"target\":{\"@type\":\"EntryPoint\",\"urlTemplate\":\"https:\\\/\\\/clarijs-fietstassen.nl\\\/de\\\/?s={search_term_string}\"},\"query-input\":{\"@type\":\"PropertyValueSpecification\",\"valueRequired\":true,\"valueName\":\"search_term_string\"}}],\"inLanguage\":\"de\"},{\"@type\":\"Organization\",\"@id\":\"https:\\\/\\\/clarijs-fietstassen.nl\\\/de\\\/#organization\",\"name\":\"Clarijs Fietstassen\",\"url\":\"https:\\\/\\\/clarijs-fietstassen.nl\\\/de\\\/\",\"logo\":{\"@type\":\"ImageObject\",\"inLanguage\":\"de\",\"@id\":\"https:\\\/\\\/clarijs-fietstassen.nl\\\/de\\\/#\\\/schema\\\/logo\\\/image\\\/\",\"url\":\"https:\\\/\\\/clarijs-fietstassen.nl\\\/wp-content\\\/uploads\\\/2024\\\/01\\\/clarijs-logo-met-rand.jpg\",\"contentUrl\":\"https:\\\/\\\/clarijs-fietstassen.nl\\\/wp-content\\\/uploads\\\/2024\\\/01\\\/clarijs-logo-met-rand.jpg\",\"width\":560,\"height\":266,\"caption\":\"Clarijs Fietstassen\"},\"image\":{\"@id\":\"https:\\\/\\\/clarijs-fietstassen.nl\\\/de\\\/#\\\/schema\\\/logo\\\/image\\\/\"},\"sameAs\":[\"https:\\\/\\\/www.facebook.com\\\/clarijs1948\\\/\",\"https:\\\/\\\/www.instagram.com\\\/clarijscovers\\\/\"]}]}<\/script>\n<meta property=\"product:price:amount\" content=\"89.00\" \/>\n<meta property=\"product:price:currency\" content=\"EUR\" \/>\n<meta property=\"og:availability\" content=\"instock\" \/>\n<meta property=\"product:availability\" content=\"instock\" \/>\n<meta property=\"product:retailer_item_id\" content=\"1532\" \/>\n<meta property=\"product:condition\" content=\"new\" \/>\n<!-- \/ Yoast SEO Premium plugin. -->","yoast_head_json":{"title":"Doppelte Fahrradtasche ReCYCLEd - Jost 2 - Clarijs Fietstassen","description":"Doppelte Fahrradtasche ReCYCLEd - Jost 2 Stilvoll UND nachhaltig: Die von Clarijs Fietstassen! Diese Fahrradtasche ist recycelt und mit Reflektoren ausgestattet.","robots":{"index":"index","follow":"follow","max-snippet":"max-snippet:-1","max-image-preview":"max-image-preview:large","max-video-preview":"max-video-preview:-1"},"canonical":"https:\/\/clarijs-fietstassen.nl\/de\/doppelte-fahrradtasche-recycled-jost-5\/","og_locale":"de_DE","og_type":"article","og_title":"Doppelte Fahrradtasche ReCYCLEd - Jost 2","og_description":"Doppelte Fahrradtasche ReCYCLEd - Jost 2 Stilvoll UND nachhaltig: Die von Clarijs Fietstassen! Diese Fahrradtasche ist recycelt und mit Reflektoren ausgestattet.","og_url":"https:\/\/clarijs-fietstassen.nl\/de\/doppelte-fahrradtasche-recycled-jost-5\/","og_site_name":"Clarijs Fietstassen","article_publisher":"https:\/\/www.facebook.com\/clarijs1948\/","article_modified_time":"2026-03-25T12:11:44+00:00","og_image":[{"width":1000,"height":1000,"url":"https:\/\/clarijs-fietstassen.nl\/wp-content\/uploads\/2024\/12\/Dubbele-fietstas-recycled-jost2.png","type":"image\/png"}],"twitter_card":"summary_large_image","twitter_misc":{"Preis":"&euro;89.00","Verf\u00fcgbarkeit":"Auf Lager"},"schema":{"@context":"https:\/\/schema.org","@graph":[{"@type":"WebPage","@id":"https:\/\/clarijs-fietstassen.nl\/de\/doppelte-fahrradtasche-recycled-jost-5\/","url":"https:\/\/clarijs-fietstassen.nl\/de\/doppelte-fahrradtasche-recycled-jost-5\/","name":"Doppelte Fahrradtasche ReCYCLEd - Jost 2 - Clarijs Fietstassen","isPartOf":{"@id":"https:\/\/clarijs-fietstassen.nl\/de\/#website"},"primaryImageOfPage":{"@id":"https:\/\/clarijs-fietstassen.nl\/de\/doppelte-fahrradtasche-recycled-jost-5\/#primaryimage"},"image":{"@id":"https:\/\/clarijs-fietstassen.nl\/de\/doppelte-fahrradtasche-recycled-jost-5\/#primaryimage"},"thumbnailUrl":"https:\/\/clarijs-fietstassen.nl\/wp-content\/uploads\/2024\/12\/Dubbele-fietstas-recycled-jost2.png","datePublished":"2024-12-13T10:42:52+00:00","dateModified":"2026-03-25T12:11:44+00:00","description":"Doppelte Fahrradtasche ReCYCLEd - Jost 2 Stilvoll UND nachhaltig: Die von Clarijs Fietstassen! Diese Fahrradtasche ist recycelt und mit Reflektoren ausgestattet.","breadcrumb":{"@id":"https:\/\/clarijs-fietstassen.nl\/de\/doppelte-fahrradtasche-recycled-jost-5\/#breadcrumb"},"inLanguage":"de","potentialAction":[{"@type":"ReadAction","target":["https:\/\/clarijs-fietstassen.nl\/de\/doppelte-fahrradtasche-recycled-jost-5\/"]}]},{"@type":"ImageObject","inLanguage":"de","@id":"https:\/\/clarijs-fietstassen.nl\/de\/doppelte-fahrradtasche-recycled-jost-5\/#primaryimage","url":"https:\/\/clarijs-fietstassen.nl\/wp-content\/uploads\/2024\/12\/Dubbele-fietstas-recycled-jost2.png","contentUrl":"https:\/\/clarijs-fietstassen.nl\/wp-content\/uploads\/2024\/12\/Dubbele-fietstas-recycled-jost2.png","width":1000,"height":1000,"caption":"Doppelte Fahrradtasche ReCYCLEd - Jost 2"},{"@type":"BreadcrumbList","@id":"https:\/\/clarijs-fietstassen.nl\/de\/doppelte-fahrradtasche-recycled-jost-5\/#breadcrumb","itemListElement":[{"@type":"ListItem","position":1,"name":"Home","item":"https:\/\/clarijs-fietstassen.nl\/de\/"},{"@type":"ListItem","position":2,"name":"Shop","item":"https:\/\/clarijs-fietstassen.nl\/de\/shop\/"},{"@type":"ListItem","position":3,"name":"Dubbele fietstassen reCYCLEd","item":"https:\/\/clarijs-fietstassen.nl\/dubbele-fietstassen-recycled\/"},{"@type":"ListItem","position":4,"name":"Doppelte Fahrradtasche ReCYCLEd &#8211; Jost 2"}]},{"@type":"WebSite","@id":"https:\/\/clarijs-fietstassen.nl\/de\/#website","url":"https:\/\/clarijs-fietstassen.nl\/de\/","name":"Clarijs Fietstassen","description":"Kwaliteit &amp; ambacht sinds 1948","publisher":{"@id":"https:\/\/clarijs-fietstassen.nl\/de\/#organization"},"potentialAction":[{"@type":"SearchAction","target":{"@type":"EntryPoint","urlTemplate":"https:\/\/clarijs-fietstassen.nl\/de\/?s={search_term_string}"},"query-input":{"@type":"PropertyValueSpecification","valueRequired":true,"valueName":"search_term_string"}}],"inLanguage":"de"},{"@type":"Organization","@id":"https:\/\/clarijs-fietstassen.nl\/de\/#organization","name":"Clarijs Fietstassen","url":"https:\/\/clarijs-fietstassen.nl\/de\/","logo":{"@type":"ImageObject","inLanguage":"de","@id":"https:\/\/clarijs-fietstassen.nl\/de\/#\/schema\/logo\/image\/","url":"https:\/\/clarijs-fietstassen.nl\/wp-content\/uploads\/2024\/01\/clarijs-logo-met-rand.jpg","contentUrl":"https:\/\/clarijs-fietstassen.nl\/wp-content\/uploads\/2024\/01\/clarijs-logo-met-rand.jpg","width":560,"height":266,"caption":"Clarijs Fietstassen"},"image":{"@id":"https:\/\/clarijs-fietstassen.nl\/de\/#\/schema\/logo\/image\/"},"sameAs":["https:\/\/www.facebook.com\/clarijs1948\/","https:\/\/www.instagram.com\/clarijscovers\/"]}]},"product_price_amount":"89.00","product_price_currency":"EUR","og_availability":"instock","product_availability":"instock","product_retailer_item_id":"1532","product_condition":"new"},"_links":{"self":[{"href":"https:\/\/clarijs-fietstassen.nl\/de\/wp-json\/wp\/v2\/product\/47892","targetHints":{"allow":["GET"]}}],"collection":[{"href":"https:\/\/clarijs-fietstassen.nl\/de\/wp-json\/wp\/v2\/product"}],"about":[{"href":"https:\/\/clarijs-fietstassen.nl\/de\/wp-json\/wp\/v2\/types\/product"}],"replies":[{"embeddable":true,"href":"https:\/\/clarijs-fietstassen.nl\/de\/wp-json\/wp\/v2\/comments?post=47892"}],"wp:featuredmedia":[{"embeddable":true,"href":"https:\/\/clarijs-fietstassen.nl\/de\/wp-json\/wp\/v2\/media\/63629"}],"wp:attachment":[{"href":"https:\/\/clarijs-fietstassen.nl\/de\/wp-json\/wp\/v2\/media?parent=47892"}],"wp:term":[{"taxonomy":"product_brand","embeddable":true,"href":"https:\/\/clarijs-fietstassen.nl\/de\/wp-json\/wp\/v2\/product_brand?post=47892"},{"taxonomy":"product_cat","embeddable":true,"href":"https:\/\/clarijs-fietstassen.nl\/de\/wp-json\/wp\/v2\/product_cat?post=47892"},{"taxonomy":"product_tag","embeddable":true,"href":"https:\/\/clarijs-fietstassen.nl\/de\/wp-json\/wp\/v2\/product_tag?post=47892"}],"curies":[{"name":"wp","href":"https:\/\/api.w.org\/{rel}","templated":true}]}}