{"id":47929,"date":"2025-01-06T10:44:04","date_gmt":"2025-01-06T09:44:04","guid":{"rendered":"https:\/\/clarijs-fietstassen.nl\/gel-sattelueberzug-damen-velo-vl-054\/"},"modified":"2025-08-27T11:04:04","modified_gmt":"2025-08-27T09:04:04","slug":"gel-sattelueberzug-damen-velo-vl-054","status":"publish","type":"product","link":"https:\/\/clarijs-fietstassen.nl\/de\/produkt\/gel-sattelueberzug-damen-velo-vl-054\/","title":{"rendered":"Gel-Sattel\u00fcberzug Damen Velo VL-054"},"content":{"rendered":"<div class=\"flex-shrink-0 flex flex-col relative items-end\">\n<div>\n<div class=\"pt-0\">\n<div class=\"gizmo-bot-avatar flex h-8 w-8 items-center justify-center overflow-hidden rounded-full\">\n<div class=\"relative p-1 rounded-sm flex items-center justify-center bg-token-main-surface-primary text-token-text-primary h-8 w-8\"><\/div>\n<\/div>\n<\/div>\n<\/div>\n<\/div>\n<div class=\"group\/conversation-turn relative flex w-full min-w-0 flex-col agent-turn\">\n<div class=\"flex-col gap-1 md:gap-3\">\n<div class=\"flex max-w-full flex-col flex-grow\">\n<div class=\"min-h-8 text-message flex w-full flex-col items-end gap-2 whitespace-normal break-words text-start [.text-message+&amp;]:mt-5\" dir=\"auto\" data-message-author-role=\"assistant\" data-message-id=\"62f807cc-fd53-407c-8b3c-399de3cbe7b8\" data-message-model-slug=\"gpt-4o\">\n<div class=\"flex w-full flex-col gap-1 empty:hidden first:pt-[3px]\">\n<div class=\"markdown prose w-full break-words dark:prose-invert dark\">\n<p><strong>Gel-Satteldecke f\u00fcr Damen: Komfort und Unterst\u00fctzung<\/strong><\/p>\n<p>Erleben Sie bei jeder Fahrt maximalen Sitzkomfort mit diesem Gel-Sattel\u00fcberzug, der entwickelt wurde, um den Druck zu reduzieren und Sie bei langen Fahrradtouren zu entlasten. Das weiche, st\u00fctzende Material passt sich Ihrem K\u00f6rper an und entlastet Ihr Stei\u00dfbein, so dass Schmerzen und Unbehagen der Vergangenheit angeh\u00f6ren. Dieser Sattel\u00fcberzug eignet sich perfekt f\u00fcr den t\u00e4glichen Gebrauch oder f\u00fcr l\u00e4ngere Fahrten. Er l\u00e4sst sich leicht anbringen und macht das Radfahren komfortabler denn je. Ein unverzichtbares Accessoire f\u00fcr alle, die unbeschwert und genussvoll Rad fahren m\u00f6chten!   <\/p>\n<ul>\n<li>Sehr komfortable Schabracke<\/li>\n<li>Universell einsetzbar<\/li>\n<li>Mit Kordelzug<\/li>\n<li>Gr\u00f6\u00dfe 23,5 cm x 22,5 cm<\/li>\n<\/ul>\n<\/div>\n<\/div>\n<\/div>\n<\/div>\n<\/div>\n<\/div>\n","protected":false},"excerpt":{"rendered":"<p>Gel-Satteldecke f\u00fcr Damen: Komfort und Unterst\u00fctzung Erleben Sie bei jeder Fahrt maximalen Sitzkomfort mit diesem Gel-Sattel\u00fcberzug, der entwickelt wurde, um den Druck zu reduzieren und Sie bei langen Fahrradtouren zu entlasten. Das weiche, st\u00fctzende Material passt sich Ihrem K\u00f6rper an und entlastet Ihr Stei\u00dfbein, so dass Schmerzen und Unbehagen der Vergangenheit angeh\u00f6ren. Dieser Sattel\u00fcberzug eignet [&hellip;]<\/p>\n","protected":false},"featured_media":47930,"comment_status":"open","ping_status":"closed","template":"","meta":{"_acf_changed":false,"_et_pb_use_builder":"","_et_pb_old_content":"","_et_gb_content_width":""},"product_brand":[],"product_cat":[881,879,723,688,684],"product_tag":[],"class_list":{"0":"post-47929","1":"product","2":"type-product","3":"status-publish","4":"has-post-thumbnail","6":"product_cat-angebote","7":"product_cat-deals","8":"product_cat-fahrradzubehor","9":"product_cat-lastenrad-zubehor","10":"product_cat-zubehor","12":"first","13":"outofstock","14":"sale","15":"taxable","16":"shipping-taxable","17":"purchasable","18":"product-type-simple"},"acf":[],"yoast_head":"<!-- This site is optimized with the Yoast SEO Premium plugin v27.2 (Yoast SEO v27.3) - https:\/\/yoast.com\/product\/yoast-seo-premium-wordpress\/ -->\n<title>Gel-Sattel\u00fcberzug Damen Velo VL-054 - Clarijs Fietstassen<\/title>\n<meta name=\"description\" content=\"Erleben Sie maximalen Sitzkomfort bei jeder Fahrt mit diesem Gel-Sattel\u00fcberzug f\u00fcr Frauen. Dieser Sattel\u00fcberzug macht das Radfahren bequemer als je zuvor.\" \/>\n<meta name=\"robots\" content=\"index, follow, max-snippet:-1, max-image-preview:large, max-video-preview:-1\" \/>\n<link rel=\"canonical\" href=\"http:\/\/clarijs-fietstassen.nl\/produkt\/gel-zadelhoes-dames-velo-vl-054\/\" \/>\n<meta property=\"og:locale\" content=\"de_DE\" \/>\n<meta property=\"og:type\" content=\"article\" \/>\n<meta property=\"og:title\" content=\"Gel-Sattel\u00fcberzug Damen Velo VL-054\" \/>\n<meta property=\"og:description\" content=\"Erleben Sie maximalen Sitzkomfort bei jeder Fahrt mit diesem Gel-Sattel\u00fcberzug f\u00fcr Frauen. Dieser Sattel\u00fcberzug macht das Radfahren bequemer als je zuvor.\" \/>\n<meta property=\"og:url\" content=\"http:\/\/clarijs-fietstassen.nl\/produkt\/gel-zadelhoes-dames-velo-vl-054\/\" \/>\n<meta property=\"og:site_name\" content=\"Clarijs Fietstassen\" \/>\n<meta property=\"article:publisher\" content=\"https:\/\/www.facebook.com\/clarijs1948\/\" \/>\n<meta property=\"article:modified_time\" content=\"2025-08-27T09:04:04+00:00\" \/>\n<meta property=\"og:image\" content=\"https:\/\/clarijs-fietstassen.nl\/wp-content\/uploads\/2025\/01\/gel-dekje-VL054dames1.png\" \/>\n\t<meta property=\"og:image:width\" content=\"1000\" \/>\n\t<meta property=\"og:image:height\" content=\"1000\" \/>\n\t<meta property=\"og:image:type\" content=\"image\/png\" \/>\n<meta name=\"twitter:card\" content=\"summary_large_image\" \/>\n<meta name=\"twitter:label1\" content=\"Preis\" \/>\n\t<meta name=\"twitter:data1\" content=\"&euro;12.00\" \/>\n\t<meta name=\"twitter:label2\" content=\"Verf\u00fcgbarkeit\" \/>\n\t<meta name=\"twitter:data2\" content=\"ausverkauft\" \/>\n<script type=\"application\/ld+json\" class=\"yoast-schema-graph\">{\"@context\":\"https:\\\/\\\/schema.org\",\"@graph\":[{\"@type\":\"WebPage\",\"@id\":\"http:\\\/\\\/clarijs-fietstassen.nl\\\/produkt\\\/gel-zadelhoes-dames-velo-vl-054\\\/\",\"url\":\"http:\\\/\\\/clarijs-fietstassen.nl\\\/produkt\\\/gel-zadelhoes-dames-velo-vl-054\\\/\",\"name\":\"Gel-Sattel\u00fcberzug Damen Velo VL-054 - Clarijs Fietstassen\",\"isPartOf\":{\"@id\":\"https:\\\/\\\/clarijs-fietstassen.nl\\\/de\\\/#website\"},\"primaryImageOfPage\":{\"@id\":\"http:\\\/\\\/clarijs-fietstassen.nl\\\/produkt\\\/gel-zadelhoes-dames-velo-vl-054\\\/#primaryimage\"},\"image\":{\"@id\":\"http:\\\/\\\/clarijs-fietstassen.nl\\\/produkt\\\/gel-zadelhoes-dames-velo-vl-054\\\/#primaryimage\"},\"thumbnailUrl\":\"https:\\\/\\\/clarijs-fietstassen.nl\\\/wp-content\\\/uploads\\\/2025\\\/01\\\/gel-dekje-VL054dames1.png\",\"datePublished\":\"2025-01-06T09:44:04+00:00\",\"dateModified\":\"2025-08-27T09:04:04+00:00\",\"description\":\"Erleben Sie maximalen Sitzkomfort bei jeder Fahrt mit diesem Gel-Sattel\u00fcberzug f\u00fcr Frauen. Dieser Sattel\u00fcberzug macht das Radfahren bequemer als je zuvor.\",\"breadcrumb\":{\"@id\":\"http:\\\/\\\/clarijs-fietstassen.nl\\\/produkt\\\/gel-zadelhoes-dames-velo-vl-054\\\/#breadcrumb\"},\"inLanguage\":\"de\",\"potentialAction\":[{\"@type\":\"ReadAction\",\"target\":[\"http:\\\/\\\/clarijs-fietstassen.nl\\\/produkt\\\/gel-zadelhoes-dames-velo-vl-054\\\/\"]}]},{\"@type\":\"ImageObject\",\"inLanguage\":\"de\",\"@id\":\"http:\\\/\\\/clarijs-fietstassen.nl\\\/produkt\\\/gel-zadelhoes-dames-velo-vl-054\\\/#primaryimage\",\"url\":\"https:\\\/\\\/clarijs-fietstassen.nl\\\/wp-content\\\/uploads\\\/2025\\\/01\\\/gel-dekje-VL054dames1.png\",\"contentUrl\":\"https:\\\/\\\/clarijs-fietstassen.nl\\\/wp-content\\\/uploads\\\/2025\\\/01\\\/gel-dekje-VL054dames1.png\",\"width\":1000,\"height\":1000,\"caption\":\"Gel-Satteldecke Damen\\\/Herren Velo1\"},{\"@type\":\"BreadcrumbList\",\"@id\":\"http:\\\/\\\/clarijs-fietstassen.nl\\\/produkt\\\/gel-zadelhoes-dames-velo-vl-054\\\/#breadcrumb\",\"itemListElement\":[{\"@type\":\"ListItem\",\"position\":1,\"name\":\"Home\",\"item\":\"https:\\\/\\\/clarijs-fietstassen.nl\\\/de\\\/\"},{\"@type\":\"ListItem\",\"position\":2,\"name\":\"Shop\",\"item\":\"https:\\\/\\\/clarijs-fietstassen.nl\\\/de\\\/shop\\\/\"},{\"@type\":\"ListItem\",\"position\":3,\"name\":\"Accessoires\",\"item\":\"https:\\\/\\\/clarijs-fietstassen.nl\\\/accessoires\\\/\"},{\"@type\":\"ListItem\",\"position\":4,\"name\":\"Gel-Sattel\u00fcberzug Damen Velo VL-054\"}]},{\"@type\":\"WebSite\",\"@id\":\"https:\\\/\\\/clarijs-fietstassen.nl\\\/de\\\/#website\",\"url\":\"https:\\\/\\\/clarijs-fietstassen.nl\\\/de\\\/\",\"name\":\"Clarijs Fietstassen\",\"description\":\"Kwaliteit &amp; ambacht sinds 1948\",\"publisher\":{\"@id\":\"https:\\\/\\\/clarijs-fietstassen.nl\\\/de\\\/#organization\"},\"potentialAction\":[{\"@type\":\"SearchAction\",\"target\":{\"@type\":\"EntryPoint\",\"urlTemplate\":\"https:\\\/\\\/clarijs-fietstassen.nl\\\/de\\\/?s={search_term_string}\"},\"query-input\":{\"@type\":\"PropertyValueSpecification\",\"valueRequired\":true,\"valueName\":\"search_term_string\"}}],\"inLanguage\":\"de\"},{\"@type\":\"Organization\",\"@id\":\"https:\\\/\\\/clarijs-fietstassen.nl\\\/de\\\/#organization\",\"name\":\"Clarijs Fietstassen\",\"url\":\"https:\\\/\\\/clarijs-fietstassen.nl\\\/de\\\/\",\"logo\":{\"@type\":\"ImageObject\",\"inLanguage\":\"de\",\"@id\":\"https:\\\/\\\/clarijs-fietstassen.nl\\\/de\\\/#\\\/schema\\\/logo\\\/image\\\/\",\"url\":\"https:\\\/\\\/clarijs-fietstassen.nl\\\/wp-content\\\/uploads\\\/2024\\\/01\\\/clarijs-logo-met-rand.jpg\",\"contentUrl\":\"https:\\\/\\\/clarijs-fietstassen.nl\\\/wp-content\\\/uploads\\\/2024\\\/01\\\/clarijs-logo-met-rand.jpg\",\"width\":560,\"height\":266,\"caption\":\"Clarijs Fietstassen\"},\"image\":{\"@id\":\"https:\\\/\\\/clarijs-fietstassen.nl\\\/de\\\/#\\\/schema\\\/logo\\\/image\\\/\"},\"sameAs\":[\"https:\\\/\\\/www.facebook.com\\\/clarijs1948\\\/\",\"https:\\\/\\\/www.instagram.com\\\/clarijscovers\\\/\"]}]}<\/script>\n<meta property=\"product:price:amount\" content=\"12.00\" \/>\n<meta property=\"product:price:currency\" content=\"EUR\" \/>\n<meta property=\"og:availability\" content=\"out of stock\" \/>\n<meta property=\"product:availability\" content=\"out of stock\" \/>\n<meta property=\"product:retailer_item_id\" content=\"4079\" \/>\n<meta property=\"product:condition\" content=\"new\" \/>\n<!-- \/ Yoast SEO Premium plugin. -->","yoast_head_json":{"title":"Gel-Sattel\u00fcberzug Damen Velo VL-054 - Clarijs Fietstassen","description":"Erleben Sie maximalen Sitzkomfort bei jeder Fahrt mit diesem Gel-Sattel\u00fcberzug f\u00fcr Frauen. Dieser Sattel\u00fcberzug macht das Radfahren bequemer als je zuvor.","robots":{"index":"index","follow":"follow","max-snippet":"max-snippet:-1","max-image-preview":"max-image-preview:large","max-video-preview":"max-video-preview:-1"},"canonical":"http:\/\/clarijs-fietstassen.nl\/produkt\/gel-zadelhoes-dames-velo-vl-054\/","og_locale":"de_DE","og_type":"article","og_title":"Gel-Sattel\u00fcberzug Damen Velo VL-054","og_description":"Erleben Sie maximalen Sitzkomfort bei jeder Fahrt mit diesem Gel-Sattel\u00fcberzug f\u00fcr Frauen. Dieser Sattel\u00fcberzug macht das Radfahren bequemer als je zuvor.","og_url":"http:\/\/clarijs-fietstassen.nl\/produkt\/gel-zadelhoes-dames-velo-vl-054\/","og_site_name":"Clarijs Fietstassen","article_publisher":"https:\/\/www.facebook.com\/clarijs1948\/","article_modified_time":"2025-08-27T09:04:04+00:00","og_image":[{"width":1000,"height":1000,"url":"https:\/\/clarijs-fietstassen.nl\/wp-content\/uploads\/2025\/01\/gel-dekje-VL054dames1.png","type":"image\/png"}],"twitter_card":"summary_large_image","twitter_misc":{"Preis":"&euro;12.00","Verf\u00fcgbarkeit":"ausverkauft"},"schema":{"@context":"https:\/\/schema.org","@graph":[{"@type":"WebPage","@id":"http:\/\/clarijs-fietstassen.nl\/produkt\/gel-zadelhoes-dames-velo-vl-054\/","url":"http:\/\/clarijs-fietstassen.nl\/produkt\/gel-zadelhoes-dames-velo-vl-054\/","name":"Gel-Sattel\u00fcberzug Damen Velo VL-054 - Clarijs Fietstassen","isPartOf":{"@id":"https:\/\/clarijs-fietstassen.nl\/de\/#website"},"primaryImageOfPage":{"@id":"http:\/\/clarijs-fietstassen.nl\/produkt\/gel-zadelhoes-dames-velo-vl-054\/#primaryimage"},"image":{"@id":"http:\/\/clarijs-fietstassen.nl\/produkt\/gel-zadelhoes-dames-velo-vl-054\/#primaryimage"},"thumbnailUrl":"https:\/\/clarijs-fietstassen.nl\/wp-content\/uploads\/2025\/01\/gel-dekje-VL054dames1.png","datePublished":"2025-01-06T09:44:04+00:00","dateModified":"2025-08-27T09:04:04+00:00","description":"Erleben Sie maximalen Sitzkomfort bei jeder Fahrt mit diesem Gel-Sattel\u00fcberzug f\u00fcr Frauen. Dieser Sattel\u00fcberzug macht das Radfahren bequemer als je zuvor.","breadcrumb":{"@id":"http:\/\/clarijs-fietstassen.nl\/produkt\/gel-zadelhoes-dames-velo-vl-054\/#breadcrumb"},"inLanguage":"de","potentialAction":[{"@type":"ReadAction","target":["http:\/\/clarijs-fietstassen.nl\/produkt\/gel-zadelhoes-dames-velo-vl-054\/"]}]},{"@type":"ImageObject","inLanguage":"de","@id":"http:\/\/clarijs-fietstassen.nl\/produkt\/gel-zadelhoes-dames-velo-vl-054\/#primaryimage","url":"https:\/\/clarijs-fietstassen.nl\/wp-content\/uploads\/2025\/01\/gel-dekje-VL054dames1.png","contentUrl":"https:\/\/clarijs-fietstassen.nl\/wp-content\/uploads\/2025\/01\/gel-dekje-VL054dames1.png","width":1000,"height":1000,"caption":"Gel-Satteldecke Damen\/Herren Velo1"},{"@type":"BreadcrumbList","@id":"http:\/\/clarijs-fietstassen.nl\/produkt\/gel-zadelhoes-dames-velo-vl-054\/#breadcrumb","itemListElement":[{"@type":"ListItem","position":1,"name":"Home","item":"https:\/\/clarijs-fietstassen.nl\/de\/"},{"@type":"ListItem","position":2,"name":"Shop","item":"https:\/\/clarijs-fietstassen.nl\/de\/shop\/"},{"@type":"ListItem","position":3,"name":"Accessoires","item":"https:\/\/clarijs-fietstassen.nl\/accessoires\/"},{"@type":"ListItem","position":4,"name":"Gel-Sattel\u00fcberzug Damen Velo VL-054"}]},{"@type":"WebSite","@id":"https:\/\/clarijs-fietstassen.nl\/de\/#website","url":"https:\/\/clarijs-fietstassen.nl\/de\/","name":"Clarijs Fietstassen","description":"Kwaliteit &amp; ambacht sinds 1948","publisher":{"@id":"https:\/\/clarijs-fietstassen.nl\/de\/#organization"},"potentialAction":[{"@type":"SearchAction","target":{"@type":"EntryPoint","urlTemplate":"https:\/\/clarijs-fietstassen.nl\/de\/?s={search_term_string}"},"query-input":{"@type":"PropertyValueSpecification","valueRequired":true,"valueName":"search_term_string"}}],"inLanguage":"de"},{"@type":"Organization","@id":"https:\/\/clarijs-fietstassen.nl\/de\/#organization","name":"Clarijs Fietstassen","url":"https:\/\/clarijs-fietstassen.nl\/de\/","logo":{"@type":"ImageObject","inLanguage":"de","@id":"https:\/\/clarijs-fietstassen.nl\/de\/#\/schema\/logo\/image\/","url":"https:\/\/clarijs-fietstassen.nl\/wp-content\/uploads\/2024\/01\/clarijs-logo-met-rand.jpg","contentUrl":"https:\/\/clarijs-fietstassen.nl\/wp-content\/uploads\/2024\/01\/clarijs-logo-met-rand.jpg","width":560,"height":266,"caption":"Clarijs Fietstassen"},"image":{"@id":"https:\/\/clarijs-fietstassen.nl\/de\/#\/schema\/logo\/image\/"},"sameAs":["https:\/\/www.facebook.com\/clarijs1948\/","https:\/\/www.instagram.com\/clarijscovers\/"]}]},"product_price_amount":"12.00","product_price_currency":"EUR","og_availability":"out of stock","product_availability":"out of stock","product_retailer_item_id":"4079","product_condition":"new"},"_links":{"self":[{"href":"https:\/\/clarijs-fietstassen.nl\/de\/wp-json\/wp\/v2\/product\/47929","targetHints":{"allow":["GET"]}}],"collection":[{"href":"https:\/\/clarijs-fietstassen.nl\/de\/wp-json\/wp\/v2\/product"}],"about":[{"href":"https:\/\/clarijs-fietstassen.nl\/de\/wp-json\/wp\/v2\/types\/product"}],"replies":[{"embeddable":true,"href":"https:\/\/clarijs-fietstassen.nl\/de\/wp-json\/wp\/v2\/comments?post=47929"}],"wp:featuredmedia":[{"embeddable":true,"href":"https:\/\/clarijs-fietstassen.nl\/de\/wp-json\/wp\/v2\/media\/47930"}],"wp:attachment":[{"href":"https:\/\/clarijs-fietstassen.nl\/de\/wp-json\/wp\/v2\/media?parent=47929"}],"wp:term":[{"taxonomy":"product_brand","embeddable":true,"href":"https:\/\/clarijs-fietstassen.nl\/de\/wp-json\/wp\/v2\/product_brand?post=47929"},{"taxonomy":"product_cat","embeddable":true,"href":"https:\/\/clarijs-fietstassen.nl\/de\/wp-json\/wp\/v2\/product_cat?post=47929"},{"taxonomy":"product_tag","embeddable":true,"href":"https:\/\/clarijs-fietstassen.nl\/de\/wp-json\/wp\/v2\/product_tag?post=47929"}],"curies":[{"name":"wp","href":"https:\/\/api.w.org\/{rel}","templated":true}]}}