{"id":47937,"date":"2025-01-06T15:48:46","date_gmt":"2025-01-06T14:48:46","guid":{"rendered":"https:\/\/clarijs-fietstassen.nl\/bakfiets-kissen-dolly\/"},"modified":"2025-02-17T13:17:31","modified_gmt":"2025-02-17T12:17:31","slug":"bakfiets-kissen-dolly","status":"publish","type":"product","link":"https:\/\/clarijs-fietstassen.nl\/de\/produkt\/bakfiets-kissen-dolly\/","title":{"rendered":"Bakfiets Kissen Dolly"},"content":{"rendered":"<p>Diese Bakfiets-Kissen sind ein unverzichtbares Zubeh\u00f6r f\u00fcr das Dolly Bakfiets. Dieses Sitzkissen sorgt f\u00fcr zus\u00e4tzlichen Komfort und Halt f\u00fcr Ihre Kinder beim Radfahren. <\/p>\n<ul>\n<li aria-level=\"1\">Die Kissen sind wetterfest.<\/li>\n<li aria-level=\"1\">Die Kissen haben eine hohe Farbechtheit.<\/li>\n<li aria-level=\"1\">Bequeme Reiseerfahrung.<\/li>\n<li aria-level=\"1\">Schutz von Nachrichten.<\/li>\n<\/ul>\n<p><strong>100% wasserdicht  <\/strong><\/p>\n<p>Die Kissen sind aus gewebtem PVC-Stoff hergestellt. Dies sorgt daf\u00fcr, dass die Kissen wasserabweisend sind. Dar\u00fcber hinaus ist es widerstandsf\u00e4hig gegen den t\u00e4glichen Gebrauch. So bleibt die Last oder der Gegenstand, der unter dem Tuch platziert wird, auch bei starkem Regen oder anderen nassen Bedingungen trocken und gesch\u00fctzt.   <\/p>\n<p><strong>Hochwertiges Material<\/strong><\/p>\n<ul>\n<li aria-level=\"1\">Die hochwertigen Materialien der Kissen sorgen daf\u00fcr, dass es dem t\u00e4glichen Gebrauch standh\u00e4lt.<\/li>\n<li aria-level=\"1\">Die Nylonkissen sind wasserdicht und bieten hervorragenden Schutz vor Regen und Feuchtigkeit. So bleiben Ihre Habseligkeiten auch bei schlechtem Wetter trocken. <\/li>\n<li aria-level=\"1\">Die Nylonkissen sind stark und halten gro\u00dfen Lasten stand. Dadurch eignen sie sich zum Tragen schwerer Gegenst\u00e4nde oder zum Aufbau stabiler Strukturen. <\/li>\n<li aria-level=\"1\">Nylon hat die F\u00e4higkeit, schnell zu trocknen, selbst wenn es Feuchtigkeit oder Regen ausgesetzt war.<\/li>\n<\/ul>\n<p>&nbsp;<\/p>\n","protected":false},"excerpt":{"rendered":"<p>Diese Bakfiets-Kissen sind ein unverzichtbares Zubeh\u00f6r f\u00fcr das Dolly Bakfiets. Dieses Sitzkissen sorgt f\u00fcr zus\u00e4tzlichen Komfort und Halt f\u00fcr Ihre Kinder beim Radfahren. Die Kissen sind wetterfest. Die Kissen haben eine hohe Farbechtheit. Bequeme Reiseerfahrung. Schutz von Nachrichten. 100% wasserdicht Die Kissen sind aus gewebtem PVC-Stoff hergestellt. Dies sorgt daf\u00fcr, dass die Kissen wasserabweisend sind. [&hellip;]<\/p>\n","protected":false},"featured_media":47939,"comment_status":"closed","ping_status":"closed","template":"","meta":{"_acf_changed":false,"_et_pb_use_builder":"","_et_pb_old_content":"","_et_gb_content_width":""},"product_brand":[],"product_cat":[686,708,688,692,684],"product_tag":[],"class_list":{"0":"post-47937","1":"product","2":"type-product","3":"status-publish","4":"has-post-thumbnail","6":"product_cat-bakfiets-de","7":"product_cat-dolly-de","8":"product_cat-lastenrad-zubehor","9":"product_cat-lastenradkissen","10":"product_cat-zubehor","11":"pa_geschikt-voor-e-bike-ja-de","12":"pa_kleur-grau","13":"pa_kleur-matt-olive-de","14":"pa_kleur-matt-schwarz-de","15":"pa_kleur-schwarz","16":"pa_materiaal-acryl-de","17":"pa_materiaal-pvc-de","18":"pa_merk-clarijs-covers-b-v-de","20":"first","21":"instock","22":"taxable","23":"shipping-taxable","24":"purchasable","25":"product-type-variable"},"acf":[],"yoast_head":"<!-- This site is optimized with the Yoast SEO Premium plugin v27.2 (Yoast SEO v27.4) - https:\/\/yoast.com\/product\/yoast-seo-premium-wordpress\/ -->\n<title>Bakfiets Kissen Dolly - Clarijs Fietstassen<\/title>\n<meta name=\"description\" content=\"Bestellen Sie jetzt Ihr Bakfiets-Kissen von Clarijs Fietstassen f\u00fcr Ihr Dolly Bakfiets. Hochwertig und robust. Direkt ab Lager lieferbar.\" \/>\n<meta name=\"robots\" content=\"index, follow, max-snippet:-1, max-image-preview:large, max-video-preview:-1\" \/>\n<link rel=\"canonical\" href=\"http:\/\/clarijs-fietstassen.nl\/produkt\/bakfiets-kussen-dolly\/\" \/>\n<meta property=\"og:locale\" content=\"de_DE\" \/>\n<meta property=\"og:type\" content=\"article\" \/>\n<meta property=\"og:title\" content=\"Bakfiets Kissen Dolly\" \/>\n<meta property=\"og:description\" content=\"Bestellen Sie jetzt Ihr Bakfiets-Kissen von Clarijs Fietstassen f\u00fcr Ihr Dolly Bakfiets. Hochwertig und robust. Direkt ab Lager lieferbar.\" \/>\n<meta property=\"og:url\" content=\"http:\/\/clarijs-fietstassen.nl\/produkt\/bakfiets-kussen-dolly\/\" \/>\n<meta property=\"og:site_name\" content=\"Clarijs Fietstassen\" \/>\n<meta property=\"article:publisher\" content=\"https:\/\/www.facebook.com\/clarijs1948\/\" \/>\n<meta property=\"article:modified_time\" content=\"2025-02-17T12:17:31+00:00\" \/>\n<meta property=\"og:image\" content=\"https:\/\/clarijs-fietstassen.nl\/wp-content\/uploads\/2025\/01\/Bakfiets-kussen-dolly-zwart-mat.png\" \/>\n\t<meta property=\"og:image:width\" content=\"1000\" \/>\n\t<meta property=\"og:image:height\" content=\"1000\" \/>\n\t<meta property=\"og:image:type\" content=\"image\/png\" \/>\n<meta name=\"twitter:card\" content=\"summary_large_image\" \/>\n<meta name=\"twitter:label1\" content=\"Verf\u00fcgbarkeit\" \/>\n\t<meta name=\"twitter:data1\" content=\"Auf Lager\" \/>\n<script type=\"application\/ld+json\" class=\"yoast-schema-graph\">{\"@context\":\"https:\\\/\\\/schema.org\",\"@graph\":[{\"@type\":\"WebPage\",\"@id\":\"http:\\\/\\\/clarijs-fietstassen.nl\\\/produkt\\\/bakfiets-kussen-dolly\\\/\",\"url\":\"http:\\\/\\\/clarijs-fietstassen.nl\\\/produkt\\\/bakfiets-kussen-dolly\\\/\",\"name\":\"Bakfiets Kissen Dolly - Clarijs Fietstassen\",\"isPartOf\":{\"@id\":\"https:\\\/\\\/clarijs-fietstassen.nl\\\/de\\\/#website\"},\"primaryImageOfPage\":{\"@id\":\"http:\\\/\\\/clarijs-fietstassen.nl\\\/produkt\\\/bakfiets-kussen-dolly\\\/#primaryimage\"},\"image\":{\"@id\":\"http:\\\/\\\/clarijs-fietstassen.nl\\\/produkt\\\/bakfiets-kussen-dolly\\\/#primaryimage\"},\"thumbnailUrl\":\"https:\\\/\\\/clarijs-fietstassen.nl\\\/wp-content\\\/uploads\\\/2025\\\/01\\\/Bakfiets-kussen-dolly-zwart-mat.png\",\"datePublished\":\"2025-01-06T14:48:46+00:00\",\"dateModified\":\"2025-02-17T12:17:31+00:00\",\"description\":\"Bestellen Sie jetzt Ihr Bakfiets-Kissen von Clarijs Fietstassen f\u00fcr Ihr Dolly Bakfiets. Hochwertig und robust. Direkt ab Lager lieferbar.\",\"breadcrumb\":{\"@id\":\"http:\\\/\\\/clarijs-fietstassen.nl\\\/produkt\\\/bakfiets-kussen-dolly\\\/#breadcrumb\"},\"inLanguage\":\"de\",\"potentialAction\":[{\"@type\":\"ReadAction\",\"target\":[\"http:\\\/\\\/clarijs-fietstassen.nl\\\/produkt\\\/bakfiets-kussen-dolly\\\/\"]}]},{\"@type\":\"ImageObject\",\"inLanguage\":\"de\",\"@id\":\"http:\\\/\\\/clarijs-fietstassen.nl\\\/produkt\\\/bakfiets-kussen-dolly\\\/#primaryimage\",\"url\":\"https:\\\/\\\/clarijs-fietstassen.nl\\\/wp-content\\\/uploads\\\/2025\\\/01\\\/Bakfiets-kussen-dolly-zwart-mat.png\",\"contentUrl\":\"https:\\\/\\\/clarijs-fietstassen.nl\\\/wp-content\\\/uploads\\\/2025\\\/01\\\/Bakfiets-kussen-dolly-zwart-mat.png\",\"width\":1000,\"height\":1000,\"caption\":\"Bakfiets Kissen Dolly schwarz matt\"},{\"@type\":\"BreadcrumbList\",\"@id\":\"http:\\\/\\\/clarijs-fietstassen.nl\\\/produkt\\\/bakfiets-kussen-dolly\\\/#breadcrumb\",\"itemListElement\":[{\"@type\":\"ListItem\",\"position\":1,\"name\":\"Home\",\"item\":\"https:\\\/\\\/clarijs-fietstassen.nl\\\/de\\\/\"},{\"@type\":\"ListItem\",\"position\":2,\"name\":\"Shop\",\"item\":\"https:\\\/\\\/clarijs-fietstassen.nl\\\/de\\\/shop\\\/\"},{\"@type\":\"ListItem\",\"position\":3,\"name\":\"Bakfietskussens\",\"item\":\"https:\\\/\\\/clarijs-fietstassen.nl\\\/bakfietskussens\\\/\"},{\"@type\":\"ListItem\",\"position\":4,\"name\":\"Bakfiets Kissen Dolly\"}]},{\"@type\":\"WebSite\",\"@id\":\"https:\\\/\\\/clarijs-fietstassen.nl\\\/de\\\/#website\",\"url\":\"https:\\\/\\\/clarijs-fietstassen.nl\\\/de\\\/\",\"name\":\"Clarijs Fietstassen\",\"description\":\"Kwaliteit &amp; ambacht sinds 1948\",\"publisher\":{\"@id\":\"https:\\\/\\\/clarijs-fietstassen.nl\\\/de\\\/#organization\"},\"potentialAction\":[{\"@type\":\"SearchAction\",\"target\":{\"@type\":\"EntryPoint\",\"urlTemplate\":\"https:\\\/\\\/clarijs-fietstassen.nl\\\/de\\\/?s={search_term_string}\"},\"query-input\":{\"@type\":\"PropertyValueSpecification\",\"valueRequired\":true,\"valueName\":\"search_term_string\"}}],\"inLanguage\":\"de\"},{\"@type\":\"Organization\",\"@id\":\"https:\\\/\\\/clarijs-fietstassen.nl\\\/de\\\/#organization\",\"name\":\"Clarijs Fietstassen\",\"url\":\"https:\\\/\\\/clarijs-fietstassen.nl\\\/de\\\/\",\"logo\":{\"@type\":\"ImageObject\",\"inLanguage\":\"de\",\"@id\":\"https:\\\/\\\/clarijs-fietstassen.nl\\\/de\\\/#\\\/schema\\\/logo\\\/image\\\/\",\"url\":\"https:\\\/\\\/clarijs-fietstassen.nl\\\/wp-content\\\/uploads\\\/2024\\\/01\\\/clarijs-logo-met-rand.jpg\",\"contentUrl\":\"https:\\\/\\\/clarijs-fietstassen.nl\\\/wp-content\\\/uploads\\\/2024\\\/01\\\/clarijs-logo-met-rand.jpg\",\"width\":560,\"height\":266,\"caption\":\"Clarijs Fietstassen\"},\"image\":{\"@id\":\"https:\\\/\\\/clarijs-fietstassen.nl\\\/de\\\/#\\\/schema\\\/logo\\\/image\\\/\"},\"sameAs\":[\"https:\\\/\\\/www.facebook.com\\\/clarijs1948\\\/\",\"https:\\\/\\\/www.instagram.com\\\/clarijscovers\\\/\"]}]}<\/script>\n<meta property=\"og:availability\" content=\"instock\" \/>\n<meta property=\"product:availability\" content=\"instock\" \/>\n<meta property=\"product:retailer_item_id\" content=\"5098\" \/>\n<meta property=\"product:condition\" content=\"new\" \/>\n<!-- \/ Yoast SEO Premium plugin. -->","yoast_head_json":{"title":"Bakfiets Kissen Dolly - Clarijs Fietstassen","description":"Bestellen Sie jetzt Ihr Bakfiets-Kissen von Clarijs Fietstassen f\u00fcr Ihr Dolly Bakfiets. Hochwertig und robust. Direkt ab Lager lieferbar.","robots":{"index":"index","follow":"follow","max-snippet":"max-snippet:-1","max-image-preview":"max-image-preview:large","max-video-preview":"max-video-preview:-1"},"canonical":"http:\/\/clarijs-fietstassen.nl\/produkt\/bakfiets-kussen-dolly\/","og_locale":"de_DE","og_type":"article","og_title":"Bakfiets Kissen Dolly","og_description":"Bestellen Sie jetzt Ihr Bakfiets-Kissen von Clarijs Fietstassen f\u00fcr Ihr Dolly Bakfiets. Hochwertig und robust. Direkt ab Lager lieferbar.","og_url":"http:\/\/clarijs-fietstassen.nl\/produkt\/bakfiets-kussen-dolly\/","og_site_name":"Clarijs Fietstassen","article_publisher":"https:\/\/www.facebook.com\/clarijs1948\/","article_modified_time":"2025-02-17T12:17:31+00:00","og_image":[{"width":1000,"height":1000,"url":"https:\/\/clarijs-fietstassen.nl\/wp-content\/uploads\/2025\/01\/Bakfiets-kussen-dolly-zwart-mat.png","type":"image\/png"}],"twitter_card":"summary_large_image","twitter_misc":{"Verf\u00fcgbarkeit":"Auf Lager"},"schema":{"@context":"https:\/\/schema.org","@graph":[{"@type":"WebPage","@id":"http:\/\/clarijs-fietstassen.nl\/produkt\/bakfiets-kussen-dolly\/","url":"http:\/\/clarijs-fietstassen.nl\/produkt\/bakfiets-kussen-dolly\/","name":"Bakfiets Kissen Dolly - Clarijs Fietstassen","isPartOf":{"@id":"https:\/\/clarijs-fietstassen.nl\/de\/#website"},"primaryImageOfPage":{"@id":"http:\/\/clarijs-fietstassen.nl\/produkt\/bakfiets-kussen-dolly\/#primaryimage"},"image":{"@id":"http:\/\/clarijs-fietstassen.nl\/produkt\/bakfiets-kussen-dolly\/#primaryimage"},"thumbnailUrl":"https:\/\/clarijs-fietstassen.nl\/wp-content\/uploads\/2025\/01\/Bakfiets-kussen-dolly-zwart-mat.png","datePublished":"2025-01-06T14:48:46+00:00","dateModified":"2025-02-17T12:17:31+00:00","description":"Bestellen Sie jetzt Ihr Bakfiets-Kissen von Clarijs Fietstassen f\u00fcr Ihr Dolly Bakfiets. Hochwertig und robust. Direkt ab Lager lieferbar.","breadcrumb":{"@id":"http:\/\/clarijs-fietstassen.nl\/produkt\/bakfiets-kussen-dolly\/#breadcrumb"},"inLanguage":"de","potentialAction":[{"@type":"ReadAction","target":["http:\/\/clarijs-fietstassen.nl\/produkt\/bakfiets-kussen-dolly\/"]}]},{"@type":"ImageObject","inLanguage":"de","@id":"http:\/\/clarijs-fietstassen.nl\/produkt\/bakfiets-kussen-dolly\/#primaryimage","url":"https:\/\/clarijs-fietstassen.nl\/wp-content\/uploads\/2025\/01\/Bakfiets-kussen-dolly-zwart-mat.png","contentUrl":"https:\/\/clarijs-fietstassen.nl\/wp-content\/uploads\/2025\/01\/Bakfiets-kussen-dolly-zwart-mat.png","width":1000,"height":1000,"caption":"Bakfiets Kissen Dolly schwarz matt"},{"@type":"BreadcrumbList","@id":"http:\/\/clarijs-fietstassen.nl\/produkt\/bakfiets-kussen-dolly\/#breadcrumb","itemListElement":[{"@type":"ListItem","position":1,"name":"Home","item":"https:\/\/clarijs-fietstassen.nl\/de\/"},{"@type":"ListItem","position":2,"name":"Shop","item":"https:\/\/clarijs-fietstassen.nl\/de\/shop\/"},{"@type":"ListItem","position":3,"name":"Bakfietskussens","item":"https:\/\/clarijs-fietstassen.nl\/bakfietskussens\/"},{"@type":"ListItem","position":4,"name":"Bakfiets Kissen Dolly"}]},{"@type":"WebSite","@id":"https:\/\/clarijs-fietstassen.nl\/de\/#website","url":"https:\/\/clarijs-fietstassen.nl\/de\/","name":"Clarijs Fietstassen","description":"Kwaliteit &amp; ambacht sinds 1948","publisher":{"@id":"https:\/\/clarijs-fietstassen.nl\/de\/#organization"},"potentialAction":[{"@type":"SearchAction","target":{"@type":"EntryPoint","urlTemplate":"https:\/\/clarijs-fietstassen.nl\/de\/?s={search_term_string}"},"query-input":{"@type":"PropertyValueSpecification","valueRequired":true,"valueName":"search_term_string"}}],"inLanguage":"de"},{"@type":"Organization","@id":"https:\/\/clarijs-fietstassen.nl\/de\/#organization","name":"Clarijs Fietstassen","url":"https:\/\/clarijs-fietstassen.nl\/de\/","logo":{"@type":"ImageObject","inLanguage":"de","@id":"https:\/\/clarijs-fietstassen.nl\/de\/#\/schema\/logo\/image\/","url":"https:\/\/clarijs-fietstassen.nl\/wp-content\/uploads\/2024\/01\/clarijs-logo-met-rand.jpg","contentUrl":"https:\/\/clarijs-fietstassen.nl\/wp-content\/uploads\/2024\/01\/clarijs-logo-met-rand.jpg","width":560,"height":266,"caption":"Clarijs Fietstassen"},"image":{"@id":"https:\/\/clarijs-fietstassen.nl\/de\/#\/schema\/logo\/image\/"},"sameAs":["https:\/\/www.facebook.com\/clarijs1948\/","https:\/\/www.instagram.com\/clarijscovers\/"]}]},"og_availability":"instock","product_availability":"instock","product_retailer_item_id":"5098","product_condition":"new"},"_links":{"self":[{"href":"https:\/\/clarijs-fietstassen.nl\/de\/wp-json\/wp\/v2\/product\/47937","targetHints":{"allow":["GET"]}}],"collection":[{"href":"https:\/\/clarijs-fietstassen.nl\/de\/wp-json\/wp\/v2\/product"}],"about":[{"href":"https:\/\/clarijs-fietstassen.nl\/de\/wp-json\/wp\/v2\/types\/product"}],"replies":[{"embeddable":true,"href":"https:\/\/clarijs-fietstassen.nl\/de\/wp-json\/wp\/v2\/comments?post=47937"}],"wp:featuredmedia":[{"embeddable":true,"href":"https:\/\/clarijs-fietstassen.nl\/de\/wp-json\/wp\/v2\/media\/47939"}],"wp:attachment":[{"href":"https:\/\/clarijs-fietstassen.nl\/de\/wp-json\/wp\/v2\/media?parent=47937"}],"wp:term":[{"taxonomy":"product_brand","embeddable":true,"href":"https:\/\/clarijs-fietstassen.nl\/de\/wp-json\/wp\/v2\/product_brand?post=47937"},{"taxonomy":"product_cat","embeddable":true,"href":"https:\/\/clarijs-fietstassen.nl\/de\/wp-json\/wp\/v2\/product_cat?post=47937"},{"taxonomy":"product_tag","embeddable":true,"href":"https:\/\/clarijs-fietstassen.nl\/de\/wp-json\/wp\/v2\/product_tag?post=47937"}],"curies":[{"name":"wp","href":"https:\/\/api.w.org\/{rel}","templated":true}]}}