{"id":48102,"date":"2023-07-03T14:07:12","date_gmt":"2023-07-03T12:07:12","guid":{"rendered":"https:\/\/clarijs-fietstassen.nl\/regenzelt-fuer-bicycle-factory-bf-classic\/"},"modified":"2025-09-24T16:31:26","modified_gmt":"2025-09-24T14:31:26","slug":"regenzelt-fuer-bicycle-factory-bf-classic","status":"publish","type":"product","link":"https:\/\/clarijs-fietstassen.nl\/de\/produkt\/regenzelt-fuer-bicycle-factory-bf-classic\/","title":{"rendered":"Regenzelt f\u00fcr Fietsfabriek BF Classic"},"content":{"rendered":"<p><span style=\"font-weight: 400;\">Der Regenzelt f\u00fcr Fietsfabriek BF Classic von Clarijs Fietstassen ist die perfekte Erg\u00e4nzung f\u00fcr Ihr Fietsfabriek-Lastenrad. Dieses Zelt bietet Ihnen und Ihren Passagieren Schutz und Komfort beim Radfahren, w\u00e4hrend Sie die Funktionalit\u00e4t und den Stil Ihres Lastenfahrrads genie\u00dfen. <\/span><\/p>\n<p><span style=\"font-weight: 400;\">Bitte beachten Sie: Dieses Zelt wird ohne Rahmen geliefert. Achten Sie darauf, dass der Abstand zwischen der Oberseite des Containers und dem h\u00f6chsten Punkt des Aluminiumrohrs (vom Boden des Rohrs aus) 53 cm betr\u00e4gt, um einen korrekten Sitz und optimale Funktionalit\u00e4t zu gew\u00e4hrleisten. <\/span><\/p>\n<p><b>Vorteile <\/b>des Regenzelt f\u00fcr Fietsfabriek BF Classic:<\/p>\n<ul>\n<li style=\"font-weight: 400;\" aria-level=\"1\"><span style=\"font-weight: 400;\">Die Kapuze ist wasserdicht.<\/span><\/li>\n<li style=\"font-weight: 400;\" aria-level=\"1\"><span style=\"font-weight: 400;\">Die Kapuze hat eine hohe Farbechtheit<\/span><\/li>\n<\/ul>\n<p><b>100 % wasserdicht<\/b><\/p>\n<p><span style=\"font-weight: 400;\">Das Regenzelt f\u00fcr Fietsfabriek BF Classic ist aus Bisonyl PVC &#8211; Gewebe hergestellt. Die Wasserdichtigkeit des Bisonyl PVC-Gewebes ist auf die Kombination der wasserabweisenden Eigenschaften des PVC-Materials und der dichten Konstruktion des gewebten Stoffes zur\u00fcckzuf\u00fchren. Dadurch bleibt die Ladung oder der Gegenstand, der unter der Plane platziert wird, auch bei starkem Regen oder anderen nassen Bedingungen trocken und gesch\u00fctzt.  <\/span><\/p>\n<p><b>Hochwertiges Material<\/b><\/p>\n<ul>\n<li style=\"font-weight: 400;\" aria-level=\"1\"><span style=\"font-weight: 400;\">Die hochwertigen Materialien der Haube sorgen daf\u00fcr, dass sie dem t\u00e4glichen Gebrauch standh\u00e4lt.<\/span><\/li>\n<li style=\"font-weight: 400;\" aria-level=\"1\"><span style=\"font-weight: 400;\">Das PVC-Gewebe ist wasserdicht und bietet hervorragenden Schutz vor Regen und Feuchtigkeit. So bleiben Ihre Habseligkeiten auch bei schlechtem Wetter trocken. <\/span><\/li>\n<li style=\"font-weight: 400;\" aria-level=\"1\"><span style=\"font-weight: 400;\">Das PVC-Gewebe ist stark und h\u00e4lt gro\u00dfen Belastungen stand. Dadurch eignet es sich zum Tragen schwerer Gegenst\u00e4nde oder zum Aufbau stabiler Strukturen. <\/span><\/li>\n<\/ul>\n","protected":false},"excerpt":{"rendered":"<p>Der Regenzelt f\u00fcr Fietsfabriek BF Classic von Clarijs Fietstassen ist die perfekte Erg\u00e4nzung f\u00fcr Ihr Fietsfabriek-Lastenrad. Dieses Zelt bietet Ihnen und Ihren Passagieren Schutz und Komfort beim Radfahren, w\u00e4hrend Sie die Funktionalit\u00e4t und den Stil Ihres Lastenfahrrads genie\u00dfen. Bitte beachten Sie: Dieses Zelt wird ohne Rahmen geliefert. Achten Sie darauf, dass der Abstand zwischen der [&hellip;]<\/p>\n","protected":false},"featured_media":48105,"comment_status":"closed","ping_status":"closed","template":"","meta":{"_acf_changed":false,"_et_pb_use_builder":"","_et_pb_old_content":"","_et_gb_content_width":""},"product_brand":[],"product_cat":[686,724,690],"product_tag":[],"class_list":{"0":"post-48102","1":"product","2":"type-product","3":"status-publish","4":"has-post-thumbnail","6":"product_cat-bakfiets-de","7":"product_cat-fietsfabriek-de","8":"product_cat-lastenrad-regenverdeck","9":"pa_kleur-matt-schwarz-de","10":"pa_materiaal-bisonyl-pvc-leinwand","11":"pa_merk-clarijs-covers-b-v-de","13":"first","14":"instock","15":"taxable","16":"shipping-taxable","17":"purchasable","18":"product-type-variable","19":"has-default-attributes"},"acf":[],"yoast_head":"<!-- This site is optimized with the Yoast SEO Premium plugin v27.2 (Yoast SEO v27.3) - https:\/\/yoast.com\/product\/yoast-seo-premium-wordpress\/ -->\n<title>Regenzelt f\u00fcr Fietsfabriek BF Classic - Clarijs Fietstassen<\/title>\n<meta name=\"description\" content=\"Der Regenzelt f\u00fcr Fietsfabriek BF Classic von Clarijs Fietstassen ist die perfekte Erg\u00e4nzung f\u00fcr Ihr Fietsfabriek-Lastenrad.\" \/>\n<meta name=\"robots\" content=\"index, follow, max-snippet:-1, max-image-preview:large, max-video-preview:-1\" \/>\n<link rel=\"canonical\" href=\"http:\/\/clarijs-fietstassen.nl\/produkt\/regentent-voor-fietsfabriek-bf-classic\/\" \/>\n<meta property=\"og:locale\" content=\"de_DE\" \/>\n<meta property=\"og:type\" content=\"article\" \/>\n<meta property=\"og:title\" content=\"Regenzelt f\u00fcr Fietsfabriek BF Classic\" \/>\n<meta property=\"og:description\" content=\"Der Regenzelt f\u00fcr Fietsfabriek BF Classic von Clarijs Fietstassen ist die perfekte Erg\u00e4nzung f\u00fcr Ihr Fietsfabriek-Lastenrad.\" \/>\n<meta property=\"og:url\" content=\"http:\/\/clarijs-fietstassen.nl\/produkt\/regentent-voor-fietsfabriek-bf-classic\/\" \/>\n<meta property=\"og:site_name\" content=\"Clarijs Fietstassen\" \/>\n<meta property=\"article:publisher\" content=\"https:\/\/www.facebook.com\/clarijs1948\/\" \/>\n<meta property=\"article:modified_time\" content=\"2025-09-24T14:31:26+00:00\" \/>\n<meta property=\"og:image\" content=\"https:\/\/clarijs-fietstassen.nl\/wp-content\/uploads\/2023\/07\/0001056_fietsfabriek-bf-classic-huif.jpeg\" \/>\n\t<meta property=\"og:image:width\" content=\"1020\" \/>\n\t<meta property=\"og:image:height\" content=\"764\" \/>\n\t<meta property=\"og:image:type\" content=\"image\/jpeg\" \/>\n<meta name=\"twitter:card\" content=\"summary_large_image\" \/>\n<meta name=\"twitter:label1\" content=\"Verf\u00fcgbarkeit\" \/>\n\t<meta name=\"twitter:data1\" content=\"Auf Lager\" \/>\n<script type=\"application\/ld+json\" class=\"yoast-schema-graph\">{\"@context\":\"https:\\\/\\\/schema.org\",\"@graph\":[{\"@type\":\"WebPage\",\"@id\":\"http:\\\/\\\/clarijs-fietstassen.nl\\\/produkt\\\/regentent-voor-fietsfabriek-bf-classic\\\/\",\"url\":\"http:\\\/\\\/clarijs-fietstassen.nl\\\/produkt\\\/regentent-voor-fietsfabriek-bf-classic\\\/\",\"name\":\"Regenzelt f\u00fcr Fietsfabriek BF Classic - Clarijs Fietstassen\",\"isPartOf\":{\"@id\":\"https:\\\/\\\/clarijs-fietstassen.nl\\\/de\\\/#website\"},\"primaryImageOfPage\":{\"@id\":\"http:\\\/\\\/clarijs-fietstassen.nl\\\/produkt\\\/regentent-voor-fietsfabriek-bf-classic\\\/#primaryimage\"},\"image\":{\"@id\":\"http:\\\/\\\/clarijs-fietstassen.nl\\\/produkt\\\/regentent-voor-fietsfabriek-bf-classic\\\/#primaryimage\"},\"thumbnailUrl\":\"https:\\\/\\\/clarijs-fietstassen.nl\\\/wp-content\\\/uploads\\\/2023\\\/07\\\/0001056_fietsfabriek-bf-classic-huif.jpeg\",\"datePublished\":\"2023-07-03T12:07:12+00:00\",\"dateModified\":\"2025-09-24T14:31:26+00:00\",\"description\":\"Der Regenzelt f\u00fcr Fietsfabriek BF Classic von Clarijs Fietstassen ist die perfekte Erg\u00e4nzung f\u00fcr Ihr Fietsfabriek-Lastenrad.\",\"breadcrumb\":{\"@id\":\"http:\\\/\\\/clarijs-fietstassen.nl\\\/produkt\\\/regentent-voor-fietsfabriek-bf-classic\\\/#breadcrumb\"},\"inLanguage\":\"de\",\"potentialAction\":[{\"@type\":\"ReadAction\",\"target\":[\"http:\\\/\\\/clarijs-fietstassen.nl\\\/produkt\\\/regentent-voor-fietsfabriek-bf-classic\\\/\"]}]},{\"@type\":\"ImageObject\",\"inLanguage\":\"de\",\"@id\":\"http:\\\/\\\/clarijs-fietstassen.nl\\\/produkt\\\/regentent-voor-fietsfabriek-bf-classic\\\/#primaryimage\",\"url\":\"https:\\\/\\\/clarijs-fietstassen.nl\\\/wp-content\\\/uploads\\\/2023\\\/07\\\/0001056_fietsfabriek-bf-classic-huif.jpeg\",\"contentUrl\":\"https:\\\/\\\/clarijs-fietstassen.nl\\\/wp-content\\\/uploads\\\/2023\\\/07\\\/0001056_fietsfabriek-bf-classic-huif.jpeg\",\"width\":1020,\"height\":764,\"caption\":\"Regenzelt f\u00fcr Fietsfabriek BF Classic\"},{\"@type\":\"BreadcrumbList\",\"@id\":\"http:\\\/\\\/clarijs-fietstassen.nl\\\/produkt\\\/regentent-voor-fietsfabriek-bf-classic\\\/#breadcrumb\",\"itemListElement\":[{\"@type\":\"ListItem\",\"position\":1,\"name\":\"Home\",\"item\":\"https:\\\/\\\/clarijs-fietstassen.nl\\\/de\\\/\"},{\"@type\":\"ListItem\",\"position\":2,\"name\":\"Shop\",\"item\":\"https:\\\/\\\/clarijs-fietstassen.nl\\\/de\\\/shop\\\/\"},{\"@type\":\"ListItem\",\"position\":3,\"name\":\"Fietsfabriek\",\"item\":\"https:\\\/\\\/clarijs-fietstassen.nl\\\/en\\\/fietsfabriek\\\/\"},{\"@type\":\"ListItem\",\"position\":4,\"name\":\"Regenzelt f\u00fcr Fietsfabriek BF Classic\"}]},{\"@type\":\"WebSite\",\"@id\":\"https:\\\/\\\/clarijs-fietstassen.nl\\\/de\\\/#website\",\"url\":\"https:\\\/\\\/clarijs-fietstassen.nl\\\/de\\\/\",\"name\":\"Clarijs Fietstassen\",\"description\":\"Kwaliteit &amp; ambacht sinds 1948\",\"publisher\":{\"@id\":\"https:\\\/\\\/clarijs-fietstassen.nl\\\/de\\\/#organization\"},\"potentialAction\":[{\"@type\":\"SearchAction\",\"target\":{\"@type\":\"EntryPoint\",\"urlTemplate\":\"https:\\\/\\\/clarijs-fietstassen.nl\\\/de\\\/?s={search_term_string}\"},\"query-input\":{\"@type\":\"PropertyValueSpecification\",\"valueRequired\":true,\"valueName\":\"search_term_string\"}}],\"inLanguage\":\"de\"},{\"@type\":\"Organization\",\"@id\":\"https:\\\/\\\/clarijs-fietstassen.nl\\\/de\\\/#organization\",\"name\":\"Clarijs Fietstassen\",\"url\":\"https:\\\/\\\/clarijs-fietstassen.nl\\\/de\\\/\",\"logo\":{\"@type\":\"ImageObject\",\"inLanguage\":\"de\",\"@id\":\"https:\\\/\\\/clarijs-fietstassen.nl\\\/de\\\/#\\\/schema\\\/logo\\\/image\\\/\",\"url\":\"https:\\\/\\\/clarijs-fietstassen.nl\\\/wp-content\\\/uploads\\\/2024\\\/01\\\/clarijs-logo-met-rand.jpg\",\"contentUrl\":\"https:\\\/\\\/clarijs-fietstassen.nl\\\/wp-content\\\/uploads\\\/2024\\\/01\\\/clarijs-logo-met-rand.jpg\",\"width\":560,\"height\":266,\"caption\":\"Clarijs Fietstassen\"},\"image\":{\"@id\":\"https:\\\/\\\/clarijs-fietstassen.nl\\\/de\\\/#\\\/schema\\\/logo\\\/image\\\/\"},\"sameAs\":[\"https:\\\/\\\/www.facebook.com\\\/clarijs1948\\\/\",\"https:\\\/\\\/www.instagram.com\\\/clarijscovers\\\/\"]}]}<\/script>\n<meta property=\"og:availability\" content=\"instock\" \/>\n<meta property=\"product:availability\" content=\"instock\" \/>\n<meta property=\"product:retailer_item_id\" content=\"5039\" \/>\n<meta property=\"product:condition\" content=\"new\" \/>\n<!-- \/ Yoast SEO Premium plugin. -->","yoast_head_json":{"title":"Regenzelt f\u00fcr Fietsfabriek BF Classic - Clarijs Fietstassen","description":"Der Regenzelt f\u00fcr Fietsfabriek BF Classic von Clarijs Fietstassen ist die perfekte Erg\u00e4nzung f\u00fcr Ihr Fietsfabriek-Lastenrad.","robots":{"index":"index","follow":"follow","max-snippet":"max-snippet:-1","max-image-preview":"max-image-preview:large","max-video-preview":"max-video-preview:-1"},"canonical":"http:\/\/clarijs-fietstassen.nl\/produkt\/regentent-voor-fietsfabriek-bf-classic\/","og_locale":"de_DE","og_type":"article","og_title":"Regenzelt f\u00fcr Fietsfabriek BF Classic","og_description":"Der Regenzelt f\u00fcr Fietsfabriek BF Classic von Clarijs Fietstassen ist die perfekte Erg\u00e4nzung f\u00fcr Ihr Fietsfabriek-Lastenrad.","og_url":"http:\/\/clarijs-fietstassen.nl\/produkt\/regentent-voor-fietsfabriek-bf-classic\/","og_site_name":"Clarijs Fietstassen","article_publisher":"https:\/\/www.facebook.com\/clarijs1948\/","article_modified_time":"2025-09-24T14:31:26+00:00","og_image":[{"width":1020,"height":764,"url":"https:\/\/clarijs-fietstassen.nl\/wp-content\/uploads\/2023\/07\/0001056_fietsfabriek-bf-classic-huif.jpeg","type":"image\/jpeg"}],"twitter_card":"summary_large_image","twitter_misc":{"Verf\u00fcgbarkeit":"Auf Lager"},"schema":{"@context":"https:\/\/schema.org","@graph":[{"@type":"WebPage","@id":"http:\/\/clarijs-fietstassen.nl\/produkt\/regentent-voor-fietsfabriek-bf-classic\/","url":"http:\/\/clarijs-fietstassen.nl\/produkt\/regentent-voor-fietsfabriek-bf-classic\/","name":"Regenzelt f\u00fcr Fietsfabriek BF Classic - Clarijs Fietstassen","isPartOf":{"@id":"https:\/\/clarijs-fietstassen.nl\/de\/#website"},"primaryImageOfPage":{"@id":"http:\/\/clarijs-fietstassen.nl\/produkt\/regentent-voor-fietsfabriek-bf-classic\/#primaryimage"},"image":{"@id":"http:\/\/clarijs-fietstassen.nl\/produkt\/regentent-voor-fietsfabriek-bf-classic\/#primaryimage"},"thumbnailUrl":"https:\/\/clarijs-fietstassen.nl\/wp-content\/uploads\/2023\/07\/0001056_fietsfabriek-bf-classic-huif.jpeg","datePublished":"2023-07-03T12:07:12+00:00","dateModified":"2025-09-24T14:31:26+00:00","description":"Der Regenzelt f\u00fcr Fietsfabriek BF Classic von Clarijs Fietstassen ist die perfekte Erg\u00e4nzung f\u00fcr Ihr Fietsfabriek-Lastenrad.","breadcrumb":{"@id":"http:\/\/clarijs-fietstassen.nl\/produkt\/regentent-voor-fietsfabriek-bf-classic\/#breadcrumb"},"inLanguage":"de","potentialAction":[{"@type":"ReadAction","target":["http:\/\/clarijs-fietstassen.nl\/produkt\/regentent-voor-fietsfabriek-bf-classic\/"]}]},{"@type":"ImageObject","inLanguage":"de","@id":"http:\/\/clarijs-fietstassen.nl\/produkt\/regentent-voor-fietsfabriek-bf-classic\/#primaryimage","url":"https:\/\/clarijs-fietstassen.nl\/wp-content\/uploads\/2023\/07\/0001056_fietsfabriek-bf-classic-huif.jpeg","contentUrl":"https:\/\/clarijs-fietstassen.nl\/wp-content\/uploads\/2023\/07\/0001056_fietsfabriek-bf-classic-huif.jpeg","width":1020,"height":764,"caption":"Regenzelt f\u00fcr Fietsfabriek BF Classic"},{"@type":"BreadcrumbList","@id":"http:\/\/clarijs-fietstassen.nl\/produkt\/regentent-voor-fietsfabriek-bf-classic\/#breadcrumb","itemListElement":[{"@type":"ListItem","position":1,"name":"Home","item":"https:\/\/clarijs-fietstassen.nl\/de\/"},{"@type":"ListItem","position":2,"name":"Shop","item":"https:\/\/clarijs-fietstassen.nl\/de\/shop\/"},{"@type":"ListItem","position":3,"name":"Fietsfabriek","item":"https:\/\/clarijs-fietstassen.nl\/en\/fietsfabriek\/"},{"@type":"ListItem","position":4,"name":"Regenzelt f\u00fcr Fietsfabriek BF Classic"}]},{"@type":"WebSite","@id":"https:\/\/clarijs-fietstassen.nl\/de\/#website","url":"https:\/\/clarijs-fietstassen.nl\/de\/","name":"Clarijs Fietstassen","description":"Kwaliteit &amp; ambacht sinds 1948","publisher":{"@id":"https:\/\/clarijs-fietstassen.nl\/de\/#organization"},"potentialAction":[{"@type":"SearchAction","target":{"@type":"EntryPoint","urlTemplate":"https:\/\/clarijs-fietstassen.nl\/de\/?s={search_term_string}"},"query-input":{"@type":"PropertyValueSpecification","valueRequired":true,"valueName":"search_term_string"}}],"inLanguage":"de"},{"@type":"Organization","@id":"https:\/\/clarijs-fietstassen.nl\/de\/#organization","name":"Clarijs Fietstassen","url":"https:\/\/clarijs-fietstassen.nl\/de\/","logo":{"@type":"ImageObject","inLanguage":"de","@id":"https:\/\/clarijs-fietstassen.nl\/de\/#\/schema\/logo\/image\/","url":"https:\/\/clarijs-fietstassen.nl\/wp-content\/uploads\/2024\/01\/clarijs-logo-met-rand.jpg","contentUrl":"https:\/\/clarijs-fietstassen.nl\/wp-content\/uploads\/2024\/01\/clarijs-logo-met-rand.jpg","width":560,"height":266,"caption":"Clarijs Fietstassen"},"image":{"@id":"https:\/\/clarijs-fietstassen.nl\/de\/#\/schema\/logo\/image\/"},"sameAs":["https:\/\/www.facebook.com\/clarijs1948\/","https:\/\/www.instagram.com\/clarijscovers\/"]}]},"og_availability":"instock","product_availability":"instock","product_retailer_item_id":"5039","product_condition":"new"},"_links":{"self":[{"href":"https:\/\/clarijs-fietstassen.nl\/de\/wp-json\/wp\/v2\/product\/48102","targetHints":{"allow":["GET"]}}],"collection":[{"href":"https:\/\/clarijs-fietstassen.nl\/de\/wp-json\/wp\/v2\/product"}],"about":[{"href":"https:\/\/clarijs-fietstassen.nl\/de\/wp-json\/wp\/v2\/types\/product"}],"replies":[{"embeddable":true,"href":"https:\/\/clarijs-fietstassen.nl\/de\/wp-json\/wp\/v2\/comments?post=48102"}],"wp:featuredmedia":[{"embeddable":true,"href":"https:\/\/clarijs-fietstassen.nl\/de\/wp-json\/wp\/v2\/media\/48105"}],"wp:attachment":[{"href":"https:\/\/clarijs-fietstassen.nl\/de\/wp-json\/wp\/v2\/media?parent=48102"}],"wp:term":[{"taxonomy":"product_brand","embeddable":true,"href":"https:\/\/clarijs-fietstassen.nl\/de\/wp-json\/wp\/v2\/product_brand?post=48102"},{"taxonomy":"product_cat","embeddable":true,"href":"https:\/\/clarijs-fietstassen.nl\/de\/wp-json\/wp\/v2\/product_cat?post=48102"},{"taxonomy":"product_tag","embeddable":true,"href":"https:\/\/clarijs-fietstassen.nl\/de\/wp-json\/wp\/v2\/product_tag?post=48102"}],"curies":[{"name":"wp","href":"https:\/\/api.w.org\/{rel}","templated":true}]}}