{"id":48116,"date":"2023-07-03T14:04:09","date_gmt":"2023-07-03T13:04:09","guid":{"rendered":"https:\/\/clarijs-fietstassen.nl\/hiplok-z-lokomotive\/"},"modified":"2026-04-15T11:18:48","modified_gmt":"2026-04-15T09:18:48","slug":"hiplok-z-lok","status":"publish","type":"product","link":"https:\/\/clarijs-fietstassen.nl\/de\/produkt\/hiplok-z-lok\/","title":{"rendered":"Hiplok Z Lok"},"content":{"rendered":"<p>Het Hiplok Z LOK fietsslot is een compacte en slimme beveiligingsoplossing voor iedereen die snel en eenvoudig extra bescherming wil tijdens korte stops. Dankzij het unieke vergrendelingssysteem met stalen kern combineert dit compacte fietsslot een extreem laag gewicht met verrassend veel veiligheid. Ideaal voor het vastzetten van je fiets, helm of accessoires wanneer je even onderweg bent.  <\/p>\n<p data-section-id=\"1gs5lty\" data-start=\"429\" data-end=\"468\"><strong>Was macht das Hiplok Z LOK zur idealen Sicherheitsl\u00f6sung?<\/strong><\/p>\n<ul data-start=\"470\" data-end=\"859\">\n<li data-section-id=\"shp83g\" data-start=\"614\" data-end=\"665\">Leichtes Design von nur ca. 20\u201330 Gramm<\/li>\n<li data-section-id=\"w9td7\" data-start=\"666\" data-end=\"715\">Verst\u00e4rkter Stahlkern f\u00fcr zus\u00e4tzlichen Schutz<\/li>\n<li data-section-id=\"4563sw\" data-start=\"716\" data-end=\"761\">Einzigartiges Ratschensystem, das sofort einrastet<\/li>\n<li data-section-id=\"1by3mg5\" data-start=\"762\" data-end=\"786\">Wiederverwendbares Design<\/li>\n<li data-section-id=\"19akj6l\" data-start=\"787\" data-end=\"843\">Kompaktes Format, passt problemlos in Jacken- oder Trikottasche<\/li>\n<li data-section-id=\"4ypuvu\" data-start=\"844\" data-end=\"898\">40 cm Verriegelungsl\u00e4nge f\u00fcr vielseitige Einsatzm\u00f6glichkeiten<\/li>\n<li data-section-id=\"mf22vr\" data-start=\"899\" data-end=\"964\">Geeignet f\u00fcr Fahrr\u00e4der, E-Bikes, Lastenr\u00e4der, Scooter und Zubeh\u00f6r<\/li>\n<\/ul>\n<p data-start=\"1570\" data-end=\"1798\">Das Hiplok Z LOK Fahrradschloss eignet sich perfekt als zus\u00e4tzliche Sicherung oder f\u00fcr Situationen, in denen schnell und einfach etwas befestigt werden soll. Durch das kompakte Format l\u00e4sst sich dieses zus\u00e4tzliche Sicherheitsschloss m\u00fchelos \u00fcberallhin mitnehmen. <\/p>\n<p data-start=\"1800\" data-end=\"1931\"><strong>Bitte beachten Sie:<\/strong> Dieses Schloss ist als Schutz gegen Gelegenheitsdiebstahl gedacht und weniger als Hauptschloss f\u00fcr l\u00e4ngeres Parken geeignet.<\/p>\n<p data-start=\"1933\" data-end=\"2045\">Setzen Sie auf clevere zus\u00e4tzliche Sicherheit unterwegs und nehmen Sie das Hiplok Z LOK Fahrradschloss \u00fcberallhin mit.<\/p>\n","protected":false},"excerpt":{"rendered":"<p>Het Hiplok Z LOK fietsslot is een compacte en slimme beveiligingsoplossing voor iedereen die snel en eenvoudig extra bescherming wil tijdens korte stops. Dankzij het unieke vergrendelingssysteem met stalen kern combineert dit compacte fietsslot een extreem laag gewicht met verrassend veel veiligheid. Ideaal voor het vastzetten van je fiets, helm of accessoires wanneer je even [&hellip;]<\/p>\n","protected":false},"featured_media":65141,"comment_status":"closed","ping_status":"closed","template":"","meta":{"_acf_changed":false,"_et_pb_use_builder":"","_et_pb_old_content":"","_et_gb_content_width":""},"product_brand":[],"product_cat":[723,684],"product_tag":[],"class_list":{"0":"post-48116","1":"product","2":"type-product","3":"status-publish","4":"has-post-thumbnail","6":"product_cat-fahrradzubehor","7":"product_cat-zubehor","8":"pa_kleur-blau","9":"pa_kleur-orange-de","10":"pa_kleur-schwarz","12":"first","13":"instock","14":"taxable","15":"shipping-taxable","16":"purchasable","17":"product-type-variable"},"acf":[],"yoast_head":"<!-- This site is optimized with the Yoast SEO Premium plugin v27.2 (Yoast SEO v27.4) - https:\/\/yoast.com\/product\/yoast-seo-premium-wordpress\/ -->\n<title>Hiplok Z Lok - Clarijs Fietstassen<\/title>\n<meta name=\"description\" content=\"Das Hiplok Z LOK Fahrradschloss ist ein kompaktes Zusatzschloss mit Stahlkern. Leicht, wiederverwendbar und ideal f\u00fcr kurze Stopps oder zum Sichern von Zubeh\u00f6r.\" \/>\n<meta name=\"robots\" content=\"index, follow, max-snippet:-1, max-image-preview:large, max-video-preview:-1\" \/>\n<link rel=\"canonical\" href=\"https:\/\/clarijs-fietstassen.nl\/de\/hiplok-z-lok\/\" \/>\n<meta property=\"og:locale\" content=\"de_DE\" \/>\n<meta property=\"og:type\" content=\"article\" \/>\n<meta property=\"og:title\" content=\"Hiplok Z Lok\" \/>\n<meta property=\"og:description\" content=\"Das Hiplok Z LOK Fahrradschloss ist ein kompaktes Zusatzschloss mit Stahlkern. Leicht, wiederverwendbar und ideal f\u00fcr kurze Stopps oder zum Sichern von Zubeh\u00f6r.\" \/>\n<meta property=\"og:url\" content=\"https:\/\/clarijs-fietstassen.nl\/de\/hiplok-z-lok\/\" \/>\n<meta property=\"og:site_name\" content=\"Clarijs Fietstassen\" \/>\n<meta property=\"article:publisher\" content=\"https:\/\/www.facebook.com\/clarijs1948\/\" \/>\n<meta property=\"article:modified_time\" content=\"2026-04-15T09:18:48+00:00\" \/>\n<meta property=\"og:image\" content=\"https:\/\/clarijs-fietstassen.nl\/wp-content\/uploads\/2023\/07\/alle-kleuren3-1sluitig.jpg\" \/>\n\t<meta property=\"og:image:width\" content=\"1200\" \/>\n\t<meta property=\"og:image:height\" content=\"1200\" \/>\n\t<meta property=\"og:image:type\" content=\"image\/jpeg\" \/>\n<meta name=\"twitter:card\" content=\"summary_large_image\" \/>\n<meta name=\"twitter:label1\" content=\"Verf\u00fcgbarkeit\" \/>\n\t<meta name=\"twitter:data1\" content=\"Auf Lager\" \/>\n<script type=\"application\/ld+json\" class=\"yoast-schema-graph\">{\"@context\":\"https:\\\/\\\/schema.org\",\"@graph\":[{\"@type\":\"WebPage\",\"@id\":\"https:\\\/\\\/clarijs-fietstassen.nl\\\/de\\\/hiplok-z-lok\\\/\",\"url\":\"https:\\\/\\\/clarijs-fietstassen.nl\\\/de\\\/hiplok-z-lok\\\/\",\"name\":\"Hiplok Z Lok - Clarijs Fietstassen\",\"isPartOf\":{\"@id\":\"https:\\\/\\\/clarijs-fietstassen.nl\\\/de\\\/#website\"},\"primaryImageOfPage\":{\"@id\":\"https:\\\/\\\/clarijs-fietstassen.nl\\\/de\\\/hiplok-z-lok\\\/#primaryimage\"},\"image\":{\"@id\":\"https:\\\/\\\/clarijs-fietstassen.nl\\\/de\\\/hiplok-z-lok\\\/#primaryimage\"},\"thumbnailUrl\":\"https:\\\/\\\/clarijs-fietstassen.nl\\\/wp-content\\\/uploads\\\/2023\\\/07\\\/alle-kleuren3-1sluitig.jpg\",\"datePublished\":\"2023-07-03T13:04:09+00:00\",\"dateModified\":\"2026-04-15T09:18:48+00:00\",\"description\":\"Das Hiplok Z LOK Fahrradschloss ist ein kompaktes Zusatzschloss mit Stahlkern. Leicht, wiederverwendbar und ideal f\u00fcr kurze Stopps oder zum Sichern von Zubeh\u00f6r.\",\"breadcrumb\":{\"@id\":\"https:\\\/\\\/clarijs-fietstassen.nl\\\/de\\\/hiplok-z-lok\\\/#breadcrumb\"},\"inLanguage\":\"de\",\"potentialAction\":[{\"@type\":\"ReadAction\",\"target\":[\"https:\\\/\\\/clarijs-fietstassen.nl\\\/de\\\/hiplok-z-lok\\\/\"]}]},{\"@type\":\"ImageObject\",\"inLanguage\":\"de\",\"@id\":\"https:\\\/\\\/clarijs-fietstassen.nl\\\/de\\\/hiplok-z-lok\\\/#primaryimage\",\"url\":\"https:\\\/\\\/clarijs-fietstassen.nl\\\/wp-content\\\/uploads\\\/2023\\\/07\\\/alle-kleuren3-1sluitig.jpg\",\"contentUrl\":\"https:\\\/\\\/clarijs-fietstassen.nl\\\/wp-content\\\/uploads\\\/2023\\\/07\\\/alle-kleuren3-1sluitig.jpg\",\"width\":1200,\"height\":1200,\"caption\":\"Hiplok Z lok - blauw - oranje - zwart\"},{\"@type\":\"BreadcrumbList\",\"@id\":\"https:\\\/\\\/clarijs-fietstassen.nl\\\/de\\\/hiplok-z-lok\\\/#breadcrumb\",\"itemListElement\":[{\"@type\":\"ListItem\",\"position\":1,\"name\":\"Home\",\"item\":\"https:\\\/\\\/clarijs-fietstassen.nl\\\/de\\\/\"},{\"@type\":\"ListItem\",\"position\":2,\"name\":\"Shop\",\"item\":\"https:\\\/\\\/clarijs-fietstassen.nl\\\/de\\\/shop\\\/\"},{\"@type\":\"ListItem\",\"position\":3,\"name\":\"Fahrradzubeh\u00f6r\",\"item\":\"https:\\\/\\\/clarijs-fietstassen.nl\\\/de\\\/fahrradzubehor\\\/\"},{\"@type\":\"ListItem\",\"position\":4,\"name\":\"Hiplok Z Lok\"}]},{\"@type\":\"WebSite\",\"@id\":\"https:\\\/\\\/clarijs-fietstassen.nl\\\/de\\\/#website\",\"url\":\"https:\\\/\\\/clarijs-fietstassen.nl\\\/de\\\/\",\"name\":\"Clarijs Fietstassen\",\"description\":\"Kwaliteit &amp; ambacht sinds 1948\",\"publisher\":{\"@id\":\"https:\\\/\\\/clarijs-fietstassen.nl\\\/de\\\/#organization\"},\"potentialAction\":[{\"@type\":\"SearchAction\",\"target\":{\"@type\":\"EntryPoint\",\"urlTemplate\":\"https:\\\/\\\/clarijs-fietstassen.nl\\\/de\\\/?s={search_term_string}\"},\"query-input\":{\"@type\":\"PropertyValueSpecification\",\"valueRequired\":true,\"valueName\":\"search_term_string\"}}],\"inLanguage\":\"de\"},{\"@type\":\"Organization\",\"@id\":\"https:\\\/\\\/clarijs-fietstassen.nl\\\/de\\\/#organization\",\"name\":\"Clarijs Fietstassen\",\"url\":\"https:\\\/\\\/clarijs-fietstassen.nl\\\/de\\\/\",\"logo\":{\"@type\":\"ImageObject\",\"inLanguage\":\"de\",\"@id\":\"https:\\\/\\\/clarijs-fietstassen.nl\\\/de\\\/#\\\/schema\\\/logo\\\/image\\\/\",\"url\":\"https:\\\/\\\/clarijs-fietstassen.nl\\\/wp-content\\\/uploads\\\/2024\\\/01\\\/clarijs-logo-met-rand.jpg\",\"contentUrl\":\"https:\\\/\\\/clarijs-fietstassen.nl\\\/wp-content\\\/uploads\\\/2024\\\/01\\\/clarijs-logo-met-rand.jpg\",\"width\":560,\"height\":266,\"caption\":\"Clarijs Fietstassen\"},\"image\":{\"@id\":\"https:\\\/\\\/clarijs-fietstassen.nl\\\/de\\\/#\\\/schema\\\/logo\\\/image\\\/\"},\"sameAs\":[\"https:\\\/\\\/www.facebook.com\\\/clarijs1948\\\/\",\"https:\\\/\\\/www.instagram.com\\\/clarijscovers\\\/\"]}]}<\/script>\n<meta property=\"og:availability\" content=\"instock\" \/>\n<meta property=\"product:availability\" content=\"instock\" \/>\n<meta property=\"product:retailer_item_id\" content=\"4030\" \/>\n<meta property=\"product:condition\" content=\"new\" \/>\n<!-- \/ Yoast SEO Premium plugin. -->","yoast_head_json":{"title":"Hiplok Z Lok - Clarijs Fietstassen","description":"Das Hiplok Z LOK Fahrradschloss ist ein kompaktes Zusatzschloss mit Stahlkern. Leicht, wiederverwendbar und ideal f\u00fcr kurze Stopps oder zum Sichern von Zubeh\u00f6r.","robots":{"index":"index","follow":"follow","max-snippet":"max-snippet:-1","max-image-preview":"max-image-preview:large","max-video-preview":"max-video-preview:-1"},"canonical":"https:\/\/clarijs-fietstassen.nl\/de\/hiplok-z-lok\/","og_locale":"de_DE","og_type":"article","og_title":"Hiplok Z Lok","og_description":"Das Hiplok Z LOK Fahrradschloss ist ein kompaktes Zusatzschloss mit Stahlkern. Leicht, wiederverwendbar und ideal f\u00fcr kurze Stopps oder zum Sichern von Zubeh\u00f6r.","og_url":"https:\/\/clarijs-fietstassen.nl\/de\/hiplok-z-lok\/","og_site_name":"Clarijs Fietstassen","article_publisher":"https:\/\/www.facebook.com\/clarijs1948\/","article_modified_time":"2026-04-15T09:18:48+00:00","og_image":[{"width":1200,"height":1200,"url":"https:\/\/clarijs-fietstassen.nl\/wp-content\/uploads\/2023\/07\/alle-kleuren3-1sluitig.jpg","type":"image\/jpeg"}],"twitter_card":"summary_large_image","twitter_misc":{"Verf\u00fcgbarkeit":"Auf Lager"},"schema":{"@context":"https:\/\/schema.org","@graph":[{"@type":"WebPage","@id":"https:\/\/clarijs-fietstassen.nl\/de\/hiplok-z-lok\/","url":"https:\/\/clarijs-fietstassen.nl\/de\/hiplok-z-lok\/","name":"Hiplok Z Lok - Clarijs Fietstassen","isPartOf":{"@id":"https:\/\/clarijs-fietstassen.nl\/de\/#website"},"primaryImageOfPage":{"@id":"https:\/\/clarijs-fietstassen.nl\/de\/hiplok-z-lok\/#primaryimage"},"image":{"@id":"https:\/\/clarijs-fietstassen.nl\/de\/hiplok-z-lok\/#primaryimage"},"thumbnailUrl":"https:\/\/clarijs-fietstassen.nl\/wp-content\/uploads\/2023\/07\/alle-kleuren3-1sluitig.jpg","datePublished":"2023-07-03T13:04:09+00:00","dateModified":"2026-04-15T09:18:48+00:00","description":"Das Hiplok Z LOK Fahrradschloss ist ein kompaktes Zusatzschloss mit Stahlkern. Leicht, wiederverwendbar und ideal f\u00fcr kurze Stopps oder zum Sichern von Zubeh\u00f6r.","breadcrumb":{"@id":"https:\/\/clarijs-fietstassen.nl\/de\/hiplok-z-lok\/#breadcrumb"},"inLanguage":"de","potentialAction":[{"@type":"ReadAction","target":["https:\/\/clarijs-fietstassen.nl\/de\/hiplok-z-lok\/"]}]},{"@type":"ImageObject","inLanguage":"de","@id":"https:\/\/clarijs-fietstassen.nl\/de\/hiplok-z-lok\/#primaryimage","url":"https:\/\/clarijs-fietstassen.nl\/wp-content\/uploads\/2023\/07\/alle-kleuren3-1sluitig.jpg","contentUrl":"https:\/\/clarijs-fietstassen.nl\/wp-content\/uploads\/2023\/07\/alle-kleuren3-1sluitig.jpg","width":1200,"height":1200,"caption":"Hiplok Z lok - blauw - oranje - zwart"},{"@type":"BreadcrumbList","@id":"https:\/\/clarijs-fietstassen.nl\/de\/hiplok-z-lok\/#breadcrumb","itemListElement":[{"@type":"ListItem","position":1,"name":"Home","item":"https:\/\/clarijs-fietstassen.nl\/de\/"},{"@type":"ListItem","position":2,"name":"Shop","item":"https:\/\/clarijs-fietstassen.nl\/de\/shop\/"},{"@type":"ListItem","position":3,"name":"Fahrradzubeh\u00f6r","item":"https:\/\/clarijs-fietstassen.nl\/de\/fahrradzubehor\/"},{"@type":"ListItem","position":4,"name":"Hiplok Z Lok"}]},{"@type":"WebSite","@id":"https:\/\/clarijs-fietstassen.nl\/de\/#website","url":"https:\/\/clarijs-fietstassen.nl\/de\/","name":"Clarijs Fietstassen","description":"Kwaliteit &amp; ambacht sinds 1948","publisher":{"@id":"https:\/\/clarijs-fietstassen.nl\/de\/#organization"},"potentialAction":[{"@type":"SearchAction","target":{"@type":"EntryPoint","urlTemplate":"https:\/\/clarijs-fietstassen.nl\/de\/?s={search_term_string}"},"query-input":{"@type":"PropertyValueSpecification","valueRequired":true,"valueName":"search_term_string"}}],"inLanguage":"de"},{"@type":"Organization","@id":"https:\/\/clarijs-fietstassen.nl\/de\/#organization","name":"Clarijs Fietstassen","url":"https:\/\/clarijs-fietstassen.nl\/de\/","logo":{"@type":"ImageObject","inLanguage":"de","@id":"https:\/\/clarijs-fietstassen.nl\/de\/#\/schema\/logo\/image\/","url":"https:\/\/clarijs-fietstassen.nl\/wp-content\/uploads\/2024\/01\/clarijs-logo-met-rand.jpg","contentUrl":"https:\/\/clarijs-fietstassen.nl\/wp-content\/uploads\/2024\/01\/clarijs-logo-met-rand.jpg","width":560,"height":266,"caption":"Clarijs Fietstassen"},"image":{"@id":"https:\/\/clarijs-fietstassen.nl\/de\/#\/schema\/logo\/image\/"},"sameAs":["https:\/\/www.facebook.com\/clarijs1948\/","https:\/\/www.instagram.com\/clarijscovers\/"]}]},"og_availability":"instock","product_availability":"instock","product_retailer_item_id":"4030","product_condition":"new"},"_links":{"self":[{"href":"https:\/\/clarijs-fietstassen.nl\/de\/wp-json\/wp\/v2\/product\/48116","targetHints":{"allow":["GET"]}}],"collection":[{"href":"https:\/\/clarijs-fietstassen.nl\/de\/wp-json\/wp\/v2\/product"}],"about":[{"href":"https:\/\/clarijs-fietstassen.nl\/de\/wp-json\/wp\/v2\/types\/product"}],"replies":[{"embeddable":true,"href":"https:\/\/clarijs-fietstassen.nl\/de\/wp-json\/wp\/v2\/comments?post=48116"}],"wp:featuredmedia":[{"embeddable":true,"href":"https:\/\/clarijs-fietstassen.nl\/de\/wp-json\/wp\/v2\/media\/65141"}],"wp:attachment":[{"href":"https:\/\/clarijs-fietstassen.nl\/de\/wp-json\/wp\/v2\/media?parent=48116"}],"wp:term":[{"taxonomy":"product_brand","embeddable":true,"href":"https:\/\/clarijs-fietstassen.nl\/de\/wp-json\/wp\/v2\/product_brand?post=48116"},{"taxonomy":"product_cat","embeddable":true,"href":"https:\/\/clarijs-fietstassen.nl\/de\/wp-json\/wp\/v2\/product_cat?post=48116"},{"taxonomy":"product_tag","embeddable":true,"href":"https:\/\/clarijs-fietstassen.nl\/de\/wp-json\/wp\/v2\/product_tag?post=48116"}],"curies":[{"name":"wp","href":"https:\/\/api.w.org\/{rel}","templated":true}]}}