{"id":48158,"date":"2023-07-03T14:21:45","date_gmt":"2023-07-03T12:21:45","guid":{"rendered":"https:\/\/clarijs-fietstassen.nl\/clarijs-kiste-kunststoff-35-x-43-cm\/"},"modified":"2025-02-17T13:17:31","modified_gmt":"2025-02-17T12:17:31","slug":"clarijs-kiste-kunststoff-35-x-43-cm","status":"publish","type":"product","link":"https:\/\/clarijs-fietstassen.nl\/de\/produkt\/clarijs-kiste-kunststoff-35-x-43-cm\/","title":{"rendered":"Clarijs Kiste Kunststoff 35 x 43 cm"},"content":{"rendered":"<p><span style=\"font-weight: 400;\">Entdecken Sie die robuste und praktische Clarijs Kunststoffkiste mit den Ma\u00dfen 35 x 43 cm &#8211; die ideale Erg\u00e4nzung zu Ihrem Fahrrad, um all Ihre Habseligkeiten sicher zu transportieren!<\/span><\/p>\n<p><span style=\"font-weight: 400;\">Die Clarijs Kunststoffkiste bietet genug Platz, um all Ihre wichtigen Dinge auf Ihren Fahrradtouren zu transportieren. Ob Sie Besorgungen machen, Ihre Picknickausr\u00fcstung transportieren oder einfach nur Ihre Alltagsgegenst\u00e4nde mitnehmen, diese Kiste ist der ideale Begleiter f\u00fcr alle Ihre Abenteuer. <\/span><\/p>\n<p><span style=\"font-weight: 400;\">Langlebiges und robustes Design:<\/span><\/p>\n<p><span style=\"font-weight: 400;\">Die Clarijs Crate ist aus strapazierf\u00e4higem Kunststoff gefertigt und garantiert Zuverl\u00e4ssigkeit und Wetterbest\u00e4ndigkeit bei all Ihren Fahrradabenteuern. Das robuste Design h\u00e4lt dem t\u00e4glichen Gebrauch stand und bietet sicheren Halt f\u00fcr Ihr Hab und Gut. <\/span><\/p>\n<p><span style=\"font-weight: 400;\">Einfache Befestigung und Verwendung:<\/span><\/p>\n<p><span style=\"font-weight: 400;\">Die Clarijs Crate l\u00e4sst sich leicht an Ihrem Fahrrad befestigen und h\u00e4lt es fest an seinem Platz. Mit einer einfachen Befestigung sind Sie bereit, sich auf den Weg zu machen, in dem Wissen, dass Ihre Sachen w\u00e4hrend der Fahrt sicher und stabil sind. <\/span><\/p>\n<p><span style=\"font-weight: 400;\">Praktisch und vielseitig:<\/span><\/p>\n<p><span style=\"font-weight: 400;\">Mit der 35 x 43 cm gro\u00dfen Clarijs Crate haben Sie genug Platz, um alles zu transportieren, was Sie brauchen. Sie ist der ideale Begleiter f\u00fcr jede Fahrradtour, ob gro\u00df oder klein, und bietet praktischen Stauraum f\u00fcr all Ihre Sachen. <\/span><\/p>\n<p>&nbsp;<\/p>\n","protected":false},"excerpt":{"rendered":"<p>Entdecken Sie die robuste und praktische Clarijs Kunststoffkiste mit den Ma\u00dfen 35 x 43 cm &#8211; die ideale Erg\u00e4nzung zu Ihrem Fahrrad, um all Ihre Habseligkeiten sicher zu transportieren! Die Clarijs Kunststoffkiste bietet genug Platz, um all Ihre wichtigen Dinge auf Ihren Fahrradtouren zu transportieren. Ob Sie Besorgungen machen, Ihre Picknickausr\u00fcstung transportieren oder einfach nur [&hellip;]<\/p>\n","protected":false},"featured_media":48160,"comment_status":"closed","ping_status":"closed","template":"","meta":{"_acf_changed":false,"_et_pb_use_builder":"","_et_pb_old_content":"","_et_gb_content_width":""},"product_brand":[],"product_cat":[725,684],"product_tag":[],"class_list":{"0":"post-48158","1":"product","2":"type-product","3":"status-publish","4":"has-post-thumbnail","6":"product_cat-fahrradkisten","7":"product_cat-zubehor","8":"pa_geschikt-voor-e-bike-ja-de","9":"pa_materiaal-kunststoff","11":"first","12":"instock","13":"taxable","14":"shipping-taxable","15":"purchasable","16":"product-type-simple"},"acf":[],"yoast_head":"<!-- This site is optimized with the Yoast SEO Premium plugin v27.2 (Yoast SEO v27.3) - https:\/\/yoast.com\/product\/yoast-seo-premium-wordpress\/ -->\n<title>Clarijs Kiste Kunststoff 35 x 43 cm - Clarijs Fietstassen<\/title>\n<meta name=\"description\" content=\"Entdecken Sie die robuste und praktische Clarijs Kunststoffkiste mit den Ma\u00dfen 35x43 cm, die ideale Erg\u00e4nzung zu Ihrem Fahrrad, um all Ihre Sachen zu transportieren\" \/>\n<meta name=\"robots\" content=\"index, follow, max-snippet:-1, max-image-preview:large, max-video-preview:-1\" \/>\n<link rel=\"canonical\" href=\"https:\/\/clarijs-fietstassen.nl\/de\/produkt\/clarijs-kiste-kunststoff-35-x-43-cm\/\" \/>\n<meta property=\"og:locale\" content=\"de_DE\" \/>\n<meta property=\"og:type\" content=\"article\" \/>\n<meta property=\"og:title\" content=\"Clarijs Kiste Kunststoff 35 x 43 cm\" \/>\n<meta property=\"og:description\" content=\"Entdecken Sie die robuste und praktische Clarijs Kunststoffkiste mit den Ma\u00dfen 35x43 cm, die ideale Erg\u00e4nzung zu Ihrem Fahrrad, um all Ihre Sachen zu transportieren\" \/>\n<meta property=\"og:url\" content=\"https:\/\/clarijs-fietstassen.nl\/de\/produkt\/clarijs-kiste-kunststoff-35-x-43-cm\/\" \/>\n<meta property=\"og:site_name\" content=\"Clarijs Fietstassen\" \/>\n<meta property=\"article:publisher\" content=\"https:\/\/www.facebook.com\/clarijs1948\/\" \/>\n<meta property=\"article:modified_time\" content=\"2025-02-17T12:17:31+00:00\" \/>\n<meta property=\"og:image\" content=\"https:\/\/clarijs-fietstassen.nl\/wp-content\/uploads\/2023\/07\/0002216_clarijs-krat-plastic-35-x-43-cm-zonder-muts_3814x.jpeg\" \/>\n\t<meta property=\"og:image:width\" content=\"900\" \/>\n\t<meta property=\"og:image:height\" content=\"799\" \/>\n\t<meta property=\"og:image:type\" content=\"image\/jpeg\" \/>\n<meta name=\"twitter:card\" content=\"summary_large_image\" \/>\n<meta name=\"twitter:label1\" content=\"Preis\" \/>\n\t<meta name=\"twitter:data1\" content=\"&euro;24.00\" \/>\n\t<meta name=\"twitter:label2\" content=\"Verf\u00fcgbarkeit\" \/>\n\t<meta name=\"twitter:data2\" content=\"Auf Lager\" \/>\n<script type=\"application\/ld+json\" class=\"yoast-schema-graph\">{\"@context\":\"https:\\\/\\\/schema.org\",\"@graph\":[{\"@type\":\"WebPage\",\"@id\":\"https:\\\/\\\/clarijs-fietstassen.nl\\\/de\\\/produkt\\\/clarijs-kiste-kunststoff-35-x-43-cm\\\/\",\"url\":\"https:\\\/\\\/clarijs-fietstassen.nl\\\/de\\\/produkt\\\/clarijs-kiste-kunststoff-35-x-43-cm\\\/\",\"name\":\"Clarijs Kiste Kunststoff 35 x 43 cm - Clarijs Fietstassen\",\"isPartOf\":{\"@id\":\"https:\\\/\\\/clarijs-fietstassen.nl\\\/de\\\/#website\"},\"primaryImageOfPage\":{\"@id\":\"https:\\\/\\\/clarijs-fietstassen.nl\\\/de\\\/produkt\\\/clarijs-kiste-kunststoff-35-x-43-cm\\\/#primaryimage\"},\"image\":{\"@id\":\"https:\\\/\\\/clarijs-fietstassen.nl\\\/de\\\/produkt\\\/clarijs-kiste-kunststoff-35-x-43-cm\\\/#primaryimage\"},\"thumbnailUrl\":\"https:\\\/\\\/clarijs-fietstassen.nl\\\/wp-content\\\/uploads\\\/2023\\\/07\\\/0002216_clarijs-krat-plastic-35-x-43-cm-zonder-muts_3814x.jpeg\",\"datePublished\":\"2023-07-03T12:21:45+00:00\",\"dateModified\":\"2025-02-17T12:17:31+00:00\",\"description\":\"Entdecken Sie die robuste und praktische Clarijs Kunststoffkiste mit den Ma\u00dfen 35x43 cm, die ideale Erg\u00e4nzung zu Ihrem Fahrrad, um all Ihre Sachen zu transportieren\",\"breadcrumb\":{\"@id\":\"https:\\\/\\\/clarijs-fietstassen.nl\\\/de\\\/produkt\\\/clarijs-kiste-kunststoff-35-x-43-cm\\\/#breadcrumb\"},\"inLanguage\":\"de\",\"potentialAction\":[{\"@type\":\"ReadAction\",\"target\":[\"https:\\\/\\\/clarijs-fietstassen.nl\\\/de\\\/produkt\\\/clarijs-kiste-kunststoff-35-x-43-cm\\\/\"]}]},{\"@type\":\"ImageObject\",\"inLanguage\":\"de\",\"@id\":\"https:\\\/\\\/clarijs-fietstassen.nl\\\/de\\\/produkt\\\/clarijs-kiste-kunststoff-35-x-43-cm\\\/#primaryimage\",\"url\":\"https:\\\/\\\/clarijs-fietstassen.nl\\\/wp-content\\\/uploads\\\/2023\\\/07\\\/0002216_clarijs-krat-plastic-35-x-43-cm-zonder-muts_3814x.jpeg\",\"contentUrl\":\"https:\\\/\\\/clarijs-fietstassen.nl\\\/wp-content\\\/uploads\\\/2023\\\/07\\\/0002216_clarijs-krat-plastic-35-x-43-cm-zonder-muts_3814x.jpeg\",\"width\":900,\"height\":799},{\"@type\":\"BreadcrumbList\",\"@id\":\"https:\\\/\\\/clarijs-fietstassen.nl\\\/de\\\/produkt\\\/clarijs-kiste-kunststoff-35-x-43-cm\\\/#breadcrumb\",\"itemListElement\":[{\"@type\":\"ListItem\",\"position\":1,\"name\":\"Home\",\"item\":\"https:\\\/\\\/clarijs-fietstassen.nl\\\/de\\\/\"},{\"@type\":\"ListItem\",\"position\":2,\"name\":\"Shop\",\"item\":\"https:\\\/\\\/clarijs-fietstassen.nl\\\/de\\\/shop\\\/\"},{\"@type\":\"ListItem\",\"position\":3,\"name\":\"Fahrradkisten\",\"item\":\"https:\\\/\\\/clarijs-fietstassen.nl\\\/de\\\/fahrradkisten\\\/\"},{\"@type\":\"ListItem\",\"position\":4,\"name\":\"Clarijs Kiste Kunststoff 35 x 43 cm\"}]},{\"@type\":\"WebSite\",\"@id\":\"https:\\\/\\\/clarijs-fietstassen.nl\\\/de\\\/#website\",\"url\":\"https:\\\/\\\/clarijs-fietstassen.nl\\\/de\\\/\",\"name\":\"Clarijs Fietstassen\",\"description\":\"Kwaliteit &amp; ambacht sinds 1948\",\"publisher\":{\"@id\":\"https:\\\/\\\/clarijs-fietstassen.nl\\\/de\\\/#organization\"},\"potentialAction\":[{\"@type\":\"SearchAction\",\"target\":{\"@type\":\"EntryPoint\",\"urlTemplate\":\"https:\\\/\\\/clarijs-fietstassen.nl\\\/de\\\/?s={search_term_string}\"},\"query-input\":{\"@type\":\"PropertyValueSpecification\",\"valueRequired\":true,\"valueName\":\"search_term_string\"}}],\"inLanguage\":\"de\"},{\"@type\":\"Organization\",\"@id\":\"https:\\\/\\\/clarijs-fietstassen.nl\\\/de\\\/#organization\",\"name\":\"Clarijs Fietstassen\",\"url\":\"https:\\\/\\\/clarijs-fietstassen.nl\\\/de\\\/\",\"logo\":{\"@type\":\"ImageObject\",\"inLanguage\":\"de\",\"@id\":\"https:\\\/\\\/clarijs-fietstassen.nl\\\/de\\\/#\\\/schema\\\/logo\\\/image\\\/\",\"url\":\"https:\\\/\\\/clarijs-fietstassen.nl\\\/wp-content\\\/uploads\\\/2024\\\/01\\\/clarijs-logo-met-rand.jpg\",\"contentUrl\":\"https:\\\/\\\/clarijs-fietstassen.nl\\\/wp-content\\\/uploads\\\/2024\\\/01\\\/clarijs-logo-met-rand.jpg\",\"width\":560,\"height\":266,\"caption\":\"Clarijs Fietstassen\"},\"image\":{\"@id\":\"https:\\\/\\\/clarijs-fietstassen.nl\\\/de\\\/#\\\/schema\\\/logo\\\/image\\\/\"},\"sameAs\":[\"https:\\\/\\\/www.facebook.com\\\/clarijs1948\\\/\",\"https:\\\/\\\/www.instagram.com\\\/clarijscovers\\\/\"]}]}<\/script>\n<meta property=\"product:price:amount\" content=\"24.00\" \/>\n<meta property=\"product:price:currency\" content=\"EUR\" \/>\n<meta property=\"og:availability\" content=\"instock\" \/>\n<meta property=\"product:availability\" content=\"instock\" \/>\n<meta property=\"product:retailer_item_id\" content=\"4013\" \/>\n<meta property=\"product:condition\" content=\"new\" \/>\n<!-- \/ Yoast SEO Premium plugin. -->","yoast_head_json":{"title":"Clarijs Kiste Kunststoff 35 x 43 cm - Clarijs Fietstassen","description":"Entdecken Sie die robuste und praktische Clarijs Kunststoffkiste mit den Ma\u00dfen 35x43 cm, die ideale Erg\u00e4nzung zu Ihrem Fahrrad, um all Ihre Sachen zu transportieren","robots":{"index":"index","follow":"follow","max-snippet":"max-snippet:-1","max-image-preview":"max-image-preview:large","max-video-preview":"max-video-preview:-1"},"canonical":"https:\/\/clarijs-fietstassen.nl\/de\/produkt\/clarijs-kiste-kunststoff-35-x-43-cm\/","og_locale":"de_DE","og_type":"article","og_title":"Clarijs Kiste Kunststoff 35 x 43 cm","og_description":"Entdecken Sie die robuste und praktische Clarijs Kunststoffkiste mit den Ma\u00dfen 35x43 cm, die ideale Erg\u00e4nzung zu Ihrem Fahrrad, um all Ihre Sachen zu transportieren","og_url":"https:\/\/clarijs-fietstassen.nl\/de\/produkt\/clarijs-kiste-kunststoff-35-x-43-cm\/","og_site_name":"Clarijs Fietstassen","article_publisher":"https:\/\/www.facebook.com\/clarijs1948\/","article_modified_time":"2025-02-17T12:17:31+00:00","og_image":[{"width":900,"height":799,"url":"https:\/\/clarijs-fietstassen.nl\/wp-content\/uploads\/2023\/07\/0002216_clarijs-krat-plastic-35-x-43-cm-zonder-muts_3814x.jpeg","type":"image\/jpeg"}],"twitter_card":"summary_large_image","twitter_misc":{"Preis":"&euro;24.00","Verf\u00fcgbarkeit":"Auf Lager"},"schema":{"@context":"https:\/\/schema.org","@graph":[{"@type":"WebPage","@id":"https:\/\/clarijs-fietstassen.nl\/de\/produkt\/clarijs-kiste-kunststoff-35-x-43-cm\/","url":"https:\/\/clarijs-fietstassen.nl\/de\/produkt\/clarijs-kiste-kunststoff-35-x-43-cm\/","name":"Clarijs Kiste Kunststoff 35 x 43 cm - Clarijs Fietstassen","isPartOf":{"@id":"https:\/\/clarijs-fietstassen.nl\/de\/#website"},"primaryImageOfPage":{"@id":"https:\/\/clarijs-fietstassen.nl\/de\/produkt\/clarijs-kiste-kunststoff-35-x-43-cm\/#primaryimage"},"image":{"@id":"https:\/\/clarijs-fietstassen.nl\/de\/produkt\/clarijs-kiste-kunststoff-35-x-43-cm\/#primaryimage"},"thumbnailUrl":"https:\/\/clarijs-fietstassen.nl\/wp-content\/uploads\/2023\/07\/0002216_clarijs-krat-plastic-35-x-43-cm-zonder-muts_3814x.jpeg","datePublished":"2023-07-03T12:21:45+00:00","dateModified":"2025-02-17T12:17:31+00:00","description":"Entdecken Sie die robuste und praktische Clarijs Kunststoffkiste mit den Ma\u00dfen 35x43 cm, die ideale Erg\u00e4nzung zu Ihrem Fahrrad, um all Ihre Sachen zu transportieren","breadcrumb":{"@id":"https:\/\/clarijs-fietstassen.nl\/de\/produkt\/clarijs-kiste-kunststoff-35-x-43-cm\/#breadcrumb"},"inLanguage":"de","potentialAction":[{"@type":"ReadAction","target":["https:\/\/clarijs-fietstassen.nl\/de\/produkt\/clarijs-kiste-kunststoff-35-x-43-cm\/"]}]},{"@type":"ImageObject","inLanguage":"de","@id":"https:\/\/clarijs-fietstassen.nl\/de\/produkt\/clarijs-kiste-kunststoff-35-x-43-cm\/#primaryimage","url":"https:\/\/clarijs-fietstassen.nl\/wp-content\/uploads\/2023\/07\/0002216_clarijs-krat-plastic-35-x-43-cm-zonder-muts_3814x.jpeg","contentUrl":"https:\/\/clarijs-fietstassen.nl\/wp-content\/uploads\/2023\/07\/0002216_clarijs-krat-plastic-35-x-43-cm-zonder-muts_3814x.jpeg","width":900,"height":799},{"@type":"BreadcrumbList","@id":"https:\/\/clarijs-fietstassen.nl\/de\/produkt\/clarijs-kiste-kunststoff-35-x-43-cm\/#breadcrumb","itemListElement":[{"@type":"ListItem","position":1,"name":"Home","item":"https:\/\/clarijs-fietstassen.nl\/de\/"},{"@type":"ListItem","position":2,"name":"Shop","item":"https:\/\/clarijs-fietstassen.nl\/de\/shop\/"},{"@type":"ListItem","position":3,"name":"Fahrradkisten","item":"https:\/\/clarijs-fietstassen.nl\/de\/fahrradkisten\/"},{"@type":"ListItem","position":4,"name":"Clarijs Kiste Kunststoff 35 x 43 cm"}]},{"@type":"WebSite","@id":"https:\/\/clarijs-fietstassen.nl\/de\/#website","url":"https:\/\/clarijs-fietstassen.nl\/de\/","name":"Clarijs Fietstassen","description":"Kwaliteit &amp; ambacht sinds 1948","publisher":{"@id":"https:\/\/clarijs-fietstassen.nl\/de\/#organization"},"potentialAction":[{"@type":"SearchAction","target":{"@type":"EntryPoint","urlTemplate":"https:\/\/clarijs-fietstassen.nl\/de\/?s={search_term_string}"},"query-input":{"@type":"PropertyValueSpecification","valueRequired":true,"valueName":"search_term_string"}}],"inLanguage":"de"},{"@type":"Organization","@id":"https:\/\/clarijs-fietstassen.nl\/de\/#organization","name":"Clarijs Fietstassen","url":"https:\/\/clarijs-fietstassen.nl\/de\/","logo":{"@type":"ImageObject","inLanguage":"de","@id":"https:\/\/clarijs-fietstassen.nl\/de\/#\/schema\/logo\/image\/","url":"https:\/\/clarijs-fietstassen.nl\/wp-content\/uploads\/2024\/01\/clarijs-logo-met-rand.jpg","contentUrl":"https:\/\/clarijs-fietstassen.nl\/wp-content\/uploads\/2024\/01\/clarijs-logo-met-rand.jpg","width":560,"height":266,"caption":"Clarijs Fietstassen"},"image":{"@id":"https:\/\/clarijs-fietstassen.nl\/de\/#\/schema\/logo\/image\/"},"sameAs":["https:\/\/www.facebook.com\/clarijs1948\/","https:\/\/www.instagram.com\/clarijscovers\/"]}]},"product_price_amount":"24.00","product_price_currency":"EUR","og_availability":"instock","product_availability":"instock","product_retailer_item_id":"4013","product_condition":"new"},"_links":{"self":[{"href":"https:\/\/clarijs-fietstassen.nl\/de\/wp-json\/wp\/v2\/product\/48158","targetHints":{"allow":["GET"]}}],"collection":[{"href":"https:\/\/clarijs-fietstassen.nl\/de\/wp-json\/wp\/v2\/product"}],"about":[{"href":"https:\/\/clarijs-fietstassen.nl\/de\/wp-json\/wp\/v2\/types\/product"}],"replies":[{"embeddable":true,"href":"https:\/\/clarijs-fietstassen.nl\/de\/wp-json\/wp\/v2\/comments?post=48158"}],"wp:featuredmedia":[{"embeddable":true,"href":"https:\/\/clarijs-fietstassen.nl\/de\/wp-json\/wp\/v2\/media\/48160"}],"wp:attachment":[{"href":"https:\/\/clarijs-fietstassen.nl\/de\/wp-json\/wp\/v2\/media?parent=48158"}],"wp:term":[{"taxonomy":"product_brand","embeddable":true,"href":"https:\/\/clarijs-fietstassen.nl\/de\/wp-json\/wp\/v2\/product_brand?post=48158"},{"taxonomy":"product_cat","embeddable":true,"href":"https:\/\/clarijs-fietstassen.nl\/de\/wp-json\/wp\/v2\/product_cat?post=48158"},{"taxonomy":"product_tag","embeddable":true,"href":"https:\/\/clarijs-fietstassen.nl\/de\/wp-json\/wp\/v2\/product_tag?post=48158"}],"curies":[{"name":"wp","href":"https:\/\/api.w.org\/{rel}","templated":true}]}}