{"id":48159,"date":"2023-07-03T14:19:57","date_gmt":"2023-07-03T13:19:57","guid":{"rendered":"https:\/\/clarijs-fietstassen.nl\/u-bracket-abstandshalter\/"},"modified":"2025-08-20T11:45:36","modified_gmt":"2025-08-20T09:45:36","slug":"u-bracket-abstandshalter","status":"publish","type":"product","link":"https:\/\/clarijs-fietstassen.nl\/de\/produkt\/u-bracket-abstandshalter\/","title":{"rendered":"U-Bracket (Abstandshalter)"},"content":{"rendered":"<p data-start=\"267\" data-end=\"685\">Der <strong data-start=\"270\" data-end=\"299\">U-B\u00fcgel (Abstandshalter)<\/strong> wurde speziell f\u00fcr unsere XL-Fahrradtaschen entwickelt. Dieses praktische Zubeh\u00f6r sorgt f\u00fcr zus\u00e4tzliche Stabilit\u00e4t, wenn die Tasche schwer mit Eink\u00e4ufen, Arbeitsutensilien oder anderen Dingen beladen ist. Au\u00dferdem verhindert der B\u00fcgel, dass die Tasche in die Speichen ger\u00e4t \u2013 etwas, das bei einigen Gep\u00e4cktr\u00e4gern vorkommen kann. Mit dem U-B\u00fcgel (Abstandshalter) f\u00e4hrst du immer sicher, stabil und sorgenfrei.   <\/p>\n<p data-start=\"687\" data-end=\"759\"><strong data-start=\"687\" data-end=\"701\">Material:<\/strong> Langlebiger Stahl, robust und f\u00fcr die Ewigkeit gemacht.<\/p>\n","protected":false},"excerpt":{"rendered":"<p>Der U-B\u00fcgel (Abstandshalter) wurde speziell f\u00fcr unsere XL-Fahrradtaschen entwickelt. Dieses praktische Zubeh\u00f6r sorgt f\u00fcr zus\u00e4tzliche Stabilit\u00e4t, wenn die Tasche schwer mit Eink\u00e4ufen, Arbeitsutensilien oder anderen Dingen beladen ist. Au\u00dferdem verhindert der B\u00fcgel, dass die Tasche in die Speichen ger\u00e4t \u2013 etwas, das bei einigen Gep\u00e4cktr\u00e4gern vorkommen kann. Mit dem U-B\u00fcgel (Abstandshalter) f\u00e4hrst du immer sicher, [&hellip;]<\/p>\n","protected":false},"featured_media":48161,"comment_status":"closed","ping_status":"closed","template":"","meta":{"_acf_changed":false,"_et_pb_use_builder":"","_et_pb_old_content":"","_et_gb_content_width":""},"product_brand":[],"product_cat":[723,684],"product_tag":[],"class_list":{"0":"post-48159","1":"product","2":"type-product","3":"status-publish","4":"has-post-thumbnail","6":"product_cat-fahrradzubehor","7":"product_cat-zubehor","8":"pa_geschikt-voor-e-bike-ja-de","9":"pa_kleur-schwarz","10":"pa_materiaal-metall","12":"first","13":"instock","14":"taxable","15":"shipping-taxable","16":"purchasable","17":"product-type-simple"},"acf":[],"yoast_head":"<!-- This site is optimized with the Yoast SEO Premium plugin v27.2 (Yoast SEO v27.3) - https:\/\/yoast.com\/product\/yoast-seo-premium-wordpress\/ -->\n<title>U-Bracket (Abstandshalter) - Clarijs Fietstassen<\/title>\n<meta name=\"description\" content=\"Der U-Bracket (Abstandshalter) verleiht XL-Koffern zus\u00e4tzliche Stabilit\u00e4t und verhindert den Kontakt mit den Speichen. Sicherer, stabiler und langlebiger Stahl.\" \/>\n<meta name=\"robots\" content=\"index, follow, max-snippet:-1, max-image-preview:large, max-video-preview:-1\" \/>\n<link rel=\"canonical\" href=\"http:\/\/clarijs-fietstassen.nl\/produkt\/u-beugel-afstand-houder\/\" \/>\n<meta property=\"og:locale\" content=\"de_DE\" \/>\n<meta property=\"og:type\" content=\"article\" \/>\n<meta property=\"og:title\" content=\"U-Bracket (Abstandshalter)\" \/>\n<meta property=\"og:description\" content=\"Der U-Bracket (Abstandshalter) verleiht XL-Koffern zus\u00e4tzliche Stabilit\u00e4t und verhindert den Kontakt mit den Speichen. Sicherer, stabiler und langlebiger Stahl.\" \/>\n<meta property=\"og:url\" content=\"http:\/\/clarijs-fietstassen.nl\/produkt\/u-beugel-afstand-houder\/\" \/>\n<meta property=\"og:site_name\" content=\"Clarijs Fietstassen\" \/>\n<meta property=\"article:publisher\" content=\"https:\/\/www.facebook.com\/clarijs1948\/\" \/>\n<meta property=\"article:modified_time\" content=\"2025-08-20T09:45:36+00:00\" \/>\n<meta property=\"og:image\" content=\"https:\/\/clarijs-fietstassen.nl\/wp-content\/uploads\/2023\/07\/u-beugel-fiets_1903x.jpg\" \/>\n\t<meta property=\"og:image:width\" content=\"1903\" \/>\n\t<meta property=\"og:image:height\" content=\"2537\" \/>\n\t<meta property=\"og:image:type\" content=\"image\/jpeg\" \/>\n<meta name=\"twitter:card\" content=\"summary_large_image\" \/>\n<meta name=\"twitter:label1\" content=\"Preis\" \/>\n\t<meta name=\"twitter:data1\" content=\"&euro;3.99\" \/>\n\t<meta name=\"twitter:label2\" content=\"Verf\u00fcgbarkeit\" \/>\n\t<meta name=\"twitter:data2\" content=\"Auf Lager\" \/>\n<script type=\"application\/ld+json\" class=\"yoast-schema-graph\">{\"@context\":\"https:\\\/\\\/schema.org\",\"@graph\":[{\"@type\":\"WebPage\",\"@id\":\"http:\\\/\\\/clarijs-fietstassen.nl\\\/produkt\\\/u-beugel-afstand-houder\\\/\",\"url\":\"http:\\\/\\\/clarijs-fietstassen.nl\\\/produkt\\\/u-beugel-afstand-houder\\\/\",\"name\":\"U-Bracket (Abstandshalter) - Clarijs Fietstassen\",\"isPartOf\":{\"@id\":\"https:\\\/\\\/clarijs-fietstassen.nl\\\/de\\\/#website\"},\"primaryImageOfPage\":{\"@id\":\"http:\\\/\\\/clarijs-fietstassen.nl\\\/produkt\\\/u-beugel-afstand-houder\\\/#primaryimage\"},\"image\":{\"@id\":\"http:\\\/\\\/clarijs-fietstassen.nl\\\/produkt\\\/u-beugel-afstand-houder\\\/#primaryimage\"},\"thumbnailUrl\":\"https:\\\/\\\/clarijs-fietstassen.nl\\\/wp-content\\\/uploads\\\/2023\\\/07\\\/u-beugel-fiets_1903x.jpg\",\"datePublished\":\"2023-07-03T13:19:57+00:00\",\"dateModified\":\"2025-08-20T09:45:36+00:00\",\"description\":\"Der U-Bracket (Abstandshalter) verleiht XL-Koffern zus\u00e4tzliche Stabilit\u00e4t und verhindert den Kontakt mit den Speichen. Sicherer, stabiler und langlebiger Stahl.\",\"breadcrumb\":{\"@id\":\"http:\\\/\\\/clarijs-fietstassen.nl\\\/produkt\\\/u-beugel-afstand-houder\\\/#breadcrumb\"},\"inLanguage\":\"de\",\"potentialAction\":[{\"@type\":\"ReadAction\",\"target\":[\"http:\\\/\\\/clarijs-fietstassen.nl\\\/produkt\\\/u-beugel-afstand-houder\\\/\"]}]},{\"@type\":\"ImageObject\",\"inLanguage\":\"de\",\"@id\":\"http:\\\/\\\/clarijs-fietstassen.nl\\\/produkt\\\/u-beugel-afstand-houder\\\/#primaryimage\",\"url\":\"https:\\\/\\\/clarijs-fietstassen.nl\\\/wp-content\\\/uploads\\\/2023\\\/07\\\/u-beugel-fiets_1903x.jpg\",\"contentUrl\":\"https:\\\/\\\/clarijs-fietstassen.nl\\\/wp-content\\\/uploads\\\/2023\\\/07\\\/u-beugel-fiets_1903x.jpg\",\"width\":1903,\"height\":2537},{\"@type\":\"BreadcrumbList\",\"@id\":\"http:\\\/\\\/clarijs-fietstassen.nl\\\/produkt\\\/u-beugel-afstand-houder\\\/#breadcrumb\",\"itemListElement\":[{\"@type\":\"ListItem\",\"position\":1,\"name\":\"Home\",\"item\":\"https:\\\/\\\/clarijs-fietstassen.nl\\\/de\\\/\"},{\"@type\":\"ListItem\",\"position\":2,\"name\":\"Shop\",\"item\":\"https:\\\/\\\/clarijs-fietstassen.nl\\\/de\\\/shop\\\/\"},{\"@type\":\"ListItem\",\"position\":3,\"name\":\"Fiets Accessoires\",\"item\":\"https:\\\/\\\/clarijs-fietstassen.nl\\\/fiets-accessoires\\\/\"},{\"@type\":\"ListItem\",\"position\":4,\"name\":\"U-Bracket (Abstandshalter)\"}]},{\"@type\":\"WebSite\",\"@id\":\"https:\\\/\\\/clarijs-fietstassen.nl\\\/de\\\/#website\",\"url\":\"https:\\\/\\\/clarijs-fietstassen.nl\\\/de\\\/\",\"name\":\"Clarijs Fietstassen\",\"description\":\"Kwaliteit &amp; ambacht sinds 1948\",\"publisher\":{\"@id\":\"https:\\\/\\\/clarijs-fietstassen.nl\\\/de\\\/#organization\"},\"potentialAction\":[{\"@type\":\"SearchAction\",\"target\":{\"@type\":\"EntryPoint\",\"urlTemplate\":\"https:\\\/\\\/clarijs-fietstassen.nl\\\/de\\\/?s={search_term_string}\"},\"query-input\":{\"@type\":\"PropertyValueSpecification\",\"valueRequired\":true,\"valueName\":\"search_term_string\"}}],\"inLanguage\":\"de\"},{\"@type\":\"Organization\",\"@id\":\"https:\\\/\\\/clarijs-fietstassen.nl\\\/de\\\/#organization\",\"name\":\"Clarijs Fietstassen\",\"url\":\"https:\\\/\\\/clarijs-fietstassen.nl\\\/de\\\/\",\"logo\":{\"@type\":\"ImageObject\",\"inLanguage\":\"de\",\"@id\":\"https:\\\/\\\/clarijs-fietstassen.nl\\\/de\\\/#\\\/schema\\\/logo\\\/image\\\/\",\"url\":\"https:\\\/\\\/clarijs-fietstassen.nl\\\/wp-content\\\/uploads\\\/2024\\\/01\\\/clarijs-logo-met-rand.jpg\",\"contentUrl\":\"https:\\\/\\\/clarijs-fietstassen.nl\\\/wp-content\\\/uploads\\\/2024\\\/01\\\/clarijs-logo-met-rand.jpg\",\"width\":560,\"height\":266,\"caption\":\"Clarijs Fietstassen\"},\"image\":{\"@id\":\"https:\\\/\\\/clarijs-fietstassen.nl\\\/de\\\/#\\\/schema\\\/logo\\\/image\\\/\"},\"sameAs\":[\"https:\\\/\\\/www.facebook.com\\\/clarijs1948\\\/\",\"https:\\\/\\\/www.instagram.com\\\/clarijscovers\\\/\"]}]}<\/script>\n<meta property=\"product:price:amount\" content=\"3.99\" \/>\n<meta property=\"product:price:currency\" content=\"EUR\" \/>\n<meta property=\"og:availability\" content=\"instock\" \/>\n<meta property=\"product:availability\" content=\"instock\" \/>\n<meta property=\"product:retailer_item_id\" content=\"10000\" \/>\n<meta property=\"product:condition\" content=\"new\" \/>\n<!-- \/ Yoast SEO Premium plugin. -->","yoast_head_json":{"title":"U-Bracket (Abstandshalter) - Clarijs Fietstassen","description":"Der U-Bracket (Abstandshalter) verleiht XL-Koffern zus\u00e4tzliche Stabilit\u00e4t und verhindert den Kontakt mit den Speichen. Sicherer, stabiler und langlebiger Stahl.","robots":{"index":"index","follow":"follow","max-snippet":"max-snippet:-1","max-image-preview":"max-image-preview:large","max-video-preview":"max-video-preview:-1"},"canonical":"http:\/\/clarijs-fietstassen.nl\/produkt\/u-beugel-afstand-houder\/","og_locale":"de_DE","og_type":"article","og_title":"U-Bracket (Abstandshalter)","og_description":"Der U-Bracket (Abstandshalter) verleiht XL-Koffern zus\u00e4tzliche Stabilit\u00e4t und verhindert den Kontakt mit den Speichen. Sicherer, stabiler und langlebiger Stahl.","og_url":"http:\/\/clarijs-fietstassen.nl\/produkt\/u-beugel-afstand-houder\/","og_site_name":"Clarijs Fietstassen","article_publisher":"https:\/\/www.facebook.com\/clarijs1948\/","article_modified_time":"2025-08-20T09:45:36+00:00","og_image":[{"width":1903,"height":2537,"url":"https:\/\/clarijs-fietstassen.nl\/wp-content\/uploads\/2023\/07\/u-beugel-fiets_1903x.jpg","type":"image\/jpeg"}],"twitter_card":"summary_large_image","twitter_misc":{"Preis":"&euro;3.99","Verf\u00fcgbarkeit":"Auf Lager"},"schema":{"@context":"https:\/\/schema.org","@graph":[{"@type":"WebPage","@id":"http:\/\/clarijs-fietstassen.nl\/produkt\/u-beugel-afstand-houder\/","url":"http:\/\/clarijs-fietstassen.nl\/produkt\/u-beugel-afstand-houder\/","name":"U-Bracket (Abstandshalter) - Clarijs Fietstassen","isPartOf":{"@id":"https:\/\/clarijs-fietstassen.nl\/de\/#website"},"primaryImageOfPage":{"@id":"http:\/\/clarijs-fietstassen.nl\/produkt\/u-beugel-afstand-houder\/#primaryimage"},"image":{"@id":"http:\/\/clarijs-fietstassen.nl\/produkt\/u-beugel-afstand-houder\/#primaryimage"},"thumbnailUrl":"https:\/\/clarijs-fietstassen.nl\/wp-content\/uploads\/2023\/07\/u-beugel-fiets_1903x.jpg","datePublished":"2023-07-03T13:19:57+00:00","dateModified":"2025-08-20T09:45:36+00:00","description":"Der U-Bracket (Abstandshalter) verleiht XL-Koffern zus\u00e4tzliche Stabilit\u00e4t und verhindert den Kontakt mit den Speichen. Sicherer, stabiler und langlebiger Stahl.","breadcrumb":{"@id":"http:\/\/clarijs-fietstassen.nl\/produkt\/u-beugel-afstand-houder\/#breadcrumb"},"inLanguage":"de","potentialAction":[{"@type":"ReadAction","target":["http:\/\/clarijs-fietstassen.nl\/produkt\/u-beugel-afstand-houder\/"]}]},{"@type":"ImageObject","inLanguage":"de","@id":"http:\/\/clarijs-fietstassen.nl\/produkt\/u-beugel-afstand-houder\/#primaryimage","url":"https:\/\/clarijs-fietstassen.nl\/wp-content\/uploads\/2023\/07\/u-beugel-fiets_1903x.jpg","contentUrl":"https:\/\/clarijs-fietstassen.nl\/wp-content\/uploads\/2023\/07\/u-beugel-fiets_1903x.jpg","width":1903,"height":2537},{"@type":"BreadcrumbList","@id":"http:\/\/clarijs-fietstassen.nl\/produkt\/u-beugel-afstand-houder\/#breadcrumb","itemListElement":[{"@type":"ListItem","position":1,"name":"Home","item":"https:\/\/clarijs-fietstassen.nl\/de\/"},{"@type":"ListItem","position":2,"name":"Shop","item":"https:\/\/clarijs-fietstassen.nl\/de\/shop\/"},{"@type":"ListItem","position":3,"name":"Fiets Accessoires","item":"https:\/\/clarijs-fietstassen.nl\/fiets-accessoires\/"},{"@type":"ListItem","position":4,"name":"U-Bracket (Abstandshalter)"}]},{"@type":"WebSite","@id":"https:\/\/clarijs-fietstassen.nl\/de\/#website","url":"https:\/\/clarijs-fietstassen.nl\/de\/","name":"Clarijs Fietstassen","description":"Kwaliteit &amp; ambacht sinds 1948","publisher":{"@id":"https:\/\/clarijs-fietstassen.nl\/de\/#organization"},"potentialAction":[{"@type":"SearchAction","target":{"@type":"EntryPoint","urlTemplate":"https:\/\/clarijs-fietstassen.nl\/de\/?s={search_term_string}"},"query-input":{"@type":"PropertyValueSpecification","valueRequired":true,"valueName":"search_term_string"}}],"inLanguage":"de"},{"@type":"Organization","@id":"https:\/\/clarijs-fietstassen.nl\/de\/#organization","name":"Clarijs Fietstassen","url":"https:\/\/clarijs-fietstassen.nl\/de\/","logo":{"@type":"ImageObject","inLanguage":"de","@id":"https:\/\/clarijs-fietstassen.nl\/de\/#\/schema\/logo\/image\/","url":"https:\/\/clarijs-fietstassen.nl\/wp-content\/uploads\/2024\/01\/clarijs-logo-met-rand.jpg","contentUrl":"https:\/\/clarijs-fietstassen.nl\/wp-content\/uploads\/2024\/01\/clarijs-logo-met-rand.jpg","width":560,"height":266,"caption":"Clarijs Fietstassen"},"image":{"@id":"https:\/\/clarijs-fietstassen.nl\/de\/#\/schema\/logo\/image\/"},"sameAs":["https:\/\/www.facebook.com\/clarijs1948\/","https:\/\/www.instagram.com\/clarijscovers\/"]}]},"product_price_amount":"3.99","product_price_currency":"EUR","og_availability":"instock","product_availability":"instock","product_retailer_item_id":"10000","product_condition":"new"},"_links":{"self":[{"href":"https:\/\/clarijs-fietstassen.nl\/de\/wp-json\/wp\/v2\/product\/48159","targetHints":{"allow":["GET"]}}],"collection":[{"href":"https:\/\/clarijs-fietstassen.nl\/de\/wp-json\/wp\/v2\/product"}],"about":[{"href":"https:\/\/clarijs-fietstassen.nl\/de\/wp-json\/wp\/v2\/types\/product"}],"replies":[{"embeddable":true,"href":"https:\/\/clarijs-fietstassen.nl\/de\/wp-json\/wp\/v2\/comments?post=48159"}],"wp:featuredmedia":[{"embeddable":true,"href":"https:\/\/clarijs-fietstassen.nl\/de\/wp-json\/wp\/v2\/media\/48161"}],"wp:attachment":[{"href":"https:\/\/clarijs-fietstassen.nl\/de\/wp-json\/wp\/v2\/media?parent=48159"}],"wp:term":[{"taxonomy":"product_brand","embeddable":true,"href":"https:\/\/clarijs-fietstassen.nl\/de\/wp-json\/wp\/v2\/product_brand?post=48159"},{"taxonomy":"product_cat","embeddable":true,"href":"https:\/\/clarijs-fietstassen.nl\/de\/wp-json\/wp\/v2\/product_cat?post=48159"},{"taxonomy":"product_tag","embeddable":true,"href":"https:\/\/clarijs-fietstassen.nl\/de\/wp-json\/wp\/v2\/product_tag?post=48159"}],"curies":[{"name":"wp","href":"https:\/\/api.w.org\/{rel}","templated":true}]}}