{"id":48162,"date":"2023-07-03T14:21:45","date_gmt":"2023-07-03T12:21:45","guid":{"rendered":"https:\/\/clarijs-fietstassen.nl\/handgewebtes-kissen-ventisit-fuer-bakfiets\/"},"modified":"2025-02-17T13:17:31","modified_gmt":"2025-02-17T12:17:31","slug":"handgewebtes-kissen-ventisit-fuer-bakfiets","status":"publish","type":"product","link":"https:\/\/clarijs-fietstassen.nl\/de\/produkt\/handgewebtes-kissen-ventisit-fuer-bakfiets\/","title":{"rendered":"Handgewebtes Kissen (Ventisit) f\u00fcr Bakfiets"},"content":{"rendered":"<p>55 x 20 cm<\/p>\n<p>&nbsp;<\/p>\n<p>Das Kissen passt auf folgende Lastenr\u00e4der Cargobike lang\/kurz Cargobike Trike Bicycle Factory 995\/996 Bicycle Factory Classic Christiania Light Babboe Big Babboe City<\/p>\n","protected":false},"excerpt":{"rendered":"<p>55 x 20 cm &nbsp; Das Kissen passt auf folgende Lastenr\u00e4der Cargobike lang\/kurz Cargobike Trike Bicycle Factory 995\/996 Bicycle Factory Classic Christiania Light Babboe Big Babboe City<\/p>\n","protected":false},"featured_media":48164,"comment_status":"closed","ping_status":"closed","template":"","meta":{"_acf_changed":false,"_et_pb_use_builder":"","_et_pb_old_content":"","_et_gb_content_width":""},"product_brand":[],"product_cat":[686,688,692,684],"product_tag":[],"class_list":{"0":"post-48162","1":"product","2":"type-product","3":"status-publish","4":"has-post-thumbnail","6":"product_cat-bakfiets-de","7":"product_cat-lastenrad-zubehor","8":"product_cat-lastenradkissen","9":"product_cat-zubehor","10":"pa_geschikt-voor-e-bike-ja-de","11":"pa_kleur-schwarz","12":"pa_materiaal-polyester-de","13":"pa_merk-ventisit-de","15":"first","16":"instock","17":"taxable","18":"shipping-taxable","19":"purchasable","20":"product-type-variable"},"acf":[],"yoast_head":"<!-- This site is optimized with the Yoast SEO Premium plugin v27.2 (Yoast SEO v27.3) - https:\/\/yoast.com\/product\/yoast-seo-premium-wordpress\/ -->\n<title>Handgewebtes Kissen (Ventisit) f\u00fcr Bakfiets | Clarijs Packtaschen<\/title>\n<meta name=\"description\" content=\"Handgewebtes Kissen (Ventisit) f\u00fcr Lastenfahrr\u00e4der von Clarijs Panniers. Hochwertig und robust. Direkt ab Lager lieferbar. Bestellen Sie jetzt!\" \/>\n<meta name=\"robots\" content=\"index, follow, max-snippet:-1, max-image-preview:large, max-video-preview:-1\" \/>\n<link rel=\"canonical\" href=\"https:\/\/clarijs-fietstassen.nl\/de\/produkt\/handgewebtes-kissen-ventisit-fuer-bakfiets\/\" \/>\n<meta property=\"og:locale\" content=\"de_DE\" \/>\n<meta property=\"og:type\" content=\"article\" \/>\n<meta property=\"og:title\" content=\"Handgewebtes Kissen (Ventisit) f\u00fcr Bakfiets\" \/>\n<meta property=\"og:description\" content=\"Handgewebtes Kissen (Ventisit) f\u00fcr Lastenfahrr\u00e4der von Clarijs Panniers. Hochwertig und robust. Direkt ab Lager lieferbar. Bestellen Sie jetzt!\" \/>\n<meta property=\"og:url\" content=\"https:\/\/clarijs-fietstassen.nl\/de\/produkt\/handgewebtes-kissen-ventisit-fuer-bakfiets\/\" \/>\n<meta property=\"og:site_name\" content=\"Clarijs Fietstassen\" \/>\n<meta property=\"article:publisher\" content=\"https:\/\/www.facebook.com\/clarijs1948\/\" \/>\n<meta property=\"article:modified_time\" content=\"2025-02-17T12:17:31+00:00\" \/>\n<meta property=\"og:image\" content=\"https:\/\/clarijs-fietstassen.nl\/wp-content\/uploads\/2023\/07\/ventisit-bakfiets-nl.jpeg\" \/>\n\t<meta property=\"og:image:width\" content=\"640\" \/>\n\t<meta property=\"og:image:height\" content=\"427\" \/>\n\t<meta property=\"og:image:type\" content=\"image\/jpeg\" \/>\n<meta name=\"twitter:card\" content=\"summary_large_image\" \/>\n<meta name=\"twitter:label1\" content=\"Verf\u00fcgbarkeit\" \/>\n\t<meta name=\"twitter:data1\" content=\"Auf Lager\" \/>\n<script type=\"application\/ld+json\" class=\"yoast-schema-graph\">{\"@context\":\"https:\\\/\\\/schema.org\",\"@graph\":[{\"@type\":\"WebPage\",\"@id\":\"https:\\\/\\\/clarijs-fietstassen.nl\\\/de\\\/produkt\\\/handgewebtes-kissen-ventisit-fuer-bakfiets\\\/\",\"url\":\"https:\\\/\\\/clarijs-fietstassen.nl\\\/de\\\/produkt\\\/handgewebtes-kissen-ventisit-fuer-bakfiets\\\/\",\"name\":\"Handgewebtes Kissen (Ventisit) f\u00fcr Bakfiets | Clarijs Packtaschen\",\"isPartOf\":{\"@id\":\"https:\\\/\\\/clarijs-fietstassen.nl\\\/de\\\/#website\"},\"primaryImageOfPage\":{\"@id\":\"https:\\\/\\\/clarijs-fietstassen.nl\\\/de\\\/produkt\\\/handgewebtes-kissen-ventisit-fuer-bakfiets\\\/#primaryimage\"},\"image\":{\"@id\":\"https:\\\/\\\/clarijs-fietstassen.nl\\\/de\\\/produkt\\\/handgewebtes-kissen-ventisit-fuer-bakfiets\\\/#primaryimage\"},\"thumbnailUrl\":\"https:\\\/\\\/clarijs-fietstassen.nl\\\/wp-content\\\/uploads\\\/2023\\\/07\\\/ventisit-bakfiets-nl.jpeg\",\"datePublished\":\"2023-07-03T12:21:45+00:00\",\"dateModified\":\"2025-02-17T12:17:31+00:00\",\"description\":\"Handgewebtes Kissen (Ventisit) f\u00fcr Lastenfahrr\u00e4der von Clarijs Panniers. Hochwertig und robust. Direkt ab Lager lieferbar. Bestellen Sie jetzt!\",\"breadcrumb\":{\"@id\":\"https:\\\/\\\/clarijs-fietstassen.nl\\\/de\\\/produkt\\\/handgewebtes-kissen-ventisit-fuer-bakfiets\\\/#breadcrumb\"},\"inLanguage\":\"de\",\"potentialAction\":[{\"@type\":\"ReadAction\",\"target\":[\"https:\\\/\\\/clarijs-fietstassen.nl\\\/de\\\/produkt\\\/handgewebtes-kissen-ventisit-fuer-bakfiets\\\/\"]}]},{\"@type\":\"ImageObject\",\"inLanguage\":\"de\",\"@id\":\"https:\\\/\\\/clarijs-fietstassen.nl\\\/de\\\/produkt\\\/handgewebtes-kissen-ventisit-fuer-bakfiets\\\/#primaryimage\",\"url\":\"https:\\\/\\\/clarijs-fietstassen.nl\\\/wp-content\\\/uploads\\\/2023\\\/07\\\/ventisit-bakfiets-nl.jpeg\",\"contentUrl\":\"https:\\\/\\\/clarijs-fietstassen.nl\\\/wp-content\\\/uploads\\\/2023\\\/07\\\/ventisit-bakfiets-nl.jpeg\",\"width\":640,\"height\":427,\"caption\":\"Lastenfahrrad-Fu\u00dfmatten\"},{\"@type\":\"BreadcrumbList\",\"@id\":\"https:\\\/\\\/clarijs-fietstassen.nl\\\/de\\\/produkt\\\/handgewebtes-kissen-ventisit-fuer-bakfiets\\\/#breadcrumb\",\"itemListElement\":[{\"@type\":\"ListItem\",\"position\":1,\"name\":\"Home\",\"item\":\"https:\\\/\\\/clarijs-fietstassen.nl\\\/de\\\/\"},{\"@type\":\"ListItem\",\"position\":2,\"name\":\"Shop\",\"item\":\"https:\\\/\\\/clarijs-fietstassen.nl\\\/de\\\/shop\\\/\"},{\"@type\":\"ListItem\",\"position\":3,\"name\":\"Bakfiets\",\"item\":\"https:\\\/\\\/clarijs-fietstassen.nl\\\/de\\\/bakfiets-de\\\/\"},{\"@type\":\"ListItem\",\"position\":4,\"name\":\"Handgewebtes Kissen (Ventisit) f\u00fcr Bakfiets\"}]},{\"@type\":\"WebSite\",\"@id\":\"https:\\\/\\\/clarijs-fietstassen.nl\\\/de\\\/#website\",\"url\":\"https:\\\/\\\/clarijs-fietstassen.nl\\\/de\\\/\",\"name\":\"Clarijs Fietstassen\",\"description\":\"Kwaliteit &amp; ambacht sinds 1948\",\"publisher\":{\"@id\":\"https:\\\/\\\/clarijs-fietstassen.nl\\\/de\\\/#organization\"},\"potentialAction\":[{\"@type\":\"SearchAction\",\"target\":{\"@type\":\"EntryPoint\",\"urlTemplate\":\"https:\\\/\\\/clarijs-fietstassen.nl\\\/de\\\/?s={search_term_string}\"},\"query-input\":{\"@type\":\"PropertyValueSpecification\",\"valueRequired\":true,\"valueName\":\"search_term_string\"}}],\"inLanguage\":\"de\"},{\"@type\":\"Organization\",\"@id\":\"https:\\\/\\\/clarijs-fietstassen.nl\\\/de\\\/#organization\",\"name\":\"Clarijs Fietstassen\",\"url\":\"https:\\\/\\\/clarijs-fietstassen.nl\\\/de\\\/\",\"logo\":{\"@type\":\"ImageObject\",\"inLanguage\":\"de\",\"@id\":\"https:\\\/\\\/clarijs-fietstassen.nl\\\/de\\\/#\\\/schema\\\/logo\\\/image\\\/\",\"url\":\"https:\\\/\\\/clarijs-fietstassen.nl\\\/wp-content\\\/uploads\\\/2024\\\/01\\\/clarijs-logo-met-rand.jpg\",\"contentUrl\":\"https:\\\/\\\/clarijs-fietstassen.nl\\\/wp-content\\\/uploads\\\/2024\\\/01\\\/clarijs-logo-met-rand.jpg\",\"width\":560,\"height\":266,\"caption\":\"Clarijs Fietstassen\"},\"image\":{\"@id\":\"https:\\\/\\\/clarijs-fietstassen.nl\\\/de\\\/#\\\/schema\\\/logo\\\/image\\\/\"},\"sameAs\":[\"https:\\\/\\\/www.facebook.com\\\/clarijs1948\\\/\",\"https:\\\/\\\/www.instagram.com\\\/clarijscovers\\\/\"]}]}<\/script>\n<meta property=\"og:availability\" content=\"instock\" \/>\n<meta property=\"product:availability\" content=\"instock\" \/>\n<meta property=\"product:retailer_item_id\" content=\"4016\" \/>\n<meta property=\"product:condition\" content=\"new\" \/>\n<!-- \/ Yoast SEO Premium plugin. -->","yoast_head_json":{"title":"Handgewebtes Kissen (Ventisit) f\u00fcr Bakfiets | Clarijs Packtaschen","description":"Handgewebtes Kissen (Ventisit) f\u00fcr Lastenfahrr\u00e4der von Clarijs Panniers. Hochwertig und robust. Direkt ab Lager lieferbar. Bestellen Sie jetzt!","robots":{"index":"index","follow":"follow","max-snippet":"max-snippet:-1","max-image-preview":"max-image-preview:large","max-video-preview":"max-video-preview:-1"},"canonical":"https:\/\/clarijs-fietstassen.nl\/de\/produkt\/handgewebtes-kissen-ventisit-fuer-bakfiets\/","og_locale":"de_DE","og_type":"article","og_title":"Handgewebtes Kissen (Ventisit) f\u00fcr Bakfiets","og_description":"Handgewebtes Kissen (Ventisit) f\u00fcr Lastenfahrr\u00e4der von Clarijs Panniers. Hochwertig und robust. Direkt ab Lager lieferbar. Bestellen Sie jetzt!","og_url":"https:\/\/clarijs-fietstassen.nl\/de\/produkt\/handgewebtes-kissen-ventisit-fuer-bakfiets\/","og_site_name":"Clarijs Fietstassen","article_publisher":"https:\/\/www.facebook.com\/clarijs1948\/","article_modified_time":"2025-02-17T12:17:31+00:00","og_image":[{"width":640,"height":427,"url":"https:\/\/clarijs-fietstassen.nl\/wp-content\/uploads\/2023\/07\/ventisit-bakfiets-nl.jpeg","type":"image\/jpeg"}],"twitter_card":"summary_large_image","twitter_misc":{"Verf\u00fcgbarkeit":"Auf Lager"},"schema":{"@context":"https:\/\/schema.org","@graph":[{"@type":"WebPage","@id":"https:\/\/clarijs-fietstassen.nl\/de\/produkt\/handgewebtes-kissen-ventisit-fuer-bakfiets\/","url":"https:\/\/clarijs-fietstassen.nl\/de\/produkt\/handgewebtes-kissen-ventisit-fuer-bakfiets\/","name":"Handgewebtes Kissen (Ventisit) f\u00fcr Bakfiets | Clarijs Packtaschen","isPartOf":{"@id":"https:\/\/clarijs-fietstassen.nl\/de\/#website"},"primaryImageOfPage":{"@id":"https:\/\/clarijs-fietstassen.nl\/de\/produkt\/handgewebtes-kissen-ventisit-fuer-bakfiets\/#primaryimage"},"image":{"@id":"https:\/\/clarijs-fietstassen.nl\/de\/produkt\/handgewebtes-kissen-ventisit-fuer-bakfiets\/#primaryimage"},"thumbnailUrl":"https:\/\/clarijs-fietstassen.nl\/wp-content\/uploads\/2023\/07\/ventisit-bakfiets-nl.jpeg","datePublished":"2023-07-03T12:21:45+00:00","dateModified":"2025-02-17T12:17:31+00:00","description":"Handgewebtes Kissen (Ventisit) f\u00fcr Lastenfahrr\u00e4der von Clarijs Panniers. Hochwertig und robust. Direkt ab Lager lieferbar. Bestellen Sie jetzt!","breadcrumb":{"@id":"https:\/\/clarijs-fietstassen.nl\/de\/produkt\/handgewebtes-kissen-ventisit-fuer-bakfiets\/#breadcrumb"},"inLanguage":"de","potentialAction":[{"@type":"ReadAction","target":["https:\/\/clarijs-fietstassen.nl\/de\/produkt\/handgewebtes-kissen-ventisit-fuer-bakfiets\/"]}]},{"@type":"ImageObject","inLanguage":"de","@id":"https:\/\/clarijs-fietstassen.nl\/de\/produkt\/handgewebtes-kissen-ventisit-fuer-bakfiets\/#primaryimage","url":"https:\/\/clarijs-fietstassen.nl\/wp-content\/uploads\/2023\/07\/ventisit-bakfiets-nl.jpeg","contentUrl":"https:\/\/clarijs-fietstassen.nl\/wp-content\/uploads\/2023\/07\/ventisit-bakfiets-nl.jpeg","width":640,"height":427,"caption":"Lastenfahrrad-Fu\u00dfmatten"},{"@type":"BreadcrumbList","@id":"https:\/\/clarijs-fietstassen.nl\/de\/produkt\/handgewebtes-kissen-ventisit-fuer-bakfiets\/#breadcrumb","itemListElement":[{"@type":"ListItem","position":1,"name":"Home","item":"https:\/\/clarijs-fietstassen.nl\/de\/"},{"@type":"ListItem","position":2,"name":"Shop","item":"https:\/\/clarijs-fietstassen.nl\/de\/shop\/"},{"@type":"ListItem","position":3,"name":"Bakfiets","item":"https:\/\/clarijs-fietstassen.nl\/de\/bakfiets-de\/"},{"@type":"ListItem","position":4,"name":"Handgewebtes Kissen (Ventisit) f\u00fcr Bakfiets"}]},{"@type":"WebSite","@id":"https:\/\/clarijs-fietstassen.nl\/de\/#website","url":"https:\/\/clarijs-fietstassen.nl\/de\/","name":"Clarijs Fietstassen","description":"Kwaliteit &amp; ambacht sinds 1948","publisher":{"@id":"https:\/\/clarijs-fietstassen.nl\/de\/#organization"},"potentialAction":[{"@type":"SearchAction","target":{"@type":"EntryPoint","urlTemplate":"https:\/\/clarijs-fietstassen.nl\/de\/?s={search_term_string}"},"query-input":{"@type":"PropertyValueSpecification","valueRequired":true,"valueName":"search_term_string"}}],"inLanguage":"de"},{"@type":"Organization","@id":"https:\/\/clarijs-fietstassen.nl\/de\/#organization","name":"Clarijs Fietstassen","url":"https:\/\/clarijs-fietstassen.nl\/de\/","logo":{"@type":"ImageObject","inLanguage":"de","@id":"https:\/\/clarijs-fietstassen.nl\/de\/#\/schema\/logo\/image\/","url":"https:\/\/clarijs-fietstassen.nl\/wp-content\/uploads\/2024\/01\/clarijs-logo-met-rand.jpg","contentUrl":"https:\/\/clarijs-fietstassen.nl\/wp-content\/uploads\/2024\/01\/clarijs-logo-met-rand.jpg","width":560,"height":266,"caption":"Clarijs Fietstassen"},"image":{"@id":"https:\/\/clarijs-fietstassen.nl\/de\/#\/schema\/logo\/image\/"},"sameAs":["https:\/\/www.facebook.com\/clarijs1948\/","https:\/\/www.instagram.com\/clarijscovers\/"]}]},"og_availability":"instock","product_availability":"instock","product_retailer_item_id":"4016","product_condition":"new"},"_links":{"self":[{"href":"https:\/\/clarijs-fietstassen.nl\/de\/wp-json\/wp\/v2\/product\/48162","targetHints":{"allow":["GET"]}}],"collection":[{"href":"https:\/\/clarijs-fietstassen.nl\/de\/wp-json\/wp\/v2\/product"}],"about":[{"href":"https:\/\/clarijs-fietstassen.nl\/de\/wp-json\/wp\/v2\/types\/product"}],"replies":[{"embeddable":true,"href":"https:\/\/clarijs-fietstassen.nl\/de\/wp-json\/wp\/v2\/comments?post=48162"}],"wp:featuredmedia":[{"embeddable":true,"href":"https:\/\/clarijs-fietstassen.nl\/de\/wp-json\/wp\/v2\/media\/48164"}],"wp:attachment":[{"href":"https:\/\/clarijs-fietstassen.nl\/de\/wp-json\/wp\/v2\/media?parent=48162"}],"wp:term":[{"taxonomy":"product_brand","embeddable":true,"href":"https:\/\/clarijs-fietstassen.nl\/de\/wp-json\/wp\/v2\/product_brand?post=48162"},{"taxonomy":"product_cat","embeddable":true,"href":"https:\/\/clarijs-fietstassen.nl\/de\/wp-json\/wp\/v2\/product_cat?post=48162"},{"taxonomy":"product_tag","embeddable":true,"href":"https:\/\/clarijs-fietstassen.nl\/de\/wp-json\/wp\/v2\/product_tag?post=48162"}],"curies":[{"name":"wp","href":"https:\/\/api.w.org\/{rel}","templated":true}]}}