{"id":48163,"date":"2023-07-03T14:19:57","date_gmt":"2023-07-03T13:19:57","guid":{"rendered":"https:\/\/clarijs-fietstassen.nl\/plane-fuer-christiania-gerader-karton\/"},"modified":"2025-11-10T11:48:23","modified_gmt":"2025-11-10T10:48:23","slug":"plane-fuer-christiania-gerader-karton","status":"publish","type":"product","link":"https:\/\/clarijs-fietstassen.nl\/de\/produkt\/plane-fuer-christiania-gerader-karton\/","title":{"rendered":"Plane f\u00fcr Christiania (Rechte Box)"},"content":{"rendered":"<p><span style=\"font-weight: 400;\">Die Plane f\u00fcr Christiania (Rechte Box) bietet zuverl\u00e4ssigen und wasserfesten Schutz f\u00fcr Ihren Lastenrad. Diese Plane aus strapazierf\u00e4higem und wetterfestem Material h\u00e4lt Ihre Ladung trocken und sicher, auch bei schlechtem Wetter. Sie passt perfekt \u00fcber Ihren Christiania Lasterad und sorgt daf\u00fcr, dass Ihr Hab und Gut gesch\u00fctzt bleibt, egal ob es sich um Lebensmittel, Gep\u00e4ck oder andere wertvolle Gegenst\u00e4nde handelt.  <\/span><\/p>\n<p><b>Vorteile<\/b> des Plane f\u00fcr Christiania (Rechte Box):<\/p>\n<ul>\n<li style=\"font-weight: 400;\" aria-level=\"1\"><span style=\"font-weight: 400;\">Die Plane ist wasserdicht.<\/span><\/li>\n<li style=\"font-weight: 400;\" aria-level=\"1\"><span style=\"font-weight: 400;\">Die Plane hat eine hohe Farbechtheit.<\/span><\/li>\n<li style=\"font-weight: 400;\" aria-level=\"1\"><span style=\"font-weight: 400;\">Sie ben\u00f6tigen keinen Rahmen f\u00fcr die Plane.<\/span><\/li>\n<\/ul>\n<p><i><span style=\"font-weight: 400;\">Die Abmessungen des Beh\u00e4lters sind:<br \/>\n<\/span><\/i><i><span style=\"font-weight: 400;\">L\u00e4nge 90 cm<\/span><\/i><i><span style=\"font-weight: 400;\"><br \/>\n<\/span><\/i><i><span style=\"font-weight: 400;\">Breite 63 cm<br \/>\nH\u00f6he 50 cm<br \/>\n<\/span><\/i><i> <\/i><i><span style=\"font-weight: 400;\"><br \/>\n<\/span><\/i><b>100 % wasserdicht<\/b><\/p>\n<p><span style=\"font-weight: 400;\">Die Plane f\u00fcr Christiania (Rechte Box) ist aus Bisonyl PVC-Plane hergestellt. Dies sorgt daf\u00fcr, dass die Plane wasserabweisend ist. Dar\u00fcber hinaus ist sie widerstandsf\u00e4hig gegen den t\u00e4glichen Gebrauch. Die Wasserdichtigkeit des Bisonyl PVC-Gewebes ist auf die Kombination der wasserabweisenden Eigenschaften des PVC-Materials und der dichten Konstruktion des gewebten Stoffes zur\u00fcckzuf\u00fchren. Dadurch bleibt die Ladung oder der Gegenstand, der unter dem Tuch platziert wird, auch bei starkem Regen oder anderen nassen Bedingungen trocken und gesch\u00fctzt.    <\/span><\/p>\n<p><b>Hochwertiges Material<\/b><\/p>\n<ul>\n<li style=\"font-weight: 400;\" aria-level=\"1\"><span style=\"font-weight: 400;\">Die hochwertigen Materialien der Plane sorgen daf\u00fcr, dass sie dem t\u00e4glichen Gebrauch standh\u00e4lt.<\/span><\/li>\n<li style=\"font-weight: 400;\" aria-level=\"1\"><span style=\"font-weight: 400;\">Das PVC-Gewebe ist wasserdicht und bietet hervorragenden Schutz vor Regen und Feuchtigkeit. So bleiben Ihre Habseligkeiten auch bei schlechtem Wetter trocken. <\/span><\/li>\n<li style=\"font-weight: 400;\" aria-level=\"1\"><span style=\"font-weight: 400;\">Das PVC-Gewebe ist stark und h\u00e4lt gro\u00dfen Belastungen stand. Dadurch eignet es sich zum Tragen schwerer Gegenst\u00e4nde oder zum Aufbau stabiler Strukturen. <\/span><\/li>\n<\/ul>\n","protected":false},"excerpt":{"rendered":"<p>Die Plane f\u00fcr Christiania (Rechte Box) bietet zuverl\u00e4ssigen und wasserfesten Schutz f\u00fcr Ihren Lastenrad. Diese Plane aus strapazierf\u00e4higem und wetterfestem Material h\u00e4lt Ihre Ladung trocken und sicher, auch bei schlechtem Wetter. Sie passt perfekt \u00fcber Ihren Christiania Lasterad und sorgt daf\u00fcr, dass Ihr Hab und Gut gesch\u00fctzt bleibt, egal ob es sich um Lebensmittel, Gep\u00e4ck [&hellip;]<\/p>\n","protected":false},"featured_media":48166,"comment_status":"closed","ping_status":"closed","template":"","meta":{"_acf_changed":false,"_et_pb_use_builder":"","_et_pb_old_content":"","_et_gb_content_width":""},"product_brand":[],"product_cat":[686,689,702],"product_tag":[],"class_list":{"0":"post-48163","1":"product","2":"type-product","3":"status-publish","4":"has-post-thumbnail","6":"product_cat-bakfiets-de","7":"product_cat-bakfiets-planen","8":"product_cat-christiania-de","9":"pa_geschikt-voor-e-bike-ja-de","10":"pa_kleur-apfelgrun","11":"pa_kleur-azurblau","12":"pa_kleur-bordeaux-rot","13":"pa_kleur-creme-de","14":"pa_kleur-dunkelblau","15":"pa_kleur-feuerwehr-rot","16":"pa_kleur-gelb","17":"pa_kleur-holland-orange-de","18":"pa_kleur-lila","19":"pa_kleur-matt-schwarz-de","20":"pa_kleur-rosa","21":"pa_kleur-schokoladen-braun","22":"pa_kleur-schwarz","23":"pa_kleur-silber-metallic","24":"pa_kleur-weis","25":"pa_materiaal-bisonyl-pvc-leinwand","26":"pa_merk-clarijs-covers-b-v-de","27":"pa_reflectie-nein","29":"first","30":"instock","31":"taxable","32":"shipping-taxable","33":"purchasable","34":"product-type-variable"},"acf":[],"yoast_head":"<!-- This site is optimized with the Yoast SEO Premium plugin v27.2 (Yoast SEO v27.3) - https:\/\/yoast.com\/product\/yoast-seo-premium-wordpress\/ -->\n<title>Plane f\u00fcr Christiania (Rechte Box) - Clarijs Fietstassen<\/title>\n<meta name=\"description\" content=\"Die Plane f\u00fcr Christiania (Rechte Box) bietet zuverl\u00e4ssigen und wasserfesten Schutz f\u00fcr Ihren Fahrradanh\u00e4nger. Hergestellt aus strapazierf\u00e4higem Material.\" \/>\n<meta name=\"robots\" content=\"index, follow, max-snippet:-1, max-image-preview:large, max-video-preview:-1\" \/>\n<link rel=\"canonical\" href=\"https:\/\/clarijs-fietstassen.nl\/de\/produkt\/plane-fuer-christiania-gerader-karton\/\" \/>\n<meta property=\"og:locale\" content=\"de_DE\" \/>\n<meta property=\"og:type\" content=\"article\" \/>\n<meta property=\"og:title\" content=\"Plane f\u00fcr Christiania (Rechte Box)\" \/>\n<meta property=\"og:description\" content=\"Die Plane f\u00fcr Christiania (Rechte Box) bietet zuverl\u00e4ssigen und wasserfesten Schutz f\u00fcr Ihren Fahrradanh\u00e4nger. Hergestellt aus strapazierf\u00e4higem Material.\" \/>\n<meta property=\"og:url\" content=\"https:\/\/clarijs-fietstassen.nl\/de\/produkt\/plane-fuer-christiania-gerader-karton\/\" \/>\n<meta property=\"og:site_name\" content=\"Clarijs Fietstassen\" \/>\n<meta property=\"article:publisher\" content=\"https:\/\/www.facebook.com\/clarijs1948\/\" \/>\n<meta property=\"article:modified_time\" content=\"2025-11-10T10:48:23+00:00\" \/>\n<meta property=\"og:image\" content=\"https:\/\/clarijs-fietstassen.nl\/wp-content\/uploads\/2023\/07\/Christiania.jpg\" \/>\n\t<meta property=\"og:image:width\" content=\"1100\" \/>\n\t<meta property=\"og:image:height\" content=\"1100\" \/>\n\t<meta property=\"og:image:type\" content=\"image\/jpeg\" \/>\n<meta name=\"twitter:card\" content=\"summary_large_image\" \/>\n<meta name=\"twitter:label1\" content=\"Verf\u00fcgbarkeit\" \/>\n\t<meta name=\"twitter:data1\" content=\"Auf Lager\" \/>\n<script type=\"application\/ld+json\" class=\"yoast-schema-graph\">{\"@context\":\"https:\\\/\\\/schema.org\",\"@graph\":[{\"@type\":\"WebPage\",\"@id\":\"https:\\\/\\\/clarijs-fietstassen.nl\\\/de\\\/produkt\\\/plane-fuer-christiania-gerader-karton\\\/\",\"url\":\"https:\\\/\\\/clarijs-fietstassen.nl\\\/de\\\/produkt\\\/plane-fuer-christiania-gerader-karton\\\/\",\"name\":\"Plane f\u00fcr Christiania (Rechte Box) - Clarijs Fietstassen\",\"isPartOf\":{\"@id\":\"https:\\\/\\\/clarijs-fietstassen.nl\\\/de\\\/#website\"},\"primaryImageOfPage\":{\"@id\":\"https:\\\/\\\/clarijs-fietstassen.nl\\\/de\\\/produkt\\\/plane-fuer-christiania-gerader-karton\\\/#primaryimage\"},\"image\":{\"@id\":\"https:\\\/\\\/clarijs-fietstassen.nl\\\/de\\\/produkt\\\/plane-fuer-christiania-gerader-karton\\\/#primaryimage\"},\"thumbnailUrl\":\"https:\\\/\\\/clarijs-fietstassen.nl\\\/wp-content\\\/uploads\\\/2023\\\/07\\\/Christiania.jpg\",\"datePublished\":\"2023-07-03T13:19:57+00:00\",\"dateModified\":\"2025-11-10T10:48:23+00:00\",\"description\":\"Die Plane f\u00fcr Christiania (Rechte Box) bietet zuverl\u00e4ssigen und wasserfesten Schutz f\u00fcr Ihren Fahrradanh\u00e4nger. Hergestellt aus strapazierf\u00e4higem Material.\",\"breadcrumb\":{\"@id\":\"https:\\\/\\\/clarijs-fietstassen.nl\\\/de\\\/produkt\\\/plane-fuer-christiania-gerader-karton\\\/#breadcrumb\"},\"inLanguage\":\"de\",\"potentialAction\":[{\"@type\":\"ReadAction\",\"target\":[\"https:\\\/\\\/clarijs-fietstassen.nl\\\/de\\\/produkt\\\/plane-fuer-christiania-gerader-karton\\\/\"]}]},{\"@type\":\"ImageObject\",\"inLanguage\":\"de\",\"@id\":\"https:\\\/\\\/clarijs-fietstassen.nl\\\/de\\\/produkt\\\/plane-fuer-christiania-gerader-karton\\\/#primaryimage\",\"url\":\"https:\\\/\\\/clarijs-fietstassen.nl\\\/wp-content\\\/uploads\\\/2023\\\/07\\\/Christiania.jpg\",\"contentUrl\":\"https:\\\/\\\/clarijs-fietstassen.nl\\\/wp-content\\\/uploads\\\/2023\\\/07\\\/Christiania.jpg\",\"width\":1100,\"height\":1100,\"caption\":\"Plane f\u00fcr Christiania (Rechte Box)\"},{\"@type\":\"BreadcrumbList\",\"@id\":\"https:\\\/\\\/clarijs-fietstassen.nl\\\/de\\\/produkt\\\/plane-fuer-christiania-gerader-karton\\\/#breadcrumb\",\"itemListElement\":[{\"@type\":\"ListItem\",\"position\":1,\"name\":\"Home\",\"item\":\"https:\\\/\\\/clarijs-fietstassen.nl\\\/de\\\/\"},{\"@type\":\"ListItem\",\"position\":2,\"name\":\"Shop\",\"item\":\"https:\\\/\\\/clarijs-fietstassen.nl\\\/de\\\/shop\\\/\"},{\"@type\":\"ListItem\",\"position\":3,\"name\":\"Christiania\",\"item\":\"https:\\\/\\\/clarijs-fietstassen.nl\\\/christinia-regenhuif\\\/\"},{\"@type\":\"ListItem\",\"position\":4,\"name\":\"Plane f\u00fcr Christiania (Rechte Box)\"}]},{\"@type\":\"WebSite\",\"@id\":\"https:\\\/\\\/clarijs-fietstassen.nl\\\/de\\\/#website\",\"url\":\"https:\\\/\\\/clarijs-fietstassen.nl\\\/de\\\/\",\"name\":\"Clarijs Fietstassen\",\"description\":\"Kwaliteit &amp; ambacht sinds 1948\",\"publisher\":{\"@id\":\"https:\\\/\\\/clarijs-fietstassen.nl\\\/de\\\/#organization\"},\"potentialAction\":[{\"@type\":\"SearchAction\",\"target\":{\"@type\":\"EntryPoint\",\"urlTemplate\":\"https:\\\/\\\/clarijs-fietstassen.nl\\\/de\\\/?s={search_term_string}\"},\"query-input\":{\"@type\":\"PropertyValueSpecification\",\"valueRequired\":true,\"valueName\":\"search_term_string\"}}],\"inLanguage\":\"de\"},{\"@type\":\"Organization\",\"@id\":\"https:\\\/\\\/clarijs-fietstassen.nl\\\/de\\\/#organization\",\"name\":\"Clarijs Fietstassen\",\"url\":\"https:\\\/\\\/clarijs-fietstassen.nl\\\/de\\\/\",\"logo\":{\"@type\":\"ImageObject\",\"inLanguage\":\"de\",\"@id\":\"https:\\\/\\\/clarijs-fietstassen.nl\\\/de\\\/#\\\/schema\\\/logo\\\/image\\\/\",\"url\":\"https:\\\/\\\/clarijs-fietstassen.nl\\\/wp-content\\\/uploads\\\/2024\\\/01\\\/clarijs-logo-met-rand.jpg\",\"contentUrl\":\"https:\\\/\\\/clarijs-fietstassen.nl\\\/wp-content\\\/uploads\\\/2024\\\/01\\\/clarijs-logo-met-rand.jpg\",\"width\":560,\"height\":266,\"caption\":\"Clarijs Fietstassen\"},\"image\":{\"@id\":\"https:\\\/\\\/clarijs-fietstassen.nl\\\/de\\\/#\\\/schema\\\/logo\\\/image\\\/\"},\"sameAs\":[\"https:\\\/\\\/www.facebook.com\\\/clarijs1948\\\/\",\"https:\\\/\\\/www.instagram.com\\\/clarijscovers\\\/\"]}]}<\/script>\n<meta property=\"og:availability\" content=\"instock\" \/>\n<meta property=\"product:availability\" content=\"instock\" \/>\n<meta property=\"product:retailer_item_id\" content=\"5034\" \/>\n<meta property=\"product:condition\" content=\"new\" \/>\n<!-- \/ Yoast SEO Premium plugin. -->","yoast_head_json":{"title":"Plane f\u00fcr Christiania (Rechte Box) - Clarijs Fietstassen","description":"Die Plane f\u00fcr Christiania (Rechte Box) bietet zuverl\u00e4ssigen und wasserfesten Schutz f\u00fcr Ihren Fahrradanh\u00e4nger. Hergestellt aus strapazierf\u00e4higem Material.","robots":{"index":"index","follow":"follow","max-snippet":"max-snippet:-1","max-image-preview":"max-image-preview:large","max-video-preview":"max-video-preview:-1"},"canonical":"https:\/\/clarijs-fietstassen.nl\/de\/produkt\/plane-fuer-christiania-gerader-karton\/","og_locale":"de_DE","og_type":"article","og_title":"Plane f\u00fcr Christiania (Rechte Box)","og_description":"Die Plane f\u00fcr Christiania (Rechte Box) bietet zuverl\u00e4ssigen und wasserfesten Schutz f\u00fcr Ihren Fahrradanh\u00e4nger. Hergestellt aus strapazierf\u00e4higem Material.","og_url":"https:\/\/clarijs-fietstassen.nl\/de\/produkt\/plane-fuer-christiania-gerader-karton\/","og_site_name":"Clarijs Fietstassen","article_publisher":"https:\/\/www.facebook.com\/clarijs1948\/","article_modified_time":"2025-11-10T10:48:23+00:00","og_image":[{"width":1100,"height":1100,"url":"https:\/\/clarijs-fietstassen.nl\/wp-content\/uploads\/2023\/07\/Christiania.jpg","type":"image\/jpeg"}],"twitter_card":"summary_large_image","twitter_misc":{"Verf\u00fcgbarkeit":"Auf Lager"},"schema":{"@context":"https:\/\/schema.org","@graph":[{"@type":"WebPage","@id":"https:\/\/clarijs-fietstassen.nl\/de\/produkt\/plane-fuer-christiania-gerader-karton\/","url":"https:\/\/clarijs-fietstassen.nl\/de\/produkt\/plane-fuer-christiania-gerader-karton\/","name":"Plane f\u00fcr Christiania (Rechte Box) - Clarijs Fietstassen","isPartOf":{"@id":"https:\/\/clarijs-fietstassen.nl\/de\/#website"},"primaryImageOfPage":{"@id":"https:\/\/clarijs-fietstassen.nl\/de\/produkt\/plane-fuer-christiania-gerader-karton\/#primaryimage"},"image":{"@id":"https:\/\/clarijs-fietstassen.nl\/de\/produkt\/plane-fuer-christiania-gerader-karton\/#primaryimage"},"thumbnailUrl":"https:\/\/clarijs-fietstassen.nl\/wp-content\/uploads\/2023\/07\/Christiania.jpg","datePublished":"2023-07-03T13:19:57+00:00","dateModified":"2025-11-10T10:48:23+00:00","description":"Die Plane f\u00fcr Christiania (Rechte Box) bietet zuverl\u00e4ssigen und wasserfesten Schutz f\u00fcr Ihren Fahrradanh\u00e4nger. Hergestellt aus strapazierf\u00e4higem Material.","breadcrumb":{"@id":"https:\/\/clarijs-fietstassen.nl\/de\/produkt\/plane-fuer-christiania-gerader-karton\/#breadcrumb"},"inLanguage":"de","potentialAction":[{"@type":"ReadAction","target":["https:\/\/clarijs-fietstassen.nl\/de\/produkt\/plane-fuer-christiania-gerader-karton\/"]}]},{"@type":"ImageObject","inLanguage":"de","@id":"https:\/\/clarijs-fietstassen.nl\/de\/produkt\/plane-fuer-christiania-gerader-karton\/#primaryimage","url":"https:\/\/clarijs-fietstassen.nl\/wp-content\/uploads\/2023\/07\/Christiania.jpg","contentUrl":"https:\/\/clarijs-fietstassen.nl\/wp-content\/uploads\/2023\/07\/Christiania.jpg","width":1100,"height":1100,"caption":"Plane f\u00fcr Christiania (Rechte Box)"},{"@type":"BreadcrumbList","@id":"https:\/\/clarijs-fietstassen.nl\/de\/produkt\/plane-fuer-christiania-gerader-karton\/#breadcrumb","itemListElement":[{"@type":"ListItem","position":1,"name":"Home","item":"https:\/\/clarijs-fietstassen.nl\/de\/"},{"@type":"ListItem","position":2,"name":"Shop","item":"https:\/\/clarijs-fietstassen.nl\/de\/shop\/"},{"@type":"ListItem","position":3,"name":"Christiania","item":"https:\/\/clarijs-fietstassen.nl\/christinia-regenhuif\/"},{"@type":"ListItem","position":4,"name":"Plane f\u00fcr Christiania (Rechte Box)"}]},{"@type":"WebSite","@id":"https:\/\/clarijs-fietstassen.nl\/de\/#website","url":"https:\/\/clarijs-fietstassen.nl\/de\/","name":"Clarijs Fietstassen","description":"Kwaliteit &amp; ambacht sinds 1948","publisher":{"@id":"https:\/\/clarijs-fietstassen.nl\/de\/#organization"},"potentialAction":[{"@type":"SearchAction","target":{"@type":"EntryPoint","urlTemplate":"https:\/\/clarijs-fietstassen.nl\/de\/?s={search_term_string}"},"query-input":{"@type":"PropertyValueSpecification","valueRequired":true,"valueName":"search_term_string"}}],"inLanguage":"de"},{"@type":"Organization","@id":"https:\/\/clarijs-fietstassen.nl\/de\/#organization","name":"Clarijs Fietstassen","url":"https:\/\/clarijs-fietstassen.nl\/de\/","logo":{"@type":"ImageObject","inLanguage":"de","@id":"https:\/\/clarijs-fietstassen.nl\/de\/#\/schema\/logo\/image\/","url":"https:\/\/clarijs-fietstassen.nl\/wp-content\/uploads\/2024\/01\/clarijs-logo-met-rand.jpg","contentUrl":"https:\/\/clarijs-fietstassen.nl\/wp-content\/uploads\/2024\/01\/clarijs-logo-met-rand.jpg","width":560,"height":266,"caption":"Clarijs Fietstassen"},"image":{"@id":"https:\/\/clarijs-fietstassen.nl\/de\/#\/schema\/logo\/image\/"},"sameAs":["https:\/\/www.facebook.com\/clarijs1948\/","https:\/\/www.instagram.com\/clarijscovers\/"]}]},"og_availability":"instock","product_availability":"instock","product_retailer_item_id":"5034","product_condition":"new"},"_links":{"self":[{"href":"https:\/\/clarijs-fietstassen.nl\/de\/wp-json\/wp\/v2\/product\/48163","targetHints":{"allow":["GET"]}}],"collection":[{"href":"https:\/\/clarijs-fietstassen.nl\/de\/wp-json\/wp\/v2\/product"}],"about":[{"href":"https:\/\/clarijs-fietstassen.nl\/de\/wp-json\/wp\/v2\/types\/product"}],"replies":[{"embeddable":true,"href":"https:\/\/clarijs-fietstassen.nl\/de\/wp-json\/wp\/v2\/comments?post=48163"}],"wp:featuredmedia":[{"embeddable":true,"href":"https:\/\/clarijs-fietstassen.nl\/de\/wp-json\/wp\/v2\/media\/48166"}],"wp:attachment":[{"href":"https:\/\/clarijs-fietstassen.nl\/de\/wp-json\/wp\/v2\/media?parent=48163"}],"wp:term":[{"taxonomy":"product_brand","embeddable":true,"href":"https:\/\/clarijs-fietstassen.nl\/de\/wp-json\/wp\/v2\/product_brand?post=48163"},{"taxonomy":"product_cat","embeddable":true,"href":"https:\/\/clarijs-fietstassen.nl\/de\/wp-json\/wp\/v2\/product_cat?post=48163"},{"taxonomy":"product_tag","embeddable":true,"href":"https:\/\/clarijs-fietstassen.nl\/de\/wp-json\/wp\/v2\/product_tag?post=48163"}],"curies":[{"name":"wp","href":"https:\/\/api.w.org\/{rel}","templated":true}]}}