{"id":48168,"date":"2023-07-03T15:21:46","date_gmt":"2023-07-03T13:21:46","guid":{"rendered":"https:\/\/clarijs-fietstassen.nl\/kistendeckel-35-x-43-cm\/"},"modified":"2026-02-05T14:55:32","modified_gmt":"2026-02-05T13:55:32","slug":"kistendeckel-35-x-43-cm","status":"publish","type":"product","link":"https:\/\/clarijs-fietstassen.nl\/de\/produkt\/kistendeckel-35-x-43-cm\/","title":{"rendered":"Kratm\u00fctze f\u00fcr Fahrradkorb 35 x 43 cm \u2013 Clarijs"},"content":{"rendered":"<p data-start=\"346\" data-end=\"574\">Die Kratm\u00fctze f\u00fcr Fahrradkorb 35 x 43 cm von Clarijs ist eine praktische Abdeckung, die deinen Fahrradkorb vor Regen, Wind und Schmutz sch\u00fctzt. Ideal f\u00fcr den t\u00e4glichen Einsatz beim Transport von Eink\u00e4ufen, Taschen oder anderen Gegenst\u00e4nden. <\/p>\n<p data-start=\"576\" data-end=\"897\">Diese Kratm\u00fctze besteht aus <strong>robustem und wasserdichtem<\/strong> Bisonyl PVC-Gewebe. Das strapazierf\u00e4hige Material sorgt daf\u00fcr, dass der Inhalt deines Fahrradkorbs auch bei wechselnden Wetterbedingungen gut gesch\u00fctzt bleibt. Die Abdeckung l\u00e4sst sich einfach \u00fcber den Korb ziehen und sitzt w\u00e4hrend der Fahrt sicher.  <\/p>\n<p data-start=\"899\" data-end=\"1065\">Die Kratm\u00fctze f\u00fcr Fahrradkorb <strong>35 x 43 cm<\/strong> ist in vielen verschiedenen UNI Farben erh\u00e4ltlich. So kannst du die Farbe passend zu deinem Fahrrad oder deinem pers\u00f6nlichen Stil w\u00e4hlen. <\/p>\n<p data-start=\"1067\" data-end=\"1275\">Suchst du eine wasserdichte Abdeckung f\u00fcr deinen Fahrradkorb in der Gr\u00f6\u00dfe 35 x 43 cm? Oder m\u00f6chtest du deine Sachen bei jeder Fahrt trocken transportieren? Dann ist diese Clarijs Kratm\u00fctze eine zuverl\u00e4ssige und praktische L\u00f6sung.  <\/p>\n","protected":false},"excerpt":{"rendered":"<p>Die Kratm\u00fctze f\u00fcr Fahrradkorb 35 x 43 cm von Clarijs ist eine praktische Abdeckung, die deinen Fahrradkorb vor Regen, Wind und Schmutz sch\u00fctzt. Ideal f\u00fcr den t\u00e4glichen Einsatz beim Transport von Eink\u00e4ufen, Taschen oder anderen Gegenst\u00e4nden. Diese Kratm\u00fctze besteht aus robustem und wasserdichtem Bisonyl PVC-Gewebe. Das strapazierf\u00e4hige Material sorgt daf\u00fcr, dass der Inhalt deines Fahrradkorbs [&hellip;]<\/p>\n","protected":false},"featured_media":48172,"comment_status":"closed","ping_status":"closed","template":"","meta":{"_acf_changed":false,"_et_pb_use_builder":"","_et_pb_old_content":"","_et_gb_content_width":""},"product_brand":[],"product_cat":[725,723,684],"product_tag":[],"class_list":{"0":"post-48168","1":"product","2":"type-product","3":"status-publish","4":"has-post-thumbnail","6":"product_cat-fahrradkisten","7":"product_cat-fahrradzubehor","8":"product_cat-zubehor","9":"pa_geschikt-voor-e-bike-ja-de","10":"pa_kleur-apfelgrun","11":"pa_kleur-azurblau","12":"pa_kleur-beton-grau","13":"pa_kleur-blau","14":"pa_kleur-bordeaux-rot","15":"pa_kleur-creme-de","16":"pa_kleur-dunkelblau","17":"pa_kleur-dunkelgrun","18":"pa_kleur-feuerwehr-rot","19":"pa_kleur-gelb","20":"pa_kleur-holland-orange-de","21":"pa_kleur-lila","22":"pa_kleur-matt-schwarz-de","23":"pa_kleur-rosa","24":"pa_kleur-schokoladen-braun","25":"pa_kleur-schwarz","26":"pa_kleur-silber-metallic","27":"pa_kleur-weis","28":"pa_materiaal-bisonyl-pvc-leinwand","29":"pa_merk-clarijs-covers-b-v-de","31":"first","32":"instock","33":"taxable","34":"shipping-taxable","35":"purchasable","36":"product-type-variable"},"acf":[],"yoast_head":"<!-- This site is optimized with the Yoast SEO Premium plugin v27.2 (Yoast SEO v27.3) - https:\/\/yoast.com\/product\/yoast-seo-premium-wordpress\/ -->\n<title>Kratm\u00fctze f\u00fcr Fahrradkorb 35 x 43 cm \u2013 Clarijs - Clarijs Fietstassen<\/title>\n<meta name=\"description\" content=\"Wasserdichte Kratm\u00fctze f\u00fcr Fahrradkorb 35 x 43 cm von Clarijs. Aus robustem Bisonyl PVC-Gewebe, erh\u00e4ltlich in vielen UNI Farben.\" \/>\n<meta name=\"robots\" content=\"index, follow, max-snippet:-1, max-image-preview:large, max-video-preview:-1\" \/>\n<link rel=\"canonical\" href=\"https:\/\/clarijs-fietstassen.nl\/de\/produkt\/kistendeckel-35-x-43-cm\/\" \/>\n<meta property=\"og:locale\" content=\"de_DE\" \/>\n<meta property=\"og:type\" content=\"article\" \/>\n<meta property=\"og:title\" content=\"Kratm\u00fctze f\u00fcr Fahrradkorb 35 x 43 cm \u2013 Clarijs\" \/>\n<meta property=\"og:description\" content=\"Wasserdichte Kratm\u00fctze f\u00fcr Fahrradkorb 35 x 43 cm von Clarijs. Aus robustem Bisonyl PVC-Gewebe, erh\u00e4ltlich in vielen UNI Farben.\" \/>\n<meta property=\"og:url\" content=\"https:\/\/clarijs-fietstassen.nl\/de\/produkt\/kistendeckel-35-x-43-cm\/\" \/>\n<meta property=\"og:site_name\" content=\"Clarijs Fietstassen\" \/>\n<meta property=\"article:publisher\" content=\"https:\/\/www.facebook.com\/clarijs1948\/\" \/>\n<meta property=\"article:modified_time\" content=\"2026-02-05T13:55:32+00:00\" \/>\n<meta property=\"og:image\" content=\"https:\/\/clarijs-fietstassen.nl\/wp-content\/uploads\/2023\/07\/0002214_kratmuts-35-x-43-kies-uw-kleur_3814x.jpeg\" \/>\n\t<meta property=\"og:image:width\" content=\"900\" \/>\n\t<meta property=\"og:image:height\" content=\"1200\" \/>\n\t<meta property=\"og:image:type\" content=\"image\/jpeg\" \/>\n<meta name=\"twitter:card\" content=\"summary_large_image\" \/>\n<meta name=\"twitter:label1\" content=\"Verf\u00fcgbarkeit\" \/>\n\t<meta name=\"twitter:data1\" content=\"Auf Lager\" \/>\n<script type=\"application\/ld+json\" class=\"yoast-schema-graph\">{\"@context\":\"https:\\\/\\\/schema.org\",\"@graph\":[{\"@type\":\"WebPage\",\"@id\":\"https:\\\/\\\/clarijs-fietstassen.nl\\\/de\\\/produkt\\\/kistendeckel-35-x-43-cm\\\/\",\"url\":\"https:\\\/\\\/clarijs-fietstassen.nl\\\/de\\\/produkt\\\/kistendeckel-35-x-43-cm\\\/\",\"name\":\"Kratm\u00fctze f\u00fcr Fahrradkorb 35 x 43 cm \u2013 Clarijs - Clarijs Fietstassen\",\"isPartOf\":{\"@id\":\"https:\\\/\\\/clarijs-fietstassen.nl\\\/de\\\/#website\"},\"primaryImageOfPage\":{\"@id\":\"https:\\\/\\\/clarijs-fietstassen.nl\\\/de\\\/produkt\\\/kistendeckel-35-x-43-cm\\\/#primaryimage\"},\"image\":{\"@id\":\"https:\\\/\\\/clarijs-fietstassen.nl\\\/de\\\/produkt\\\/kistendeckel-35-x-43-cm\\\/#primaryimage\"},\"thumbnailUrl\":\"https:\\\/\\\/clarijs-fietstassen.nl\\\/wp-content\\\/uploads\\\/2023\\\/07\\\/0002214_kratmuts-35-x-43-kies-uw-kleur_3814x.jpeg\",\"datePublished\":\"2023-07-03T13:21:46+00:00\",\"dateModified\":\"2026-02-05T13:55:32+00:00\",\"description\":\"Wasserdichte Kratm\u00fctze f\u00fcr Fahrradkorb 35 x 43 cm von Clarijs. Aus robustem Bisonyl PVC-Gewebe, erh\u00e4ltlich in vielen UNI Farben.\",\"breadcrumb\":{\"@id\":\"https:\\\/\\\/clarijs-fietstassen.nl\\\/de\\\/produkt\\\/kistendeckel-35-x-43-cm\\\/#breadcrumb\"},\"inLanguage\":\"de\",\"potentialAction\":[{\"@type\":\"ReadAction\",\"target\":[\"https:\\\/\\\/clarijs-fietstassen.nl\\\/de\\\/produkt\\\/kistendeckel-35-x-43-cm\\\/\"]}]},{\"@type\":\"ImageObject\",\"inLanguage\":\"de\",\"@id\":\"https:\\\/\\\/clarijs-fietstassen.nl\\\/de\\\/produkt\\\/kistendeckel-35-x-43-cm\\\/#primaryimage\",\"url\":\"https:\\\/\\\/clarijs-fietstassen.nl\\\/wp-content\\\/uploads\\\/2023\\\/07\\\/0002214_kratmuts-35-x-43-kies-uw-kleur_3814x.jpeg\",\"contentUrl\":\"https:\\\/\\\/clarijs-fietstassen.nl\\\/wp-content\\\/uploads\\\/2023\\\/07\\\/0002214_kratmuts-35-x-43-kies-uw-kleur_3814x.jpeg\",\"width\":900,\"height\":1200},{\"@type\":\"BreadcrumbList\",\"@id\":\"https:\\\/\\\/clarijs-fietstassen.nl\\\/de\\\/produkt\\\/kistendeckel-35-x-43-cm\\\/#breadcrumb\",\"itemListElement\":[{\"@type\":\"ListItem\",\"position\":1,\"name\":\"Home\",\"item\":\"https:\\\/\\\/clarijs-fietstassen.nl\\\/de\\\/\"},{\"@type\":\"ListItem\",\"position\":2,\"name\":\"Shop\",\"item\":\"https:\\\/\\\/clarijs-fietstassen.nl\\\/de\\\/shop\\\/\"},{\"@type\":\"ListItem\",\"position\":3,\"name\":\"Accessoires\",\"item\":\"https:\\\/\\\/clarijs-fietstassen.nl\\\/accessoires\\\/\"},{\"@type\":\"ListItem\",\"position\":4,\"name\":\"Kratm\u00fctze f\u00fcr Fahrradkorb 35 x 43 cm \u2013 Clarijs\"}]},{\"@type\":\"WebSite\",\"@id\":\"https:\\\/\\\/clarijs-fietstassen.nl\\\/de\\\/#website\",\"url\":\"https:\\\/\\\/clarijs-fietstassen.nl\\\/de\\\/\",\"name\":\"Clarijs Fietstassen\",\"description\":\"Kwaliteit &amp; ambacht sinds 1948\",\"publisher\":{\"@id\":\"https:\\\/\\\/clarijs-fietstassen.nl\\\/de\\\/#organization\"},\"potentialAction\":[{\"@type\":\"SearchAction\",\"target\":{\"@type\":\"EntryPoint\",\"urlTemplate\":\"https:\\\/\\\/clarijs-fietstassen.nl\\\/de\\\/?s={search_term_string}\"},\"query-input\":{\"@type\":\"PropertyValueSpecification\",\"valueRequired\":true,\"valueName\":\"search_term_string\"}}],\"inLanguage\":\"de\"},{\"@type\":\"Organization\",\"@id\":\"https:\\\/\\\/clarijs-fietstassen.nl\\\/de\\\/#organization\",\"name\":\"Clarijs Fietstassen\",\"url\":\"https:\\\/\\\/clarijs-fietstassen.nl\\\/de\\\/\",\"logo\":{\"@type\":\"ImageObject\",\"inLanguage\":\"de\",\"@id\":\"https:\\\/\\\/clarijs-fietstassen.nl\\\/de\\\/#\\\/schema\\\/logo\\\/image\\\/\",\"url\":\"https:\\\/\\\/clarijs-fietstassen.nl\\\/wp-content\\\/uploads\\\/2024\\\/01\\\/clarijs-logo-met-rand.jpg\",\"contentUrl\":\"https:\\\/\\\/clarijs-fietstassen.nl\\\/wp-content\\\/uploads\\\/2024\\\/01\\\/clarijs-logo-met-rand.jpg\",\"width\":560,\"height\":266,\"caption\":\"Clarijs Fietstassen\"},\"image\":{\"@id\":\"https:\\\/\\\/clarijs-fietstassen.nl\\\/de\\\/#\\\/schema\\\/logo\\\/image\\\/\"},\"sameAs\":[\"https:\\\/\\\/www.facebook.com\\\/clarijs1948\\\/\",\"https:\\\/\\\/www.instagram.com\\\/clarijscovers\\\/\"]}]}<\/script>\n<meta property=\"og:availability\" content=\"instock\" \/>\n<meta property=\"product:availability\" content=\"instock\" \/>\n<meta property=\"product:retailer_item_id\" content=\"4004\" \/>\n<meta property=\"product:condition\" content=\"new\" \/>\n<!-- \/ Yoast SEO Premium plugin. -->","yoast_head_json":{"title":"Kratm\u00fctze f\u00fcr Fahrradkorb 35 x 43 cm \u2013 Clarijs - Clarijs Fietstassen","description":"Wasserdichte Kratm\u00fctze f\u00fcr Fahrradkorb 35 x 43 cm von Clarijs. Aus robustem Bisonyl PVC-Gewebe, erh\u00e4ltlich in vielen UNI Farben.","robots":{"index":"index","follow":"follow","max-snippet":"max-snippet:-1","max-image-preview":"max-image-preview:large","max-video-preview":"max-video-preview:-1"},"canonical":"https:\/\/clarijs-fietstassen.nl\/de\/produkt\/kistendeckel-35-x-43-cm\/","og_locale":"de_DE","og_type":"article","og_title":"Kratm\u00fctze f\u00fcr Fahrradkorb 35 x 43 cm \u2013 Clarijs","og_description":"Wasserdichte Kratm\u00fctze f\u00fcr Fahrradkorb 35 x 43 cm von Clarijs. Aus robustem Bisonyl PVC-Gewebe, erh\u00e4ltlich in vielen UNI Farben.","og_url":"https:\/\/clarijs-fietstassen.nl\/de\/produkt\/kistendeckel-35-x-43-cm\/","og_site_name":"Clarijs Fietstassen","article_publisher":"https:\/\/www.facebook.com\/clarijs1948\/","article_modified_time":"2026-02-05T13:55:32+00:00","og_image":[{"width":900,"height":1200,"url":"https:\/\/clarijs-fietstassen.nl\/wp-content\/uploads\/2023\/07\/0002214_kratmuts-35-x-43-kies-uw-kleur_3814x.jpeg","type":"image\/jpeg"}],"twitter_card":"summary_large_image","twitter_misc":{"Verf\u00fcgbarkeit":"Auf Lager"},"schema":{"@context":"https:\/\/schema.org","@graph":[{"@type":"WebPage","@id":"https:\/\/clarijs-fietstassen.nl\/de\/produkt\/kistendeckel-35-x-43-cm\/","url":"https:\/\/clarijs-fietstassen.nl\/de\/produkt\/kistendeckel-35-x-43-cm\/","name":"Kratm\u00fctze f\u00fcr Fahrradkorb 35 x 43 cm \u2013 Clarijs - Clarijs Fietstassen","isPartOf":{"@id":"https:\/\/clarijs-fietstassen.nl\/de\/#website"},"primaryImageOfPage":{"@id":"https:\/\/clarijs-fietstassen.nl\/de\/produkt\/kistendeckel-35-x-43-cm\/#primaryimage"},"image":{"@id":"https:\/\/clarijs-fietstassen.nl\/de\/produkt\/kistendeckel-35-x-43-cm\/#primaryimage"},"thumbnailUrl":"https:\/\/clarijs-fietstassen.nl\/wp-content\/uploads\/2023\/07\/0002214_kratmuts-35-x-43-kies-uw-kleur_3814x.jpeg","datePublished":"2023-07-03T13:21:46+00:00","dateModified":"2026-02-05T13:55:32+00:00","description":"Wasserdichte Kratm\u00fctze f\u00fcr Fahrradkorb 35 x 43 cm von Clarijs. Aus robustem Bisonyl PVC-Gewebe, erh\u00e4ltlich in vielen UNI Farben.","breadcrumb":{"@id":"https:\/\/clarijs-fietstassen.nl\/de\/produkt\/kistendeckel-35-x-43-cm\/#breadcrumb"},"inLanguage":"de","potentialAction":[{"@type":"ReadAction","target":["https:\/\/clarijs-fietstassen.nl\/de\/produkt\/kistendeckel-35-x-43-cm\/"]}]},{"@type":"ImageObject","inLanguage":"de","@id":"https:\/\/clarijs-fietstassen.nl\/de\/produkt\/kistendeckel-35-x-43-cm\/#primaryimage","url":"https:\/\/clarijs-fietstassen.nl\/wp-content\/uploads\/2023\/07\/0002214_kratmuts-35-x-43-kies-uw-kleur_3814x.jpeg","contentUrl":"https:\/\/clarijs-fietstassen.nl\/wp-content\/uploads\/2023\/07\/0002214_kratmuts-35-x-43-kies-uw-kleur_3814x.jpeg","width":900,"height":1200},{"@type":"BreadcrumbList","@id":"https:\/\/clarijs-fietstassen.nl\/de\/produkt\/kistendeckel-35-x-43-cm\/#breadcrumb","itemListElement":[{"@type":"ListItem","position":1,"name":"Home","item":"https:\/\/clarijs-fietstassen.nl\/de\/"},{"@type":"ListItem","position":2,"name":"Shop","item":"https:\/\/clarijs-fietstassen.nl\/de\/shop\/"},{"@type":"ListItem","position":3,"name":"Accessoires","item":"https:\/\/clarijs-fietstassen.nl\/accessoires\/"},{"@type":"ListItem","position":4,"name":"Kratm\u00fctze f\u00fcr Fahrradkorb 35 x 43 cm \u2013 Clarijs"}]},{"@type":"WebSite","@id":"https:\/\/clarijs-fietstassen.nl\/de\/#website","url":"https:\/\/clarijs-fietstassen.nl\/de\/","name":"Clarijs Fietstassen","description":"Kwaliteit &amp; ambacht sinds 1948","publisher":{"@id":"https:\/\/clarijs-fietstassen.nl\/de\/#organization"},"potentialAction":[{"@type":"SearchAction","target":{"@type":"EntryPoint","urlTemplate":"https:\/\/clarijs-fietstassen.nl\/de\/?s={search_term_string}"},"query-input":{"@type":"PropertyValueSpecification","valueRequired":true,"valueName":"search_term_string"}}],"inLanguage":"de"},{"@type":"Organization","@id":"https:\/\/clarijs-fietstassen.nl\/de\/#organization","name":"Clarijs Fietstassen","url":"https:\/\/clarijs-fietstassen.nl\/de\/","logo":{"@type":"ImageObject","inLanguage":"de","@id":"https:\/\/clarijs-fietstassen.nl\/de\/#\/schema\/logo\/image\/","url":"https:\/\/clarijs-fietstassen.nl\/wp-content\/uploads\/2024\/01\/clarijs-logo-met-rand.jpg","contentUrl":"https:\/\/clarijs-fietstassen.nl\/wp-content\/uploads\/2024\/01\/clarijs-logo-met-rand.jpg","width":560,"height":266,"caption":"Clarijs Fietstassen"},"image":{"@id":"https:\/\/clarijs-fietstassen.nl\/de\/#\/schema\/logo\/image\/"},"sameAs":["https:\/\/www.facebook.com\/clarijs1948\/","https:\/\/www.instagram.com\/clarijscovers\/"]}]},"og_availability":"instock","product_availability":"instock","product_retailer_item_id":"4004","product_condition":"new"},"_links":{"self":[{"href":"https:\/\/clarijs-fietstassen.nl\/de\/wp-json\/wp\/v2\/product\/48168","targetHints":{"allow":["GET"]}}],"collection":[{"href":"https:\/\/clarijs-fietstassen.nl\/de\/wp-json\/wp\/v2\/product"}],"about":[{"href":"https:\/\/clarijs-fietstassen.nl\/de\/wp-json\/wp\/v2\/types\/product"}],"replies":[{"embeddable":true,"href":"https:\/\/clarijs-fietstassen.nl\/de\/wp-json\/wp\/v2\/comments?post=48168"}],"wp:featuredmedia":[{"embeddable":true,"href":"https:\/\/clarijs-fietstassen.nl\/de\/wp-json\/wp\/v2\/media\/48172"}],"wp:attachment":[{"href":"https:\/\/clarijs-fietstassen.nl\/de\/wp-json\/wp\/v2\/media?parent=48168"}],"wp:term":[{"taxonomy":"product_brand","embeddable":true,"href":"https:\/\/clarijs-fietstassen.nl\/de\/wp-json\/wp\/v2\/product_brand?post=48168"},{"taxonomy":"product_cat","embeddable":true,"href":"https:\/\/clarijs-fietstassen.nl\/de\/wp-json\/wp\/v2\/product_cat?post=48168"},{"taxonomy":"product_tag","embeddable":true,"href":"https:\/\/clarijs-fietstassen.nl\/de\/wp-json\/wp\/v2\/product_tag?post=48168"}],"curies":[{"name":"wp","href":"https:\/\/api.w.org\/{rel}","templated":true}]}}