{"id":48205,"date":"2023-07-03T14:24:19","date_gmt":"2023-07-03T13:24:19","guid":{"rendered":"https:\/\/clarijs-fietstassen.nl\/sonnenschirmbezug-fuer-schwimmenden-sonnenschirm\/"},"modified":"2025-09-08T16:24:05","modified_gmt":"2025-09-08T14:24:05","slug":"sonnenschirmbezug-fuer-schwimmenden-sonnenschirm","status":"publish","type":"product","link":"https:\/\/clarijs-fietstassen.nl\/de\/produkt\/sonnenschirmbezug-fuer-schwimmenden-sonnenschirm\/","title":{"rendered":"Sonnenschirmbezug f\u00fcr schwimmenden Sonnenschirm"},"content":{"rendered":"<p>In verschiedenen Farben erh\u00e4ltlich! Sehr starke Qualit\u00e4t! Dieser Preis gilt bis zu einer L\u00e4nge von 2,4o Metern. F\u00fcr gr\u00f6\u00dfere L\u00e4ngen unter 3 m wird ein Aufpreis von 9 \u20ac berechnet. F\u00fcr gr\u00f6\u00dfere Gr\u00f6\u00dfen fordern Sie bitte ein Angebot an. Schreiben Sie Ihre Gr\u00f6\u00dfe in die Kommentare; A &#8230;cm x B&#8230;cm x C&#8230;cm x D&#8230;cm<\/p>\n","protected":false},"excerpt":{"rendered":"<p>In verschiedenen Farben erh\u00e4ltlich! Sehr starke Qualit\u00e4t! Dieser Preis gilt bis zu einer L\u00e4nge von 2,4o Metern. F\u00fcr gr\u00f6\u00dfere L\u00e4ngen unter 3 m wird ein Aufpreis von 9 \u20ac berechnet. F\u00fcr gr\u00f6\u00dfere Gr\u00f6\u00dfen fordern Sie bitte ein Angebot an. Schreiben Sie Ihre Gr\u00f6\u00dfe in die Kommentare; A &#8230;cm x B&#8230;cm x C&#8230;cm x D&#8230;cm<\/p>\n","protected":false},"featured_media":58695,"comment_status":"closed","ping_status":"closed","template":"","meta":{"_acf_changed":false,"_et_pb_use_builder":"","_et_pb_old_content":"","_et_gb_content_width":""},"product_brand":[],"product_cat":[875],"product_tag":[],"class_list":{"0":"post-48205","1":"product","2":"type-product","3":"status-publish","4":"has-post-thumbnail","6":"product_cat-gartenabdeckungen-de","7":"pa_geschikt-voor-e-bike-ja-de","8":"pa_geschikt-voor-ledlampjes-ja-de","9":"pa_kleur-apfelgrun","10":"pa_kleur-azurblau","11":"pa_kleur-bordeaux-rot","12":"pa_kleur-creme-de","13":"pa_kleur-dunkelblau","14":"pa_kleur-feuerwehr-rot","15":"pa_kleur-gelb","16":"pa_kleur-holland-orange-de","17":"pa_kleur-lila","18":"pa_kleur-matt-schwarz-de","19":"pa_kleur-rosa","20":"pa_kleur-schokoladen-braun","21":"pa_kleur-schwarz","22":"pa_kleur-silber-metallic","23":"pa_kleur-weis","24":"pa_materiaal-bisonyl-pvc-leinwand","25":"pa_merk-clarijs-covers-b-v-de","26":"pa_reflectie-nein","27":"pa_snelbinders-toegankelijk-ja-de","29":"first","30":"instock","31":"taxable","32":"shipping-taxable","33":"purchasable","34":"product-type-variable"},"acf":[],"yoast_head":"<!-- This site is optimized with the Yoast SEO Premium plugin v27.2 (Yoast SEO v27.3) - https:\/\/yoast.com\/product\/yoast-seo-premium-wordpress\/ -->\n<title>Sonnenschirmbezug f\u00fcr schwimmenden Sonnenschirm - Clarijs Fietstassen<\/title>\n<meta name=\"description\" content=\"Die Sonnenschirmabdeckung f\u00fcr Ihren schwimmenden Sonnenschirm bietet den ultimativen Schutz vor Wasser und Sonnenlicht. Sie ist in verschiedenen Farben erh\u00e4ltlich.\" \/>\n<meta name=\"robots\" content=\"index, follow, max-snippet:-1, max-image-preview:large, max-video-preview:-1\" \/>\n<link rel=\"canonical\" href=\"https:\/\/clarijs-fietstassen.nl\/de\/produkt\/sonnenschirmbezug-fuer-schwimmenden-sonnenschirm\/\" \/>\n<meta property=\"og:locale\" content=\"de_DE\" \/>\n<meta property=\"og:type\" content=\"article\" \/>\n<meta property=\"og:title\" content=\"Sonnenschirmbezug f\u00fcr schwimmenden Sonnenschirm\" \/>\n<meta property=\"og:description\" content=\"Die Sonnenschirmabdeckung f\u00fcr Ihren schwimmenden Sonnenschirm bietet den ultimativen Schutz vor Wasser und Sonnenlicht. Sie ist in verschiedenen Farben erh\u00e4ltlich.\" \/>\n<meta property=\"og:url\" content=\"https:\/\/clarijs-fietstassen.nl\/de\/produkt\/sonnenschirmbezug-fuer-schwimmenden-sonnenschirm\/\" \/>\n<meta property=\"og:site_name\" content=\"Clarijs Fietstassen\" \/>\n<meta property=\"article:publisher\" content=\"https:\/\/www.facebook.com\/clarijs1948\/\" \/>\n<meta property=\"article:modified_time\" content=\"2025-09-08T14:24:05+00:00\" \/>\n<meta property=\"og:image\" content=\"https:\/\/clarijs-fietstassen.nl\/wp-content\/uploads\/2025\/10\/foto-upscale-prasolhoes.png\" \/>\n\t<meta property=\"og:image:width\" content=\"1000\" \/>\n\t<meta property=\"og:image:height\" content=\"1000\" \/>\n\t<meta property=\"og:image:type\" content=\"image\/png\" \/>\n<meta name=\"twitter:card\" content=\"summary_large_image\" \/>\n<meta name=\"twitter:label1\" content=\"Verf\u00fcgbarkeit\" \/>\n\t<meta name=\"twitter:data1\" content=\"Auf Lager\" \/>\n<script type=\"application\/ld+json\" class=\"yoast-schema-graph\">{\"@context\":\"https:\\\/\\\/schema.org\",\"@graph\":[{\"@type\":\"WebPage\",\"@id\":\"https:\\\/\\\/clarijs-fietstassen.nl\\\/de\\\/produkt\\\/sonnenschirmbezug-fuer-schwimmenden-sonnenschirm\\\/\",\"url\":\"https:\\\/\\\/clarijs-fietstassen.nl\\\/de\\\/produkt\\\/sonnenschirmbezug-fuer-schwimmenden-sonnenschirm\\\/\",\"name\":\"Sonnenschirmbezug f\u00fcr schwimmenden Sonnenschirm - Clarijs Fietstassen\",\"isPartOf\":{\"@id\":\"https:\\\/\\\/clarijs-fietstassen.nl\\\/de\\\/#website\"},\"primaryImageOfPage\":{\"@id\":\"https:\\\/\\\/clarijs-fietstassen.nl\\\/de\\\/produkt\\\/sonnenschirmbezug-fuer-schwimmenden-sonnenschirm\\\/#primaryimage\"},\"image\":{\"@id\":\"https:\\\/\\\/clarijs-fietstassen.nl\\\/de\\\/produkt\\\/sonnenschirmbezug-fuer-schwimmenden-sonnenschirm\\\/#primaryimage\"},\"thumbnailUrl\":\"https:\\\/\\\/clarijs-fietstassen.nl\\\/wp-content\\\/uploads\\\/2025\\\/10\\\/foto-upscale-prasolhoes.png\",\"datePublished\":\"2023-07-03T13:24:19+00:00\",\"dateModified\":\"2025-09-08T14:24:05+00:00\",\"description\":\"Die Sonnenschirmabdeckung f\u00fcr Ihren schwimmenden Sonnenschirm bietet den ultimativen Schutz vor Wasser und Sonnenlicht. Sie ist in verschiedenen Farben erh\u00e4ltlich.\",\"breadcrumb\":{\"@id\":\"https:\\\/\\\/clarijs-fietstassen.nl\\\/de\\\/produkt\\\/sonnenschirmbezug-fuer-schwimmenden-sonnenschirm\\\/#breadcrumb\"},\"inLanguage\":\"de\",\"potentialAction\":[{\"@type\":\"ReadAction\",\"target\":[\"https:\\\/\\\/clarijs-fietstassen.nl\\\/de\\\/produkt\\\/sonnenschirmbezug-fuer-schwimmenden-sonnenschirm\\\/\"]}]},{\"@type\":\"ImageObject\",\"inLanguage\":\"de\",\"@id\":\"https:\\\/\\\/clarijs-fietstassen.nl\\\/de\\\/produkt\\\/sonnenschirmbezug-fuer-schwimmenden-sonnenschirm\\\/#primaryimage\",\"url\":\"https:\\\/\\\/clarijs-fietstassen.nl\\\/wp-content\\\/uploads\\\/2025\\\/10\\\/foto-upscale-prasolhoes.png\",\"contentUrl\":\"https:\\\/\\\/clarijs-fietstassen.nl\\\/wp-content\\\/uploads\\\/2025\\\/10\\\/foto-upscale-prasolhoes.png\",\"width\":1000,\"height\":1000,\"caption\":\"parasolhoes - drogmolenhoes\"},{\"@type\":\"BreadcrumbList\",\"@id\":\"https:\\\/\\\/clarijs-fietstassen.nl\\\/de\\\/produkt\\\/sonnenschirmbezug-fuer-schwimmenden-sonnenschirm\\\/#breadcrumb\",\"itemListElement\":[{\"@type\":\"ListItem\",\"position\":1,\"name\":\"Home\",\"item\":\"https:\\\/\\\/clarijs-fietstassen.nl\\\/de\\\/\"},{\"@type\":\"ListItem\",\"position\":2,\"name\":\"Shop\",\"item\":\"https:\\\/\\\/clarijs-fietstassen.nl\\\/de\\\/shop\\\/\"},{\"@type\":\"ListItem\",\"position\":3,\"name\":\"Tuin accessoires\",\"item\":\"https:\\\/\\\/clarijs-fietstassen.nl\\\/tuin-accessoires\\\/\"},{\"@type\":\"ListItem\",\"position\":4,\"name\":\"Sonnenschirmbezug f\u00fcr schwimmenden Sonnenschirm\"}]},{\"@type\":\"WebSite\",\"@id\":\"https:\\\/\\\/clarijs-fietstassen.nl\\\/de\\\/#website\",\"url\":\"https:\\\/\\\/clarijs-fietstassen.nl\\\/de\\\/\",\"name\":\"Clarijs Fietstassen\",\"description\":\"Kwaliteit &amp; ambacht sinds 1948\",\"publisher\":{\"@id\":\"https:\\\/\\\/clarijs-fietstassen.nl\\\/de\\\/#organization\"},\"potentialAction\":[{\"@type\":\"SearchAction\",\"target\":{\"@type\":\"EntryPoint\",\"urlTemplate\":\"https:\\\/\\\/clarijs-fietstassen.nl\\\/de\\\/?s={search_term_string}\"},\"query-input\":{\"@type\":\"PropertyValueSpecification\",\"valueRequired\":true,\"valueName\":\"search_term_string\"}}],\"inLanguage\":\"de\"},{\"@type\":\"Organization\",\"@id\":\"https:\\\/\\\/clarijs-fietstassen.nl\\\/de\\\/#organization\",\"name\":\"Clarijs Fietstassen\",\"url\":\"https:\\\/\\\/clarijs-fietstassen.nl\\\/de\\\/\",\"logo\":{\"@type\":\"ImageObject\",\"inLanguage\":\"de\",\"@id\":\"https:\\\/\\\/clarijs-fietstassen.nl\\\/de\\\/#\\\/schema\\\/logo\\\/image\\\/\",\"url\":\"https:\\\/\\\/clarijs-fietstassen.nl\\\/wp-content\\\/uploads\\\/2024\\\/01\\\/clarijs-logo-met-rand.jpg\",\"contentUrl\":\"https:\\\/\\\/clarijs-fietstassen.nl\\\/wp-content\\\/uploads\\\/2024\\\/01\\\/clarijs-logo-met-rand.jpg\",\"width\":560,\"height\":266,\"caption\":\"Clarijs Fietstassen\"},\"image\":{\"@id\":\"https:\\\/\\\/clarijs-fietstassen.nl\\\/de\\\/#\\\/schema\\\/logo\\\/image\\\/\"},\"sameAs\":[\"https:\\\/\\\/www.facebook.com\\\/clarijs1948\\\/\",\"https:\\\/\\\/www.instagram.com\\\/clarijscovers\\\/\"]}]}<\/script>\n<meta property=\"og:availability\" content=\"instock\" \/>\n<meta property=\"product:availability\" content=\"instock\" \/>\n<meta property=\"product:retailer_item_id\" content=\"4007\" \/>\n<meta property=\"product:condition\" content=\"new\" \/>\n<!-- \/ Yoast SEO Premium plugin. -->","yoast_head_json":{"title":"Sonnenschirmbezug f\u00fcr schwimmenden Sonnenschirm - Clarijs Fietstassen","description":"Die Sonnenschirmabdeckung f\u00fcr Ihren schwimmenden Sonnenschirm bietet den ultimativen Schutz vor Wasser und Sonnenlicht. Sie ist in verschiedenen Farben erh\u00e4ltlich.","robots":{"index":"index","follow":"follow","max-snippet":"max-snippet:-1","max-image-preview":"max-image-preview:large","max-video-preview":"max-video-preview:-1"},"canonical":"https:\/\/clarijs-fietstassen.nl\/de\/produkt\/sonnenschirmbezug-fuer-schwimmenden-sonnenschirm\/","og_locale":"de_DE","og_type":"article","og_title":"Sonnenschirmbezug f\u00fcr schwimmenden Sonnenschirm","og_description":"Die Sonnenschirmabdeckung f\u00fcr Ihren schwimmenden Sonnenschirm bietet den ultimativen Schutz vor Wasser und Sonnenlicht. Sie ist in verschiedenen Farben erh\u00e4ltlich.","og_url":"https:\/\/clarijs-fietstassen.nl\/de\/produkt\/sonnenschirmbezug-fuer-schwimmenden-sonnenschirm\/","og_site_name":"Clarijs Fietstassen","article_publisher":"https:\/\/www.facebook.com\/clarijs1948\/","article_modified_time":"2025-09-08T14:24:05+00:00","og_image":[{"width":1000,"height":1000,"url":"https:\/\/clarijs-fietstassen.nl\/wp-content\/uploads\/2025\/10\/foto-upscale-prasolhoes.png","type":"image\/png"}],"twitter_card":"summary_large_image","twitter_misc":{"Verf\u00fcgbarkeit":"Auf Lager"},"schema":{"@context":"https:\/\/schema.org","@graph":[{"@type":"WebPage","@id":"https:\/\/clarijs-fietstassen.nl\/de\/produkt\/sonnenschirmbezug-fuer-schwimmenden-sonnenschirm\/","url":"https:\/\/clarijs-fietstassen.nl\/de\/produkt\/sonnenschirmbezug-fuer-schwimmenden-sonnenschirm\/","name":"Sonnenschirmbezug f\u00fcr schwimmenden Sonnenschirm - Clarijs Fietstassen","isPartOf":{"@id":"https:\/\/clarijs-fietstassen.nl\/de\/#website"},"primaryImageOfPage":{"@id":"https:\/\/clarijs-fietstassen.nl\/de\/produkt\/sonnenschirmbezug-fuer-schwimmenden-sonnenschirm\/#primaryimage"},"image":{"@id":"https:\/\/clarijs-fietstassen.nl\/de\/produkt\/sonnenschirmbezug-fuer-schwimmenden-sonnenschirm\/#primaryimage"},"thumbnailUrl":"https:\/\/clarijs-fietstassen.nl\/wp-content\/uploads\/2025\/10\/foto-upscale-prasolhoes.png","datePublished":"2023-07-03T13:24:19+00:00","dateModified":"2025-09-08T14:24:05+00:00","description":"Die Sonnenschirmabdeckung f\u00fcr Ihren schwimmenden Sonnenschirm bietet den ultimativen Schutz vor Wasser und Sonnenlicht. Sie ist in verschiedenen Farben erh\u00e4ltlich.","breadcrumb":{"@id":"https:\/\/clarijs-fietstassen.nl\/de\/produkt\/sonnenschirmbezug-fuer-schwimmenden-sonnenschirm\/#breadcrumb"},"inLanguage":"de","potentialAction":[{"@type":"ReadAction","target":["https:\/\/clarijs-fietstassen.nl\/de\/produkt\/sonnenschirmbezug-fuer-schwimmenden-sonnenschirm\/"]}]},{"@type":"ImageObject","inLanguage":"de","@id":"https:\/\/clarijs-fietstassen.nl\/de\/produkt\/sonnenschirmbezug-fuer-schwimmenden-sonnenschirm\/#primaryimage","url":"https:\/\/clarijs-fietstassen.nl\/wp-content\/uploads\/2025\/10\/foto-upscale-prasolhoes.png","contentUrl":"https:\/\/clarijs-fietstassen.nl\/wp-content\/uploads\/2025\/10\/foto-upscale-prasolhoes.png","width":1000,"height":1000,"caption":"parasolhoes - drogmolenhoes"},{"@type":"BreadcrumbList","@id":"https:\/\/clarijs-fietstassen.nl\/de\/produkt\/sonnenschirmbezug-fuer-schwimmenden-sonnenschirm\/#breadcrumb","itemListElement":[{"@type":"ListItem","position":1,"name":"Home","item":"https:\/\/clarijs-fietstassen.nl\/de\/"},{"@type":"ListItem","position":2,"name":"Shop","item":"https:\/\/clarijs-fietstassen.nl\/de\/shop\/"},{"@type":"ListItem","position":3,"name":"Tuin accessoires","item":"https:\/\/clarijs-fietstassen.nl\/tuin-accessoires\/"},{"@type":"ListItem","position":4,"name":"Sonnenschirmbezug f\u00fcr schwimmenden Sonnenschirm"}]},{"@type":"WebSite","@id":"https:\/\/clarijs-fietstassen.nl\/de\/#website","url":"https:\/\/clarijs-fietstassen.nl\/de\/","name":"Clarijs Fietstassen","description":"Kwaliteit &amp; ambacht sinds 1948","publisher":{"@id":"https:\/\/clarijs-fietstassen.nl\/de\/#organization"},"potentialAction":[{"@type":"SearchAction","target":{"@type":"EntryPoint","urlTemplate":"https:\/\/clarijs-fietstassen.nl\/de\/?s={search_term_string}"},"query-input":{"@type":"PropertyValueSpecification","valueRequired":true,"valueName":"search_term_string"}}],"inLanguage":"de"},{"@type":"Organization","@id":"https:\/\/clarijs-fietstassen.nl\/de\/#organization","name":"Clarijs Fietstassen","url":"https:\/\/clarijs-fietstassen.nl\/de\/","logo":{"@type":"ImageObject","inLanguage":"de","@id":"https:\/\/clarijs-fietstassen.nl\/de\/#\/schema\/logo\/image\/","url":"https:\/\/clarijs-fietstassen.nl\/wp-content\/uploads\/2024\/01\/clarijs-logo-met-rand.jpg","contentUrl":"https:\/\/clarijs-fietstassen.nl\/wp-content\/uploads\/2024\/01\/clarijs-logo-met-rand.jpg","width":560,"height":266,"caption":"Clarijs Fietstassen"},"image":{"@id":"https:\/\/clarijs-fietstassen.nl\/de\/#\/schema\/logo\/image\/"},"sameAs":["https:\/\/www.facebook.com\/clarijs1948\/","https:\/\/www.instagram.com\/clarijscovers\/"]}]},"og_availability":"instock","product_availability":"instock","product_retailer_item_id":"4007","product_condition":"new"},"_links":{"self":[{"href":"https:\/\/clarijs-fietstassen.nl\/de\/wp-json\/wp\/v2\/product\/48205","targetHints":{"allow":["GET"]}}],"collection":[{"href":"https:\/\/clarijs-fietstassen.nl\/de\/wp-json\/wp\/v2\/product"}],"about":[{"href":"https:\/\/clarijs-fietstassen.nl\/de\/wp-json\/wp\/v2\/types\/product"}],"replies":[{"embeddable":true,"href":"https:\/\/clarijs-fietstassen.nl\/de\/wp-json\/wp\/v2\/comments?post=48205"}],"wp:featuredmedia":[{"embeddable":true,"href":"https:\/\/clarijs-fietstassen.nl\/de\/wp-json\/wp\/v2\/media\/58695"}],"wp:attachment":[{"href":"https:\/\/clarijs-fietstassen.nl\/de\/wp-json\/wp\/v2\/media?parent=48205"}],"wp:term":[{"taxonomy":"product_brand","embeddable":true,"href":"https:\/\/clarijs-fietstassen.nl\/de\/wp-json\/wp\/v2\/product_brand?post=48205"},{"taxonomy":"product_cat","embeddable":true,"href":"https:\/\/clarijs-fietstassen.nl\/de\/wp-json\/wp\/v2\/product_cat?post=48205"},{"taxonomy":"product_tag","embeddable":true,"href":"https:\/\/clarijs-fietstassen.nl\/de\/wp-json\/wp\/v2\/product_tag?post=48205"}],"curies":[{"name":"wp","href":"https:\/\/api.w.org\/{rel}","templated":true}]}}