{"id":48217,"date":"2023-07-03T14:39:41","date_gmt":"2023-07-03T13:39:41","guid":{"rendered":"https:\/\/clarijs-fietstassen.nl\/satteltasche-mit-fassungsvermoegen-klick-1-3-liter-schwarz-blau\/"},"modified":"2025-08-12T07:54:10","modified_gmt":"2025-08-12T05:54:10","slug":"satteltasche-mit-fassungsvermoegen-klick-1-3-liter-schwarz-blau","status":"publish","type":"product","link":"https:\/\/clarijs-fietstassen.nl\/de\/produkt\/satteltasche-mit-fassungsvermoegen-klick-1-3-liter-schwarz-blau\/","title":{"rendered":"Satteltasche mit Fassungsverm\u00f6gen klick 1.3 Liter schwarz\/blau"},"content":{"rendered":"<p><span style=\"font-weight: 400;\">Entdecken Sie den ultimativen Begleiter f\u00fcr lange Fahrradtouren &#8211; die praktische Satteltasche, in der Sie alle Ihre Wertsachen sicher und griffbereit aufbewahren k\u00f6nnen! Diese Satteltasche ist auf Komfort und Bequemlichkeit ausgelegt, damit Sie sich ganz auf Ihre Fahrt konzentrieren k\u00f6nnen. <\/span><\/p>\n<p><span style=\"font-weight: 400;\">Diese aus strapazierf\u00e4higem Kunststoff gefertigte und mit einer wasserabweisenden Beschichtung versehene Satteltasche bietet optimalen Schutz f\u00fcr Ihre Habseligkeiten, auch bei unerwarteten Wetterbedingungen. Mit einem gro\u00dfz\u00fcgigen Fassungsverm\u00f6gen von 1,3 Litern bietet sie viel Platz f\u00fcr all Ihre wichtigen Dinge. <\/span><\/p>\n<p><b><i>Abmessungen<\/i><\/b><span style=\"font-weight: 400;\">: 16 x 13 x 5,5 cm (L x B x T)<\/span> <b><i>Art des Verschlusses<\/i><\/b><span style=\"font-weight: 400;\">: Rei\u00dfverschluss<\/span> <b><i>Reflektion<\/i><\/b><span style=\"font-weight: 400;\">: nein<\/span> <b><i>Wasserfest<\/i><\/b><span style=\"font-weight: 400;\">: ja, wasserabweisend<\/span><\/p>\n<p><span style=\"font-weight: 400;\">Verbessern Sie Ihre Fahrradtouren mit der praktischen und vielseitigen Satteltasche, die alles hat, was Sie brauchen. Erg\u00e4nzen Sie jetzt Ihre Fahrradausr\u00fcstung mit dieser hochwertigen Satteltasche und fahren Sie selbstbewusst mit all Ihren Wertsachen in Reichweite los! <\/span><\/p>\n<p>&nbsp;<\/p>\n","protected":false},"excerpt":{"rendered":"<p>Entdecken Sie den ultimativen Begleiter f\u00fcr lange Fahrradtouren &#8211; die praktische Satteltasche, in der Sie alle Ihre Wertsachen sicher und griffbereit aufbewahren k\u00f6nnen! Diese Satteltasche ist auf Komfort und Bequemlichkeit ausgelegt, damit Sie sich ganz auf Ihre Fahrt konzentrieren k\u00f6nnen. Diese aus strapazierf\u00e4higem Kunststoff gefertigte und mit einer wasserabweisenden Beschichtung versehene Satteltasche bietet optimalen Schutz [&hellip;]<\/p>\n","protected":false},"featured_media":48220,"comment_status":"closed","ping_status":"closed","template":"","meta":{"_acf_changed":false,"_et_pb_use_builder":"","_et_pb_old_content":"","_et_gb_content_width":""},"product_brand":[],"product_cat":[881,879,723,684],"product_tag":[],"class_list":{"0":"post-48217","1":"product","2":"type-product","3":"status-publish","4":"has-post-thumbnail","6":"product_cat-angebote","7":"product_cat-deals","8":"product_cat-fahrradzubehor","9":"product_cat-zubehor","10":"pa_inhoud-13-liter-de","11":"pa_kleur-grau","12":"pa_kleur-schwarz","14":"first","15":"instock","16":"sale","17":"taxable","18":"shipping-taxable","19":"purchasable","20":"product-type-variable"},"acf":[],"yoast_head":"<!-- This site is optimized with the Yoast SEO Premium plugin v27.2 (Yoast SEO v27.3) - https:\/\/yoast.com\/product\/yoast-seo-premium-wordpress\/ -->\n<title>Satteltasche schwarz 1,3 Liter Fassungsverm\u00f6gen | Clarijs Panniers<\/title>\n<meta name=\"description\" content=\"Diese Satteltasche ist ideal, um sie auf langen Fahrradtouren mitzunehmen. Befestigen Sie sie mit der Klammer und Sie haben Ihre Wertsachen immer zur Hand!\" \/>\n<meta name=\"robots\" content=\"index, follow, max-snippet:-1, max-image-preview:large, max-video-preview:-1\" \/>\n<link rel=\"canonical\" href=\"https:\/\/clarijs-fietstassen.nl\/de\/produkt\/satteltasche-mit-fassungsvermoegen-klick-1-3-liter-schwarz-blau\/\" \/>\n<meta property=\"og:locale\" content=\"de_DE\" \/>\n<meta property=\"og:type\" content=\"article\" \/>\n<meta property=\"og:title\" content=\"Satteltasche mit Fassungsverm\u00f6gen klick 1.3 Liter schwarz\/blau\" \/>\n<meta property=\"og:description\" content=\"Diese Satteltasche ist ideal, um sie auf langen Fahrradtouren mitzunehmen. Befestigen Sie sie mit der Klammer und Sie haben Ihre Wertsachen immer zur Hand!\" \/>\n<meta property=\"og:url\" content=\"https:\/\/clarijs-fietstassen.nl\/de\/produkt\/satteltasche-mit-fassungsvermoegen-klick-1-3-liter-schwarz-blau\/\" \/>\n<meta property=\"og:site_name\" content=\"Clarijs Fietstassen\" \/>\n<meta property=\"article:publisher\" content=\"https:\/\/www.facebook.com\/clarijs1948\/\" \/>\n<meta property=\"article:modified_time\" content=\"2025-08-12T05:54:10+00:00\" \/>\n<meta property=\"og:image\" content=\"https:\/\/clarijs-fietstassen.nl\/wp-content\/uploads\/2023\/07\/Afbeelding-zadeltas-Batavus-zwart-blauw.jpg\" \/>\n\t<meta property=\"og:image:width\" content=\"1200\" \/>\n\t<meta property=\"og:image:height\" content=\"970\" \/>\n\t<meta property=\"og:image:type\" content=\"image\/jpeg\" \/>\n<meta name=\"twitter:card\" content=\"summary_large_image\" \/>\n<meta name=\"twitter:label1\" content=\"Verf\u00fcgbarkeit\" \/>\n\t<meta name=\"twitter:data1\" content=\"Auf Lager\" \/>\n<script type=\"application\/ld+json\" class=\"yoast-schema-graph\">{\"@context\":\"https:\\\/\\\/schema.org\",\"@graph\":[{\"@type\":\"WebPage\",\"@id\":\"https:\\\/\\\/clarijs-fietstassen.nl\\\/de\\\/produkt\\\/satteltasche-mit-fassungsvermoegen-klick-1-3-liter-schwarz-blau\\\/\",\"url\":\"https:\\\/\\\/clarijs-fietstassen.nl\\\/de\\\/produkt\\\/satteltasche-mit-fassungsvermoegen-klick-1-3-liter-schwarz-blau\\\/\",\"name\":\"Satteltasche schwarz 1,3 Liter Fassungsverm\u00f6gen | Clarijs Panniers\",\"isPartOf\":{\"@id\":\"https:\\\/\\\/clarijs-fietstassen.nl\\\/de\\\/#website\"},\"primaryImageOfPage\":{\"@id\":\"https:\\\/\\\/clarijs-fietstassen.nl\\\/de\\\/produkt\\\/satteltasche-mit-fassungsvermoegen-klick-1-3-liter-schwarz-blau\\\/#primaryimage\"},\"image\":{\"@id\":\"https:\\\/\\\/clarijs-fietstassen.nl\\\/de\\\/produkt\\\/satteltasche-mit-fassungsvermoegen-klick-1-3-liter-schwarz-blau\\\/#primaryimage\"},\"thumbnailUrl\":\"https:\\\/\\\/clarijs-fietstassen.nl\\\/wp-content\\\/uploads\\\/2023\\\/07\\\/Afbeelding-zadeltas-Batavus-zwart-blauw.jpg\",\"datePublished\":\"2023-07-03T13:39:41+00:00\",\"dateModified\":\"2025-08-12T05:54:10+00:00\",\"description\":\"Diese Satteltasche ist ideal, um sie auf langen Fahrradtouren mitzunehmen. Befestigen Sie sie mit der Klammer und Sie haben Ihre Wertsachen immer zur Hand!\",\"breadcrumb\":{\"@id\":\"https:\\\/\\\/clarijs-fietstassen.nl\\\/de\\\/produkt\\\/satteltasche-mit-fassungsvermoegen-klick-1-3-liter-schwarz-blau\\\/#breadcrumb\"},\"inLanguage\":\"de\",\"potentialAction\":[{\"@type\":\"ReadAction\",\"target\":[\"https:\\\/\\\/clarijs-fietstassen.nl\\\/de\\\/produkt\\\/satteltasche-mit-fassungsvermoegen-klick-1-3-liter-schwarz-blau\\\/\"]}]},{\"@type\":\"ImageObject\",\"inLanguage\":\"de\",\"@id\":\"https:\\\/\\\/clarijs-fietstassen.nl\\\/de\\\/produkt\\\/satteltasche-mit-fassungsvermoegen-klick-1-3-liter-schwarz-blau\\\/#primaryimage\",\"url\":\"https:\\\/\\\/clarijs-fietstassen.nl\\\/wp-content\\\/uploads\\\/2023\\\/07\\\/Afbeelding-zadeltas-Batavus-zwart-blauw.jpg\",\"contentUrl\":\"https:\\\/\\\/clarijs-fietstassen.nl\\\/wp-content\\\/uploads\\\/2023\\\/07\\\/Afbeelding-zadeltas-Batavus-zwart-blauw.jpg\",\"width\":1200,\"height\":970},{\"@type\":\"BreadcrumbList\",\"@id\":\"https:\\\/\\\/clarijs-fietstassen.nl\\\/de\\\/produkt\\\/satteltasche-mit-fassungsvermoegen-klick-1-3-liter-schwarz-blau\\\/#breadcrumb\",\"itemListElement\":[{\"@type\":\"ListItem\",\"position\":1,\"name\":\"Home\",\"item\":\"https:\\\/\\\/clarijs-fietstassen.nl\\\/de\\\/\"},{\"@type\":\"ListItem\",\"position\":2,\"name\":\"Shop\",\"item\":\"https:\\\/\\\/clarijs-fietstassen.nl\\\/de\\\/shop\\\/\"},{\"@type\":\"ListItem\",\"position\":3,\"name\":\"Angebote\",\"item\":\"https:\\\/\\\/clarijs-fietstassen.nl\\\/de\\\/angebote\\\/\"},{\"@type\":\"ListItem\",\"position\":4,\"name\":\"Satteltasche mit Fassungsverm\u00f6gen klick 1.3 Liter schwarz\\\/blau\"}]},{\"@type\":\"WebSite\",\"@id\":\"https:\\\/\\\/clarijs-fietstassen.nl\\\/de\\\/#website\",\"url\":\"https:\\\/\\\/clarijs-fietstassen.nl\\\/de\\\/\",\"name\":\"Clarijs Fietstassen\",\"description\":\"Kwaliteit &amp; ambacht sinds 1948\",\"publisher\":{\"@id\":\"https:\\\/\\\/clarijs-fietstassen.nl\\\/de\\\/#organization\"},\"potentialAction\":[{\"@type\":\"SearchAction\",\"target\":{\"@type\":\"EntryPoint\",\"urlTemplate\":\"https:\\\/\\\/clarijs-fietstassen.nl\\\/de\\\/?s={search_term_string}\"},\"query-input\":{\"@type\":\"PropertyValueSpecification\",\"valueRequired\":true,\"valueName\":\"search_term_string\"}}],\"inLanguage\":\"de\"},{\"@type\":\"Organization\",\"@id\":\"https:\\\/\\\/clarijs-fietstassen.nl\\\/de\\\/#organization\",\"name\":\"Clarijs Fietstassen\",\"url\":\"https:\\\/\\\/clarijs-fietstassen.nl\\\/de\\\/\",\"logo\":{\"@type\":\"ImageObject\",\"inLanguage\":\"de\",\"@id\":\"https:\\\/\\\/clarijs-fietstassen.nl\\\/de\\\/#\\\/schema\\\/logo\\\/image\\\/\",\"url\":\"https:\\\/\\\/clarijs-fietstassen.nl\\\/wp-content\\\/uploads\\\/2024\\\/01\\\/clarijs-logo-met-rand.jpg\",\"contentUrl\":\"https:\\\/\\\/clarijs-fietstassen.nl\\\/wp-content\\\/uploads\\\/2024\\\/01\\\/clarijs-logo-met-rand.jpg\",\"width\":560,\"height\":266,\"caption\":\"Clarijs Fietstassen\"},\"image\":{\"@id\":\"https:\\\/\\\/clarijs-fietstassen.nl\\\/de\\\/#\\\/schema\\\/logo\\\/image\\\/\"},\"sameAs\":[\"https:\\\/\\\/www.facebook.com\\\/clarijs1948\\\/\",\"https:\\\/\\\/www.instagram.com\\\/clarijscovers\\\/\"]}]}<\/script>\n<meta property=\"og:availability\" content=\"instock\" \/>\n<meta property=\"product:availability\" content=\"instock\" \/>\n<meta property=\"product:retailer_item_id\" content=\"4062\" \/>\n<meta property=\"product:condition\" content=\"new\" \/>\n<!-- \/ Yoast SEO Premium plugin. -->","yoast_head_json":{"title":"Satteltasche schwarz 1,3 Liter Fassungsverm\u00f6gen | Clarijs Panniers","description":"Diese Satteltasche ist ideal, um sie auf langen Fahrradtouren mitzunehmen. Befestigen Sie sie mit der Klammer und Sie haben Ihre Wertsachen immer zur Hand!","robots":{"index":"index","follow":"follow","max-snippet":"max-snippet:-1","max-image-preview":"max-image-preview:large","max-video-preview":"max-video-preview:-1"},"canonical":"https:\/\/clarijs-fietstassen.nl\/de\/produkt\/satteltasche-mit-fassungsvermoegen-klick-1-3-liter-schwarz-blau\/","og_locale":"de_DE","og_type":"article","og_title":"Satteltasche mit Fassungsverm\u00f6gen klick 1.3 Liter schwarz\/blau","og_description":"Diese Satteltasche ist ideal, um sie auf langen Fahrradtouren mitzunehmen. Befestigen Sie sie mit der Klammer und Sie haben Ihre Wertsachen immer zur Hand!","og_url":"https:\/\/clarijs-fietstassen.nl\/de\/produkt\/satteltasche-mit-fassungsvermoegen-klick-1-3-liter-schwarz-blau\/","og_site_name":"Clarijs Fietstassen","article_publisher":"https:\/\/www.facebook.com\/clarijs1948\/","article_modified_time":"2025-08-12T05:54:10+00:00","og_image":[{"width":1200,"height":970,"url":"https:\/\/clarijs-fietstassen.nl\/wp-content\/uploads\/2023\/07\/Afbeelding-zadeltas-Batavus-zwart-blauw.jpg","type":"image\/jpeg"}],"twitter_card":"summary_large_image","twitter_misc":{"Verf\u00fcgbarkeit":"Auf Lager"},"schema":{"@context":"https:\/\/schema.org","@graph":[{"@type":"WebPage","@id":"https:\/\/clarijs-fietstassen.nl\/de\/produkt\/satteltasche-mit-fassungsvermoegen-klick-1-3-liter-schwarz-blau\/","url":"https:\/\/clarijs-fietstassen.nl\/de\/produkt\/satteltasche-mit-fassungsvermoegen-klick-1-3-liter-schwarz-blau\/","name":"Satteltasche schwarz 1,3 Liter Fassungsverm\u00f6gen | Clarijs Panniers","isPartOf":{"@id":"https:\/\/clarijs-fietstassen.nl\/de\/#website"},"primaryImageOfPage":{"@id":"https:\/\/clarijs-fietstassen.nl\/de\/produkt\/satteltasche-mit-fassungsvermoegen-klick-1-3-liter-schwarz-blau\/#primaryimage"},"image":{"@id":"https:\/\/clarijs-fietstassen.nl\/de\/produkt\/satteltasche-mit-fassungsvermoegen-klick-1-3-liter-schwarz-blau\/#primaryimage"},"thumbnailUrl":"https:\/\/clarijs-fietstassen.nl\/wp-content\/uploads\/2023\/07\/Afbeelding-zadeltas-Batavus-zwart-blauw.jpg","datePublished":"2023-07-03T13:39:41+00:00","dateModified":"2025-08-12T05:54:10+00:00","description":"Diese Satteltasche ist ideal, um sie auf langen Fahrradtouren mitzunehmen. Befestigen Sie sie mit der Klammer und Sie haben Ihre Wertsachen immer zur Hand!","breadcrumb":{"@id":"https:\/\/clarijs-fietstassen.nl\/de\/produkt\/satteltasche-mit-fassungsvermoegen-klick-1-3-liter-schwarz-blau\/#breadcrumb"},"inLanguage":"de","potentialAction":[{"@type":"ReadAction","target":["https:\/\/clarijs-fietstassen.nl\/de\/produkt\/satteltasche-mit-fassungsvermoegen-klick-1-3-liter-schwarz-blau\/"]}]},{"@type":"ImageObject","inLanguage":"de","@id":"https:\/\/clarijs-fietstassen.nl\/de\/produkt\/satteltasche-mit-fassungsvermoegen-klick-1-3-liter-schwarz-blau\/#primaryimage","url":"https:\/\/clarijs-fietstassen.nl\/wp-content\/uploads\/2023\/07\/Afbeelding-zadeltas-Batavus-zwart-blauw.jpg","contentUrl":"https:\/\/clarijs-fietstassen.nl\/wp-content\/uploads\/2023\/07\/Afbeelding-zadeltas-Batavus-zwart-blauw.jpg","width":1200,"height":970},{"@type":"BreadcrumbList","@id":"https:\/\/clarijs-fietstassen.nl\/de\/produkt\/satteltasche-mit-fassungsvermoegen-klick-1-3-liter-schwarz-blau\/#breadcrumb","itemListElement":[{"@type":"ListItem","position":1,"name":"Home","item":"https:\/\/clarijs-fietstassen.nl\/de\/"},{"@type":"ListItem","position":2,"name":"Shop","item":"https:\/\/clarijs-fietstassen.nl\/de\/shop\/"},{"@type":"ListItem","position":3,"name":"Angebote","item":"https:\/\/clarijs-fietstassen.nl\/de\/angebote\/"},{"@type":"ListItem","position":4,"name":"Satteltasche mit Fassungsverm\u00f6gen klick 1.3 Liter schwarz\/blau"}]},{"@type":"WebSite","@id":"https:\/\/clarijs-fietstassen.nl\/de\/#website","url":"https:\/\/clarijs-fietstassen.nl\/de\/","name":"Clarijs Fietstassen","description":"Kwaliteit &amp; ambacht sinds 1948","publisher":{"@id":"https:\/\/clarijs-fietstassen.nl\/de\/#organization"},"potentialAction":[{"@type":"SearchAction","target":{"@type":"EntryPoint","urlTemplate":"https:\/\/clarijs-fietstassen.nl\/de\/?s={search_term_string}"},"query-input":{"@type":"PropertyValueSpecification","valueRequired":true,"valueName":"search_term_string"}}],"inLanguage":"de"},{"@type":"Organization","@id":"https:\/\/clarijs-fietstassen.nl\/de\/#organization","name":"Clarijs Fietstassen","url":"https:\/\/clarijs-fietstassen.nl\/de\/","logo":{"@type":"ImageObject","inLanguage":"de","@id":"https:\/\/clarijs-fietstassen.nl\/de\/#\/schema\/logo\/image\/","url":"https:\/\/clarijs-fietstassen.nl\/wp-content\/uploads\/2024\/01\/clarijs-logo-met-rand.jpg","contentUrl":"https:\/\/clarijs-fietstassen.nl\/wp-content\/uploads\/2024\/01\/clarijs-logo-met-rand.jpg","width":560,"height":266,"caption":"Clarijs Fietstassen"},"image":{"@id":"https:\/\/clarijs-fietstassen.nl\/de\/#\/schema\/logo\/image\/"},"sameAs":["https:\/\/www.facebook.com\/clarijs1948\/","https:\/\/www.instagram.com\/clarijscovers\/"]}]},"og_availability":"instock","product_availability":"instock","product_retailer_item_id":"4062","product_condition":"new"},"_links":{"self":[{"href":"https:\/\/clarijs-fietstassen.nl\/de\/wp-json\/wp\/v2\/product\/48217","targetHints":{"allow":["GET"]}}],"collection":[{"href":"https:\/\/clarijs-fietstassen.nl\/de\/wp-json\/wp\/v2\/product"}],"about":[{"href":"https:\/\/clarijs-fietstassen.nl\/de\/wp-json\/wp\/v2\/types\/product"}],"replies":[{"embeddable":true,"href":"https:\/\/clarijs-fietstassen.nl\/de\/wp-json\/wp\/v2\/comments?post=48217"}],"wp:featuredmedia":[{"embeddable":true,"href":"https:\/\/clarijs-fietstassen.nl\/de\/wp-json\/wp\/v2\/media\/48220"}],"wp:attachment":[{"href":"https:\/\/clarijs-fietstassen.nl\/de\/wp-json\/wp\/v2\/media?parent=48217"}],"wp:term":[{"taxonomy":"product_brand","embeddable":true,"href":"https:\/\/clarijs-fietstassen.nl\/de\/wp-json\/wp\/v2\/product_brand?post=48217"},{"taxonomy":"product_cat","embeddable":true,"href":"https:\/\/clarijs-fietstassen.nl\/de\/wp-json\/wp\/v2\/product_cat?post=48217"},{"taxonomy":"product_tag","embeddable":true,"href":"https:\/\/clarijs-fietstassen.nl\/de\/wp-json\/wp\/v2\/product_tag?post=48217"}],"curies":[{"name":"wp","href":"https:\/\/api.w.org\/{rel}","templated":true}]}}